{"id":130890,"date":"2022-04-09T10:57:22","date_gmt":"2022-04-09T08:57:24","guid":{"rendered":"https:\/\/www.ivinio.com\/?post_type=product&#038;p=130890"},"modified":"2023-05-26T19:17:07","modified_gmt":"2023-05-26T17:17:07","slug":"domaines-bunan-belouve-cotes-de-provence-rouge","status":"publish","type":"product","link":"https:\/\/www.ivinio.com\/fr\/produit\/domaines-bunan-belouve-cotes-de-provence-rouge\/","title":{"rendered":"Domaines Bunan &#8211; B\u00e9louv\u00e9 &#8211; C\u00f4tes de Provence &#8211; Rouge"},"content":{"rendered":"<p>Domaines Bunan &#8211; B\u00e9louv\u00e9 &#8211; C\u00f4tes de Provence &#8211; Le vin rouge est un <a href=\"https:\/\/www.ivinio.com\/sv\/sv-provence\/\">C\u00f4tes de Provence<\/a> &#8220;classique&#8221;. Le vin est cultiv\u00e9 sur une parcelle situ\u00e9e entre la Cadi\u00e8re d&#8217;Azur et Le Castellet, dans le Var, en Provence. La vinification se fait selon le m\u00eame proc\u00e9d\u00e9 que les vins exclusifs de Bandol de Bunan. Le B\u00e9louv\u00e9 en rouge est compos\u00e9 de 22% Grenache, 25% Mourv\u00e8dre, 27% Syrah et 26% Cabernet. Au 18\u00e8me si\u00e8cle, la propri\u00e9t\u00e9 appartenait \u00e0 des moines qui vinifiaient &#8220;B\u00e9louv\u00e9&#8221; qui en proven\u00e7al signifie &#8220;beau raisin&#8221;. Le vignoble est entour\u00e9 d&#8217;oliviers et de cypr\u00e8s florentins et l&#8217;endroit respire la paix et la tranquillit\u00e9. Le vignoble a \u00e9t\u00e9 reconstruit par la famille Bunan en 1978.<\/p>\n","protected":false},"excerpt":{"rendered":"<p>Domaines Bunan &#8211; B\u00e9louv\u00e9 &#8211; C\u00f4tes de Provence &#8211; Le vin rouge est un &#8220;classique&#8221; des C\u00f4tes de Provence. Fruit\u00e9 et cors\u00e9 avec des tanins soyeux.<\/p>\n","protected":false},"featured_media":130893,"comment_status":"open","ping_status":"closed","template":"","meta":{"_monsterinsights_skip_tracking":false,"_monsterinsights_sitenote_active":false,"_monsterinsights_sitenote_note":"","_monsterinsights_sitenote_category":0,"_uf_show_specific_survey":0,"_uf_disable_surveys":false},"product_brand":[],"product_cat":[36622,36586],"product_tag":[],"class_list":{"0":"post-130890","1":"product","2":"type-product","3":"status-publish","4":"has-post-thumbnail","6":"product_cat-fr-provence","7":"product_cat-vins-francais","8":"pa_alcohol-degree-15-fr","9":"pa_classification-aop-cotes-de-provence-fr","10":"pa_color-rouge-fr","11":"pa_country-france-fr","12":"pa_grape-variety-cabernet-sauvignon-fr","13":"pa_grape-variety-grenache-fr","14":"pa_region-provence-fr","15":"pa_storage-potential-7-ans","16":"pa_vintage-2020-fr","17":"pa_volume-75-cl-fr","19":"first","20":"instock","21":"taxable","22":"shipping-taxable","23":"purchasable","24":"product-type-simple"},"bundled_by":[],"bundle_stock_status":"instock","bundle_stock_quantity":null,"bundle_virtual":false,"bundle_layout":"","bundle_add_to_cart_form_location":"","bundle_editable_in_cart":false,"bundle_sold_individually_context":"","bundle_item_grouping":"","bundle_min_size":"","bundle_max_size":"","bundle_price":[],"bundled_items":[],"bundle_sell_ids":[],"yoast_head":"<!-- This site is optimized with the Yoast SEO plugin v27.4 - https:\/\/yoast.com\/product\/yoast-seo-wordpress\/ -->\n<title>Domaines Bunan - B\u00e9louv\u00e9 - C\u00f4tes de Provence - Rouge - IVINIO Caviste<\/title>\n<meta name=\"description\" content=\"Domaines Bunan - B\u00e9louv\u00e9 - C\u00f4tes de Provence - Rouge. \u00c9l\u00e9gant et fruit\u00e9 avec un palais cors\u00e9 de frits noirs et de r\u00e9glisse.\" \/>\n<meta name=\"robots\" content=\"index, follow, max-snippet:-1, max-image-preview:large, max-video-preview:-1\" \/>\n<link rel=\"canonical\" href=\"https:\/\/www.ivinio.com\/fr\/produit\/domaines-bunan-belouve-cotes-de-provence-rouge\/\" \/>\n<meta property=\"og:locale\" content=\"fr_FR\" \/>\n<meta property=\"og:type\" content=\"article\" \/>\n<meta property=\"og:title\" content=\"Domaines Bunan - B\u00e9louv\u00e9 - C\u00f4tes de Provence - Rouge - IVINIO Caviste\" \/>\n<meta property=\"og:description\" content=\"Domaines Bunan - B\u00e9louv\u00e9 - C\u00f4tes de Provence - Rouge. \u00c9l\u00e9gant et fruit\u00e9 avec un palais cors\u00e9 de frits noirs et de r\u00e9glisse.\" \/>\n<meta property=\"og:url\" content=\"https:\/\/www.ivinio.com\/fr\/produit\/domaines-bunan-belouve-cotes-de-provence-rouge\/\" \/>\n<meta property=\"og:site_name\" content=\"IVINIO Caviste\" \/>\n<meta property=\"article:publisher\" content=\"https:\/\/www.facebook.com\/groups\/165217837022391\/?ref=bookmarks\" \/>\n<meta property=\"article:modified_time\" content=\"2023-05-26T17:17:07+00:00\" \/>\n<meta property=\"og:image\" content=\"https:\/\/www.ivinio.com\/wp-content\/uploads\/2022\/04\/Domaines-Bunan-belouve-cotes-de-provence-rouge-IVINIO.jpg\" \/>\n\t<meta property=\"og:image:width\" content=\"500\" \/>\n\t<meta property=\"og:image:height\" content=\"500\" \/>\n\t<meta property=\"og:image:type\" content=\"image\/jpeg\" \/>\n<meta name=\"twitter:card\" content=\"summary_large_image\" \/>\n<meta name=\"twitter:label1\" content=\"Dur\u00e9e de lecture estim\u00e9e\" \/>\n\t<meta name=\"twitter:data1\" content=\"1 minute\" \/>\n<script type=\"application\/ld+json\" class=\"yoast-schema-graph\">{\"@context\":\"https:\\\/\\\/schema.org\",\"@graph\":[{\"@type\":\"WebPage\",\"@id\":\"https:\\\/\\\/www.ivinio.com\\\/fr\\\/produit\\\/domaines-bunan-belouve-cotes-de-provence-rouge\\\/\",\"url\":\"https:\\\/\\\/www.ivinio.com\\\/fr\\\/produit\\\/domaines-bunan-belouve-cotes-de-provence-rouge\\\/\",\"name\":\"Domaines Bunan - B\u00e9louv\u00e9 - C\u00f4tes de Provence - Rouge - IVINIO Caviste\",\"isPartOf\":{\"@id\":\"https:\\\/\\\/www.ivinio.com\\\/fr\\\/#website\"},\"primaryImageOfPage\":{\"@id\":\"https:\\\/\\\/www.ivinio.com\\\/fr\\\/produit\\\/domaines-bunan-belouve-cotes-de-provence-rouge\\\/#primaryimage\"},\"image\":{\"@id\":\"https:\\\/\\\/www.ivinio.com\\\/fr\\\/produit\\\/domaines-bunan-belouve-cotes-de-provence-rouge\\\/#primaryimage\"},\"thumbnailUrl\":\"https:\\\/\\\/www.ivinio.com\\\/wp-content\\\/uploads\\\/2022\\\/04\\\/Domaines-Bunan-belouve-cotes-de-provence-rouge-IVINIO.jpg\",\"datePublished\":\"2022-04-09T08:57:24+00:00\",\"dateModified\":\"2023-05-26T17:17:07+00:00\",\"description\":\"Domaines Bunan - B\u00e9louv\u00e9 - C\u00f4tes de Provence - Rouge. \u00c9l\u00e9gant et fruit\u00e9 avec un palais cors\u00e9 de frits noirs et de r\u00e9glisse.\",\"breadcrumb\":{\"@id\":\"https:\\\/\\\/www.ivinio.com\\\/fr\\\/produit\\\/domaines-bunan-belouve-cotes-de-provence-rouge\\\/#breadcrumb\"},\"inLanguage\":\"fr-FR\",\"potentialAction\":[{\"@type\":\"ReadAction\",\"target\":[\"https:\\\/\\\/www.ivinio.com\\\/fr\\\/produit\\\/domaines-bunan-belouve-cotes-de-provence-rouge\\\/\"]}]},{\"@type\":\"ImageObject\",\"inLanguage\":\"fr-FR\",\"@id\":\"https:\\\/\\\/www.ivinio.com\\\/fr\\\/produit\\\/domaines-bunan-belouve-cotes-de-provence-rouge\\\/#primaryimage\",\"url\":\"https:\\\/\\\/www.ivinio.com\\\/wp-content\\\/uploads\\\/2022\\\/04\\\/Domaines-Bunan-belouve-cotes-de-provence-rouge-IVINIO.jpg\",\"contentUrl\":\"https:\\\/\\\/www.ivinio.com\\\/wp-content\\\/uploads\\\/2022\\\/04\\\/Domaines-Bunan-belouve-cotes-de-provence-rouge-IVINIO.jpg\",\"width\":500,\"height\":500,\"caption\":\"Domaines Bunan - B\u00e9louv\u00e9 - C\u00f4tes de Provence\"},{\"@type\":\"BreadcrumbList\",\"@id\":\"https:\\\/\\\/www.ivinio.com\\\/fr\\\/produit\\\/domaines-bunan-belouve-cotes-de-provence-rouge\\\/#breadcrumb\",\"itemListElement\":[{\"@type\":\"ListItem\",\"position\":1,\"name\":\"Home\",\"item\":\"https:\\\/\\\/www.ivinio.com\\\/fr\\\/\"},{\"@type\":\"ListItem\",\"position\":2,\"name\":\"Boutique de vin\",\"item\":\"https:\\\/\\\/www.ivinio.com\\\/fr\\\/boutique-de-vin\\\/\"},{\"@type\":\"ListItem\",\"position\":3,\"name\":\"Domaines Bunan &#8211; B\u00e9louv\u00e9 &#8211; C\u00f4tes de Provence &#8211; Rouge\"}]},{\"@type\":\"WebSite\",\"@id\":\"https:\\\/\\\/www.ivinio.com\\\/fr\\\/#website\",\"url\":\"https:\\\/\\\/www.ivinio.com\\\/fr\\\/\",\"name\":\"IVINIO Caviste\",\"description\":\"Vins de France et d&#039;Italie avec livraison \u00e0 domicile\",\"publisher\":{\"@id\":\"https:\\\/\\\/www.ivinio.com\\\/fr\\\/#organization\"},\"potentialAction\":[{\"@type\":\"SearchAction\",\"target\":{\"@type\":\"EntryPoint\",\"urlTemplate\":\"https:\\\/\\\/www.ivinio.com\\\/fr\\\/?s={search_term_string}\"},\"query-input\":{\"@type\":\"PropertyValueSpecification\",\"valueRequired\":true,\"valueName\":\"search_term_string\"}}],\"inLanguage\":\"fr-FR\"},{\"@type\":\"Organization\",\"@id\":\"https:\\\/\\\/www.ivinio.com\\\/fr\\\/#organization\",\"name\":\"IVINIO\",\"url\":\"https:\\\/\\\/www.ivinio.com\\\/fr\\\/\",\"logo\":{\"@type\":\"ImageObject\",\"inLanguage\":\"fr-FR\",\"@id\":\"https:\\\/\\\/www.ivinio.com\\\/fr\\\/#\\\/schema\\\/logo\\\/image\\\/\",\"url\":\"https:\\\/\\\/www.ivinio.com\\\/wp-content\\\/uploads\\\/2021\\\/01\\\/Logo-Ivinio-v2.jpg\",\"contentUrl\":\"https:\\\/\\\/www.ivinio.com\\\/wp-content\\\/uploads\\\/2021\\\/01\\\/Logo-Ivinio-v2.jpg\",\"width\":1194,\"height\":1194,\"caption\":\"IVINIO\"},\"image\":{\"@id\":\"https:\\\/\\\/www.ivinio.com\\\/fr\\\/#\\\/schema\\\/logo\\\/image\\\/\"},\"sameAs\":[\"https:\\\/\\\/www.facebook.com\\\/groups\\\/165217837022391\\\/?ref=bookmarks\",\"https:\\\/\\\/www.instagram.com\\\/_ivinio_\\\/?hl=fr\"]}]}<\/script>\n<!-- \/ Yoast SEO plugin. -->","yoast_head_json":{"title":"Domaines Bunan - B\u00e9louv\u00e9 - C\u00f4tes de Provence - Rouge - IVINIO Caviste","description":"Domaines Bunan - B\u00e9louv\u00e9 - C\u00f4tes de Provence - Rouge. \u00c9l\u00e9gant et fruit\u00e9 avec un palais cors\u00e9 de frits noirs et de r\u00e9glisse.","robots":{"index":"index","follow":"follow","max-snippet":"max-snippet:-1","max-image-preview":"max-image-preview:large","max-video-preview":"max-video-preview:-1"},"canonical":"https:\/\/www.ivinio.com\/fr\/produit\/domaines-bunan-belouve-cotes-de-provence-rouge\/","og_locale":"fr_FR","og_type":"article","og_title":"Domaines Bunan - B\u00e9louv\u00e9 - C\u00f4tes de Provence - Rouge - IVINIO Caviste","og_description":"Domaines Bunan - B\u00e9louv\u00e9 - C\u00f4tes de Provence - Rouge. \u00c9l\u00e9gant et fruit\u00e9 avec un palais cors\u00e9 de frits noirs et de r\u00e9glisse.","og_url":"https:\/\/www.ivinio.com\/fr\/produit\/domaines-bunan-belouve-cotes-de-provence-rouge\/","og_site_name":"IVINIO Caviste","article_publisher":"https:\/\/www.facebook.com\/groups\/165217837022391\/?ref=bookmarks","article_modified_time":"2023-05-26T17:17:07+00:00","og_image":[{"width":500,"height":500,"url":"https:\/\/www.ivinio.com\/wp-content\/uploads\/2022\/04\/Domaines-Bunan-belouve-cotes-de-provence-rouge-IVINIO.jpg","type":"image\/jpeg"}],"twitter_card":"summary_large_image","twitter_misc":{"Dur\u00e9e de lecture estim\u00e9e":"1 minute"},"schema":{"@context":"https:\/\/schema.org","@graph":[{"@type":"WebPage","@id":"https:\/\/www.ivinio.com\/fr\/produit\/domaines-bunan-belouve-cotes-de-provence-rouge\/","url":"https:\/\/www.ivinio.com\/fr\/produit\/domaines-bunan-belouve-cotes-de-provence-rouge\/","name":"Domaines Bunan - B\u00e9louv\u00e9 - C\u00f4tes de Provence - Rouge - IVINIO Caviste","isPartOf":{"@id":"https:\/\/www.ivinio.com\/fr\/#website"},"primaryImageOfPage":{"@id":"https:\/\/www.ivinio.com\/fr\/produit\/domaines-bunan-belouve-cotes-de-provence-rouge\/#primaryimage"},"image":{"@id":"https:\/\/www.ivinio.com\/fr\/produit\/domaines-bunan-belouve-cotes-de-provence-rouge\/#primaryimage"},"thumbnailUrl":"https:\/\/www.ivinio.com\/wp-content\/uploads\/2022\/04\/Domaines-Bunan-belouve-cotes-de-provence-rouge-IVINIO.jpg","datePublished":"2022-04-09T08:57:24+00:00","dateModified":"2023-05-26T17:17:07+00:00","description":"Domaines Bunan - B\u00e9louv\u00e9 - C\u00f4tes de Provence - Rouge. \u00c9l\u00e9gant et fruit\u00e9 avec un palais cors\u00e9 de frits noirs et de r\u00e9glisse.","breadcrumb":{"@id":"https:\/\/www.ivinio.com\/fr\/produit\/domaines-bunan-belouve-cotes-de-provence-rouge\/#breadcrumb"},"inLanguage":"fr-FR","potentialAction":[{"@type":"ReadAction","target":["https:\/\/www.ivinio.com\/fr\/produit\/domaines-bunan-belouve-cotes-de-provence-rouge\/"]}]},{"@type":"ImageObject","inLanguage":"fr-FR","@id":"https:\/\/www.ivinio.com\/fr\/produit\/domaines-bunan-belouve-cotes-de-provence-rouge\/#primaryimage","url":"https:\/\/www.ivinio.com\/wp-content\/uploads\/2022\/04\/Domaines-Bunan-belouve-cotes-de-provence-rouge-IVINIO.jpg","contentUrl":"https:\/\/www.ivinio.com\/wp-content\/uploads\/2022\/04\/Domaines-Bunan-belouve-cotes-de-provence-rouge-IVINIO.jpg","width":500,"height":500,"caption":"Domaines Bunan - B\u00e9louv\u00e9 - C\u00f4tes de Provence"},{"@type":"BreadcrumbList","@id":"https:\/\/www.ivinio.com\/fr\/produit\/domaines-bunan-belouve-cotes-de-provence-rouge\/#breadcrumb","itemListElement":[{"@type":"ListItem","position":1,"name":"Home","item":"https:\/\/www.ivinio.com\/fr\/"},{"@type":"ListItem","position":2,"name":"Boutique de vin","item":"https:\/\/www.ivinio.com\/fr\/boutique-de-vin\/"},{"@type":"ListItem","position":3,"name":"Domaines Bunan &#8211; B\u00e9louv\u00e9 &#8211; C\u00f4tes de Provence &#8211; Rouge"}]},{"@type":"WebSite","@id":"https:\/\/www.ivinio.com\/fr\/#website","url":"https:\/\/www.ivinio.com\/fr\/","name":"IVINIO Caviste","description":"Vins de France et d&#039;Italie avec livraison \u00e0 domicile","publisher":{"@id":"https:\/\/www.ivinio.com\/fr\/#organization"},"potentialAction":[{"@type":"SearchAction","target":{"@type":"EntryPoint","urlTemplate":"https:\/\/www.ivinio.com\/fr\/?s={search_term_string}"},"query-input":{"@type":"PropertyValueSpecification","valueRequired":true,"valueName":"search_term_string"}}],"inLanguage":"fr-FR"},{"@type":"Organization","@id":"https:\/\/www.ivinio.com\/fr\/#organization","name":"IVINIO","url":"https:\/\/www.ivinio.com\/fr\/","logo":{"@type":"ImageObject","inLanguage":"fr-FR","@id":"https:\/\/www.ivinio.com\/fr\/#\/schema\/logo\/image\/","url":"https:\/\/www.ivinio.com\/wp-content\/uploads\/2021\/01\/Logo-Ivinio-v2.jpg","contentUrl":"https:\/\/www.ivinio.com\/wp-content\/uploads\/2021\/01\/Logo-Ivinio-v2.jpg","width":1194,"height":1194,"caption":"IVINIO"},"image":{"@id":"https:\/\/www.ivinio.com\/fr\/#\/schema\/logo\/image\/"},"sameAs":["https:\/\/www.facebook.com\/groups\/165217837022391\/?ref=bookmarks","https:\/\/www.instagram.com\/_ivinio_\/?hl=fr"]}]}},"jetpack_sharing_enabled":true,"_links":{"self":[{"href":"https:\/\/www.ivinio.com\/fr\/wp-json\/wp\/v2\/product\/130890","targetHints":{"allow":["GET"]}}],"collection":[{"href":"https:\/\/www.ivinio.com\/fr\/wp-json\/wp\/v2\/product"}],"about":[{"href":"https:\/\/www.ivinio.com\/fr\/wp-json\/wp\/v2\/types\/product"}],"replies":[{"embeddable":true,"href":"https:\/\/www.ivinio.com\/fr\/wp-json\/wp\/v2\/comments?post=130890"}],"wp:featuredmedia":[{"embeddable":true,"href":"https:\/\/www.ivinio.com\/fr\/wp-json\/wp\/v2\/media\/130893"}],"wp:attachment":[{"href":"https:\/\/www.ivinio.com\/fr\/wp-json\/wp\/v2\/media?parent=130890"}],"wp:term":[{"taxonomy":"product_brand","embeddable":true,"href":"https:\/\/www.ivinio.com\/fr\/wp-json\/wp\/v2\/product_brand?post=130890"},{"taxonomy":"product_cat","embeddable":true,"href":"https:\/\/www.ivinio.com\/fr\/wp-json\/wp\/v2\/product_cat?post=130890"},{"taxonomy":"product_tag","embeddable":true,"href":"https:\/\/www.ivinio.com\/fr\/wp-json\/wp\/v2\/product_tag?post=130890"}],"curies":[{"name":"wp","href":"https:\/\/api.w.org\/{rel}","templated":true}]}}