{"id":130859,"date":"2021-11-09T11:33:53","date_gmt":"2021-11-09T10:33:53","guid":{"rendered":"https:\/\/www.ivinio.com\/product\/chateau-bellini-rose\/"},"modified":"2026-04-14T17:11:00","modified_gmt":"2026-04-14T15:11:00","slug":"chateau-bellini-rose","status":"publish","type":"product","link":"https:\/\/www.ivinio.com\/fr\/produit\/chateau-bellini-rose\/","title":{"rendered":"Ch\u00e2teau Bellini &#8211; ros\u00e9"},"content":{"rendered":"<p><a href=\"http:\/\/chateaubellini.com\/\">Ch\u00e2teau Bellini<\/a>&#8211; ros\u00e9 est un vin ros\u00e9 fruit\u00e9 et gastronomique de <a href=\"https:\/\/www.ivinio.com\/fr\/categorie-produit\/vins-francais\/fr-provence\/\">Provence <\/a>compos\u00e9 de Grenache, Syrah, Cinsault, Cabernet Sauvignon et Clairette. Le vignoble est bio. Les raisins sont cueillis \u00e0 la main et tri\u00e9s deux fois, aux vendanges et au chai, apr\u00e8s avoir \u00e9t\u00e9 cueillis dans des paniers de 15 kg. Pressurage l\u00e9ger. Fermentation \u00e0 basse temp\u00e9rature pour pr\u00e9server les ar\u00f4mes. Filtrage l\u00e9ger.<\/p>\n","protected":false},"excerpt":{"rendered":"<p>Ch\u00e2teau Bellini est un vin ros\u00e9 fruit\u00e9, gastronomique et aromatique aux notes de p\u00eache, de ch\u00e8vrefeuille et d&#8217;aub\u00e9pine. A servir avec une lasagne aux aubergines ou des desserts fruit\u00e9s.<\/p>\n","protected":false},"featured_media":128965,"comment_status":"open","ping_status":"closed","template":"","meta":{"_monsterinsights_skip_tracking":false,"_monsterinsights_sitenote_active":false,"_monsterinsights_sitenote_note":"","_monsterinsights_sitenote_category":0,"_uf_show_specific_survey":0,"_uf_disable_surveys":false},"product_brand":[],"product_cat":[36622,36586],"product_tag":[],"class_list":{"0":"post-130859","1":"product","2":"type-product","3":"status-publish","4":"has-post-thumbnail","6":"product_cat-fr-provence","7":"product_cat-vins-francais","8":"pa_alcohol-degree-14-fr","9":"pa_classification-aop-coteaux-varois-en-provence-fr","10":"pa_color-rose-fr","11":"pa_country-france-fr","12":"pa_grape-variety-cabernet-sauvignon-fr","13":"pa_grape-variety-cinsault-fr","14":"pa_grape-variety-clairette-fr","15":"pa_grape-variety-grenache-fr","16":"pa_grape-variety-syrah-fr","17":"pa_region-provence-fr","18":"pa_volume-75-cl-fr","20":"first","21":"instock","22":"taxable","23":"shipping-taxable","24":"purchasable","25":"product-type-simple"},"bundled_by":["128977"],"bundle_stock_status":"instock","bundle_stock_quantity":null,"bundle_virtual":false,"bundle_layout":"","bundle_add_to_cart_form_location":"","bundle_editable_in_cart":false,"bundle_sold_individually_context":"","bundle_item_grouping":"","bundle_min_size":"","bundle_max_size":"","bundle_price":[],"bundled_items":[],"bundle_sell_ids":[],"yoast_head":"<!-- This site is optimized with the Yoast SEO plugin v27.4 - https:\/\/yoast.com\/product\/yoast-seo-wordpress\/ -->\n<title>Acheter Ch\u00e2teau Bellini - vin ros\u00e9 - IVINIO Caviste<\/title>\n<meta name=\"description\" content=\"Acheter Ch\u00e2teau Bellini - vin ros\u00e9. Un vin ros\u00e9 fruit\u00e9, gastronomique et aromatique aux notes de p\u00eache, de ch\u00e8vrefeuille et d&#039;aub\u00e9pine. Livraison \u00e0 la porte.\" \/>\n<meta name=\"robots\" content=\"index, follow, max-snippet:-1, max-image-preview:large, max-video-preview:-1\" \/>\n<link rel=\"canonical\" href=\"https:\/\/www.ivinio.com\/fr\/produit\/chateau-bellini-rose\/\" \/>\n<meta property=\"og:locale\" content=\"fr_FR\" \/>\n<meta property=\"og:type\" content=\"article\" \/>\n<meta property=\"og:title\" content=\"Acheter Ch\u00e2teau Bellini - vin ros\u00e9 - IVINIO Caviste\" \/>\n<meta property=\"og:description\" content=\"Acheter Ch\u00e2teau Bellini - vin ros\u00e9. Un vin ros\u00e9 fruit\u00e9, gastronomique et aromatique aux notes de p\u00eache, de ch\u00e8vrefeuille et d&#039;aub\u00e9pine. Livraison \u00e0 la porte.\" \/>\n<meta property=\"og:url\" content=\"https:\/\/www.ivinio.com\/fr\/produit\/chateau-bellini-rose\/\" \/>\n<meta property=\"og:site_name\" content=\"IVINIO Caviste\" \/>\n<meta property=\"article:publisher\" content=\"https:\/\/www.facebook.com\/groups\/165217837022391\/?ref=bookmarks\" \/>\n<meta property=\"article:modified_time\" content=\"2026-04-14T15:11:00+00:00\" \/>\n<meta property=\"og:image\" content=\"https:\/\/www.ivinio.com\/wp-content\/uploads\/2021\/11\/Chateau-Bellini-rose-IVINIO.jpg\" \/>\n\t<meta property=\"og:image:width\" content=\"500\" \/>\n\t<meta property=\"og:image:height\" content=\"500\" \/>\n\t<meta property=\"og:image:type\" content=\"image\/jpeg\" \/>\n<meta name=\"twitter:card\" content=\"summary_large_image\" \/>\n<meta name=\"twitter:label1\" content=\"Dur\u00e9e de lecture estim\u00e9e\" \/>\n\t<meta name=\"twitter:data1\" content=\"1 minute\" \/>\n<script type=\"application\/ld+json\" class=\"yoast-schema-graph\">{\"@context\":\"https:\\\/\\\/schema.org\",\"@graph\":[{\"@type\":\"WebPage\",\"@id\":\"https:\\\/\\\/www.ivinio.com\\\/fr\\\/produit\\\/chateau-bellini-rose\\\/\",\"url\":\"https:\\\/\\\/www.ivinio.com\\\/fr\\\/produit\\\/chateau-bellini-rose\\\/\",\"name\":\"Acheter Ch\u00e2teau Bellini - vin ros\u00e9 - IVINIO Caviste\",\"isPartOf\":{\"@id\":\"https:\\\/\\\/www.ivinio.com\\\/fr\\\/#website\"},\"primaryImageOfPage\":{\"@id\":\"https:\\\/\\\/www.ivinio.com\\\/fr\\\/produit\\\/chateau-bellini-rose\\\/#primaryimage\"},\"image\":{\"@id\":\"https:\\\/\\\/www.ivinio.com\\\/fr\\\/produit\\\/chateau-bellini-rose\\\/#primaryimage\"},\"thumbnailUrl\":\"https:\\\/\\\/www.ivinio.com\\\/wp-content\\\/uploads\\\/2021\\\/11\\\/Chateau-Bellini-rose-IVINIO.jpg\",\"datePublished\":\"2021-11-09T10:33:53+00:00\",\"dateModified\":\"2026-04-14T15:11:00+00:00\",\"description\":\"Acheter Ch\u00e2teau Bellini - vin ros\u00e9. Un vin ros\u00e9 fruit\u00e9, gastronomique et aromatique aux notes de p\u00eache, de ch\u00e8vrefeuille et d'aub\u00e9pine. Livraison \u00e0 la porte.\",\"breadcrumb\":{\"@id\":\"https:\\\/\\\/www.ivinio.com\\\/fr\\\/produit\\\/chateau-bellini-rose\\\/#breadcrumb\"},\"inLanguage\":\"fr-FR\",\"potentialAction\":[{\"@type\":\"ReadAction\",\"target\":[\"https:\\\/\\\/www.ivinio.com\\\/fr\\\/produit\\\/chateau-bellini-rose\\\/\"]}]},{\"@type\":\"ImageObject\",\"inLanguage\":\"fr-FR\",\"@id\":\"https:\\\/\\\/www.ivinio.com\\\/fr\\\/produit\\\/chateau-bellini-rose\\\/#primaryimage\",\"url\":\"https:\\\/\\\/www.ivinio.com\\\/wp-content\\\/uploads\\\/2021\\\/11\\\/Chateau-Bellini-rose-IVINIO.jpg\",\"contentUrl\":\"https:\\\/\\\/www.ivinio.com\\\/wp-content\\\/uploads\\\/2021\\\/11\\\/Chateau-Bellini-rose-IVINIO.jpg\",\"width\":500,\"height\":500,\"caption\":\"Ch\u00e2teau Bellini - ros\u00e9\"},{\"@type\":\"BreadcrumbList\",\"@id\":\"https:\\\/\\\/www.ivinio.com\\\/fr\\\/produit\\\/chateau-bellini-rose\\\/#breadcrumb\",\"itemListElement\":[{\"@type\":\"ListItem\",\"position\":1,\"name\":\"Home\",\"item\":\"https:\\\/\\\/www.ivinio.com\\\/fr\\\/\"},{\"@type\":\"ListItem\",\"position\":2,\"name\":\"Boutique de vin\",\"item\":\"https:\\\/\\\/www.ivinio.com\\\/fr\\\/boutique-de-vin\\\/\"},{\"@type\":\"ListItem\",\"position\":3,\"name\":\"Ch\u00e2teau Bellini &#8211; ros\u00e9\"}]},{\"@type\":\"WebSite\",\"@id\":\"https:\\\/\\\/www.ivinio.com\\\/fr\\\/#website\",\"url\":\"https:\\\/\\\/www.ivinio.com\\\/fr\\\/\",\"name\":\"IVINIO Caviste\",\"description\":\"Vins de France et d&#039;Italie avec livraison \u00e0 domicile\",\"publisher\":{\"@id\":\"https:\\\/\\\/www.ivinio.com\\\/fr\\\/#organization\"},\"potentialAction\":[{\"@type\":\"SearchAction\",\"target\":{\"@type\":\"EntryPoint\",\"urlTemplate\":\"https:\\\/\\\/www.ivinio.com\\\/fr\\\/?s={search_term_string}\"},\"query-input\":{\"@type\":\"PropertyValueSpecification\",\"valueRequired\":true,\"valueName\":\"search_term_string\"}}],\"inLanguage\":\"fr-FR\"},{\"@type\":\"Organization\",\"@id\":\"https:\\\/\\\/www.ivinio.com\\\/fr\\\/#organization\",\"name\":\"IVINIO\",\"url\":\"https:\\\/\\\/www.ivinio.com\\\/fr\\\/\",\"logo\":{\"@type\":\"ImageObject\",\"inLanguage\":\"fr-FR\",\"@id\":\"https:\\\/\\\/www.ivinio.com\\\/fr\\\/#\\\/schema\\\/logo\\\/image\\\/\",\"url\":\"https:\\\/\\\/www.ivinio.com\\\/wp-content\\\/uploads\\\/2021\\\/01\\\/Logo-Ivinio-v2.jpg\",\"contentUrl\":\"https:\\\/\\\/www.ivinio.com\\\/wp-content\\\/uploads\\\/2021\\\/01\\\/Logo-Ivinio-v2.jpg\",\"width\":1194,\"height\":1194,\"caption\":\"IVINIO\"},\"image\":{\"@id\":\"https:\\\/\\\/www.ivinio.com\\\/fr\\\/#\\\/schema\\\/logo\\\/image\\\/\"},\"sameAs\":[\"https:\\\/\\\/www.facebook.com\\\/groups\\\/165217837022391\\\/?ref=bookmarks\",\"https:\\\/\\\/www.instagram.com\\\/_ivinio_\\\/?hl=fr\"]}]}<\/script>\n<!-- \/ Yoast SEO plugin. -->","yoast_head_json":{"title":"Acheter Ch\u00e2teau Bellini - vin ros\u00e9 - IVINIO Caviste","description":"Acheter Ch\u00e2teau Bellini - vin ros\u00e9. Un vin ros\u00e9 fruit\u00e9, gastronomique et aromatique aux notes de p\u00eache, de ch\u00e8vrefeuille et d'aub\u00e9pine. Livraison \u00e0 la porte.","robots":{"index":"index","follow":"follow","max-snippet":"max-snippet:-1","max-image-preview":"max-image-preview:large","max-video-preview":"max-video-preview:-1"},"canonical":"https:\/\/www.ivinio.com\/fr\/produit\/chateau-bellini-rose\/","og_locale":"fr_FR","og_type":"article","og_title":"Acheter Ch\u00e2teau Bellini - vin ros\u00e9 - IVINIO Caviste","og_description":"Acheter Ch\u00e2teau Bellini - vin ros\u00e9. Un vin ros\u00e9 fruit\u00e9, gastronomique et aromatique aux notes de p\u00eache, de ch\u00e8vrefeuille et d'aub\u00e9pine. Livraison \u00e0 la porte.","og_url":"https:\/\/www.ivinio.com\/fr\/produit\/chateau-bellini-rose\/","og_site_name":"IVINIO Caviste","article_publisher":"https:\/\/www.facebook.com\/groups\/165217837022391\/?ref=bookmarks","article_modified_time":"2026-04-14T15:11:00+00:00","og_image":[{"width":500,"height":500,"url":"https:\/\/www.ivinio.com\/wp-content\/uploads\/2021\/11\/Chateau-Bellini-rose-IVINIO.jpg","type":"image\/jpeg"}],"twitter_card":"summary_large_image","twitter_misc":{"Dur\u00e9e de lecture estim\u00e9e":"1 minute"},"schema":{"@context":"https:\/\/schema.org","@graph":[{"@type":"WebPage","@id":"https:\/\/www.ivinio.com\/fr\/produit\/chateau-bellini-rose\/","url":"https:\/\/www.ivinio.com\/fr\/produit\/chateau-bellini-rose\/","name":"Acheter Ch\u00e2teau Bellini - vin ros\u00e9 - IVINIO Caviste","isPartOf":{"@id":"https:\/\/www.ivinio.com\/fr\/#website"},"primaryImageOfPage":{"@id":"https:\/\/www.ivinio.com\/fr\/produit\/chateau-bellini-rose\/#primaryimage"},"image":{"@id":"https:\/\/www.ivinio.com\/fr\/produit\/chateau-bellini-rose\/#primaryimage"},"thumbnailUrl":"https:\/\/www.ivinio.com\/wp-content\/uploads\/2021\/11\/Chateau-Bellini-rose-IVINIO.jpg","datePublished":"2021-11-09T10:33:53+00:00","dateModified":"2026-04-14T15:11:00+00:00","description":"Acheter Ch\u00e2teau Bellini - vin ros\u00e9. Un vin ros\u00e9 fruit\u00e9, gastronomique et aromatique aux notes de p\u00eache, de ch\u00e8vrefeuille et d'aub\u00e9pine. Livraison \u00e0 la porte.","breadcrumb":{"@id":"https:\/\/www.ivinio.com\/fr\/produit\/chateau-bellini-rose\/#breadcrumb"},"inLanguage":"fr-FR","potentialAction":[{"@type":"ReadAction","target":["https:\/\/www.ivinio.com\/fr\/produit\/chateau-bellini-rose\/"]}]},{"@type":"ImageObject","inLanguage":"fr-FR","@id":"https:\/\/www.ivinio.com\/fr\/produit\/chateau-bellini-rose\/#primaryimage","url":"https:\/\/www.ivinio.com\/wp-content\/uploads\/2021\/11\/Chateau-Bellini-rose-IVINIO.jpg","contentUrl":"https:\/\/www.ivinio.com\/wp-content\/uploads\/2021\/11\/Chateau-Bellini-rose-IVINIO.jpg","width":500,"height":500,"caption":"Ch\u00e2teau Bellini - ros\u00e9"},{"@type":"BreadcrumbList","@id":"https:\/\/www.ivinio.com\/fr\/produit\/chateau-bellini-rose\/#breadcrumb","itemListElement":[{"@type":"ListItem","position":1,"name":"Home","item":"https:\/\/www.ivinio.com\/fr\/"},{"@type":"ListItem","position":2,"name":"Boutique de vin","item":"https:\/\/www.ivinio.com\/fr\/boutique-de-vin\/"},{"@type":"ListItem","position":3,"name":"Ch\u00e2teau Bellini &#8211; ros\u00e9"}]},{"@type":"WebSite","@id":"https:\/\/www.ivinio.com\/fr\/#website","url":"https:\/\/www.ivinio.com\/fr\/","name":"IVINIO Caviste","description":"Vins de France et d&#039;Italie avec livraison \u00e0 domicile","publisher":{"@id":"https:\/\/www.ivinio.com\/fr\/#organization"},"potentialAction":[{"@type":"SearchAction","target":{"@type":"EntryPoint","urlTemplate":"https:\/\/www.ivinio.com\/fr\/?s={search_term_string}"},"query-input":{"@type":"PropertyValueSpecification","valueRequired":true,"valueName":"search_term_string"}}],"inLanguage":"fr-FR"},{"@type":"Organization","@id":"https:\/\/www.ivinio.com\/fr\/#organization","name":"IVINIO","url":"https:\/\/www.ivinio.com\/fr\/","logo":{"@type":"ImageObject","inLanguage":"fr-FR","@id":"https:\/\/www.ivinio.com\/fr\/#\/schema\/logo\/image\/","url":"https:\/\/www.ivinio.com\/wp-content\/uploads\/2021\/01\/Logo-Ivinio-v2.jpg","contentUrl":"https:\/\/www.ivinio.com\/wp-content\/uploads\/2021\/01\/Logo-Ivinio-v2.jpg","width":1194,"height":1194,"caption":"IVINIO"},"image":{"@id":"https:\/\/www.ivinio.com\/fr\/#\/schema\/logo\/image\/"},"sameAs":["https:\/\/www.facebook.com\/groups\/165217837022391\/?ref=bookmarks","https:\/\/www.instagram.com\/_ivinio_\/?hl=fr"]}]}},"jetpack_sharing_enabled":true,"_links":{"self":[{"href":"https:\/\/www.ivinio.com\/fr\/wp-json\/wp\/v2\/product\/130859","targetHints":{"allow":["GET"]}}],"collection":[{"href":"https:\/\/www.ivinio.com\/fr\/wp-json\/wp\/v2\/product"}],"about":[{"href":"https:\/\/www.ivinio.com\/fr\/wp-json\/wp\/v2\/types\/product"}],"replies":[{"embeddable":true,"href":"https:\/\/www.ivinio.com\/fr\/wp-json\/wp\/v2\/comments?post=130859"}],"wp:featuredmedia":[{"embeddable":true,"href":"https:\/\/www.ivinio.com\/fr\/wp-json\/wp\/v2\/media\/128965"}],"wp:attachment":[{"href":"https:\/\/www.ivinio.com\/fr\/wp-json\/wp\/v2\/media?parent=130859"}],"wp:term":[{"taxonomy":"product_brand","embeddable":true,"href":"https:\/\/www.ivinio.com\/fr\/wp-json\/wp\/v2\/product_brand?post=130859"},{"taxonomy":"product_cat","embeddable":true,"href":"https:\/\/www.ivinio.com\/fr\/wp-json\/wp\/v2\/product_cat?post=130859"},{"taxonomy":"product_tag","embeddable":true,"href":"https:\/\/www.ivinio.com\/fr\/wp-json\/wp\/v2\/product_tag?post=130859"}],"curies":[{"name":"wp","href":"https:\/\/api.w.org\/{rel}","templated":true}]}}