{"id":130220,"date":"2022-01-28T19:18:50","date_gmt":"2022-01-29T11:26:49","guid":{"rendered":"https:\/\/www.ivinio.com\/product\/domaine-fontaine-du-clos-vacqueyras-castillon-blanc\/"},"modified":"2022-03-17T05:10:29","modified_gmt":"2022-03-17T04:10:29","slug":"domaine-fontaine-du-clos-vacqueyras-castillon-blanc","status":"publish","type":"product","link":"https:\/\/www.ivinio.com\/fr\/produit\/domaine-fontaine-du-clos-vacqueyras-castillon-blanc\/","title":{"rendered":"Domaine Fontaine du Clos &#8211; Vacqueyras &#8211; Castillon &#8211; Blanc"},"content":{"rendered":"<p>Domaine Fontaine du Clos &#8211; <a href=\"https:\/\/fr.wikipedia.org\/wiki\/Vacqueyras_(Vaucluse)\">Vacqueyras<\/a> &#8211; Castillon &#8211; Vin blanc du sud de la <a href=\"https:\/\/www.ivinio.com\/sv\/sv-rhone-dalen\/\">vall\u00e9e du Rh\u00f4ne<\/a> issu des c\u00e9pages Grenache, Roussanne et Marsanne. Les raisins sont vendang\u00e9s \u00e0 la main fin ao\u00fbt, t\u00f4t durant les matin\u00e9es fraiches et sont ensuite press\u00e9s imm\u00e9diatement d\u00e8s leur entr\u00e9e en cave. La fermentation s&#8217;effectue \u00e0 basse temp\u00e9rature (15\/17\u00b0C) et le vin est ensuite transf\u00e9r\u00e9 dans des f\u00fbts de ch\u00eane de 225 litres et 450 litres pour y \u00eatre \u00e9lev\u00e9 pendant plusieurs mois.<\/p>\n","protected":false},"excerpt":{"rendered":"<p>Le Domaine Fontaine du Clos &#8211; Vacqueyras &#8211; Castillon est un vin blanc complexe et aromatique \u00e0 servir avec un homard, une langouste ou avec une soupe de fruits de mer au safran.<\/p>\n","protected":false},"featured_media":130209,"comment_status":"open","ping_status":"closed","template":"","meta":{"_monsterinsights_skip_tracking":false,"_monsterinsights_sitenote_active":false,"_monsterinsights_sitenote_note":"","_monsterinsights_sitenote_category":0,"_uf_show_specific_survey":0,"_uf_disable_surveys":false},"product_brand":[],"product_cat":[36619,36586],"product_tag":[],"class_list":{"0":"post-130220","1":"product","2":"type-product","3":"status-publish","4":"has-post-thumbnail","6":"product_cat-fr-cotes-du-rhone","7":"product_cat-vins-francais","8":"pa_alcohol-degree-13-5","9":"pa_awards-jancis-robinson-fr","10":"pa_awards-jeb-dunnuck-fr","11":"pa_classification-aop-vacqueyras-fr","12":"pa_color-blanc-fr","13":"pa_country-france-fr","14":"pa_grape-variety-grenache-blanc-fr","15":"pa_grape-variety-marsanne-fr","16":"pa_grape-variety-roussanne-fr","17":"pa_region-vallee-du-rhone-fr","18":"pa_storage-potential-7-ans","19":"pa_vintage-2018-fr","20":"pa_volume-75-cl-fr","22":"first","23":"outofstock","24":"taxable","25":"shipping-taxable","26":"purchasable","27":"product-type-simple"},"bundled_by":[],"bundle_stock_status":"outofstock","bundle_stock_quantity":null,"bundle_virtual":false,"bundle_layout":"","bundle_add_to_cart_form_location":"","bundle_editable_in_cart":false,"bundle_sold_individually_context":"","bundle_item_grouping":"","bundle_min_size":"","bundle_max_size":"","bundle_price":[],"bundled_items":[],"bundle_sell_ids":[],"yoast_head":"<!-- This site is optimized with the Yoast SEO plugin v27.5 - https:\/\/yoast.com\/product\/yoast-seo-wordpress\/ -->\n<title>Domaine Fontaine du Clos - Vacqueyras - Castillon - vin blanc - IVINIO Caviste<\/title>\n<meta name=\"description\" content=\"Acheter Domaine Fontaine du Clos - Vacqueyras - Castillon - vin blanc Un vin exclusif, tr\u00e8s aromatique et complexe.\" \/>\n<meta name=\"robots\" content=\"index, follow, max-snippet:-1, max-image-preview:large, max-video-preview:-1\" \/>\n<link rel=\"canonical\" href=\"https:\/\/www.ivinio.com\/fr\/produit\/domaine-fontaine-du-clos-vacqueyras-castillon-blanc\/\" \/>\n<meta property=\"og:locale\" content=\"fr_FR\" \/>\n<meta property=\"og:type\" content=\"article\" \/>\n<meta property=\"og:title\" content=\"Domaine Fontaine du Clos - Vacqueyras - Castillon - vin blanc - IVINIO Caviste\" \/>\n<meta property=\"og:description\" content=\"Acheter Domaine Fontaine du Clos - Vacqueyras - Castillon - vin blanc Un vin exclusif, tr\u00e8s aromatique et complexe.\" \/>\n<meta property=\"og:url\" content=\"https:\/\/www.ivinio.com\/fr\/produit\/domaine-fontaine-du-clos-vacqueyras-castillon-blanc\/\" \/>\n<meta property=\"og:site_name\" content=\"IVINIO Caviste\" \/>\n<meta property=\"article:publisher\" content=\"https:\/\/www.facebook.com\/groups\/165217837022391\/?ref=bookmarks\" \/>\n<meta property=\"article:modified_time\" content=\"2022-03-17T04:10:29+00:00\" \/>\n<meta property=\"og:image\" content=\"https:\/\/www.ivinio.com\/wp-content\/uploads\/2022\/01\/Domaine-Fontaine-du-Clos-Vacqueyras-castillon-blanc.jpg\" \/>\n\t<meta property=\"og:image:width\" content=\"500\" \/>\n\t<meta property=\"og:image:height\" content=\"500\" \/>\n\t<meta property=\"og:image:type\" content=\"image\/jpeg\" \/>\n<meta name=\"twitter:card\" content=\"summary_large_image\" \/>\n<script type=\"application\/ld+json\" class=\"yoast-schema-graph\">{\"@context\":\"https:\\\/\\\/schema.org\",\"@graph\":[{\"@type\":\"WebPage\",\"@id\":\"https:\\\/\\\/www.ivinio.com\\\/fr\\\/produit\\\/domaine-fontaine-du-clos-vacqueyras-castillon-blanc\\\/\",\"url\":\"https:\\\/\\\/www.ivinio.com\\\/fr\\\/produit\\\/domaine-fontaine-du-clos-vacqueyras-castillon-blanc\\\/\",\"name\":\"Domaine Fontaine du Clos - Vacqueyras - Castillon - vin blanc - IVINIO Caviste\",\"isPartOf\":{\"@id\":\"https:\\\/\\\/www.ivinio.com\\\/fr\\\/#website\"},\"primaryImageOfPage\":{\"@id\":\"https:\\\/\\\/www.ivinio.com\\\/fr\\\/produit\\\/domaine-fontaine-du-clos-vacqueyras-castillon-blanc\\\/#primaryimage\"},\"image\":{\"@id\":\"https:\\\/\\\/www.ivinio.com\\\/fr\\\/produit\\\/domaine-fontaine-du-clos-vacqueyras-castillon-blanc\\\/#primaryimage\"},\"thumbnailUrl\":\"https:\\\/\\\/www.ivinio.com\\\/wp-content\\\/uploads\\\/2022\\\/01\\\/Domaine-Fontaine-du-Clos-Vacqueyras-castillon-blanc.jpg\",\"datePublished\":\"2022-01-29T11:26:49+00:00\",\"dateModified\":\"2022-03-17T04:10:29+00:00\",\"description\":\"Acheter Domaine Fontaine du Clos - Vacqueyras - Castillon - vin blanc Un vin exclusif, tr\u00e8s aromatique et complexe.\",\"breadcrumb\":{\"@id\":\"https:\\\/\\\/www.ivinio.com\\\/fr\\\/produit\\\/domaine-fontaine-du-clos-vacqueyras-castillon-blanc\\\/#breadcrumb\"},\"inLanguage\":\"fr-FR\",\"potentialAction\":[{\"@type\":\"ReadAction\",\"target\":[\"https:\\\/\\\/www.ivinio.com\\\/fr\\\/produit\\\/domaine-fontaine-du-clos-vacqueyras-castillon-blanc\\\/\"]}]},{\"@type\":\"ImageObject\",\"inLanguage\":\"fr-FR\",\"@id\":\"https:\\\/\\\/www.ivinio.com\\\/fr\\\/produit\\\/domaine-fontaine-du-clos-vacqueyras-castillon-blanc\\\/#primaryimage\",\"url\":\"https:\\\/\\\/www.ivinio.com\\\/wp-content\\\/uploads\\\/2022\\\/01\\\/Domaine-Fontaine-du-Clos-Vacqueyras-castillon-blanc.jpg\",\"contentUrl\":\"https:\\\/\\\/www.ivinio.com\\\/wp-content\\\/uploads\\\/2022\\\/01\\\/Domaine-Fontaine-du-Clos-Vacqueyras-castillon-blanc.jpg\",\"width\":500,\"height\":500,\"caption\":\"Domaine Fontaine du Clos - Vacqueyras - Castillon\"},{\"@type\":\"BreadcrumbList\",\"@id\":\"https:\\\/\\\/www.ivinio.com\\\/fr\\\/produit\\\/domaine-fontaine-du-clos-vacqueyras-castillon-blanc\\\/#breadcrumb\",\"itemListElement\":[{\"@type\":\"ListItem\",\"position\":1,\"name\":\"Home\",\"item\":\"https:\\\/\\\/www.ivinio.com\\\/fr\\\/\"},{\"@type\":\"ListItem\",\"position\":2,\"name\":\"Boutique de vin\",\"item\":\"https:\\\/\\\/www.ivinio.com\\\/fr\\\/boutique-de-vin\\\/\"},{\"@type\":\"ListItem\",\"position\":3,\"name\":\"Domaine Fontaine du Clos &#8211; Vacqueyras &#8211; Castillon &#8211; Blanc\"}]},{\"@type\":\"WebSite\",\"@id\":\"https:\\\/\\\/www.ivinio.com\\\/fr\\\/#website\",\"url\":\"https:\\\/\\\/www.ivinio.com\\\/fr\\\/\",\"name\":\"IVINIO Caviste\",\"description\":\"Vins de France et d&#039;Italie avec livraison \u00e0 domicile\",\"publisher\":{\"@id\":\"https:\\\/\\\/www.ivinio.com\\\/fr\\\/#organization\"},\"potentialAction\":[{\"@type\":\"SearchAction\",\"target\":{\"@type\":\"EntryPoint\",\"urlTemplate\":\"https:\\\/\\\/www.ivinio.com\\\/fr\\\/?s={search_term_string}\"},\"query-input\":{\"@type\":\"PropertyValueSpecification\",\"valueRequired\":true,\"valueName\":\"search_term_string\"}}],\"inLanguage\":\"fr-FR\"},{\"@type\":\"Organization\",\"@id\":\"https:\\\/\\\/www.ivinio.com\\\/fr\\\/#organization\",\"name\":\"IVINIO\",\"url\":\"https:\\\/\\\/www.ivinio.com\\\/fr\\\/\",\"logo\":{\"@type\":\"ImageObject\",\"inLanguage\":\"fr-FR\",\"@id\":\"https:\\\/\\\/www.ivinio.com\\\/fr\\\/#\\\/schema\\\/logo\\\/image\\\/\",\"url\":\"https:\\\/\\\/www.ivinio.com\\\/wp-content\\\/uploads\\\/2021\\\/01\\\/Logo-Ivinio-v2.jpg\",\"contentUrl\":\"https:\\\/\\\/www.ivinio.com\\\/wp-content\\\/uploads\\\/2021\\\/01\\\/Logo-Ivinio-v2.jpg\",\"width\":1194,\"height\":1194,\"caption\":\"IVINIO\"},\"image\":{\"@id\":\"https:\\\/\\\/www.ivinio.com\\\/fr\\\/#\\\/schema\\\/logo\\\/image\\\/\"},\"sameAs\":[\"https:\\\/\\\/www.facebook.com\\\/groups\\\/165217837022391\\\/?ref=bookmarks\",\"https:\\\/\\\/www.instagram.com\\\/_ivinio_\\\/?hl=fr\"]}]}<\/script>\n<!-- \/ Yoast SEO plugin. -->","yoast_head_json":{"title":"Domaine Fontaine du Clos - Vacqueyras - Castillon - vin blanc - IVINIO Caviste","description":"Acheter Domaine Fontaine du Clos - Vacqueyras - Castillon - vin blanc Un vin exclusif, tr\u00e8s aromatique et complexe.","robots":{"index":"index","follow":"follow","max-snippet":"max-snippet:-1","max-image-preview":"max-image-preview:large","max-video-preview":"max-video-preview:-1"},"canonical":"https:\/\/www.ivinio.com\/fr\/produit\/domaine-fontaine-du-clos-vacqueyras-castillon-blanc\/","og_locale":"fr_FR","og_type":"article","og_title":"Domaine Fontaine du Clos - Vacqueyras - Castillon - vin blanc - IVINIO Caviste","og_description":"Acheter Domaine Fontaine du Clos - Vacqueyras - Castillon - vin blanc Un vin exclusif, tr\u00e8s aromatique et complexe.","og_url":"https:\/\/www.ivinio.com\/fr\/produit\/domaine-fontaine-du-clos-vacqueyras-castillon-blanc\/","og_site_name":"IVINIO Caviste","article_publisher":"https:\/\/www.facebook.com\/groups\/165217837022391\/?ref=bookmarks","article_modified_time":"2022-03-17T04:10:29+00:00","og_image":[{"width":500,"height":500,"url":"https:\/\/www.ivinio.com\/wp-content\/uploads\/2022\/01\/Domaine-Fontaine-du-Clos-Vacqueyras-castillon-blanc.jpg","type":"image\/jpeg"}],"twitter_card":"summary_large_image","schema":{"@context":"https:\/\/schema.org","@graph":[{"@type":"WebPage","@id":"https:\/\/www.ivinio.com\/fr\/produit\/domaine-fontaine-du-clos-vacqueyras-castillon-blanc\/","url":"https:\/\/www.ivinio.com\/fr\/produit\/domaine-fontaine-du-clos-vacqueyras-castillon-blanc\/","name":"Domaine Fontaine du Clos - Vacqueyras - Castillon - vin blanc - IVINIO Caviste","isPartOf":{"@id":"https:\/\/www.ivinio.com\/fr\/#website"},"primaryImageOfPage":{"@id":"https:\/\/www.ivinio.com\/fr\/produit\/domaine-fontaine-du-clos-vacqueyras-castillon-blanc\/#primaryimage"},"image":{"@id":"https:\/\/www.ivinio.com\/fr\/produit\/domaine-fontaine-du-clos-vacqueyras-castillon-blanc\/#primaryimage"},"thumbnailUrl":"https:\/\/www.ivinio.com\/wp-content\/uploads\/2022\/01\/Domaine-Fontaine-du-Clos-Vacqueyras-castillon-blanc.jpg","datePublished":"2022-01-29T11:26:49+00:00","dateModified":"2022-03-17T04:10:29+00:00","description":"Acheter Domaine Fontaine du Clos - Vacqueyras - Castillon - vin blanc Un vin exclusif, tr\u00e8s aromatique et complexe.","breadcrumb":{"@id":"https:\/\/www.ivinio.com\/fr\/produit\/domaine-fontaine-du-clos-vacqueyras-castillon-blanc\/#breadcrumb"},"inLanguage":"fr-FR","potentialAction":[{"@type":"ReadAction","target":["https:\/\/www.ivinio.com\/fr\/produit\/domaine-fontaine-du-clos-vacqueyras-castillon-blanc\/"]}]},{"@type":"ImageObject","inLanguage":"fr-FR","@id":"https:\/\/www.ivinio.com\/fr\/produit\/domaine-fontaine-du-clos-vacqueyras-castillon-blanc\/#primaryimage","url":"https:\/\/www.ivinio.com\/wp-content\/uploads\/2022\/01\/Domaine-Fontaine-du-Clos-Vacqueyras-castillon-blanc.jpg","contentUrl":"https:\/\/www.ivinio.com\/wp-content\/uploads\/2022\/01\/Domaine-Fontaine-du-Clos-Vacqueyras-castillon-blanc.jpg","width":500,"height":500,"caption":"Domaine Fontaine du Clos - Vacqueyras - Castillon"},{"@type":"BreadcrumbList","@id":"https:\/\/www.ivinio.com\/fr\/produit\/domaine-fontaine-du-clos-vacqueyras-castillon-blanc\/#breadcrumb","itemListElement":[{"@type":"ListItem","position":1,"name":"Home","item":"https:\/\/www.ivinio.com\/fr\/"},{"@type":"ListItem","position":2,"name":"Boutique de vin","item":"https:\/\/www.ivinio.com\/fr\/boutique-de-vin\/"},{"@type":"ListItem","position":3,"name":"Domaine Fontaine du Clos &#8211; Vacqueyras &#8211; Castillon &#8211; Blanc"}]},{"@type":"WebSite","@id":"https:\/\/www.ivinio.com\/fr\/#website","url":"https:\/\/www.ivinio.com\/fr\/","name":"IVINIO Caviste","description":"Vins de France et d&#039;Italie avec livraison \u00e0 domicile","publisher":{"@id":"https:\/\/www.ivinio.com\/fr\/#organization"},"potentialAction":[{"@type":"SearchAction","target":{"@type":"EntryPoint","urlTemplate":"https:\/\/www.ivinio.com\/fr\/?s={search_term_string}"},"query-input":{"@type":"PropertyValueSpecification","valueRequired":true,"valueName":"search_term_string"}}],"inLanguage":"fr-FR"},{"@type":"Organization","@id":"https:\/\/www.ivinio.com\/fr\/#organization","name":"IVINIO","url":"https:\/\/www.ivinio.com\/fr\/","logo":{"@type":"ImageObject","inLanguage":"fr-FR","@id":"https:\/\/www.ivinio.com\/fr\/#\/schema\/logo\/image\/","url":"https:\/\/www.ivinio.com\/wp-content\/uploads\/2021\/01\/Logo-Ivinio-v2.jpg","contentUrl":"https:\/\/www.ivinio.com\/wp-content\/uploads\/2021\/01\/Logo-Ivinio-v2.jpg","width":1194,"height":1194,"caption":"IVINIO"},"image":{"@id":"https:\/\/www.ivinio.com\/fr\/#\/schema\/logo\/image\/"},"sameAs":["https:\/\/www.facebook.com\/groups\/165217837022391\/?ref=bookmarks","https:\/\/www.instagram.com\/_ivinio_\/?hl=fr"]}]}},"jetpack_sharing_enabled":true,"_links":{"self":[{"href":"https:\/\/www.ivinio.com\/fr\/wp-json\/wp\/v2\/product\/130220","targetHints":{"allow":["GET"]}}],"collection":[{"href":"https:\/\/www.ivinio.com\/fr\/wp-json\/wp\/v2\/product"}],"about":[{"href":"https:\/\/www.ivinio.com\/fr\/wp-json\/wp\/v2\/types\/product"}],"replies":[{"embeddable":true,"href":"https:\/\/www.ivinio.com\/fr\/wp-json\/wp\/v2\/comments?post=130220"}],"wp:featuredmedia":[{"embeddable":true,"href":"https:\/\/www.ivinio.com\/fr\/wp-json\/wp\/v2\/media\/130209"}],"wp:attachment":[{"href":"https:\/\/www.ivinio.com\/fr\/wp-json\/wp\/v2\/media?parent=130220"}],"wp:term":[{"taxonomy":"product_brand","embeddable":true,"href":"https:\/\/www.ivinio.com\/fr\/wp-json\/wp\/v2\/product_brand?post=130220"},{"taxonomy":"product_cat","embeddable":true,"href":"https:\/\/www.ivinio.com\/fr\/wp-json\/wp\/v2\/product_cat?post=130220"},{"taxonomy":"product_tag","embeddable":true,"href":"https:\/\/www.ivinio.com\/fr\/wp-json\/wp\/v2\/product_tag?post=130220"}],"curies":[{"name":"wp","href":"https:\/\/api.w.org\/{rel}","templated":true}]}}