{"id":129801,"date":"2021-11-30T16:50:23","date_gmt":"2022-01-06T17:10:27","guid":{"rendered":"https:\/\/www.ivinio.com\/product\/champagne-cattier-blanc-de-noirs-premier-cru\/"},"modified":"2022-03-17T05:10:32","modified_gmt":"2022-03-17T04:10:32","slug":"champagne-cattier-blanc-de-noirs-premier-cru","status":"publish","type":"product","link":"https:\/\/www.ivinio.com\/fr\/produit\/champagne-cattier-blanc-de-noirs-premier-cru\/","title":{"rendered":"Champagne Cattier &#8211; Blanc de Noirs Premier Cru"},"content":{"rendered":"<p>Le Champagne Cattier &#8211; Blanc de Noirs Premier Cru est compos\u00e9 de 80 % de Pinot Noir et de 20 % de Pinot Meunier. Les raisins sont cultiv\u00e9s sur 9 terroirs autour de la Montagne de Reims, notamment \u00e0 Ludes, Chigny-les-Roses et Rilly-la-Montagne. Le vin contient 30% de vin de r\u00e9serve et il est gard\u00e9 pendant 3 ans avant d&#8217;\u00eatre commercialis\u00e9. Dosage : 7g\/L.<\/p>\n","protected":false},"excerpt":{"rendered":"<p>Champagne Cattier &#8211; Blanc de Noirs Premier Cru est compos\u00e9 de 80 % de Pinot Noir et de 20 % de Pinot Meunier. Dosage : 7g\/L.<\/p>\n","protected":false},"featured_media":129327,"comment_status":"open","ping_status":"closed","template":"","meta":{"_monsterinsights_skip_tracking":false,"_monsterinsights_sitenote_active":false,"_monsterinsights_sitenote_note":"","_monsterinsights_sitenote_category":0,"_uf_show_specific_survey":0,"_uf_disable_surveys":false},"product_brand":[],"product_cat":[36613,36586],"product_tag":[],"class_list":{"0":"post-129801","1":"product","2":"type-product","3":"status-publish","4":"has-post-thumbnail","6":"product_cat-fr-champagne","7":"product_cat-vins-francais","8":"pa_alcohol-degree-12-fr","9":"pa_awards-bettane-et-desseauve-fr","10":"pa_awards-gault-et-millau-vins-fr","11":"pa_awards-jancis-robinson-fr","12":"pa_classification-aop-champagne-fr","13":"pa_color-mousseux-fr","14":"pa_country-france-fr","15":"pa_grape-variety-pinot-meunier-fr","16":"pa_grape-variety-pinot-noir-fr","17":"pa_package-1x1-fr","18":"pa_package-1x6-fr","19":"pa_region-champagne-fr","20":"pa_storage-potential-3-ans-fr","21":"pa_volume-75-cl-fr","23":"first","24":"instock","25":"taxable","26":"shipping-taxable","27":"purchasable","28":"product-type-variable"},"bundled_by":["129806"],"bundle_stock_status":"instock","bundle_stock_quantity":null,"bundle_virtual":false,"bundle_layout":"","bundle_add_to_cart_form_location":"","bundle_editable_in_cart":false,"bundle_sold_individually_context":"","bundle_item_grouping":"","bundle_min_size":"","bundle_max_size":"","bundle_price":[],"bundled_items":[],"bundle_sell_ids":[],"yoast_head":"<!-- This site is optimized with the Yoast SEO plugin v27.5 - https:\/\/yoast.com\/product\/yoast-seo-wordpress\/ -->\n<title>Acheter Champagne Cattier - Blanc de Noirs Premier Cru - IVINIO Caviste<\/title>\n<meta name=\"description\" content=\"Acheter Champagne Cattier - Blanc de Noirs Premier Cru. Compos\u00e9 de 80 % de Pinot Noir et de 20 % de Pinot Meunier. Dosage : 7g\/L.\" \/>\n<meta name=\"robots\" content=\"index, follow, max-snippet:-1, max-image-preview:large, max-video-preview:-1\" \/>\n<link rel=\"canonical\" href=\"https:\/\/www.ivinio.com\/fr\/produit\/champagne-cattier-blanc-de-noirs-premier-cru\/\" \/>\n<meta property=\"og:locale\" content=\"fr_FR\" \/>\n<meta property=\"og:type\" content=\"article\" \/>\n<meta property=\"og:title\" content=\"Acheter Champagne Cattier - Blanc de Noirs Premier Cru - IVINIO Caviste\" \/>\n<meta property=\"og:description\" content=\"Acheter Champagne Cattier - Blanc de Noirs Premier Cru. Compos\u00e9 de 80 % de Pinot Noir et de 20 % de Pinot Meunier. Dosage : 7g\/L.\" \/>\n<meta property=\"og:url\" content=\"https:\/\/www.ivinio.com\/fr\/produit\/champagne-cattier-blanc-de-noirs-premier-cru\/\" \/>\n<meta property=\"og:site_name\" content=\"IVINIO Caviste\" \/>\n<meta property=\"article:publisher\" content=\"https:\/\/www.facebook.com\/groups\/165217837022391\/?ref=bookmarks\" \/>\n<meta property=\"article:modified_time\" content=\"2022-03-17T04:10:32+00:00\" \/>\n<meta property=\"og:image\" content=\"https:\/\/www.ivinio.com\/wp-content\/uploads\/2021\/11\/Cattier-Brut-Blanc-de-Noirs-IVINIO.jpg\" \/>\n\t<meta property=\"og:image:width\" content=\"500\" \/>\n\t<meta property=\"og:image:height\" content=\"500\" \/>\n\t<meta property=\"og:image:type\" content=\"image\/jpeg\" \/>\n<meta name=\"twitter:card\" content=\"summary_large_image\" \/>\n<script type=\"application\/ld+json\" class=\"yoast-schema-graph\">{\"@context\":\"https:\\\/\\\/schema.org\",\"@graph\":[{\"@type\":\"WebPage\",\"@id\":\"https:\\\/\\\/www.ivinio.com\\\/fr\\\/produit\\\/champagne-cattier-blanc-de-noirs-premier-cru\\\/\",\"url\":\"https:\\\/\\\/www.ivinio.com\\\/fr\\\/produit\\\/champagne-cattier-blanc-de-noirs-premier-cru\\\/\",\"name\":\"Acheter Champagne Cattier - Blanc de Noirs Premier Cru - IVINIO Caviste\",\"isPartOf\":{\"@id\":\"https:\\\/\\\/www.ivinio.com\\\/fr\\\/#website\"},\"primaryImageOfPage\":{\"@id\":\"https:\\\/\\\/www.ivinio.com\\\/fr\\\/produit\\\/champagne-cattier-blanc-de-noirs-premier-cru\\\/#primaryimage\"},\"image\":{\"@id\":\"https:\\\/\\\/www.ivinio.com\\\/fr\\\/produit\\\/champagne-cattier-blanc-de-noirs-premier-cru\\\/#primaryimage\"},\"thumbnailUrl\":\"https:\\\/\\\/www.ivinio.com\\\/wp-content\\\/uploads\\\/2021\\\/11\\\/Cattier-Brut-Blanc-de-Noirs-IVINIO.jpg\",\"datePublished\":\"2022-01-06T17:10:27+00:00\",\"dateModified\":\"2022-03-17T04:10:32+00:00\",\"description\":\"Acheter Champagne Cattier - Blanc de Noirs Premier Cru. Compos\u00e9 de 80 % de Pinot Noir et de 20 % de Pinot Meunier. Dosage : 7g\\\/L.\",\"breadcrumb\":{\"@id\":\"https:\\\/\\\/www.ivinio.com\\\/fr\\\/produit\\\/champagne-cattier-blanc-de-noirs-premier-cru\\\/#breadcrumb\"},\"inLanguage\":\"fr-FR\",\"potentialAction\":[{\"@type\":\"ReadAction\",\"target\":[\"https:\\\/\\\/www.ivinio.com\\\/fr\\\/produit\\\/champagne-cattier-blanc-de-noirs-premier-cru\\\/\"]}]},{\"@type\":\"ImageObject\",\"inLanguage\":\"fr-FR\",\"@id\":\"https:\\\/\\\/www.ivinio.com\\\/fr\\\/produit\\\/champagne-cattier-blanc-de-noirs-premier-cru\\\/#primaryimage\",\"url\":\"https:\\\/\\\/www.ivinio.com\\\/wp-content\\\/uploads\\\/2021\\\/11\\\/Cattier-Brut-Blanc-de-Noirs-IVINIO.jpg\",\"contentUrl\":\"https:\\\/\\\/www.ivinio.com\\\/wp-content\\\/uploads\\\/2021\\\/11\\\/Cattier-Brut-Blanc-de-Noirs-IVINIO.jpg\",\"width\":500,\"height\":500,\"caption\":\"Champagne Cattier - Blanc de Noirs Premier Cru\"},{\"@type\":\"BreadcrumbList\",\"@id\":\"https:\\\/\\\/www.ivinio.com\\\/fr\\\/produit\\\/champagne-cattier-blanc-de-noirs-premier-cru\\\/#breadcrumb\",\"itemListElement\":[{\"@type\":\"ListItem\",\"position\":1,\"name\":\"Home\",\"item\":\"https:\\\/\\\/www.ivinio.com\\\/fr\\\/\"},{\"@type\":\"ListItem\",\"position\":2,\"name\":\"Boutique de vin\",\"item\":\"https:\\\/\\\/www.ivinio.com\\\/fr\\\/boutique-de-vin\\\/\"},{\"@type\":\"ListItem\",\"position\":3,\"name\":\"Champagne Cattier &#8211; Blanc de Noirs Premier Cru\"}]},{\"@type\":\"WebSite\",\"@id\":\"https:\\\/\\\/www.ivinio.com\\\/fr\\\/#website\",\"url\":\"https:\\\/\\\/www.ivinio.com\\\/fr\\\/\",\"name\":\"IVINIO Caviste\",\"description\":\"Vins de France et d&#039;Italie avec livraison \u00e0 domicile\",\"publisher\":{\"@id\":\"https:\\\/\\\/www.ivinio.com\\\/fr\\\/#organization\"},\"potentialAction\":[{\"@type\":\"SearchAction\",\"target\":{\"@type\":\"EntryPoint\",\"urlTemplate\":\"https:\\\/\\\/www.ivinio.com\\\/fr\\\/?s={search_term_string}\"},\"query-input\":{\"@type\":\"PropertyValueSpecification\",\"valueRequired\":true,\"valueName\":\"search_term_string\"}}],\"inLanguage\":\"fr-FR\"},{\"@type\":\"Organization\",\"@id\":\"https:\\\/\\\/www.ivinio.com\\\/fr\\\/#organization\",\"name\":\"IVINIO\",\"url\":\"https:\\\/\\\/www.ivinio.com\\\/fr\\\/\",\"logo\":{\"@type\":\"ImageObject\",\"inLanguage\":\"fr-FR\",\"@id\":\"https:\\\/\\\/www.ivinio.com\\\/fr\\\/#\\\/schema\\\/logo\\\/image\\\/\",\"url\":\"https:\\\/\\\/www.ivinio.com\\\/wp-content\\\/uploads\\\/2021\\\/01\\\/Logo-Ivinio-v2.jpg\",\"contentUrl\":\"https:\\\/\\\/www.ivinio.com\\\/wp-content\\\/uploads\\\/2021\\\/01\\\/Logo-Ivinio-v2.jpg\",\"width\":1194,\"height\":1194,\"caption\":\"IVINIO\"},\"image\":{\"@id\":\"https:\\\/\\\/www.ivinio.com\\\/fr\\\/#\\\/schema\\\/logo\\\/image\\\/\"},\"sameAs\":[\"https:\\\/\\\/www.facebook.com\\\/groups\\\/165217837022391\\\/?ref=bookmarks\",\"https:\\\/\\\/www.instagram.com\\\/_ivinio_\\\/?hl=fr\"]}]}<\/script>\n<!-- \/ Yoast SEO plugin. -->","yoast_head_json":{"title":"Acheter Champagne Cattier - Blanc de Noirs Premier Cru - IVINIO Caviste","description":"Acheter Champagne Cattier - Blanc de Noirs Premier Cru. Compos\u00e9 de 80 % de Pinot Noir et de 20 % de Pinot Meunier. Dosage : 7g\/L.","robots":{"index":"index","follow":"follow","max-snippet":"max-snippet:-1","max-image-preview":"max-image-preview:large","max-video-preview":"max-video-preview:-1"},"canonical":"https:\/\/www.ivinio.com\/fr\/produit\/champagne-cattier-blanc-de-noirs-premier-cru\/","og_locale":"fr_FR","og_type":"article","og_title":"Acheter Champagne Cattier - Blanc de Noirs Premier Cru - IVINIO Caviste","og_description":"Acheter Champagne Cattier - Blanc de Noirs Premier Cru. Compos\u00e9 de 80 % de Pinot Noir et de 20 % de Pinot Meunier. Dosage : 7g\/L.","og_url":"https:\/\/www.ivinio.com\/fr\/produit\/champagne-cattier-blanc-de-noirs-premier-cru\/","og_site_name":"IVINIO Caviste","article_publisher":"https:\/\/www.facebook.com\/groups\/165217837022391\/?ref=bookmarks","article_modified_time":"2022-03-17T04:10:32+00:00","og_image":[{"width":500,"height":500,"url":"https:\/\/www.ivinio.com\/wp-content\/uploads\/2021\/11\/Cattier-Brut-Blanc-de-Noirs-IVINIO.jpg","type":"image\/jpeg"}],"twitter_card":"summary_large_image","schema":{"@context":"https:\/\/schema.org","@graph":[{"@type":"WebPage","@id":"https:\/\/www.ivinio.com\/fr\/produit\/champagne-cattier-blanc-de-noirs-premier-cru\/","url":"https:\/\/www.ivinio.com\/fr\/produit\/champagne-cattier-blanc-de-noirs-premier-cru\/","name":"Acheter Champagne Cattier - Blanc de Noirs Premier Cru - IVINIO Caviste","isPartOf":{"@id":"https:\/\/www.ivinio.com\/fr\/#website"},"primaryImageOfPage":{"@id":"https:\/\/www.ivinio.com\/fr\/produit\/champagne-cattier-blanc-de-noirs-premier-cru\/#primaryimage"},"image":{"@id":"https:\/\/www.ivinio.com\/fr\/produit\/champagne-cattier-blanc-de-noirs-premier-cru\/#primaryimage"},"thumbnailUrl":"https:\/\/www.ivinio.com\/wp-content\/uploads\/2021\/11\/Cattier-Brut-Blanc-de-Noirs-IVINIO.jpg","datePublished":"2022-01-06T17:10:27+00:00","dateModified":"2022-03-17T04:10:32+00:00","description":"Acheter Champagne Cattier - Blanc de Noirs Premier Cru. Compos\u00e9 de 80 % de Pinot Noir et de 20 % de Pinot Meunier. Dosage : 7g\/L.","breadcrumb":{"@id":"https:\/\/www.ivinio.com\/fr\/produit\/champagne-cattier-blanc-de-noirs-premier-cru\/#breadcrumb"},"inLanguage":"fr-FR","potentialAction":[{"@type":"ReadAction","target":["https:\/\/www.ivinio.com\/fr\/produit\/champagne-cattier-blanc-de-noirs-premier-cru\/"]}]},{"@type":"ImageObject","inLanguage":"fr-FR","@id":"https:\/\/www.ivinio.com\/fr\/produit\/champagne-cattier-blanc-de-noirs-premier-cru\/#primaryimage","url":"https:\/\/www.ivinio.com\/wp-content\/uploads\/2021\/11\/Cattier-Brut-Blanc-de-Noirs-IVINIO.jpg","contentUrl":"https:\/\/www.ivinio.com\/wp-content\/uploads\/2021\/11\/Cattier-Brut-Blanc-de-Noirs-IVINIO.jpg","width":500,"height":500,"caption":"Champagne Cattier - Blanc de Noirs Premier Cru"},{"@type":"BreadcrumbList","@id":"https:\/\/www.ivinio.com\/fr\/produit\/champagne-cattier-blanc-de-noirs-premier-cru\/#breadcrumb","itemListElement":[{"@type":"ListItem","position":1,"name":"Home","item":"https:\/\/www.ivinio.com\/fr\/"},{"@type":"ListItem","position":2,"name":"Boutique de vin","item":"https:\/\/www.ivinio.com\/fr\/boutique-de-vin\/"},{"@type":"ListItem","position":3,"name":"Champagne Cattier &#8211; Blanc de Noirs Premier Cru"}]},{"@type":"WebSite","@id":"https:\/\/www.ivinio.com\/fr\/#website","url":"https:\/\/www.ivinio.com\/fr\/","name":"IVINIO Caviste","description":"Vins de France et d&#039;Italie avec livraison \u00e0 domicile","publisher":{"@id":"https:\/\/www.ivinio.com\/fr\/#organization"},"potentialAction":[{"@type":"SearchAction","target":{"@type":"EntryPoint","urlTemplate":"https:\/\/www.ivinio.com\/fr\/?s={search_term_string}"},"query-input":{"@type":"PropertyValueSpecification","valueRequired":true,"valueName":"search_term_string"}}],"inLanguage":"fr-FR"},{"@type":"Organization","@id":"https:\/\/www.ivinio.com\/fr\/#organization","name":"IVINIO","url":"https:\/\/www.ivinio.com\/fr\/","logo":{"@type":"ImageObject","inLanguage":"fr-FR","@id":"https:\/\/www.ivinio.com\/fr\/#\/schema\/logo\/image\/","url":"https:\/\/www.ivinio.com\/wp-content\/uploads\/2021\/01\/Logo-Ivinio-v2.jpg","contentUrl":"https:\/\/www.ivinio.com\/wp-content\/uploads\/2021\/01\/Logo-Ivinio-v2.jpg","width":1194,"height":1194,"caption":"IVINIO"},"image":{"@id":"https:\/\/www.ivinio.com\/fr\/#\/schema\/logo\/image\/"},"sameAs":["https:\/\/www.facebook.com\/groups\/165217837022391\/?ref=bookmarks","https:\/\/www.instagram.com\/_ivinio_\/?hl=fr"]}]}},"jetpack_sharing_enabled":true,"_links":{"self":[{"href":"https:\/\/www.ivinio.com\/fr\/wp-json\/wp\/v2\/product\/129801","targetHints":{"allow":["GET"]}}],"collection":[{"href":"https:\/\/www.ivinio.com\/fr\/wp-json\/wp\/v2\/product"}],"about":[{"href":"https:\/\/www.ivinio.com\/fr\/wp-json\/wp\/v2\/types\/product"}],"replies":[{"embeddable":true,"href":"https:\/\/www.ivinio.com\/fr\/wp-json\/wp\/v2\/comments?post=129801"}],"wp:featuredmedia":[{"embeddable":true,"href":"https:\/\/www.ivinio.com\/fr\/wp-json\/wp\/v2\/media\/129327"}],"wp:attachment":[{"href":"https:\/\/www.ivinio.com\/fr\/wp-json\/wp\/v2\/media?parent=129801"}],"wp:term":[{"taxonomy":"product_brand","embeddable":true,"href":"https:\/\/www.ivinio.com\/fr\/wp-json\/wp\/v2\/product_brand?post=129801"},{"taxonomy":"product_cat","embeddable":true,"href":"https:\/\/www.ivinio.com\/fr\/wp-json\/wp\/v2\/product_cat?post=129801"},{"taxonomy":"product_tag","embeddable":true,"href":"https:\/\/www.ivinio.com\/fr\/wp-json\/wp\/v2\/product_tag?post=129801"}],"curies":[{"name":"wp","href":"https:\/\/api.w.org\/{rel}","templated":true}]}}