{"id":128155,"date":"2021-06-02T18:09:51","date_gmt":"2021-09-14T13:06:21","guid":{"rendered":"https:\/\/www.ivinio.com\/product\/champagne-etienne-chere-brut-tradition\/"},"modified":"2023-01-04T11:35:10","modified_gmt":"2023-01-04T10:35:10","slug":"champagne-etienne-chere-brut-tradition","status":"publish","type":"product","link":"https:\/\/www.ivinio.com\/fr\/produit\/champagne-etienne-chere-brut-tradition\/","title":{"rendered":"Champagne Etienne Ch\u00e9r\u00e9 &#8211; Brut Tradition"},"content":{"rendered":"<p>Le Champagne Etienne Ch\u00e9r\u00e9 &#8211; Brut Tradition est un champagne aromatique \u00e9labor\u00e9 \u00e0 partir de 40% de Chardonnay, 30% de Pinot Meunier et 30% de Pinot noir. Les vendanges se font manuellement et les raisins sont ceuillis dans des caisses. La fermentation commence avec des raisins entiers dans des cuves en acier inoxydable \u00e0 temp\u00e9rature contr\u00f4l\u00e9e. Fermentation malolactique compl\u00e8te.<\/p>\n","protected":false},"excerpt":{"rendered":"<p>Le Champagne Etienne Ch\u00e9r\u00e9 Brut Tradition est un champagne de caract\u00e8re, relativement puissant, compos\u00e9 de Pinot Noir, Chardonnay et Pinot Meunier.<\/p>\n","protected":false},"featured_media":126823,"comment_status":"open","ping_status":"closed","template":"","meta":{"_monsterinsights_skip_tracking":false,"_monsterinsights_sitenote_active":false,"_monsterinsights_sitenote_note":"","_monsterinsights_sitenote_category":0,"_uf_show_specific_survey":0,"_uf_disable_surveys":false},"product_brand":[],"product_cat":[36613,36586],"product_tag":[],"class_list":{"0":"post-128155","1":"product","2":"type-product","3":"status-publish","4":"has-post-thumbnail","6":"product_cat-fr-champagne","7":"product_cat-vins-francais","8":"pa_alcohol-degree-12-fr","9":"pa_awards-guide-hachette-fr","10":"pa_classification-aop-champagne-fr","11":"pa_color-mousseux-fr","12":"pa_country-france-fr","13":"pa_grape-variety-chardonnay-fr","14":"pa_grape-variety-pinot-meunier-fr","15":"pa_grape-variety-pinot-noir-fr","16":"pa_package-1x6-fr","17":"pa_region-champagne-fr","18":"pa_storage-potential-4-ans-fr","19":"pa_volume-75-cl-fr","21":"first","22":"outofstock","23":"taxable","24":"shipping-taxable","25":"purchasable","26":"product-type-simple"},"bundled_by":[],"bundle_stock_status":"outofstock","bundle_stock_quantity":null,"bundle_virtual":false,"bundle_layout":"","bundle_add_to_cart_form_location":"","bundle_editable_in_cart":false,"bundle_sold_individually_context":"","bundle_item_grouping":"","bundle_min_size":"","bundle_max_size":"","bundle_price":[],"bundled_items":[],"bundle_sell_ids":[],"yoast_head":"<!-- This site is optimized with the Yoast SEO plugin v27.5 - https:\/\/yoast.com\/product\/yoast-seo-wordpress\/ -->\n<title>Champagne Etienne Ch\u00e9r\u00e9 - Brut Tradition - IVINIO Caviste<\/title>\n<meta name=\"description\" content=\"Champagne Etienne Ch\u00e9r\u00e9 - Brut Tradition est un champagne de caract\u00e8re, relativement puissant, compos\u00e9 de Pinot noir, Chardonnay et Pinot Meunier.\" \/>\n<meta name=\"robots\" content=\"index, follow, max-snippet:-1, max-image-preview:large, max-video-preview:-1\" \/>\n<link rel=\"canonical\" href=\"https:\/\/www.ivinio.com\/fr\/produit\/champagne-etienne-chere-brut-tradition\/\" \/>\n<meta property=\"og:locale\" content=\"fr_FR\" \/>\n<meta property=\"og:type\" content=\"article\" \/>\n<meta property=\"og:title\" content=\"Champagne Etienne Ch\u00e9r\u00e9 - Brut Tradition - IVINIO Caviste\" \/>\n<meta property=\"og:description\" content=\"Champagne Etienne Ch\u00e9r\u00e9 - Brut Tradition est un champagne de caract\u00e8re, relativement puissant, compos\u00e9 de Pinot noir, Chardonnay et Pinot Meunier.\" \/>\n<meta property=\"og:url\" content=\"https:\/\/www.ivinio.com\/fr\/produit\/champagne-etienne-chere-brut-tradition\/\" \/>\n<meta property=\"og:site_name\" content=\"IVINIO Caviste\" \/>\n<meta property=\"article:publisher\" content=\"https:\/\/www.facebook.com\/groups\/165217837022391\/?ref=bookmarks\" \/>\n<meta property=\"article:modified_time\" content=\"2023-01-04T10:35:10+00:00\" \/>\n<meta property=\"og:image\" content=\"https:\/\/www.ivinio.com\/wp-content\/uploads\/2021\/06\/Etienne-Chere-Tradition-IVINIO.jpg\" \/>\n\t<meta property=\"og:image:width\" content=\"600\" \/>\n\t<meta property=\"og:image:height\" content=\"600\" \/>\n\t<meta property=\"og:image:type\" content=\"image\/jpeg\" \/>\n<meta name=\"twitter:card\" content=\"summary_large_image\" \/>\n<script type=\"application\/ld+json\" class=\"yoast-schema-graph\">{\"@context\":\"https:\\\/\\\/schema.org\",\"@graph\":[{\"@type\":\"WebPage\",\"@id\":\"https:\\\/\\\/www.ivinio.com\\\/fr\\\/produit\\\/champagne-etienne-chere-brut-tradition\\\/\",\"url\":\"https:\\\/\\\/www.ivinio.com\\\/fr\\\/produit\\\/champagne-etienne-chere-brut-tradition\\\/\",\"name\":\"Champagne Etienne Ch\u00e9r\u00e9 - Brut Tradition - IVINIO Caviste\",\"isPartOf\":{\"@id\":\"https:\\\/\\\/www.ivinio.com\\\/fr\\\/#website\"},\"primaryImageOfPage\":{\"@id\":\"https:\\\/\\\/www.ivinio.com\\\/fr\\\/produit\\\/champagne-etienne-chere-brut-tradition\\\/#primaryimage\"},\"image\":{\"@id\":\"https:\\\/\\\/www.ivinio.com\\\/fr\\\/produit\\\/champagne-etienne-chere-brut-tradition\\\/#primaryimage\"},\"thumbnailUrl\":\"https:\\\/\\\/www.ivinio.com\\\/wp-content\\\/uploads\\\/2021\\\/06\\\/Etienne-Chere-Tradition-IVINIO.jpg\",\"datePublished\":\"2021-09-14T13:06:21+00:00\",\"dateModified\":\"2023-01-04T10:35:10+00:00\",\"description\":\"Champagne Etienne Ch\u00e9r\u00e9 - Brut Tradition est un champagne de caract\u00e8re, relativement puissant, compos\u00e9 de Pinot noir, Chardonnay et Pinot Meunier.\",\"breadcrumb\":{\"@id\":\"https:\\\/\\\/www.ivinio.com\\\/fr\\\/produit\\\/champagne-etienne-chere-brut-tradition\\\/#breadcrumb\"},\"inLanguage\":\"fr-FR\",\"potentialAction\":[{\"@type\":\"ReadAction\",\"target\":[\"https:\\\/\\\/www.ivinio.com\\\/fr\\\/produit\\\/champagne-etienne-chere-brut-tradition\\\/\"]}]},{\"@type\":\"ImageObject\",\"inLanguage\":\"fr-FR\",\"@id\":\"https:\\\/\\\/www.ivinio.com\\\/fr\\\/produit\\\/champagne-etienne-chere-brut-tradition\\\/#primaryimage\",\"url\":\"https:\\\/\\\/www.ivinio.com\\\/wp-content\\\/uploads\\\/2021\\\/06\\\/Etienne-Chere-Tradition-IVINIO.jpg\",\"contentUrl\":\"https:\\\/\\\/www.ivinio.com\\\/wp-content\\\/uploads\\\/2021\\\/06\\\/Etienne-Chere-Tradition-IVINIO.jpg\",\"width\":600,\"height\":600},{\"@type\":\"BreadcrumbList\",\"@id\":\"https:\\\/\\\/www.ivinio.com\\\/fr\\\/produit\\\/champagne-etienne-chere-brut-tradition\\\/#breadcrumb\",\"itemListElement\":[{\"@type\":\"ListItem\",\"position\":1,\"name\":\"Home\",\"item\":\"https:\\\/\\\/www.ivinio.com\\\/fr\\\/\"},{\"@type\":\"ListItem\",\"position\":2,\"name\":\"Boutique de vin\",\"item\":\"https:\\\/\\\/www.ivinio.com\\\/fr\\\/boutique-de-vin\\\/\"},{\"@type\":\"ListItem\",\"position\":3,\"name\":\"Champagne Etienne Ch\u00e9r\u00e9 &#8211; Brut Tradition\"}]},{\"@type\":\"WebSite\",\"@id\":\"https:\\\/\\\/www.ivinio.com\\\/fr\\\/#website\",\"url\":\"https:\\\/\\\/www.ivinio.com\\\/fr\\\/\",\"name\":\"IVINIO Caviste\",\"description\":\"Vins de France et d&#039;Italie avec livraison \u00e0 domicile\",\"publisher\":{\"@id\":\"https:\\\/\\\/www.ivinio.com\\\/fr\\\/#organization\"},\"potentialAction\":[{\"@type\":\"SearchAction\",\"target\":{\"@type\":\"EntryPoint\",\"urlTemplate\":\"https:\\\/\\\/www.ivinio.com\\\/fr\\\/?s={search_term_string}\"},\"query-input\":{\"@type\":\"PropertyValueSpecification\",\"valueRequired\":true,\"valueName\":\"search_term_string\"}}],\"inLanguage\":\"fr-FR\"},{\"@type\":\"Organization\",\"@id\":\"https:\\\/\\\/www.ivinio.com\\\/fr\\\/#organization\",\"name\":\"IVINIO\",\"url\":\"https:\\\/\\\/www.ivinio.com\\\/fr\\\/\",\"logo\":{\"@type\":\"ImageObject\",\"inLanguage\":\"fr-FR\",\"@id\":\"https:\\\/\\\/www.ivinio.com\\\/fr\\\/#\\\/schema\\\/logo\\\/image\\\/\",\"url\":\"https:\\\/\\\/www.ivinio.com\\\/wp-content\\\/uploads\\\/2021\\\/01\\\/Logo-Ivinio-v2.jpg\",\"contentUrl\":\"https:\\\/\\\/www.ivinio.com\\\/wp-content\\\/uploads\\\/2021\\\/01\\\/Logo-Ivinio-v2.jpg\",\"width\":1194,\"height\":1194,\"caption\":\"IVINIO\"},\"image\":{\"@id\":\"https:\\\/\\\/www.ivinio.com\\\/fr\\\/#\\\/schema\\\/logo\\\/image\\\/\"},\"sameAs\":[\"https:\\\/\\\/www.facebook.com\\\/groups\\\/165217837022391\\\/?ref=bookmarks\",\"https:\\\/\\\/www.instagram.com\\\/_ivinio_\\\/?hl=fr\"]}]}<\/script>\n<!-- \/ Yoast SEO plugin. -->","yoast_head_json":{"title":"Champagne Etienne Ch\u00e9r\u00e9 - Brut Tradition - IVINIO Caviste","description":"Champagne Etienne Ch\u00e9r\u00e9 - Brut Tradition est un champagne de caract\u00e8re, relativement puissant, compos\u00e9 de Pinot noir, Chardonnay et Pinot Meunier.","robots":{"index":"index","follow":"follow","max-snippet":"max-snippet:-1","max-image-preview":"max-image-preview:large","max-video-preview":"max-video-preview:-1"},"canonical":"https:\/\/www.ivinio.com\/fr\/produit\/champagne-etienne-chere-brut-tradition\/","og_locale":"fr_FR","og_type":"article","og_title":"Champagne Etienne Ch\u00e9r\u00e9 - Brut Tradition - IVINIO Caviste","og_description":"Champagne Etienne Ch\u00e9r\u00e9 - Brut Tradition est un champagne de caract\u00e8re, relativement puissant, compos\u00e9 de Pinot noir, Chardonnay et Pinot Meunier.","og_url":"https:\/\/www.ivinio.com\/fr\/produit\/champagne-etienne-chere-brut-tradition\/","og_site_name":"IVINIO Caviste","article_publisher":"https:\/\/www.facebook.com\/groups\/165217837022391\/?ref=bookmarks","article_modified_time":"2023-01-04T10:35:10+00:00","og_image":[{"width":600,"height":600,"url":"https:\/\/www.ivinio.com\/wp-content\/uploads\/2021\/06\/Etienne-Chere-Tradition-IVINIO.jpg","type":"image\/jpeg"}],"twitter_card":"summary_large_image","schema":{"@context":"https:\/\/schema.org","@graph":[{"@type":"WebPage","@id":"https:\/\/www.ivinio.com\/fr\/produit\/champagne-etienne-chere-brut-tradition\/","url":"https:\/\/www.ivinio.com\/fr\/produit\/champagne-etienne-chere-brut-tradition\/","name":"Champagne Etienne Ch\u00e9r\u00e9 - Brut Tradition - IVINIO Caviste","isPartOf":{"@id":"https:\/\/www.ivinio.com\/fr\/#website"},"primaryImageOfPage":{"@id":"https:\/\/www.ivinio.com\/fr\/produit\/champagne-etienne-chere-brut-tradition\/#primaryimage"},"image":{"@id":"https:\/\/www.ivinio.com\/fr\/produit\/champagne-etienne-chere-brut-tradition\/#primaryimage"},"thumbnailUrl":"https:\/\/www.ivinio.com\/wp-content\/uploads\/2021\/06\/Etienne-Chere-Tradition-IVINIO.jpg","datePublished":"2021-09-14T13:06:21+00:00","dateModified":"2023-01-04T10:35:10+00:00","description":"Champagne Etienne Ch\u00e9r\u00e9 - Brut Tradition est un champagne de caract\u00e8re, relativement puissant, compos\u00e9 de Pinot noir, Chardonnay et Pinot Meunier.","breadcrumb":{"@id":"https:\/\/www.ivinio.com\/fr\/produit\/champagne-etienne-chere-brut-tradition\/#breadcrumb"},"inLanguage":"fr-FR","potentialAction":[{"@type":"ReadAction","target":["https:\/\/www.ivinio.com\/fr\/produit\/champagne-etienne-chere-brut-tradition\/"]}]},{"@type":"ImageObject","inLanguage":"fr-FR","@id":"https:\/\/www.ivinio.com\/fr\/produit\/champagne-etienne-chere-brut-tradition\/#primaryimage","url":"https:\/\/www.ivinio.com\/wp-content\/uploads\/2021\/06\/Etienne-Chere-Tradition-IVINIO.jpg","contentUrl":"https:\/\/www.ivinio.com\/wp-content\/uploads\/2021\/06\/Etienne-Chere-Tradition-IVINIO.jpg","width":600,"height":600},{"@type":"BreadcrumbList","@id":"https:\/\/www.ivinio.com\/fr\/produit\/champagne-etienne-chere-brut-tradition\/#breadcrumb","itemListElement":[{"@type":"ListItem","position":1,"name":"Home","item":"https:\/\/www.ivinio.com\/fr\/"},{"@type":"ListItem","position":2,"name":"Boutique de vin","item":"https:\/\/www.ivinio.com\/fr\/boutique-de-vin\/"},{"@type":"ListItem","position":3,"name":"Champagne Etienne Ch\u00e9r\u00e9 &#8211; Brut Tradition"}]},{"@type":"WebSite","@id":"https:\/\/www.ivinio.com\/fr\/#website","url":"https:\/\/www.ivinio.com\/fr\/","name":"IVINIO Caviste","description":"Vins de France et d&#039;Italie avec livraison \u00e0 domicile","publisher":{"@id":"https:\/\/www.ivinio.com\/fr\/#organization"},"potentialAction":[{"@type":"SearchAction","target":{"@type":"EntryPoint","urlTemplate":"https:\/\/www.ivinio.com\/fr\/?s={search_term_string}"},"query-input":{"@type":"PropertyValueSpecification","valueRequired":true,"valueName":"search_term_string"}}],"inLanguage":"fr-FR"},{"@type":"Organization","@id":"https:\/\/www.ivinio.com\/fr\/#organization","name":"IVINIO","url":"https:\/\/www.ivinio.com\/fr\/","logo":{"@type":"ImageObject","inLanguage":"fr-FR","@id":"https:\/\/www.ivinio.com\/fr\/#\/schema\/logo\/image\/","url":"https:\/\/www.ivinio.com\/wp-content\/uploads\/2021\/01\/Logo-Ivinio-v2.jpg","contentUrl":"https:\/\/www.ivinio.com\/wp-content\/uploads\/2021\/01\/Logo-Ivinio-v2.jpg","width":1194,"height":1194,"caption":"IVINIO"},"image":{"@id":"https:\/\/www.ivinio.com\/fr\/#\/schema\/logo\/image\/"},"sameAs":["https:\/\/www.facebook.com\/groups\/165217837022391\/?ref=bookmarks","https:\/\/www.instagram.com\/_ivinio_\/?hl=fr"]}]}},"jetpack_sharing_enabled":true,"_links":{"self":[{"href":"https:\/\/www.ivinio.com\/fr\/wp-json\/wp\/v2\/product\/128155","targetHints":{"allow":["GET"]}}],"collection":[{"href":"https:\/\/www.ivinio.com\/fr\/wp-json\/wp\/v2\/product"}],"about":[{"href":"https:\/\/www.ivinio.com\/fr\/wp-json\/wp\/v2\/types\/product"}],"replies":[{"embeddable":true,"href":"https:\/\/www.ivinio.com\/fr\/wp-json\/wp\/v2\/comments?post=128155"}],"wp:featuredmedia":[{"embeddable":true,"href":"https:\/\/www.ivinio.com\/fr\/wp-json\/wp\/v2\/media\/126823"}],"wp:attachment":[{"href":"https:\/\/www.ivinio.com\/fr\/wp-json\/wp\/v2\/media?parent=128155"}],"wp:term":[{"taxonomy":"product_brand","embeddable":true,"href":"https:\/\/www.ivinio.com\/fr\/wp-json\/wp\/v2\/product_brand?post=128155"},{"taxonomy":"product_cat","embeddable":true,"href":"https:\/\/www.ivinio.com\/fr\/wp-json\/wp\/v2\/product_cat?post=128155"},{"taxonomy":"product_tag","embeddable":true,"href":"https:\/\/www.ivinio.com\/fr\/wp-json\/wp\/v2\/product_tag?post=128155"}],"curies":[{"name":"wp","href":"https:\/\/api.w.org\/{rel}","templated":true}]}}