{"id":127218,"date":"2021-02-20T15:57:56","date_gmt":"2021-02-20T14:57:56","guid":{"rendered":"https:\/\/henrik.www.ivinio.com\/product\/domaine-francois-villard-crozes-hermitage-cour-de-recre-blanc\/"},"modified":"2026-03-24T18:18:04","modified_gmt":"2026-03-24T17:18:04","slug":"domaine-francois-villard-crozes-hermitage-cour-de-recre-blanc","status":"publish","type":"product","link":"https:\/\/www.ivinio.com\/fr\/produit\/domaine-francois-villard-crozes-hermitage-cour-de-recre-blanc\/","title":{"rendered":"Domaine Fran\u00e7ois Villard &#8211; Crozes-Hermitage &#8211; Cour de R\u00e9cr\u00e9 &#8211; Blanc"},"content":{"rendered":"<p><span class=\"JLqJ4b ChMk0b\" data-language-for-alternatives=\"sv\" data-language-to-translate-into=\"en\" data-phrase-index=\"0\">Cour de R\u00e9cr\u00e9 du Domaine Fran\u00e7ois Villard est un Crozes-Hermitage blanc \u00e9l\u00e9gant, frais et fruit\u00e9. Le vin est compos\u00e9 de <\/span><span class=\"JLqJ4b ChMk0b\" data-language-for-alternatives=\"sv\" data-language-to-translate-into=\"en\" data-phrase-index=\"1\">90 % de Marsanne et de 10 % de Rousanne cultiv\u00e9s en Mercurol<\/span><span class=\"JLqJ4b ChMk0b\" data-language-for-alternatives=\"sv\" data-language-to-translate-into=\"en\" data-phrase-index=\"3\">.<\/span>Les raisins sont press\u00e9s directement apr\u00e8s les vendanges et la fermentation se fait dans de grands foudres \u00e0 basse temp\u00e9rature et levure naturelle. La fermentation malolactique est partiellement arr\u00eat\u00e9e. L&#8217;\u00e9levage se fait sur les lies pendant 9 mois dans des foudres en ch\u00eane.<\/p>\n","protected":false},"excerpt":{"rendered":"<p>Cour de R\u00e9cr\u00e9 du Domaine Fran\u00e7ois Villard est un Crozes-Hermitage blanc ample, rond, frais et \u00e9l\u00e9gant. Servir avec des poissons grill\u00e9s, des poissons en sauce ou avec des fromages de ch\u00e8vre affin\u00e9.<\/p>\n","protected":false},"featured_media":127216,"comment_status":"open","ping_status":"closed","template":"","meta":{"_monsterinsights_skip_tracking":false,"_monsterinsights_sitenote_active":false,"_monsterinsights_sitenote_note":"","_monsterinsights_sitenote_category":0,"_uf_show_specific_survey":0,"_uf_disable_surveys":false},"product_brand":[],"product_cat":[36619,36586],"product_tag":[],"class_list":{"0":"post-127218","1":"product","2":"type-product","3":"status-publish","4":"has-post-thumbnail","6":"product_cat-fr-cotes-du-rhone","7":"product_cat-vins-francais","8":"pa_alcohol-degree-13-fr","9":"pa_classification-aop-crozes-hermitage-fr","10":"pa_color-blanc-fr","11":"pa_country-france-fr","12":"pa_grape-variety-marsanne-fr","13":"pa_grape-variety-roussanne-fr","14":"pa_region-vallee-du-rhone-fr","15":"pa_storage-potential-10-ans-fr","16":"pa_vintage-2024-fr","17":"pa_volume-75-cl-fr","19":"first","20":"instock","21":"taxable","22":"shipping-taxable","23":"purchasable","24":"product-type-simple"},"bundled_by":[],"bundle_stock_status":"instock","bundle_stock_quantity":null,"bundle_virtual":false,"bundle_layout":"","bundle_add_to_cart_form_location":"","bundle_editable_in_cart":false,"bundle_sold_individually_context":"","bundle_item_grouping":"","bundle_min_size":"","bundle_max_size":"","bundle_price":[],"bundled_items":[],"bundle_sell_ids":[],"yoast_head":"<!-- This site is optimized with the Yoast SEO plugin v27.4 - https:\/\/yoast.com\/product\/yoast-seo-wordpress\/ -->\n<title>Domaine Fran\u00e7ois Villard - Crozes-Hermitage - Cour de R\u00e9cr\u00e9 - vin blanc<\/title>\n<meta name=\"description\" content=\"Acheter Domaine Fran\u00e7ois Villard - Crozes-Hermitage - Cour de R\u00e9cr\u00e9 - vin blanc ample, rond, frais et \u00e9l\u00e9gant. Servir avec des poissons grill\u00e9s.\" \/>\n<meta name=\"robots\" content=\"index, follow, max-snippet:-1, max-image-preview:large, max-video-preview:-1\" \/>\n<link rel=\"canonical\" href=\"https:\/\/www.ivinio.com\/fr\/produit\/domaine-francois-villard-crozes-hermitage-cour-de-recre-blanc\/\" \/>\n<meta property=\"og:locale\" content=\"fr_FR\" \/>\n<meta property=\"og:type\" content=\"article\" \/>\n<meta property=\"og:title\" content=\"Domaine Fran\u00e7ois Villard - Crozes-Hermitage - Cour de R\u00e9cr\u00e9 - vin blanc\" \/>\n<meta property=\"og:description\" content=\"Acheter Domaine Fran\u00e7ois Villard - Crozes-Hermitage - Cour de R\u00e9cr\u00e9 - vin blanc ample, rond, frais et \u00e9l\u00e9gant. Servir avec des poissons grill\u00e9s.\" \/>\n<meta property=\"og:url\" content=\"https:\/\/www.ivinio.com\/fr\/produit\/domaine-francois-villard-crozes-hermitage-cour-de-recre-blanc\/\" \/>\n<meta property=\"og:site_name\" content=\"IVINIO Caviste\" \/>\n<meta property=\"article:publisher\" content=\"https:\/\/www.facebook.com\/groups\/165217837022391\/?ref=bookmarks\" \/>\n<meta property=\"article:modified_time\" content=\"2026-03-24T17:18:04+00:00\" \/>\n<meta property=\"og:image\" content=\"https:\/\/www.ivinio.com\/wp-content\/uploads\/2021\/02\/domaine-francois-villard-cour-de-recre-IVINIO.jpg\" \/>\n\t<meta property=\"og:image:width\" content=\"600\" \/>\n\t<meta property=\"og:image:height\" content=\"600\" \/>\n\t<meta property=\"og:image:type\" content=\"image\/jpeg\" \/>\n<meta name=\"twitter:card\" content=\"summary_large_image\" \/>\n<meta name=\"twitter:label1\" content=\"Dur\u00e9e de lecture estim\u00e9e\" \/>\n\t<meta name=\"twitter:data1\" content=\"1 minute\" \/>\n<script type=\"application\/ld+json\" class=\"yoast-schema-graph\">{\"@context\":\"https:\\\/\\\/schema.org\",\"@graph\":[{\"@type\":\"WebPage\",\"@id\":\"https:\\\/\\\/www.ivinio.com\\\/fr\\\/produit\\\/domaine-francois-villard-crozes-hermitage-cour-de-recre-blanc\\\/\",\"url\":\"https:\\\/\\\/www.ivinio.com\\\/fr\\\/produit\\\/domaine-francois-villard-crozes-hermitage-cour-de-recre-blanc\\\/\",\"name\":\"Domaine Fran\u00e7ois Villard - Crozes-Hermitage - Cour de R\u00e9cr\u00e9 - vin blanc\",\"isPartOf\":{\"@id\":\"https:\\\/\\\/www.ivinio.com\\\/fr\\\/#website\"},\"primaryImageOfPage\":{\"@id\":\"https:\\\/\\\/www.ivinio.com\\\/fr\\\/produit\\\/domaine-francois-villard-crozes-hermitage-cour-de-recre-blanc\\\/#primaryimage\"},\"image\":{\"@id\":\"https:\\\/\\\/www.ivinio.com\\\/fr\\\/produit\\\/domaine-francois-villard-crozes-hermitage-cour-de-recre-blanc\\\/#primaryimage\"},\"thumbnailUrl\":\"https:\\\/\\\/www.ivinio.com\\\/wp-content\\\/uploads\\\/2021\\\/02\\\/domaine-francois-villard-cour-de-recre-IVINIO.jpg\",\"datePublished\":\"2021-02-20T14:57:56+00:00\",\"dateModified\":\"2026-03-24T17:18:04+00:00\",\"description\":\"Acheter Domaine Fran\u00e7ois Villard - Crozes-Hermitage - Cour de R\u00e9cr\u00e9 - vin blanc ample, rond, frais et \u00e9l\u00e9gant. Servir avec des poissons grill\u00e9s.\",\"breadcrumb\":{\"@id\":\"https:\\\/\\\/www.ivinio.com\\\/fr\\\/produit\\\/domaine-francois-villard-crozes-hermitage-cour-de-recre-blanc\\\/#breadcrumb\"},\"inLanguage\":\"fr-FR\",\"potentialAction\":[{\"@type\":\"ReadAction\",\"target\":[\"https:\\\/\\\/www.ivinio.com\\\/fr\\\/produit\\\/domaine-francois-villard-crozes-hermitage-cour-de-recre-blanc\\\/\"]}]},{\"@type\":\"ImageObject\",\"inLanguage\":\"fr-FR\",\"@id\":\"https:\\\/\\\/www.ivinio.com\\\/fr\\\/produit\\\/domaine-francois-villard-crozes-hermitage-cour-de-recre-blanc\\\/#primaryimage\",\"url\":\"https:\\\/\\\/www.ivinio.com\\\/wp-content\\\/uploads\\\/2021\\\/02\\\/domaine-francois-villard-cour-de-recre-IVINIO.jpg\",\"contentUrl\":\"https:\\\/\\\/www.ivinio.com\\\/wp-content\\\/uploads\\\/2021\\\/02\\\/domaine-francois-villard-cour-de-recre-IVINIO.jpg\",\"width\":600,\"height\":600,\"caption\":\"Domaine Fran\u00e7ois Villard - Crozes-Hermitage - Cour de R\u00e9cr\u00e9\"},{\"@type\":\"BreadcrumbList\",\"@id\":\"https:\\\/\\\/www.ivinio.com\\\/fr\\\/produit\\\/domaine-francois-villard-crozes-hermitage-cour-de-recre-blanc\\\/#breadcrumb\",\"itemListElement\":[{\"@type\":\"ListItem\",\"position\":1,\"name\":\"Home\",\"item\":\"https:\\\/\\\/www.ivinio.com\\\/fr\\\/\"},{\"@type\":\"ListItem\",\"position\":2,\"name\":\"Boutique de vin\",\"item\":\"https:\\\/\\\/www.ivinio.com\\\/fr\\\/boutique-de-vin\\\/\"},{\"@type\":\"ListItem\",\"position\":3,\"name\":\"Domaine Fran\u00e7ois Villard &#8211; Crozes-Hermitage &#8211; Cour de R\u00e9cr\u00e9 &#8211; Blanc\"}]},{\"@type\":\"WebSite\",\"@id\":\"https:\\\/\\\/www.ivinio.com\\\/fr\\\/#website\",\"url\":\"https:\\\/\\\/www.ivinio.com\\\/fr\\\/\",\"name\":\"IVINIO Caviste\",\"description\":\"Vins de France et d&#039;Italie avec livraison \u00e0 domicile\",\"publisher\":{\"@id\":\"https:\\\/\\\/www.ivinio.com\\\/fr\\\/#organization\"},\"potentialAction\":[{\"@type\":\"SearchAction\",\"target\":{\"@type\":\"EntryPoint\",\"urlTemplate\":\"https:\\\/\\\/www.ivinio.com\\\/fr\\\/?s={search_term_string}\"},\"query-input\":{\"@type\":\"PropertyValueSpecification\",\"valueRequired\":true,\"valueName\":\"search_term_string\"}}],\"inLanguage\":\"fr-FR\"},{\"@type\":\"Organization\",\"@id\":\"https:\\\/\\\/www.ivinio.com\\\/fr\\\/#organization\",\"name\":\"IVINIO\",\"url\":\"https:\\\/\\\/www.ivinio.com\\\/fr\\\/\",\"logo\":{\"@type\":\"ImageObject\",\"inLanguage\":\"fr-FR\",\"@id\":\"https:\\\/\\\/www.ivinio.com\\\/fr\\\/#\\\/schema\\\/logo\\\/image\\\/\",\"url\":\"https:\\\/\\\/www.ivinio.com\\\/wp-content\\\/uploads\\\/2021\\\/01\\\/Logo-Ivinio-v2.jpg\",\"contentUrl\":\"https:\\\/\\\/www.ivinio.com\\\/wp-content\\\/uploads\\\/2021\\\/01\\\/Logo-Ivinio-v2.jpg\",\"width\":1194,\"height\":1194,\"caption\":\"IVINIO\"},\"image\":{\"@id\":\"https:\\\/\\\/www.ivinio.com\\\/fr\\\/#\\\/schema\\\/logo\\\/image\\\/\"},\"sameAs\":[\"https:\\\/\\\/www.facebook.com\\\/groups\\\/165217837022391\\\/?ref=bookmarks\",\"https:\\\/\\\/www.instagram.com\\\/_ivinio_\\\/?hl=fr\"]}]}<\/script>\n<!-- \/ Yoast SEO plugin. -->","yoast_head_json":{"title":"Domaine Fran\u00e7ois Villard - Crozes-Hermitage - Cour de R\u00e9cr\u00e9 - vin blanc","description":"Acheter Domaine Fran\u00e7ois Villard - Crozes-Hermitage - Cour de R\u00e9cr\u00e9 - vin blanc ample, rond, frais et \u00e9l\u00e9gant. Servir avec des poissons grill\u00e9s.","robots":{"index":"index","follow":"follow","max-snippet":"max-snippet:-1","max-image-preview":"max-image-preview:large","max-video-preview":"max-video-preview:-1"},"canonical":"https:\/\/www.ivinio.com\/fr\/produit\/domaine-francois-villard-crozes-hermitage-cour-de-recre-blanc\/","og_locale":"fr_FR","og_type":"article","og_title":"Domaine Fran\u00e7ois Villard - Crozes-Hermitage - Cour de R\u00e9cr\u00e9 - vin blanc","og_description":"Acheter Domaine Fran\u00e7ois Villard - Crozes-Hermitage - Cour de R\u00e9cr\u00e9 - vin blanc ample, rond, frais et \u00e9l\u00e9gant. Servir avec des poissons grill\u00e9s.","og_url":"https:\/\/www.ivinio.com\/fr\/produit\/domaine-francois-villard-crozes-hermitage-cour-de-recre-blanc\/","og_site_name":"IVINIO Caviste","article_publisher":"https:\/\/www.facebook.com\/groups\/165217837022391\/?ref=bookmarks","article_modified_time":"2026-03-24T17:18:04+00:00","og_image":[{"width":600,"height":600,"url":"https:\/\/www.ivinio.com\/wp-content\/uploads\/2021\/02\/domaine-francois-villard-cour-de-recre-IVINIO.jpg","type":"image\/jpeg"}],"twitter_card":"summary_large_image","twitter_misc":{"Dur\u00e9e de lecture estim\u00e9e":"1 minute"},"schema":{"@context":"https:\/\/schema.org","@graph":[{"@type":"WebPage","@id":"https:\/\/www.ivinio.com\/fr\/produit\/domaine-francois-villard-crozes-hermitage-cour-de-recre-blanc\/","url":"https:\/\/www.ivinio.com\/fr\/produit\/domaine-francois-villard-crozes-hermitage-cour-de-recre-blanc\/","name":"Domaine Fran\u00e7ois Villard - Crozes-Hermitage - Cour de R\u00e9cr\u00e9 - vin blanc","isPartOf":{"@id":"https:\/\/www.ivinio.com\/fr\/#website"},"primaryImageOfPage":{"@id":"https:\/\/www.ivinio.com\/fr\/produit\/domaine-francois-villard-crozes-hermitage-cour-de-recre-blanc\/#primaryimage"},"image":{"@id":"https:\/\/www.ivinio.com\/fr\/produit\/domaine-francois-villard-crozes-hermitage-cour-de-recre-blanc\/#primaryimage"},"thumbnailUrl":"https:\/\/www.ivinio.com\/wp-content\/uploads\/2021\/02\/domaine-francois-villard-cour-de-recre-IVINIO.jpg","datePublished":"2021-02-20T14:57:56+00:00","dateModified":"2026-03-24T17:18:04+00:00","description":"Acheter Domaine Fran\u00e7ois Villard - Crozes-Hermitage - Cour de R\u00e9cr\u00e9 - vin blanc ample, rond, frais et \u00e9l\u00e9gant. Servir avec des poissons grill\u00e9s.","breadcrumb":{"@id":"https:\/\/www.ivinio.com\/fr\/produit\/domaine-francois-villard-crozes-hermitage-cour-de-recre-blanc\/#breadcrumb"},"inLanguage":"fr-FR","potentialAction":[{"@type":"ReadAction","target":["https:\/\/www.ivinio.com\/fr\/produit\/domaine-francois-villard-crozes-hermitage-cour-de-recre-blanc\/"]}]},{"@type":"ImageObject","inLanguage":"fr-FR","@id":"https:\/\/www.ivinio.com\/fr\/produit\/domaine-francois-villard-crozes-hermitage-cour-de-recre-blanc\/#primaryimage","url":"https:\/\/www.ivinio.com\/wp-content\/uploads\/2021\/02\/domaine-francois-villard-cour-de-recre-IVINIO.jpg","contentUrl":"https:\/\/www.ivinio.com\/wp-content\/uploads\/2021\/02\/domaine-francois-villard-cour-de-recre-IVINIO.jpg","width":600,"height":600,"caption":"Domaine Fran\u00e7ois Villard - Crozes-Hermitage - Cour de R\u00e9cr\u00e9"},{"@type":"BreadcrumbList","@id":"https:\/\/www.ivinio.com\/fr\/produit\/domaine-francois-villard-crozes-hermitage-cour-de-recre-blanc\/#breadcrumb","itemListElement":[{"@type":"ListItem","position":1,"name":"Home","item":"https:\/\/www.ivinio.com\/fr\/"},{"@type":"ListItem","position":2,"name":"Boutique de vin","item":"https:\/\/www.ivinio.com\/fr\/boutique-de-vin\/"},{"@type":"ListItem","position":3,"name":"Domaine Fran\u00e7ois Villard &#8211; Crozes-Hermitage &#8211; Cour de R\u00e9cr\u00e9 &#8211; Blanc"}]},{"@type":"WebSite","@id":"https:\/\/www.ivinio.com\/fr\/#website","url":"https:\/\/www.ivinio.com\/fr\/","name":"IVINIO Caviste","description":"Vins de France et d&#039;Italie avec livraison \u00e0 domicile","publisher":{"@id":"https:\/\/www.ivinio.com\/fr\/#organization"},"potentialAction":[{"@type":"SearchAction","target":{"@type":"EntryPoint","urlTemplate":"https:\/\/www.ivinio.com\/fr\/?s={search_term_string}"},"query-input":{"@type":"PropertyValueSpecification","valueRequired":true,"valueName":"search_term_string"}}],"inLanguage":"fr-FR"},{"@type":"Organization","@id":"https:\/\/www.ivinio.com\/fr\/#organization","name":"IVINIO","url":"https:\/\/www.ivinio.com\/fr\/","logo":{"@type":"ImageObject","inLanguage":"fr-FR","@id":"https:\/\/www.ivinio.com\/fr\/#\/schema\/logo\/image\/","url":"https:\/\/www.ivinio.com\/wp-content\/uploads\/2021\/01\/Logo-Ivinio-v2.jpg","contentUrl":"https:\/\/www.ivinio.com\/wp-content\/uploads\/2021\/01\/Logo-Ivinio-v2.jpg","width":1194,"height":1194,"caption":"IVINIO"},"image":{"@id":"https:\/\/www.ivinio.com\/fr\/#\/schema\/logo\/image\/"},"sameAs":["https:\/\/www.facebook.com\/groups\/165217837022391\/?ref=bookmarks","https:\/\/www.instagram.com\/_ivinio_\/?hl=fr"]}]}},"jetpack_sharing_enabled":true,"_links":{"self":[{"href":"https:\/\/www.ivinio.com\/fr\/wp-json\/wp\/v2\/product\/127218","targetHints":{"allow":["GET"]}}],"collection":[{"href":"https:\/\/www.ivinio.com\/fr\/wp-json\/wp\/v2\/product"}],"about":[{"href":"https:\/\/www.ivinio.com\/fr\/wp-json\/wp\/v2\/types\/product"}],"replies":[{"embeddable":true,"href":"https:\/\/www.ivinio.com\/fr\/wp-json\/wp\/v2\/comments?post=127218"}],"wp:featuredmedia":[{"embeddable":true,"href":"https:\/\/www.ivinio.com\/fr\/wp-json\/wp\/v2\/media\/127216"}],"wp:attachment":[{"href":"https:\/\/www.ivinio.com\/fr\/wp-json\/wp\/v2\/media?parent=127218"}],"wp:term":[{"taxonomy":"product_brand","embeddable":true,"href":"https:\/\/www.ivinio.com\/fr\/wp-json\/wp\/v2\/product_brand?post=127218"},{"taxonomy":"product_cat","embeddable":true,"href":"https:\/\/www.ivinio.com\/fr\/wp-json\/wp\/v2\/product_cat?post=127218"},{"taxonomy":"product_tag","embeddable":true,"href":"https:\/\/www.ivinio.com\/fr\/wp-json\/wp\/v2\/product_tag?post=127218"}],"curies":[{"name":"wp","href":"https:\/\/api.w.org\/{rel}","templated":true}]}}