{"id":127211,"date":"2021-02-20T17:25:14","date_gmt":"2021-02-20T16:25:14","guid":{"rendered":"https:\/\/henrik.www.ivinio.com\/product\/domaine-francois-villard-crozes-hermitage-certitude-rouge\/"},"modified":"2026-03-24T18:00:49","modified_gmt":"2026-03-24T17:00:49","slug":"domaine-francois-villard-crozes-hermitage-certitude-rouge","status":"publish","type":"product","link":"https:\/\/www.ivinio.com\/fr\/produit\/domaine-francois-villard-crozes-hermitage-certitude-rouge\/","title":{"rendered":"Domaine Fran\u00e7ois Villard &#8211; Crozes-Hermitage &#8211; Certitude &#8211; Rouge"},"content":{"rendered":"<p><span class=\"JLqJ4b ChMk0b\" data-language-for-alternatives=\"sv\" data-language-to-translate-into=\"en\" data-phrase-index=\"0\">Certitude du Domaine Fran\u00e7ois Villard est un Crozes-Hermitage l\u00e9g\u00e8rement \u00e9pic\u00e9 et cors\u00e9 avec beaucoup de charme.<\/span> <span class=\"JLqJ4b ChMk0b\" data-language-for-alternatives=\"sv\" data-language-to-translate-into=\"en\" data-phrase-index=\"1\">Raisins 100% Syrah cultiv\u00e9s \u00e0 Beaumont-Monteux, Mercurol et Chanos-Curson.<\/span> Les raisins sont cueillis en grappes. Fermentation<span class=\"JLqJ4b ChMk0b\" data-language-for-alternatives=\"sv\" data-language-to-translate-into=\"en\" data-phrase-index=\"2\"> pendant 10 jours dans des cuves en acier ouvertes et des f\u00fbts de ch\u00eane. L&#8217;\u00e9levage se fait en f\u00fbts de ch\u00eane et en cuves tronconiques pendant 11 mois, puis encore 8 mois en cuves acier.<\/span><\/p>\n","protected":false},"excerpt":{"rendered":"<p><span class=\"JLqJ4b ChMk0b\" data-language-for-alternatives=\"sv\" data-language-to-translate-into=\"en\" data-phrase-index=\"6\">Certitude du Domaine Fran\u00e7ois Villard est un charmant Crozes-Hermitage rouge l\u00e9g\u00e8rement \u00e9pic\u00e9 et vieilli en f\u00fbts de ch\u00eane.<\/span> <span class=\"JLqJ4b ChMk0b\" data-language-for-alternatives=\"sv\" data-language-to-translate-into=\"en\" data-phrase-index=\"7\">Servir avec des plats d&#8217;agneau ou le plateau de fromages. <\/span><\/p>\n","protected":false},"featured_media":127209,"comment_status":"open","ping_status":"closed","template":"","meta":{"_monsterinsights_skip_tracking":false,"_monsterinsights_sitenote_active":false,"_monsterinsights_sitenote_note":"","_monsterinsights_sitenote_category":0,"_uf_show_specific_survey":0,"_uf_disable_surveys":false},"product_brand":[],"product_cat":[36619,36586],"product_tag":[],"class_list":{"0":"post-127211","1":"product","2":"type-product","3":"status-publish","4":"has-post-thumbnail","6":"product_cat-fr-cotes-du-rhone","7":"product_cat-vins-francais","8":"pa_alcohol-degree-40057","9":"pa_classification-aop-crozes-hermitage-fr","10":"pa_color-rouge-fr","11":"pa_country-france-fr","12":"pa_grape-variety-syrah-fr","13":"pa_region-vallee-du-rhone-fr","14":"pa_storage-potential-15-ans","15":"pa_vintage-2023-fr","16":"pa_volume-75-cl-fr","18":"first","19":"instock","20":"taxable","21":"shipping-taxable","22":"purchasable","23":"product-type-simple"},"bundled_by":[],"bundle_stock_status":"instock","bundle_stock_quantity":null,"bundle_virtual":false,"bundle_layout":"","bundle_add_to_cart_form_location":"","bundle_editable_in_cart":false,"bundle_sold_individually_context":"","bundle_item_grouping":"","bundle_min_size":"","bundle_max_size":"","bundle_price":[],"bundled_items":[],"bundle_sell_ids":[],"yoast_head":"<!-- This site is optimized with the Yoast SEO plugin v27.5 - https:\/\/yoast.com\/product\/yoast-seo-wordpress\/ -->\n<title>Domaine Fran\u00e7ois Villard - Crozes-Hermitage - Certitude - Rouge - IVINIO Caviste<\/title>\n<meta name=\"description\" content=\"Certitude du Domaine Fran\u00e7ois Villard est un charmant Crozes-Hermitage rouge l\u00e9g\u00e8rement \u00e9pic\u00e9 et vieilli en f\u00fbts de ch\u00eane. Servir avec des plats d&#039;agneau ou le plateau de fromages.\" \/>\n<meta name=\"robots\" content=\"index, follow, max-snippet:-1, max-image-preview:large, max-video-preview:-1\" \/>\n<link rel=\"canonical\" href=\"https:\/\/www.ivinio.com\/fr\/produit\/domaine-francois-villard-crozes-hermitage-certitude-rouge\/\" \/>\n<meta property=\"og:locale\" content=\"fr_FR\" \/>\n<meta property=\"og:type\" content=\"article\" \/>\n<meta property=\"og:title\" content=\"Domaine Fran\u00e7ois Villard - Crozes-Hermitage - Certitude - Rouge - IVINIO Caviste\" \/>\n<meta property=\"og:description\" content=\"Certitude du Domaine Fran\u00e7ois Villard est un charmant Crozes-Hermitage rouge l\u00e9g\u00e8rement \u00e9pic\u00e9 et vieilli en f\u00fbts de ch\u00eane. Servir avec des plats d&#039;agneau ou le plateau de fromages.\" \/>\n<meta property=\"og:url\" content=\"https:\/\/www.ivinio.com\/fr\/produit\/domaine-francois-villard-crozes-hermitage-certitude-rouge\/\" \/>\n<meta property=\"og:site_name\" content=\"IVINIO Caviste\" \/>\n<meta property=\"article:publisher\" content=\"https:\/\/www.facebook.com\/groups\/165217837022391\/?ref=bookmarks\" \/>\n<meta property=\"article:modified_time\" content=\"2026-03-24T17:00:49+00:00\" \/>\n<meta property=\"og:image\" content=\"https:\/\/www.ivinio.com\/wp-content\/uploads\/2021\/02\/Domaine-Francois-Villard-Certitude-IVINIO.jpg\" \/>\n\t<meta property=\"og:image:width\" content=\"600\" \/>\n\t<meta property=\"og:image:height\" content=\"600\" \/>\n\t<meta property=\"og:image:type\" content=\"image\/jpeg\" \/>\n<meta name=\"twitter:card\" content=\"summary_large_image\" \/>\n<meta name=\"twitter:label1\" content=\"Dur\u00e9e de lecture estim\u00e9e\" \/>\n\t<meta name=\"twitter:data1\" content=\"1 minute\" \/>\n<script type=\"application\/ld+json\" class=\"yoast-schema-graph\">{\"@context\":\"https:\\\/\\\/schema.org\",\"@graph\":[{\"@type\":\"WebPage\",\"@id\":\"https:\\\/\\\/www.ivinio.com\\\/fr\\\/produit\\\/domaine-francois-villard-crozes-hermitage-certitude-rouge\\\/\",\"url\":\"https:\\\/\\\/www.ivinio.com\\\/fr\\\/produit\\\/domaine-francois-villard-crozes-hermitage-certitude-rouge\\\/\",\"name\":\"Domaine Fran\u00e7ois Villard - Crozes-Hermitage - Certitude - Rouge - IVINIO Caviste\",\"isPartOf\":{\"@id\":\"https:\\\/\\\/www.ivinio.com\\\/fr\\\/#website\"},\"primaryImageOfPage\":{\"@id\":\"https:\\\/\\\/www.ivinio.com\\\/fr\\\/produit\\\/domaine-francois-villard-crozes-hermitage-certitude-rouge\\\/#primaryimage\"},\"image\":{\"@id\":\"https:\\\/\\\/www.ivinio.com\\\/fr\\\/produit\\\/domaine-francois-villard-crozes-hermitage-certitude-rouge\\\/#primaryimage\"},\"thumbnailUrl\":\"https:\\\/\\\/www.ivinio.com\\\/wp-content\\\/uploads\\\/2021\\\/02\\\/Domaine-Francois-Villard-Certitude-IVINIO.jpg\",\"datePublished\":\"2021-02-20T16:25:14+00:00\",\"dateModified\":\"2026-03-24T17:00:49+00:00\",\"description\":\"Certitude du Domaine Fran\u00e7ois Villard est un charmant Crozes-Hermitage rouge l\u00e9g\u00e8rement \u00e9pic\u00e9 et vieilli en f\u00fbts de ch\u00eane. Servir avec des plats d'agneau ou le plateau de fromages.\",\"breadcrumb\":{\"@id\":\"https:\\\/\\\/www.ivinio.com\\\/fr\\\/produit\\\/domaine-francois-villard-crozes-hermitage-certitude-rouge\\\/#breadcrumb\"},\"inLanguage\":\"fr-FR\",\"potentialAction\":[{\"@type\":\"ReadAction\",\"target\":[\"https:\\\/\\\/www.ivinio.com\\\/fr\\\/produit\\\/domaine-francois-villard-crozes-hermitage-certitude-rouge\\\/\"]}]},{\"@type\":\"ImageObject\",\"inLanguage\":\"fr-FR\",\"@id\":\"https:\\\/\\\/www.ivinio.com\\\/fr\\\/produit\\\/domaine-francois-villard-crozes-hermitage-certitude-rouge\\\/#primaryimage\",\"url\":\"https:\\\/\\\/www.ivinio.com\\\/wp-content\\\/uploads\\\/2021\\\/02\\\/Domaine-Francois-Villard-Certitude-IVINIO.jpg\",\"contentUrl\":\"https:\\\/\\\/www.ivinio.com\\\/wp-content\\\/uploads\\\/2021\\\/02\\\/Domaine-Francois-Villard-Certitude-IVINIO.jpg\",\"width\":600,\"height\":600},{\"@type\":\"BreadcrumbList\",\"@id\":\"https:\\\/\\\/www.ivinio.com\\\/fr\\\/produit\\\/domaine-francois-villard-crozes-hermitage-certitude-rouge\\\/#breadcrumb\",\"itemListElement\":[{\"@type\":\"ListItem\",\"position\":1,\"name\":\"Home\",\"item\":\"https:\\\/\\\/www.ivinio.com\\\/fr\\\/\"},{\"@type\":\"ListItem\",\"position\":2,\"name\":\"Boutique de vin\",\"item\":\"https:\\\/\\\/www.ivinio.com\\\/fr\\\/boutique-de-vin\\\/\"},{\"@type\":\"ListItem\",\"position\":3,\"name\":\"Domaine Fran\u00e7ois Villard &#8211; Crozes-Hermitage &#8211; Certitude &#8211; Rouge\"}]},{\"@type\":\"WebSite\",\"@id\":\"https:\\\/\\\/www.ivinio.com\\\/fr\\\/#website\",\"url\":\"https:\\\/\\\/www.ivinio.com\\\/fr\\\/\",\"name\":\"IVINIO Caviste\",\"description\":\"Vins de France et d&#039;Italie avec livraison \u00e0 domicile\",\"publisher\":{\"@id\":\"https:\\\/\\\/www.ivinio.com\\\/fr\\\/#organization\"},\"potentialAction\":[{\"@type\":\"SearchAction\",\"target\":{\"@type\":\"EntryPoint\",\"urlTemplate\":\"https:\\\/\\\/www.ivinio.com\\\/fr\\\/?s={search_term_string}\"},\"query-input\":{\"@type\":\"PropertyValueSpecification\",\"valueRequired\":true,\"valueName\":\"search_term_string\"}}],\"inLanguage\":\"fr-FR\"},{\"@type\":\"Organization\",\"@id\":\"https:\\\/\\\/www.ivinio.com\\\/fr\\\/#organization\",\"name\":\"IVINIO\",\"url\":\"https:\\\/\\\/www.ivinio.com\\\/fr\\\/\",\"logo\":{\"@type\":\"ImageObject\",\"inLanguage\":\"fr-FR\",\"@id\":\"https:\\\/\\\/www.ivinio.com\\\/fr\\\/#\\\/schema\\\/logo\\\/image\\\/\",\"url\":\"https:\\\/\\\/www.ivinio.com\\\/wp-content\\\/uploads\\\/2021\\\/01\\\/Logo-Ivinio-v2.jpg\",\"contentUrl\":\"https:\\\/\\\/www.ivinio.com\\\/wp-content\\\/uploads\\\/2021\\\/01\\\/Logo-Ivinio-v2.jpg\",\"width\":1194,\"height\":1194,\"caption\":\"IVINIO\"},\"image\":{\"@id\":\"https:\\\/\\\/www.ivinio.com\\\/fr\\\/#\\\/schema\\\/logo\\\/image\\\/\"},\"sameAs\":[\"https:\\\/\\\/www.facebook.com\\\/groups\\\/165217837022391\\\/?ref=bookmarks\",\"https:\\\/\\\/www.instagram.com\\\/_ivinio_\\\/?hl=fr\"]}]}<\/script>\n<!-- \/ Yoast SEO plugin. -->","yoast_head_json":{"title":"Domaine Fran\u00e7ois Villard - Crozes-Hermitage - Certitude - Rouge - IVINIO Caviste","description":"Certitude du Domaine Fran\u00e7ois Villard est un charmant Crozes-Hermitage rouge l\u00e9g\u00e8rement \u00e9pic\u00e9 et vieilli en f\u00fbts de ch\u00eane. Servir avec des plats d'agneau ou le plateau de fromages.","robots":{"index":"index","follow":"follow","max-snippet":"max-snippet:-1","max-image-preview":"max-image-preview:large","max-video-preview":"max-video-preview:-1"},"canonical":"https:\/\/www.ivinio.com\/fr\/produit\/domaine-francois-villard-crozes-hermitage-certitude-rouge\/","og_locale":"fr_FR","og_type":"article","og_title":"Domaine Fran\u00e7ois Villard - Crozes-Hermitage - Certitude - Rouge - IVINIO Caviste","og_description":"Certitude du Domaine Fran\u00e7ois Villard est un charmant Crozes-Hermitage rouge l\u00e9g\u00e8rement \u00e9pic\u00e9 et vieilli en f\u00fbts de ch\u00eane. Servir avec des plats d'agneau ou le plateau de fromages.","og_url":"https:\/\/www.ivinio.com\/fr\/produit\/domaine-francois-villard-crozes-hermitage-certitude-rouge\/","og_site_name":"IVINIO Caviste","article_publisher":"https:\/\/www.facebook.com\/groups\/165217837022391\/?ref=bookmarks","article_modified_time":"2026-03-24T17:00:49+00:00","og_image":[{"width":600,"height":600,"url":"https:\/\/www.ivinio.com\/wp-content\/uploads\/2021\/02\/Domaine-Francois-Villard-Certitude-IVINIO.jpg","type":"image\/jpeg"}],"twitter_card":"summary_large_image","twitter_misc":{"Dur\u00e9e de lecture estim\u00e9e":"1 minute"},"schema":{"@context":"https:\/\/schema.org","@graph":[{"@type":"WebPage","@id":"https:\/\/www.ivinio.com\/fr\/produit\/domaine-francois-villard-crozes-hermitage-certitude-rouge\/","url":"https:\/\/www.ivinio.com\/fr\/produit\/domaine-francois-villard-crozes-hermitage-certitude-rouge\/","name":"Domaine Fran\u00e7ois Villard - Crozes-Hermitage - Certitude - Rouge - IVINIO Caviste","isPartOf":{"@id":"https:\/\/www.ivinio.com\/fr\/#website"},"primaryImageOfPage":{"@id":"https:\/\/www.ivinio.com\/fr\/produit\/domaine-francois-villard-crozes-hermitage-certitude-rouge\/#primaryimage"},"image":{"@id":"https:\/\/www.ivinio.com\/fr\/produit\/domaine-francois-villard-crozes-hermitage-certitude-rouge\/#primaryimage"},"thumbnailUrl":"https:\/\/www.ivinio.com\/wp-content\/uploads\/2021\/02\/Domaine-Francois-Villard-Certitude-IVINIO.jpg","datePublished":"2021-02-20T16:25:14+00:00","dateModified":"2026-03-24T17:00:49+00:00","description":"Certitude du Domaine Fran\u00e7ois Villard est un charmant Crozes-Hermitage rouge l\u00e9g\u00e8rement \u00e9pic\u00e9 et vieilli en f\u00fbts de ch\u00eane. Servir avec des plats d'agneau ou le plateau de fromages.","breadcrumb":{"@id":"https:\/\/www.ivinio.com\/fr\/produit\/domaine-francois-villard-crozes-hermitage-certitude-rouge\/#breadcrumb"},"inLanguage":"fr-FR","potentialAction":[{"@type":"ReadAction","target":["https:\/\/www.ivinio.com\/fr\/produit\/domaine-francois-villard-crozes-hermitage-certitude-rouge\/"]}]},{"@type":"ImageObject","inLanguage":"fr-FR","@id":"https:\/\/www.ivinio.com\/fr\/produit\/domaine-francois-villard-crozes-hermitage-certitude-rouge\/#primaryimage","url":"https:\/\/www.ivinio.com\/wp-content\/uploads\/2021\/02\/Domaine-Francois-Villard-Certitude-IVINIO.jpg","contentUrl":"https:\/\/www.ivinio.com\/wp-content\/uploads\/2021\/02\/Domaine-Francois-Villard-Certitude-IVINIO.jpg","width":600,"height":600},{"@type":"BreadcrumbList","@id":"https:\/\/www.ivinio.com\/fr\/produit\/domaine-francois-villard-crozes-hermitage-certitude-rouge\/#breadcrumb","itemListElement":[{"@type":"ListItem","position":1,"name":"Home","item":"https:\/\/www.ivinio.com\/fr\/"},{"@type":"ListItem","position":2,"name":"Boutique de vin","item":"https:\/\/www.ivinio.com\/fr\/boutique-de-vin\/"},{"@type":"ListItem","position":3,"name":"Domaine Fran\u00e7ois Villard &#8211; Crozes-Hermitage &#8211; Certitude &#8211; Rouge"}]},{"@type":"WebSite","@id":"https:\/\/www.ivinio.com\/fr\/#website","url":"https:\/\/www.ivinio.com\/fr\/","name":"IVINIO Caviste","description":"Vins de France et d&#039;Italie avec livraison \u00e0 domicile","publisher":{"@id":"https:\/\/www.ivinio.com\/fr\/#organization"},"potentialAction":[{"@type":"SearchAction","target":{"@type":"EntryPoint","urlTemplate":"https:\/\/www.ivinio.com\/fr\/?s={search_term_string}"},"query-input":{"@type":"PropertyValueSpecification","valueRequired":true,"valueName":"search_term_string"}}],"inLanguage":"fr-FR"},{"@type":"Organization","@id":"https:\/\/www.ivinio.com\/fr\/#organization","name":"IVINIO","url":"https:\/\/www.ivinio.com\/fr\/","logo":{"@type":"ImageObject","inLanguage":"fr-FR","@id":"https:\/\/www.ivinio.com\/fr\/#\/schema\/logo\/image\/","url":"https:\/\/www.ivinio.com\/wp-content\/uploads\/2021\/01\/Logo-Ivinio-v2.jpg","contentUrl":"https:\/\/www.ivinio.com\/wp-content\/uploads\/2021\/01\/Logo-Ivinio-v2.jpg","width":1194,"height":1194,"caption":"IVINIO"},"image":{"@id":"https:\/\/www.ivinio.com\/fr\/#\/schema\/logo\/image\/"},"sameAs":["https:\/\/www.facebook.com\/groups\/165217837022391\/?ref=bookmarks","https:\/\/www.instagram.com\/_ivinio_\/?hl=fr"]}]}},"jetpack_sharing_enabled":true,"_links":{"self":[{"href":"https:\/\/www.ivinio.com\/fr\/wp-json\/wp\/v2\/product\/127211","targetHints":{"allow":["GET"]}}],"collection":[{"href":"https:\/\/www.ivinio.com\/fr\/wp-json\/wp\/v2\/product"}],"about":[{"href":"https:\/\/www.ivinio.com\/fr\/wp-json\/wp\/v2\/types\/product"}],"replies":[{"embeddable":true,"href":"https:\/\/www.ivinio.com\/fr\/wp-json\/wp\/v2\/comments?post=127211"}],"wp:featuredmedia":[{"embeddable":true,"href":"https:\/\/www.ivinio.com\/fr\/wp-json\/wp\/v2\/media\/127209"}],"wp:attachment":[{"href":"https:\/\/www.ivinio.com\/fr\/wp-json\/wp\/v2\/media?parent=127211"}],"wp:term":[{"taxonomy":"product_brand","embeddable":true,"href":"https:\/\/www.ivinio.com\/fr\/wp-json\/wp\/v2\/product_brand?post=127211"},{"taxonomy":"product_cat","embeddable":true,"href":"https:\/\/www.ivinio.com\/fr\/wp-json\/wp\/v2\/product_cat?post=127211"},{"taxonomy":"product_tag","embeddable":true,"href":"https:\/\/www.ivinio.com\/fr\/wp-json\/wp\/v2\/product_tag?post=127211"}],"curies":[{"name":"wp","href":"https:\/\/api.w.org\/{rel}","templated":true}]}}