{"id":126884,"date":"2021-06-08T17:40:07","date_gmt":"2021-06-08T15:58:23","guid":{"rendered":"https:\/\/henrik.www.ivinio.com\/product\/la-badiane-mourvegue-bandol-rouge\/"},"modified":"2022-03-17T05:11:34","modified_gmt":"2022-03-17T04:11:34","slug":"la-badiane-mourvegue-bandol-rouge","status":"publish","type":"product","link":"https:\/\/www.ivinio.com\/fr\/produit\/la-badiane-mourvegue-bandol-rouge\/","title":{"rendered":"La Badiane &#8211; Mourv\u00e9gu\u00e9 &#8211; Bandol &#8211; Rouge"},"content":{"rendered":"<p>La Badiane &#8220;Mourv\u00e9gu\u00e9&#8221; &#8211; l&#8217;ancien nom du c\u00e9page Mourv\u00e8dre, est compos\u00e9 de 100% de Mourv\u00e8dre. Les raisins sont \u00e9grapp\u00e9s apr\u00e8s les vendanges et vinifi\u00e9s en cuves d&#8217;acier. Les raisins sont ensuite l\u00e9g\u00e8rement press\u00e9s et le vin est \u00e9lev\u00e9 dans des grands foudres de ch\u00eane avec leur les lies pendant une luxueuse dur\u00e9e de 36 mois. Le vin n&#8217;est ni clarifi\u00e9 ni filtr\u00e9.<\/p>\n","protected":false},"excerpt":{"rendered":"<p>La Badiane &#8211; Mourv\u00e9gu\u00e9 &#8211; est un vin rouge cors\u00e9 de l&#8217;exclusive appellation Bandol en Provence. Un vin merveilleux et complexe \u00e0 servir avec divers plats de viande et avec le plateau de fromages.<\/p>\n","protected":false},"featured_media":126882,"comment_status":"open","ping_status":"closed","template":"","meta":{"_monsterinsights_skip_tracking":false,"_monsterinsights_sitenote_active":false,"_monsterinsights_sitenote_note":"","_monsterinsights_sitenote_category":0,"_uf_show_specific_survey":0,"_uf_disable_surveys":false},"product_brand":[],"product_cat":[36624,36588],"product_tag":[],"class_list":{"0":"post-126884","1":"product","2":"type-product","3":"status-publish","4":"has-post-thumbnail","6":"product_cat-sv-provence","7":"product_cat-franska-viner","8":"pa_alcohol-degree-14-sv","9":"pa_awards-guide-hachette-sv","10":"pa_classification-aop-bandol-sv","11":"pa_color-rod-sv","12":"pa_country-frankrike-sv","13":"pa_grape-variety-mourvedre-sv","14":"pa_region-provence-sv","15":"pa_storage-potential-minst-10-ar-sv","16":"pa_vintage-2013-sv","17":"pa_volume-75-cl-sv","19":"first","20":"outofstock","21":"sale","22":"taxable","23":"shipping-taxable","24":"purchasable","25":"product-type-simple"},"bundled_by":[],"bundle_stock_status":"outofstock","bundle_stock_quantity":null,"bundle_virtual":false,"bundle_layout":"","bundle_add_to_cart_form_location":"","bundle_editable_in_cart":false,"bundle_sold_individually_context":"","bundle_item_grouping":"","bundle_min_size":"","bundle_max_size":"","bundle_price":[],"bundled_items":[],"bundle_sell_ids":[],"yoast_head":"<!-- This site is optimized with the Yoast SEO plugin v27.3 - https:\/\/yoast.com\/product\/yoast-seo-wordpress\/ -->\n<title>La Badiane - Mourv\u00e9gu\u00e9 - Bandol - Rouge - IVINIO Caviste<\/title>\n<meta name=\"description\" content=\"La Badiane - Mourv\u00e9gu\u00e9 - est un vin rouge cors\u00e9 de l&#039;exclusive appellation Bandol en Provence. Un vin merveilleux et complexe \u00e0 servir avec divers plats de viande et avec le plateau de fromages.\" \/>\n<meta name=\"robots\" content=\"index, follow, max-snippet:-1, max-image-preview:large, max-video-preview:-1\" \/>\n<link rel=\"canonical\" href=\"https:\/\/www.ivinio.com\/fr\/produit\/la-badiane-mourvegue-bandol-rouge\/\" \/>\n<meta property=\"og:locale\" content=\"fr_FR\" \/>\n<meta property=\"og:type\" content=\"article\" \/>\n<meta property=\"og:title\" content=\"La Badiane - Mourv\u00e9gu\u00e9 - Bandol - Rouge - IVINIO Caviste\" \/>\n<meta property=\"og:description\" content=\"La Badiane - Mourv\u00e9gu\u00e9 - est un vin rouge cors\u00e9 de l&#039;exclusive appellation Bandol en Provence. Un vin merveilleux et complexe \u00e0 servir avec divers plats de viande et avec le plateau de fromages.\" \/>\n<meta property=\"og:url\" content=\"https:\/\/www.ivinio.com\/fr\/produit\/la-badiane-mourvegue-bandol-rouge\/\" \/>\n<meta property=\"og:site_name\" content=\"IVINIO Caviste\" \/>\n<meta property=\"article:publisher\" content=\"https:\/\/www.facebook.com\/groups\/165217837022391\/?ref=bookmarks\" \/>\n<meta property=\"article:modified_time\" content=\"2022-03-17T04:11:34+00:00\" \/>\n<meta property=\"og:image\" content=\"https:\/\/www.ivinio.com\/wp-content\/uploads\/2021\/06\/La-badiane-mourvegue-Bandol-IVINIO.jpg\" \/>\n\t<meta property=\"og:image:width\" content=\"600\" \/>\n\t<meta property=\"og:image:height\" content=\"600\" \/>\n\t<meta property=\"og:image:type\" content=\"image\/jpeg\" \/>\n<meta name=\"twitter:card\" content=\"summary_large_image\" \/>\n<script type=\"application\/ld+json\" class=\"yoast-schema-graph\">{\"@context\":\"https:\\\/\\\/schema.org\",\"@graph\":[{\"@type\":\"WebPage\",\"@id\":\"https:\\\/\\\/www.ivinio.com\\\/fr\\\/produit\\\/la-badiane-mourvegue-bandol-rouge\\\/\",\"url\":\"https:\\\/\\\/www.ivinio.com\\\/fr\\\/produit\\\/la-badiane-mourvegue-bandol-rouge\\\/\",\"name\":\"La Badiane - Mourv\u00e9gu\u00e9 - Bandol - Rouge - IVINIO Caviste\",\"isPartOf\":{\"@id\":\"https:\\\/\\\/www.ivinio.com\\\/fr\\\/#website\"},\"primaryImageOfPage\":{\"@id\":\"https:\\\/\\\/www.ivinio.com\\\/fr\\\/produit\\\/la-badiane-mourvegue-bandol-rouge\\\/#primaryimage\"},\"image\":{\"@id\":\"https:\\\/\\\/www.ivinio.com\\\/fr\\\/produit\\\/la-badiane-mourvegue-bandol-rouge\\\/#primaryimage\"},\"thumbnailUrl\":\"https:\\\/\\\/www.ivinio.com\\\/wp-content\\\/uploads\\\/2021\\\/06\\\/La-badiane-mourvegue-Bandol-IVINIO.jpg\",\"datePublished\":\"2021-06-08T15:58:23+00:00\",\"dateModified\":\"2022-03-17T04:11:34+00:00\",\"description\":\"La Badiane - Mourv\u00e9gu\u00e9 - est un vin rouge cors\u00e9 de l'exclusive appellation Bandol en Provence. Un vin merveilleux et complexe \u00e0 servir avec divers plats de viande et avec le plateau de fromages.\",\"breadcrumb\":{\"@id\":\"https:\\\/\\\/www.ivinio.com\\\/fr\\\/produit\\\/la-badiane-mourvegue-bandol-rouge\\\/#breadcrumb\"},\"inLanguage\":\"fr-FR\",\"potentialAction\":[{\"@type\":\"ReadAction\",\"target\":[\"https:\\\/\\\/www.ivinio.com\\\/fr\\\/produit\\\/la-badiane-mourvegue-bandol-rouge\\\/\"]}]},{\"@type\":\"ImageObject\",\"inLanguage\":\"fr-FR\",\"@id\":\"https:\\\/\\\/www.ivinio.com\\\/fr\\\/produit\\\/la-badiane-mourvegue-bandol-rouge\\\/#primaryimage\",\"url\":\"https:\\\/\\\/www.ivinio.com\\\/wp-content\\\/uploads\\\/2021\\\/06\\\/La-badiane-mourvegue-Bandol-IVINIO.jpg\",\"contentUrl\":\"https:\\\/\\\/www.ivinio.com\\\/wp-content\\\/uploads\\\/2021\\\/06\\\/La-badiane-mourvegue-Bandol-IVINIO.jpg\",\"width\":600,\"height\":600},{\"@type\":\"BreadcrumbList\",\"@id\":\"https:\\\/\\\/www.ivinio.com\\\/fr\\\/produit\\\/la-badiane-mourvegue-bandol-rouge\\\/#breadcrumb\",\"itemListElement\":[{\"@type\":\"ListItem\",\"position\":1,\"name\":\"Home\",\"item\":\"https:\\\/\\\/www.ivinio.com\\\/fr\\\/\"},{\"@type\":\"ListItem\",\"position\":2,\"name\":\"Boutique de vin\",\"item\":\"https:\\\/\\\/www.ivinio.com\\\/fr\\\/boutique-de-vin\\\/\"},{\"@type\":\"ListItem\",\"position\":3,\"name\":\"La Badiane &#8211; Mourv\u00e9gu\u00e9 &#8211; Bandol &#8211; Rouge\"}]},{\"@type\":\"WebSite\",\"@id\":\"https:\\\/\\\/www.ivinio.com\\\/fr\\\/#website\",\"url\":\"https:\\\/\\\/www.ivinio.com\\\/fr\\\/\",\"name\":\"IVINIO Caviste\",\"description\":\"Vins de France et d&#039;Italie avec livraison \u00e0 domicile\",\"publisher\":{\"@id\":\"https:\\\/\\\/www.ivinio.com\\\/fr\\\/#organization\"},\"potentialAction\":[{\"@type\":\"SearchAction\",\"target\":{\"@type\":\"EntryPoint\",\"urlTemplate\":\"https:\\\/\\\/www.ivinio.com\\\/fr\\\/?s={search_term_string}\"},\"query-input\":{\"@type\":\"PropertyValueSpecification\",\"valueRequired\":true,\"valueName\":\"search_term_string\"}}],\"inLanguage\":\"fr-FR\"},{\"@type\":\"Organization\",\"@id\":\"https:\\\/\\\/www.ivinio.com\\\/fr\\\/#organization\",\"name\":\"IVINIO\",\"url\":\"https:\\\/\\\/www.ivinio.com\\\/fr\\\/\",\"logo\":{\"@type\":\"ImageObject\",\"inLanguage\":\"fr-FR\",\"@id\":\"https:\\\/\\\/www.ivinio.com\\\/fr\\\/#\\\/schema\\\/logo\\\/image\\\/\",\"url\":\"https:\\\/\\\/www.ivinio.com\\\/wp-content\\\/uploads\\\/2021\\\/01\\\/Logo-Ivinio-v2.jpg\",\"contentUrl\":\"https:\\\/\\\/www.ivinio.com\\\/wp-content\\\/uploads\\\/2021\\\/01\\\/Logo-Ivinio-v2.jpg\",\"width\":1194,\"height\":1194,\"caption\":\"IVINIO\"},\"image\":{\"@id\":\"https:\\\/\\\/www.ivinio.com\\\/fr\\\/#\\\/schema\\\/logo\\\/image\\\/\"},\"sameAs\":[\"https:\\\/\\\/www.facebook.com\\\/groups\\\/165217837022391\\\/?ref=bookmarks\",\"https:\\\/\\\/www.instagram.com\\\/_ivinio_\\\/?hl=fr\"]}]}<\/script>\n<!-- \/ Yoast SEO plugin. -->","yoast_head_json":{"title":"La Badiane - Mourv\u00e9gu\u00e9 - Bandol - Rouge - IVINIO Caviste","description":"La Badiane - Mourv\u00e9gu\u00e9 - est un vin rouge cors\u00e9 de l'exclusive appellation Bandol en Provence. Un vin merveilleux et complexe \u00e0 servir avec divers plats de viande et avec le plateau de fromages.","robots":{"index":"index","follow":"follow","max-snippet":"max-snippet:-1","max-image-preview":"max-image-preview:large","max-video-preview":"max-video-preview:-1"},"canonical":"https:\/\/www.ivinio.com\/fr\/produit\/la-badiane-mourvegue-bandol-rouge\/","og_locale":"fr_FR","og_type":"article","og_title":"La Badiane - Mourv\u00e9gu\u00e9 - Bandol - Rouge - IVINIO Caviste","og_description":"La Badiane - Mourv\u00e9gu\u00e9 - est un vin rouge cors\u00e9 de l'exclusive appellation Bandol en Provence. Un vin merveilleux et complexe \u00e0 servir avec divers plats de viande et avec le plateau de fromages.","og_url":"https:\/\/www.ivinio.com\/fr\/produit\/la-badiane-mourvegue-bandol-rouge\/","og_site_name":"IVINIO Caviste","article_publisher":"https:\/\/www.facebook.com\/groups\/165217837022391\/?ref=bookmarks","article_modified_time":"2022-03-17T04:11:34+00:00","og_image":[{"width":600,"height":600,"url":"https:\/\/www.ivinio.com\/wp-content\/uploads\/2021\/06\/La-badiane-mourvegue-Bandol-IVINIO.jpg","type":"image\/jpeg"}],"twitter_card":"summary_large_image","schema":{"@context":"https:\/\/schema.org","@graph":[{"@type":"WebPage","@id":"https:\/\/www.ivinio.com\/fr\/produit\/la-badiane-mourvegue-bandol-rouge\/","url":"https:\/\/www.ivinio.com\/fr\/produit\/la-badiane-mourvegue-bandol-rouge\/","name":"La Badiane - Mourv\u00e9gu\u00e9 - Bandol - Rouge - IVINIO Caviste","isPartOf":{"@id":"https:\/\/www.ivinio.com\/fr\/#website"},"primaryImageOfPage":{"@id":"https:\/\/www.ivinio.com\/fr\/produit\/la-badiane-mourvegue-bandol-rouge\/#primaryimage"},"image":{"@id":"https:\/\/www.ivinio.com\/fr\/produit\/la-badiane-mourvegue-bandol-rouge\/#primaryimage"},"thumbnailUrl":"https:\/\/www.ivinio.com\/wp-content\/uploads\/2021\/06\/La-badiane-mourvegue-Bandol-IVINIO.jpg","datePublished":"2021-06-08T15:58:23+00:00","dateModified":"2022-03-17T04:11:34+00:00","description":"La Badiane - Mourv\u00e9gu\u00e9 - est un vin rouge cors\u00e9 de l'exclusive appellation Bandol en Provence. Un vin merveilleux et complexe \u00e0 servir avec divers plats de viande et avec le plateau de fromages.","breadcrumb":{"@id":"https:\/\/www.ivinio.com\/fr\/produit\/la-badiane-mourvegue-bandol-rouge\/#breadcrumb"},"inLanguage":"fr-FR","potentialAction":[{"@type":"ReadAction","target":["https:\/\/www.ivinio.com\/fr\/produit\/la-badiane-mourvegue-bandol-rouge\/"]}]},{"@type":"ImageObject","inLanguage":"fr-FR","@id":"https:\/\/www.ivinio.com\/fr\/produit\/la-badiane-mourvegue-bandol-rouge\/#primaryimage","url":"https:\/\/www.ivinio.com\/wp-content\/uploads\/2021\/06\/La-badiane-mourvegue-Bandol-IVINIO.jpg","contentUrl":"https:\/\/www.ivinio.com\/wp-content\/uploads\/2021\/06\/La-badiane-mourvegue-Bandol-IVINIO.jpg","width":600,"height":600},{"@type":"BreadcrumbList","@id":"https:\/\/www.ivinio.com\/fr\/produit\/la-badiane-mourvegue-bandol-rouge\/#breadcrumb","itemListElement":[{"@type":"ListItem","position":1,"name":"Home","item":"https:\/\/www.ivinio.com\/fr\/"},{"@type":"ListItem","position":2,"name":"Boutique de vin","item":"https:\/\/www.ivinio.com\/fr\/boutique-de-vin\/"},{"@type":"ListItem","position":3,"name":"La Badiane &#8211; Mourv\u00e9gu\u00e9 &#8211; Bandol &#8211; Rouge"}]},{"@type":"WebSite","@id":"https:\/\/www.ivinio.com\/fr\/#website","url":"https:\/\/www.ivinio.com\/fr\/","name":"IVINIO Caviste","description":"Vins de France et d&#039;Italie avec livraison \u00e0 domicile","publisher":{"@id":"https:\/\/www.ivinio.com\/fr\/#organization"},"potentialAction":[{"@type":"SearchAction","target":{"@type":"EntryPoint","urlTemplate":"https:\/\/www.ivinio.com\/fr\/?s={search_term_string}"},"query-input":{"@type":"PropertyValueSpecification","valueRequired":true,"valueName":"search_term_string"}}],"inLanguage":"fr-FR"},{"@type":"Organization","@id":"https:\/\/www.ivinio.com\/fr\/#organization","name":"IVINIO","url":"https:\/\/www.ivinio.com\/fr\/","logo":{"@type":"ImageObject","inLanguage":"fr-FR","@id":"https:\/\/www.ivinio.com\/fr\/#\/schema\/logo\/image\/","url":"https:\/\/www.ivinio.com\/wp-content\/uploads\/2021\/01\/Logo-Ivinio-v2.jpg","contentUrl":"https:\/\/www.ivinio.com\/wp-content\/uploads\/2021\/01\/Logo-Ivinio-v2.jpg","width":1194,"height":1194,"caption":"IVINIO"},"image":{"@id":"https:\/\/www.ivinio.com\/fr\/#\/schema\/logo\/image\/"},"sameAs":["https:\/\/www.facebook.com\/groups\/165217837022391\/?ref=bookmarks","https:\/\/www.instagram.com\/_ivinio_\/?hl=fr"]}]}},"jetpack_sharing_enabled":true,"_links":{"self":[{"href":"https:\/\/www.ivinio.com\/fr\/wp-json\/wp\/v2\/product\/126884","targetHints":{"allow":["GET"]}}],"collection":[{"href":"https:\/\/www.ivinio.com\/fr\/wp-json\/wp\/v2\/product"}],"about":[{"href":"https:\/\/www.ivinio.com\/fr\/wp-json\/wp\/v2\/types\/product"}],"replies":[{"embeddable":true,"href":"https:\/\/www.ivinio.com\/fr\/wp-json\/wp\/v2\/comments?post=126884"}],"wp:featuredmedia":[{"embeddable":true,"href":"https:\/\/www.ivinio.com\/fr\/wp-json\/wp\/v2\/media\/126882"}],"wp:attachment":[{"href":"https:\/\/www.ivinio.com\/fr\/wp-json\/wp\/v2\/media?parent=126884"}],"wp:term":[{"taxonomy":"product_brand","embeddable":true,"href":"https:\/\/www.ivinio.com\/fr\/wp-json\/wp\/v2\/product_brand?post=126884"},{"taxonomy":"product_cat","embeddable":true,"href":"https:\/\/www.ivinio.com\/fr\/wp-json\/wp\/v2\/product_cat?post=126884"},{"taxonomy":"product_tag","embeddable":true,"href":"https:\/\/www.ivinio.com\/fr\/wp-json\/wp\/v2\/product_tag?post=126884"}],"curies":[{"name":"wp","href":"https:\/\/api.w.org\/{rel}","templated":true}]}}