{"id":126798,"date":"2021-05-25T19:19:24","date_gmt":"2021-05-25T18:13:04","guid":{"rendered":"https:\/\/henrik.www.ivinio.com\/product\/la-figuiere-3x2-bouteilles-carton-decouverte\/"},"modified":"2022-03-17T05:11:36","modified_gmt":"2022-03-17T04:11:36","slug":"la-figuiere-carton-decouverte-3x2-bouteilles","status":"publish","type":"product","link":"https:\/\/www.ivinio.com\/fr\/produit\/la-figuiere-carton-decouverte-3x2-bouteilles\/","title":{"rendered":"La Figui\u00e8re &#8211; 3X2 bouteilles &#8211; Carton d\u00e9couverte"},"content":{"rendered":"<p>Ce cartons de vin m\u00e9lang\u00e9 contient 2 bouteilles de chaque couleur de la gamme Signature de chez La Figui\u00e8re. Vous avez l&#8217;opportunit\u00e9 de d\u00e9guster Magali, Val\u00e9rie et Fran\u00e7ois &#8211; 3 jolies cuv\u00e9es de ros\u00e9, blanc et rouge au charme proven\u00e7al !<\/p>\n","protected":false},"excerpt":{"rendered":"<p>Profitez-en et essayez les 3 couleurs du segment Signature de chez la Figui\u00e8re en Provence! Magali en ros\u00e9, Val\u00e9rie en blanc et Fran\u00e7ois en rouge!<\/p>\n","protected":false},"featured_media":126796,"comment_status":"open","ping_status":"closed","template":"","meta":{"_monsterinsights_skip_tracking":false,"_monsterinsights_sitenote_active":false,"_monsterinsights_sitenote_note":"","_monsterinsights_sitenote_category":0,"_uf_show_specific_survey":0,"_uf_disable_surveys":false},"product_brand":[],"product_cat":[36643],"product_tag":[],"class_list":{"0":"post-126798","1":"product","2":"type-product","3":"status-publish","4":"has-post-thumbnail","6":"product_cat-ronde-des-vins","8":"first","9":"instock","10":"taxable","11":"shipping-taxable","12":"purchasable","13":"product-type-bundle"},"bundled_by":[],"bundle_stock_status":"instock","bundle_stock_quantity":"","bundle_virtual":false,"bundle_layout":"grid","bundle_add_to_cart_form_location":"default","bundle_editable_in_cart":false,"bundle_sold_individually_context":"product","bundle_item_grouping":"parent","bundle_min_size":"","bundle_max_size":"","bundle_price":{"price":{"min":{"incl_tax":"74","excl_tax":"74"},"max":{"incl_tax":"74","excl_tax":"74"}},"regular_price":{"min":{"incl_tax":"74","excl_tax":"74"},"max":{"incl_tax":"74","excl_tax":"74"}}},"bundled_items":[{"bundled_item_id":8460,"product_id":124255,"menu_order":0,"quantity_min":1,"quantity_max":1,"quantity_default":1,"priced_individually":false,"shipped_individually":false,"override_title":false,"title":"La Figui\u00e8re &#8211; Magali &#8211; Ros\u00e9","override_description":false,"description":"La Figui\u00e8re &#8211; Magali &#8211; Ros\u00e9","optional":false,"hide_thumbnail":false,"discount":"","override_variations":false,"allowed_variations":[""],"override_default_variation_attributes":false,"default_variation_attributes":[],"single_product_visibility":"visible","cart_visibility":"visible","order_visibility":"visible","single_product_price_visibility":"visible","cart_price_visibility":"visible","order_price_visibility":"visible","stock_status":"in_stock"},{"bundled_item_id":8461,"product_id":126783,"menu_order":1,"quantity_min":2,"quantity_max":2,"quantity_default":2,"priced_individually":false,"shipped_individually":false,"override_title":false,"title":"La Figui\u00e8re &#8211; Val\u00e9rie &#8211; Blanc","override_description":false,"description":"La Figui\u00e8re &#8211; Val\u00e9rie &#8211; Blanc","optional":false,"hide_thumbnail":false,"discount":"","override_variations":false,"allowed_variations":[""],"override_default_variation_attributes":false,"default_variation_attributes":[],"single_product_visibility":"visible","cart_visibility":"visible","order_visibility":"visible","single_product_price_visibility":"visible","cart_price_visibility":"visible","order_price_visibility":"visible","stock_status":"in_stock"},{"bundled_item_id":8462,"product_id":126789,"menu_order":2,"quantity_min":2,"quantity_max":2,"quantity_default":2,"priced_individually":false,"shipped_individually":false,"override_title":false,"title":"La Figui\u00e8re &#8211; Fran\u00e7ois &#8211; Rouge","override_description":false,"description":"La Figui\u00e8re &#8211; Fran\u00e7ois &#8211; Rouge","optional":false,"hide_thumbnail":false,"discount":"","override_variations":false,"allowed_variations":[""],"override_default_variation_attributes":false,"default_variation_attributes":[],"single_product_visibility":"visible","cart_visibility":"visible","order_visibility":"visible","single_product_price_visibility":"visible","cart_price_visibility":"visible","order_price_visibility":"visible","stock_status":"in_stock"}],"bundle_sell_ids":[],"yoast_head":"<!-- This site is optimized with the Yoast SEO plugin v27.4 - https:\/\/yoast.com\/product\/yoast-seo-wordpress\/ -->\n<title>La Figui\u00e8re - 3X2 bouteilles - Carton d\u00e9couverte - IVINIO Caviste<\/title>\n<meta name=\"description\" content=\"Ce coffret contient les 3 couleurs diff\u00e9rentes de la gamme Signature de chez La Figi\u00e8re - du rouge, du blancs et du ros\u00e9, style proven\u00e7al.\" \/>\n<meta name=\"robots\" content=\"index, follow, max-snippet:-1, max-image-preview:large, max-video-preview:-1\" \/>\n<link rel=\"canonical\" href=\"https:\/\/www.ivinio.com\/fr\/produit\/la-figuiere-carton-decouverte-3x2-bouteilles\/\" \/>\n<meta property=\"og:locale\" content=\"fr_FR\" \/>\n<meta property=\"og:type\" content=\"article\" \/>\n<meta property=\"og:title\" content=\"La Figui\u00e8re - 3X2 bouteilles - Carton d\u00e9couverte - IVINIO Caviste\" \/>\n<meta property=\"og:description\" content=\"Ce coffret contient les 3 couleurs diff\u00e9rentes de la gamme Signature de chez La Figi\u00e8re - du rouge, du blancs et du ros\u00e9, style proven\u00e7al.\" \/>\n<meta property=\"og:url\" content=\"https:\/\/www.ivinio.com\/fr\/produit\/la-figuiere-carton-decouverte-3x2-bouteilles\/\" \/>\n<meta property=\"og:site_name\" content=\"IVINIO Caviste\" \/>\n<meta property=\"article:publisher\" content=\"https:\/\/www.facebook.com\/groups\/165217837022391\/?ref=bookmarks\" \/>\n<meta property=\"article:modified_time\" content=\"2022-03-17T04:11:36+00:00\" \/>\n<meta property=\"og:image\" content=\"https:\/\/www.ivinio.com\/wp-content\/uploads\/2021\/05\/figuiere-mixed-carton-IVINIO.jpg\" \/>\n\t<meta property=\"og:image:width\" content=\"600\" \/>\n\t<meta property=\"og:image:height\" content=\"600\" \/>\n\t<meta property=\"og:image:type\" content=\"image\/jpeg\" \/>\n<meta name=\"twitter:card\" content=\"summary_large_image\" \/>\n<meta name=\"twitter:label1\" content=\"Dur\u00e9e de lecture estim\u00e9e\" \/>\n\t<meta name=\"twitter:data1\" content=\"1 minute\" \/>\n<script type=\"application\/ld+json\" class=\"yoast-schema-graph\">{\"@context\":\"https:\\\/\\\/schema.org\",\"@graph\":[{\"@type\":\"WebPage\",\"@id\":\"https:\\\/\\\/www.ivinio.com\\\/fr\\\/produit\\\/la-figuiere-carton-decouverte-3x2-bouteilles\\\/\",\"url\":\"https:\\\/\\\/www.ivinio.com\\\/fr\\\/produit\\\/la-figuiere-carton-decouverte-3x2-bouteilles\\\/\",\"name\":\"La Figui\u00e8re - 3X2 bouteilles - Carton d\u00e9couverte - IVINIO Caviste\",\"isPartOf\":{\"@id\":\"https:\\\/\\\/www.ivinio.com\\\/fr\\\/#website\"},\"primaryImageOfPage\":{\"@id\":\"https:\\\/\\\/www.ivinio.com\\\/fr\\\/produit\\\/la-figuiere-carton-decouverte-3x2-bouteilles\\\/#primaryimage\"},\"image\":{\"@id\":\"https:\\\/\\\/www.ivinio.com\\\/fr\\\/produit\\\/la-figuiere-carton-decouverte-3x2-bouteilles\\\/#primaryimage\"},\"thumbnailUrl\":\"https:\\\/\\\/www.ivinio.com\\\/wp-content\\\/uploads\\\/2021\\\/05\\\/figuiere-mixed-carton-IVINIO.jpg\",\"datePublished\":\"2021-05-25T18:13:04+00:00\",\"dateModified\":\"2022-03-17T04:11:36+00:00\",\"description\":\"Ce coffret contient les 3 couleurs diff\u00e9rentes de la gamme Signature de chez La Figi\u00e8re - du rouge, du blancs et du ros\u00e9, style proven\u00e7al.\",\"breadcrumb\":{\"@id\":\"https:\\\/\\\/www.ivinio.com\\\/fr\\\/produit\\\/la-figuiere-carton-decouverte-3x2-bouteilles\\\/#breadcrumb\"},\"inLanguage\":\"fr-FR\",\"potentialAction\":[{\"@type\":\"ReadAction\",\"target\":[\"https:\\\/\\\/www.ivinio.com\\\/fr\\\/produit\\\/la-figuiere-carton-decouverte-3x2-bouteilles\\\/\"]}]},{\"@type\":\"ImageObject\",\"inLanguage\":\"fr-FR\",\"@id\":\"https:\\\/\\\/www.ivinio.com\\\/fr\\\/produit\\\/la-figuiere-carton-decouverte-3x2-bouteilles\\\/#primaryimage\",\"url\":\"https:\\\/\\\/www.ivinio.com\\\/wp-content\\\/uploads\\\/2021\\\/05\\\/figuiere-mixed-carton-IVINIO.jpg\",\"contentUrl\":\"https:\\\/\\\/www.ivinio.com\\\/wp-content\\\/uploads\\\/2021\\\/05\\\/figuiere-mixed-carton-IVINIO.jpg\",\"width\":600,\"height\":600},{\"@type\":\"BreadcrumbList\",\"@id\":\"https:\\\/\\\/www.ivinio.com\\\/fr\\\/produit\\\/la-figuiere-carton-decouverte-3x2-bouteilles\\\/#breadcrumb\",\"itemListElement\":[{\"@type\":\"ListItem\",\"position\":1,\"name\":\"Home\",\"item\":\"https:\\\/\\\/www.ivinio.com\\\/fr\\\/\"},{\"@type\":\"ListItem\",\"position\":2,\"name\":\"Boutique de vin\",\"item\":\"https:\\\/\\\/www.ivinio.com\\\/fr\\\/boutique-de-vin\\\/\"},{\"@type\":\"ListItem\",\"position\":3,\"name\":\"La Figui\u00e8re &#8211; 3X2 bouteilles &#8211; Carton d\u00e9couverte\"}]},{\"@type\":\"WebSite\",\"@id\":\"https:\\\/\\\/www.ivinio.com\\\/fr\\\/#website\",\"url\":\"https:\\\/\\\/www.ivinio.com\\\/fr\\\/\",\"name\":\"IVINIO Caviste\",\"description\":\"Vins de France et d&#039;Italie avec livraison \u00e0 domicile\",\"publisher\":{\"@id\":\"https:\\\/\\\/www.ivinio.com\\\/fr\\\/#organization\"},\"potentialAction\":[{\"@type\":\"SearchAction\",\"target\":{\"@type\":\"EntryPoint\",\"urlTemplate\":\"https:\\\/\\\/www.ivinio.com\\\/fr\\\/?s={search_term_string}\"},\"query-input\":{\"@type\":\"PropertyValueSpecification\",\"valueRequired\":true,\"valueName\":\"search_term_string\"}}],\"inLanguage\":\"fr-FR\"},{\"@type\":\"Organization\",\"@id\":\"https:\\\/\\\/www.ivinio.com\\\/fr\\\/#organization\",\"name\":\"IVINIO\",\"url\":\"https:\\\/\\\/www.ivinio.com\\\/fr\\\/\",\"logo\":{\"@type\":\"ImageObject\",\"inLanguage\":\"fr-FR\",\"@id\":\"https:\\\/\\\/www.ivinio.com\\\/fr\\\/#\\\/schema\\\/logo\\\/image\\\/\",\"url\":\"https:\\\/\\\/www.ivinio.com\\\/wp-content\\\/uploads\\\/2021\\\/01\\\/Logo-Ivinio-v2.jpg\",\"contentUrl\":\"https:\\\/\\\/www.ivinio.com\\\/wp-content\\\/uploads\\\/2021\\\/01\\\/Logo-Ivinio-v2.jpg\",\"width\":1194,\"height\":1194,\"caption\":\"IVINIO\"},\"image\":{\"@id\":\"https:\\\/\\\/www.ivinio.com\\\/fr\\\/#\\\/schema\\\/logo\\\/image\\\/\"},\"sameAs\":[\"https:\\\/\\\/www.facebook.com\\\/groups\\\/165217837022391\\\/?ref=bookmarks\",\"https:\\\/\\\/www.instagram.com\\\/_ivinio_\\\/?hl=fr\"]}]}<\/script>\n<!-- \/ Yoast SEO plugin. -->","yoast_head_json":{"title":"La Figui\u00e8re - 3X2 bouteilles - Carton d\u00e9couverte - IVINIO Caviste","description":"Ce coffret contient les 3 couleurs diff\u00e9rentes de la gamme Signature de chez La Figi\u00e8re - du rouge, du blancs et du ros\u00e9, style proven\u00e7al.","robots":{"index":"index","follow":"follow","max-snippet":"max-snippet:-1","max-image-preview":"max-image-preview:large","max-video-preview":"max-video-preview:-1"},"canonical":"https:\/\/www.ivinio.com\/fr\/produit\/la-figuiere-carton-decouverte-3x2-bouteilles\/","og_locale":"fr_FR","og_type":"article","og_title":"La Figui\u00e8re - 3X2 bouteilles - Carton d\u00e9couverte - IVINIO Caviste","og_description":"Ce coffret contient les 3 couleurs diff\u00e9rentes de la gamme Signature de chez La Figi\u00e8re - du rouge, du blancs et du ros\u00e9, style proven\u00e7al.","og_url":"https:\/\/www.ivinio.com\/fr\/produit\/la-figuiere-carton-decouverte-3x2-bouteilles\/","og_site_name":"IVINIO Caviste","article_publisher":"https:\/\/www.facebook.com\/groups\/165217837022391\/?ref=bookmarks","article_modified_time":"2022-03-17T04:11:36+00:00","og_image":[{"width":600,"height":600,"url":"https:\/\/www.ivinio.com\/wp-content\/uploads\/2021\/05\/figuiere-mixed-carton-IVINIO.jpg","type":"image\/jpeg"}],"twitter_card":"summary_large_image","twitter_misc":{"Dur\u00e9e de lecture estim\u00e9e":"1 minute"},"schema":{"@context":"https:\/\/schema.org","@graph":[{"@type":"WebPage","@id":"https:\/\/www.ivinio.com\/fr\/produit\/la-figuiere-carton-decouverte-3x2-bouteilles\/","url":"https:\/\/www.ivinio.com\/fr\/produit\/la-figuiere-carton-decouverte-3x2-bouteilles\/","name":"La Figui\u00e8re - 3X2 bouteilles - Carton d\u00e9couverte - IVINIO Caviste","isPartOf":{"@id":"https:\/\/www.ivinio.com\/fr\/#website"},"primaryImageOfPage":{"@id":"https:\/\/www.ivinio.com\/fr\/produit\/la-figuiere-carton-decouverte-3x2-bouteilles\/#primaryimage"},"image":{"@id":"https:\/\/www.ivinio.com\/fr\/produit\/la-figuiere-carton-decouverte-3x2-bouteilles\/#primaryimage"},"thumbnailUrl":"https:\/\/www.ivinio.com\/wp-content\/uploads\/2021\/05\/figuiere-mixed-carton-IVINIO.jpg","datePublished":"2021-05-25T18:13:04+00:00","dateModified":"2022-03-17T04:11:36+00:00","description":"Ce coffret contient les 3 couleurs diff\u00e9rentes de la gamme Signature de chez La Figi\u00e8re - du rouge, du blancs et du ros\u00e9, style proven\u00e7al.","breadcrumb":{"@id":"https:\/\/www.ivinio.com\/fr\/produit\/la-figuiere-carton-decouverte-3x2-bouteilles\/#breadcrumb"},"inLanguage":"fr-FR","potentialAction":[{"@type":"ReadAction","target":["https:\/\/www.ivinio.com\/fr\/produit\/la-figuiere-carton-decouverte-3x2-bouteilles\/"]}]},{"@type":"ImageObject","inLanguage":"fr-FR","@id":"https:\/\/www.ivinio.com\/fr\/produit\/la-figuiere-carton-decouverte-3x2-bouteilles\/#primaryimage","url":"https:\/\/www.ivinio.com\/wp-content\/uploads\/2021\/05\/figuiere-mixed-carton-IVINIO.jpg","contentUrl":"https:\/\/www.ivinio.com\/wp-content\/uploads\/2021\/05\/figuiere-mixed-carton-IVINIO.jpg","width":600,"height":600},{"@type":"BreadcrumbList","@id":"https:\/\/www.ivinio.com\/fr\/produit\/la-figuiere-carton-decouverte-3x2-bouteilles\/#breadcrumb","itemListElement":[{"@type":"ListItem","position":1,"name":"Home","item":"https:\/\/www.ivinio.com\/fr\/"},{"@type":"ListItem","position":2,"name":"Boutique de vin","item":"https:\/\/www.ivinio.com\/fr\/boutique-de-vin\/"},{"@type":"ListItem","position":3,"name":"La Figui\u00e8re &#8211; 3X2 bouteilles &#8211; Carton d\u00e9couverte"}]},{"@type":"WebSite","@id":"https:\/\/www.ivinio.com\/fr\/#website","url":"https:\/\/www.ivinio.com\/fr\/","name":"IVINIO Caviste","description":"Vins de France et d&#039;Italie avec livraison \u00e0 domicile","publisher":{"@id":"https:\/\/www.ivinio.com\/fr\/#organization"},"potentialAction":[{"@type":"SearchAction","target":{"@type":"EntryPoint","urlTemplate":"https:\/\/www.ivinio.com\/fr\/?s={search_term_string}"},"query-input":{"@type":"PropertyValueSpecification","valueRequired":true,"valueName":"search_term_string"}}],"inLanguage":"fr-FR"},{"@type":"Organization","@id":"https:\/\/www.ivinio.com\/fr\/#organization","name":"IVINIO","url":"https:\/\/www.ivinio.com\/fr\/","logo":{"@type":"ImageObject","inLanguage":"fr-FR","@id":"https:\/\/www.ivinio.com\/fr\/#\/schema\/logo\/image\/","url":"https:\/\/www.ivinio.com\/wp-content\/uploads\/2021\/01\/Logo-Ivinio-v2.jpg","contentUrl":"https:\/\/www.ivinio.com\/wp-content\/uploads\/2021\/01\/Logo-Ivinio-v2.jpg","width":1194,"height":1194,"caption":"IVINIO"},"image":{"@id":"https:\/\/www.ivinio.com\/fr\/#\/schema\/logo\/image\/"},"sameAs":["https:\/\/www.facebook.com\/groups\/165217837022391\/?ref=bookmarks","https:\/\/www.instagram.com\/_ivinio_\/?hl=fr"]}]}},"jetpack_sharing_enabled":true,"_links":{"self":[{"href":"https:\/\/www.ivinio.com\/fr\/wp-json\/wp\/v2\/product\/126798","targetHints":{"allow":["GET"]}}],"collection":[{"href":"https:\/\/www.ivinio.com\/fr\/wp-json\/wp\/v2\/product"}],"about":[{"href":"https:\/\/www.ivinio.com\/fr\/wp-json\/wp\/v2\/types\/product"}],"replies":[{"embeddable":true,"href":"https:\/\/www.ivinio.com\/fr\/wp-json\/wp\/v2\/comments?post=126798"}],"wp:featuredmedia":[{"embeddable":true,"href":"https:\/\/www.ivinio.com\/fr\/wp-json\/wp\/v2\/media\/126796"}],"wp:attachment":[{"href":"https:\/\/www.ivinio.com\/fr\/wp-json\/wp\/v2\/media?parent=126798"}],"wp:term":[{"taxonomy":"product_brand","embeddable":true,"href":"https:\/\/www.ivinio.com\/fr\/wp-json\/wp\/v2\/product_brand?post=126798"},{"taxonomy":"product_cat","embeddable":true,"href":"https:\/\/www.ivinio.com\/fr\/wp-json\/wp\/v2\/product_cat?post=126798"},{"taxonomy":"product_tag","embeddable":true,"href":"https:\/\/www.ivinio.com\/fr\/wp-json\/wp\/v2\/product_tag?post=126798"}],"curies":[{"name":"wp","href":"https:\/\/api.w.org\/{rel}","templated":true}]}}