{"id":123509,"date":"2021-02-18T10:57:12","date_gmt":"2021-02-18T09:57:12","guid":{"rendered":"https:\/\/henrik.www.ivinio.com\/?post_type=product&#038;p=123509"},"modified":"2022-03-17T05:12:35","modified_gmt":"2022-03-17T04:12:35","slug":"abonnement-classique-configuration","status":"publish","type":"product","link":"https:\/\/www.ivinio.com\/fr\/produit\/abonnement-classique-configuration\/","title":{"rendered":"Abonnement &#8220;Classique&#8221; &#8211; Configuration"},"content":{"rendered":"<p>L\u2019abonnement \u201cClassique\u201d est le parfait choix pour vous qui aimez du bon vin, mais qui ne veulent pas compliquer les choses. Vous recherchez juste des bonnes bouteilles sans chichi \u00e0 ouvrir spontan\u00e9ment \u00e0 tout moment et \u00e0 touts les jours de la semaine !<\/p>\n","protected":false},"excerpt":{"rendered":"<p>L\u2019abonnement \u201cClassique\u201d est le choix parfait pour vous qui aimez du bon vin, mais qui ne veulent pas compliquer les choses. Vous recherchez justet des bonnes bouteilles sans chichi \u00e0 ouvrir spontan\u00e9ment \u00e0 tout moment et \u00e0 touts les jours de la semaine !<\/p>\n","protected":false},"featured_media":123889,"comment_status":"open","ping_status":"closed","template":"","meta":{"_monsterinsights_skip_tracking":false,"_monsterinsights_sitenote_active":false,"_monsterinsights_sitenote_note":"","_monsterinsights_sitenote_category":0,"_uf_show_specific_survey":0,"_uf_disable_surveys":false},"product_brand":[],"product_cat":[40847,39811],"product_tag":[],"class_list":{"0":"post-123509","1":"product","2":"type-product","3":"status-publish","4":"has-post-thumbnail","6":"product_cat-abonnement","7":"product_cat-uncategorized-fr","9":"first","10":"instock","11":"taxable","12":"shipping-taxable","13":"purchasable","14":"product-type-variable-subscription"},"bundled_by":[],"bundle_stock_status":"instock","bundle_stock_quantity":null,"bundle_virtual":false,"bundle_layout":"","bundle_add_to_cart_form_location":"","bundle_editable_in_cart":false,"bundle_sold_individually_context":"","bundle_item_grouping":"","bundle_min_size":"","bundle_max_size":"","bundle_price":[],"bundled_items":[],"bundle_sell_ids":[],"yoast_head":"<!-- This site is optimized with the Yoast SEO plugin v27.6 - https:\/\/yoast.com\/product\/yoast-seo-wordpress\/ -->\n<title>Abonnement &quot;Classique&quot; - Configuration - IVINIO Caviste<\/title>\n<meta name=\"description\" content=\"L\u2019abonnement \u201cClassique\u201d est le choix parfait pour vous qui aimez du bon vin, mais qui ne veulent pas compliquer les choses. Vous recherchez justet des bonnes bouteilles sans chichi \u00e0 ouvrir spontan\u00e9ment \u00e0 tout moment et \u00e0 touts les jours de la semaine !\" \/>\n<meta name=\"robots\" content=\"index, follow, max-snippet:-1, max-image-preview:large, max-video-preview:-1\" \/>\n<link rel=\"canonical\" href=\"https:\/\/www.ivinio.com\/fr\/produit\/abonnement-classique-configuration\/\" \/>\n<meta property=\"og:locale\" content=\"fr_FR\" \/>\n<meta property=\"og:type\" content=\"article\" \/>\n<meta property=\"og:title\" content=\"Abonnement &quot;Classique&quot; - Configuration - IVINIO Caviste\" \/>\n<meta property=\"og:description\" content=\"L\u2019abonnement \u201cClassique\u201d est le choix parfait pour vous qui aimez du bon vin, mais qui ne veulent pas compliquer les choses. Vous recherchez justet des bonnes bouteilles sans chichi \u00e0 ouvrir spontan\u00e9ment \u00e0 tout moment et \u00e0 touts les jours de la semaine !\" \/>\n<meta property=\"og:url\" content=\"https:\/\/www.ivinio.com\/fr\/produit\/abonnement-classique-configuration\/\" \/>\n<meta property=\"og:site_name\" content=\"IVINIO Caviste\" \/>\n<meta property=\"article:publisher\" content=\"https:\/\/www.facebook.com\/groups\/165217837022391\/?ref=bookmarks\" \/>\n<meta property=\"article:modified_time\" content=\"2022-03-17T04:12:35+00:00\" \/>\n<meta property=\"og:image\" content=\"https:\/\/www.ivinio.com\/wp-content\/uploads\/2021\/02\/abonnement-produit.jpg\" \/>\n\t<meta property=\"og:image:width\" content=\"600\" \/>\n\t<meta property=\"og:image:height\" content=\"600\" \/>\n\t<meta property=\"og:image:type\" content=\"image\/jpeg\" \/>\n<meta name=\"twitter:card\" content=\"summary_large_image\" \/>\n<meta name=\"twitter:label1\" content=\"Dur\u00e9e de lecture estim\u00e9e\" \/>\n\t<meta name=\"twitter:data1\" content=\"1 minute\" \/>\n<script type=\"application\/ld+json\" class=\"yoast-schema-graph\">{\"@context\":\"https:\\\/\\\/schema.org\",\"@graph\":[{\"@type\":\"WebPage\",\"@id\":\"https:\\\/\\\/www.ivinio.com\\\/fr\\\/produit\\\/abonnement-classique-configuration\\\/\",\"url\":\"https:\\\/\\\/www.ivinio.com\\\/fr\\\/produit\\\/abonnement-classique-configuration\\\/\",\"name\":\"Abonnement \\\"Classique\\\" - Configuration - IVINIO Caviste\",\"isPartOf\":{\"@id\":\"https:\\\/\\\/www.ivinio.com\\\/fr\\\/#website\"},\"primaryImageOfPage\":{\"@id\":\"https:\\\/\\\/www.ivinio.com\\\/fr\\\/produit\\\/abonnement-classique-configuration\\\/#primaryimage\"},\"image\":{\"@id\":\"https:\\\/\\\/www.ivinio.com\\\/fr\\\/produit\\\/abonnement-classique-configuration\\\/#primaryimage\"},\"thumbnailUrl\":\"https:\\\/\\\/www.ivinio.com\\\/wp-content\\\/uploads\\\/2021\\\/02\\\/abonnement-produit.jpg\",\"datePublished\":\"2021-02-18T09:57:12+00:00\",\"dateModified\":\"2022-03-17T04:12:35+00:00\",\"description\":\"L\u2019abonnement \u201cClassique\u201d est le choix parfait pour vous qui aimez du bon vin, mais qui ne veulent pas compliquer les choses. Vous recherchez justet des bonnes bouteilles sans chichi \u00e0 ouvrir spontan\u00e9ment \u00e0 tout moment et \u00e0 touts les jours de la semaine !\",\"breadcrumb\":{\"@id\":\"https:\\\/\\\/www.ivinio.com\\\/fr\\\/produit\\\/abonnement-classique-configuration\\\/#breadcrumb\"},\"inLanguage\":\"fr-FR\",\"potentialAction\":[{\"@type\":\"ReadAction\",\"target\":[\"https:\\\/\\\/www.ivinio.com\\\/fr\\\/produit\\\/abonnement-classique-configuration\\\/\"]}]},{\"@type\":\"ImageObject\",\"inLanguage\":\"fr-FR\",\"@id\":\"https:\\\/\\\/www.ivinio.com\\\/fr\\\/produit\\\/abonnement-classique-configuration\\\/#primaryimage\",\"url\":\"https:\\\/\\\/www.ivinio.com\\\/wp-content\\\/uploads\\\/2021\\\/02\\\/abonnement-produit.jpg\",\"contentUrl\":\"https:\\\/\\\/www.ivinio.com\\\/wp-content\\\/uploads\\\/2021\\\/02\\\/abonnement-produit.jpg\",\"width\":600,\"height\":600},{\"@type\":\"BreadcrumbList\",\"@id\":\"https:\\\/\\\/www.ivinio.com\\\/fr\\\/produit\\\/abonnement-classique-configuration\\\/#breadcrumb\",\"itemListElement\":[{\"@type\":\"ListItem\",\"position\":1,\"name\":\"Home\",\"item\":\"https:\\\/\\\/www.ivinio.com\\\/fr\\\/\"},{\"@type\":\"ListItem\",\"position\":2,\"name\":\"Boutique de vin\",\"item\":\"https:\\\/\\\/www.ivinio.com\\\/fr\\\/boutique-de-vin\\\/\"},{\"@type\":\"ListItem\",\"position\":3,\"name\":\"Abonnement &#8220;Classique&#8221; &#8211; Configuration\"}]},{\"@type\":\"WebSite\",\"@id\":\"https:\\\/\\\/www.ivinio.com\\\/fr\\\/#website\",\"url\":\"https:\\\/\\\/www.ivinio.com\\\/fr\\\/\",\"name\":\"IVINIO Caviste\",\"description\":\"Vins de France et d&#039;Italie avec livraison \u00e0 domicile\",\"publisher\":{\"@id\":\"https:\\\/\\\/www.ivinio.com\\\/fr\\\/#organization\"},\"potentialAction\":[{\"@type\":\"SearchAction\",\"target\":{\"@type\":\"EntryPoint\",\"urlTemplate\":\"https:\\\/\\\/www.ivinio.com\\\/fr\\\/?s={search_term_string}\"},\"query-input\":{\"@type\":\"PropertyValueSpecification\",\"valueRequired\":true,\"valueName\":\"search_term_string\"}}],\"inLanguage\":\"fr-FR\"},{\"@type\":\"Organization\",\"@id\":\"https:\\\/\\\/www.ivinio.com\\\/fr\\\/#organization\",\"name\":\"IVINIO\",\"url\":\"https:\\\/\\\/www.ivinio.com\\\/fr\\\/\",\"logo\":{\"@type\":\"ImageObject\",\"inLanguage\":\"fr-FR\",\"@id\":\"https:\\\/\\\/www.ivinio.com\\\/fr\\\/#\\\/schema\\\/logo\\\/image\\\/\",\"url\":\"https:\\\/\\\/www.ivinio.com\\\/wp-content\\\/uploads\\\/2021\\\/01\\\/Logo-Ivinio-v2.jpg\",\"contentUrl\":\"https:\\\/\\\/www.ivinio.com\\\/wp-content\\\/uploads\\\/2021\\\/01\\\/Logo-Ivinio-v2.jpg\",\"width\":1194,\"height\":1194,\"caption\":\"IVINIO\"},\"image\":{\"@id\":\"https:\\\/\\\/www.ivinio.com\\\/fr\\\/#\\\/schema\\\/logo\\\/image\\\/\"},\"sameAs\":[\"https:\\\/\\\/www.facebook.com\\\/groups\\\/165217837022391\\\/?ref=bookmarks\",\"https:\\\/\\\/www.instagram.com\\\/_ivinio_\\\/?hl=fr\"]}]}<\/script>\n<!-- \/ Yoast SEO plugin. -->","yoast_head_json":{"title":"Abonnement \"Classique\" - Configuration - IVINIO Caviste","description":"L\u2019abonnement \u201cClassique\u201d est le choix parfait pour vous qui aimez du bon vin, mais qui ne veulent pas compliquer les choses. Vous recherchez justet des bonnes bouteilles sans chichi \u00e0 ouvrir spontan\u00e9ment \u00e0 tout moment et \u00e0 touts les jours de la semaine !","robots":{"index":"index","follow":"follow","max-snippet":"max-snippet:-1","max-image-preview":"max-image-preview:large","max-video-preview":"max-video-preview:-1"},"canonical":"https:\/\/www.ivinio.com\/fr\/produit\/abonnement-classique-configuration\/","og_locale":"fr_FR","og_type":"article","og_title":"Abonnement \"Classique\" - Configuration - IVINIO Caviste","og_description":"L\u2019abonnement \u201cClassique\u201d est le choix parfait pour vous qui aimez du bon vin, mais qui ne veulent pas compliquer les choses. Vous recherchez justet des bonnes bouteilles sans chichi \u00e0 ouvrir spontan\u00e9ment \u00e0 tout moment et \u00e0 touts les jours de la semaine !","og_url":"https:\/\/www.ivinio.com\/fr\/produit\/abonnement-classique-configuration\/","og_site_name":"IVINIO Caviste","article_publisher":"https:\/\/www.facebook.com\/groups\/165217837022391\/?ref=bookmarks","article_modified_time":"2022-03-17T04:12:35+00:00","og_image":[{"width":600,"height":600,"url":"https:\/\/www.ivinio.com\/wp-content\/uploads\/2021\/02\/abonnement-produit.jpg","type":"image\/jpeg"}],"twitter_card":"summary_large_image","twitter_misc":{"Dur\u00e9e de lecture estim\u00e9e":"1 minute"},"schema":{"@context":"https:\/\/schema.org","@graph":[{"@type":"WebPage","@id":"https:\/\/www.ivinio.com\/fr\/produit\/abonnement-classique-configuration\/","url":"https:\/\/www.ivinio.com\/fr\/produit\/abonnement-classique-configuration\/","name":"Abonnement \"Classique\" - Configuration - IVINIO Caviste","isPartOf":{"@id":"https:\/\/www.ivinio.com\/fr\/#website"},"primaryImageOfPage":{"@id":"https:\/\/www.ivinio.com\/fr\/produit\/abonnement-classique-configuration\/#primaryimage"},"image":{"@id":"https:\/\/www.ivinio.com\/fr\/produit\/abonnement-classique-configuration\/#primaryimage"},"thumbnailUrl":"https:\/\/www.ivinio.com\/wp-content\/uploads\/2021\/02\/abonnement-produit.jpg","datePublished":"2021-02-18T09:57:12+00:00","dateModified":"2022-03-17T04:12:35+00:00","description":"L\u2019abonnement \u201cClassique\u201d est le choix parfait pour vous qui aimez du bon vin, mais qui ne veulent pas compliquer les choses. Vous recherchez justet des bonnes bouteilles sans chichi \u00e0 ouvrir spontan\u00e9ment \u00e0 tout moment et \u00e0 touts les jours de la semaine !","breadcrumb":{"@id":"https:\/\/www.ivinio.com\/fr\/produit\/abonnement-classique-configuration\/#breadcrumb"},"inLanguage":"fr-FR","potentialAction":[{"@type":"ReadAction","target":["https:\/\/www.ivinio.com\/fr\/produit\/abonnement-classique-configuration\/"]}]},{"@type":"ImageObject","inLanguage":"fr-FR","@id":"https:\/\/www.ivinio.com\/fr\/produit\/abonnement-classique-configuration\/#primaryimage","url":"https:\/\/www.ivinio.com\/wp-content\/uploads\/2021\/02\/abonnement-produit.jpg","contentUrl":"https:\/\/www.ivinio.com\/wp-content\/uploads\/2021\/02\/abonnement-produit.jpg","width":600,"height":600},{"@type":"BreadcrumbList","@id":"https:\/\/www.ivinio.com\/fr\/produit\/abonnement-classique-configuration\/#breadcrumb","itemListElement":[{"@type":"ListItem","position":1,"name":"Home","item":"https:\/\/www.ivinio.com\/fr\/"},{"@type":"ListItem","position":2,"name":"Boutique de vin","item":"https:\/\/www.ivinio.com\/fr\/boutique-de-vin\/"},{"@type":"ListItem","position":3,"name":"Abonnement &#8220;Classique&#8221; &#8211; Configuration"}]},{"@type":"WebSite","@id":"https:\/\/www.ivinio.com\/fr\/#website","url":"https:\/\/www.ivinio.com\/fr\/","name":"IVINIO Caviste","description":"Vins de France et d&#039;Italie avec livraison \u00e0 domicile","publisher":{"@id":"https:\/\/www.ivinio.com\/fr\/#organization"},"potentialAction":[{"@type":"SearchAction","target":{"@type":"EntryPoint","urlTemplate":"https:\/\/www.ivinio.com\/fr\/?s={search_term_string}"},"query-input":{"@type":"PropertyValueSpecification","valueRequired":true,"valueName":"search_term_string"}}],"inLanguage":"fr-FR"},{"@type":"Organization","@id":"https:\/\/www.ivinio.com\/fr\/#organization","name":"IVINIO","url":"https:\/\/www.ivinio.com\/fr\/","logo":{"@type":"ImageObject","inLanguage":"fr-FR","@id":"https:\/\/www.ivinio.com\/fr\/#\/schema\/logo\/image\/","url":"https:\/\/www.ivinio.com\/wp-content\/uploads\/2021\/01\/Logo-Ivinio-v2.jpg","contentUrl":"https:\/\/www.ivinio.com\/wp-content\/uploads\/2021\/01\/Logo-Ivinio-v2.jpg","width":1194,"height":1194,"caption":"IVINIO"},"image":{"@id":"https:\/\/www.ivinio.com\/fr\/#\/schema\/logo\/image\/"},"sameAs":["https:\/\/www.facebook.com\/groups\/165217837022391\/?ref=bookmarks","https:\/\/www.instagram.com\/_ivinio_\/?hl=fr"]}]}},"jetpack_sharing_enabled":true,"_links":{"self":[{"href":"https:\/\/www.ivinio.com\/fr\/wp-json\/wp\/v2\/product\/123509","targetHints":{"allow":["GET"]}}],"collection":[{"href":"https:\/\/www.ivinio.com\/fr\/wp-json\/wp\/v2\/product"}],"about":[{"href":"https:\/\/www.ivinio.com\/fr\/wp-json\/wp\/v2\/types\/product"}],"replies":[{"embeddable":true,"href":"https:\/\/www.ivinio.com\/fr\/wp-json\/wp\/v2\/comments?post=123509"}],"wp:featuredmedia":[{"embeddable":true,"href":"https:\/\/www.ivinio.com\/fr\/wp-json\/wp\/v2\/media\/123889"}],"wp:attachment":[{"href":"https:\/\/www.ivinio.com\/fr\/wp-json\/wp\/v2\/media?parent=123509"}],"wp:term":[{"taxonomy":"product_brand","embeddable":true,"href":"https:\/\/www.ivinio.com\/fr\/wp-json\/wp\/v2\/product_brand?post=123509"},{"taxonomy":"product_cat","embeddable":true,"href":"https:\/\/www.ivinio.com\/fr\/wp-json\/wp\/v2\/product_cat?post=123509"},{"taxonomy":"product_tag","embeddable":true,"href":"https:\/\/www.ivinio.com\/fr\/wp-json\/wp\/v2\/product_tag?post=123509"}],"curies":[{"name":"wp","href":"https:\/\/api.w.org\/{rel}","templated":true}]}}