{"id":122308,"date":"2021-01-09T11:11:38","date_gmt":"2021-01-09T10:11:38","guid":{"rendered":"https:\/\/henrik.www.ivinio.com\/product\/chateau-calavon-carton-decouverte-2x3-bouteilles\/"},"modified":"2022-03-17T05:13:26","modified_gmt":"2022-03-17T04:13:26","slug":"chateau-calavon-carton-decouverte-2x3-bouteilles","status":"publish","type":"product","link":"https:\/\/www.ivinio.com\/fr\/produit\/chateau-calavon-carton-decouverte-2x3-bouteilles\/","title":{"rendered":"Ch\u00e2teau Calavon &#8211; Carton d\u00e9couverte &#8211; 2&#215;3 bouteilles"},"content":{"rendered":"<p>Ce coffret inclut 3 bouteilles de ros\u00e9 et de blanc des d\u00e9licieux vins du Ch\u00e2teau de Calavon. Un tr\u00e8s bon choix pour ceux qui aiment les vins de bonne qualit\u00e9 pour des occasions tr\u00e8s diverses !<\/p>\n","protected":false},"excerpt":{"rendered":"<p>Ce carton vous donne l&#8217;opportunit\u00e9 de d\u00e9guster les vins blancs et ros\u00e9s du Ch\u00e2teau de Calavon. 3 bouteilles de vin blanc du ch\u00e2teau et 3 bouteilles de la cuv\u00e9e Roquerousse. Un m\u00e9lange parfait pour de diverses occasions &#8211; de l&#8217;ap\u00e9ritif aux d\u00eeners sophistiqu\u00e9s !<\/p>\n","protected":false},"featured_media":122311,"comment_status":"open","ping_status":"closed","template":"","meta":{"_monsterinsights_skip_tracking":false,"_monsterinsights_sitenote_active":false,"_monsterinsights_sitenote_note":"","_monsterinsights_sitenote_category":0,"_uf_show_specific_survey":0,"_uf_disable_surveys":false},"product_brand":[],"product_cat":[36643],"product_tag":[],"class_list":{"0":"post-122308","1":"product","2":"type-product","3":"status-publish","4":"has-post-thumbnail","6":"product_cat-ronde-des-vins","8":"first","9":"instock","10":"taxable","11":"shipping-taxable","12":"purchasable","13":"product-type-bundle"},"bundled_by":[],"bundle_stock_status":"instock","bundle_stock_quantity":"","bundle_virtual":false,"bundle_layout":"grid","bundle_add_to_cart_form_location":"after_summary","bundle_editable_in_cart":false,"bundle_sold_individually_context":"product","bundle_item_grouping":"noindent","bundle_min_size":"","bundle_max_size":"","bundle_price":{"price":{"min":{"incl_tax":"71","excl_tax":"71"},"max":{"incl_tax":"71","excl_tax":"71"}},"regular_price":{"min":{"incl_tax":"71","excl_tax":"71"},"max":{"incl_tax":"71","excl_tax":"71"}}},"bundled_items":[{"bundled_item_id":8014,"product_id":122283,"menu_order":0,"quantity_min":1,"quantity_max":1,"quantity_default":1,"priced_individually":false,"shipped_individually":false,"override_title":false,"title":"Calavon Roquerousse &#8211; Ros\u00e9","override_description":false,"description":"Calavon Roquerousse &#8211; Ros\u00e9","optional":false,"hide_thumbnail":false,"discount":"","override_variations":false,"allowed_variations":[""],"override_default_variation_attributes":false,"default_variation_attributes":[],"single_product_visibility":"visible","cart_visibility":"hidden","order_visibility":"visible","single_product_price_visibility":"visible","cart_price_visibility":"visible","order_price_visibility":"visible","stock_status":"in_stock"},{"bundled_item_id":8015,"product_id":122301,"menu_order":1,"quantity_min":1,"quantity_max":1,"quantity_default":1,"priced_individually":false,"shipped_individually":false,"override_title":false,"title":"Ch\u00e2teau de Calavon &#8211; Blanc","override_description":false,"description":"Ch\u00e2teau de Calavon &#8211; Blanc","optional":false,"hide_thumbnail":false,"discount":"","override_variations":false,"allowed_variations":[""],"override_default_variation_attributes":false,"default_variation_attributes":[],"single_product_visibility":"visible","cart_visibility":"hidden","order_visibility":"visible","single_product_price_visibility":"visible","cart_price_visibility":"visible","order_price_visibility":"visible","stock_status":"in_stock"}],"bundle_sell_ids":[],"yoast_head":"<!-- This site is optimized with the Yoast SEO plugin v27.5 - https:\/\/yoast.com\/product\/yoast-seo-wordpress\/ -->\n<title>Ch\u00e2teau Calavon - Carton d\u00e9couverte - 2x3 bouteilles - IVINIO Caviste<\/title>\n<meta name=\"description\" content=\"Ce carton vous donne l&#039;opportunit\u00e9 de d\u00e9guster les vins blancs et ros\u00e9s du Ch\u00e2teau de Calavon. 3 bouteilles de vin blanc du ch\u00e2teau et 3 bouteilles de la cuv\u00e9e Roquerousse. Un m\u00e9lange parfait pour de diverses occasions - de l&#039;ap\u00e9ritif aux d\u00eeners sophistiqu\u00e9s !\" \/>\n<meta name=\"robots\" content=\"index, follow, max-snippet:-1, max-image-preview:large, max-video-preview:-1\" \/>\n<link rel=\"canonical\" href=\"https:\/\/www.ivinio.com\/fr\/produit\/chateau-calavon-carton-decouverte-2x3-bouteilles\/\" \/>\n<meta property=\"og:locale\" content=\"fr_FR\" \/>\n<meta property=\"og:type\" content=\"article\" \/>\n<meta property=\"og:title\" content=\"Ch\u00e2teau Calavon - Carton d\u00e9couverte - 2x3 bouteilles - IVINIO Caviste\" \/>\n<meta property=\"og:description\" content=\"Ce carton vous donne l&#039;opportunit\u00e9 de d\u00e9guster les vins blancs et ros\u00e9s du Ch\u00e2teau de Calavon. 3 bouteilles de vin blanc du ch\u00e2teau et 3 bouteilles de la cuv\u00e9e Roquerousse. Un m\u00e9lange parfait pour de diverses occasions - de l&#039;ap\u00e9ritif aux d\u00eeners sophistiqu\u00e9s !\" \/>\n<meta property=\"og:url\" content=\"https:\/\/www.ivinio.com\/fr\/produit\/chateau-calavon-carton-decouverte-2x3-bouteilles\/\" \/>\n<meta property=\"og:site_name\" content=\"IVINIO Caviste\" \/>\n<meta property=\"article:publisher\" content=\"https:\/\/www.facebook.com\/groups\/165217837022391\/?ref=bookmarks\" \/>\n<meta property=\"article:modified_time\" content=\"2022-03-17T04:13:26+00:00\" \/>\n<meta property=\"og:image\" content=\"https:\/\/www.ivinio.com\/wp-content\/uploads\/2021\/01\/Calavon-mix-IVINIO.jpg\" \/>\n\t<meta property=\"og:image:width\" content=\"600\" \/>\n\t<meta property=\"og:image:height\" content=\"600\" \/>\n\t<meta property=\"og:image:type\" content=\"image\/jpeg\" \/>\n<meta name=\"twitter:card\" content=\"summary_large_image\" \/>\n<script type=\"application\/ld+json\" class=\"yoast-schema-graph\">{\"@context\":\"https:\\\/\\\/schema.org\",\"@graph\":[{\"@type\":\"WebPage\",\"@id\":\"https:\\\/\\\/www.ivinio.com\\\/fr\\\/produit\\\/chateau-calavon-carton-decouverte-2x3-bouteilles\\\/\",\"url\":\"https:\\\/\\\/www.ivinio.com\\\/fr\\\/produit\\\/chateau-calavon-carton-decouverte-2x3-bouteilles\\\/\",\"name\":\"Ch\u00e2teau Calavon - Carton d\u00e9couverte - 2x3 bouteilles - IVINIO Caviste\",\"isPartOf\":{\"@id\":\"https:\\\/\\\/www.ivinio.com\\\/fr\\\/#website\"},\"primaryImageOfPage\":{\"@id\":\"https:\\\/\\\/www.ivinio.com\\\/fr\\\/produit\\\/chateau-calavon-carton-decouverte-2x3-bouteilles\\\/#primaryimage\"},\"image\":{\"@id\":\"https:\\\/\\\/www.ivinio.com\\\/fr\\\/produit\\\/chateau-calavon-carton-decouverte-2x3-bouteilles\\\/#primaryimage\"},\"thumbnailUrl\":\"https:\\\/\\\/www.ivinio.com\\\/wp-content\\\/uploads\\\/2021\\\/01\\\/Calavon-mix-IVINIO.jpg\",\"datePublished\":\"2021-01-09T10:11:38+00:00\",\"dateModified\":\"2022-03-17T04:13:26+00:00\",\"description\":\"Ce carton vous donne l'opportunit\u00e9 de d\u00e9guster les vins blancs et ros\u00e9s du Ch\u00e2teau de Calavon. 3 bouteilles de vin blanc du ch\u00e2teau et 3 bouteilles de la cuv\u00e9e Roquerousse. Un m\u00e9lange parfait pour de diverses occasions - de l'ap\u00e9ritif aux d\u00eeners sophistiqu\u00e9s !\",\"breadcrumb\":{\"@id\":\"https:\\\/\\\/www.ivinio.com\\\/fr\\\/produit\\\/chateau-calavon-carton-decouverte-2x3-bouteilles\\\/#breadcrumb\"},\"inLanguage\":\"fr-FR\",\"potentialAction\":[{\"@type\":\"ReadAction\",\"target\":[\"https:\\\/\\\/www.ivinio.com\\\/fr\\\/produit\\\/chateau-calavon-carton-decouverte-2x3-bouteilles\\\/\"]}]},{\"@type\":\"ImageObject\",\"inLanguage\":\"fr-FR\",\"@id\":\"https:\\\/\\\/www.ivinio.com\\\/fr\\\/produit\\\/chateau-calavon-carton-decouverte-2x3-bouteilles\\\/#primaryimage\",\"url\":\"https:\\\/\\\/www.ivinio.com\\\/wp-content\\\/uploads\\\/2021\\\/01\\\/Calavon-mix-IVINIO.jpg\",\"contentUrl\":\"https:\\\/\\\/www.ivinio.com\\\/wp-content\\\/uploads\\\/2021\\\/01\\\/Calavon-mix-IVINIO.jpg\",\"width\":600,\"height\":600},{\"@type\":\"BreadcrumbList\",\"@id\":\"https:\\\/\\\/www.ivinio.com\\\/fr\\\/produit\\\/chateau-calavon-carton-decouverte-2x3-bouteilles\\\/#breadcrumb\",\"itemListElement\":[{\"@type\":\"ListItem\",\"position\":1,\"name\":\"Home\",\"item\":\"https:\\\/\\\/www.ivinio.com\\\/fr\\\/\"},{\"@type\":\"ListItem\",\"position\":2,\"name\":\"Boutique de vin\",\"item\":\"https:\\\/\\\/www.ivinio.com\\\/fr\\\/boutique-de-vin\\\/\"},{\"@type\":\"ListItem\",\"position\":3,\"name\":\"Ch\u00e2teau Calavon &#8211; Carton d\u00e9couverte &#8211; 2&#215;3 bouteilles\"}]},{\"@type\":\"WebSite\",\"@id\":\"https:\\\/\\\/www.ivinio.com\\\/fr\\\/#website\",\"url\":\"https:\\\/\\\/www.ivinio.com\\\/fr\\\/\",\"name\":\"IVINIO Caviste\",\"description\":\"Vins de France et d&#039;Italie avec livraison \u00e0 domicile\",\"publisher\":{\"@id\":\"https:\\\/\\\/www.ivinio.com\\\/fr\\\/#organization\"},\"potentialAction\":[{\"@type\":\"SearchAction\",\"target\":{\"@type\":\"EntryPoint\",\"urlTemplate\":\"https:\\\/\\\/www.ivinio.com\\\/fr\\\/?s={search_term_string}\"},\"query-input\":{\"@type\":\"PropertyValueSpecification\",\"valueRequired\":true,\"valueName\":\"search_term_string\"}}],\"inLanguage\":\"fr-FR\"},{\"@type\":\"Organization\",\"@id\":\"https:\\\/\\\/www.ivinio.com\\\/fr\\\/#organization\",\"name\":\"IVINIO\",\"url\":\"https:\\\/\\\/www.ivinio.com\\\/fr\\\/\",\"logo\":{\"@type\":\"ImageObject\",\"inLanguage\":\"fr-FR\",\"@id\":\"https:\\\/\\\/www.ivinio.com\\\/fr\\\/#\\\/schema\\\/logo\\\/image\\\/\",\"url\":\"https:\\\/\\\/www.ivinio.com\\\/wp-content\\\/uploads\\\/2021\\\/01\\\/Logo-Ivinio-v2.jpg\",\"contentUrl\":\"https:\\\/\\\/www.ivinio.com\\\/wp-content\\\/uploads\\\/2021\\\/01\\\/Logo-Ivinio-v2.jpg\",\"width\":1194,\"height\":1194,\"caption\":\"IVINIO\"},\"image\":{\"@id\":\"https:\\\/\\\/www.ivinio.com\\\/fr\\\/#\\\/schema\\\/logo\\\/image\\\/\"},\"sameAs\":[\"https:\\\/\\\/www.facebook.com\\\/groups\\\/165217837022391\\\/?ref=bookmarks\",\"https:\\\/\\\/www.instagram.com\\\/_ivinio_\\\/?hl=fr\"]}]}<\/script>\n<!-- \/ Yoast SEO plugin. -->","yoast_head_json":{"title":"Ch\u00e2teau Calavon - Carton d\u00e9couverte - 2x3 bouteilles - IVINIO Caviste","description":"Ce carton vous donne l'opportunit\u00e9 de d\u00e9guster les vins blancs et ros\u00e9s du Ch\u00e2teau de Calavon. 3 bouteilles de vin blanc du ch\u00e2teau et 3 bouteilles de la cuv\u00e9e Roquerousse. Un m\u00e9lange parfait pour de diverses occasions - de l'ap\u00e9ritif aux d\u00eeners sophistiqu\u00e9s !","robots":{"index":"index","follow":"follow","max-snippet":"max-snippet:-1","max-image-preview":"max-image-preview:large","max-video-preview":"max-video-preview:-1"},"canonical":"https:\/\/www.ivinio.com\/fr\/produit\/chateau-calavon-carton-decouverte-2x3-bouteilles\/","og_locale":"fr_FR","og_type":"article","og_title":"Ch\u00e2teau Calavon - Carton d\u00e9couverte - 2x3 bouteilles - IVINIO Caviste","og_description":"Ce carton vous donne l'opportunit\u00e9 de d\u00e9guster les vins blancs et ros\u00e9s du Ch\u00e2teau de Calavon. 3 bouteilles de vin blanc du ch\u00e2teau et 3 bouteilles de la cuv\u00e9e Roquerousse. Un m\u00e9lange parfait pour de diverses occasions - de l'ap\u00e9ritif aux d\u00eeners sophistiqu\u00e9s !","og_url":"https:\/\/www.ivinio.com\/fr\/produit\/chateau-calavon-carton-decouverte-2x3-bouteilles\/","og_site_name":"IVINIO Caviste","article_publisher":"https:\/\/www.facebook.com\/groups\/165217837022391\/?ref=bookmarks","article_modified_time":"2022-03-17T04:13:26+00:00","og_image":[{"width":600,"height":600,"url":"https:\/\/www.ivinio.com\/wp-content\/uploads\/2021\/01\/Calavon-mix-IVINIO.jpg","type":"image\/jpeg"}],"twitter_card":"summary_large_image","schema":{"@context":"https:\/\/schema.org","@graph":[{"@type":"WebPage","@id":"https:\/\/www.ivinio.com\/fr\/produit\/chateau-calavon-carton-decouverte-2x3-bouteilles\/","url":"https:\/\/www.ivinio.com\/fr\/produit\/chateau-calavon-carton-decouverte-2x3-bouteilles\/","name":"Ch\u00e2teau Calavon - Carton d\u00e9couverte - 2x3 bouteilles - IVINIO Caviste","isPartOf":{"@id":"https:\/\/www.ivinio.com\/fr\/#website"},"primaryImageOfPage":{"@id":"https:\/\/www.ivinio.com\/fr\/produit\/chateau-calavon-carton-decouverte-2x3-bouteilles\/#primaryimage"},"image":{"@id":"https:\/\/www.ivinio.com\/fr\/produit\/chateau-calavon-carton-decouverte-2x3-bouteilles\/#primaryimage"},"thumbnailUrl":"https:\/\/www.ivinio.com\/wp-content\/uploads\/2021\/01\/Calavon-mix-IVINIO.jpg","datePublished":"2021-01-09T10:11:38+00:00","dateModified":"2022-03-17T04:13:26+00:00","description":"Ce carton vous donne l'opportunit\u00e9 de d\u00e9guster les vins blancs et ros\u00e9s du Ch\u00e2teau de Calavon. 3 bouteilles de vin blanc du ch\u00e2teau et 3 bouteilles de la cuv\u00e9e Roquerousse. Un m\u00e9lange parfait pour de diverses occasions - de l'ap\u00e9ritif aux d\u00eeners sophistiqu\u00e9s !","breadcrumb":{"@id":"https:\/\/www.ivinio.com\/fr\/produit\/chateau-calavon-carton-decouverte-2x3-bouteilles\/#breadcrumb"},"inLanguage":"fr-FR","potentialAction":[{"@type":"ReadAction","target":["https:\/\/www.ivinio.com\/fr\/produit\/chateau-calavon-carton-decouverte-2x3-bouteilles\/"]}]},{"@type":"ImageObject","inLanguage":"fr-FR","@id":"https:\/\/www.ivinio.com\/fr\/produit\/chateau-calavon-carton-decouverte-2x3-bouteilles\/#primaryimage","url":"https:\/\/www.ivinio.com\/wp-content\/uploads\/2021\/01\/Calavon-mix-IVINIO.jpg","contentUrl":"https:\/\/www.ivinio.com\/wp-content\/uploads\/2021\/01\/Calavon-mix-IVINIO.jpg","width":600,"height":600},{"@type":"BreadcrumbList","@id":"https:\/\/www.ivinio.com\/fr\/produit\/chateau-calavon-carton-decouverte-2x3-bouteilles\/#breadcrumb","itemListElement":[{"@type":"ListItem","position":1,"name":"Home","item":"https:\/\/www.ivinio.com\/fr\/"},{"@type":"ListItem","position":2,"name":"Boutique de vin","item":"https:\/\/www.ivinio.com\/fr\/boutique-de-vin\/"},{"@type":"ListItem","position":3,"name":"Ch\u00e2teau Calavon &#8211; Carton d\u00e9couverte &#8211; 2&#215;3 bouteilles"}]},{"@type":"WebSite","@id":"https:\/\/www.ivinio.com\/fr\/#website","url":"https:\/\/www.ivinio.com\/fr\/","name":"IVINIO Caviste","description":"Vins de France et d&#039;Italie avec livraison \u00e0 domicile","publisher":{"@id":"https:\/\/www.ivinio.com\/fr\/#organization"},"potentialAction":[{"@type":"SearchAction","target":{"@type":"EntryPoint","urlTemplate":"https:\/\/www.ivinio.com\/fr\/?s={search_term_string}"},"query-input":{"@type":"PropertyValueSpecification","valueRequired":true,"valueName":"search_term_string"}}],"inLanguage":"fr-FR"},{"@type":"Organization","@id":"https:\/\/www.ivinio.com\/fr\/#organization","name":"IVINIO","url":"https:\/\/www.ivinio.com\/fr\/","logo":{"@type":"ImageObject","inLanguage":"fr-FR","@id":"https:\/\/www.ivinio.com\/fr\/#\/schema\/logo\/image\/","url":"https:\/\/www.ivinio.com\/wp-content\/uploads\/2021\/01\/Logo-Ivinio-v2.jpg","contentUrl":"https:\/\/www.ivinio.com\/wp-content\/uploads\/2021\/01\/Logo-Ivinio-v2.jpg","width":1194,"height":1194,"caption":"IVINIO"},"image":{"@id":"https:\/\/www.ivinio.com\/fr\/#\/schema\/logo\/image\/"},"sameAs":["https:\/\/www.facebook.com\/groups\/165217837022391\/?ref=bookmarks","https:\/\/www.instagram.com\/_ivinio_\/?hl=fr"]}]}},"jetpack_sharing_enabled":true,"_links":{"self":[{"href":"https:\/\/www.ivinio.com\/fr\/wp-json\/wp\/v2\/product\/122308","targetHints":{"allow":["GET"]}}],"collection":[{"href":"https:\/\/www.ivinio.com\/fr\/wp-json\/wp\/v2\/product"}],"about":[{"href":"https:\/\/www.ivinio.com\/fr\/wp-json\/wp\/v2\/types\/product"}],"replies":[{"embeddable":true,"href":"https:\/\/www.ivinio.com\/fr\/wp-json\/wp\/v2\/comments?post=122308"}],"wp:featuredmedia":[{"embeddable":true,"href":"https:\/\/www.ivinio.com\/fr\/wp-json\/wp\/v2\/media\/122311"}],"wp:attachment":[{"href":"https:\/\/www.ivinio.com\/fr\/wp-json\/wp\/v2\/media?parent=122308"}],"wp:term":[{"taxonomy":"product_brand","embeddable":true,"href":"https:\/\/www.ivinio.com\/fr\/wp-json\/wp\/v2\/product_brand?post=122308"},{"taxonomy":"product_cat","embeddable":true,"href":"https:\/\/www.ivinio.com\/fr\/wp-json\/wp\/v2\/product_cat?post=122308"},{"taxonomy":"product_tag","embeddable":true,"href":"https:\/\/www.ivinio.com\/fr\/wp-json\/wp\/v2\/product_tag?post=122308"}],"curies":[{"name":"wp","href":"https:\/\/api.w.org\/{rel}","templated":true}]}}