{"id":122038,"date":"2020-02-14T18:56:16","date_gmt":"2020-02-14T18:56:16","guid":{"rendered":"https:\/\/henrik.www.ivinio.com\/?product=domaine-la-croix-belle-le-champ-du-coq-rouge"},"modified":"2023-01-04T12:10:35","modified_gmt":"2023-01-04T11:10:35","slug":"domaine-la-croix-belle-le-champ-du-coq-rouge","status":"publish","type":"product","link":"https:\/\/www.ivinio.com\/fr\/produit\/domaine-la-croix-belle-le-champ-du-coq-rouge\/","title":{"rendered":"Domaine la Croix Belle &#8211; Le champ du Coq &#8211; Rouge"},"content":{"rendered":"<p><span class=\"JLqJ4b ChMk0b\" data-language-for-alternatives=\"fr\" data-language-to-translate-into=\"sv\" data-phrase-index=\"0\">Domaine la Croix Belle &#8211; Le champ du Coq &#8211; Rouge est compos\u00e9 de 60% Syrah et 40% Grenache.<\/span> <span class=\"JLqJ4b ChMk0b\" data-language-for-alternatives=\"fr\" data-language-to-translate-into=\"sv\" data-phrase-index=\"1\">Vinification selon la m\u00e9thode classique pendant 3 semaines.<\/span> <span class=\"JLqJ4b ChMk0b\" data-language-for-alternatives=\"fr\" data-language-to-translate-into=\"sv\" data-phrase-index=\"2\">Les c\u00e9pages sont vinifi\u00e9s s\u00e9par\u00e9ment.<\/span> <span class=\"JLqJ4b ChMk0b\" data-language-for-alternatives=\"fr\" data-language-to-translate-into=\"sv\" data-phrase-index=\"3\">Le vin est ensuite \u00e9lev\u00e9 dans des cuves en acier pendant 9 mois.<\/span><\/p>\n","protected":false},"excerpt":{"rendered":"<p><span class=\"JLqJ4b ChMk0b\" data-language-for-alternatives=\"fr\" data-language-to-translate-into=\"sv\" data-phrase-index=\"5\">Le champ du Coq du Domaine la Croix Belle est un vin rouge typique du sud de la France avec des notes chaleureuses de baies noires, de cacao et d&#8217;\u00e9pices.<\/span> S<span class=\"JLqJ4b ChMk0b\" data-language-for-alternatives=\"fr\" data-language-to-translate-into=\"sv\" data-phrase-index=\"6\">ervir avec des plats des pays m\u00e9diterran\u00e9ens, de pr\u00e9f\u00e9rence un peu relev\u00e9s !<\/span><\/p>\n","protected":false},"featured_media":131884,"comment_status":"open","ping_status":"closed","template":"","meta":{"_monsterinsights_skip_tracking":false,"_monsterinsights_sitenote_active":false,"_monsterinsights_sitenote_note":"","_monsterinsights_sitenote_category":0,"_uf_show_specific_survey":0,"_uf_disable_surveys":false},"product_brand":[],"product_cat":[36625,36586],"product_tag":[],"class_list":{"0":"post-122038","1":"product","2":"type-product","3":"status-publish","4":"has-post-thumbnail","6":"product_cat-fr-languedoc","7":"product_cat-vins-francais","8":"pa_alcohol-degree-14-fr","9":"pa_color-rouge-fr","10":"pa_country-france-fr","11":"pa_grape-variety-grenache-fr","12":"pa_grape-variety-syrah-fr","13":"pa_region-languedoc-fr","14":"pa_storage-potential-5-ans-fr","15":"pa_vintage-2020-fr","16":"pa_volume-75-cl-fr","18":"first","19":"instock","20":"taxable","21":"shipping-taxable","22":"purchasable","23":"product-type-simple"},"bundled_by":[],"bundle_stock_status":"instock","bundle_stock_quantity":null,"bundle_virtual":false,"bundle_layout":"","bundle_add_to_cart_form_location":"","bundle_editable_in_cart":false,"bundle_sold_individually_context":"","bundle_item_grouping":"","bundle_min_size":"","bundle_max_size":"","bundle_price":[],"bundled_items":[],"bundle_sell_ids":[],"yoast_head":"<!-- This site is optimized with the Yoast SEO plugin v27.5 - https:\/\/yoast.com\/product\/yoast-seo-wordpress\/ -->\n<title>Domaine la Croix Belle - Le champ du Coq - Rouge - IVINIO Caviste<\/title>\n<meta name=\"description\" content=\"Domaine la Croix Belle - Le champ du Coq - Rouge. Typique du sud de la France avec des notes chaleureuses de baies noires, de cacao et d&#039;\u00e9pices. Servir avec des plats des pays m\u00e9diterran\u00e9ens, de pr\u00e9f\u00e9rence un peu relev\u00e9s !\" \/>\n<meta name=\"robots\" content=\"index, follow, max-snippet:-1, max-image-preview:large, max-video-preview:-1\" \/>\n<link rel=\"canonical\" href=\"https:\/\/www.ivinio.com\/fr\/produit\/domaine-la-croix-belle-le-champ-du-coq-rouge\/\" \/>\n<meta property=\"og:locale\" content=\"fr_FR\" \/>\n<meta property=\"og:type\" content=\"article\" \/>\n<meta property=\"og:title\" content=\"Domaine la Croix Belle - Le champ du Coq - Rouge - IVINIO Caviste\" \/>\n<meta property=\"og:description\" content=\"Domaine la Croix Belle - Le champ du Coq - Rouge. Typique du sud de la France avec des notes chaleureuses de baies noires, de cacao et d&#039;\u00e9pices. Servir avec des plats des pays m\u00e9diterran\u00e9ens, de pr\u00e9f\u00e9rence un peu relev\u00e9s !\" \/>\n<meta property=\"og:url\" content=\"https:\/\/www.ivinio.com\/fr\/produit\/domaine-la-croix-belle-le-champ-du-coq-rouge\/\" \/>\n<meta property=\"og:site_name\" content=\"IVINIO Caviste\" \/>\n<meta property=\"article:publisher\" content=\"https:\/\/www.facebook.com\/groups\/165217837022391\/?ref=bookmarks\" \/>\n<meta property=\"article:modified_time\" content=\"2023-01-04T11:10:35+00:00\" \/>\n<meta property=\"og:image\" content=\"https:\/\/www.ivinio.com\/wp-content\/uploads\/2020\/02\/Domaine-la-croix-belle-camp-del-gal-IVINIO.jpg\" \/>\n\t<meta property=\"og:image:width\" content=\"500\" \/>\n\t<meta property=\"og:image:height\" content=\"500\" \/>\n\t<meta property=\"og:image:type\" content=\"image\/jpeg\" \/>\n<meta name=\"twitter:card\" content=\"summary_large_image\" \/>\n<script type=\"application\/ld+json\" class=\"yoast-schema-graph\">{\"@context\":\"https:\\\/\\\/schema.org\",\"@graph\":[{\"@type\":\"WebPage\",\"@id\":\"https:\\\/\\\/www.ivinio.com\\\/fr\\\/produit\\\/domaine-la-croix-belle-le-champ-du-coq-rouge\\\/\",\"url\":\"https:\\\/\\\/www.ivinio.com\\\/fr\\\/produit\\\/domaine-la-croix-belle-le-champ-du-coq-rouge\\\/\",\"name\":\"Domaine la Croix Belle - Le champ du Coq - Rouge - IVINIO Caviste\",\"isPartOf\":{\"@id\":\"https:\\\/\\\/www.ivinio.com\\\/fr\\\/#website\"},\"primaryImageOfPage\":{\"@id\":\"https:\\\/\\\/www.ivinio.com\\\/fr\\\/produit\\\/domaine-la-croix-belle-le-champ-du-coq-rouge\\\/#primaryimage\"},\"image\":{\"@id\":\"https:\\\/\\\/www.ivinio.com\\\/fr\\\/produit\\\/domaine-la-croix-belle-le-champ-du-coq-rouge\\\/#primaryimage\"},\"thumbnailUrl\":\"https:\\\/\\\/www.ivinio.com\\\/wp-content\\\/uploads\\\/2020\\\/02\\\/Domaine-la-croix-belle-camp-del-gal-IVINIO.jpg\",\"datePublished\":\"2020-02-14T18:56:16+00:00\",\"dateModified\":\"2023-01-04T11:10:35+00:00\",\"description\":\"Domaine la Croix Belle - Le champ du Coq - Rouge. Typique du sud de la France avec des notes chaleureuses de baies noires, de cacao et d'\u00e9pices. Servir avec des plats des pays m\u00e9diterran\u00e9ens, de pr\u00e9f\u00e9rence un peu relev\u00e9s !\",\"breadcrumb\":{\"@id\":\"https:\\\/\\\/www.ivinio.com\\\/fr\\\/produit\\\/domaine-la-croix-belle-le-champ-du-coq-rouge\\\/#breadcrumb\"},\"inLanguage\":\"fr-FR\",\"potentialAction\":[{\"@type\":\"ReadAction\",\"target\":[\"https:\\\/\\\/www.ivinio.com\\\/fr\\\/produit\\\/domaine-la-croix-belle-le-champ-du-coq-rouge\\\/\"]}]},{\"@type\":\"ImageObject\",\"inLanguage\":\"fr-FR\",\"@id\":\"https:\\\/\\\/www.ivinio.com\\\/fr\\\/produit\\\/domaine-la-croix-belle-le-champ-du-coq-rouge\\\/#primaryimage\",\"url\":\"https:\\\/\\\/www.ivinio.com\\\/wp-content\\\/uploads\\\/2020\\\/02\\\/Domaine-la-croix-belle-camp-del-gal-IVINIO.jpg\",\"contentUrl\":\"https:\\\/\\\/www.ivinio.com\\\/wp-content\\\/uploads\\\/2020\\\/02\\\/Domaine-la-croix-belle-camp-del-gal-IVINIO.jpg\",\"width\":500,\"height\":500,\"caption\":\"Domaine la Croix Belle - Camp del Gal\"},{\"@type\":\"BreadcrumbList\",\"@id\":\"https:\\\/\\\/www.ivinio.com\\\/fr\\\/produit\\\/domaine-la-croix-belle-le-champ-du-coq-rouge\\\/#breadcrumb\",\"itemListElement\":[{\"@type\":\"ListItem\",\"position\":1,\"name\":\"Home\",\"item\":\"https:\\\/\\\/www.ivinio.com\\\/fr\\\/\"},{\"@type\":\"ListItem\",\"position\":2,\"name\":\"Boutique de vin\",\"item\":\"https:\\\/\\\/www.ivinio.com\\\/fr\\\/boutique-de-vin\\\/\"},{\"@type\":\"ListItem\",\"position\":3,\"name\":\"Domaine la Croix Belle &#8211; Le champ du Coq &#8211; Rouge\"}]},{\"@type\":\"WebSite\",\"@id\":\"https:\\\/\\\/www.ivinio.com\\\/fr\\\/#website\",\"url\":\"https:\\\/\\\/www.ivinio.com\\\/fr\\\/\",\"name\":\"IVINIO Caviste\",\"description\":\"Vins de France et d&#039;Italie avec livraison \u00e0 domicile\",\"publisher\":{\"@id\":\"https:\\\/\\\/www.ivinio.com\\\/fr\\\/#organization\"},\"potentialAction\":[{\"@type\":\"SearchAction\",\"target\":{\"@type\":\"EntryPoint\",\"urlTemplate\":\"https:\\\/\\\/www.ivinio.com\\\/fr\\\/?s={search_term_string}\"},\"query-input\":{\"@type\":\"PropertyValueSpecification\",\"valueRequired\":true,\"valueName\":\"search_term_string\"}}],\"inLanguage\":\"fr-FR\"},{\"@type\":\"Organization\",\"@id\":\"https:\\\/\\\/www.ivinio.com\\\/fr\\\/#organization\",\"name\":\"IVINIO\",\"url\":\"https:\\\/\\\/www.ivinio.com\\\/fr\\\/\",\"logo\":{\"@type\":\"ImageObject\",\"inLanguage\":\"fr-FR\",\"@id\":\"https:\\\/\\\/www.ivinio.com\\\/fr\\\/#\\\/schema\\\/logo\\\/image\\\/\",\"url\":\"https:\\\/\\\/www.ivinio.com\\\/wp-content\\\/uploads\\\/2021\\\/01\\\/Logo-Ivinio-v2.jpg\",\"contentUrl\":\"https:\\\/\\\/www.ivinio.com\\\/wp-content\\\/uploads\\\/2021\\\/01\\\/Logo-Ivinio-v2.jpg\",\"width\":1194,\"height\":1194,\"caption\":\"IVINIO\"},\"image\":{\"@id\":\"https:\\\/\\\/www.ivinio.com\\\/fr\\\/#\\\/schema\\\/logo\\\/image\\\/\"},\"sameAs\":[\"https:\\\/\\\/www.facebook.com\\\/groups\\\/165217837022391\\\/?ref=bookmarks\",\"https:\\\/\\\/www.instagram.com\\\/_ivinio_\\\/?hl=fr\"]}]}<\/script>\n<!-- \/ Yoast SEO plugin. -->","yoast_head_json":{"title":"Domaine la Croix Belle - Le champ du Coq - Rouge - IVINIO Caviste","description":"Domaine la Croix Belle - Le champ du Coq - Rouge. Typique du sud de la France avec des notes chaleureuses de baies noires, de cacao et d'\u00e9pices. Servir avec des plats des pays m\u00e9diterran\u00e9ens, de pr\u00e9f\u00e9rence un peu relev\u00e9s !","robots":{"index":"index","follow":"follow","max-snippet":"max-snippet:-1","max-image-preview":"max-image-preview:large","max-video-preview":"max-video-preview:-1"},"canonical":"https:\/\/www.ivinio.com\/fr\/produit\/domaine-la-croix-belle-le-champ-du-coq-rouge\/","og_locale":"fr_FR","og_type":"article","og_title":"Domaine la Croix Belle - Le champ du Coq - Rouge - IVINIO Caviste","og_description":"Domaine la Croix Belle - Le champ du Coq - Rouge. Typique du sud de la France avec des notes chaleureuses de baies noires, de cacao et d'\u00e9pices. Servir avec des plats des pays m\u00e9diterran\u00e9ens, de pr\u00e9f\u00e9rence un peu relev\u00e9s !","og_url":"https:\/\/www.ivinio.com\/fr\/produit\/domaine-la-croix-belle-le-champ-du-coq-rouge\/","og_site_name":"IVINIO Caviste","article_publisher":"https:\/\/www.facebook.com\/groups\/165217837022391\/?ref=bookmarks","article_modified_time":"2023-01-04T11:10:35+00:00","og_image":[{"width":500,"height":500,"url":"https:\/\/www.ivinio.com\/wp-content\/uploads\/2020\/02\/Domaine-la-croix-belle-camp-del-gal-IVINIO.jpg","type":"image\/jpeg"}],"twitter_card":"summary_large_image","schema":{"@context":"https:\/\/schema.org","@graph":[{"@type":"WebPage","@id":"https:\/\/www.ivinio.com\/fr\/produit\/domaine-la-croix-belle-le-champ-du-coq-rouge\/","url":"https:\/\/www.ivinio.com\/fr\/produit\/domaine-la-croix-belle-le-champ-du-coq-rouge\/","name":"Domaine la Croix Belle - Le champ du Coq - Rouge - IVINIO Caviste","isPartOf":{"@id":"https:\/\/www.ivinio.com\/fr\/#website"},"primaryImageOfPage":{"@id":"https:\/\/www.ivinio.com\/fr\/produit\/domaine-la-croix-belle-le-champ-du-coq-rouge\/#primaryimage"},"image":{"@id":"https:\/\/www.ivinio.com\/fr\/produit\/domaine-la-croix-belle-le-champ-du-coq-rouge\/#primaryimage"},"thumbnailUrl":"https:\/\/www.ivinio.com\/wp-content\/uploads\/2020\/02\/Domaine-la-croix-belle-camp-del-gal-IVINIO.jpg","datePublished":"2020-02-14T18:56:16+00:00","dateModified":"2023-01-04T11:10:35+00:00","description":"Domaine la Croix Belle - Le champ du Coq - Rouge. Typique du sud de la France avec des notes chaleureuses de baies noires, de cacao et d'\u00e9pices. Servir avec des plats des pays m\u00e9diterran\u00e9ens, de pr\u00e9f\u00e9rence un peu relev\u00e9s !","breadcrumb":{"@id":"https:\/\/www.ivinio.com\/fr\/produit\/domaine-la-croix-belle-le-champ-du-coq-rouge\/#breadcrumb"},"inLanguage":"fr-FR","potentialAction":[{"@type":"ReadAction","target":["https:\/\/www.ivinio.com\/fr\/produit\/domaine-la-croix-belle-le-champ-du-coq-rouge\/"]}]},{"@type":"ImageObject","inLanguage":"fr-FR","@id":"https:\/\/www.ivinio.com\/fr\/produit\/domaine-la-croix-belle-le-champ-du-coq-rouge\/#primaryimage","url":"https:\/\/www.ivinio.com\/wp-content\/uploads\/2020\/02\/Domaine-la-croix-belle-camp-del-gal-IVINIO.jpg","contentUrl":"https:\/\/www.ivinio.com\/wp-content\/uploads\/2020\/02\/Domaine-la-croix-belle-camp-del-gal-IVINIO.jpg","width":500,"height":500,"caption":"Domaine la Croix Belle - Camp del Gal"},{"@type":"BreadcrumbList","@id":"https:\/\/www.ivinio.com\/fr\/produit\/domaine-la-croix-belle-le-champ-du-coq-rouge\/#breadcrumb","itemListElement":[{"@type":"ListItem","position":1,"name":"Home","item":"https:\/\/www.ivinio.com\/fr\/"},{"@type":"ListItem","position":2,"name":"Boutique de vin","item":"https:\/\/www.ivinio.com\/fr\/boutique-de-vin\/"},{"@type":"ListItem","position":3,"name":"Domaine la Croix Belle &#8211; Le champ du Coq &#8211; Rouge"}]},{"@type":"WebSite","@id":"https:\/\/www.ivinio.com\/fr\/#website","url":"https:\/\/www.ivinio.com\/fr\/","name":"IVINIO Caviste","description":"Vins de France et d&#039;Italie avec livraison \u00e0 domicile","publisher":{"@id":"https:\/\/www.ivinio.com\/fr\/#organization"},"potentialAction":[{"@type":"SearchAction","target":{"@type":"EntryPoint","urlTemplate":"https:\/\/www.ivinio.com\/fr\/?s={search_term_string}"},"query-input":{"@type":"PropertyValueSpecification","valueRequired":true,"valueName":"search_term_string"}}],"inLanguage":"fr-FR"},{"@type":"Organization","@id":"https:\/\/www.ivinio.com\/fr\/#organization","name":"IVINIO","url":"https:\/\/www.ivinio.com\/fr\/","logo":{"@type":"ImageObject","inLanguage":"fr-FR","@id":"https:\/\/www.ivinio.com\/fr\/#\/schema\/logo\/image\/","url":"https:\/\/www.ivinio.com\/wp-content\/uploads\/2021\/01\/Logo-Ivinio-v2.jpg","contentUrl":"https:\/\/www.ivinio.com\/wp-content\/uploads\/2021\/01\/Logo-Ivinio-v2.jpg","width":1194,"height":1194,"caption":"IVINIO"},"image":{"@id":"https:\/\/www.ivinio.com\/fr\/#\/schema\/logo\/image\/"},"sameAs":["https:\/\/www.facebook.com\/groups\/165217837022391\/?ref=bookmarks","https:\/\/www.instagram.com\/_ivinio_\/?hl=fr"]}]}},"jetpack_sharing_enabled":true,"_links":{"self":[{"href":"https:\/\/www.ivinio.com\/fr\/wp-json\/wp\/v2\/product\/122038","targetHints":{"allow":["GET"]}}],"collection":[{"href":"https:\/\/www.ivinio.com\/fr\/wp-json\/wp\/v2\/product"}],"about":[{"href":"https:\/\/www.ivinio.com\/fr\/wp-json\/wp\/v2\/types\/product"}],"replies":[{"embeddable":true,"href":"https:\/\/www.ivinio.com\/fr\/wp-json\/wp\/v2\/comments?post=122038"}],"wp:featuredmedia":[{"embeddable":true,"href":"https:\/\/www.ivinio.com\/fr\/wp-json\/wp\/v2\/media\/131884"}],"wp:attachment":[{"href":"https:\/\/www.ivinio.com\/fr\/wp-json\/wp\/v2\/media?parent=122038"}],"wp:term":[{"taxonomy":"product_brand","embeddable":true,"href":"https:\/\/www.ivinio.com\/fr\/wp-json\/wp\/v2\/product_brand?post=122038"},{"taxonomy":"product_cat","embeddable":true,"href":"https:\/\/www.ivinio.com\/fr\/wp-json\/wp\/v2\/product_cat?post=122038"},{"taxonomy":"product_tag","embeddable":true,"href":"https:\/\/www.ivinio.com\/fr\/wp-json\/wp\/v2\/product_tag?post=122038"}],"curies":[{"name":"wp","href":"https:\/\/api.w.org\/{rel}","templated":true}]}}