{"id":121979,"date":"2019-11-02T14:04:24","date_gmt":"2019-11-02T14:04:24","guid":{"rendered":"https:\/\/henrik.www.ivinio.com\/?product=castello-gabriel-1503-prosecco-mirage-spumante-treviso-brut"},"modified":"2022-03-17T05:13:39","modified_gmt":"2022-03-17T04:13:39","slug":"castello-gabriel-1503-prosecco-mirage-spumante-treviso-brut-1","status":"publish","type":"product","link":"https:\/\/www.ivinio.com\/fr\/produit\/castello-gabriel-1503-prosecco-mirage-spumante-treviso-brut-1\/","title":{"rendered":"Castello Gabriel &#8211; 1503 &#8211; Prosecco Mirage Spumante Treviso &#8211; Brut"},"content":{"rendered":"<p>Le Prosecco &#8211; 1503 Mirage de Castello Gabriel est compos\u00e9 \u00e0 100% du c\u00e9page\u00a0 Glera. Les vendanges sont faites manuellement \u00e0 partir des raisins \u00e0 maturit\u00e9 id\u00e9ale. Les raisins sont foul\u00e9s et press\u00e9s. Le mo\u00fbt est refroidi suivi d&#8217;une s\u00e9dimentation statique et d&#8217;un m\u00e9lange avec des levures s\u00e9lectionn\u00e9es. La fermentation se d\u00e9roule \u00e0 basse temp\u00e9rature contr\u00f4l\u00e9e (14\u00b0C). Le vin est facilement clarifi\u00e9 et filtr\u00e9. Il est ensuite vers\u00e9 dans des cuves en acier ferm\u00e9es (autoclaves) pour la seconde fermentation. Le vin fermente pendant un mois lorsque la pression dans les r\u00e9cipients monte \u00e0 environ 5 bars. Le vin final est clarifi\u00e9 et filtr\u00e9 une nouvelle fois avant d&#8217;\u00eatre mis en bouteille.<\/p>\n","protected":false},"excerpt":{"rendered":"<p>Le Brut Mirage de Castello Gabriel est un Prosecco aux notes aromatiques de fruits blancs, principalement de pomme et de p\u00eache. Un merveilleux prosecco \u00e0 servir \u00e0 l&#8217;ap\u00e9ritif, pour des antipasti ou divers plats de poisson.<\/p>\n","protected":false},"featured_media":121982,"comment_status":"open","ping_status":"closed","template":"","meta":{"_monsterinsights_skip_tracking":false,"_monsterinsights_sitenote_active":false,"_monsterinsights_sitenote_note":"","_monsterinsights_sitenote_category":0,"_uf_show_specific_survey":0,"_uf_disable_surveys":false},"product_brand":[],"product_cat":[36592,36589],"product_tag":[],"class_list":{"0":"post-121979","1":"product","2":"type-product","3":"status-publish","4":"has-post-thumbnail","6":"product_cat-fr-veneto-friuli","7":"product_cat-vins-italiens","8":"pa_alcohol-degree-11-fr","9":"pa_classification-doc-prosecco-treviso-fr","10":"pa_color-mousseux-fr","11":"pa_country-italie-fr","12":"pa_grape-variety-glera-fr","13":"pa_region-veneto-fr","14":"pa_storage-potential-2-ans-fr","15":"pa_volume-75-cl-fr","17":"first","18":"instock","19":"taxable","20":"shipping-taxable","21":"purchasable","22":"product-type-simple"},"bundled_by":[],"bundle_stock_status":"instock","bundle_stock_quantity":null,"bundle_virtual":false,"bundle_layout":"","bundle_add_to_cart_form_location":"","bundle_editable_in_cart":false,"bundle_sold_individually_context":"","bundle_item_grouping":"","bundle_min_size":"","bundle_max_size":"","bundle_price":[],"bundled_items":[],"bundle_sell_ids":[],"yoast_head":"<!-- This site is optimized with the Yoast SEO plugin v27.3 - https:\/\/yoast.com\/product\/yoast-seo-wordpress\/ -->\n<title>Acheter Castello Gabriel - 1503 - Prosecco Mirage Spumante Treviso<\/title>\n<meta name=\"description\" content=\"Acheter Castello Gabriel - 1503 - Prosecco Mirage Spumante Treviso. Notes aromatiques de fruits blancs, principalement de pomme et de p\u00eache.\" \/>\n<meta name=\"robots\" content=\"index, follow, max-snippet:-1, max-image-preview:large, max-video-preview:-1\" \/>\n<link rel=\"canonical\" href=\"https:\/\/www.ivinio.com\/fr\/produit\/castello-gabriel-1503-prosecco-mirage-spumante-treviso-brut-1\/\" \/>\n<meta property=\"og:locale\" content=\"fr_FR\" \/>\n<meta property=\"og:type\" content=\"article\" \/>\n<meta property=\"og:title\" content=\"Acheter Castello Gabriel - 1503 - Prosecco Mirage Spumante Treviso\" \/>\n<meta property=\"og:description\" content=\"Acheter Castello Gabriel - 1503 - Prosecco Mirage Spumante Treviso. Notes aromatiques de fruits blancs, principalement de pomme et de p\u00eache.\" \/>\n<meta property=\"og:url\" content=\"https:\/\/www.ivinio.com\/fr\/produit\/castello-gabriel-1503-prosecco-mirage-spumante-treviso-brut-1\/\" \/>\n<meta property=\"og:site_name\" content=\"IVINIO Wine Shop\" \/>\n<meta property=\"article:publisher\" content=\"https:\/\/www.facebook.com\/groups\/165217837022391\/?ref=bookmarks\" \/>\n<meta property=\"article:modified_time\" content=\"2022-03-17T04:13:39+00:00\" \/>\n<meta property=\"og:image\" content=\"https:\/\/www.ivinio.com\/wp-content\/uploads\/nc\/public\/modules\/file\/pictures\/7135.Castello-gabriel-prosecco-brutmirage-IVINIO.jpg\" \/>\n\t<meta property=\"og:image:width\" content=\"500\" \/>\n\t<meta property=\"og:image:height\" content=\"500\" \/>\n\t<meta property=\"og:image:type\" content=\"image\/jpeg\" \/>\n<meta name=\"twitter:card\" content=\"summary_large_image\" \/>\n<meta name=\"twitter:label1\" content=\"Dur\u00e9e de lecture estim\u00e9e\" \/>\n\t<meta name=\"twitter:data1\" content=\"1 minute\" \/>\n<script type=\"application\/ld+json\" class=\"yoast-schema-graph\">{\"@context\":\"https:\\\/\\\/schema.org\",\"@graph\":[{\"@type\":\"WebPage\",\"@id\":\"https:\\\/\\\/www.ivinio.com\\\/fr\\\/produit\\\/castello-gabriel-1503-prosecco-mirage-spumante-treviso-brut-1\\\/\",\"url\":\"https:\\\/\\\/www.ivinio.com\\\/fr\\\/produit\\\/castello-gabriel-1503-prosecco-mirage-spumante-treviso-brut-1\\\/\",\"name\":\"Acheter Castello Gabriel - 1503 - Prosecco Mirage Spumante Treviso\",\"isPartOf\":{\"@id\":\"https:\\\/\\\/www.ivinio.com\\\/fr\\\/#website\"},\"primaryImageOfPage\":{\"@id\":\"https:\\\/\\\/www.ivinio.com\\\/fr\\\/produit\\\/castello-gabriel-1503-prosecco-mirage-spumante-treviso-brut-1\\\/#primaryimage\"},\"image\":{\"@id\":\"https:\\\/\\\/www.ivinio.com\\\/fr\\\/produit\\\/castello-gabriel-1503-prosecco-mirage-spumante-treviso-brut-1\\\/#primaryimage\"},\"thumbnailUrl\":\"https:\\\/\\\/www.ivinio.com\\\/wp-content\\\/uploads\\\/nc\\\/public\\\/modules\\\/file\\\/pictures\\\/7135.Castello-gabriel-prosecco-brutmirage-IVINIO.jpg\",\"datePublished\":\"2019-11-02T14:04:24+00:00\",\"dateModified\":\"2022-03-17T04:13:39+00:00\",\"description\":\"Acheter Castello Gabriel - 1503 - Prosecco Mirage Spumante Treviso. Notes aromatiques de fruits blancs, principalement de pomme et de p\u00eache.\",\"breadcrumb\":{\"@id\":\"https:\\\/\\\/www.ivinio.com\\\/fr\\\/produit\\\/castello-gabriel-1503-prosecco-mirage-spumante-treviso-brut-1\\\/#breadcrumb\"},\"inLanguage\":\"fr-FR\",\"potentialAction\":[{\"@type\":\"ReadAction\",\"target\":[\"https:\\\/\\\/www.ivinio.com\\\/fr\\\/produit\\\/castello-gabriel-1503-prosecco-mirage-spumante-treviso-brut-1\\\/\"]}]},{\"@type\":\"ImageObject\",\"inLanguage\":\"fr-FR\",\"@id\":\"https:\\\/\\\/www.ivinio.com\\\/fr\\\/produit\\\/castello-gabriel-1503-prosecco-mirage-spumante-treviso-brut-1\\\/#primaryimage\",\"url\":\"https:\\\/\\\/www.ivinio.com\\\/wp-content\\\/uploads\\\/nc\\\/public\\\/modules\\\/file\\\/pictures\\\/7135.Castello-gabriel-prosecco-brutmirage-IVINIO.jpg\",\"contentUrl\":\"https:\\\/\\\/www.ivinio.com\\\/wp-content\\\/uploads\\\/nc\\\/public\\\/modules\\\/file\\\/pictures\\\/7135.Castello-gabriel-prosecco-brutmirage-IVINIO.jpg\",\"width\":500,\"height\":500,\"caption\":\"Castello Gabriel - 1503 - Prosecco Mirage Spumante Treviso\"},{\"@type\":\"BreadcrumbList\",\"@id\":\"https:\\\/\\\/www.ivinio.com\\\/fr\\\/produit\\\/castello-gabriel-1503-prosecco-mirage-spumante-treviso-brut-1\\\/#breadcrumb\",\"itemListElement\":[{\"@type\":\"ListItem\",\"position\":1,\"name\":\"Home\",\"item\":\"https:\\\/\\\/www.ivinio.com\\\/fr\\\/\"},{\"@type\":\"ListItem\",\"position\":2,\"name\":\"Boutique de vin\",\"item\":\"https:\\\/\\\/www.ivinio.com\\\/fr\\\/boutique-de-vin\\\/\"},{\"@type\":\"ListItem\",\"position\":3,\"name\":\"Castello Gabriel &#8211; 1503 &#8211; Prosecco Mirage Spumante Treviso &#8211; Brut\"}]},{\"@type\":\"WebSite\",\"@id\":\"https:\\\/\\\/www.ivinio.com\\\/fr\\\/#website\",\"url\":\"https:\\\/\\\/www.ivinio.com\\\/fr\\\/\",\"name\":\"IVINIO Wine Shop\",\"description\":\"French and Italian wines with delivery to your door\",\"publisher\":{\"@id\":\"https:\\\/\\\/www.ivinio.com\\\/fr\\\/#organization\"},\"potentialAction\":[{\"@type\":\"SearchAction\",\"target\":{\"@type\":\"EntryPoint\",\"urlTemplate\":\"https:\\\/\\\/www.ivinio.com\\\/fr\\\/?s={search_term_string}\"},\"query-input\":{\"@type\":\"PropertyValueSpecification\",\"valueRequired\":true,\"valueName\":\"search_term_string\"}}],\"inLanguage\":\"fr-FR\"},{\"@type\":\"Organization\",\"@id\":\"https:\\\/\\\/www.ivinio.com\\\/fr\\\/#organization\",\"name\":\"IVINIO\",\"url\":\"https:\\\/\\\/www.ivinio.com\\\/fr\\\/\",\"logo\":{\"@type\":\"ImageObject\",\"inLanguage\":\"fr-FR\",\"@id\":\"https:\\\/\\\/www.ivinio.com\\\/fr\\\/#\\\/schema\\\/logo\\\/image\\\/\",\"url\":\"https:\\\/\\\/www.ivinio.com\\\/wp-content\\\/uploads\\\/2021\\\/01\\\/Logo-Ivinio-v2.jpg\",\"contentUrl\":\"https:\\\/\\\/www.ivinio.com\\\/wp-content\\\/uploads\\\/2021\\\/01\\\/Logo-Ivinio-v2.jpg\",\"width\":1194,\"height\":1194,\"caption\":\"IVINIO\"},\"image\":{\"@id\":\"https:\\\/\\\/www.ivinio.com\\\/fr\\\/#\\\/schema\\\/logo\\\/image\\\/\"},\"sameAs\":[\"https:\\\/\\\/www.facebook.com\\\/groups\\\/165217837022391\\\/?ref=bookmarks\",\"https:\\\/\\\/www.instagram.com\\\/_ivinio_\\\/?hl=fr\"]}]}<\/script>\n<!-- \/ Yoast SEO plugin. -->","yoast_head_json":{"title":"Acheter Castello Gabriel - 1503 - Prosecco Mirage Spumante Treviso","description":"Acheter Castello Gabriel - 1503 - Prosecco Mirage Spumante Treviso. Notes aromatiques de fruits blancs, principalement de pomme et de p\u00eache.","robots":{"index":"index","follow":"follow","max-snippet":"max-snippet:-1","max-image-preview":"max-image-preview:large","max-video-preview":"max-video-preview:-1"},"canonical":"https:\/\/www.ivinio.com\/fr\/produit\/castello-gabriel-1503-prosecco-mirage-spumante-treviso-brut-1\/","og_locale":"fr_FR","og_type":"article","og_title":"Acheter Castello Gabriel - 1503 - Prosecco Mirage Spumante Treviso","og_description":"Acheter Castello Gabriel - 1503 - Prosecco Mirage Spumante Treviso. Notes aromatiques de fruits blancs, principalement de pomme et de p\u00eache.","og_url":"https:\/\/www.ivinio.com\/fr\/produit\/castello-gabriel-1503-prosecco-mirage-spumante-treviso-brut-1\/","og_site_name":"IVINIO Wine Shop","article_publisher":"https:\/\/www.facebook.com\/groups\/165217837022391\/?ref=bookmarks","article_modified_time":"2022-03-17T04:13:39+00:00","og_image":[{"width":500,"height":500,"url":"https:\/\/www.ivinio.com\/wp-content\/uploads\/nc\/public\/modules\/file\/pictures\/7135.Castello-gabriel-prosecco-brutmirage-IVINIO.jpg","type":"image\/jpeg"}],"twitter_card":"summary_large_image","twitter_misc":{"Dur\u00e9e de lecture estim\u00e9e":"1 minute"},"schema":{"@context":"https:\/\/schema.org","@graph":[{"@type":"WebPage","@id":"https:\/\/www.ivinio.com\/fr\/produit\/castello-gabriel-1503-prosecco-mirage-spumante-treviso-brut-1\/","url":"https:\/\/www.ivinio.com\/fr\/produit\/castello-gabriel-1503-prosecco-mirage-spumante-treviso-brut-1\/","name":"Acheter Castello Gabriel - 1503 - Prosecco Mirage Spumante Treviso","isPartOf":{"@id":"https:\/\/www.ivinio.com\/fr\/#website"},"primaryImageOfPage":{"@id":"https:\/\/www.ivinio.com\/fr\/produit\/castello-gabriel-1503-prosecco-mirage-spumante-treviso-brut-1\/#primaryimage"},"image":{"@id":"https:\/\/www.ivinio.com\/fr\/produit\/castello-gabriel-1503-prosecco-mirage-spumante-treviso-brut-1\/#primaryimage"},"thumbnailUrl":"https:\/\/www.ivinio.com\/wp-content\/uploads\/nc\/public\/modules\/file\/pictures\/7135.Castello-gabriel-prosecco-brutmirage-IVINIO.jpg","datePublished":"2019-11-02T14:04:24+00:00","dateModified":"2022-03-17T04:13:39+00:00","description":"Acheter Castello Gabriel - 1503 - Prosecco Mirage Spumante Treviso. Notes aromatiques de fruits blancs, principalement de pomme et de p\u00eache.","breadcrumb":{"@id":"https:\/\/www.ivinio.com\/fr\/produit\/castello-gabriel-1503-prosecco-mirage-spumante-treviso-brut-1\/#breadcrumb"},"inLanguage":"fr-FR","potentialAction":[{"@type":"ReadAction","target":["https:\/\/www.ivinio.com\/fr\/produit\/castello-gabriel-1503-prosecco-mirage-spumante-treviso-brut-1\/"]}]},{"@type":"ImageObject","inLanguage":"fr-FR","@id":"https:\/\/www.ivinio.com\/fr\/produit\/castello-gabriel-1503-prosecco-mirage-spumante-treviso-brut-1\/#primaryimage","url":"https:\/\/www.ivinio.com\/wp-content\/uploads\/nc\/public\/modules\/file\/pictures\/7135.Castello-gabriel-prosecco-brutmirage-IVINIO.jpg","contentUrl":"https:\/\/www.ivinio.com\/wp-content\/uploads\/nc\/public\/modules\/file\/pictures\/7135.Castello-gabriel-prosecco-brutmirage-IVINIO.jpg","width":500,"height":500,"caption":"Castello Gabriel - 1503 - Prosecco Mirage Spumante Treviso"},{"@type":"BreadcrumbList","@id":"https:\/\/www.ivinio.com\/fr\/produit\/castello-gabriel-1503-prosecco-mirage-spumante-treviso-brut-1\/#breadcrumb","itemListElement":[{"@type":"ListItem","position":1,"name":"Home","item":"https:\/\/www.ivinio.com\/fr\/"},{"@type":"ListItem","position":2,"name":"Boutique de vin","item":"https:\/\/www.ivinio.com\/fr\/boutique-de-vin\/"},{"@type":"ListItem","position":3,"name":"Castello Gabriel &#8211; 1503 &#8211; Prosecco Mirage Spumante Treviso &#8211; Brut"}]},{"@type":"WebSite","@id":"https:\/\/www.ivinio.com\/fr\/#website","url":"https:\/\/www.ivinio.com\/fr\/","name":"IVINIO Wine Shop","description":"French and Italian wines with delivery to your door","publisher":{"@id":"https:\/\/www.ivinio.com\/fr\/#organization"},"potentialAction":[{"@type":"SearchAction","target":{"@type":"EntryPoint","urlTemplate":"https:\/\/www.ivinio.com\/fr\/?s={search_term_string}"},"query-input":{"@type":"PropertyValueSpecification","valueRequired":true,"valueName":"search_term_string"}}],"inLanguage":"fr-FR"},{"@type":"Organization","@id":"https:\/\/www.ivinio.com\/fr\/#organization","name":"IVINIO","url":"https:\/\/www.ivinio.com\/fr\/","logo":{"@type":"ImageObject","inLanguage":"fr-FR","@id":"https:\/\/www.ivinio.com\/fr\/#\/schema\/logo\/image\/","url":"https:\/\/www.ivinio.com\/wp-content\/uploads\/2021\/01\/Logo-Ivinio-v2.jpg","contentUrl":"https:\/\/www.ivinio.com\/wp-content\/uploads\/2021\/01\/Logo-Ivinio-v2.jpg","width":1194,"height":1194,"caption":"IVINIO"},"image":{"@id":"https:\/\/www.ivinio.com\/fr\/#\/schema\/logo\/image\/"},"sameAs":["https:\/\/www.facebook.com\/groups\/165217837022391\/?ref=bookmarks","https:\/\/www.instagram.com\/_ivinio_\/?hl=fr"]}]}},"jetpack_sharing_enabled":true,"_links":{"self":[{"href":"https:\/\/www.ivinio.com\/fr\/wp-json\/wp\/v2\/product\/121979","targetHints":{"allow":["GET"]}}],"collection":[{"href":"https:\/\/www.ivinio.com\/fr\/wp-json\/wp\/v2\/product"}],"about":[{"href":"https:\/\/www.ivinio.com\/fr\/wp-json\/wp\/v2\/types\/product"}],"replies":[{"embeddable":true,"href":"https:\/\/www.ivinio.com\/fr\/wp-json\/wp\/v2\/comments?post=121979"}],"wp:featuredmedia":[{"embeddable":true,"href":"https:\/\/www.ivinio.com\/fr\/wp-json\/wp\/v2\/media\/121982"}],"wp:attachment":[{"href":"https:\/\/www.ivinio.com\/fr\/wp-json\/wp\/v2\/media?parent=121979"}],"wp:term":[{"taxonomy":"product_brand","embeddable":true,"href":"https:\/\/www.ivinio.com\/fr\/wp-json\/wp\/v2\/product_brand?post=121979"},{"taxonomy":"product_cat","embeddable":true,"href":"https:\/\/www.ivinio.com\/fr\/wp-json\/wp\/v2\/product_cat?post=121979"},{"taxonomy":"product_tag","embeddable":true,"href":"https:\/\/www.ivinio.com\/fr\/wp-json\/wp\/v2\/product_tag?post=121979"}],"curies":[{"name":"wp","href":"https:\/\/api.w.org\/{rel}","templated":true}]}}