{"id":121916,"date":"2016-05-24T15:20:11","date_gmt":"2016-05-24T15:20:11","guid":{"rendered":"https:\/\/henrik.www.ivinio.com\/?product=delas-cotes-du-rhone-saint-esprit-rouge"},"modified":"2022-03-13T10:17:29","modified_gmt":"2022-03-13T09:17:29","slug":"delas-cotes-du-rhone-saint-esprit-rouge","status":"publish","type":"product","link":"https:\/\/www.ivinio.com\/fr\/produit\/delas-cotes-du-rhone-saint-esprit-rouge\/","title":{"rendered":"Delas &#8211; C\u00f4tes-du-Rh\u00f4ne &#8211; Saint-Esprit &#8211; Rouge"},"content":{"rendered":"<p><a href=\"http:\/\/www.delas.com\/fr\/vin\/28\/saint-esprit\">Delas Saint-Esprit<\/a> est un <a href=\"https:\/\/www.ivinio.com\/fr\/categorie-produit\/vins-francais\/fr-cotes-du-rhone\/\">C\u00f4tes-du-Rh\u00f4ne<\/a> compos\u00e9 principalement de Syrah, mais \u00e9galement de\u00a0Grenache. Les raisins sont \u00e9grapp\u00e9s apr\u00e8s les vendanges. La vinification est r\u00e9alis\u00e9e dans des cuves en acier ferm\u00e9es pendant une quinzaine de jours avec remontage quotidienen. La temp\u00e9rature de fermentation est contr\u00f4l\u00e9e entre 28 et 30 \u00b0 C. Apr\u00e8s la presse, la fermentation malolactique est effectu\u00e9e dans des\u00a0cuves en acier. Le vin est naturellement stabilis\u00e9 et \u00e9lev\u00e9 pendant 8 mois dans des\u00a0cuves en acier avant d&#8217;\u00eatre mis en bouteille.<\/p>\n","protected":false},"excerpt":{"rendered":"<p>Delas Saint-Esprit est un C\u00f4tes-du-Rh\u00f4ne compos\u00e9 de\u00a0Syrah et un peu de Grenache. Un vin rouge cors\u00e9\u00a0avec des notes de fruits rouges, de violette et de r\u00e9glisse. Servir accompagn\u00e9 d&#8217;une viande grill\u00e9e, du gibier ou un\u00a0plateau de fromages.<\/p>\n","protected":false},"featured_media":121919,"comment_status":"open","ping_status":"closed","template":"","meta":{"_monsterinsights_skip_tracking":false,"_monsterinsights_sitenote_active":false,"_monsterinsights_sitenote_note":"","_monsterinsights_sitenote_category":0,"_uf_show_specific_survey":0,"_uf_disable_surveys":false},"product_brand":[],"product_cat":[36619,36586],"product_tag":[],"class_list":{"0":"post-121916","1":"product","2":"type-product","3":"status-publish","4":"has-post-thumbnail","6":"product_cat-fr-cotes-du-rhone","7":"product_cat-vins-francais","8":"pa_alcohol-degree-14-fr","9":"pa_classification-aop-cotes-du-rhone-fr","10":"pa_color-rouge-fr","11":"pa_country-france-fr","12":"pa_grape-variety-grenache-fr","13":"pa_grape-variety-syrah-fr","14":"pa_region-vallee-du-rhone-fr","15":"pa_storage-potential-quelques-annees-fr","16":"pa_vintage-2019-fr","17":"pa_volume-75-cl-fr","19":"first","20":"instock","21":"taxable","22":"shipping-taxable","23":"purchasable","24":"product-type-simple"},"bundled_by":["121920"],"bundle_stock_status":"instock","bundle_stock_quantity":null,"bundle_virtual":false,"bundle_layout":"","bundle_add_to_cart_form_location":"","bundle_editable_in_cart":false,"bundle_sold_individually_context":"","bundle_item_grouping":"","bundle_min_size":"","bundle_max_size":"","bundle_price":[],"bundled_items":[],"bundle_sell_ids":[],"yoast_head":"<!-- This site is optimized with the Yoast SEO plugin v27.5 - https:\/\/yoast.com\/product\/yoast-seo-wordpress\/ -->\n<title>Acheter Delas - C\u00f4tes-du-Rh\u00f4ne - Saint-Esprit - Rouge<\/title>\n<meta name=\"description\" content=\"Saint-Joseph rouge de Delas nomm\u00e9 Fran\u00e7ois de Tournon est compos\u00e9 de 100% Syrah. Un vin doux, mais avec une bonne structure - des notes de cassis, de m\u00fbre et d&#039;\u00e9pices. Pour servir avec la viande grill\u00e9e, gibier ou plateau de fromages.\" \/>\n<meta name=\"robots\" content=\"index, follow, max-snippet:-1, max-image-preview:large, max-video-preview:-1\" \/>\n<link rel=\"canonical\" href=\"https:\/\/www.ivinio.com\/fr\/produit\/delas-cotes-du-rhone-saint-esprit-rouge\/\" \/>\n<meta property=\"og:locale\" content=\"fr_FR\" \/>\n<meta property=\"og:type\" content=\"article\" \/>\n<meta property=\"og:title\" content=\"Acheter Delas - C\u00f4tes-du-Rh\u00f4ne - Saint-Esprit - Rouge\" \/>\n<meta property=\"og:description\" content=\"Saint-Joseph rouge de Delas nomm\u00e9 Fran\u00e7ois de Tournon est compos\u00e9 de 100% Syrah. Un vin doux, mais avec une bonne structure - des notes de cassis, de m\u00fbre et d&#039;\u00e9pices. Pour servir avec la viande grill\u00e9e, gibier ou plateau de fromages.\" \/>\n<meta property=\"og:url\" content=\"https:\/\/www.ivinio.com\/fr\/produit\/delas-cotes-du-rhone-saint-esprit-rouge\/\" \/>\n<meta property=\"og:site_name\" content=\"IVINIO Caviste\" \/>\n<meta property=\"article:publisher\" content=\"https:\/\/www.facebook.com\/groups\/165217837022391\/?ref=bookmarks\" \/>\n<meta property=\"article:modified_time\" content=\"2022-03-13T09:17:29+00:00\" \/>\n<meta property=\"og:image\" content=\"https:\/\/www.ivinio.com\/wp-content\/uploads\/nc\/public\/modules\/file\/pictures\/7104.Delas-C-tes-du-Rh-ne-Saint-Esprit-IVINIO.jpg\" \/>\n\t<meta property=\"og:image:width\" content=\"500\" \/>\n\t<meta property=\"og:image:height\" content=\"500\" \/>\n\t<meta property=\"og:image:type\" content=\"image\/jpeg\" \/>\n<meta name=\"twitter:card\" content=\"summary_large_image\" \/>\n<meta name=\"twitter:label1\" content=\"Dur\u00e9e de lecture estim\u00e9e\" \/>\n\t<meta name=\"twitter:data1\" content=\"1 minute\" \/>\n<script type=\"application\/ld+json\" class=\"yoast-schema-graph\">{\"@context\":\"https:\\\/\\\/schema.org\",\"@graph\":[{\"@type\":\"WebPage\",\"@id\":\"https:\\\/\\\/www.ivinio.com\\\/fr\\\/produit\\\/delas-cotes-du-rhone-saint-esprit-rouge\\\/\",\"url\":\"https:\\\/\\\/www.ivinio.com\\\/fr\\\/produit\\\/delas-cotes-du-rhone-saint-esprit-rouge\\\/\",\"name\":\"Acheter Delas - C\u00f4tes-du-Rh\u00f4ne - Saint-Esprit - Rouge\",\"isPartOf\":{\"@id\":\"https:\\\/\\\/www.ivinio.com\\\/fr\\\/#website\"},\"primaryImageOfPage\":{\"@id\":\"https:\\\/\\\/www.ivinio.com\\\/fr\\\/produit\\\/delas-cotes-du-rhone-saint-esprit-rouge\\\/#primaryimage\"},\"image\":{\"@id\":\"https:\\\/\\\/www.ivinio.com\\\/fr\\\/produit\\\/delas-cotes-du-rhone-saint-esprit-rouge\\\/#primaryimage\"},\"thumbnailUrl\":\"https:\\\/\\\/www.ivinio.com\\\/wp-content\\\/uploads\\\/nc\\\/public\\\/modules\\\/file\\\/pictures\\\/7104.Delas-C-tes-du-Rh-ne-Saint-Esprit-IVINIO.jpg\",\"datePublished\":\"2016-05-24T15:20:11+00:00\",\"dateModified\":\"2022-03-13T09:17:29+00:00\",\"description\":\"Saint-Joseph rouge de Delas nomm\u00e9 Fran\u00e7ois de Tournon est compos\u00e9 de 100% Syrah. Un vin doux, mais avec une bonne structure - des notes de cassis, de m\u00fbre et d'\u00e9pices. Pour servir avec la viande grill\u00e9e, gibier ou plateau de fromages.\",\"breadcrumb\":{\"@id\":\"https:\\\/\\\/www.ivinio.com\\\/fr\\\/produit\\\/delas-cotes-du-rhone-saint-esprit-rouge\\\/#breadcrumb\"},\"inLanguage\":\"fr-FR\",\"potentialAction\":[{\"@type\":\"ReadAction\",\"target\":[\"https:\\\/\\\/www.ivinio.com\\\/fr\\\/produit\\\/delas-cotes-du-rhone-saint-esprit-rouge\\\/\"]}]},{\"@type\":\"ImageObject\",\"inLanguage\":\"fr-FR\",\"@id\":\"https:\\\/\\\/www.ivinio.com\\\/fr\\\/produit\\\/delas-cotes-du-rhone-saint-esprit-rouge\\\/#primaryimage\",\"url\":\"https:\\\/\\\/www.ivinio.com\\\/wp-content\\\/uploads\\\/nc\\\/public\\\/modules\\\/file\\\/pictures\\\/7104.Delas-C-tes-du-Rh-ne-Saint-Esprit-IVINIO.jpg\",\"contentUrl\":\"https:\\\/\\\/www.ivinio.com\\\/wp-content\\\/uploads\\\/nc\\\/public\\\/modules\\\/file\\\/pictures\\\/7104.Delas-C-tes-du-Rh-ne-Saint-Esprit-IVINIO.jpg\",\"width\":500,\"height\":500},{\"@type\":\"BreadcrumbList\",\"@id\":\"https:\\\/\\\/www.ivinio.com\\\/fr\\\/produit\\\/delas-cotes-du-rhone-saint-esprit-rouge\\\/#breadcrumb\",\"itemListElement\":[{\"@type\":\"ListItem\",\"position\":1,\"name\":\"Home\",\"item\":\"https:\\\/\\\/www.ivinio.com\\\/fr\\\/\"},{\"@type\":\"ListItem\",\"position\":2,\"name\":\"Boutique de vin\",\"item\":\"https:\\\/\\\/www.ivinio.com\\\/fr\\\/boutique-de-vin\\\/\"},{\"@type\":\"ListItem\",\"position\":3,\"name\":\"Delas &#8211; C\u00f4tes-du-Rh\u00f4ne &#8211; Saint-Esprit &#8211; Rouge\"}]},{\"@type\":\"WebSite\",\"@id\":\"https:\\\/\\\/www.ivinio.com\\\/fr\\\/#website\",\"url\":\"https:\\\/\\\/www.ivinio.com\\\/fr\\\/\",\"name\":\"IVINIO Caviste\",\"description\":\"Vins de France et d&#039;Italie avec livraison \u00e0 domicile\",\"publisher\":{\"@id\":\"https:\\\/\\\/www.ivinio.com\\\/fr\\\/#organization\"},\"potentialAction\":[{\"@type\":\"SearchAction\",\"target\":{\"@type\":\"EntryPoint\",\"urlTemplate\":\"https:\\\/\\\/www.ivinio.com\\\/fr\\\/?s={search_term_string}\"},\"query-input\":{\"@type\":\"PropertyValueSpecification\",\"valueRequired\":true,\"valueName\":\"search_term_string\"}}],\"inLanguage\":\"fr-FR\"},{\"@type\":\"Organization\",\"@id\":\"https:\\\/\\\/www.ivinio.com\\\/fr\\\/#organization\",\"name\":\"IVINIO\",\"url\":\"https:\\\/\\\/www.ivinio.com\\\/fr\\\/\",\"logo\":{\"@type\":\"ImageObject\",\"inLanguage\":\"fr-FR\",\"@id\":\"https:\\\/\\\/www.ivinio.com\\\/fr\\\/#\\\/schema\\\/logo\\\/image\\\/\",\"url\":\"https:\\\/\\\/www.ivinio.com\\\/wp-content\\\/uploads\\\/2021\\\/01\\\/Logo-Ivinio-v2.jpg\",\"contentUrl\":\"https:\\\/\\\/www.ivinio.com\\\/wp-content\\\/uploads\\\/2021\\\/01\\\/Logo-Ivinio-v2.jpg\",\"width\":1194,\"height\":1194,\"caption\":\"IVINIO\"},\"image\":{\"@id\":\"https:\\\/\\\/www.ivinio.com\\\/fr\\\/#\\\/schema\\\/logo\\\/image\\\/\"},\"sameAs\":[\"https:\\\/\\\/www.facebook.com\\\/groups\\\/165217837022391\\\/?ref=bookmarks\",\"https:\\\/\\\/www.instagram.com\\\/_ivinio_\\\/?hl=fr\"]}]}<\/script>\n<!-- \/ Yoast SEO plugin. -->","yoast_head_json":{"title":"Acheter Delas - C\u00f4tes-du-Rh\u00f4ne - Saint-Esprit - Rouge","description":"Saint-Joseph rouge de Delas nomm\u00e9 Fran\u00e7ois de Tournon est compos\u00e9 de 100% Syrah. Un vin doux, mais avec une bonne structure - des notes de cassis, de m\u00fbre et d'\u00e9pices. Pour servir avec la viande grill\u00e9e, gibier ou plateau de fromages.","robots":{"index":"index","follow":"follow","max-snippet":"max-snippet:-1","max-image-preview":"max-image-preview:large","max-video-preview":"max-video-preview:-1"},"canonical":"https:\/\/www.ivinio.com\/fr\/produit\/delas-cotes-du-rhone-saint-esprit-rouge\/","og_locale":"fr_FR","og_type":"article","og_title":"Acheter Delas - C\u00f4tes-du-Rh\u00f4ne - Saint-Esprit - Rouge","og_description":"Saint-Joseph rouge de Delas nomm\u00e9 Fran\u00e7ois de Tournon est compos\u00e9 de 100% Syrah. Un vin doux, mais avec une bonne structure - des notes de cassis, de m\u00fbre et d'\u00e9pices. Pour servir avec la viande grill\u00e9e, gibier ou plateau de fromages.","og_url":"https:\/\/www.ivinio.com\/fr\/produit\/delas-cotes-du-rhone-saint-esprit-rouge\/","og_site_name":"IVINIO Caviste","article_publisher":"https:\/\/www.facebook.com\/groups\/165217837022391\/?ref=bookmarks","article_modified_time":"2022-03-13T09:17:29+00:00","og_image":[{"width":500,"height":500,"url":"https:\/\/www.ivinio.com\/wp-content\/uploads\/nc\/public\/modules\/file\/pictures\/7104.Delas-C-tes-du-Rh-ne-Saint-Esprit-IVINIO.jpg","type":"image\/jpeg"}],"twitter_card":"summary_large_image","twitter_misc":{"Dur\u00e9e de lecture estim\u00e9e":"1 minute"},"schema":{"@context":"https:\/\/schema.org","@graph":[{"@type":"WebPage","@id":"https:\/\/www.ivinio.com\/fr\/produit\/delas-cotes-du-rhone-saint-esprit-rouge\/","url":"https:\/\/www.ivinio.com\/fr\/produit\/delas-cotes-du-rhone-saint-esprit-rouge\/","name":"Acheter Delas - C\u00f4tes-du-Rh\u00f4ne - Saint-Esprit - Rouge","isPartOf":{"@id":"https:\/\/www.ivinio.com\/fr\/#website"},"primaryImageOfPage":{"@id":"https:\/\/www.ivinio.com\/fr\/produit\/delas-cotes-du-rhone-saint-esprit-rouge\/#primaryimage"},"image":{"@id":"https:\/\/www.ivinio.com\/fr\/produit\/delas-cotes-du-rhone-saint-esprit-rouge\/#primaryimage"},"thumbnailUrl":"https:\/\/www.ivinio.com\/wp-content\/uploads\/nc\/public\/modules\/file\/pictures\/7104.Delas-C-tes-du-Rh-ne-Saint-Esprit-IVINIO.jpg","datePublished":"2016-05-24T15:20:11+00:00","dateModified":"2022-03-13T09:17:29+00:00","description":"Saint-Joseph rouge de Delas nomm\u00e9 Fran\u00e7ois de Tournon est compos\u00e9 de 100% Syrah. Un vin doux, mais avec une bonne structure - des notes de cassis, de m\u00fbre et d'\u00e9pices. Pour servir avec la viande grill\u00e9e, gibier ou plateau de fromages.","breadcrumb":{"@id":"https:\/\/www.ivinio.com\/fr\/produit\/delas-cotes-du-rhone-saint-esprit-rouge\/#breadcrumb"},"inLanguage":"fr-FR","potentialAction":[{"@type":"ReadAction","target":["https:\/\/www.ivinio.com\/fr\/produit\/delas-cotes-du-rhone-saint-esprit-rouge\/"]}]},{"@type":"ImageObject","inLanguage":"fr-FR","@id":"https:\/\/www.ivinio.com\/fr\/produit\/delas-cotes-du-rhone-saint-esprit-rouge\/#primaryimage","url":"https:\/\/www.ivinio.com\/wp-content\/uploads\/nc\/public\/modules\/file\/pictures\/7104.Delas-C-tes-du-Rh-ne-Saint-Esprit-IVINIO.jpg","contentUrl":"https:\/\/www.ivinio.com\/wp-content\/uploads\/nc\/public\/modules\/file\/pictures\/7104.Delas-C-tes-du-Rh-ne-Saint-Esprit-IVINIO.jpg","width":500,"height":500},{"@type":"BreadcrumbList","@id":"https:\/\/www.ivinio.com\/fr\/produit\/delas-cotes-du-rhone-saint-esprit-rouge\/#breadcrumb","itemListElement":[{"@type":"ListItem","position":1,"name":"Home","item":"https:\/\/www.ivinio.com\/fr\/"},{"@type":"ListItem","position":2,"name":"Boutique de vin","item":"https:\/\/www.ivinio.com\/fr\/boutique-de-vin\/"},{"@type":"ListItem","position":3,"name":"Delas &#8211; C\u00f4tes-du-Rh\u00f4ne &#8211; Saint-Esprit &#8211; Rouge"}]},{"@type":"WebSite","@id":"https:\/\/www.ivinio.com\/fr\/#website","url":"https:\/\/www.ivinio.com\/fr\/","name":"IVINIO Caviste","description":"Vins de France et d&#039;Italie avec livraison \u00e0 domicile","publisher":{"@id":"https:\/\/www.ivinio.com\/fr\/#organization"},"potentialAction":[{"@type":"SearchAction","target":{"@type":"EntryPoint","urlTemplate":"https:\/\/www.ivinio.com\/fr\/?s={search_term_string}"},"query-input":{"@type":"PropertyValueSpecification","valueRequired":true,"valueName":"search_term_string"}}],"inLanguage":"fr-FR"},{"@type":"Organization","@id":"https:\/\/www.ivinio.com\/fr\/#organization","name":"IVINIO","url":"https:\/\/www.ivinio.com\/fr\/","logo":{"@type":"ImageObject","inLanguage":"fr-FR","@id":"https:\/\/www.ivinio.com\/fr\/#\/schema\/logo\/image\/","url":"https:\/\/www.ivinio.com\/wp-content\/uploads\/2021\/01\/Logo-Ivinio-v2.jpg","contentUrl":"https:\/\/www.ivinio.com\/wp-content\/uploads\/2021\/01\/Logo-Ivinio-v2.jpg","width":1194,"height":1194,"caption":"IVINIO"},"image":{"@id":"https:\/\/www.ivinio.com\/fr\/#\/schema\/logo\/image\/"},"sameAs":["https:\/\/www.facebook.com\/groups\/165217837022391\/?ref=bookmarks","https:\/\/www.instagram.com\/_ivinio_\/?hl=fr"]}]}},"jetpack_sharing_enabled":true,"_links":{"self":[{"href":"https:\/\/www.ivinio.com\/fr\/wp-json\/wp\/v2\/product\/121916","targetHints":{"allow":["GET"]}}],"collection":[{"href":"https:\/\/www.ivinio.com\/fr\/wp-json\/wp\/v2\/product"}],"about":[{"href":"https:\/\/www.ivinio.com\/fr\/wp-json\/wp\/v2\/types\/product"}],"replies":[{"embeddable":true,"href":"https:\/\/www.ivinio.com\/fr\/wp-json\/wp\/v2\/comments?post=121916"}],"wp:featuredmedia":[{"embeddable":true,"href":"https:\/\/www.ivinio.com\/fr\/wp-json\/wp\/v2\/media\/121919"}],"wp:attachment":[{"href":"https:\/\/www.ivinio.com\/fr\/wp-json\/wp\/v2\/media?parent=121916"}],"wp:term":[{"taxonomy":"product_brand","embeddable":true,"href":"https:\/\/www.ivinio.com\/fr\/wp-json\/wp\/v2\/product_brand?post=121916"},{"taxonomy":"product_cat","embeddable":true,"href":"https:\/\/www.ivinio.com\/fr\/wp-json\/wp\/v2\/product_cat?post=121916"},{"taxonomy":"product_tag","embeddable":true,"href":"https:\/\/www.ivinio.com\/fr\/wp-json\/wp\/v2\/product_tag?post=121916"}],"curies":[{"name":"wp","href":"https:\/\/api.w.org\/{rel}","templated":true}]}}