{"id":121903,"date":"2016-05-24T15:20:11","date_gmt":"2016-05-24T15:20:11","guid":{"rendered":"https:\/\/henrik.www.ivinio.com\/?product=delas-hermitage-domaine-des-tourettes-rouge"},"modified":"2022-12-29T18:51:00","modified_gmt":"2022-12-29T17:51:00","slug":"delas-hermitage-domaine-des-tourettes-rouge","status":"publish","type":"product","link":"https:\/\/www.ivinio.com\/fr\/produit\/delas-hermitage-domaine-des-tourettes-rouge\/","title":{"rendered":"Delas &#8211; Hermitage &#8211; Domaine des Tourettes &#8211; Rouge"},"content":{"rendered":"<p>Hermitage de Delas &#8211; La Domaine des Tourettes &#8211; est compos\u00e9 de Syrah, vendang\u00e9s manuellement, terroir par terroir \u00e0 maturit\u00e9 optimale. La vinification est effectu\u00e9e selon la m\u00e9thode traditionnelle dans des cuves en b\u00e9ton ouvertes apr\u00e8s deux jours de mac\u00e9ration \u00e0 froid. La fermentation commence alors \u00e0 une temp\u00e9rature contr\u00f4l\u00e9e comprise entre 28 et 30 \u00b0 C. Pigeage et remontage sont effectu\u00e9s quotidiennement pendant dix jours. La dur\u00e9e totale de la vinification peut atteindre 20 jours. Apr\u00e8s presse, la fermentation malolactique est r\u00e9alis\u00e9e dans des f\u00fbts\u00a0de ch\u00eane. Le\u00a0\u00a0vin est \u00e9lev\u00e9 dans des pi\u00e8ces\u00a0de ch\u00eane. Le caract\u00e8re grill\u00e9 r\u00e9sulte d&#8217;un dosage pr\u00e9cis entre le vin provenant de f\u00fbts neufs et anciens. Ce dosage est ajust\u00e9 \u00e0 chaque mill\u00e9sime en fonction de la nature du mill\u00e9sime.<\/p>\n","protected":false},"excerpt":{"rendered":"<p>Hermitage rouge du Delas, Domaine des Tourettes est compos\u00e9 de 100% Syrah. Une cuv\u00e9e exclusive avec un m\u00e9lange de trois terroirs: L&#8217;Ermite, Le Sabot et le prestigieux Bessards. Une saveur soyeuse aux ar\u00f4mes complexes de fruits noirs, d&#8217;\u00e9pices et de cuir.<\/p>\n","protected":false},"featured_media":130660,"comment_status":"open","ping_status":"closed","template":"","meta":{"_monsterinsights_skip_tracking":false,"_monsterinsights_sitenote_active":false,"_monsterinsights_sitenote_note":"","_monsterinsights_sitenote_category":0,"_uf_show_specific_survey":0,"_uf_disable_surveys":false},"product_brand":[],"product_cat":[36619,36586],"product_tag":[],"class_list":{"0":"post-121903","1":"product","2":"type-product","3":"status-publish","4":"has-post-thumbnail","6":"product_cat-fr-cotes-du-rhone","7":"product_cat-vins-francais","8":"pa_alcohol-degree-13-5","9":"pa_awards-decanter-fr","10":"pa_awards-the-wine-advocate-fr","11":"pa_classification-aop-hermitage-fr","12":"pa_color-rouge-fr","13":"pa_country-france-fr","14":"pa_grape-variety-syrah-fr","15":"pa_package-1x1-fr","16":"pa_package-1x6-fr","17":"pa_region-vallee-du-rhone-fr","18":"pa_storage-potential-plus-de-10-ans-fr","19":"pa_vintage-2018-fr","20":"pa_volume-75-cl-fr","22":"first","23":"instock","24":"taxable","25":"shipping-taxable","26":"purchasable","27":"product-type-variable"},"bundled_by":["121920"],"bundle_stock_status":"instock","bundle_stock_quantity":null,"bundle_virtual":false,"bundle_layout":"","bundle_add_to_cart_form_location":"","bundle_editable_in_cart":false,"bundle_sold_individually_context":"","bundle_item_grouping":"","bundle_min_size":"","bundle_max_size":"","bundle_price":[],"bundled_items":[],"bundle_sell_ids":[],"yoast_head":"<!-- This site is optimized with the Yoast SEO plugin v27.5 - https:\/\/yoast.com\/product\/yoast-seo-wordpress\/ -->\n<title>Achat Delas - Hermitage - Domaine des Tourettes - Rouge - IVINIO Caviste<\/title>\n<meta name=\"description\" content=\"Achat Delas - Hermitage - Domaine des Tourettes - Rouge. Cuv\u00e9e avec un m\u00e9lange de trois terroirs: L&#039;Ermite, Le Sabot et le prestigieux Bessards.\" \/>\n<meta name=\"robots\" content=\"index, follow, max-snippet:-1, max-image-preview:large, max-video-preview:-1\" \/>\n<link rel=\"canonical\" href=\"https:\/\/www.ivinio.com\/fr\/produit\/delas-hermitage-domaine-des-tourettes-rouge\/\" \/>\n<meta property=\"og:locale\" content=\"fr_FR\" \/>\n<meta property=\"og:type\" content=\"article\" \/>\n<meta property=\"og:title\" content=\"Achat Delas - Hermitage - Domaine des Tourettes - Rouge - IVINIO Caviste\" \/>\n<meta property=\"og:description\" content=\"Achat Delas - Hermitage - Domaine des Tourettes - Rouge. Cuv\u00e9e avec un m\u00e9lange de trois terroirs: L&#039;Ermite, Le Sabot et le prestigieux Bessards.\" \/>\n<meta property=\"og:url\" content=\"https:\/\/www.ivinio.com\/fr\/produit\/delas-hermitage-domaine-des-tourettes-rouge\/\" \/>\n<meta property=\"og:site_name\" content=\"IVINIO Caviste\" \/>\n<meta property=\"article:publisher\" content=\"https:\/\/www.facebook.com\/groups\/165217837022391\/?ref=bookmarks\" \/>\n<meta property=\"article:modified_time\" content=\"2022-12-29T17:51:00+00:00\" \/>\n<meta property=\"og:image\" content=\"https:\/\/www.ivinio.com\/wp-content\/uploads\/nc\/public\/modules\/file\/pictures\/7103.Delas-Hermitage-Domaine-des-tourettes-IVINIO.jpg\" \/>\n\t<meta property=\"og:image:width\" content=\"500\" \/>\n\t<meta property=\"og:image:height\" content=\"500\" \/>\n\t<meta property=\"og:image:type\" content=\"image\/jpeg\" \/>\n<meta name=\"twitter:card\" content=\"summary_large_image\" \/>\n<meta name=\"twitter:label1\" content=\"Dur\u00e9e de lecture estim\u00e9e\" \/>\n\t<meta name=\"twitter:data1\" content=\"1 minute\" \/>\n<script type=\"application\/ld+json\" class=\"yoast-schema-graph\">{\"@context\":\"https:\\\/\\\/schema.org\",\"@graph\":[{\"@type\":\"WebPage\",\"@id\":\"https:\\\/\\\/www.ivinio.com\\\/fr\\\/produit\\\/delas-hermitage-domaine-des-tourettes-rouge\\\/\",\"url\":\"https:\\\/\\\/www.ivinio.com\\\/fr\\\/produit\\\/delas-hermitage-domaine-des-tourettes-rouge\\\/\",\"name\":\"Achat Delas - Hermitage - Domaine des Tourettes - Rouge - IVINIO Caviste\",\"isPartOf\":{\"@id\":\"https:\\\/\\\/www.ivinio.com\\\/fr\\\/#website\"},\"primaryImageOfPage\":{\"@id\":\"https:\\\/\\\/www.ivinio.com\\\/fr\\\/produit\\\/delas-hermitage-domaine-des-tourettes-rouge\\\/#primaryimage\"},\"image\":{\"@id\":\"https:\\\/\\\/www.ivinio.com\\\/fr\\\/produit\\\/delas-hermitage-domaine-des-tourettes-rouge\\\/#primaryimage\"},\"thumbnailUrl\":\"https:\\\/\\\/www.ivinio.com\\\/wp-content\\\/uploads\\\/nc\\\/public\\\/modules\\\/file\\\/pictures\\\/7103.Delas-Hermitage-Domaine-des-tourettes-IVINIO.jpg\",\"datePublished\":\"2016-05-24T15:20:11+00:00\",\"dateModified\":\"2022-12-29T17:51:00+00:00\",\"description\":\"Achat Delas - Hermitage - Domaine des Tourettes - Rouge. Cuv\u00e9e avec un m\u00e9lange de trois terroirs: L'Ermite, Le Sabot et le prestigieux Bessards.\",\"breadcrumb\":{\"@id\":\"https:\\\/\\\/www.ivinio.com\\\/fr\\\/produit\\\/delas-hermitage-domaine-des-tourettes-rouge\\\/#breadcrumb\"},\"inLanguage\":\"fr-FR\",\"potentialAction\":[{\"@type\":\"ReadAction\",\"target\":[\"https:\\\/\\\/www.ivinio.com\\\/fr\\\/produit\\\/delas-hermitage-domaine-des-tourettes-rouge\\\/\"]}]},{\"@type\":\"ImageObject\",\"inLanguage\":\"fr-FR\",\"@id\":\"https:\\\/\\\/www.ivinio.com\\\/fr\\\/produit\\\/delas-hermitage-domaine-des-tourettes-rouge\\\/#primaryimage\",\"url\":\"https:\\\/\\\/www.ivinio.com\\\/wp-content\\\/uploads\\\/nc\\\/public\\\/modules\\\/file\\\/pictures\\\/7103.Delas-Hermitage-Domaine-des-tourettes-IVINIO.jpg\",\"contentUrl\":\"https:\\\/\\\/www.ivinio.com\\\/wp-content\\\/uploads\\\/nc\\\/public\\\/modules\\\/file\\\/pictures\\\/7103.Delas-Hermitage-Domaine-des-tourettes-IVINIO.jpg\",\"width\":500,\"height\":500,\"caption\":\"Delas - Hermitage - Domaine des Tourettes\"},{\"@type\":\"BreadcrumbList\",\"@id\":\"https:\\\/\\\/www.ivinio.com\\\/fr\\\/produit\\\/delas-hermitage-domaine-des-tourettes-rouge\\\/#breadcrumb\",\"itemListElement\":[{\"@type\":\"ListItem\",\"position\":1,\"name\":\"Home\",\"item\":\"https:\\\/\\\/www.ivinio.com\\\/fr\\\/\"},{\"@type\":\"ListItem\",\"position\":2,\"name\":\"Boutique de vin\",\"item\":\"https:\\\/\\\/www.ivinio.com\\\/fr\\\/boutique-de-vin\\\/\"},{\"@type\":\"ListItem\",\"position\":3,\"name\":\"Delas &#8211; Hermitage &#8211; Domaine des Tourettes &#8211; Rouge\"}]},{\"@type\":\"WebSite\",\"@id\":\"https:\\\/\\\/www.ivinio.com\\\/fr\\\/#website\",\"url\":\"https:\\\/\\\/www.ivinio.com\\\/fr\\\/\",\"name\":\"IVINIO Caviste\",\"description\":\"Vins de France et d&#039;Italie avec livraison \u00e0 domicile\",\"publisher\":{\"@id\":\"https:\\\/\\\/www.ivinio.com\\\/fr\\\/#organization\"},\"potentialAction\":[{\"@type\":\"SearchAction\",\"target\":{\"@type\":\"EntryPoint\",\"urlTemplate\":\"https:\\\/\\\/www.ivinio.com\\\/fr\\\/?s={search_term_string}\"},\"query-input\":{\"@type\":\"PropertyValueSpecification\",\"valueRequired\":true,\"valueName\":\"search_term_string\"}}],\"inLanguage\":\"fr-FR\"},{\"@type\":\"Organization\",\"@id\":\"https:\\\/\\\/www.ivinio.com\\\/fr\\\/#organization\",\"name\":\"IVINIO\",\"url\":\"https:\\\/\\\/www.ivinio.com\\\/fr\\\/\",\"logo\":{\"@type\":\"ImageObject\",\"inLanguage\":\"fr-FR\",\"@id\":\"https:\\\/\\\/www.ivinio.com\\\/fr\\\/#\\\/schema\\\/logo\\\/image\\\/\",\"url\":\"https:\\\/\\\/www.ivinio.com\\\/wp-content\\\/uploads\\\/2021\\\/01\\\/Logo-Ivinio-v2.jpg\",\"contentUrl\":\"https:\\\/\\\/www.ivinio.com\\\/wp-content\\\/uploads\\\/2021\\\/01\\\/Logo-Ivinio-v2.jpg\",\"width\":1194,\"height\":1194,\"caption\":\"IVINIO\"},\"image\":{\"@id\":\"https:\\\/\\\/www.ivinio.com\\\/fr\\\/#\\\/schema\\\/logo\\\/image\\\/\"},\"sameAs\":[\"https:\\\/\\\/www.facebook.com\\\/groups\\\/165217837022391\\\/?ref=bookmarks\",\"https:\\\/\\\/www.instagram.com\\\/_ivinio_\\\/?hl=fr\"]}]}<\/script>\n<!-- \/ Yoast SEO plugin. -->","yoast_head_json":{"title":"Achat Delas - Hermitage - Domaine des Tourettes - Rouge - IVINIO Caviste","description":"Achat Delas - Hermitage - Domaine des Tourettes - Rouge. Cuv\u00e9e avec un m\u00e9lange de trois terroirs: L'Ermite, Le Sabot et le prestigieux Bessards.","robots":{"index":"index","follow":"follow","max-snippet":"max-snippet:-1","max-image-preview":"max-image-preview:large","max-video-preview":"max-video-preview:-1"},"canonical":"https:\/\/www.ivinio.com\/fr\/produit\/delas-hermitage-domaine-des-tourettes-rouge\/","og_locale":"fr_FR","og_type":"article","og_title":"Achat Delas - Hermitage - Domaine des Tourettes - Rouge - IVINIO Caviste","og_description":"Achat Delas - Hermitage - Domaine des Tourettes - Rouge. Cuv\u00e9e avec un m\u00e9lange de trois terroirs: L'Ermite, Le Sabot et le prestigieux Bessards.","og_url":"https:\/\/www.ivinio.com\/fr\/produit\/delas-hermitage-domaine-des-tourettes-rouge\/","og_site_name":"IVINIO Caviste","article_publisher":"https:\/\/www.facebook.com\/groups\/165217837022391\/?ref=bookmarks","article_modified_time":"2022-12-29T17:51:00+00:00","og_image":[{"width":500,"height":500,"url":"https:\/\/www.ivinio.com\/wp-content\/uploads\/nc\/public\/modules\/file\/pictures\/7103.Delas-Hermitage-Domaine-des-tourettes-IVINIO.jpg","type":"image\/jpeg"}],"twitter_card":"summary_large_image","twitter_misc":{"Dur\u00e9e de lecture estim\u00e9e":"1 minute"},"schema":{"@context":"https:\/\/schema.org","@graph":[{"@type":"WebPage","@id":"https:\/\/www.ivinio.com\/fr\/produit\/delas-hermitage-domaine-des-tourettes-rouge\/","url":"https:\/\/www.ivinio.com\/fr\/produit\/delas-hermitage-domaine-des-tourettes-rouge\/","name":"Achat Delas - Hermitage - Domaine des Tourettes - Rouge - IVINIO Caviste","isPartOf":{"@id":"https:\/\/www.ivinio.com\/fr\/#website"},"primaryImageOfPage":{"@id":"https:\/\/www.ivinio.com\/fr\/produit\/delas-hermitage-domaine-des-tourettes-rouge\/#primaryimage"},"image":{"@id":"https:\/\/www.ivinio.com\/fr\/produit\/delas-hermitage-domaine-des-tourettes-rouge\/#primaryimage"},"thumbnailUrl":"https:\/\/www.ivinio.com\/wp-content\/uploads\/nc\/public\/modules\/file\/pictures\/7103.Delas-Hermitage-Domaine-des-tourettes-IVINIO.jpg","datePublished":"2016-05-24T15:20:11+00:00","dateModified":"2022-12-29T17:51:00+00:00","description":"Achat Delas - Hermitage - Domaine des Tourettes - Rouge. Cuv\u00e9e avec un m\u00e9lange de trois terroirs: L'Ermite, Le Sabot et le prestigieux Bessards.","breadcrumb":{"@id":"https:\/\/www.ivinio.com\/fr\/produit\/delas-hermitage-domaine-des-tourettes-rouge\/#breadcrumb"},"inLanguage":"fr-FR","potentialAction":[{"@type":"ReadAction","target":["https:\/\/www.ivinio.com\/fr\/produit\/delas-hermitage-domaine-des-tourettes-rouge\/"]}]},{"@type":"ImageObject","inLanguage":"fr-FR","@id":"https:\/\/www.ivinio.com\/fr\/produit\/delas-hermitage-domaine-des-tourettes-rouge\/#primaryimage","url":"https:\/\/www.ivinio.com\/wp-content\/uploads\/nc\/public\/modules\/file\/pictures\/7103.Delas-Hermitage-Domaine-des-tourettes-IVINIO.jpg","contentUrl":"https:\/\/www.ivinio.com\/wp-content\/uploads\/nc\/public\/modules\/file\/pictures\/7103.Delas-Hermitage-Domaine-des-tourettes-IVINIO.jpg","width":500,"height":500,"caption":"Delas - Hermitage - Domaine des Tourettes"},{"@type":"BreadcrumbList","@id":"https:\/\/www.ivinio.com\/fr\/produit\/delas-hermitage-domaine-des-tourettes-rouge\/#breadcrumb","itemListElement":[{"@type":"ListItem","position":1,"name":"Home","item":"https:\/\/www.ivinio.com\/fr\/"},{"@type":"ListItem","position":2,"name":"Boutique de vin","item":"https:\/\/www.ivinio.com\/fr\/boutique-de-vin\/"},{"@type":"ListItem","position":3,"name":"Delas &#8211; Hermitage &#8211; Domaine des Tourettes &#8211; Rouge"}]},{"@type":"WebSite","@id":"https:\/\/www.ivinio.com\/fr\/#website","url":"https:\/\/www.ivinio.com\/fr\/","name":"IVINIO Caviste","description":"Vins de France et d&#039;Italie avec livraison \u00e0 domicile","publisher":{"@id":"https:\/\/www.ivinio.com\/fr\/#organization"},"potentialAction":[{"@type":"SearchAction","target":{"@type":"EntryPoint","urlTemplate":"https:\/\/www.ivinio.com\/fr\/?s={search_term_string}"},"query-input":{"@type":"PropertyValueSpecification","valueRequired":true,"valueName":"search_term_string"}}],"inLanguage":"fr-FR"},{"@type":"Organization","@id":"https:\/\/www.ivinio.com\/fr\/#organization","name":"IVINIO","url":"https:\/\/www.ivinio.com\/fr\/","logo":{"@type":"ImageObject","inLanguage":"fr-FR","@id":"https:\/\/www.ivinio.com\/fr\/#\/schema\/logo\/image\/","url":"https:\/\/www.ivinio.com\/wp-content\/uploads\/2021\/01\/Logo-Ivinio-v2.jpg","contentUrl":"https:\/\/www.ivinio.com\/wp-content\/uploads\/2021\/01\/Logo-Ivinio-v2.jpg","width":1194,"height":1194,"caption":"IVINIO"},"image":{"@id":"https:\/\/www.ivinio.com\/fr\/#\/schema\/logo\/image\/"},"sameAs":["https:\/\/www.facebook.com\/groups\/165217837022391\/?ref=bookmarks","https:\/\/www.instagram.com\/_ivinio_\/?hl=fr"]}]}},"jetpack_sharing_enabled":true,"_links":{"self":[{"href":"https:\/\/www.ivinio.com\/fr\/wp-json\/wp\/v2\/product\/121903","targetHints":{"allow":["GET"]}}],"collection":[{"href":"https:\/\/www.ivinio.com\/fr\/wp-json\/wp\/v2\/product"}],"about":[{"href":"https:\/\/www.ivinio.com\/fr\/wp-json\/wp\/v2\/types\/product"}],"replies":[{"embeddable":true,"href":"https:\/\/www.ivinio.com\/fr\/wp-json\/wp\/v2\/comments?post=121903"}],"wp:featuredmedia":[{"embeddable":true,"href":"https:\/\/www.ivinio.com\/fr\/wp-json\/wp\/v2\/media\/130660"}],"wp:attachment":[{"href":"https:\/\/www.ivinio.com\/fr\/wp-json\/wp\/v2\/media?parent=121903"}],"wp:term":[{"taxonomy":"product_brand","embeddable":true,"href":"https:\/\/www.ivinio.com\/fr\/wp-json\/wp\/v2\/product_brand?post=121903"},{"taxonomy":"product_cat","embeddable":true,"href":"https:\/\/www.ivinio.com\/fr\/wp-json\/wp\/v2\/product_cat?post=121903"},{"taxonomy":"product_tag","embeddable":true,"href":"https:\/\/www.ivinio.com\/fr\/wp-json\/wp\/v2\/product_tag?post=121903"}],"curies":[{"name":"wp","href":"https:\/\/api.w.org\/{rel}","templated":true}]}}