{"id":121883,"date":"2019-07-20T17:52:24","date_gmt":"2019-07-20T15:52:24","guid":{"rendered":"https:\/\/henrik.www.ivinio.com\/?product=poderi-colla-barbaresco-roncaglie-rouge"},"modified":"2022-03-17T05:13:41","modified_gmt":"2022-03-17T04:13:41","slug":"poderi-colla-barbaresco-roncaglie-rouge","status":"publish","type":"product","link":"https:\/\/www.ivinio.com\/fr\/produit\/poderi-colla-barbaresco-roncaglie-rouge\/","title":{"rendered":"Poderi Colla &#8211; Barbaresco &#8211; Roncaglie &#8211; Rouge"},"content":{"rendered":"<p>Barbaresco Roncaglie est compos\u00e9 de 100% de Nebbiolo. Les raisins sont vendang\u00e9s \u00e0 la main et ensuite l\u00e9g\u00e8rement \u00e9cras\u00e9s. Fermentation avec peaux pendant 12\/15 jours \u00e0 une temp\u00e9rature maximale d&#8217;environ 30 \u00b0. Fermentation malolactique termin\u00e9e avant la fin de l&#8217;hiver. Au printemps, le vin est mis en f\u00fbts de ch\u00eane slavoniques et gard\u00e9 pendant 12 \u00e0 14 mois.<\/p>\n","protected":false},"excerpt":{"rendered":"<p>Barbaresco Roncaglie fascine par ses\u00a0ar\u00f4mes \u00e9pic\u00e9s, ronds et \u00e9l\u00e9gants, autant pour la bouche que\u00a0le nez, ainsi que par sa longue finale. Un vin de longue conservation \u00e0 servir avec de\u00a0la viande rouge, de pr\u00e9f\u00e9rence du\u00a0gibier \u00e0 plumes.<\/p>\n","protected":false},"featured_media":121886,"comment_status":"open","ping_status":"closed","template":"","meta":{"_monsterinsights_skip_tracking":false,"_monsterinsights_sitenote_active":false,"_monsterinsights_sitenote_note":"","_monsterinsights_sitenote_category":0,"_uf_show_specific_survey":0,"_uf_disable_surveys":false},"product_brand":[],"product_cat":[39811],"product_tag":[],"class_list":{"0":"post-121883","1":"product","2":"type-product","3":"status-publish","4":"has-post-thumbnail","6":"product_cat-uncategorized-fr","7":"pa_alcohol-degree-14-fr","8":"pa_classification-docg-barbaresco-fr","9":"pa_color-rouge-fr","10":"pa_country-italie-fr","11":"pa_grape-variety-nebbiolo","12":"pa_package-1x1-fr","13":"pa_package-1x6-fr","14":"pa_region-piemont-fr","15":"pa_storage-potential-plus-de-10-ans-fr","16":"pa_vintage-2017-fr","17":"pa_volume-75-cl-fr","19":"first","20":"outofstock","21":"taxable","22":"shipping-taxable","23":"purchasable","24":"product-type-variable"},"bundled_by":[],"bundle_stock_status":"outofstock","bundle_stock_quantity":null,"bundle_virtual":false,"bundle_layout":"","bundle_add_to_cart_form_location":"","bundle_editable_in_cart":false,"bundle_sold_individually_context":"","bundle_item_grouping":"","bundle_min_size":"","bundle_max_size":"","bundle_price":[],"bundled_items":[],"bundle_sell_ids":[],"yoast_head":"<!-- This site is optimized with the Yoast SEO plugin v27.5 - https:\/\/yoast.com\/product\/yoast-seo-wordpress\/ -->\n<title>Acheter barbaresco vin en ligne - vente vin barbaresco - boutique de vin en ligne www.Ivinio.com<\/title>\n<meta name=\"description\" content=\"Podere Colla, Barbaresco Roncaglie, acheter barbaresco, acheter barbaresco, vins du pi\u00e9mont, acheter vin pi\u00e9mont, acheter barolo, meilleur barolo\" \/>\n<meta name=\"robots\" content=\"index, follow, max-snippet:-1, max-image-preview:large, max-video-preview:-1\" \/>\n<link rel=\"canonical\" href=\"https:\/\/www.ivinio.com\/fr\/produit\/poderi-colla-barbaresco-roncaglie-rouge\/\" \/>\n<meta property=\"og:locale\" content=\"fr_FR\" \/>\n<meta property=\"og:type\" content=\"article\" \/>\n<meta property=\"og:title\" content=\"Acheter barbaresco vin en ligne - vente vin barbaresco - boutique de vin en ligne www.Ivinio.com\" \/>\n<meta property=\"og:description\" content=\"Podere Colla, Barbaresco Roncaglie, acheter barbaresco, acheter barbaresco, vins du pi\u00e9mont, acheter vin pi\u00e9mont, acheter barolo, meilleur barolo\" \/>\n<meta property=\"og:url\" content=\"https:\/\/www.ivinio.com\/fr\/produit\/poderi-colla-barbaresco-roncaglie-rouge\/\" \/>\n<meta property=\"og:site_name\" content=\"IVINIO Caviste\" \/>\n<meta property=\"article:publisher\" content=\"https:\/\/www.facebook.com\/groups\/165217837022391\/?ref=bookmarks\" \/>\n<meta property=\"article:modified_time\" content=\"2022-03-17T04:13:41+00:00\" \/>\n<meta property=\"og:image\" content=\"https:\/\/www.ivinio.com\/wp-content\/uploads\/nc\/public\/modules\/file\/pictures\/7079.Poderi-Colla-Barbaresco-RONCAGLIE-IVINIO.jpg\" \/>\n\t<meta property=\"og:image:width\" content=\"500\" \/>\n\t<meta property=\"og:image:height\" content=\"500\" \/>\n\t<meta property=\"og:image:type\" content=\"image\/jpeg\" \/>\n<meta name=\"twitter:card\" content=\"summary_large_image\" \/>\n<script type=\"application\/ld+json\" class=\"yoast-schema-graph\">{\"@context\":\"https:\\\/\\\/schema.org\",\"@graph\":[{\"@type\":\"WebPage\",\"@id\":\"https:\\\/\\\/www.ivinio.com\\\/fr\\\/produit\\\/poderi-colla-barbaresco-roncaglie-rouge\\\/\",\"url\":\"https:\\\/\\\/www.ivinio.com\\\/fr\\\/produit\\\/poderi-colla-barbaresco-roncaglie-rouge\\\/\",\"name\":\"Acheter barbaresco vin en ligne - vente vin barbaresco - boutique de vin en ligne www.Ivinio.com\",\"isPartOf\":{\"@id\":\"https:\\\/\\\/www.ivinio.com\\\/fr\\\/#website\"},\"primaryImageOfPage\":{\"@id\":\"https:\\\/\\\/www.ivinio.com\\\/fr\\\/produit\\\/poderi-colla-barbaresco-roncaglie-rouge\\\/#primaryimage\"},\"image\":{\"@id\":\"https:\\\/\\\/www.ivinio.com\\\/fr\\\/produit\\\/poderi-colla-barbaresco-roncaglie-rouge\\\/#primaryimage\"},\"thumbnailUrl\":\"https:\\\/\\\/www.ivinio.com\\\/wp-content\\\/uploads\\\/nc\\\/public\\\/modules\\\/file\\\/pictures\\\/7079.Poderi-Colla-Barbaresco-RONCAGLIE-IVINIO.jpg\",\"datePublished\":\"2019-07-20T15:52:24+00:00\",\"dateModified\":\"2022-03-17T04:13:41+00:00\",\"description\":\"Podere Colla, Barbaresco Roncaglie, acheter barbaresco, acheter barbaresco, vins du pi\u00e9mont, acheter vin pi\u00e9mont, acheter barolo, meilleur barolo\",\"breadcrumb\":{\"@id\":\"https:\\\/\\\/www.ivinio.com\\\/fr\\\/produit\\\/poderi-colla-barbaresco-roncaglie-rouge\\\/#breadcrumb\"},\"inLanguage\":\"fr-FR\",\"potentialAction\":[{\"@type\":\"ReadAction\",\"target\":[\"https:\\\/\\\/www.ivinio.com\\\/fr\\\/produit\\\/poderi-colla-barbaresco-roncaglie-rouge\\\/\"]}]},{\"@type\":\"ImageObject\",\"inLanguage\":\"fr-FR\",\"@id\":\"https:\\\/\\\/www.ivinio.com\\\/fr\\\/produit\\\/poderi-colla-barbaresco-roncaglie-rouge\\\/#primaryimage\",\"url\":\"https:\\\/\\\/www.ivinio.com\\\/wp-content\\\/uploads\\\/nc\\\/public\\\/modules\\\/file\\\/pictures\\\/7079.Poderi-Colla-Barbaresco-RONCAGLIE-IVINIO.jpg\",\"contentUrl\":\"https:\\\/\\\/www.ivinio.com\\\/wp-content\\\/uploads\\\/nc\\\/public\\\/modules\\\/file\\\/pictures\\\/7079.Poderi-Colla-Barbaresco-RONCAGLIE-IVINIO.jpg\",\"width\":500,\"height\":500},{\"@type\":\"BreadcrumbList\",\"@id\":\"https:\\\/\\\/www.ivinio.com\\\/fr\\\/produit\\\/poderi-colla-barbaresco-roncaglie-rouge\\\/#breadcrumb\",\"itemListElement\":[{\"@type\":\"ListItem\",\"position\":1,\"name\":\"Home\",\"item\":\"https:\\\/\\\/www.ivinio.com\\\/fr\\\/\"},{\"@type\":\"ListItem\",\"position\":2,\"name\":\"Boutique de vin\",\"item\":\"https:\\\/\\\/www.ivinio.com\\\/fr\\\/boutique-de-vin\\\/\"},{\"@type\":\"ListItem\",\"position\":3,\"name\":\"Poderi Colla &#8211; Barbaresco &#8211; Roncaglie &#8211; Rouge\"}]},{\"@type\":\"WebSite\",\"@id\":\"https:\\\/\\\/www.ivinio.com\\\/fr\\\/#website\",\"url\":\"https:\\\/\\\/www.ivinio.com\\\/fr\\\/\",\"name\":\"IVINIO Caviste\",\"description\":\"Vins de France et d&#039;Italie avec livraison \u00e0 domicile\",\"publisher\":{\"@id\":\"https:\\\/\\\/www.ivinio.com\\\/fr\\\/#organization\"},\"potentialAction\":[{\"@type\":\"SearchAction\",\"target\":{\"@type\":\"EntryPoint\",\"urlTemplate\":\"https:\\\/\\\/www.ivinio.com\\\/fr\\\/?s={search_term_string}\"},\"query-input\":{\"@type\":\"PropertyValueSpecification\",\"valueRequired\":true,\"valueName\":\"search_term_string\"}}],\"inLanguage\":\"fr-FR\"},{\"@type\":\"Organization\",\"@id\":\"https:\\\/\\\/www.ivinio.com\\\/fr\\\/#organization\",\"name\":\"IVINIO\",\"url\":\"https:\\\/\\\/www.ivinio.com\\\/fr\\\/\",\"logo\":{\"@type\":\"ImageObject\",\"inLanguage\":\"fr-FR\",\"@id\":\"https:\\\/\\\/www.ivinio.com\\\/fr\\\/#\\\/schema\\\/logo\\\/image\\\/\",\"url\":\"https:\\\/\\\/www.ivinio.com\\\/wp-content\\\/uploads\\\/2021\\\/01\\\/Logo-Ivinio-v2.jpg\",\"contentUrl\":\"https:\\\/\\\/www.ivinio.com\\\/wp-content\\\/uploads\\\/2021\\\/01\\\/Logo-Ivinio-v2.jpg\",\"width\":1194,\"height\":1194,\"caption\":\"IVINIO\"},\"image\":{\"@id\":\"https:\\\/\\\/www.ivinio.com\\\/fr\\\/#\\\/schema\\\/logo\\\/image\\\/\"},\"sameAs\":[\"https:\\\/\\\/www.facebook.com\\\/groups\\\/165217837022391\\\/?ref=bookmarks\",\"https:\\\/\\\/www.instagram.com\\\/_ivinio_\\\/?hl=fr\"]}]}<\/script>\n<!-- \/ Yoast SEO plugin. -->","yoast_head_json":{"title":"Acheter barbaresco vin en ligne - vente vin barbaresco - boutique de vin en ligne www.Ivinio.com","description":"Podere Colla, Barbaresco Roncaglie, acheter barbaresco, acheter barbaresco, vins du pi\u00e9mont, acheter vin pi\u00e9mont, acheter barolo, meilleur barolo","robots":{"index":"index","follow":"follow","max-snippet":"max-snippet:-1","max-image-preview":"max-image-preview:large","max-video-preview":"max-video-preview:-1"},"canonical":"https:\/\/www.ivinio.com\/fr\/produit\/poderi-colla-barbaresco-roncaglie-rouge\/","og_locale":"fr_FR","og_type":"article","og_title":"Acheter barbaresco vin en ligne - vente vin barbaresco - boutique de vin en ligne www.Ivinio.com","og_description":"Podere Colla, Barbaresco Roncaglie, acheter barbaresco, acheter barbaresco, vins du pi\u00e9mont, acheter vin pi\u00e9mont, acheter barolo, meilleur barolo","og_url":"https:\/\/www.ivinio.com\/fr\/produit\/poderi-colla-barbaresco-roncaglie-rouge\/","og_site_name":"IVINIO Caviste","article_publisher":"https:\/\/www.facebook.com\/groups\/165217837022391\/?ref=bookmarks","article_modified_time":"2022-03-17T04:13:41+00:00","og_image":[{"width":500,"height":500,"url":"https:\/\/www.ivinio.com\/wp-content\/uploads\/nc\/public\/modules\/file\/pictures\/7079.Poderi-Colla-Barbaresco-RONCAGLIE-IVINIO.jpg","type":"image\/jpeg"}],"twitter_card":"summary_large_image","schema":{"@context":"https:\/\/schema.org","@graph":[{"@type":"WebPage","@id":"https:\/\/www.ivinio.com\/fr\/produit\/poderi-colla-barbaresco-roncaglie-rouge\/","url":"https:\/\/www.ivinio.com\/fr\/produit\/poderi-colla-barbaresco-roncaglie-rouge\/","name":"Acheter barbaresco vin en ligne - vente vin barbaresco - boutique de vin en ligne www.Ivinio.com","isPartOf":{"@id":"https:\/\/www.ivinio.com\/fr\/#website"},"primaryImageOfPage":{"@id":"https:\/\/www.ivinio.com\/fr\/produit\/poderi-colla-barbaresco-roncaglie-rouge\/#primaryimage"},"image":{"@id":"https:\/\/www.ivinio.com\/fr\/produit\/poderi-colla-barbaresco-roncaglie-rouge\/#primaryimage"},"thumbnailUrl":"https:\/\/www.ivinio.com\/wp-content\/uploads\/nc\/public\/modules\/file\/pictures\/7079.Poderi-Colla-Barbaresco-RONCAGLIE-IVINIO.jpg","datePublished":"2019-07-20T15:52:24+00:00","dateModified":"2022-03-17T04:13:41+00:00","description":"Podere Colla, Barbaresco Roncaglie, acheter barbaresco, acheter barbaresco, vins du pi\u00e9mont, acheter vin pi\u00e9mont, acheter barolo, meilleur barolo","breadcrumb":{"@id":"https:\/\/www.ivinio.com\/fr\/produit\/poderi-colla-barbaresco-roncaglie-rouge\/#breadcrumb"},"inLanguage":"fr-FR","potentialAction":[{"@type":"ReadAction","target":["https:\/\/www.ivinio.com\/fr\/produit\/poderi-colla-barbaresco-roncaglie-rouge\/"]}]},{"@type":"ImageObject","inLanguage":"fr-FR","@id":"https:\/\/www.ivinio.com\/fr\/produit\/poderi-colla-barbaresco-roncaglie-rouge\/#primaryimage","url":"https:\/\/www.ivinio.com\/wp-content\/uploads\/nc\/public\/modules\/file\/pictures\/7079.Poderi-Colla-Barbaresco-RONCAGLIE-IVINIO.jpg","contentUrl":"https:\/\/www.ivinio.com\/wp-content\/uploads\/nc\/public\/modules\/file\/pictures\/7079.Poderi-Colla-Barbaresco-RONCAGLIE-IVINIO.jpg","width":500,"height":500},{"@type":"BreadcrumbList","@id":"https:\/\/www.ivinio.com\/fr\/produit\/poderi-colla-barbaresco-roncaglie-rouge\/#breadcrumb","itemListElement":[{"@type":"ListItem","position":1,"name":"Home","item":"https:\/\/www.ivinio.com\/fr\/"},{"@type":"ListItem","position":2,"name":"Boutique de vin","item":"https:\/\/www.ivinio.com\/fr\/boutique-de-vin\/"},{"@type":"ListItem","position":3,"name":"Poderi Colla &#8211; Barbaresco &#8211; Roncaglie &#8211; Rouge"}]},{"@type":"WebSite","@id":"https:\/\/www.ivinio.com\/fr\/#website","url":"https:\/\/www.ivinio.com\/fr\/","name":"IVINIO Caviste","description":"Vins de France et d&#039;Italie avec livraison \u00e0 domicile","publisher":{"@id":"https:\/\/www.ivinio.com\/fr\/#organization"},"potentialAction":[{"@type":"SearchAction","target":{"@type":"EntryPoint","urlTemplate":"https:\/\/www.ivinio.com\/fr\/?s={search_term_string}"},"query-input":{"@type":"PropertyValueSpecification","valueRequired":true,"valueName":"search_term_string"}}],"inLanguage":"fr-FR"},{"@type":"Organization","@id":"https:\/\/www.ivinio.com\/fr\/#organization","name":"IVINIO","url":"https:\/\/www.ivinio.com\/fr\/","logo":{"@type":"ImageObject","inLanguage":"fr-FR","@id":"https:\/\/www.ivinio.com\/fr\/#\/schema\/logo\/image\/","url":"https:\/\/www.ivinio.com\/wp-content\/uploads\/2021\/01\/Logo-Ivinio-v2.jpg","contentUrl":"https:\/\/www.ivinio.com\/wp-content\/uploads\/2021\/01\/Logo-Ivinio-v2.jpg","width":1194,"height":1194,"caption":"IVINIO"},"image":{"@id":"https:\/\/www.ivinio.com\/fr\/#\/schema\/logo\/image\/"},"sameAs":["https:\/\/www.facebook.com\/groups\/165217837022391\/?ref=bookmarks","https:\/\/www.instagram.com\/_ivinio_\/?hl=fr"]}]}},"jetpack_sharing_enabled":true,"_links":{"self":[{"href":"https:\/\/www.ivinio.com\/fr\/wp-json\/wp\/v2\/product\/121883","targetHints":{"allow":["GET"]}}],"collection":[{"href":"https:\/\/www.ivinio.com\/fr\/wp-json\/wp\/v2\/product"}],"about":[{"href":"https:\/\/www.ivinio.com\/fr\/wp-json\/wp\/v2\/types\/product"}],"replies":[{"embeddable":true,"href":"https:\/\/www.ivinio.com\/fr\/wp-json\/wp\/v2\/comments?post=121883"}],"wp:featuredmedia":[{"embeddable":true,"href":"https:\/\/www.ivinio.com\/fr\/wp-json\/wp\/v2\/media\/121886"}],"wp:attachment":[{"href":"https:\/\/www.ivinio.com\/fr\/wp-json\/wp\/v2\/media?parent=121883"}],"wp:term":[{"taxonomy":"product_brand","embeddable":true,"href":"https:\/\/www.ivinio.com\/fr\/wp-json\/wp\/v2\/product_brand?post=121883"},{"taxonomy":"product_cat","embeddable":true,"href":"https:\/\/www.ivinio.com\/fr\/wp-json\/wp\/v2\/product_cat?post=121883"},{"taxonomy":"product_tag","embeddable":true,"href":"https:\/\/www.ivinio.com\/fr\/wp-json\/wp\/v2\/product_tag?post=121883"}],"curies":[{"name":"wp","href":"https:\/\/api.w.org\/{rel}","templated":true}]}}