{"id":121878,"date":"2019-07-18T19:55:03","date_gmt":"2019-07-18T19:55:03","guid":{"rendered":"https:\/\/henrik.www.ivinio.com\/?product=angelo-negro-langhe-nebbiolo-angelin-rouge"},"modified":"2023-01-04T16:57:40","modified_gmt":"2023-01-04T15:57:40","slug":"angelo-negro-langhe-nebbiolo-angelin-rouge","status":"publish","type":"product","link":"https:\/\/www.ivinio.com\/fr\/produit\/angelo-negro-langhe-nebbiolo-angelin-rouge\/","title":{"rendered":"Angelo Negro &#8211; Langhe Nebbiolo &#8211; Angelin &#8211; Rouge"},"content":{"rendered":"<p>Angelin de Angelo Negro est une Langhe rouge compos\u00e9 de 100% de Nebbiolo,\u00a0cultiv\u00e9\u00a0sur les collines de Langhe et Roero, \u00e0 une altitude de 250 \u00e0 340 m. Les vendanges\u00a0se font manuellement dans des paniers de 20 kg. La vinification\u00a0se fait selon la m\u00e9thode classique dans des cuves en acier avec fermentation pendant\u00a015 \u00e0 18 jours. 12 mois d&#8217;\u00e9levage, 80% dans des cuves en acier et 20% dans des foudre en\u00a0ch\u00eane.<\/p>\n","protected":false},"excerpt":{"rendered":"<p>Angelin de Angelo Negro est un\u00a0Langhe compos\u00e9 de Nebbiolo. Nez\u00a0floral de roses sauvages, mais aussi de m\u00fbres et de cassis. Bouche\u00a0d\u00e9licate avec des tanins structur\u00e9s. Servir sur une entrec\u00f4te grill\u00e9e.<\/p>\n","protected":false},"featured_media":121881,"comment_status":"open","ping_status":"closed","template":"","meta":{"_monsterinsights_skip_tracking":false,"_monsterinsights_sitenote_active":false,"_monsterinsights_sitenote_note":"","_monsterinsights_sitenote_category":0,"_uf_show_specific_survey":0,"_uf_disable_surveys":false},"product_brand":[],"product_cat":[36598,36589],"product_tag":[],"class_list":{"0":"post-121878","1":"product","2":"type-product","3":"status-publish","4":"has-post-thumbnail","6":"product_cat-fr-piemont","7":"product_cat-vins-italiens","8":"pa_alcohol-degree-14-fr","9":"pa_classification-doc-langhe-nebbiolo-fr","10":"pa_color-rouge-fr","11":"pa_country-italie-fr","12":"pa_grape-variety-nebbiolo","13":"pa_region-piemont-fr","14":"pa_storage-potential-7-ans","15":"pa_vintage-2021-fr","16":"pa_volume-75-cl-fr","18":"first","19":"outofstock","20":"taxable","21":"shipping-taxable","22":"purchasable","23":"product-type-simple"},"bundled_by":[],"bundle_stock_status":"outofstock","bundle_stock_quantity":null,"bundle_virtual":false,"bundle_layout":"","bundle_add_to_cart_form_location":"","bundle_editable_in_cart":false,"bundle_sold_individually_context":"","bundle_item_grouping":"","bundle_min_size":"","bundle_max_size":"","bundle_price":[],"bundled_items":[],"bundle_sell_ids":[],"yoast_head":"<!-- This site is optimized with the Yoast SEO plugin v27.5 - https:\/\/yoast.com\/product\/yoast-seo-wordpress\/ -->\n<title>Angelo Negro - Langhe Nebbiolo - Angelin - Rouge - IVINIO Caviste<\/title>\n<meta name=\"description\" content=\"Angelo Negro - Langhe Nebbiolo - Angelin - Rouge. Nez floral de roses sauvages, mais aussi de m\u00fbres et de cassis. Bouche d\u00e9licate avec des tanins structur\u00e9s.\" \/>\n<meta name=\"robots\" content=\"index, follow, max-snippet:-1, max-image-preview:large, max-video-preview:-1\" \/>\n<link rel=\"canonical\" href=\"https:\/\/www.ivinio.com\/fr\/produit\/angelo-negro-langhe-nebbiolo-angelin-rouge\/\" \/>\n<meta property=\"og:locale\" content=\"fr_FR\" \/>\n<meta property=\"og:type\" content=\"article\" \/>\n<meta property=\"og:title\" content=\"Angelo Negro - Langhe Nebbiolo - Angelin - Rouge - IVINIO Caviste\" \/>\n<meta property=\"og:description\" content=\"Angelo Negro - Langhe Nebbiolo - Angelin - Rouge. Nez floral de roses sauvages, mais aussi de m\u00fbres et de cassis. Bouche d\u00e9licate avec des tanins structur\u00e9s.\" \/>\n<meta property=\"og:url\" content=\"https:\/\/www.ivinio.com\/fr\/produit\/angelo-negro-langhe-nebbiolo-angelin-rouge\/\" \/>\n<meta property=\"og:site_name\" content=\"IVINIO Caviste\" \/>\n<meta property=\"article:publisher\" content=\"https:\/\/www.facebook.com\/groups\/165217837022391\/?ref=bookmarks\" \/>\n<meta property=\"article:modified_time\" content=\"2023-01-04T15:57:40+00:00\" \/>\n<meta property=\"og:image\" content=\"https:\/\/www.ivinio.com\/wp-content\/uploads\/nc\/public\/modules\/file\/pictures\/7081.angelo-negro-Langhe-nebbiolo-Angelin-IVINIO.jpg\" \/>\n\t<meta property=\"og:image:width\" content=\"500\" \/>\n\t<meta property=\"og:image:height\" content=\"500\" \/>\n\t<meta property=\"og:image:type\" content=\"image\/jpeg\" \/>\n<meta name=\"twitter:card\" content=\"summary_large_image\" \/>\n<script type=\"application\/ld+json\" class=\"yoast-schema-graph\">{\"@context\":\"https:\\\/\\\/schema.org\",\"@graph\":[{\"@type\":\"WebPage\",\"@id\":\"https:\\\/\\\/www.ivinio.com\\\/fr\\\/produit\\\/angelo-negro-langhe-nebbiolo-angelin-rouge\\\/\",\"url\":\"https:\\\/\\\/www.ivinio.com\\\/fr\\\/produit\\\/angelo-negro-langhe-nebbiolo-angelin-rouge\\\/\",\"name\":\"Angelo Negro - Langhe Nebbiolo - Angelin - Rouge - IVINIO Caviste\",\"isPartOf\":{\"@id\":\"https:\\\/\\\/www.ivinio.com\\\/fr\\\/#website\"},\"primaryImageOfPage\":{\"@id\":\"https:\\\/\\\/www.ivinio.com\\\/fr\\\/produit\\\/angelo-negro-langhe-nebbiolo-angelin-rouge\\\/#primaryimage\"},\"image\":{\"@id\":\"https:\\\/\\\/www.ivinio.com\\\/fr\\\/produit\\\/angelo-negro-langhe-nebbiolo-angelin-rouge\\\/#primaryimage\"},\"thumbnailUrl\":\"https:\\\/\\\/www.ivinio.com\\\/wp-content\\\/uploads\\\/nc\\\/public\\\/modules\\\/file\\\/pictures\\\/7081.angelo-negro-Langhe-nebbiolo-Angelin-IVINIO.jpg\",\"datePublished\":\"2019-07-18T19:55:03+00:00\",\"dateModified\":\"2023-01-04T15:57:40+00:00\",\"description\":\"Angelo Negro - Langhe Nebbiolo - Angelin - Rouge. Nez floral de roses sauvages, mais aussi de m\u00fbres et de cassis. Bouche d\u00e9licate avec des tanins structur\u00e9s.\",\"breadcrumb\":{\"@id\":\"https:\\\/\\\/www.ivinio.com\\\/fr\\\/produit\\\/angelo-negro-langhe-nebbiolo-angelin-rouge\\\/#breadcrumb\"},\"inLanguage\":\"fr-FR\",\"potentialAction\":[{\"@type\":\"ReadAction\",\"target\":[\"https:\\\/\\\/www.ivinio.com\\\/fr\\\/produit\\\/angelo-negro-langhe-nebbiolo-angelin-rouge\\\/\"]}]},{\"@type\":\"ImageObject\",\"inLanguage\":\"fr-FR\",\"@id\":\"https:\\\/\\\/www.ivinio.com\\\/fr\\\/produit\\\/angelo-negro-langhe-nebbiolo-angelin-rouge\\\/#primaryimage\",\"url\":\"https:\\\/\\\/www.ivinio.com\\\/wp-content\\\/uploads\\\/nc\\\/public\\\/modules\\\/file\\\/pictures\\\/7081.angelo-negro-Langhe-nebbiolo-Angelin-IVINIO.jpg\",\"contentUrl\":\"https:\\\/\\\/www.ivinio.com\\\/wp-content\\\/uploads\\\/nc\\\/public\\\/modules\\\/file\\\/pictures\\\/7081.angelo-negro-Langhe-nebbiolo-Angelin-IVINIO.jpg\",\"width\":500,\"height\":500},{\"@type\":\"BreadcrumbList\",\"@id\":\"https:\\\/\\\/www.ivinio.com\\\/fr\\\/produit\\\/angelo-negro-langhe-nebbiolo-angelin-rouge\\\/#breadcrumb\",\"itemListElement\":[{\"@type\":\"ListItem\",\"position\":1,\"name\":\"Home\",\"item\":\"https:\\\/\\\/www.ivinio.com\\\/fr\\\/\"},{\"@type\":\"ListItem\",\"position\":2,\"name\":\"Boutique de vin\",\"item\":\"https:\\\/\\\/www.ivinio.com\\\/fr\\\/boutique-de-vin\\\/\"},{\"@type\":\"ListItem\",\"position\":3,\"name\":\"Angelo Negro &#8211; Langhe Nebbiolo &#8211; Angelin &#8211; Rouge\"}]},{\"@type\":\"WebSite\",\"@id\":\"https:\\\/\\\/www.ivinio.com\\\/fr\\\/#website\",\"url\":\"https:\\\/\\\/www.ivinio.com\\\/fr\\\/\",\"name\":\"IVINIO Caviste\",\"description\":\"Vins de France et d&#039;Italie avec livraison \u00e0 domicile\",\"publisher\":{\"@id\":\"https:\\\/\\\/www.ivinio.com\\\/fr\\\/#organization\"},\"potentialAction\":[{\"@type\":\"SearchAction\",\"target\":{\"@type\":\"EntryPoint\",\"urlTemplate\":\"https:\\\/\\\/www.ivinio.com\\\/fr\\\/?s={search_term_string}\"},\"query-input\":{\"@type\":\"PropertyValueSpecification\",\"valueRequired\":true,\"valueName\":\"search_term_string\"}}],\"inLanguage\":\"fr-FR\"},{\"@type\":\"Organization\",\"@id\":\"https:\\\/\\\/www.ivinio.com\\\/fr\\\/#organization\",\"name\":\"IVINIO\",\"url\":\"https:\\\/\\\/www.ivinio.com\\\/fr\\\/\",\"logo\":{\"@type\":\"ImageObject\",\"inLanguage\":\"fr-FR\",\"@id\":\"https:\\\/\\\/www.ivinio.com\\\/fr\\\/#\\\/schema\\\/logo\\\/image\\\/\",\"url\":\"https:\\\/\\\/www.ivinio.com\\\/wp-content\\\/uploads\\\/2021\\\/01\\\/Logo-Ivinio-v2.jpg\",\"contentUrl\":\"https:\\\/\\\/www.ivinio.com\\\/wp-content\\\/uploads\\\/2021\\\/01\\\/Logo-Ivinio-v2.jpg\",\"width\":1194,\"height\":1194,\"caption\":\"IVINIO\"},\"image\":{\"@id\":\"https:\\\/\\\/www.ivinio.com\\\/fr\\\/#\\\/schema\\\/logo\\\/image\\\/\"},\"sameAs\":[\"https:\\\/\\\/www.facebook.com\\\/groups\\\/165217837022391\\\/?ref=bookmarks\",\"https:\\\/\\\/www.instagram.com\\\/_ivinio_\\\/?hl=fr\"]}]}<\/script>\n<!-- \/ Yoast SEO plugin. -->","yoast_head_json":{"title":"Angelo Negro - Langhe Nebbiolo - Angelin - Rouge - IVINIO Caviste","description":"Angelo Negro - Langhe Nebbiolo - Angelin - Rouge. Nez floral de roses sauvages, mais aussi de m\u00fbres et de cassis. Bouche d\u00e9licate avec des tanins structur\u00e9s.","robots":{"index":"index","follow":"follow","max-snippet":"max-snippet:-1","max-image-preview":"max-image-preview:large","max-video-preview":"max-video-preview:-1"},"canonical":"https:\/\/www.ivinio.com\/fr\/produit\/angelo-negro-langhe-nebbiolo-angelin-rouge\/","og_locale":"fr_FR","og_type":"article","og_title":"Angelo Negro - Langhe Nebbiolo - Angelin - Rouge - IVINIO Caviste","og_description":"Angelo Negro - Langhe Nebbiolo - Angelin - Rouge. Nez floral de roses sauvages, mais aussi de m\u00fbres et de cassis. Bouche d\u00e9licate avec des tanins structur\u00e9s.","og_url":"https:\/\/www.ivinio.com\/fr\/produit\/angelo-negro-langhe-nebbiolo-angelin-rouge\/","og_site_name":"IVINIO Caviste","article_publisher":"https:\/\/www.facebook.com\/groups\/165217837022391\/?ref=bookmarks","article_modified_time":"2023-01-04T15:57:40+00:00","og_image":[{"width":500,"height":500,"url":"https:\/\/www.ivinio.com\/wp-content\/uploads\/nc\/public\/modules\/file\/pictures\/7081.angelo-negro-Langhe-nebbiolo-Angelin-IVINIO.jpg","type":"image\/jpeg"}],"twitter_card":"summary_large_image","schema":{"@context":"https:\/\/schema.org","@graph":[{"@type":"WebPage","@id":"https:\/\/www.ivinio.com\/fr\/produit\/angelo-negro-langhe-nebbiolo-angelin-rouge\/","url":"https:\/\/www.ivinio.com\/fr\/produit\/angelo-negro-langhe-nebbiolo-angelin-rouge\/","name":"Angelo Negro - Langhe Nebbiolo - Angelin - Rouge - IVINIO Caviste","isPartOf":{"@id":"https:\/\/www.ivinio.com\/fr\/#website"},"primaryImageOfPage":{"@id":"https:\/\/www.ivinio.com\/fr\/produit\/angelo-negro-langhe-nebbiolo-angelin-rouge\/#primaryimage"},"image":{"@id":"https:\/\/www.ivinio.com\/fr\/produit\/angelo-negro-langhe-nebbiolo-angelin-rouge\/#primaryimage"},"thumbnailUrl":"https:\/\/www.ivinio.com\/wp-content\/uploads\/nc\/public\/modules\/file\/pictures\/7081.angelo-negro-Langhe-nebbiolo-Angelin-IVINIO.jpg","datePublished":"2019-07-18T19:55:03+00:00","dateModified":"2023-01-04T15:57:40+00:00","description":"Angelo Negro - Langhe Nebbiolo - Angelin - Rouge. Nez floral de roses sauvages, mais aussi de m\u00fbres et de cassis. Bouche d\u00e9licate avec des tanins structur\u00e9s.","breadcrumb":{"@id":"https:\/\/www.ivinio.com\/fr\/produit\/angelo-negro-langhe-nebbiolo-angelin-rouge\/#breadcrumb"},"inLanguage":"fr-FR","potentialAction":[{"@type":"ReadAction","target":["https:\/\/www.ivinio.com\/fr\/produit\/angelo-negro-langhe-nebbiolo-angelin-rouge\/"]}]},{"@type":"ImageObject","inLanguage":"fr-FR","@id":"https:\/\/www.ivinio.com\/fr\/produit\/angelo-negro-langhe-nebbiolo-angelin-rouge\/#primaryimage","url":"https:\/\/www.ivinio.com\/wp-content\/uploads\/nc\/public\/modules\/file\/pictures\/7081.angelo-negro-Langhe-nebbiolo-Angelin-IVINIO.jpg","contentUrl":"https:\/\/www.ivinio.com\/wp-content\/uploads\/nc\/public\/modules\/file\/pictures\/7081.angelo-negro-Langhe-nebbiolo-Angelin-IVINIO.jpg","width":500,"height":500},{"@type":"BreadcrumbList","@id":"https:\/\/www.ivinio.com\/fr\/produit\/angelo-negro-langhe-nebbiolo-angelin-rouge\/#breadcrumb","itemListElement":[{"@type":"ListItem","position":1,"name":"Home","item":"https:\/\/www.ivinio.com\/fr\/"},{"@type":"ListItem","position":2,"name":"Boutique de vin","item":"https:\/\/www.ivinio.com\/fr\/boutique-de-vin\/"},{"@type":"ListItem","position":3,"name":"Angelo Negro &#8211; Langhe Nebbiolo &#8211; Angelin &#8211; Rouge"}]},{"@type":"WebSite","@id":"https:\/\/www.ivinio.com\/fr\/#website","url":"https:\/\/www.ivinio.com\/fr\/","name":"IVINIO Caviste","description":"Vins de France et d&#039;Italie avec livraison \u00e0 domicile","publisher":{"@id":"https:\/\/www.ivinio.com\/fr\/#organization"},"potentialAction":[{"@type":"SearchAction","target":{"@type":"EntryPoint","urlTemplate":"https:\/\/www.ivinio.com\/fr\/?s={search_term_string}"},"query-input":{"@type":"PropertyValueSpecification","valueRequired":true,"valueName":"search_term_string"}}],"inLanguage":"fr-FR"},{"@type":"Organization","@id":"https:\/\/www.ivinio.com\/fr\/#organization","name":"IVINIO","url":"https:\/\/www.ivinio.com\/fr\/","logo":{"@type":"ImageObject","inLanguage":"fr-FR","@id":"https:\/\/www.ivinio.com\/fr\/#\/schema\/logo\/image\/","url":"https:\/\/www.ivinio.com\/wp-content\/uploads\/2021\/01\/Logo-Ivinio-v2.jpg","contentUrl":"https:\/\/www.ivinio.com\/wp-content\/uploads\/2021\/01\/Logo-Ivinio-v2.jpg","width":1194,"height":1194,"caption":"IVINIO"},"image":{"@id":"https:\/\/www.ivinio.com\/fr\/#\/schema\/logo\/image\/"},"sameAs":["https:\/\/www.facebook.com\/groups\/165217837022391\/?ref=bookmarks","https:\/\/www.instagram.com\/_ivinio_\/?hl=fr"]}]}},"jetpack_sharing_enabled":true,"_links":{"self":[{"href":"https:\/\/www.ivinio.com\/fr\/wp-json\/wp\/v2\/product\/121878","targetHints":{"allow":["GET"]}}],"collection":[{"href":"https:\/\/www.ivinio.com\/fr\/wp-json\/wp\/v2\/product"}],"about":[{"href":"https:\/\/www.ivinio.com\/fr\/wp-json\/wp\/v2\/types\/product"}],"replies":[{"embeddable":true,"href":"https:\/\/www.ivinio.com\/fr\/wp-json\/wp\/v2\/comments?post=121878"}],"wp:featuredmedia":[{"embeddable":true,"href":"https:\/\/www.ivinio.com\/fr\/wp-json\/wp\/v2\/media\/121881"}],"wp:attachment":[{"href":"https:\/\/www.ivinio.com\/fr\/wp-json\/wp\/v2\/media?parent=121878"}],"wp:term":[{"taxonomy":"product_brand","embeddable":true,"href":"https:\/\/www.ivinio.com\/fr\/wp-json\/wp\/v2\/product_brand?post=121878"},{"taxonomy":"product_cat","embeddable":true,"href":"https:\/\/www.ivinio.com\/fr\/wp-json\/wp\/v2\/product_cat?post=121878"},{"taxonomy":"product_tag","embeddable":true,"href":"https:\/\/www.ivinio.com\/fr\/wp-json\/wp\/v2\/product_tag?post=121878"}],"curies":[{"name":"wp","href":"https:\/\/api.w.org\/{rel}","templated":true}]}}