{"id":121873,"date":"2019-07-18T19:55:03","date_gmt":"2019-07-18T19:55:03","guid":{"rendered":"https:\/\/henrik.www.ivinio.com\/?product=angelo-negro-dolcetto-dalba-cescu-rouge"},"modified":"2022-03-17T05:13:46","modified_gmt":"2022-03-17T04:13:46","slug":"angelo-negro-dolcetto-dalba-cescu-rouge","status":"publish","type":"product","link":"https:\/\/www.ivinio.com\/fr\/produit\/angelo-negro-dolcetto-dalba-cescu-rouge\/","title":{"rendered":"Angelo Negro &#8211; Dolcetto d&#8217;Alba &#8211; Cescu &#8211; Rouge"},"content":{"rendered":"<p>Cescu d&#8217;Angelo Negro est un Dolcetto d&#8217;Alba compos\u00e9 de 100% de Dolcetto, cultiv\u00e9s sur les collines des Langhe \u00e0 250-340 m d&#8217;altitude. Les vendanges se font manuellement et les raisins sont cueillis dans des paniers de 20 kg. Les raisins sont mac\u00e9r\u00e9s \u00e0 froid pendant environ 14 heures, suivi par une fermentation classique dans des cuves en acier. 5-6 mois d&#8217;\u00e9levage.<\/p>\n","protected":false},"excerpt":{"rendered":"<p>Cescu d&#8217;Angelo Negro est un Dolcetto d&#8217;Alba compos\u00e9 de 100% de Dolcetto. Le ,nez est fruit\u00e9 avec des notes de m\u00fbres et de framboises. Tanins agr\u00e9ables avec un arri\u00e8re-go\u00fbt de prunes et de myrtilles. Servir avec un risotto aux c\u00e8pes !<\/p>\n","protected":false},"featured_media":126871,"comment_status":"open","ping_status":"closed","template":"","meta":{"_monsterinsights_skip_tracking":false,"_monsterinsights_sitenote_active":false,"_monsterinsights_sitenote_note":"","_monsterinsights_sitenote_category":0,"_uf_show_specific_survey":0,"_uf_disable_surveys":false},"product_brand":[],"product_cat":[36598,36589],"product_tag":[],"class_list":{"0":"post-121873","1":"product","2":"type-product","3":"status-publish","4":"has-post-thumbnail","6":"product_cat-fr-piemont","7":"product_cat-vins-italiens","8":"pa_alcohol-degree-13-5","9":"pa_color-rouge-fr","10":"pa_country-italie-fr","11":"pa_grape-variety-dolcetto-fr","12":"pa_region-piemont-fr","13":"pa_storage-potential-5-ans-fr","14":"pa_vintage-2019-fr","15":"pa_volume-75-cl-fr","17":"first","18":"outofstock","19":"taxable","20":"shipping-taxable","21":"purchasable","22":"product-type-simple"},"bundled_by":[],"bundle_stock_status":"outofstock","bundle_stock_quantity":1,"bundle_virtual":false,"bundle_layout":"","bundle_add_to_cart_form_location":"","bundle_editable_in_cart":false,"bundle_sold_individually_context":"","bundle_item_grouping":"","bundle_min_size":"","bundle_max_size":"","bundle_price":[],"bundled_items":[],"bundle_sell_ids":[],"yoast_head":"<!-- This site is optimized with the Yoast SEO plugin v27.4 - https:\/\/yoast.com\/product\/yoast-seo-wordpress\/ -->\n<title>Acheter du dolcetto d&#039;alba en ligne - acheter du vin dolcetto en ligne - boutique de vin en ligne www.ivinio.com<\/title>\n<meta name=\"description\" content=\"Cescu d&#039;Angelo Negro est un Dolcetto d&#039;Alba compos\u00e9 de 100% de Dolcetto. Le ,nez est fruit\u00e9 avec des notes de m\u00fbres et de framboises. Tanins agr\u00e9ables avec un arri\u00e8re-go\u00fbt de prunes et de myrtilles. Servir avec un risotto aux c\u00e8pes !\" \/>\n<meta name=\"robots\" content=\"index, follow, max-snippet:-1, max-image-preview:large, max-video-preview:-1\" \/>\n<link rel=\"canonical\" href=\"https:\/\/www.ivinio.com\/fr\/produit\/angelo-negro-dolcetto-dalba-cescu-rouge\/\" \/>\n<meta property=\"og:locale\" content=\"fr_FR\" \/>\n<meta property=\"og:type\" content=\"article\" \/>\n<meta property=\"og:title\" content=\"Acheter du dolcetto d&#039;alba en ligne - acheter du vin dolcetto en ligne - boutique de vin en ligne www.ivinio.com\" \/>\n<meta property=\"og:description\" content=\"Cescu d&#039;Angelo Negro est un Dolcetto d&#039;Alba compos\u00e9 de 100% de Dolcetto. Le ,nez est fruit\u00e9 avec des notes de m\u00fbres et de framboises. Tanins agr\u00e9ables avec un arri\u00e8re-go\u00fbt de prunes et de myrtilles. Servir avec un risotto aux c\u00e8pes !\" \/>\n<meta property=\"og:url\" content=\"https:\/\/www.ivinio.com\/fr\/produit\/angelo-negro-dolcetto-dalba-cescu-rouge\/\" \/>\n<meta property=\"og:site_name\" content=\"IVINIO Caviste\" \/>\n<meta property=\"article:publisher\" content=\"https:\/\/www.facebook.com\/groups\/165217837022391\/?ref=bookmarks\" \/>\n<meta property=\"article:modified_time\" content=\"2022-03-17T04:13:46+00:00\" \/>\n<meta property=\"og:image\" content=\"https:\/\/www.ivinio.com\/wp-content\/uploads\/nc\/public\/modules\/file\/pictures\/7078.Angelo-negro-dolcetto-d-alba-cescu-IVINIO.jpg\" \/>\n\t<meta property=\"og:image:width\" content=\"500\" \/>\n\t<meta property=\"og:image:height\" content=\"500\" \/>\n\t<meta property=\"og:image:type\" content=\"image\/jpeg\" \/>\n<meta name=\"twitter:card\" content=\"summary_large_image\" \/>\n<meta name=\"twitter:label1\" content=\"Dur\u00e9e de lecture estim\u00e9e\" \/>\n\t<meta name=\"twitter:data1\" content=\"1 minute\" \/>\n<script type=\"application\/ld+json\" class=\"yoast-schema-graph\">{\"@context\":\"https:\\\/\\\/schema.org\",\"@graph\":[{\"@type\":\"WebPage\",\"@id\":\"https:\\\/\\\/www.ivinio.com\\\/fr\\\/produit\\\/angelo-negro-dolcetto-dalba-cescu-rouge\\\/\",\"url\":\"https:\\\/\\\/www.ivinio.com\\\/fr\\\/produit\\\/angelo-negro-dolcetto-dalba-cescu-rouge\\\/\",\"name\":\"Acheter du dolcetto d'alba en ligne - acheter du vin dolcetto en ligne - boutique de vin en ligne www.ivinio.com\",\"isPartOf\":{\"@id\":\"https:\\\/\\\/www.ivinio.com\\\/fr\\\/#website\"},\"primaryImageOfPage\":{\"@id\":\"https:\\\/\\\/www.ivinio.com\\\/fr\\\/produit\\\/angelo-negro-dolcetto-dalba-cescu-rouge\\\/#primaryimage\"},\"image\":{\"@id\":\"https:\\\/\\\/www.ivinio.com\\\/fr\\\/produit\\\/angelo-negro-dolcetto-dalba-cescu-rouge\\\/#primaryimage\"},\"thumbnailUrl\":\"https:\\\/\\\/www.ivinio.com\\\/wp-content\\\/uploads\\\/nc\\\/public\\\/modules\\\/file\\\/pictures\\\/7078.Angelo-negro-dolcetto-d-alba-cescu-IVINIO.jpg\",\"datePublished\":\"2019-07-18T19:55:03+00:00\",\"dateModified\":\"2022-03-17T04:13:46+00:00\",\"description\":\"Cescu d'Angelo Negro est un Dolcetto d'Alba compos\u00e9 de 100% de Dolcetto. Le ,nez est fruit\u00e9 avec des notes de m\u00fbres et de framboises. Tanins agr\u00e9ables avec un arri\u00e8re-go\u00fbt de prunes et de myrtilles. Servir avec un risotto aux c\u00e8pes !\",\"breadcrumb\":{\"@id\":\"https:\\\/\\\/www.ivinio.com\\\/fr\\\/produit\\\/angelo-negro-dolcetto-dalba-cescu-rouge\\\/#breadcrumb\"},\"inLanguage\":\"fr-FR\",\"potentialAction\":[{\"@type\":\"ReadAction\",\"target\":[\"https:\\\/\\\/www.ivinio.com\\\/fr\\\/produit\\\/angelo-negro-dolcetto-dalba-cescu-rouge\\\/\"]}]},{\"@type\":\"ImageObject\",\"inLanguage\":\"fr-FR\",\"@id\":\"https:\\\/\\\/www.ivinio.com\\\/fr\\\/produit\\\/angelo-negro-dolcetto-dalba-cescu-rouge\\\/#primaryimage\",\"url\":\"https:\\\/\\\/www.ivinio.com\\\/wp-content\\\/uploads\\\/nc\\\/public\\\/modules\\\/file\\\/pictures\\\/7078.Angelo-negro-dolcetto-d-alba-cescu-IVINIO.jpg\",\"contentUrl\":\"https:\\\/\\\/www.ivinio.com\\\/wp-content\\\/uploads\\\/nc\\\/public\\\/modules\\\/file\\\/pictures\\\/7078.Angelo-negro-dolcetto-d-alba-cescu-IVINIO.jpg\",\"width\":500,\"height\":500},{\"@type\":\"BreadcrumbList\",\"@id\":\"https:\\\/\\\/www.ivinio.com\\\/fr\\\/produit\\\/angelo-negro-dolcetto-dalba-cescu-rouge\\\/#breadcrumb\",\"itemListElement\":[{\"@type\":\"ListItem\",\"position\":1,\"name\":\"Home\",\"item\":\"https:\\\/\\\/www.ivinio.com\\\/fr\\\/\"},{\"@type\":\"ListItem\",\"position\":2,\"name\":\"Boutique de vin\",\"item\":\"https:\\\/\\\/www.ivinio.com\\\/fr\\\/boutique-de-vin\\\/\"},{\"@type\":\"ListItem\",\"position\":3,\"name\":\"Angelo Negro &#8211; Dolcetto d&#8217;Alba &#8211; Cescu &#8211; Rouge\"}]},{\"@type\":\"WebSite\",\"@id\":\"https:\\\/\\\/www.ivinio.com\\\/fr\\\/#website\",\"url\":\"https:\\\/\\\/www.ivinio.com\\\/fr\\\/\",\"name\":\"IVINIO Caviste\",\"description\":\"Vins de France et d&#039;Italie avec livraison \u00e0 domicile\",\"publisher\":{\"@id\":\"https:\\\/\\\/www.ivinio.com\\\/fr\\\/#organization\"},\"potentialAction\":[{\"@type\":\"SearchAction\",\"target\":{\"@type\":\"EntryPoint\",\"urlTemplate\":\"https:\\\/\\\/www.ivinio.com\\\/fr\\\/?s={search_term_string}\"},\"query-input\":{\"@type\":\"PropertyValueSpecification\",\"valueRequired\":true,\"valueName\":\"search_term_string\"}}],\"inLanguage\":\"fr-FR\"},{\"@type\":\"Organization\",\"@id\":\"https:\\\/\\\/www.ivinio.com\\\/fr\\\/#organization\",\"name\":\"IVINIO\",\"url\":\"https:\\\/\\\/www.ivinio.com\\\/fr\\\/\",\"logo\":{\"@type\":\"ImageObject\",\"inLanguage\":\"fr-FR\",\"@id\":\"https:\\\/\\\/www.ivinio.com\\\/fr\\\/#\\\/schema\\\/logo\\\/image\\\/\",\"url\":\"https:\\\/\\\/www.ivinio.com\\\/wp-content\\\/uploads\\\/2021\\\/01\\\/Logo-Ivinio-v2.jpg\",\"contentUrl\":\"https:\\\/\\\/www.ivinio.com\\\/wp-content\\\/uploads\\\/2021\\\/01\\\/Logo-Ivinio-v2.jpg\",\"width\":1194,\"height\":1194,\"caption\":\"IVINIO\"},\"image\":{\"@id\":\"https:\\\/\\\/www.ivinio.com\\\/fr\\\/#\\\/schema\\\/logo\\\/image\\\/\"},\"sameAs\":[\"https:\\\/\\\/www.facebook.com\\\/groups\\\/165217837022391\\\/?ref=bookmarks\",\"https:\\\/\\\/www.instagram.com\\\/_ivinio_\\\/?hl=fr\"]}]}<\/script>\n<!-- \/ Yoast SEO plugin. -->","yoast_head_json":{"title":"Acheter du dolcetto d'alba en ligne - acheter du vin dolcetto en ligne - boutique de vin en ligne www.ivinio.com","description":"Cescu d'Angelo Negro est un Dolcetto d'Alba compos\u00e9 de 100% de Dolcetto. Le ,nez est fruit\u00e9 avec des notes de m\u00fbres et de framboises. Tanins agr\u00e9ables avec un arri\u00e8re-go\u00fbt de prunes et de myrtilles. Servir avec un risotto aux c\u00e8pes !","robots":{"index":"index","follow":"follow","max-snippet":"max-snippet:-1","max-image-preview":"max-image-preview:large","max-video-preview":"max-video-preview:-1"},"canonical":"https:\/\/www.ivinio.com\/fr\/produit\/angelo-negro-dolcetto-dalba-cescu-rouge\/","og_locale":"fr_FR","og_type":"article","og_title":"Acheter du dolcetto d'alba en ligne - acheter du vin dolcetto en ligne - boutique de vin en ligne www.ivinio.com","og_description":"Cescu d'Angelo Negro est un Dolcetto d'Alba compos\u00e9 de 100% de Dolcetto. Le ,nez est fruit\u00e9 avec des notes de m\u00fbres et de framboises. Tanins agr\u00e9ables avec un arri\u00e8re-go\u00fbt de prunes et de myrtilles. Servir avec un risotto aux c\u00e8pes !","og_url":"https:\/\/www.ivinio.com\/fr\/produit\/angelo-negro-dolcetto-dalba-cescu-rouge\/","og_site_name":"IVINIO Caviste","article_publisher":"https:\/\/www.facebook.com\/groups\/165217837022391\/?ref=bookmarks","article_modified_time":"2022-03-17T04:13:46+00:00","og_image":[{"width":500,"height":500,"url":"https:\/\/www.ivinio.com\/wp-content\/uploads\/nc\/public\/modules\/file\/pictures\/7078.Angelo-negro-dolcetto-d-alba-cescu-IVINIO.jpg","type":"image\/jpeg"}],"twitter_card":"summary_large_image","twitter_misc":{"Dur\u00e9e de lecture estim\u00e9e":"1 minute"},"schema":{"@context":"https:\/\/schema.org","@graph":[{"@type":"WebPage","@id":"https:\/\/www.ivinio.com\/fr\/produit\/angelo-negro-dolcetto-dalba-cescu-rouge\/","url":"https:\/\/www.ivinio.com\/fr\/produit\/angelo-negro-dolcetto-dalba-cescu-rouge\/","name":"Acheter du dolcetto d'alba en ligne - acheter du vin dolcetto en ligne - boutique de vin en ligne www.ivinio.com","isPartOf":{"@id":"https:\/\/www.ivinio.com\/fr\/#website"},"primaryImageOfPage":{"@id":"https:\/\/www.ivinio.com\/fr\/produit\/angelo-negro-dolcetto-dalba-cescu-rouge\/#primaryimage"},"image":{"@id":"https:\/\/www.ivinio.com\/fr\/produit\/angelo-negro-dolcetto-dalba-cescu-rouge\/#primaryimage"},"thumbnailUrl":"https:\/\/www.ivinio.com\/wp-content\/uploads\/nc\/public\/modules\/file\/pictures\/7078.Angelo-negro-dolcetto-d-alba-cescu-IVINIO.jpg","datePublished":"2019-07-18T19:55:03+00:00","dateModified":"2022-03-17T04:13:46+00:00","description":"Cescu d'Angelo Negro est un Dolcetto d'Alba compos\u00e9 de 100% de Dolcetto. Le ,nez est fruit\u00e9 avec des notes de m\u00fbres et de framboises. Tanins agr\u00e9ables avec un arri\u00e8re-go\u00fbt de prunes et de myrtilles. Servir avec un risotto aux c\u00e8pes !","breadcrumb":{"@id":"https:\/\/www.ivinio.com\/fr\/produit\/angelo-negro-dolcetto-dalba-cescu-rouge\/#breadcrumb"},"inLanguage":"fr-FR","potentialAction":[{"@type":"ReadAction","target":["https:\/\/www.ivinio.com\/fr\/produit\/angelo-negro-dolcetto-dalba-cescu-rouge\/"]}]},{"@type":"ImageObject","inLanguage":"fr-FR","@id":"https:\/\/www.ivinio.com\/fr\/produit\/angelo-negro-dolcetto-dalba-cescu-rouge\/#primaryimage","url":"https:\/\/www.ivinio.com\/wp-content\/uploads\/nc\/public\/modules\/file\/pictures\/7078.Angelo-negro-dolcetto-d-alba-cescu-IVINIO.jpg","contentUrl":"https:\/\/www.ivinio.com\/wp-content\/uploads\/nc\/public\/modules\/file\/pictures\/7078.Angelo-negro-dolcetto-d-alba-cescu-IVINIO.jpg","width":500,"height":500},{"@type":"BreadcrumbList","@id":"https:\/\/www.ivinio.com\/fr\/produit\/angelo-negro-dolcetto-dalba-cescu-rouge\/#breadcrumb","itemListElement":[{"@type":"ListItem","position":1,"name":"Home","item":"https:\/\/www.ivinio.com\/fr\/"},{"@type":"ListItem","position":2,"name":"Boutique de vin","item":"https:\/\/www.ivinio.com\/fr\/boutique-de-vin\/"},{"@type":"ListItem","position":3,"name":"Angelo Negro &#8211; Dolcetto d&#8217;Alba &#8211; Cescu &#8211; Rouge"}]},{"@type":"WebSite","@id":"https:\/\/www.ivinio.com\/fr\/#website","url":"https:\/\/www.ivinio.com\/fr\/","name":"IVINIO Caviste","description":"Vins de France et d&#039;Italie avec livraison \u00e0 domicile","publisher":{"@id":"https:\/\/www.ivinio.com\/fr\/#organization"},"potentialAction":[{"@type":"SearchAction","target":{"@type":"EntryPoint","urlTemplate":"https:\/\/www.ivinio.com\/fr\/?s={search_term_string}"},"query-input":{"@type":"PropertyValueSpecification","valueRequired":true,"valueName":"search_term_string"}}],"inLanguage":"fr-FR"},{"@type":"Organization","@id":"https:\/\/www.ivinio.com\/fr\/#organization","name":"IVINIO","url":"https:\/\/www.ivinio.com\/fr\/","logo":{"@type":"ImageObject","inLanguage":"fr-FR","@id":"https:\/\/www.ivinio.com\/fr\/#\/schema\/logo\/image\/","url":"https:\/\/www.ivinio.com\/wp-content\/uploads\/2021\/01\/Logo-Ivinio-v2.jpg","contentUrl":"https:\/\/www.ivinio.com\/wp-content\/uploads\/2021\/01\/Logo-Ivinio-v2.jpg","width":1194,"height":1194,"caption":"IVINIO"},"image":{"@id":"https:\/\/www.ivinio.com\/fr\/#\/schema\/logo\/image\/"},"sameAs":["https:\/\/www.facebook.com\/groups\/165217837022391\/?ref=bookmarks","https:\/\/www.instagram.com\/_ivinio_\/?hl=fr"]}]}},"jetpack_sharing_enabled":true,"_links":{"self":[{"href":"https:\/\/www.ivinio.com\/fr\/wp-json\/wp\/v2\/product\/121873","targetHints":{"allow":["GET"]}}],"collection":[{"href":"https:\/\/www.ivinio.com\/fr\/wp-json\/wp\/v2\/product"}],"about":[{"href":"https:\/\/www.ivinio.com\/fr\/wp-json\/wp\/v2\/types\/product"}],"replies":[{"embeddable":true,"href":"https:\/\/www.ivinio.com\/fr\/wp-json\/wp\/v2\/comments?post=121873"}],"wp:featuredmedia":[{"embeddable":true,"href":"https:\/\/www.ivinio.com\/fr\/wp-json\/wp\/v2\/media\/126871"}],"wp:attachment":[{"href":"https:\/\/www.ivinio.com\/fr\/wp-json\/wp\/v2\/media?parent=121873"}],"wp:term":[{"taxonomy":"product_brand","embeddable":true,"href":"https:\/\/www.ivinio.com\/fr\/wp-json\/wp\/v2\/product_brand?post=121873"},{"taxonomy":"product_cat","embeddable":true,"href":"https:\/\/www.ivinio.com\/fr\/wp-json\/wp\/v2\/product_cat?post=121873"},{"taxonomy":"product_tag","embeddable":true,"href":"https:\/\/www.ivinio.com\/fr\/wp-json\/wp\/v2\/product_tag?post=121873"}],"curies":[{"name":"wp","href":"https:\/\/api.w.org\/{rel}","templated":true}]}}