{"id":121857,"date":"2019-07-18T19:55:03","date_gmt":"2019-07-18T19:55:03","guid":{"rendered":"https:\/\/henrik.www.ivinio.com\/?product=angelo-negro-barbaresco-basarin-riserva-rouge"},"modified":"2022-03-17T05:13:44","modified_gmt":"2022-03-17T04:13:44","slug":"angelo-negro-barbaresco-basarin-riserva-rouge","status":"publish","type":"product","link":"https:\/\/www.ivinio.com\/fr\/produit\/angelo-negro-barbaresco-basarin-riserva-rouge\/","title":{"rendered":"Angelo Negro &#8211; Barbaresco &#8211; Basarin Riserva &#8211; Rouge"},"content":{"rendered":"<p>Angelo Negro Basarin est un Barbaresco Riserva compos\u00e9 de 100% de\u00a0Nebbiolo, cultiv\u00e9s dans la zone Basarin de la municipalit\u00e9 de Neive, \u00e0 350 m d&#8217;altitude. Les vendanges se font\u00a0manuellement dans des paniers de 20 kg chacun. Vinification classique pendant au moins 18-20 jours. Un total de 50\u00a0mois d&#8217;\u00e9levage en\u00a0f\u00fbts de ch\u00eane slaves.<\/p>\n","protected":false},"excerpt":{"rendered":"<p>Basarin Riserva de Angelo Negro est un Barbaresco exclusif \u00e9lev\u00e9 en f\u00fbts de ch\u00eane pendant 50 mois. Notes aromatiques de roses, violettes, petits fruits des bois, de poivre \u00e9pic\u00e9 et d&#8217;agrumes. Soyeux avec une longue finale. Servir sur un r\u00f4ti de boeuf aux\u00a0champignons forestiers.<\/p>\n","protected":false},"featured_media":121860,"comment_status":"open","ping_status":"closed","template":"","meta":{"_monsterinsights_skip_tracking":false,"_monsterinsights_sitenote_active":false,"_monsterinsights_sitenote_note":"","_monsterinsights_sitenote_category":0,"_uf_show_specific_survey":0,"_uf_disable_surveys":false},"product_brand":[],"product_cat":[36598,36589],"product_tag":[],"class_list":{"0":"post-121857","1":"product","2":"type-product","3":"status-publish","4":"has-post-thumbnail","6":"product_cat-fr-piemont","7":"product_cat-vins-italiens","8":"pa_alcohol-degree-14-fr","9":"pa_classification-docg-barbaresco-fr","10":"pa_color-rouge-fr","11":"pa_country-italie-fr","12":"pa_grape-variety-nebbiolo","13":"pa_package-1x1-fr","14":"pa_package-1x6-fr","15":"pa_region-piemont-fr","16":"pa_storage-potential-plus-de-10-ans-fr","17":"pa_vintage-2012-fr","18":"pa_volume-75-cl-fr","20":"first","21":"outofstock","22":"taxable","23":"shipping-taxable","24":"purchasable","25":"product-type-variable"},"bundled_by":[],"bundle_stock_status":"outofstock","bundle_stock_quantity":null,"bundle_virtual":false,"bundle_layout":"","bundle_add_to_cart_form_location":"","bundle_editable_in_cart":false,"bundle_sold_individually_context":"","bundle_item_grouping":"","bundle_min_size":"","bundle_max_size":"","bundle_price":[],"bundled_items":[],"bundle_sell_ids":[],"yoast_head":"<!-- This site is optimized with the Yoast SEO plugin v27.4 - https:\/\/yoast.com\/product\/yoast-seo-wordpress\/ -->\n<title>Acheter barbaresco en ligne - boutique barbarescovin en ligne - boutique de vin en ligne www.ivinio.com<\/title>\n<meta name=\"description\" content=\"Basarin Riserva de Angelo Negro est un Barbaresco exclusif \u00e9lev\u00e9 en f\u00fbts de ch\u00eane pendant 50 mois. Notes aromatiques de roses, violettes, petits fruits des bois, de poivre \u00e9pic\u00e9 et d&#039;agrumes. Soyeux avec une longue finale. Servir sur un r\u00f4ti de boeuf\" \/>\n<meta name=\"robots\" content=\"index, follow, max-snippet:-1, max-image-preview:large, max-video-preview:-1\" \/>\n<link rel=\"canonical\" href=\"https:\/\/www.ivinio.com\/fr\/produit\/angelo-negro-barbaresco-basarin-riserva-rouge\/\" \/>\n<meta property=\"og:locale\" content=\"fr_FR\" \/>\n<meta property=\"og:type\" content=\"article\" \/>\n<meta property=\"og:title\" content=\"Acheter barbaresco en ligne - boutique barbarescovin en ligne - boutique de vin en ligne www.ivinio.com\" \/>\n<meta property=\"og:description\" content=\"Basarin Riserva de Angelo Negro est un Barbaresco exclusif \u00e9lev\u00e9 en f\u00fbts de ch\u00eane pendant 50 mois. Notes aromatiques de roses, violettes, petits fruits des bois, de poivre \u00e9pic\u00e9 et d&#039;agrumes. Soyeux avec une longue finale. Servir sur un r\u00f4ti de boeuf\" \/>\n<meta property=\"og:url\" content=\"https:\/\/www.ivinio.com\/fr\/produit\/angelo-negro-barbaresco-basarin-riserva-rouge\/\" \/>\n<meta property=\"og:site_name\" content=\"IVINIO Caviste\" \/>\n<meta property=\"article:publisher\" content=\"https:\/\/www.facebook.com\/groups\/165217837022391\/?ref=bookmarks\" \/>\n<meta property=\"article:modified_time\" content=\"2022-03-17T04:13:44+00:00\" \/>\n<meta property=\"og:image\" content=\"https:\/\/www.ivinio.com\/wp-content\/uploads\/nc\/public\/modules\/file\/pictures\/7074.Angelo-negro-basarin-barbaresco-riserva-IVINIO.jpg\" \/>\n\t<meta property=\"og:image:width\" content=\"500\" \/>\n\t<meta property=\"og:image:height\" content=\"500\" \/>\n\t<meta property=\"og:image:type\" content=\"image\/jpeg\" \/>\n<meta name=\"twitter:card\" content=\"summary_large_image\" \/>\n<script type=\"application\/ld+json\" class=\"yoast-schema-graph\">{\"@context\":\"https:\\\/\\\/schema.org\",\"@graph\":[{\"@type\":\"WebPage\",\"@id\":\"https:\\\/\\\/www.ivinio.com\\\/fr\\\/produit\\\/angelo-negro-barbaresco-basarin-riserva-rouge\\\/\",\"url\":\"https:\\\/\\\/www.ivinio.com\\\/fr\\\/produit\\\/angelo-negro-barbaresco-basarin-riserva-rouge\\\/\",\"name\":\"Acheter barbaresco en ligne - boutique barbarescovin en ligne - boutique de vin en ligne www.ivinio.com\",\"isPartOf\":{\"@id\":\"https:\\\/\\\/www.ivinio.com\\\/fr\\\/#website\"},\"primaryImageOfPage\":{\"@id\":\"https:\\\/\\\/www.ivinio.com\\\/fr\\\/produit\\\/angelo-negro-barbaresco-basarin-riserva-rouge\\\/#primaryimage\"},\"image\":{\"@id\":\"https:\\\/\\\/www.ivinio.com\\\/fr\\\/produit\\\/angelo-negro-barbaresco-basarin-riserva-rouge\\\/#primaryimage\"},\"thumbnailUrl\":\"https:\\\/\\\/www.ivinio.com\\\/wp-content\\\/uploads\\\/nc\\\/public\\\/modules\\\/file\\\/pictures\\\/7074.Angelo-negro-basarin-barbaresco-riserva-IVINIO.jpg\",\"datePublished\":\"2019-07-18T19:55:03+00:00\",\"dateModified\":\"2022-03-17T04:13:44+00:00\",\"description\":\"Basarin Riserva de Angelo Negro est un Barbaresco exclusif \u00e9lev\u00e9 en f\u00fbts de ch\u00eane pendant 50 mois. Notes aromatiques de roses, violettes, petits fruits des bois, de poivre \u00e9pic\u00e9 et d'agrumes. Soyeux avec une longue finale. Servir sur un r\u00f4ti de boeuf\",\"breadcrumb\":{\"@id\":\"https:\\\/\\\/www.ivinio.com\\\/fr\\\/produit\\\/angelo-negro-barbaresco-basarin-riserva-rouge\\\/#breadcrumb\"},\"inLanguage\":\"fr-FR\",\"potentialAction\":[{\"@type\":\"ReadAction\",\"target\":[\"https:\\\/\\\/www.ivinio.com\\\/fr\\\/produit\\\/angelo-negro-barbaresco-basarin-riserva-rouge\\\/\"]}]},{\"@type\":\"ImageObject\",\"inLanguage\":\"fr-FR\",\"@id\":\"https:\\\/\\\/www.ivinio.com\\\/fr\\\/produit\\\/angelo-negro-barbaresco-basarin-riserva-rouge\\\/#primaryimage\",\"url\":\"https:\\\/\\\/www.ivinio.com\\\/wp-content\\\/uploads\\\/nc\\\/public\\\/modules\\\/file\\\/pictures\\\/7074.Angelo-negro-basarin-barbaresco-riserva-IVINIO.jpg\",\"contentUrl\":\"https:\\\/\\\/www.ivinio.com\\\/wp-content\\\/uploads\\\/nc\\\/public\\\/modules\\\/file\\\/pictures\\\/7074.Angelo-negro-basarin-barbaresco-riserva-IVINIO.jpg\",\"width\":500,\"height\":500},{\"@type\":\"BreadcrumbList\",\"@id\":\"https:\\\/\\\/www.ivinio.com\\\/fr\\\/produit\\\/angelo-negro-barbaresco-basarin-riserva-rouge\\\/#breadcrumb\",\"itemListElement\":[{\"@type\":\"ListItem\",\"position\":1,\"name\":\"Home\",\"item\":\"https:\\\/\\\/www.ivinio.com\\\/fr\\\/\"},{\"@type\":\"ListItem\",\"position\":2,\"name\":\"Boutique de vin\",\"item\":\"https:\\\/\\\/www.ivinio.com\\\/fr\\\/boutique-de-vin\\\/\"},{\"@type\":\"ListItem\",\"position\":3,\"name\":\"Angelo Negro &#8211; Barbaresco &#8211; Basarin Riserva &#8211; Rouge\"}]},{\"@type\":\"WebSite\",\"@id\":\"https:\\\/\\\/www.ivinio.com\\\/fr\\\/#website\",\"url\":\"https:\\\/\\\/www.ivinio.com\\\/fr\\\/\",\"name\":\"IVINIO Caviste\",\"description\":\"Vins de France et d&#039;Italie avec livraison \u00e0 domicile\",\"publisher\":{\"@id\":\"https:\\\/\\\/www.ivinio.com\\\/fr\\\/#organization\"},\"potentialAction\":[{\"@type\":\"SearchAction\",\"target\":{\"@type\":\"EntryPoint\",\"urlTemplate\":\"https:\\\/\\\/www.ivinio.com\\\/fr\\\/?s={search_term_string}\"},\"query-input\":{\"@type\":\"PropertyValueSpecification\",\"valueRequired\":true,\"valueName\":\"search_term_string\"}}],\"inLanguage\":\"fr-FR\"},{\"@type\":\"Organization\",\"@id\":\"https:\\\/\\\/www.ivinio.com\\\/fr\\\/#organization\",\"name\":\"IVINIO\",\"url\":\"https:\\\/\\\/www.ivinio.com\\\/fr\\\/\",\"logo\":{\"@type\":\"ImageObject\",\"inLanguage\":\"fr-FR\",\"@id\":\"https:\\\/\\\/www.ivinio.com\\\/fr\\\/#\\\/schema\\\/logo\\\/image\\\/\",\"url\":\"https:\\\/\\\/www.ivinio.com\\\/wp-content\\\/uploads\\\/2021\\\/01\\\/Logo-Ivinio-v2.jpg\",\"contentUrl\":\"https:\\\/\\\/www.ivinio.com\\\/wp-content\\\/uploads\\\/2021\\\/01\\\/Logo-Ivinio-v2.jpg\",\"width\":1194,\"height\":1194,\"caption\":\"IVINIO\"},\"image\":{\"@id\":\"https:\\\/\\\/www.ivinio.com\\\/fr\\\/#\\\/schema\\\/logo\\\/image\\\/\"},\"sameAs\":[\"https:\\\/\\\/www.facebook.com\\\/groups\\\/165217837022391\\\/?ref=bookmarks\",\"https:\\\/\\\/www.instagram.com\\\/_ivinio_\\\/?hl=fr\"]}]}<\/script>\n<!-- \/ Yoast SEO plugin. -->","yoast_head_json":{"title":"Acheter barbaresco en ligne - boutique barbarescovin en ligne - boutique de vin en ligne www.ivinio.com","description":"Basarin Riserva de Angelo Negro est un Barbaresco exclusif \u00e9lev\u00e9 en f\u00fbts de ch\u00eane pendant 50 mois. Notes aromatiques de roses, violettes, petits fruits des bois, de poivre \u00e9pic\u00e9 et d'agrumes. Soyeux avec une longue finale. Servir sur un r\u00f4ti de boeuf","robots":{"index":"index","follow":"follow","max-snippet":"max-snippet:-1","max-image-preview":"max-image-preview:large","max-video-preview":"max-video-preview:-1"},"canonical":"https:\/\/www.ivinio.com\/fr\/produit\/angelo-negro-barbaresco-basarin-riserva-rouge\/","og_locale":"fr_FR","og_type":"article","og_title":"Acheter barbaresco en ligne - boutique barbarescovin en ligne - boutique de vin en ligne www.ivinio.com","og_description":"Basarin Riserva de Angelo Negro est un Barbaresco exclusif \u00e9lev\u00e9 en f\u00fbts de ch\u00eane pendant 50 mois. Notes aromatiques de roses, violettes, petits fruits des bois, de poivre \u00e9pic\u00e9 et d'agrumes. Soyeux avec une longue finale. Servir sur un r\u00f4ti de boeuf","og_url":"https:\/\/www.ivinio.com\/fr\/produit\/angelo-negro-barbaresco-basarin-riserva-rouge\/","og_site_name":"IVINIO Caviste","article_publisher":"https:\/\/www.facebook.com\/groups\/165217837022391\/?ref=bookmarks","article_modified_time":"2022-03-17T04:13:44+00:00","og_image":[{"width":500,"height":500,"url":"https:\/\/www.ivinio.com\/wp-content\/uploads\/nc\/public\/modules\/file\/pictures\/7074.Angelo-negro-basarin-barbaresco-riserva-IVINIO.jpg","type":"image\/jpeg"}],"twitter_card":"summary_large_image","schema":{"@context":"https:\/\/schema.org","@graph":[{"@type":"WebPage","@id":"https:\/\/www.ivinio.com\/fr\/produit\/angelo-negro-barbaresco-basarin-riserva-rouge\/","url":"https:\/\/www.ivinio.com\/fr\/produit\/angelo-negro-barbaresco-basarin-riserva-rouge\/","name":"Acheter barbaresco en ligne - boutique barbarescovin en ligne - boutique de vin en ligne www.ivinio.com","isPartOf":{"@id":"https:\/\/www.ivinio.com\/fr\/#website"},"primaryImageOfPage":{"@id":"https:\/\/www.ivinio.com\/fr\/produit\/angelo-negro-barbaresco-basarin-riserva-rouge\/#primaryimage"},"image":{"@id":"https:\/\/www.ivinio.com\/fr\/produit\/angelo-negro-barbaresco-basarin-riserva-rouge\/#primaryimage"},"thumbnailUrl":"https:\/\/www.ivinio.com\/wp-content\/uploads\/nc\/public\/modules\/file\/pictures\/7074.Angelo-negro-basarin-barbaresco-riserva-IVINIO.jpg","datePublished":"2019-07-18T19:55:03+00:00","dateModified":"2022-03-17T04:13:44+00:00","description":"Basarin Riserva de Angelo Negro est un Barbaresco exclusif \u00e9lev\u00e9 en f\u00fbts de ch\u00eane pendant 50 mois. Notes aromatiques de roses, violettes, petits fruits des bois, de poivre \u00e9pic\u00e9 et d'agrumes. Soyeux avec une longue finale. Servir sur un r\u00f4ti de boeuf","breadcrumb":{"@id":"https:\/\/www.ivinio.com\/fr\/produit\/angelo-negro-barbaresco-basarin-riserva-rouge\/#breadcrumb"},"inLanguage":"fr-FR","potentialAction":[{"@type":"ReadAction","target":["https:\/\/www.ivinio.com\/fr\/produit\/angelo-negro-barbaresco-basarin-riserva-rouge\/"]}]},{"@type":"ImageObject","inLanguage":"fr-FR","@id":"https:\/\/www.ivinio.com\/fr\/produit\/angelo-negro-barbaresco-basarin-riserva-rouge\/#primaryimage","url":"https:\/\/www.ivinio.com\/wp-content\/uploads\/nc\/public\/modules\/file\/pictures\/7074.Angelo-negro-basarin-barbaresco-riserva-IVINIO.jpg","contentUrl":"https:\/\/www.ivinio.com\/wp-content\/uploads\/nc\/public\/modules\/file\/pictures\/7074.Angelo-negro-basarin-barbaresco-riserva-IVINIO.jpg","width":500,"height":500},{"@type":"BreadcrumbList","@id":"https:\/\/www.ivinio.com\/fr\/produit\/angelo-negro-barbaresco-basarin-riserva-rouge\/#breadcrumb","itemListElement":[{"@type":"ListItem","position":1,"name":"Home","item":"https:\/\/www.ivinio.com\/fr\/"},{"@type":"ListItem","position":2,"name":"Boutique de vin","item":"https:\/\/www.ivinio.com\/fr\/boutique-de-vin\/"},{"@type":"ListItem","position":3,"name":"Angelo Negro &#8211; Barbaresco &#8211; Basarin Riserva &#8211; Rouge"}]},{"@type":"WebSite","@id":"https:\/\/www.ivinio.com\/fr\/#website","url":"https:\/\/www.ivinio.com\/fr\/","name":"IVINIO Caviste","description":"Vins de France et d&#039;Italie avec livraison \u00e0 domicile","publisher":{"@id":"https:\/\/www.ivinio.com\/fr\/#organization"},"potentialAction":[{"@type":"SearchAction","target":{"@type":"EntryPoint","urlTemplate":"https:\/\/www.ivinio.com\/fr\/?s={search_term_string}"},"query-input":{"@type":"PropertyValueSpecification","valueRequired":true,"valueName":"search_term_string"}}],"inLanguage":"fr-FR"},{"@type":"Organization","@id":"https:\/\/www.ivinio.com\/fr\/#organization","name":"IVINIO","url":"https:\/\/www.ivinio.com\/fr\/","logo":{"@type":"ImageObject","inLanguage":"fr-FR","@id":"https:\/\/www.ivinio.com\/fr\/#\/schema\/logo\/image\/","url":"https:\/\/www.ivinio.com\/wp-content\/uploads\/2021\/01\/Logo-Ivinio-v2.jpg","contentUrl":"https:\/\/www.ivinio.com\/wp-content\/uploads\/2021\/01\/Logo-Ivinio-v2.jpg","width":1194,"height":1194,"caption":"IVINIO"},"image":{"@id":"https:\/\/www.ivinio.com\/fr\/#\/schema\/logo\/image\/"},"sameAs":["https:\/\/www.facebook.com\/groups\/165217837022391\/?ref=bookmarks","https:\/\/www.instagram.com\/_ivinio_\/?hl=fr"]}]}},"jetpack_sharing_enabled":true,"_links":{"self":[{"href":"https:\/\/www.ivinio.com\/fr\/wp-json\/wp\/v2\/product\/121857","targetHints":{"allow":["GET"]}}],"collection":[{"href":"https:\/\/www.ivinio.com\/fr\/wp-json\/wp\/v2\/product"}],"about":[{"href":"https:\/\/www.ivinio.com\/fr\/wp-json\/wp\/v2\/types\/product"}],"replies":[{"embeddable":true,"href":"https:\/\/www.ivinio.com\/fr\/wp-json\/wp\/v2\/comments?post=121857"}],"wp:featuredmedia":[{"embeddable":true,"href":"https:\/\/www.ivinio.com\/fr\/wp-json\/wp\/v2\/media\/121860"}],"wp:attachment":[{"href":"https:\/\/www.ivinio.com\/fr\/wp-json\/wp\/v2\/media?parent=121857"}],"wp:term":[{"taxonomy":"product_brand","embeddable":true,"href":"https:\/\/www.ivinio.com\/fr\/wp-json\/wp\/v2\/product_brand?post=121857"},{"taxonomy":"product_cat","embeddable":true,"href":"https:\/\/www.ivinio.com\/fr\/wp-json\/wp\/v2\/product_cat?post=121857"},{"taxonomy":"product_tag","embeddable":true,"href":"https:\/\/www.ivinio.com\/fr\/wp-json\/wp\/v2\/product_tag?post=121857"}],"curies":[{"name":"wp","href":"https:\/\/api.w.org\/{rel}","templated":true}]}}