{"id":121830,"date":"2019-07-17T17:47:33","date_gmt":"2019-07-17T17:47:33","guid":{"rendered":"https:\/\/henrik.www.ivinio.com\/?product=prunotto-barbaresco-bric-turot-rouge"},"modified":"2022-03-17T05:14:29","modified_gmt":"2022-03-17T04:14:29","slug":"prunotto-barbaresco-bric-turot-rouge","status":"publish","type":"product","link":"https:\/\/www.ivinio.com\/fr\/produit\/prunotto-barbaresco-bric-turot-rouge\/","title":{"rendered":"Prunotto &#8211; Barbaresco &#8211; Bric Turot &#8211; Rouge"},"content":{"rendered":"<p>Barbaresco &#8220;Bric Turot&#8221; de Prunotto est compos\u00e9 de 100% de\u00a0Nebbiolo. La grande diversit\u00e9 de l&#8217;exposition du vignoble, grace\u00a0\u00e0 la formation de &#8220;Bricco&#8221; (colline en dialecte du Pi\u00e9mont) et \u00e0 la s\u00e9lection sp\u00e9cifique de clones, est combin\u00e9e \u00e0 un \u00e9levage dans de grands f\u00fbts de diff\u00e9rents volumes pour cr\u00e9er un Barbaresco \u00e9quilibr\u00e9 et agr\u00e9able. \u00c0 l&#8217;arriv\u00e9e au caveau, les raisins sont d\u00e9licatement \u00e9cras\u00e9s. La fermentation dure environ 10 jours \u00e0 une temp\u00e9rature maximale de 30 \u00b0 C. La fermentation malolactique se termine avant la fin de l&#8217;hiver. Le vin est ensuite \u00e9lev\u00e9 pendant au moins 12 mois dans des f\u00fbts de ch\u00eane de diff\u00e9rentes tailles. Le\u00a0Bric Turot est ensuite\u00a0gard\u00e9\u00a0en bouteille avant la commercialisation.<\/p>\n","protected":false},"excerpt":{"rendered":"<p>&#8220;Bric Turot&#8221; est un Barbaresco de Prunotto aux ar\u00f4mes complexes r\u00e9gliss\u00e9es\u00a0en harmonie avec des notes de petits fruits de la for\u00eat, de\u00a0cannelle, de\u00a0clou de girofle et de\u00a0violette. Tanins pr\u00e9sents et une longue finale. Servir sur un r\u00f4ti de porc au romarin.<\/p>\n","protected":false},"featured_media":121833,"comment_status":"open","ping_status":"closed","template":"","meta":{"_monsterinsights_skip_tracking":false,"_monsterinsights_sitenote_active":false,"_monsterinsights_sitenote_note":"","_monsterinsights_sitenote_category":0,"_uf_show_specific_survey":0,"_uf_disable_surveys":false},"product_brand":[],"product_cat":[39811],"product_tag":[],"class_list":{"0":"post-121830","1":"product","2":"type-product","3":"status-publish","4":"has-post-thumbnail","6":"product_cat-uncategorized-fr","7":"pa_alcohol-degree-14-fr","8":"pa_classification-docg-barbaresco-fr","9":"pa_color-rouge-fr","10":"pa_country-italie-fr","11":"pa_grape-variety-nebbiolo","12":"pa_package-1x1-fr","13":"pa_package-1x6-fr","14":"pa_region-piemont-fr","15":"pa_storage-potential-plus-de-10-ans-fr","16":"pa_vintage-2017-fr","17":"pa_volume-75-cl-fr","19":"first","20":"outofstock","21":"taxable","22":"shipping-taxable","23":"purchasable","24":"product-type-variable"},"bundled_by":[],"bundle_stock_status":"outofstock","bundle_stock_quantity":null,"bundle_virtual":false,"bundle_layout":"","bundle_add_to_cart_form_location":"","bundle_editable_in_cart":false,"bundle_sold_individually_context":"","bundle_item_grouping":"","bundle_min_size":"","bundle_max_size":"","bundle_price":[],"bundled_items":[],"bundle_sell_ids":[],"yoast_head":"<!-- This site is optimized with the Yoast SEO plugin v27.5 - https:\/\/yoast.com\/product\/yoast-seo-wordpress\/ -->\n<title>acheter barbaresco en ligne - barbaresco en ligne - boutique de vin en ligne www.ivinio.com<\/title>\n<meta name=\"description\" content=\"&quot;Bric Turot&quot; est un Barbaresco de Prunotto aux ar\u00f4mes complexes r\u00e9gliss\u00e9es en harmonie avec des notes de petits fruits de la for\u00eat, de cannelle, de clou de girofle et de violette. Tanins pr\u00e9sents et une longue finale. Servir sur un r\u00f4ti de porc au ro\" \/>\n<meta name=\"robots\" content=\"index, follow, max-snippet:-1, max-image-preview:large, max-video-preview:-1\" \/>\n<link rel=\"canonical\" href=\"https:\/\/www.ivinio.com\/fr\/produit\/prunotto-barbaresco-bric-turot-rouge\/\" \/>\n<meta property=\"og:locale\" content=\"fr_FR\" \/>\n<meta property=\"og:type\" content=\"article\" \/>\n<meta property=\"og:title\" content=\"acheter barbaresco en ligne - barbaresco en ligne - boutique de vin en ligne www.ivinio.com\" \/>\n<meta property=\"og:description\" content=\"&quot;Bric Turot&quot; est un Barbaresco de Prunotto aux ar\u00f4mes complexes r\u00e9gliss\u00e9es en harmonie avec des notes de petits fruits de la for\u00eat, de cannelle, de clou de girofle et de violette. Tanins pr\u00e9sents et une longue finale. Servir sur un r\u00f4ti de porc au ro\" \/>\n<meta property=\"og:url\" content=\"https:\/\/www.ivinio.com\/fr\/produit\/prunotto-barbaresco-bric-turot-rouge\/\" \/>\n<meta property=\"og:site_name\" content=\"IVINIO Caviste\" \/>\n<meta property=\"article:publisher\" content=\"https:\/\/www.facebook.com\/groups\/165217837022391\/?ref=bookmarks\" \/>\n<meta property=\"article:modified_time\" content=\"2022-03-17T04:14:29+00:00\" \/>\n<meta property=\"og:image\" content=\"https:\/\/www.ivinio.com\/wp-content\/uploads\/nc\/public\/modules\/file\/pictures\/7068.Prunotto-Barbaresco-Bric-Turot-IVINIO.jpg\" \/>\n\t<meta property=\"og:image:width\" content=\"500\" \/>\n\t<meta property=\"og:image:height\" content=\"500\" \/>\n\t<meta property=\"og:image:type\" content=\"image\/jpeg\" \/>\n<meta name=\"twitter:card\" content=\"summary_large_image\" \/>\n<meta name=\"twitter:label1\" content=\"Dur\u00e9e de lecture estim\u00e9e\" \/>\n\t<meta name=\"twitter:data1\" content=\"1 minute\" \/>\n<script type=\"application\/ld+json\" class=\"yoast-schema-graph\">{\"@context\":\"https:\\\/\\\/schema.org\",\"@graph\":[{\"@type\":\"WebPage\",\"@id\":\"https:\\\/\\\/www.ivinio.com\\\/fr\\\/produit\\\/prunotto-barbaresco-bric-turot-rouge\\\/\",\"url\":\"https:\\\/\\\/www.ivinio.com\\\/fr\\\/produit\\\/prunotto-barbaresco-bric-turot-rouge\\\/\",\"name\":\"acheter barbaresco en ligne - barbaresco en ligne - boutique de vin en ligne www.ivinio.com\",\"isPartOf\":{\"@id\":\"https:\\\/\\\/www.ivinio.com\\\/fr\\\/#website\"},\"primaryImageOfPage\":{\"@id\":\"https:\\\/\\\/www.ivinio.com\\\/fr\\\/produit\\\/prunotto-barbaresco-bric-turot-rouge\\\/#primaryimage\"},\"image\":{\"@id\":\"https:\\\/\\\/www.ivinio.com\\\/fr\\\/produit\\\/prunotto-barbaresco-bric-turot-rouge\\\/#primaryimage\"},\"thumbnailUrl\":\"https:\\\/\\\/www.ivinio.com\\\/wp-content\\\/uploads\\\/nc\\\/public\\\/modules\\\/file\\\/pictures\\\/7068.Prunotto-Barbaresco-Bric-Turot-IVINIO.jpg\",\"datePublished\":\"2019-07-17T17:47:33+00:00\",\"dateModified\":\"2022-03-17T04:14:29+00:00\",\"description\":\"\\\"Bric Turot\\\" est un Barbaresco de Prunotto aux ar\u00f4mes complexes r\u00e9gliss\u00e9es en harmonie avec des notes de petits fruits de la for\u00eat, de cannelle, de clou de girofle et de violette. Tanins pr\u00e9sents et une longue finale. Servir sur un r\u00f4ti de porc au ro\",\"breadcrumb\":{\"@id\":\"https:\\\/\\\/www.ivinio.com\\\/fr\\\/produit\\\/prunotto-barbaresco-bric-turot-rouge\\\/#breadcrumb\"},\"inLanguage\":\"fr-FR\",\"potentialAction\":[{\"@type\":\"ReadAction\",\"target\":[\"https:\\\/\\\/www.ivinio.com\\\/fr\\\/produit\\\/prunotto-barbaresco-bric-turot-rouge\\\/\"]}]},{\"@type\":\"ImageObject\",\"inLanguage\":\"fr-FR\",\"@id\":\"https:\\\/\\\/www.ivinio.com\\\/fr\\\/produit\\\/prunotto-barbaresco-bric-turot-rouge\\\/#primaryimage\",\"url\":\"https:\\\/\\\/www.ivinio.com\\\/wp-content\\\/uploads\\\/nc\\\/public\\\/modules\\\/file\\\/pictures\\\/7068.Prunotto-Barbaresco-Bric-Turot-IVINIO.jpg\",\"contentUrl\":\"https:\\\/\\\/www.ivinio.com\\\/wp-content\\\/uploads\\\/nc\\\/public\\\/modules\\\/file\\\/pictures\\\/7068.Prunotto-Barbaresco-Bric-Turot-IVINIO.jpg\",\"width\":500,\"height\":500},{\"@type\":\"BreadcrumbList\",\"@id\":\"https:\\\/\\\/www.ivinio.com\\\/fr\\\/produit\\\/prunotto-barbaresco-bric-turot-rouge\\\/#breadcrumb\",\"itemListElement\":[{\"@type\":\"ListItem\",\"position\":1,\"name\":\"Home\",\"item\":\"https:\\\/\\\/www.ivinio.com\\\/fr\\\/\"},{\"@type\":\"ListItem\",\"position\":2,\"name\":\"Boutique de vin\",\"item\":\"https:\\\/\\\/www.ivinio.com\\\/fr\\\/boutique-de-vin\\\/\"},{\"@type\":\"ListItem\",\"position\":3,\"name\":\"Prunotto &#8211; Barbaresco &#8211; Bric Turot &#8211; Rouge\"}]},{\"@type\":\"WebSite\",\"@id\":\"https:\\\/\\\/www.ivinio.com\\\/fr\\\/#website\",\"url\":\"https:\\\/\\\/www.ivinio.com\\\/fr\\\/\",\"name\":\"IVINIO Caviste\",\"description\":\"Vins de France et d&#039;Italie avec livraison \u00e0 domicile\",\"publisher\":{\"@id\":\"https:\\\/\\\/www.ivinio.com\\\/fr\\\/#organization\"},\"potentialAction\":[{\"@type\":\"SearchAction\",\"target\":{\"@type\":\"EntryPoint\",\"urlTemplate\":\"https:\\\/\\\/www.ivinio.com\\\/fr\\\/?s={search_term_string}\"},\"query-input\":{\"@type\":\"PropertyValueSpecification\",\"valueRequired\":true,\"valueName\":\"search_term_string\"}}],\"inLanguage\":\"fr-FR\"},{\"@type\":\"Organization\",\"@id\":\"https:\\\/\\\/www.ivinio.com\\\/fr\\\/#organization\",\"name\":\"IVINIO\",\"url\":\"https:\\\/\\\/www.ivinio.com\\\/fr\\\/\",\"logo\":{\"@type\":\"ImageObject\",\"inLanguage\":\"fr-FR\",\"@id\":\"https:\\\/\\\/www.ivinio.com\\\/fr\\\/#\\\/schema\\\/logo\\\/image\\\/\",\"url\":\"https:\\\/\\\/www.ivinio.com\\\/wp-content\\\/uploads\\\/2021\\\/01\\\/Logo-Ivinio-v2.jpg\",\"contentUrl\":\"https:\\\/\\\/www.ivinio.com\\\/wp-content\\\/uploads\\\/2021\\\/01\\\/Logo-Ivinio-v2.jpg\",\"width\":1194,\"height\":1194,\"caption\":\"IVINIO\"},\"image\":{\"@id\":\"https:\\\/\\\/www.ivinio.com\\\/fr\\\/#\\\/schema\\\/logo\\\/image\\\/\"},\"sameAs\":[\"https:\\\/\\\/www.facebook.com\\\/groups\\\/165217837022391\\\/?ref=bookmarks\",\"https:\\\/\\\/www.instagram.com\\\/_ivinio_\\\/?hl=fr\"]}]}<\/script>\n<!-- \/ Yoast SEO plugin. -->","yoast_head_json":{"title":"acheter barbaresco en ligne - barbaresco en ligne - boutique de vin en ligne www.ivinio.com","description":"\"Bric Turot\" est un Barbaresco de Prunotto aux ar\u00f4mes complexes r\u00e9gliss\u00e9es en harmonie avec des notes de petits fruits de la for\u00eat, de cannelle, de clou de girofle et de violette. Tanins pr\u00e9sents et une longue finale. Servir sur un r\u00f4ti de porc au ro","robots":{"index":"index","follow":"follow","max-snippet":"max-snippet:-1","max-image-preview":"max-image-preview:large","max-video-preview":"max-video-preview:-1"},"canonical":"https:\/\/www.ivinio.com\/fr\/produit\/prunotto-barbaresco-bric-turot-rouge\/","og_locale":"fr_FR","og_type":"article","og_title":"acheter barbaresco en ligne - barbaresco en ligne - boutique de vin en ligne www.ivinio.com","og_description":"\"Bric Turot\" est un Barbaresco de Prunotto aux ar\u00f4mes complexes r\u00e9gliss\u00e9es en harmonie avec des notes de petits fruits de la for\u00eat, de cannelle, de clou de girofle et de violette. Tanins pr\u00e9sents et une longue finale. Servir sur un r\u00f4ti de porc au ro","og_url":"https:\/\/www.ivinio.com\/fr\/produit\/prunotto-barbaresco-bric-turot-rouge\/","og_site_name":"IVINIO Caviste","article_publisher":"https:\/\/www.facebook.com\/groups\/165217837022391\/?ref=bookmarks","article_modified_time":"2022-03-17T04:14:29+00:00","og_image":[{"width":500,"height":500,"url":"https:\/\/www.ivinio.com\/wp-content\/uploads\/nc\/public\/modules\/file\/pictures\/7068.Prunotto-Barbaresco-Bric-Turot-IVINIO.jpg","type":"image\/jpeg"}],"twitter_card":"summary_large_image","twitter_misc":{"Dur\u00e9e de lecture estim\u00e9e":"1 minute"},"schema":{"@context":"https:\/\/schema.org","@graph":[{"@type":"WebPage","@id":"https:\/\/www.ivinio.com\/fr\/produit\/prunotto-barbaresco-bric-turot-rouge\/","url":"https:\/\/www.ivinio.com\/fr\/produit\/prunotto-barbaresco-bric-turot-rouge\/","name":"acheter barbaresco en ligne - barbaresco en ligne - boutique de vin en ligne www.ivinio.com","isPartOf":{"@id":"https:\/\/www.ivinio.com\/fr\/#website"},"primaryImageOfPage":{"@id":"https:\/\/www.ivinio.com\/fr\/produit\/prunotto-barbaresco-bric-turot-rouge\/#primaryimage"},"image":{"@id":"https:\/\/www.ivinio.com\/fr\/produit\/prunotto-barbaresco-bric-turot-rouge\/#primaryimage"},"thumbnailUrl":"https:\/\/www.ivinio.com\/wp-content\/uploads\/nc\/public\/modules\/file\/pictures\/7068.Prunotto-Barbaresco-Bric-Turot-IVINIO.jpg","datePublished":"2019-07-17T17:47:33+00:00","dateModified":"2022-03-17T04:14:29+00:00","description":"\"Bric Turot\" est un Barbaresco de Prunotto aux ar\u00f4mes complexes r\u00e9gliss\u00e9es en harmonie avec des notes de petits fruits de la for\u00eat, de cannelle, de clou de girofle et de violette. Tanins pr\u00e9sents et une longue finale. Servir sur un r\u00f4ti de porc au ro","breadcrumb":{"@id":"https:\/\/www.ivinio.com\/fr\/produit\/prunotto-barbaresco-bric-turot-rouge\/#breadcrumb"},"inLanguage":"fr-FR","potentialAction":[{"@type":"ReadAction","target":["https:\/\/www.ivinio.com\/fr\/produit\/prunotto-barbaresco-bric-turot-rouge\/"]}]},{"@type":"ImageObject","inLanguage":"fr-FR","@id":"https:\/\/www.ivinio.com\/fr\/produit\/prunotto-barbaresco-bric-turot-rouge\/#primaryimage","url":"https:\/\/www.ivinio.com\/wp-content\/uploads\/nc\/public\/modules\/file\/pictures\/7068.Prunotto-Barbaresco-Bric-Turot-IVINIO.jpg","contentUrl":"https:\/\/www.ivinio.com\/wp-content\/uploads\/nc\/public\/modules\/file\/pictures\/7068.Prunotto-Barbaresco-Bric-Turot-IVINIO.jpg","width":500,"height":500},{"@type":"BreadcrumbList","@id":"https:\/\/www.ivinio.com\/fr\/produit\/prunotto-barbaresco-bric-turot-rouge\/#breadcrumb","itemListElement":[{"@type":"ListItem","position":1,"name":"Home","item":"https:\/\/www.ivinio.com\/fr\/"},{"@type":"ListItem","position":2,"name":"Boutique de vin","item":"https:\/\/www.ivinio.com\/fr\/boutique-de-vin\/"},{"@type":"ListItem","position":3,"name":"Prunotto &#8211; Barbaresco &#8211; Bric Turot &#8211; Rouge"}]},{"@type":"WebSite","@id":"https:\/\/www.ivinio.com\/fr\/#website","url":"https:\/\/www.ivinio.com\/fr\/","name":"IVINIO Caviste","description":"Vins de France et d&#039;Italie avec livraison \u00e0 domicile","publisher":{"@id":"https:\/\/www.ivinio.com\/fr\/#organization"},"potentialAction":[{"@type":"SearchAction","target":{"@type":"EntryPoint","urlTemplate":"https:\/\/www.ivinio.com\/fr\/?s={search_term_string}"},"query-input":{"@type":"PropertyValueSpecification","valueRequired":true,"valueName":"search_term_string"}}],"inLanguage":"fr-FR"},{"@type":"Organization","@id":"https:\/\/www.ivinio.com\/fr\/#organization","name":"IVINIO","url":"https:\/\/www.ivinio.com\/fr\/","logo":{"@type":"ImageObject","inLanguage":"fr-FR","@id":"https:\/\/www.ivinio.com\/fr\/#\/schema\/logo\/image\/","url":"https:\/\/www.ivinio.com\/wp-content\/uploads\/2021\/01\/Logo-Ivinio-v2.jpg","contentUrl":"https:\/\/www.ivinio.com\/wp-content\/uploads\/2021\/01\/Logo-Ivinio-v2.jpg","width":1194,"height":1194,"caption":"IVINIO"},"image":{"@id":"https:\/\/www.ivinio.com\/fr\/#\/schema\/logo\/image\/"},"sameAs":["https:\/\/www.facebook.com\/groups\/165217837022391\/?ref=bookmarks","https:\/\/www.instagram.com\/_ivinio_\/?hl=fr"]}]}},"jetpack_sharing_enabled":true,"_links":{"self":[{"href":"https:\/\/www.ivinio.com\/fr\/wp-json\/wp\/v2\/product\/121830","targetHints":{"allow":["GET"]}}],"collection":[{"href":"https:\/\/www.ivinio.com\/fr\/wp-json\/wp\/v2\/product"}],"about":[{"href":"https:\/\/www.ivinio.com\/fr\/wp-json\/wp\/v2\/types\/product"}],"replies":[{"embeddable":true,"href":"https:\/\/www.ivinio.com\/fr\/wp-json\/wp\/v2\/comments?post=121830"}],"wp:featuredmedia":[{"embeddable":true,"href":"https:\/\/www.ivinio.com\/fr\/wp-json\/wp\/v2\/media\/121833"}],"wp:attachment":[{"href":"https:\/\/www.ivinio.com\/fr\/wp-json\/wp\/v2\/media?parent=121830"}],"wp:term":[{"taxonomy":"product_brand","embeddable":true,"href":"https:\/\/www.ivinio.com\/fr\/wp-json\/wp\/v2\/product_brand?post=121830"},{"taxonomy":"product_cat","embeddable":true,"href":"https:\/\/www.ivinio.com\/fr\/wp-json\/wp\/v2\/product_cat?post=121830"},{"taxonomy":"product_tag","embeddable":true,"href":"https:\/\/www.ivinio.com\/fr\/wp-json\/wp\/v2\/product_tag?post=121830"}],"curies":[{"name":"wp","href":"https:\/\/api.w.org\/{rel}","templated":true}]}}