{"id":121819,"date":"2019-07-17T17:47:33","date_gmt":"2019-07-17T17:47:33","guid":{"rendered":"https:\/\/henrik.www.ivinio.com\/?product=prunotto-barolo-bussia-rouge"},"modified":"2022-08-10T13:40:22","modified_gmt":"2022-08-10T11:40:22","slug":"prunotto-barolo-bussia-rouge","status":"publish","type":"product","link":"https:\/\/www.ivinio.com\/fr\/produit\/prunotto-barolo-bussia-rouge\/","title":{"rendered":"Prunotto &#8211; Barolo &#8211; Bussia &#8211; Rouge"},"content":{"rendered":"<p>Ce barolo de Prunotto est compos\u00e9 de\u00a0100% de\u00a0Nebbiolo cultiv\u00e9s \u00e0 Bussia di Monforte d&#8217;Alba. C&#8217;est un vin historique, produit pour la premi\u00e8re fois par Prunotto en 1961. L&#8217;exposition h\u00e9t\u00e9rog\u00e8ne du vignoble, du sud-ouest au sud, ainsi que l&#8217;\u00e9levage\u00a0traditionnel en\u00a0grands f\u00fbts, am\u00e9liorent l&#8217;\u00e9quilibre et la complexit\u00e9 du c\u00e9page Nebbio. Les vendanges sont\u00a0g\u00e9n\u00e9ralement r\u00e9alis\u00e9es \u00e0 la fin du mois de septembre. Les raisins sont l\u00e9g\u00e8rement \u00e9cras\u00e9s puis ferment\u00e9s pendant 15 jours \u00e0 une temp\u00e9rature maximale de 30 \u00b0 C. La fermentation malolactique dure jusqu&#8217;\u00e0 la\u00a0fin de l&#8217;hiver. L&#8217;\u00e9levage\u00a0se fait dans des f\u00fbts de ch\u00eane de diff\u00e9rentes tailles pendant 18 mois.<\/p>\n","protected":false},"excerpt":{"rendered":"<p>&#8220;Bussia&#8221; est un Barolo de Prunotto aux ar\u00f4mes complexes florales et de fruits rouges. Tanins textur\u00e9s mais souples. D\u00e9guster\u00a0avec\u00a0une entrec\u00f4te accompagn\u00e9e\u00a0de la polenta \u00e0 l&#8217;huile de truffe.<\/p>\n","protected":false},"featured_media":121822,"comment_status":"open","ping_status":"closed","template":"","meta":{"_monsterinsights_skip_tracking":false,"_monsterinsights_sitenote_active":false,"_monsterinsights_sitenote_note":"","_monsterinsights_sitenote_category":0,"_uf_show_specific_survey":0,"_uf_disable_surveys":false},"product_brand":[],"product_cat":[36598,36589],"product_tag":[],"class_list":{"0":"post-121819","1":"product","2":"type-product","3":"status-publish","4":"has-post-thumbnail","6":"product_cat-fr-piemont","7":"product_cat-vins-italiens","8":"pa_alcohol-degree-14-fr","9":"pa_classification-docg-barolo-fr","10":"pa_color-rouge-fr","11":"pa_country-italie-fr","12":"pa_package-1x1-fr","13":"pa_package-1x6-fr","14":"pa_region-piemont-fr","15":"pa_storage-potential-plus-de-10-ans-fr","16":"pa_vintage-2016-fr","17":"pa_volume-75-cl-fr","19":"first","20":"instock","21":"taxable","22":"shipping-taxable","23":"purchasable","24":"product-type-variable"},"bundled_by":[],"bundle_stock_status":"instock","bundle_stock_quantity":null,"bundle_virtual":false,"bundle_layout":"","bundle_add_to_cart_form_location":"","bundle_editable_in_cart":false,"bundle_sold_individually_context":"","bundle_item_grouping":"","bundle_min_size":"","bundle_max_size":"","bundle_price":[],"bundled_items":[],"bundle_sell_ids":[],"yoast_head":"<!-- This site is optimized with the Yoast SEO plugin v27.3 - https:\/\/yoast.com\/product\/yoast-seo-wordpress\/ -->\n<title>Acheter Prunotto - Barolo - Bussia - Rouge - IVINIO Wine Shop<\/title>\n<meta name=\"description\" content=\"Acheter Prunotto - Barolo - Bussia - Rouge. Notes complexes de fleurs et de fruits rouges. Tanins textur\u00e9s mais souples. Servir \u00e0 une entrec\u00f4te avec de la polenta \u00e0 l&#039;huile de truffe.\" \/>\n<meta name=\"robots\" content=\"index, follow, max-snippet:-1, max-image-preview:large, max-video-preview:-1\" \/>\n<link rel=\"canonical\" href=\"https:\/\/www.ivinio.com\/fr\/produit\/prunotto-barolo-bussia-rouge\/\" \/>\n<meta property=\"og:locale\" content=\"fr_FR\" \/>\n<meta property=\"og:type\" content=\"article\" \/>\n<meta property=\"og:title\" content=\"Acheter Prunotto - Barolo - Bussia - Rouge - IVINIO Wine Shop\" \/>\n<meta property=\"og:description\" content=\"Acheter Prunotto - Barolo - Bussia - Rouge. Notes complexes de fleurs et de fruits rouges. Tanins textur\u00e9s mais souples. Servir \u00e0 une entrec\u00f4te avec de la polenta \u00e0 l&#039;huile de truffe.\" \/>\n<meta property=\"og:url\" content=\"https:\/\/www.ivinio.com\/fr\/produit\/prunotto-barolo-bussia-rouge\/\" \/>\n<meta property=\"og:site_name\" content=\"IVINIO Wine Shop\" \/>\n<meta property=\"article:publisher\" content=\"https:\/\/www.facebook.com\/groups\/165217837022391\/?ref=bookmarks\" \/>\n<meta property=\"article:modified_time\" content=\"2022-08-10T11:40:22+00:00\" \/>\n<meta property=\"og:image\" content=\"https:\/\/www.ivinio.com\/wp-content\/uploads\/nc\/public\/modules\/file\/pictures\/7065.Prunotto-Barolo-Bussia-IVINIO.jpg\" \/>\n\t<meta property=\"og:image:width\" content=\"500\" \/>\n\t<meta property=\"og:image:height\" content=\"500\" \/>\n\t<meta property=\"og:image:type\" content=\"image\/jpeg\" \/>\n<meta name=\"twitter:card\" content=\"summary_large_image\" \/>\n<meta name=\"twitter:label1\" content=\"Dur\u00e9e de lecture estim\u00e9e\" \/>\n\t<meta name=\"twitter:data1\" content=\"1 minute\" \/>\n<script type=\"application\/ld+json\" class=\"yoast-schema-graph\">{\"@context\":\"https:\\\/\\\/schema.org\",\"@graph\":[{\"@type\":\"WebPage\",\"@id\":\"https:\\\/\\\/www.ivinio.com\\\/fr\\\/produit\\\/prunotto-barolo-bussia-rouge\\\/\",\"url\":\"https:\\\/\\\/www.ivinio.com\\\/fr\\\/produit\\\/prunotto-barolo-bussia-rouge\\\/\",\"name\":\"Acheter Prunotto - Barolo - Bussia - Rouge - IVINIO Wine Shop\",\"isPartOf\":{\"@id\":\"https:\\\/\\\/www.ivinio.com\\\/fr\\\/#website\"},\"primaryImageOfPage\":{\"@id\":\"https:\\\/\\\/www.ivinio.com\\\/fr\\\/produit\\\/prunotto-barolo-bussia-rouge\\\/#primaryimage\"},\"image\":{\"@id\":\"https:\\\/\\\/www.ivinio.com\\\/fr\\\/produit\\\/prunotto-barolo-bussia-rouge\\\/#primaryimage\"},\"thumbnailUrl\":\"https:\\\/\\\/www.ivinio.com\\\/wp-content\\\/uploads\\\/nc\\\/public\\\/modules\\\/file\\\/pictures\\\/7065.Prunotto-Barolo-Bussia-IVINIO.jpg\",\"datePublished\":\"2019-07-17T17:47:33+00:00\",\"dateModified\":\"2022-08-10T11:40:22+00:00\",\"description\":\"Acheter Prunotto - Barolo - Bussia - Rouge. Notes complexes de fleurs et de fruits rouges. Tanins textur\u00e9s mais souples. Servir \u00e0 une entrec\u00f4te avec de la polenta \u00e0 l'huile de truffe.\",\"breadcrumb\":{\"@id\":\"https:\\\/\\\/www.ivinio.com\\\/fr\\\/produit\\\/prunotto-barolo-bussia-rouge\\\/#breadcrumb\"},\"inLanguage\":\"fr-FR\",\"potentialAction\":[{\"@type\":\"ReadAction\",\"target\":[\"https:\\\/\\\/www.ivinio.com\\\/fr\\\/produit\\\/prunotto-barolo-bussia-rouge\\\/\"]}]},{\"@type\":\"ImageObject\",\"inLanguage\":\"fr-FR\",\"@id\":\"https:\\\/\\\/www.ivinio.com\\\/fr\\\/produit\\\/prunotto-barolo-bussia-rouge\\\/#primaryimage\",\"url\":\"https:\\\/\\\/www.ivinio.com\\\/wp-content\\\/uploads\\\/nc\\\/public\\\/modules\\\/file\\\/pictures\\\/7065.Prunotto-Barolo-Bussia-IVINIO.jpg\",\"contentUrl\":\"https:\\\/\\\/www.ivinio.com\\\/wp-content\\\/uploads\\\/nc\\\/public\\\/modules\\\/file\\\/pictures\\\/7065.Prunotto-Barolo-Bussia-IVINIO.jpg\",\"width\":500,\"height\":500},{\"@type\":\"BreadcrumbList\",\"@id\":\"https:\\\/\\\/www.ivinio.com\\\/fr\\\/produit\\\/prunotto-barolo-bussia-rouge\\\/#breadcrumb\",\"itemListElement\":[{\"@type\":\"ListItem\",\"position\":1,\"name\":\"Home\",\"item\":\"https:\\\/\\\/www.ivinio.com\\\/fr\\\/\"},{\"@type\":\"ListItem\",\"position\":2,\"name\":\"Boutique de vin\",\"item\":\"https:\\\/\\\/www.ivinio.com\\\/fr\\\/boutique-de-vin\\\/\"},{\"@type\":\"ListItem\",\"position\":3,\"name\":\"Prunotto &#8211; Barolo &#8211; Bussia &#8211; Rouge\"}]},{\"@type\":\"WebSite\",\"@id\":\"https:\\\/\\\/www.ivinio.com\\\/fr\\\/#website\",\"url\":\"https:\\\/\\\/www.ivinio.com\\\/fr\\\/\",\"name\":\"IVINIO Wine Shop\",\"description\":\"French and Italian wines with delivery to your door\",\"publisher\":{\"@id\":\"https:\\\/\\\/www.ivinio.com\\\/fr\\\/#organization\"},\"potentialAction\":[{\"@type\":\"SearchAction\",\"target\":{\"@type\":\"EntryPoint\",\"urlTemplate\":\"https:\\\/\\\/www.ivinio.com\\\/fr\\\/?s={search_term_string}\"},\"query-input\":{\"@type\":\"PropertyValueSpecification\",\"valueRequired\":true,\"valueName\":\"search_term_string\"}}],\"inLanguage\":\"fr-FR\"},{\"@type\":\"Organization\",\"@id\":\"https:\\\/\\\/www.ivinio.com\\\/fr\\\/#organization\",\"name\":\"IVINIO\",\"url\":\"https:\\\/\\\/www.ivinio.com\\\/fr\\\/\",\"logo\":{\"@type\":\"ImageObject\",\"inLanguage\":\"fr-FR\",\"@id\":\"https:\\\/\\\/www.ivinio.com\\\/fr\\\/#\\\/schema\\\/logo\\\/image\\\/\",\"url\":\"https:\\\/\\\/www.ivinio.com\\\/wp-content\\\/uploads\\\/2021\\\/01\\\/Logo-Ivinio-v2.jpg\",\"contentUrl\":\"https:\\\/\\\/www.ivinio.com\\\/wp-content\\\/uploads\\\/2021\\\/01\\\/Logo-Ivinio-v2.jpg\",\"width\":1194,\"height\":1194,\"caption\":\"IVINIO\"},\"image\":{\"@id\":\"https:\\\/\\\/www.ivinio.com\\\/fr\\\/#\\\/schema\\\/logo\\\/image\\\/\"},\"sameAs\":[\"https:\\\/\\\/www.facebook.com\\\/groups\\\/165217837022391\\\/?ref=bookmarks\",\"https:\\\/\\\/www.instagram.com\\\/_ivinio_\\\/?hl=fr\"]}]}<\/script>\n<!-- \/ Yoast SEO plugin. -->","yoast_head_json":{"title":"Acheter Prunotto - Barolo - Bussia - Rouge - IVINIO Wine Shop","description":"Acheter Prunotto - Barolo - Bussia - Rouge. Notes complexes de fleurs et de fruits rouges. Tanins textur\u00e9s mais souples. Servir \u00e0 une entrec\u00f4te avec de la polenta \u00e0 l'huile de truffe.","robots":{"index":"index","follow":"follow","max-snippet":"max-snippet:-1","max-image-preview":"max-image-preview:large","max-video-preview":"max-video-preview:-1"},"canonical":"https:\/\/www.ivinio.com\/fr\/produit\/prunotto-barolo-bussia-rouge\/","og_locale":"fr_FR","og_type":"article","og_title":"Acheter Prunotto - Barolo - Bussia - Rouge - IVINIO Wine Shop","og_description":"Acheter Prunotto - Barolo - Bussia - Rouge. Notes complexes de fleurs et de fruits rouges. Tanins textur\u00e9s mais souples. Servir \u00e0 une entrec\u00f4te avec de la polenta \u00e0 l'huile de truffe.","og_url":"https:\/\/www.ivinio.com\/fr\/produit\/prunotto-barolo-bussia-rouge\/","og_site_name":"IVINIO Wine Shop","article_publisher":"https:\/\/www.facebook.com\/groups\/165217837022391\/?ref=bookmarks","article_modified_time":"2022-08-10T11:40:22+00:00","og_image":[{"width":500,"height":500,"url":"https:\/\/www.ivinio.com\/wp-content\/uploads\/nc\/public\/modules\/file\/pictures\/7065.Prunotto-Barolo-Bussia-IVINIO.jpg","type":"image\/jpeg"}],"twitter_card":"summary_large_image","twitter_misc":{"Dur\u00e9e de lecture estim\u00e9e":"1 minute"},"schema":{"@context":"https:\/\/schema.org","@graph":[{"@type":"WebPage","@id":"https:\/\/www.ivinio.com\/fr\/produit\/prunotto-barolo-bussia-rouge\/","url":"https:\/\/www.ivinio.com\/fr\/produit\/prunotto-barolo-bussia-rouge\/","name":"Acheter Prunotto - Barolo - Bussia - Rouge - IVINIO Wine Shop","isPartOf":{"@id":"https:\/\/www.ivinio.com\/fr\/#website"},"primaryImageOfPage":{"@id":"https:\/\/www.ivinio.com\/fr\/produit\/prunotto-barolo-bussia-rouge\/#primaryimage"},"image":{"@id":"https:\/\/www.ivinio.com\/fr\/produit\/prunotto-barolo-bussia-rouge\/#primaryimage"},"thumbnailUrl":"https:\/\/www.ivinio.com\/wp-content\/uploads\/nc\/public\/modules\/file\/pictures\/7065.Prunotto-Barolo-Bussia-IVINIO.jpg","datePublished":"2019-07-17T17:47:33+00:00","dateModified":"2022-08-10T11:40:22+00:00","description":"Acheter Prunotto - Barolo - Bussia - Rouge. Notes complexes de fleurs et de fruits rouges. Tanins textur\u00e9s mais souples. Servir \u00e0 une entrec\u00f4te avec de la polenta \u00e0 l'huile de truffe.","breadcrumb":{"@id":"https:\/\/www.ivinio.com\/fr\/produit\/prunotto-barolo-bussia-rouge\/#breadcrumb"},"inLanguage":"fr-FR","potentialAction":[{"@type":"ReadAction","target":["https:\/\/www.ivinio.com\/fr\/produit\/prunotto-barolo-bussia-rouge\/"]}]},{"@type":"ImageObject","inLanguage":"fr-FR","@id":"https:\/\/www.ivinio.com\/fr\/produit\/prunotto-barolo-bussia-rouge\/#primaryimage","url":"https:\/\/www.ivinio.com\/wp-content\/uploads\/nc\/public\/modules\/file\/pictures\/7065.Prunotto-Barolo-Bussia-IVINIO.jpg","contentUrl":"https:\/\/www.ivinio.com\/wp-content\/uploads\/nc\/public\/modules\/file\/pictures\/7065.Prunotto-Barolo-Bussia-IVINIO.jpg","width":500,"height":500},{"@type":"BreadcrumbList","@id":"https:\/\/www.ivinio.com\/fr\/produit\/prunotto-barolo-bussia-rouge\/#breadcrumb","itemListElement":[{"@type":"ListItem","position":1,"name":"Home","item":"https:\/\/www.ivinio.com\/fr\/"},{"@type":"ListItem","position":2,"name":"Boutique de vin","item":"https:\/\/www.ivinio.com\/fr\/boutique-de-vin\/"},{"@type":"ListItem","position":3,"name":"Prunotto &#8211; Barolo &#8211; Bussia &#8211; Rouge"}]},{"@type":"WebSite","@id":"https:\/\/www.ivinio.com\/fr\/#website","url":"https:\/\/www.ivinio.com\/fr\/","name":"IVINIO Wine Shop","description":"French and Italian wines with delivery to your door","publisher":{"@id":"https:\/\/www.ivinio.com\/fr\/#organization"},"potentialAction":[{"@type":"SearchAction","target":{"@type":"EntryPoint","urlTemplate":"https:\/\/www.ivinio.com\/fr\/?s={search_term_string}"},"query-input":{"@type":"PropertyValueSpecification","valueRequired":true,"valueName":"search_term_string"}}],"inLanguage":"fr-FR"},{"@type":"Organization","@id":"https:\/\/www.ivinio.com\/fr\/#organization","name":"IVINIO","url":"https:\/\/www.ivinio.com\/fr\/","logo":{"@type":"ImageObject","inLanguage":"fr-FR","@id":"https:\/\/www.ivinio.com\/fr\/#\/schema\/logo\/image\/","url":"https:\/\/www.ivinio.com\/wp-content\/uploads\/2021\/01\/Logo-Ivinio-v2.jpg","contentUrl":"https:\/\/www.ivinio.com\/wp-content\/uploads\/2021\/01\/Logo-Ivinio-v2.jpg","width":1194,"height":1194,"caption":"IVINIO"},"image":{"@id":"https:\/\/www.ivinio.com\/fr\/#\/schema\/logo\/image\/"},"sameAs":["https:\/\/www.facebook.com\/groups\/165217837022391\/?ref=bookmarks","https:\/\/www.instagram.com\/_ivinio_\/?hl=fr"]}]}},"jetpack_sharing_enabled":true,"_links":{"self":[{"href":"https:\/\/www.ivinio.com\/fr\/wp-json\/wp\/v2\/product\/121819","targetHints":{"allow":["GET"]}}],"collection":[{"href":"https:\/\/www.ivinio.com\/fr\/wp-json\/wp\/v2\/product"}],"about":[{"href":"https:\/\/www.ivinio.com\/fr\/wp-json\/wp\/v2\/types\/product"}],"replies":[{"embeddable":true,"href":"https:\/\/www.ivinio.com\/fr\/wp-json\/wp\/v2\/comments?post=121819"}],"wp:featuredmedia":[{"embeddable":true,"href":"https:\/\/www.ivinio.com\/fr\/wp-json\/wp\/v2\/media\/121822"}],"wp:attachment":[{"href":"https:\/\/www.ivinio.com\/fr\/wp-json\/wp\/v2\/media?parent=121819"}],"wp:term":[{"taxonomy":"product_brand","embeddable":true,"href":"https:\/\/www.ivinio.com\/fr\/wp-json\/wp\/v2\/product_brand?post=121819"},{"taxonomy":"product_cat","embeddable":true,"href":"https:\/\/www.ivinio.com\/fr\/wp-json\/wp\/v2\/product_cat?post=121819"},{"taxonomy":"product_tag","embeddable":true,"href":"https:\/\/www.ivinio.com\/fr\/wp-json\/wp\/v2\/product_tag?post=121819"}],"curies":[{"name":"wp","href":"https:\/\/api.w.org\/{rel}","templated":true}]}}