{"id":121814,"date":"2019-07-17T17:47:33","date_gmt":"2019-07-17T17:47:33","guid":{"rendered":"https:\/\/henrik.www.ivinio.com\/?product=prunotto-barbera-dasti-fiulot-rouge"},"modified":"2023-04-01T12:49:02","modified_gmt":"2023-04-01T10:49:02","slug":"prunotto-barbera-dasti-fiulot-rouge","status":"publish","type":"product","link":"https:\/\/www.ivinio.com\/fr\/produit\/prunotto-barbera-dasti-fiulot-rouge\/","title":{"rendered":"Prunotto &#8211; Barbera d&#8217;Asti &#8211; Fiulot &#8211; Rouge"},"content":{"rendered":"<p>&#8220;Fiulot&#8221; signifie gar\u00e7on en dialecte pi\u00e9montais. Ce Prunotto &#8211; Barbera d&#8217;Asti &#8211; Fiulot &#8211; Rouge est compos\u00e9 de 100% de Barbera. Les vendanges se font g\u00e9n\u00e9ralement dans la premi\u00e8re partie de septembre. Les raisins sont l\u00e9g\u00e8rement \u00e9cras\u00e9s puis ferment\u00e9s pendant 8 jours \u00e0 une temp\u00e9rature maximale de 28 \u00b0 C. La fermentation malolactique dure jusqu&#8217;\u00e0 la fin de l&#8217;hiver. Elevage dans des cuves en acier pendant quelques mois avant la mise en bouteille du vin au printemps.<\/p>\n","protected":false},"excerpt":{"rendered":"<p>Fiulot est un Barbera d&#8217;Asti de Prunotto, un vin rouge fruit\u00e9 et cors\u00e9 avec des notes de prune et de cerise. Un vin qui convient \u00e0 tout types de plats, volontiers avec une touche italienne !<\/p>\n","protected":false},"featured_media":130730,"comment_status":"open","ping_status":"closed","template":"","meta":{"_monsterinsights_skip_tracking":false,"_monsterinsights_sitenote_active":false,"_monsterinsights_sitenote_note":"","_monsterinsights_sitenote_category":0,"_uf_show_specific_survey":0,"_uf_disable_surveys":false},"product_brand":[],"product_cat":[36598,36589],"product_tag":[],"class_list":{"0":"post-121814","1":"product","2":"type-product","3":"status-publish","4":"has-post-thumbnail","6":"product_cat-fr-piemont","7":"product_cat-vins-italiens","8":"pa_alcohol-degree-14-fr","9":"pa_classification-docg-barbera-dasti-fr","10":"pa_color-rouge-fr","11":"pa_country-italie-fr","12":"pa_grape-variety-barbera-fr","13":"pa_region-piemont-fr","14":"pa_storage-potential-7-ans","15":"pa_vintage-2021-fr","16":"pa_volume-75-cl-fr","18":"first","19":"instock","20":"taxable","21":"shipping-taxable","22":"purchasable","23":"product-type-simple"},"bundled_by":[],"bundle_stock_status":"instock","bundle_stock_quantity":null,"bundle_virtual":false,"bundle_layout":"","bundle_add_to_cart_form_location":"","bundle_editable_in_cart":false,"bundle_sold_individually_context":"","bundle_item_grouping":"","bundle_min_size":"","bundle_max_size":"","bundle_price":[],"bundled_items":[],"bundle_sell_ids":[],"yoast_head":"<!-- This site is optimized with the Yoast SEO plugin v27.3 - https:\/\/yoast.com\/product\/yoast-seo-wordpress\/ -->\n<title>Prunotto - Barbera d&#039;Asti - Fiulot - Rouge - IVINIO Wine Shop<\/title>\n<meta name=\"description\" content=\"Prunotto - Barbera d&#039;Asti - Fiulot - Rouge. Fruit\u00e9 et cors\u00e9 avec des notes de prune et de cerise. Ce vin parfait convient \u00e0 la plupart des plats.\" \/>\n<meta name=\"robots\" content=\"index, follow, max-snippet:-1, max-image-preview:large, max-video-preview:-1\" \/>\n<link rel=\"canonical\" href=\"https:\/\/www.ivinio.com\/fr\/produit\/prunotto-barbera-dasti-fiulot-rouge\/\" \/>\n<meta property=\"og:locale\" content=\"fr_FR\" \/>\n<meta property=\"og:type\" content=\"article\" \/>\n<meta property=\"og:title\" content=\"Prunotto - Barbera d&#039;Asti - Fiulot - Rouge - IVINIO Wine Shop\" \/>\n<meta property=\"og:description\" content=\"Prunotto - Barbera d&#039;Asti - Fiulot - Rouge. Fruit\u00e9 et cors\u00e9 avec des notes de prune et de cerise. Ce vin parfait convient \u00e0 la plupart des plats.\" \/>\n<meta property=\"og:url\" content=\"https:\/\/www.ivinio.com\/fr\/produit\/prunotto-barbera-dasti-fiulot-rouge\/\" \/>\n<meta property=\"og:site_name\" content=\"IVINIO Wine Shop\" \/>\n<meta property=\"article:publisher\" content=\"https:\/\/www.facebook.com\/groups\/165217837022391\/?ref=bookmarks\" \/>\n<meta property=\"article:modified_time\" content=\"2023-04-01T10:49:02+00:00\" \/>\n<meta property=\"og:image\" content=\"https:\/\/www.ivinio.com\/wp-content\/uploads\/nc\/public\/modules\/file\/pictures\/7064.Prunotto-Fiulot-barbera-d-asti-IVINIO.jpg\" \/>\n\t<meta property=\"og:image:width\" content=\"500\" \/>\n\t<meta property=\"og:image:height\" content=\"500\" \/>\n\t<meta property=\"og:image:type\" content=\"image\/jpeg\" \/>\n<meta name=\"twitter:card\" content=\"summary_large_image\" \/>\n<script type=\"application\/ld+json\" class=\"yoast-schema-graph\">{\"@context\":\"https:\\\/\\\/schema.org\",\"@graph\":[{\"@type\":\"WebPage\",\"@id\":\"https:\\\/\\\/www.ivinio.com\\\/fr\\\/produit\\\/prunotto-barbera-dasti-fiulot-rouge\\\/\",\"url\":\"https:\\\/\\\/www.ivinio.com\\\/fr\\\/produit\\\/prunotto-barbera-dasti-fiulot-rouge\\\/\",\"name\":\"Prunotto - Barbera d'Asti - Fiulot - Rouge - IVINIO Wine Shop\",\"isPartOf\":{\"@id\":\"https:\\\/\\\/www.ivinio.com\\\/fr\\\/#website\"},\"primaryImageOfPage\":{\"@id\":\"https:\\\/\\\/www.ivinio.com\\\/fr\\\/produit\\\/prunotto-barbera-dasti-fiulot-rouge\\\/#primaryimage\"},\"image\":{\"@id\":\"https:\\\/\\\/www.ivinio.com\\\/fr\\\/produit\\\/prunotto-barbera-dasti-fiulot-rouge\\\/#primaryimage\"},\"thumbnailUrl\":\"https:\\\/\\\/www.ivinio.com\\\/wp-content\\\/uploads\\\/nc\\\/public\\\/modules\\\/file\\\/pictures\\\/7064.Prunotto-Fiulot-barbera-d-asti-IVINIO.jpg\",\"datePublished\":\"2019-07-17T17:47:33+00:00\",\"dateModified\":\"2023-04-01T10:49:02+00:00\",\"description\":\"Prunotto - Barbera d'Asti - Fiulot - Rouge. Fruit\u00e9 et cors\u00e9 avec des notes de prune et de cerise. Ce vin parfait convient \u00e0 la plupart des plats.\",\"breadcrumb\":{\"@id\":\"https:\\\/\\\/www.ivinio.com\\\/fr\\\/produit\\\/prunotto-barbera-dasti-fiulot-rouge\\\/#breadcrumb\"},\"inLanguage\":\"fr-FR\",\"potentialAction\":[{\"@type\":\"ReadAction\",\"target\":[\"https:\\\/\\\/www.ivinio.com\\\/fr\\\/produit\\\/prunotto-barbera-dasti-fiulot-rouge\\\/\"]}]},{\"@type\":\"ImageObject\",\"inLanguage\":\"fr-FR\",\"@id\":\"https:\\\/\\\/www.ivinio.com\\\/fr\\\/produit\\\/prunotto-barbera-dasti-fiulot-rouge\\\/#primaryimage\",\"url\":\"https:\\\/\\\/www.ivinio.com\\\/wp-content\\\/uploads\\\/nc\\\/public\\\/modules\\\/file\\\/pictures\\\/7064.Prunotto-Fiulot-barbera-d-asti-IVINIO.jpg\",\"contentUrl\":\"https:\\\/\\\/www.ivinio.com\\\/wp-content\\\/uploads\\\/nc\\\/public\\\/modules\\\/file\\\/pictures\\\/7064.Prunotto-Fiulot-barbera-d-asti-IVINIO.jpg\",\"width\":500,\"height\":500,\"caption\":\"Prunotto - Barbera d'Asti - Fiulot\"},{\"@type\":\"BreadcrumbList\",\"@id\":\"https:\\\/\\\/www.ivinio.com\\\/fr\\\/produit\\\/prunotto-barbera-dasti-fiulot-rouge\\\/#breadcrumb\",\"itemListElement\":[{\"@type\":\"ListItem\",\"position\":1,\"name\":\"Home\",\"item\":\"https:\\\/\\\/www.ivinio.com\\\/fr\\\/\"},{\"@type\":\"ListItem\",\"position\":2,\"name\":\"Boutique de vin\",\"item\":\"https:\\\/\\\/www.ivinio.com\\\/fr\\\/boutique-de-vin\\\/\"},{\"@type\":\"ListItem\",\"position\":3,\"name\":\"Prunotto &#8211; Barbera d&#8217;Asti &#8211; Fiulot &#8211; Rouge\"}]},{\"@type\":\"WebSite\",\"@id\":\"https:\\\/\\\/www.ivinio.com\\\/fr\\\/#website\",\"url\":\"https:\\\/\\\/www.ivinio.com\\\/fr\\\/\",\"name\":\"IVINIO Wine Shop\",\"description\":\"French and Italian wines with delivery to your door\",\"publisher\":{\"@id\":\"https:\\\/\\\/www.ivinio.com\\\/fr\\\/#organization\"},\"potentialAction\":[{\"@type\":\"SearchAction\",\"target\":{\"@type\":\"EntryPoint\",\"urlTemplate\":\"https:\\\/\\\/www.ivinio.com\\\/fr\\\/?s={search_term_string}\"},\"query-input\":{\"@type\":\"PropertyValueSpecification\",\"valueRequired\":true,\"valueName\":\"search_term_string\"}}],\"inLanguage\":\"fr-FR\"},{\"@type\":\"Organization\",\"@id\":\"https:\\\/\\\/www.ivinio.com\\\/fr\\\/#organization\",\"name\":\"IVINIO\",\"url\":\"https:\\\/\\\/www.ivinio.com\\\/fr\\\/\",\"logo\":{\"@type\":\"ImageObject\",\"inLanguage\":\"fr-FR\",\"@id\":\"https:\\\/\\\/www.ivinio.com\\\/fr\\\/#\\\/schema\\\/logo\\\/image\\\/\",\"url\":\"https:\\\/\\\/www.ivinio.com\\\/wp-content\\\/uploads\\\/2021\\\/01\\\/Logo-Ivinio-v2.jpg\",\"contentUrl\":\"https:\\\/\\\/www.ivinio.com\\\/wp-content\\\/uploads\\\/2021\\\/01\\\/Logo-Ivinio-v2.jpg\",\"width\":1194,\"height\":1194,\"caption\":\"IVINIO\"},\"image\":{\"@id\":\"https:\\\/\\\/www.ivinio.com\\\/fr\\\/#\\\/schema\\\/logo\\\/image\\\/\"},\"sameAs\":[\"https:\\\/\\\/www.facebook.com\\\/groups\\\/165217837022391\\\/?ref=bookmarks\",\"https:\\\/\\\/www.instagram.com\\\/_ivinio_\\\/?hl=fr\"]}]}<\/script>\n<!-- \/ Yoast SEO plugin. -->","yoast_head_json":{"title":"Prunotto - Barbera d'Asti - Fiulot - Rouge - IVINIO Wine Shop","description":"Prunotto - Barbera d'Asti - Fiulot - Rouge. Fruit\u00e9 et cors\u00e9 avec des notes de prune et de cerise. Ce vin parfait convient \u00e0 la plupart des plats.","robots":{"index":"index","follow":"follow","max-snippet":"max-snippet:-1","max-image-preview":"max-image-preview:large","max-video-preview":"max-video-preview:-1"},"canonical":"https:\/\/www.ivinio.com\/fr\/produit\/prunotto-barbera-dasti-fiulot-rouge\/","og_locale":"fr_FR","og_type":"article","og_title":"Prunotto - Barbera d'Asti - Fiulot - Rouge - IVINIO Wine Shop","og_description":"Prunotto - Barbera d'Asti - Fiulot - Rouge. Fruit\u00e9 et cors\u00e9 avec des notes de prune et de cerise. Ce vin parfait convient \u00e0 la plupart des plats.","og_url":"https:\/\/www.ivinio.com\/fr\/produit\/prunotto-barbera-dasti-fiulot-rouge\/","og_site_name":"IVINIO Wine Shop","article_publisher":"https:\/\/www.facebook.com\/groups\/165217837022391\/?ref=bookmarks","article_modified_time":"2023-04-01T10:49:02+00:00","og_image":[{"width":500,"height":500,"url":"https:\/\/www.ivinio.com\/wp-content\/uploads\/nc\/public\/modules\/file\/pictures\/7064.Prunotto-Fiulot-barbera-d-asti-IVINIO.jpg","type":"image\/jpeg"}],"twitter_card":"summary_large_image","schema":{"@context":"https:\/\/schema.org","@graph":[{"@type":"WebPage","@id":"https:\/\/www.ivinio.com\/fr\/produit\/prunotto-barbera-dasti-fiulot-rouge\/","url":"https:\/\/www.ivinio.com\/fr\/produit\/prunotto-barbera-dasti-fiulot-rouge\/","name":"Prunotto - Barbera d'Asti - Fiulot - Rouge - IVINIO Wine Shop","isPartOf":{"@id":"https:\/\/www.ivinio.com\/fr\/#website"},"primaryImageOfPage":{"@id":"https:\/\/www.ivinio.com\/fr\/produit\/prunotto-barbera-dasti-fiulot-rouge\/#primaryimage"},"image":{"@id":"https:\/\/www.ivinio.com\/fr\/produit\/prunotto-barbera-dasti-fiulot-rouge\/#primaryimage"},"thumbnailUrl":"https:\/\/www.ivinio.com\/wp-content\/uploads\/nc\/public\/modules\/file\/pictures\/7064.Prunotto-Fiulot-barbera-d-asti-IVINIO.jpg","datePublished":"2019-07-17T17:47:33+00:00","dateModified":"2023-04-01T10:49:02+00:00","description":"Prunotto - Barbera d'Asti - Fiulot - Rouge. Fruit\u00e9 et cors\u00e9 avec des notes de prune et de cerise. Ce vin parfait convient \u00e0 la plupart des plats.","breadcrumb":{"@id":"https:\/\/www.ivinio.com\/fr\/produit\/prunotto-barbera-dasti-fiulot-rouge\/#breadcrumb"},"inLanguage":"fr-FR","potentialAction":[{"@type":"ReadAction","target":["https:\/\/www.ivinio.com\/fr\/produit\/prunotto-barbera-dasti-fiulot-rouge\/"]}]},{"@type":"ImageObject","inLanguage":"fr-FR","@id":"https:\/\/www.ivinio.com\/fr\/produit\/prunotto-barbera-dasti-fiulot-rouge\/#primaryimage","url":"https:\/\/www.ivinio.com\/wp-content\/uploads\/nc\/public\/modules\/file\/pictures\/7064.Prunotto-Fiulot-barbera-d-asti-IVINIO.jpg","contentUrl":"https:\/\/www.ivinio.com\/wp-content\/uploads\/nc\/public\/modules\/file\/pictures\/7064.Prunotto-Fiulot-barbera-d-asti-IVINIO.jpg","width":500,"height":500,"caption":"Prunotto - Barbera d'Asti - Fiulot"},{"@type":"BreadcrumbList","@id":"https:\/\/www.ivinio.com\/fr\/produit\/prunotto-barbera-dasti-fiulot-rouge\/#breadcrumb","itemListElement":[{"@type":"ListItem","position":1,"name":"Home","item":"https:\/\/www.ivinio.com\/fr\/"},{"@type":"ListItem","position":2,"name":"Boutique de vin","item":"https:\/\/www.ivinio.com\/fr\/boutique-de-vin\/"},{"@type":"ListItem","position":3,"name":"Prunotto &#8211; Barbera d&#8217;Asti &#8211; Fiulot &#8211; Rouge"}]},{"@type":"WebSite","@id":"https:\/\/www.ivinio.com\/fr\/#website","url":"https:\/\/www.ivinio.com\/fr\/","name":"IVINIO Wine Shop","description":"French and Italian wines with delivery to your door","publisher":{"@id":"https:\/\/www.ivinio.com\/fr\/#organization"},"potentialAction":[{"@type":"SearchAction","target":{"@type":"EntryPoint","urlTemplate":"https:\/\/www.ivinio.com\/fr\/?s={search_term_string}"},"query-input":{"@type":"PropertyValueSpecification","valueRequired":true,"valueName":"search_term_string"}}],"inLanguage":"fr-FR"},{"@type":"Organization","@id":"https:\/\/www.ivinio.com\/fr\/#organization","name":"IVINIO","url":"https:\/\/www.ivinio.com\/fr\/","logo":{"@type":"ImageObject","inLanguage":"fr-FR","@id":"https:\/\/www.ivinio.com\/fr\/#\/schema\/logo\/image\/","url":"https:\/\/www.ivinio.com\/wp-content\/uploads\/2021\/01\/Logo-Ivinio-v2.jpg","contentUrl":"https:\/\/www.ivinio.com\/wp-content\/uploads\/2021\/01\/Logo-Ivinio-v2.jpg","width":1194,"height":1194,"caption":"IVINIO"},"image":{"@id":"https:\/\/www.ivinio.com\/fr\/#\/schema\/logo\/image\/"},"sameAs":["https:\/\/www.facebook.com\/groups\/165217837022391\/?ref=bookmarks","https:\/\/www.instagram.com\/_ivinio_\/?hl=fr"]}]}},"jetpack_sharing_enabled":true,"_links":{"self":[{"href":"https:\/\/www.ivinio.com\/fr\/wp-json\/wp\/v2\/product\/121814","targetHints":{"allow":["GET"]}}],"collection":[{"href":"https:\/\/www.ivinio.com\/fr\/wp-json\/wp\/v2\/product"}],"about":[{"href":"https:\/\/www.ivinio.com\/fr\/wp-json\/wp\/v2\/types\/product"}],"replies":[{"embeddable":true,"href":"https:\/\/www.ivinio.com\/fr\/wp-json\/wp\/v2\/comments?post=121814"}],"wp:featuredmedia":[{"embeddable":true,"href":"https:\/\/www.ivinio.com\/fr\/wp-json\/wp\/v2\/media\/130730"}],"wp:attachment":[{"href":"https:\/\/www.ivinio.com\/fr\/wp-json\/wp\/v2\/media?parent=121814"}],"wp:term":[{"taxonomy":"product_brand","embeddable":true,"href":"https:\/\/www.ivinio.com\/fr\/wp-json\/wp\/v2\/product_brand?post=121814"},{"taxonomy":"product_cat","embeddable":true,"href":"https:\/\/www.ivinio.com\/fr\/wp-json\/wp\/v2\/product_cat?post=121814"},{"taxonomy":"product_tag","embeddable":true,"href":"https:\/\/www.ivinio.com\/fr\/wp-json\/wp\/v2\/product_tag?post=121814"}],"curies":[{"name":"wp","href":"https:\/\/api.w.org\/{rel}","templated":true}]}}