{"id":121799,"date":"2019-07-17T12:08:00","date_gmt":"2019-07-17T12:08:00","guid":{"rendered":"https:\/\/henrik.www.ivinio.com\/?product=berlucchi-61-franciacorta-rose"},"modified":"2024-03-28T19:16:35","modified_gmt":"2024-03-28T18:16:35","slug":"berlucchi-61-franciacorta-rose","status":"publish","type":"product","link":"https:\/\/www.ivinio.com\/fr\/produit\/berlucchi-61-franciacorta-rose\/","title":{"rendered":"Berlucchi &#8211; &#8217;61 Franciacorta &#8211; Ros\u00e9"},"content":{"rendered":"<p>Berlucchi &#8211; &#8217;61 Franciacorta &#8211; Ros\u00e9 est compos\u00e9 de pinot noir (70%) et de chardonnay (30%), cultiv\u00e9s dans les vignobles les plus appropri\u00e9s des 19 communes de Franciacorta. Les raisins sont r\u00e9colt\u00e9s la deuxi\u00e8me quinzaine du mois d&#8217;ao\u00fbt. Les raisins sont ensuite press\u00e9s d\u00e9licatement et progressivement et le mo\u00fbt est ferment\u00e9 dans des cuves en acier. Les raisins de pinot noir mac\u00e8rent avec les peaux (avant que les peaux ne soient s\u00e9par\u00e9es du mo\u00fbt) quelques heures pour donner de la couleur et des ar\u00f4mes. Au printemps l&#8217;ann\u00e9e suivante, le vin est mis en bouteille et la deuxi\u00e8me fermentation commence. Le vin est gard\u00e9 avec les r\u00e9sidus de levure pendant 24 mois, puis 2 autres mois apr\u00e8s le d\u00e9gorgement.<\/p>\n","protected":false},"excerpt":{"rendered":"<p>&#8217;61 Ros\u00e9 de Berlucchi est un Franciacorta ros\u00e9, rond et fruit\u00e9, dos\u00e9 \u00e0 8g \/ L. Servir \u00e0 l&#8217;ap\u00e9ritif ou avec des charcuteries et des fromages.<\/p>\n","protected":false},"featured_media":135117,"comment_status":"open","ping_status":"closed","template":"","meta":{"_monsterinsights_skip_tracking":false,"_monsterinsights_sitenote_active":false,"_monsterinsights_sitenote_note":"","_monsterinsights_sitenote_category":0,"_uf_show_specific_survey":0,"_uf_disable_surveys":false},"product_brand":[],"product_cat":[36657,36591],"product_tag":[],"class_list":{"0":"post-121799","1":"product","2":"type-product","3":"status-publish","4":"has-post-thumbnail","6":"product_cat-sv-lombardiet","7":"product_cat-italienska-viner","8":"pa_alcohol-degree-12-sv","9":"pa_classification-aop-franciacorta-sv","10":"pa_color-mousserande-sv","11":"pa_country-italien-sv","12":"pa_grape-variety-chardonnay-sv","13":"pa_grape-variety-pinot-noir-sv","14":"pa_region-lombardiet-sv","15":"pa_storage-potential-3-ar-sv","16":"pa_volume-75-cl-sv","18":"first","19":"instock","20":"taxable","21":"shipping-taxable","22":"purchasable","23":"product-type-simple"},"bundled_by":[],"bundle_stock_status":"instock","bundle_stock_quantity":null,"bundle_virtual":false,"bundle_layout":"","bundle_add_to_cart_form_location":"","bundle_editable_in_cart":false,"bundle_sold_individually_context":"","bundle_item_grouping":"","bundle_min_size":"","bundle_max_size":"","bundle_price":[],"bundled_items":[],"bundle_sell_ids":[],"yoast_head":"<!-- This site is optimized with the Yoast SEO plugin v27.4 - https:\/\/yoast.com\/product\/yoast-seo-wordpress\/ -->\n<title>Achetez Berlucchi - &#039;61 Franciacorta - Ros\u00e9 - IVINIO Caviste<\/title>\n<meta name=\"description\" content=\"Acheter Berlucchi - &#039;61 Franciacorta - Ros\u00e9. Un Franciacorta ros\u00e9, rond et fruit\u00e9, dos\u00e9 \u00e0 8g \/ L. A l&#039;ap\u00e9ritif ou avec charcuteries\/fromages.\" \/>\n<meta name=\"robots\" content=\"index, follow, max-snippet:-1, max-image-preview:large, max-video-preview:-1\" \/>\n<link rel=\"canonical\" href=\"https:\/\/www.ivinio.com\/fr\/produit\/berlucchi-61-franciacorta-rose\/\" \/>\n<meta property=\"og:locale\" content=\"fr_FR\" \/>\n<meta property=\"og:type\" content=\"article\" \/>\n<meta property=\"og:title\" content=\"Achetez Berlucchi - &#039;61 Franciacorta - Ros\u00e9 - IVINIO Caviste\" \/>\n<meta property=\"og:description\" content=\"Acheter Berlucchi - &#039;61 Franciacorta - Ros\u00e9. Un Franciacorta ros\u00e9, rond et fruit\u00e9, dos\u00e9 \u00e0 8g \/ L. A l&#039;ap\u00e9ritif ou avec charcuteries\/fromages.\" \/>\n<meta property=\"og:url\" content=\"https:\/\/www.ivinio.com\/fr\/produit\/berlucchi-61-franciacorta-rose\/\" \/>\n<meta property=\"og:site_name\" content=\"IVINIO Caviste\" \/>\n<meta property=\"article:publisher\" content=\"https:\/\/www.facebook.com\/groups\/165217837022391\/?ref=bookmarks\" \/>\n<meta property=\"article:modified_time\" content=\"2024-03-28T18:16:35+00:00\" \/>\n<meta property=\"og:image\" content=\"https:\/\/www.ivinio.com\/wp-content\/uploads\/2019\/07\/Berlucchi-61-rose-IVINIO-1.jpg\" \/>\n\t<meta property=\"og:image:width\" content=\"500\" \/>\n\t<meta property=\"og:image:height\" content=\"500\" \/>\n\t<meta property=\"og:image:type\" content=\"image\/jpeg\" \/>\n<meta name=\"twitter:card\" content=\"summary_large_image\" \/>\n<meta name=\"twitter:label1\" content=\"Dur\u00e9e de lecture estim\u00e9e\" \/>\n\t<meta name=\"twitter:data1\" content=\"1 minute\" \/>\n<script type=\"application\/ld+json\" class=\"yoast-schema-graph\">{\"@context\":\"https:\\\/\\\/schema.org\",\"@graph\":[{\"@type\":\"WebPage\",\"@id\":\"https:\\\/\\\/www.ivinio.com\\\/fr\\\/produit\\\/berlucchi-61-franciacorta-rose\\\/\",\"url\":\"https:\\\/\\\/www.ivinio.com\\\/fr\\\/produit\\\/berlucchi-61-franciacorta-rose\\\/\",\"name\":\"Achetez Berlucchi - '61 Franciacorta - Ros\u00e9 - IVINIO Caviste\",\"isPartOf\":{\"@id\":\"https:\\\/\\\/www.ivinio.com\\\/fr\\\/#website\"},\"primaryImageOfPage\":{\"@id\":\"https:\\\/\\\/www.ivinio.com\\\/fr\\\/produit\\\/berlucchi-61-franciacorta-rose\\\/#primaryimage\"},\"image\":{\"@id\":\"https:\\\/\\\/www.ivinio.com\\\/fr\\\/produit\\\/berlucchi-61-franciacorta-rose\\\/#primaryimage\"},\"thumbnailUrl\":\"https:\\\/\\\/www.ivinio.com\\\/wp-content\\\/uploads\\\/2019\\\/07\\\/Berlucchi-61-rose-IVINIO-1.jpg\",\"datePublished\":\"2019-07-17T12:08:00+00:00\",\"dateModified\":\"2024-03-28T18:16:35+00:00\",\"description\":\"Acheter Berlucchi - '61 Franciacorta - Ros\u00e9. Un Franciacorta ros\u00e9, rond et fruit\u00e9, dos\u00e9 \u00e0 8g \\\/ L. A l'ap\u00e9ritif ou avec charcuteries\\\/fromages.\",\"breadcrumb\":{\"@id\":\"https:\\\/\\\/www.ivinio.com\\\/fr\\\/produit\\\/berlucchi-61-franciacorta-rose\\\/#breadcrumb\"},\"inLanguage\":\"fr-FR\",\"potentialAction\":[{\"@type\":\"ReadAction\",\"target\":[\"https:\\\/\\\/www.ivinio.com\\\/fr\\\/produit\\\/berlucchi-61-franciacorta-rose\\\/\"]}]},{\"@type\":\"ImageObject\",\"inLanguage\":\"fr-FR\",\"@id\":\"https:\\\/\\\/www.ivinio.com\\\/fr\\\/produit\\\/berlucchi-61-franciacorta-rose\\\/#primaryimage\",\"url\":\"https:\\\/\\\/www.ivinio.com\\\/wp-content\\\/uploads\\\/2019\\\/07\\\/Berlucchi-61-rose-IVINIO-1.jpg\",\"contentUrl\":\"https:\\\/\\\/www.ivinio.com\\\/wp-content\\\/uploads\\\/2019\\\/07\\\/Berlucchi-61-rose-IVINIO-1.jpg\",\"width\":500,\"height\":500},{\"@type\":\"BreadcrumbList\",\"@id\":\"https:\\\/\\\/www.ivinio.com\\\/fr\\\/produit\\\/berlucchi-61-franciacorta-rose\\\/#breadcrumb\",\"itemListElement\":[{\"@type\":\"ListItem\",\"position\":1,\"name\":\"Home\",\"item\":\"https:\\\/\\\/www.ivinio.com\\\/fr\\\/\"},{\"@type\":\"ListItem\",\"position\":2,\"name\":\"Boutique de vin\",\"item\":\"https:\\\/\\\/www.ivinio.com\\\/fr\\\/boutique-de-vin\\\/\"},{\"@type\":\"ListItem\",\"position\":3,\"name\":\"Berlucchi &#8211; &#8217;61 Franciacorta &#8211; Ros\u00e9\"}]},{\"@type\":\"WebSite\",\"@id\":\"https:\\\/\\\/www.ivinio.com\\\/fr\\\/#website\",\"url\":\"https:\\\/\\\/www.ivinio.com\\\/fr\\\/\",\"name\":\"IVINIO Caviste\",\"description\":\"Vins de France et d&#039;Italie avec livraison \u00e0 domicile\",\"publisher\":{\"@id\":\"https:\\\/\\\/www.ivinio.com\\\/fr\\\/#organization\"},\"potentialAction\":[{\"@type\":\"SearchAction\",\"target\":{\"@type\":\"EntryPoint\",\"urlTemplate\":\"https:\\\/\\\/www.ivinio.com\\\/fr\\\/?s={search_term_string}\"},\"query-input\":{\"@type\":\"PropertyValueSpecification\",\"valueRequired\":true,\"valueName\":\"search_term_string\"}}],\"inLanguage\":\"fr-FR\"},{\"@type\":\"Organization\",\"@id\":\"https:\\\/\\\/www.ivinio.com\\\/fr\\\/#organization\",\"name\":\"IVINIO\",\"url\":\"https:\\\/\\\/www.ivinio.com\\\/fr\\\/\",\"logo\":{\"@type\":\"ImageObject\",\"inLanguage\":\"fr-FR\",\"@id\":\"https:\\\/\\\/www.ivinio.com\\\/fr\\\/#\\\/schema\\\/logo\\\/image\\\/\",\"url\":\"https:\\\/\\\/www.ivinio.com\\\/wp-content\\\/uploads\\\/2021\\\/01\\\/Logo-Ivinio-v2.jpg\",\"contentUrl\":\"https:\\\/\\\/www.ivinio.com\\\/wp-content\\\/uploads\\\/2021\\\/01\\\/Logo-Ivinio-v2.jpg\",\"width\":1194,\"height\":1194,\"caption\":\"IVINIO\"},\"image\":{\"@id\":\"https:\\\/\\\/www.ivinio.com\\\/fr\\\/#\\\/schema\\\/logo\\\/image\\\/\"},\"sameAs\":[\"https:\\\/\\\/www.facebook.com\\\/groups\\\/165217837022391\\\/?ref=bookmarks\",\"https:\\\/\\\/www.instagram.com\\\/_ivinio_\\\/?hl=fr\"]}]}<\/script>\n<!-- \/ Yoast SEO plugin. -->","yoast_head_json":{"title":"Achetez Berlucchi - '61 Franciacorta - Ros\u00e9 - IVINIO Caviste","description":"Acheter Berlucchi - '61 Franciacorta - Ros\u00e9. Un Franciacorta ros\u00e9, rond et fruit\u00e9, dos\u00e9 \u00e0 8g \/ L. A l'ap\u00e9ritif ou avec charcuteries\/fromages.","robots":{"index":"index","follow":"follow","max-snippet":"max-snippet:-1","max-image-preview":"max-image-preview:large","max-video-preview":"max-video-preview:-1"},"canonical":"https:\/\/www.ivinio.com\/fr\/produit\/berlucchi-61-franciacorta-rose\/","og_locale":"fr_FR","og_type":"article","og_title":"Achetez Berlucchi - '61 Franciacorta - Ros\u00e9 - IVINIO Caviste","og_description":"Acheter Berlucchi - '61 Franciacorta - Ros\u00e9. Un Franciacorta ros\u00e9, rond et fruit\u00e9, dos\u00e9 \u00e0 8g \/ L. A l'ap\u00e9ritif ou avec charcuteries\/fromages.","og_url":"https:\/\/www.ivinio.com\/fr\/produit\/berlucchi-61-franciacorta-rose\/","og_site_name":"IVINIO Caviste","article_publisher":"https:\/\/www.facebook.com\/groups\/165217837022391\/?ref=bookmarks","article_modified_time":"2024-03-28T18:16:35+00:00","og_image":[{"width":500,"height":500,"url":"https:\/\/www.ivinio.com\/wp-content\/uploads\/2019\/07\/Berlucchi-61-rose-IVINIO-1.jpg","type":"image\/jpeg"}],"twitter_card":"summary_large_image","twitter_misc":{"Dur\u00e9e de lecture estim\u00e9e":"1 minute"},"schema":{"@context":"https:\/\/schema.org","@graph":[{"@type":"WebPage","@id":"https:\/\/www.ivinio.com\/fr\/produit\/berlucchi-61-franciacorta-rose\/","url":"https:\/\/www.ivinio.com\/fr\/produit\/berlucchi-61-franciacorta-rose\/","name":"Achetez Berlucchi - '61 Franciacorta - Ros\u00e9 - IVINIO Caviste","isPartOf":{"@id":"https:\/\/www.ivinio.com\/fr\/#website"},"primaryImageOfPage":{"@id":"https:\/\/www.ivinio.com\/fr\/produit\/berlucchi-61-franciacorta-rose\/#primaryimage"},"image":{"@id":"https:\/\/www.ivinio.com\/fr\/produit\/berlucchi-61-franciacorta-rose\/#primaryimage"},"thumbnailUrl":"https:\/\/www.ivinio.com\/wp-content\/uploads\/2019\/07\/Berlucchi-61-rose-IVINIO-1.jpg","datePublished":"2019-07-17T12:08:00+00:00","dateModified":"2024-03-28T18:16:35+00:00","description":"Acheter Berlucchi - '61 Franciacorta - Ros\u00e9. Un Franciacorta ros\u00e9, rond et fruit\u00e9, dos\u00e9 \u00e0 8g \/ L. A l'ap\u00e9ritif ou avec charcuteries\/fromages.","breadcrumb":{"@id":"https:\/\/www.ivinio.com\/fr\/produit\/berlucchi-61-franciacorta-rose\/#breadcrumb"},"inLanguage":"fr-FR","potentialAction":[{"@type":"ReadAction","target":["https:\/\/www.ivinio.com\/fr\/produit\/berlucchi-61-franciacorta-rose\/"]}]},{"@type":"ImageObject","inLanguage":"fr-FR","@id":"https:\/\/www.ivinio.com\/fr\/produit\/berlucchi-61-franciacorta-rose\/#primaryimage","url":"https:\/\/www.ivinio.com\/wp-content\/uploads\/2019\/07\/Berlucchi-61-rose-IVINIO-1.jpg","contentUrl":"https:\/\/www.ivinio.com\/wp-content\/uploads\/2019\/07\/Berlucchi-61-rose-IVINIO-1.jpg","width":500,"height":500},{"@type":"BreadcrumbList","@id":"https:\/\/www.ivinio.com\/fr\/produit\/berlucchi-61-franciacorta-rose\/#breadcrumb","itemListElement":[{"@type":"ListItem","position":1,"name":"Home","item":"https:\/\/www.ivinio.com\/fr\/"},{"@type":"ListItem","position":2,"name":"Boutique de vin","item":"https:\/\/www.ivinio.com\/fr\/boutique-de-vin\/"},{"@type":"ListItem","position":3,"name":"Berlucchi &#8211; &#8217;61 Franciacorta &#8211; Ros\u00e9"}]},{"@type":"WebSite","@id":"https:\/\/www.ivinio.com\/fr\/#website","url":"https:\/\/www.ivinio.com\/fr\/","name":"IVINIO Caviste","description":"Vins de France et d&#039;Italie avec livraison \u00e0 domicile","publisher":{"@id":"https:\/\/www.ivinio.com\/fr\/#organization"},"potentialAction":[{"@type":"SearchAction","target":{"@type":"EntryPoint","urlTemplate":"https:\/\/www.ivinio.com\/fr\/?s={search_term_string}"},"query-input":{"@type":"PropertyValueSpecification","valueRequired":true,"valueName":"search_term_string"}}],"inLanguage":"fr-FR"},{"@type":"Organization","@id":"https:\/\/www.ivinio.com\/fr\/#organization","name":"IVINIO","url":"https:\/\/www.ivinio.com\/fr\/","logo":{"@type":"ImageObject","inLanguage":"fr-FR","@id":"https:\/\/www.ivinio.com\/fr\/#\/schema\/logo\/image\/","url":"https:\/\/www.ivinio.com\/wp-content\/uploads\/2021\/01\/Logo-Ivinio-v2.jpg","contentUrl":"https:\/\/www.ivinio.com\/wp-content\/uploads\/2021\/01\/Logo-Ivinio-v2.jpg","width":1194,"height":1194,"caption":"IVINIO"},"image":{"@id":"https:\/\/www.ivinio.com\/fr\/#\/schema\/logo\/image\/"},"sameAs":["https:\/\/www.facebook.com\/groups\/165217837022391\/?ref=bookmarks","https:\/\/www.instagram.com\/_ivinio_\/?hl=fr"]}]}},"jetpack_sharing_enabled":true,"_links":{"self":[{"href":"https:\/\/www.ivinio.com\/fr\/wp-json\/wp\/v2\/product\/121799","targetHints":{"allow":["GET"]}}],"collection":[{"href":"https:\/\/www.ivinio.com\/fr\/wp-json\/wp\/v2\/product"}],"about":[{"href":"https:\/\/www.ivinio.com\/fr\/wp-json\/wp\/v2\/types\/product"}],"replies":[{"embeddable":true,"href":"https:\/\/www.ivinio.com\/fr\/wp-json\/wp\/v2\/comments?post=121799"}],"wp:featuredmedia":[{"embeddable":true,"href":"https:\/\/www.ivinio.com\/fr\/wp-json\/wp\/v2\/media\/135117"}],"wp:attachment":[{"href":"https:\/\/www.ivinio.com\/fr\/wp-json\/wp\/v2\/media?parent=121799"}],"wp:term":[{"taxonomy":"product_brand","embeddable":true,"href":"https:\/\/www.ivinio.com\/fr\/wp-json\/wp\/v2\/product_brand?post=121799"},{"taxonomy":"product_cat","embeddable":true,"href":"https:\/\/www.ivinio.com\/fr\/wp-json\/wp\/v2\/product_cat?post=121799"},{"taxonomy":"product_tag","embeddable":true,"href":"https:\/\/www.ivinio.com\/fr\/wp-json\/wp\/v2\/product_tag?post=121799"}],"curies":[{"name":"wp","href":"https:\/\/api.w.org\/{rel}","templated":true}]}}