{"id":121795,"date":"2019-07-17T12:08:00","date_gmt":"2019-07-17T12:08:00","guid":{"rendered":"https:\/\/henrik.www.ivinio.com\/?product=berlucchi-61-saten-franciacorta"},"modified":"2024-03-28T18:59:36","modified_gmt":"2024-03-28T17:59:36","slug":"berlucchi-61-saten-franciacorta","status":"publish","type":"product","link":"https:\/\/www.ivinio.com\/fr\/produit\/berlucchi-61-saten-franciacorta\/","title":{"rendered":"Berlucchi &#8211; &#8217;61 Sat\u00e8n Franciacorta"},"content":{"rendered":"<p>Berlucchi &#8211; &#8217;61 Sat\u00e8n Franciacorta est compos\u00e9 de Chardonnay (100%) cultiv\u00e9 dans les vignobles les plus appropri\u00e9s des 19 communes de Franciacorta. Les raisins sont r\u00e9colt\u00e9s la deuxi\u00e8me quinzaine d&#8217;ao\u00fbt. Les raisins sont ensuite press\u00e9s d\u00e9licatement et progressivement, le mo\u00fbt est ferment\u00e9 dans des cuves en acier. Au printemps l&#8217;ann\u00e9e suivante, le vin est mis en bouteille et la deuxi\u00e8me fermentation commence. Le vin est gard\u00e9 avec les r\u00e9sidus de levure pendant 24 mois, puis 2 autres mois apr\u00e8s le d\u00e9gorgement.<\/p>\n","protected":false},"excerpt":{"rendered":"<p>&#8217;61 Satin de Berlucchi est une Franciacorta ronde et fruit\u00e9e dos\u00e9e \u00e0 8g \/ L. Sat\u00e8n signifie que la pression dans la bouteille est limit\u00e9e \u00e0 5 bars.<\/p>\n","protected":false},"featured_media":135108,"comment_status":"open","ping_status":"closed","template":"","meta":{"_monsterinsights_skip_tracking":false,"_monsterinsights_sitenote_active":false,"_monsterinsights_sitenote_note":"","_monsterinsights_sitenote_category":0,"_uf_show_specific_survey":0,"_uf_disable_surveys":false},"product_brand":[],"product_cat":[36655,36589],"product_tag":[],"class_list":{"0":"post-121795","1":"product","2":"type-product","3":"status-publish","4":"has-post-thumbnail","6":"product_cat-fr-lombardie","7":"product_cat-vins-italiens","8":"pa_alcohol-degree-12-fr","9":"pa_classification-aop-franciacorta-fr","10":"pa_color-mousseux-fr","11":"pa_country-italie-fr","12":"pa_grape-variety-chardonnay-fr","13":"pa_region-lombardie-fr","14":"pa_storage-potential-quelques-annees-fr","15":"pa_volume-75-cl-fr","17":"first","18":"instock","19":"taxable","20":"shipping-taxable","21":"purchasable","22":"product-type-simple"},"bundled_by":[],"bundle_stock_status":"instock","bundle_stock_quantity":null,"bundle_virtual":false,"bundle_layout":"","bundle_add_to_cart_form_location":"","bundle_editable_in_cart":false,"bundle_sold_individually_context":"","bundle_item_grouping":"","bundle_min_size":"","bundle_max_size":"","bundle_price":[],"bundled_items":[],"bundle_sell_ids":[],"yoast_head":"<!-- This site is optimized with the Yoast SEO plugin v27.4 - https:\/\/yoast.com\/product\/yoast-seo-wordpress\/ -->\n<title>Achetez Berlucchi - &#039;61 Sat\u00e8n Franciacorta - IVINIO Caviste<\/title>\n<meta name=\"description\" content=\"Berlucchi - &#039;61 Sat\u00e8n Franciacorta, rond et fruit\u00e9, dos\u00e9e \u00e0 8g \/ L. Sat\u00e8n signifie que la pression dans la bouteille est limit\u00e9e \u00e0 5 bars. Servir \u00e0 l&#039;ap\u00e9ritif ou avec un risotto et ou des fromages \u00e0 semi-conserv\u00e9s.\" \/>\n<meta name=\"robots\" content=\"index, follow, max-snippet:-1, max-image-preview:large, max-video-preview:-1\" \/>\n<link rel=\"canonical\" href=\"https:\/\/www.ivinio.com\/fr\/produit\/berlucchi-61-saten-franciacorta\/\" \/>\n<meta property=\"og:locale\" content=\"fr_FR\" \/>\n<meta property=\"og:type\" content=\"article\" \/>\n<meta property=\"og:title\" content=\"Achetez Berlucchi - &#039;61 Sat\u00e8n Franciacorta - IVINIO Caviste\" \/>\n<meta property=\"og:description\" content=\"Berlucchi - &#039;61 Sat\u00e8n Franciacorta, rond et fruit\u00e9, dos\u00e9e \u00e0 8g \/ L. Sat\u00e8n signifie que la pression dans la bouteille est limit\u00e9e \u00e0 5 bars. Servir \u00e0 l&#039;ap\u00e9ritif ou avec un risotto et ou des fromages \u00e0 semi-conserv\u00e9s.\" \/>\n<meta property=\"og:url\" content=\"https:\/\/www.ivinio.com\/fr\/produit\/berlucchi-61-saten-franciacorta\/\" \/>\n<meta property=\"og:site_name\" content=\"IVINIO Caviste\" \/>\n<meta property=\"article:publisher\" content=\"https:\/\/www.facebook.com\/groups\/165217837022391\/?ref=bookmarks\" \/>\n<meta property=\"article:modified_time\" content=\"2024-03-28T17:59:36+00:00\" \/>\n<meta property=\"og:image\" content=\"https:\/\/www.ivinio.com\/wp-content\/uploads\/2019\/07\/Berlucchi-61-saten-IVINIO.jpg\" \/>\n\t<meta property=\"og:image:width\" content=\"500\" \/>\n\t<meta property=\"og:image:height\" content=\"500\" \/>\n\t<meta property=\"og:image:type\" content=\"image\/jpeg\" \/>\n<meta name=\"twitter:card\" content=\"summary_large_image\" \/>\n<meta name=\"twitter:label1\" content=\"Dur\u00e9e de lecture estim\u00e9e\" \/>\n\t<meta name=\"twitter:data1\" content=\"1 minute\" \/>\n<script type=\"application\/ld+json\" class=\"yoast-schema-graph\">{\"@context\":\"https:\\\/\\\/schema.org\",\"@graph\":[{\"@type\":\"WebPage\",\"@id\":\"https:\\\/\\\/www.ivinio.com\\\/fr\\\/produit\\\/berlucchi-61-saten-franciacorta\\\/\",\"url\":\"https:\\\/\\\/www.ivinio.com\\\/fr\\\/produit\\\/berlucchi-61-saten-franciacorta\\\/\",\"name\":\"Achetez Berlucchi - '61 Sat\u00e8n Franciacorta - IVINIO Caviste\",\"isPartOf\":{\"@id\":\"https:\\\/\\\/www.ivinio.com\\\/fr\\\/#website\"},\"primaryImageOfPage\":{\"@id\":\"https:\\\/\\\/www.ivinio.com\\\/fr\\\/produit\\\/berlucchi-61-saten-franciacorta\\\/#primaryimage\"},\"image\":{\"@id\":\"https:\\\/\\\/www.ivinio.com\\\/fr\\\/produit\\\/berlucchi-61-saten-franciacorta\\\/#primaryimage\"},\"thumbnailUrl\":\"https:\\\/\\\/www.ivinio.com\\\/wp-content\\\/uploads\\\/2019\\\/07\\\/Berlucchi-61-saten-IVINIO.jpg\",\"datePublished\":\"2019-07-17T12:08:00+00:00\",\"dateModified\":\"2024-03-28T17:59:36+00:00\",\"description\":\"Berlucchi - '61 Sat\u00e8n Franciacorta, rond et fruit\u00e9, dos\u00e9e \u00e0 8g \\\/ L. Sat\u00e8n signifie que la pression dans la bouteille est limit\u00e9e \u00e0 5 bars. Servir \u00e0 l'ap\u00e9ritif ou avec un risotto et ou des fromages \u00e0 semi-conserv\u00e9s.\",\"breadcrumb\":{\"@id\":\"https:\\\/\\\/www.ivinio.com\\\/fr\\\/produit\\\/berlucchi-61-saten-franciacorta\\\/#breadcrumb\"},\"inLanguage\":\"fr-FR\",\"potentialAction\":[{\"@type\":\"ReadAction\",\"target\":[\"https:\\\/\\\/www.ivinio.com\\\/fr\\\/produit\\\/berlucchi-61-saten-franciacorta\\\/\"]}]},{\"@type\":\"ImageObject\",\"inLanguage\":\"fr-FR\",\"@id\":\"https:\\\/\\\/www.ivinio.com\\\/fr\\\/produit\\\/berlucchi-61-saten-franciacorta\\\/#primaryimage\",\"url\":\"https:\\\/\\\/www.ivinio.com\\\/wp-content\\\/uploads\\\/2019\\\/07\\\/Berlucchi-61-saten-IVINIO.jpg\",\"contentUrl\":\"https:\\\/\\\/www.ivinio.com\\\/wp-content\\\/uploads\\\/2019\\\/07\\\/Berlucchi-61-saten-IVINIO.jpg\",\"width\":500,\"height\":500},{\"@type\":\"BreadcrumbList\",\"@id\":\"https:\\\/\\\/www.ivinio.com\\\/fr\\\/produit\\\/berlucchi-61-saten-franciacorta\\\/#breadcrumb\",\"itemListElement\":[{\"@type\":\"ListItem\",\"position\":1,\"name\":\"Home\",\"item\":\"https:\\\/\\\/www.ivinio.com\\\/fr\\\/\"},{\"@type\":\"ListItem\",\"position\":2,\"name\":\"Boutique de vin\",\"item\":\"https:\\\/\\\/www.ivinio.com\\\/fr\\\/boutique-de-vin\\\/\"},{\"@type\":\"ListItem\",\"position\":3,\"name\":\"Berlucchi &#8211; &#8217;61 Sat\u00e8n Franciacorta\"}]},{\"@type\":\"WebSite\",\"@id\":\"https:\\\/\\\/www.ivinio.com\\\/fr\\\/#website\",\"url\":\"https:\\\/\\\/www.ivinio.com\\\/fr\\\/\",\"name\":\"IVINIO Caviste\",\"description\":\"Vins de France et d&#039;Italie avec livraison \u00e0 domicile\",\"publisher\":{\"@id\":\"https:\\\/\\\/www.ivinio.com\\\/fr\\\/#organization\"},\"potentialAction\":[{\"@type\":\"SearchAction\",\"target\":{\"@type\":\"EntryPoint\",\"urlTemplate\":\"https:\\\/\\\/www.ivinio.com\\\/fr\\\/?s={search_term_string}\"},\"query-input\":{\"@type\":\"PropertyValueSpecification\",\"valueRequired\":true,\"valueName\":\"search_term_string\"}}],\"inLanguage\":\"fr-FR\"},{\"@type\":\"Organization\",\"@id\":\"https:\\\/\\\/www.ivinio.com\\\/fr\\\/#organization\",\"name\":\"IVINIO\",\"url\":\"https:\\\/\\\/www.ivinio.com\\\/fr\\\/\",\"logo\":{\"@type\":\"ImageObject\",\"inLanguage\":\"fr-FR\",\"@id\":\"https:\\\/\\\/www.ivinio.com\\\/fr\\\/#\\\/schema\\\/logo\\\/image\\\/\",\"url\":\"https:\\\/\\\/www.ivinio.com\\\/wp-content\\\/uploads\\\/2021\\\/01\\\/Logo-Ivinio-v2.jpg\",\"contentUrl\":\"https:\\\/\\\/www.ivinio.com\\\/wp-content\\\/uploads\\\/2021\\\/01\\\/Logo-Ivinio-v2.jpg\",\"width\":1194,\"height\":1194,\"caption\":\"IVINIO\"},\"image\":{\"@id\":\"https:\\\/\\\/www.ivinio.com\\\/fr\\\/#\\\/schema\\\/logo\\\/image\\\/\"},\"sameAs\":[\"https:\\\/\\\/www.facebook.com\\\/groups\\\/165217837022391\\\/?ref=bookmarks\",\"https:\\\/\\\/www.instagram.com\\\/_ivinio_\\\/?hl=fr\"]}]}<\/script>\n<!-- \/ Yoast SEO plugin. -->","yoast_head_json":{"title":"Achetez Berlucchi - '61 Sat\u00e8n Franciacorta - IVINIO Caviste","description":"Berlucchi - '61 Sat\u00e8n Franciacorta, rond et fruit\u00e9, dos\u00e9e \u00e0 8g \/ L. Sat\u00e8n signifie que la pression dans la bouteille est limit\u00e9e \u00e0 5 bars. Servir \u00e0 l'ap\u00e9ritif ou avec un risotto et ou des fromages \u00e0 semi-conserv\u00e9s.","robots":{"index":"index","follow":"follow","max-snippet":"max-snippet:-1","max-image-preview":"max-image-preview:large","max-video-preview":"max-video-preview:-1"},"canonical":"https:\/\/www.ivinio.com\/fr\/produit\/berlucchi-61-saten-franciacorta\/","og_locale":"fr_FR","og_type":"article","og_title":"Achetez Berlucchi - '61 Sat\u00e8n Franciacorta - IVINIO Caviste","og_description":"Berlucchi - '61 Sat\u00e8n Franciacorta, rond et fruit\u00e9, dos\u00e9e \u00e0 8g \/ L. Sat\u00e8n signifie que la pression dans la bouteille est limit\u00e9e \u00e0 5 bars. Servir \u00e0 l'ap\u00e9ritif ou avec un risotto et ou des fromages \u00e0 semi-conserv\u00e9s.","og_url":"https:\/\/www.ivinio.com\/fr\/produit\/berlucchi-61-saten-franciacorta\/","og_site_name":"IVINIO Caviste","article_publisher":"https:\/\/www.facebook.com\/groups\/165217837022391\/?ref=bookmarks","article_modified_time":"2024-03-28T17:59:36+00:00","og_image":[{"width":500,"height":500,"url":"https:\/\/www.ivinio.com\/wp-content\/uploads\/2019\/07\/Berlucchi-61-saten-IVINIO.jpg","type":"image\/jpeg"}],"twitter_card":"summary_large_image","twitter_misc":{"Dur\u00e9e de lecture estim\u00e9e":"1 minute"},"schema":{"@context":"https:\/\/schema.org","@graph":[{"@type":"WebPage","@id":"https:\/\/www.ivinio.com\/fr\/produit\/berlucchi-61-saten-franciacorta\/","url":"https:\/\/www.ivinio.com\/fr\/produit\/berlucchi-61-saten-franciacorta\/","name":"Achetez Berlucchi - '61 Sat\u00e8n Franciacorta - IVINIO Caviste","isPartOf":{"@id":"https:\/\/www.ivinio.com\/fr\/#website"},"primaryImageOfPage":{"@id":"https:\/\/www.ivinio.com\/fr\/produit\/berlucchi-61-saten-franciacorta\/#primaryimage"},"image":{"@id":"https:\/\/www.ivinio.com\/fr\/produit\/berlucchi-61-saten-franciacorta\/#primaryimage"},"thumbnailUrl":"https:\/\/www.ivinio.com\/wp-content\/uploads\/2019\/07\/Berlucchi-61-saten-IVINIO.jpg","datePublished":"2019-07-17T12:08:00+00:00","dateModified":"2024-03-28T17:59:36+00:00","description":"Berlucchi - '61 Sat\u00e8n Franciacorta, rond et fruit\u00e9, dos\u00e9e \u00e0 8g \/ L. Sat\u00e8n signifie que la pression dans la bouteille est limit\u00e9e \u00e0 5 bars. Servir \u00e0 l'ap\u00e9ritif ou avec un risotto et ou des fromages \u00e0 semi-conserv\u00e9s.","breadcrumb":{"@id":"https:\/\/www.ivinio.com\/fr\/produit\/berlucchi-61-saten-franciacorta\/#breadcrumb"},"inLanguage":"fr-FR","potentialAction":[{"@type":"ReadAction","target":["https:\/\/www.ivinio.com\/fr\/produit\/berlucchi-61-saten-franciacorta\/"]}]},{"@type":"ImageObject","inLanguage":"fr-FR","@id":"https:\/\/www.ivinio.com\/fr\/produit\/berlucchi-61-saten-franciacorta\/#primaryimage","url":"https:\/\/www.ivinio.com\/wp-content\/uploads\/2019\/07\/Berlucchi-61-saten-IVINIO.jpg","contentUrl":"https:\/\/www.ivinio.com\/wp-content\/uploads\/2019\/07\/Berlucchi-61-saten-IVINIO.jpg","width":500,"height":500},{"@type":"BreadcrumbList","@id":"https:\/\/www.ivinio.com\/fr\/produit\/berlucchi-61-saten-franciacorta\/#breadcrumb","itemListElement":[{"@type":"ListItem","position":1,"name":"Home","item":"https:\/\/www.ivinio.com\/fr\/"},{"@type":"ListItem","position":2,"name":"Boutique de vin","item":"https:\/\/www.ivinio.com\/fr\/boutique-de-vin\/"},{"@type":"ListItem","position":3,"name":"Berlucchi &#8211; &#8217;61 Sat\u00e8n Franciacorta"}]},{"@type":"WebSite","@id":"https:\/\/www.ivinio.com\/fr\/#website","url":"https:\/\/www.ivinio.com\/fr\/","name":"IVINIO Caviste","description":"Vins de France et d&#039;Italie avec livraison \u00e0 domicile","publisher":{"@id":"https:\/\/www.ivinio.com\/fr\/#organization"},"potentialAction":[{"@type":"SearchAction","target":{"@type":"EntryPoint","urlTemplate":"https:\/\/www.ivinio.com\/fr\/?s={search_term_string}"},"query-input":{"@type":"PropertyValueSpecification","valueRequired":true,"valueName":"search_term_string"}}],"inLanguage":"fr-FR"},{"@type":"Organization","@id":"https:\/\/www.ivinio.com\/fr\/#organization","name":"IVINIO","url":"https:\/\/www.ivinio.com\/fr\/","logo":{"@type":"ImageObject","inLanguage":"fr-FR","@id":"https:\/\/www.ivinio.com\/fr\/#\/schema\/logo\/image\/","url":"https:\/\/www.ivinio.com\/wp-content\/uploads\/2021\/01\/Logo-Ivinio-v2.jpg","contentUrl":"https:\/\/www.ivinio.com\/wp-content\/uploads\/2021\/01\/Logo-Ivinio-v2.jpg","width":1194,"height":1194,"caption":"IVINIO"},"image":{"@id":"https:\/\/www.ivinio.com\/fr\/#\/schema\/logo\/image\/"},"sameAs":["https:\/\/www.facebook.com\/groups\/165217837022391\/?ref=bookmarks","https:\/\/www.instagram.com\/_ivinio_\/?hl=fr"]}]}},"jetpack_sharing_enabled":true,"_links":{"self":[{"href":"https:\/\/www.ivinio.com\/fr\/wp-json\/wp\/v2\/product\/121795","targetHints":{"allow":["GET"]}}],"collection":[{"href":"https:\/\/www.ivinio.com\/fr\/wp-json\/wp\/v2\/product"}],"about":[{"href":"https:\/\/www.ivinio.com\/fr\/wp-json\/wp\/v2\/types\/product"}],"replies":[{"embeddable":true,"href":"https:\/\/www.ivinio.com\/fr\/wp-json\/wp\/v2\/comments?post=121795"}],"wp:featuredmedia":[{"embeddable":true,"href":"https:\/\/www.ivinio.com\/fr\/wp-json\/wp\/v2\/media\/135108"}],"wp:attachment":[{"href":"https:\/\/www.ivinio.com\/fr\/wp-json\/wp\/v2\/media?parent=121795"}],"wp:term":[{"taxonomy":"product_brand","embeddable":true,"href":"https:\/\/www.ivinio.com\/fr\/wp-json\/wp\/v2\/product_brand?post=121795"},{"taxonomy":"product_cat","embeddable":true,"href":"https:\/\/www.ivinio.com\/fr\/wp-json\/wp\/v2\/product_cat?post=121795"},{"taxonomy":"product_tag","embeddable":true,"href":"https:\/\/www.ivinio.com\/fr\/wp-json\/wp\/v2\/product_tag?post=121795"}],"curies":[{"name":"wp","href":"https:\/\/api.w.org\/{rel}","templated":true}]}}