{"id":121778,"date":"2017-10-18T20:03:22","date_gmt":"2017-10-18T20:03:22","guid":{"rendered":"https:\/\/henrik.www.ivinio.com\/?product=nino-negri-valtellina-sfursat-5-stelle-rouge"},"modified":"2022-03-17T05:21:15","modified_gmt":"2022-03-17T04:21:15","slug":"nino-negri-valtellina-sfursat-5-stelle-rouge","status":"publish","type":"product","link":"https:\/\/www.ivinio.com\/fr\/produit\/nino-negri-valtellina-sfursat-5-stelle-rouge\/","title":{"rendered":"Nino Negri &#8211; Valtellina Sfursat 5 Stelle &#8211; Rouge"},"content":{"rendered":"<p>La s\u00e9lection des raisins Nebbiolo &#8211; Chiavennasca commence fin septembre et se termine d\u00e9but octobre. Les raisins r\u00e9colt\u00e9s sont mis en caisses (une couche de 5 kg maximum par caisse) et s\u00e9ch\u00e9s naturellement dans une fruiti\u00e8re o\u00f9 les raisins perdent environ 30% de leur poids. A la fin du s\u00e9chage d\u00e9but janvier, les raisins sont foul\u00e9s et transport\u00e9s \u00e0 la cave \u00e0 une temp\u00e9rature de 4\u00b0. Les raisins sont cryo-mac\u00e9r\u00e9s (pour d\u00e9velopper les ar\u00f4mes) puis ferment\u00e9s pendant 16 jours \u00e0 une temp\u00e9rature de 25\u00b0\/26\u00b0. Apr\u00e8s fermentation, le vin est mis en barriques neuves de ch\u00eane fran\u00e7ais de l&#8217;Allier et de Nevers et stock\u00e9 pendant 20 mois. Le vin finalis\u00e9, est ensuite assembl\u00e9 et \u00e9lev\u00e9 pendant encore 4 mois avant d&#8217;\u00eatre commercialis\u00e9.<\/p>\n","protected":false},"excerpt":{"rendered":"<p>Acheter Nino Negri &#8211; Valtellina Sfursat 5 Stelle &#8211; Vin rouge. De 100% Nebbiolo (Chiavennasca). De raisins s\u00e9lectionn\u00e9s uniquement les meilleurs mill\u00e9simes.<\/p>\n","protected":false},"featured_media":121781,"comment_status":"open","ping_status":"closed","template":"","meta":{"_monsterinsights_skip_tracking":false,"_monsterinsights_sitenote_active":false,"_monsterinsights_sitenote_note":"","_monsterinsights_sitenote_category":0,"_uf_show_specific_survey":0,"_uf_disable_surveys":false},"product_brand":[],"product_cat":[36655,36589],"product_tag":[],"class_list":{"0":"post-121778","1":"product","2":"type-product","3":"status-publish","4":"has-post-thumbnail","6":"product_cat-fr-lombardie","7":"product_cat-vins-italiens","8":"pa_alcohol-degree-16-fr","9":"pa_classification-docg-sforzato-di-valtellina-fr","10":"pa_color-rouge-fr","11":"pa_country-italie-fr","12":"pa_grape-variety-nebbiolo-chiavennasca-fr","13":"pa_package-1x1-fr","14":"pa_package-1x6-fr","15":"pa_region-lombardie-fr","16":"pa_storage-potential-10-ans-fr","17":"pa_vintage-2018-fr","18":"pa_volume-75-cl-fr","20":"first","21":"instock","22":"taxable","23":"shipping-taxable","24":"purchasable","25":"product-type-variable"},"bundled_by":[],"bundle_stock_status":"instock","bundle_stock_quantity":null,"bundle_virtual":false,"bundle_layout":"","bundle_add_to_cart_form_location":"","bundle_editable_in_cart":false,"bundle_sold_individually_context":"","bundle_item_grouping":"","bundle_min_size":"","bundle_max_size":"","bundle_price":[],"bundled_items":[],"bundle_sell_ids":[],"yoast_head":"<!-- This site is optimized with the Yoast SEO plugin v27.4 - https:\/\/yoast.com\/product\/yoast-seo-wordpress\/ -->\n<title>Acheter Nino Negri - Valtellina Sfursat 5 Stelle - vin rouge - IVINIO Caviste<\/title>\n<meta name=\"description\" content=\"Acheter Nino Negri - Valtellina Sfursat 5 Stelle - Vin rouge. De Nebbiolo (Chiavennasca). Raisins s\u00e9lectionn\u00e9s seulement les meilleurs mill\u00e9simes.\" \/>\n<meta name=\"robots\" content=\"index, follow, max-snippet:-1, max-image-preview:large, max-video-preview:-1\" \/>\n<link rel=\"canonical\" href=\"https:\/\/www.ivinio.com\/fr\/produit\/nino-negri-valtellina-sfursat-5-stelle-rouge\/\" \/>\n<meta property=\"og:locale\" content=\"fr_FR\" \/>\n<meta property=\"og:type\" content=\"article\" \/>\n<meta property=\"og:title\" content=\"Acheter Nino Negri - Valtellina Sfursat 5 Stelle - vin rouge - IVINIO Caviste\" \/>\n<meta property=\"og:description\" content=\"Acheter Nino Negri - Valtellina Sfursat 5 Stelle - Vin rouge. De Nebbiolo (Chiavennasca). Raisins s\u00e9lectionn\u00e9s seulement les meilleurs mill\u00e9simes.\" \/>\n<meta property=\"og:url\" content=\"https:\/\/www.ivinio.com\/fr\/produit\/nino-negri-valtellina-sfursat-5-stelle-rouge\/\" \/>\n<meta property=\"og:site_name\" content=\"IVINIO Caviste\" \/>\n<meta property=\"article:publisher\" content=\"https:\/\/www.facebook.com\/groups\/165217837022391\/?ref=bookmarks\" \/>\n<meta property=\"article:modified_time\" content=\"2022-03-17T04:21:15+00:00\" \/>\n<meta property=\"og:image\" content=\"https:\/\/www.ivinio.com\/wp-content\/uploads\/nc\/public\/modules\/file\/pictures\/7057.Nino-Negri-Sfursat-5-stelle-IVINIO.jpg\" \/>\n\t<meta property=\"og:image:width\" content=\"500\" \/>\n\t<meta property=\"og:image:height\" content=\"500\" \/>\n\t<meta property=\"og:image:type\" content=\"image\/jpeg\" \/>\n<meta name=\"twitter:card\" content=\"summary_large_image\" \/>\n<meta name=\"twitter:label1\" content=\"Dur\u00e9e de lecture estim\u00e9e\" \/>\n\t<meta name=\"twitter:data1\" content=\"1 minute\" \/>\n<script type=\"application\/ld+json\" class=\"yoast-schema-graph\">{\"@context\":\"https:\\\/\\\/schema.org\",\"@graph\":[{\"@type\":\"WebPage\",\"@id\":\"https:\\\/\\\/www.ivinio.com\\\/fr\\\/produit\\\/nino-negri-valtellina-sfursat-5-stelle-rouge\\\/\",\"url\":\"https:\\\/\\\/www.ivinio.com\\\/fr\\\/produit\\\/nino-negri-valtellina-sfursat-5-stelle-rouge\\\/\",\"name\":\"Acheter Nino Negri - Valtellina Sfursat 5 Stelle - vin rouge - IVINIO Caviste\",\"isPartOf\":{\"@id\":\"https:\\\/\\\/www.ivinio.com\\\/fr\\\/#website\"},\"primaryImageOfPage\":{\"@id\":\"https:\\\/\\\/www.ivinio.com\\\/fr\\\/produit\\\/nino-negri-valtellina-sfursat-5-stelle-rouge\\\/#primaryimage\"},\"image\":{\"@id\":\"https:\\\/\\\/www.ivinio.com\\\/fr\\\/produit\\\/nino-negri-valtellina-sfursat-5-stelle-rouge\\\/#primaryimage\"},\"thumbnailUrl\":\"https:\\\/\\\/www.ivinio.com\\\/wp-content\\\/uploads\\\/nc\\\/public\\\/modules\\\/file\\\/pictures\\\/7057.Nino-Negri-Sfursat-5-stelle-IVINIO.jpg\",\"datePublished\":\"2017-10-18T20:03:22+00:00\",\"dateModified\":\"2022-03-17T04:21:15+00:00\",\"description\":\"Acheter Nino Negri - Valtellina Sfursat 5 Stelle - Vin rouge. De Nebbiolo (Chiavennasca). Raisins s\u00e9lectionn\u00e9s seulement les meilleurs mill\u00e9simes.\",\"breadcrumb\":{\"@id\":\"https:\\\/\\\/www.ivinio.com\\\/fr\\\/produit\\\/nino-negri-valtellina-sfursat-5-stelle-rouge\\\/#breadcrumb\"},\"inLanguage\":\"fr-FR\",\"potentialAction\":[{\"@type\":\"ReadAction\",\"target\":[\"https:\\\/\\\/www.ivinio.com\\\/fr\\\/produit\\\/nino-negri-valtellina-sfursat-5-stelle-rouge\\\/\"]}]},{\"@type\":\"ImageObject\",\"inLanguage\":\"fr-FR\",\"@id\":\"https:\\\/\\\/www.ivinio.com\\\/fr\\\/produit\\\/nino-negri-valtellina-sfursat-5-stelle-rouge\\\/#primaryimage\",\"url\":\"https:\\\/\\\/www.ivinio.com\\\/wp-content\\\/uploads\\\/nc\\\/public\\\/modules\\\/file\\\/pictures\\\/7057.Nino-Negri-Sfursat-5-stelle-IVINIO.jpg\",\"contentUrl\":\"https:\\\/\\\/www.ivinio.com\\\/wp-content\\\/uploads\\\/nc\\\/public\\\/modules\\\/file\\\/pictures\\\/7057.Nino-Negri-Sfursat-5-stelle-IVINIO.jpg\",\"width\":500,\"height\":500,\"caption\":\"Nino Negri - Valtellina Sfursat 5 Stelle\"},{\"@type\":\"BreadcrumbList\",\"@id\":\"https:\\\/\\\/www.ivinio.com\\\/fr\\\/produit\\\/nino-negri-valtellina-sfursat-5-stelle-rouge\\\/#breadcrumb\",\"itemListElement\":[{\"@type\":\"ListItem\",\"position\":1,\"name\":\"Home\",\"item\":\"https:\\\/\\\/www.ivinio.com\\\/fr\\\/\"},{\"@type\":\"ListItem\",\"position\":2,\"name\":\"Boutique de vin\",\"item\":\"https:\\\/\\\/www.ivinio.com\\\/fr\\\/boutique-de-vin\\\/\"},{\"@type\":\"ListItem\",\"position\":3,\"name\":\"Nino Negri &#8211; Valtellina Sfursat 5 Stelle &#8211; Rouge\"}]},{\"@type\":\"WebSite\",\"@id\":\"https:\\\/\\\/www.ivinio.com\\\/fr\\\/#website\",\"url\":\"https:\\\/\\\/www.ivinio.com\\\/fr\\\/\",\"name\":\"IVINIO Caviste\",\"description\":\"Vins de France et d&#039;Italie avec livraison \u00e0 domicile\",\"publisher\":{\"@id\":\"https:\\\/\\\/www.ivinio.com\\\/fr\\\/#organization\"},\"potentialAction\":[{\"@type\":\"SearchAction\",\"target\":{\"@type\":\"EntryPoint\",\"urlTemplate\":\"https:\\\/\\\/www.ivinio.com\\\/fr\\\/?s={search_term_string}\"},\"query-input\":{\"@type\":\"PropertyValueSpecification\",\"valueRequired\":true,\"valueName\":\"search_term_string\"}}],\"inLanguage\":\"fr-FR\"},{\"@type\":\"Organization\",\"@id\":\"https:\\\/\\\/www.ivinio.com\\\/fr\\\/#organization\",\"name\":\"IVINIO\",\"url\":\"https:\\\/\\\/www.ivinio.com\\\/fr\\\/\",\"logo\":{\"@type\":\"ImageObject\",\"inLanguage\":\"fr-FR\",\"@id\":\"https:\\\/\\\/www.ivinio.com\\\/fr\\\/#\\\/schema\\\/logo\\\/image\\\/\",\"url\":\"https:\\\/\\\/www.ivinio.com\\\/wp-content\\\/uploads\\\/2021\\\/01\\\/Logo-Ivinio-v2.jpg\",\"contentUrl\":\"https:\\\/\\\/www.ivinio.com\\\/wp-content\\\/uploads\\\/2021\\\/01\\\/Logo-Ivinio-v2.jpg\",\"width\":1194,\"height\":1194,\"caption\":\"IVINIO\"},\"image\":{\"@id\":\"https:\\\/\\\/www.ivinio.com\\\/fr\\\/#\\\/schema\\\/logo\\\/image\\\/\"},\"sameAs\":[\"https:\\\/\\\/www.facebook.com\\\/groups\\\/165217837022391\\\/?ref=bookmarks\",\"https:\\\/\\\/www.instagram.com\\\/_ivinio_\\\/?hl=fr\"]}]}<\/script>\n<!-- \/ Yoast SEO plugin. -->","yoast_head_json":{"title":"Acheter Nino Negri - Valtellina Sfursat 5 Stelle - vin rouge - IVINIO Caviste","description":"Acheter Nino Negri - Valtellina Sfursat 5 Stelle - Vin rouge. De Nebbiolo (Chiavennasca). Raisins s\u00e9lectionn\u00e9s seulement les meilleurs mill\u00e9simes.","robots":{"index":"index","follow":"follow","max-snippet":"max-snippet:-1","max-image-preview":"max-image-preview:large","max-video-preview":"max-video-preview:-1"},"canonical":"https:\/\/www.ivinio.com\/fr\/produit\/nino-negri-valtellina-sfursat-5-stelle-rouge\/","og_locale":"fr_FR","og_type":"article","og_title":"Acheter Nino Negri - Valtellina Sfursat 5 Stelle - vin rouge - IVINIO Caviste","og_description":"Acheter Nino Negri - Valtellina Sfursat 5 Stelle - Vin rouge. De Nebbiolo (Chiavennasca). Raisins s\u00e9lectionn\u00e9s seulement les meilleurs mill\u00e9simes.","og_url":"https:\/\/www.ivinio.com\/fr\/produit\/nino-negri-valtellina-sfursat-5-stelle-rouge\/","og_site_name":"IVINIO Caviste","article_publisher":"https:\/\/www.facebook.com\/groups\/165217837022391\/?ref=bookmarks","article_modified_time":"2022-03-17T04:21:15+00:00","og_image":[{"width":500,"height":500,"url":"https:\/\/www.ivinio.com\/wp-content\/uploads\/nc\/public\/modules\/file\/pictures\/7057.Nino-Negri-Sfursat-5-stelle-IVINIO.jpg","type":"image\/jpeg"}],"twitter_card":"summary_large_image","twitter_misc":{"Dur\u00e9e de lecture estim\u00e9e":"1 minute"},"schema":{"@context":"https:\/\/schema.org","@graph":[{"@type":"WebPage","@id":"https:\/\/www.ivinio.com\/fr\/produit\/nino-negri-valtellina-sfursat-5-stelle-rouge\/","url":"https:\/\/www.ivinio.com\/fr\/produit\/nino-negri-valtellina-sfursat-5-stelle-rouge\/","name":"Acheter Nino Negri - Valtellina Sfursat 5 Stelle - vin rouge - IVINIO Caviste","isPartOf":{"@id":"https:\/\/www.ivinio.com\/fr\/#website"},"primaryImageOfPage":{"@id":"https:\/\/www.ivinio.com\/fr\/produit\/nino-negri-valtellina-sfursat-5-stelle-rouge\/#primaryimage"},"image":{"@id":"https:\/\/www.ivinio.com\/fr\/produit\/nino-negri-valtellina-sfursat-5-stelle-rouge\/#primaryimage"},"thumbnailUrl":"https:\/\/www.ivinio.com\/wp-content\/uploads\/nc\/public\/modules\/file\/pictures\/7057.Nino-Negri-Sfursat-5-stelle-IVINIO.jpg","datePublished":"2017-10-18T20:03:22+00:00","dateModified":"2022-03-17T04:21:15+00:00","description":"Acheter Nino Negri - Valtellina Sfursat 5 Stelle - Vin rouge. De Nebbiolo (Chiavennasca). Raisins s\u00e9lectionn\u00e9s seulement les meilleurs mill\u00e9simes.","breadcrumb":{"@id":"https:\/\/www.ivinio.com\/fr\/produit\/nino-negri-valtellina-sfursat-5-stelle-rouge\/#breadcrumb"},"inLanguage":"fr-FR","potentialAction":[{"@type":"ReadAction","target":["https:\/\/www.ivinio.com\/fr\/produit\/nino-negri-valtellina-sfursat-5-stelle-rouge\/"]}]},{"@type":"ImageObject","inLanguage":"fr-FR","@id":"https:\/\/www.ivinio.com\/fr\/produit\/nino-negri-valtellina-sfursat-5-stelle-rouge\/#primaryimage","url":"https:\/\/www.ivinio.com\/wp-content\/uploads\/nc\/public\/modules\/file\/pictures\/7057.Nino-Negri-Sfursat-5-stelle-IVINIO.jpg","contentUrl":"https:\/\/www.ivinio.com\/wp-content\/uploads\/nc\/public\/modules\/file\/pictures\/7057.Nino-Negri-Sfursat-5-stelle-IVINIO.jpg","width":500,"height":500,"caption":"Nino Negri - Valtellina Sfursat 5 Stelle"},{"@type":"BreadcrumbList","@id":"https:\/\/www.ivinio.com\/fr\/produit\/nino-negri-valtellina-sfursat-5-stelle-rouge\/#breadcrumb","itemListElement":[{"@type":"ListItem","position":1,"name":"Home","item":"https:\/\/www.ivinio.com\/fr\/"},{"@type":"ListItem","position":2,"name":"Boutique de vin","item":"https:\/\/www.ivinio.com\/fr\/boutique-de-vin\/"},{"@type":"ListItem","position":3,"name":"Nino Negri &#8211; Valtellina Sfursat 5 Stelle &#8211; Rouge"}]},{"@type":"WebSite","@id":"https:\/\/www.ivinio.com\/fr\/#website","url":"https:\/\/www.ivinio.com\/fr\/","name":"IVINIO Caviste","description":"Vins de France et d&#039;Italie avec livraison \u00e0 domicile","publisher":{"@id":"https:\/\/www.ivinio.com\/fr\/#organization"},"potentialAction":[{"@type":"SearchAction","target":{"@type":"EntryPoint","urlTemplate":"https:\/\/www.ivinio.com\/fr\/?s={search_term_string}"},"query-input":{"@type":"PropertyValueSpecification","valueRequired":true,"valueName":"search_term_string"}}],"inLanguage":"fr-FR"},{"@type":"Organization","@id":"https:\/\/www.ivinio.com\/fr\/#organization","name":"IVINIO","url":"https:\/\/www.ivinio.com\/fr\/","logo":{"@type":"ImageObject","inLanguage":"fr-FR","@id":"https:\/\/www.ivinio.com\/fr\/#\/schema\/logo\/image\/","url":"https:\/\/www.ivinio.com\/wp-content\/uploads\/2021\/01\/Logo-Ivinio-v2.jpg","contentUrl":"https:\/\/www.ivinio.com\/wp-content\/uploads\/2021\/01\/Logo-Ivinio-v2.jpg","width":1194,"height":1194,"caption":"IVINIO"},"image":{"@id":"https:\/\/www.ivinio.com\/fr\/#\/schema\/logo\/image\/"},"sameAs":["https:\/\/www.facebook.com\/groups\/165217837022391\/?ref=bookmarks","https:\/\/www.instagram.com\/_ivinio_\/?hl=fr"]}]}},"jetpack_sharing_enabled":true,"_links":{"self":[{"href":"https:\/\/www.ivinio.com\/fr\/wp-json\/wp\/v2\/product\/121778","targetHints":{"allow":["GET"]}}],"collection":[{"href":"https:\/\/www.ivinio.com\/fr\/wp-json\/wp\/v2\/product"}],"about":[{"href":"https:\/\/www.ivinio.com\/fr\/wp-json\/wp\/v2\/types\/product"}],"replies":[{"embeddable":true,"href":"https:\/\/www.ivinio.com\/fr\/wp-json\/wp\/v2\/comments?post=121778"}],"wp:featuredmedia":[{"embeddable":true,"href":"https:\/\/www.ivinio.com\/fr\/wp-json\/wp\/v2\/media\/121781"}],"wp:attachment":[{"href":"https:\/\/www.ivinio.com\/fr\/wp-json\/wp\/v2\/media?parent=121778"}],"wp:term":[{"taxonomy":"product_brand","embeddable":true,"href":"https:\/\/www.ivinio.com\/fr\/wp-json\/wp\/v2\/product_brand?post=121778"},{"taxonomy":"product_cat","embeddable":true,"href":"https:\/\/www.ivinio.com\/fr\/wp-json\/wp\/v2\/product_cat?post=121778"},{"taxonomy":"product_tag","embeddable":true,"href":"https:\/\/www.ivinio.com\/fr\/wp-json\/wp\/v2\/product_tag?post=121778"}],"curies":[{"name":"wp","href":"https:\/\/api.w.org\/{rel}","templated":true}]}}