{"id":121770,"date":"2019-07-13T18:25:38","date_gmt":"2019-07-13T18:25:38","guid":{"rendered":"https:\/\/henrik.www.ivinio.com\/?product=cortaccia-blauburgunder-pinot-nero-rouge"},"modified":"2022-03-17T05:14:36","modified_gmt":"2022-03-17T04:14:36","slug":"cortaccia-blauburgunder-pinot-nero-rouge","status":"publish","type":"product","link":"https:\/\/www.ivinio.com\/fr\/produit\/cortaccia-blauburgunder-pinot-nero-rouge\/","title":{"rendered":"Cortaccia &#8211; Blauburgunder &#8211; Pinot nero &#8211; Rouge"},"content":{"rendered":"<p>Le Blauburgunder de Cortaccia est compos\u00e9 de\u00a0100% de pinot noir cultiv\u00e9 \u00e0 Gleno dans un sol argilo-sableux. Apr\u00e8s les vendanges, les raisins sont ferment\u00e9s \u00e0 la temp\u00e9rature contr\u00f4l\u00e9e dans des cuves en acier ouvertes. La fermentation malolactique suit et l&#8217;\u00e9levage\u00a0se fait dans\u00a0des grands f\u00fbts de ch\u00eane.<\/p>\n","protected":false},"excerpt":{"rendered":"<p>Blauburgunder de Cortaccia (Kurtatsch) est un 100% Pinor noir de l&#8217;Alto Adige \u00e0 servir sur de la viande grill\u00e9e, du gibier ou des fromages semi-conserv\u00e9s.<\/p>\n","protected":false},"featured_media":121773,"comment_status":"open","ping_status":"closed","template":"","meta":{"_monsterinsights_skip_tracking":false,"_monsterinsights_sitenote_active":false,"_monsterinsights_sitenote_note":"","_monsterinsights_sitenote_category":0,"_uf_show_specific_survey":0,"_uf_disable_surveys":false},"product_brand":[],"product_cat":[39811],"product_tag":[],"class_list":{"0":"post-121770","1":"product","2":"type-product","3":"status-publish","4":"has-post-thumbnail","6":"product_cat-uncategorized-fr","7":"pa_alcohol-degree-13-fr","8":"pa_classification-aop-alto-adige-pinot-nero-fr","9":"pa_color-rouge-fr","10":"pa_country-italie-fr","11":"pa_grape-variety-pinot-noir-fr","12":"pa_region-alto-adige-fr","13":"pa_storage-potential-5-ans-fr","14":"pa_vintage-2020-fr","15":"pa_volume-75-cl-fr","17":"first","18":"outofstock","19":"taxable","20":"shipping-taxable","21":"purchasable","22":"product-type-simple"},"bundled_by":[],"bundle_stock_status":"outofstock","bundle_stock_quantity":null,"bundle_virtual":false,"bundle_layout":"","bundle_add_to_cart_form_location":"","bundle_editable_in_cart":false,"bundle_sold_individually_context":"","bundle_item_grouping":"","bundle_min_size":"","bundle_max_size":"","bundle_price":[],"bundled_items":[],"bundle_sell_ids":[],"yoast_head":"<!-- This site is optimized with the Yoast SEO plugin v27.4 - https:\/\/yoast.com\/product\/yoast-seo-wordpress\/ -->\n<title>Achetez Cortaccia - Blauburgunder - Pinot nero - vin rouge - IVINIO Caviste<\/title>\n<meta name=\"description\" content=\"Acheter Cortaccia - Blauburgunder - Pinot nero - vin rouge. 100% Pinor noir de l&#039;Alto Adige \u00e0 servir sur de la viande grill\u00e9e, du gibier ou des fromages.\" \/>\n<meta name=\"robots\" content=\"index, follow, max-snippet:-1, max-image-preview:large, max-video-preview:-1\" \/>\n<link rel=\"canonical\" href=\"https:\/\/www.ivinio.com\/fr\/produit\/cortaccia-blauburgunder-pinot-nero-rouge\/\" \/>\n<meta property=\"og:locale\" content=\"fr_FR\" \/>\n<meta property=\"og:type\" content=\"article\" \/>\n<meta property=\"og:title\" content=\"Achetez Cortaccia - Blauburgunder - Pinot nero - vin rouge - IVINIO Caviste\" \/>\n<meta property=\"og:description\" content=\"Acheter Cortaccia - Blauburgunder - Pinot nero - vin rouge. 100% Pinor noir de l&#039;Alto Adige \u00e0 servir sur de la viande grill\u00e9e, du gibier ou des fromages.\" \/>\n<meta property=\"og:url\" content=\"https:\/\/www.ivinio.com\/fr\/produit\/cortaccia-blauburgunder-pinot-nero-rouge\/\" \/>\n<meta property=\"og:site_name\" content=\"IVINIO Caviste\" \/>\n<meta property=\"article:publisher\" content=\"https:\/\/www.facebook.com\/groups\/165217837022391\/?ref=bookmarks\" \/>\n<meta property=\"article:modified_time\" content=\"2022-03-17T04:14:36+00:00\" \/>\n<meta property=\"og:image\" content=\"https:\/\/www.ivinio.com\/wp-content\/uploads\/nc\/public\/modules\/file\/pictures\/7052.Kurtatsch-Cortaccia-Blauburgunder-pinot-nero-IVINIO.jpg\" \/>\n\t<meta property=\"og:image:width\" content=\"500\" \/>\n\t<meta property=\"og:image:height\" content=\"500\" \/>\n\t<meta property=\"og:image:type\" content=\"image\/jpeg\" \/>\n<meta name=\"twitter:card\" content=\"summary_large_image\" \/>\n<script type=\"application\/ld+json\" class=\"yoast-schema-graph\">{\"@context\":\"https:\\\/\\\/schema.org\",\"@graph\":[{\"@type\":\"WebPage\",\"@id\":\"https:\\\/\\\/www.ivinio.com\\\/fr\\\/produit\\\/cortaccia-blauburgunder-pinot-nero-rouge\\\/\",\"url\":\"https:\\\/\\\/www.ivinio.com\\\/fr\\\/produit\\\/cortaccia-blauburgunder-pinot-nero-rouge\\\/\",\"name\":\"Achetez Cortaccia - Blauburgunder - Pinot nero - vin rouge - IVINIO Caviste\",\"isPartOf\":{\"@id\":\"https:\\\/\\\/www.ivinio.com\\\/fr\\\/#website\"},\"primaryImageOfPage\":{\"@id\":\"https:\\\/\\\/www.ivinio.com\\\/fr\\\/produit\\\/cortaccia-blauburgunder-pinot-nero-rouge\\\/#primaryimage\"},\"image\":{\"@id\":\"https:\\\/\\\/www.ivinio.com\\\/fr\\\/produit\\\/cortaccia-blauburgunder-pinot-nero-rouge\\\/#primaryimage\"},\"thumbnailUrl\":\"https:\\\/\\\/www.ivinio.com\\\/wp-content\\\/uploads\\\/nc\\\/public\\\/modules\\\/file\\\/pictures\\\/7052.Kurtatsch-Cortaccia-Blauburgunder-pinot-nero-IVINIO.jpg\",\"datePublished\":\"2019-07-13T18:25:38+00:00\",\"dateModified\":\"2022-03-17T04:14:36+00:00\",\"description\":\"Acheter Cortaccia - Blauburgunder - Pinot nero - vin rouge. 100% Pinor noir de l'Alto Adige \u00e0 servir sur de la viande grill\u00e9e, du gibier ou des fromages.\",\"breadcrumb\":{\"@id\":\"https:\\\/\\\/www.ivinio.com\\\/fr\\\/produit\\\/cortaccia-blauburgunder-pinot-nero-rouge\\\/#breadcrumb\"},\"inLanguage\":\"fr-FR\",\"potentialAction\":[{\"@type\":\"ReadAction\",\"target\":[\"https:\\\/\\\/www.ivinio.com\\\/fr\\\/produit\\\/cortaccia-blauburgunder-pinot-nero-rouge\\\/\"]}]},{\"@type\":\"ImageObject\",\"inLanguage\":\"fr-FR\",\"@id\":\"https:\\\/\\\/www.ivinio.com\\\/fr\\\/produit\\\/cortaccia-blauburgunder-pinot-nero-rouge\\\/#primaryimage\",\"url\":\"https:\\\/\\\/www.ivinio.com\\\/wp-content\\\/uploads\\\/nc\\\/public\\\/modules\\\/file\\\/pictures\\\/7052.Kurtatsch-Cortaccia-Blauburgunder-pinot-nero-IVINIO.jpg\",\"contentUrl\":\"https:\\\/\\\/www.ivinio.com\\\/wp-content\\\/uploads\\\/nc\\\/public\\\/modules\\\/file\\\/pictures\\\/7052.Kurtatsch-Cortaccia-Blauburgunder-pinot-nero-IVINIO.jpg\",\"width\":500,\"height\":500,\"caption\":\"Cortaccia - Blauburgunder - Pinot nero\"},{\"@type\":\"BreadcrumbList\",\"@id\":\"https:\\\/\\\/www.ivinio.com\\\/fr\\\/produit\\\/cortaccia-blauburgunder-pinot-nero-rouge\\\/#breadcrumb\",\"itemListElement\":[{\"@type\":\"ListItem\",\"position\":1,\"name\":\"Home\",\"item\":\"https:\\\/\\\/www.ivinio.com\\\/fr\\\/\"},{\"@type\":\"ListItem\",\"position\":2,\"name\":\"Boutique de vin\",\"item\":\"https:\\\/\\\/www.ivinio.com\\\/fr\\\/boutique-de-vin\\\/\"},{\"@type\":\"ListItem\",\"position\":3,\"name\":\"Cortaccia &#8211; Blauburgunder &#8211; Pinot nero &#8211; Rouge\"}]},{\"@type\":\"WebSite\",\"@id\":\"https:\\\/\\\/www.ivinio.com\\\/fr\\\/#website\",\"url\":\"https:\\\/\\\/www.ivinio.com\\\/fr\\\/\",\"name\":\"IVINIO Caviste\",\"description\":\"Vins de France et d&#039;Italie avec livraison \u00e0 domicile\",\"publisher\":{\"@id\":\"https:\\\/\\\/www.ivinio.com\\\/fr\\\/#organization\"},\"potentialAction\":[{\"@type\":\"SearchAction\",\"target\":{\"@type\":\"EntryPoint\",\"urlTemplate\":\"https:\\\/\\\/www.ivinio.com\\\/fr\\\/?s={search_term_string}\"},\"query-input\":{\"@type\":\"PropertyValueSpecification\",\"valueRequired\":true,\"valueName\":\"search_term_string\"}}],\"inLanguage\":\"fr-FR\"},{\"@type\":\"Organization\",\"@id\":\"https:\\\/\\\/www.ivinio.com\\\/fr\\\/#organization\",\"name\":\"IVINIO\",\"url\":\"https:\\\/\\\/www.ivinio.com\\\/fr\\\/\",\"logo\":{\"@type\":\"ImageObject\",\"inLanguage\":\"fr-FR\",\"@id\":\"https:\\\/\\\/www.ivinio.com\\\/fr\\\/#\\\/schema\\\/logo\\\/image\\\/\",\"url\":\"https:\\\/\\\/www.ivinio.com\\\/wp-content\\\/uploads\\\/2021\\\/01\\\/Logo-Ivinio-v2.jpg\",\"contentUrl\":\"https:\\\/\\\/www.ivinio.com\\\/wp-content\\\/uploads\\\/2021\\\/01\\\/Logo-Ivinio-v2.jpg\",\"width\":1194,\"height\":1194,\"caption\":\"IVINIO\"},\"image\":{\"@id\":\"https:\\\/\\\/www.ivinio.com\\\/fr\\\/#\\\/schema\\\/logo\\\/image\\\/\"},\"sameAs\":[\"https:\\\/\\\/www.facebook.com\\\/groups\\\/165217837022391\\\/?ref=bookmarks\",\"https:\\\/\\\/www.instagram.com\\\/_ivinio_\\\/?hl=fr\"]}]}<\/script>\n<!-- \/ Yoast SEO plugin. -->","yoast_head_json":{"title":"Achetez Cortaccia - Blauburgunder - Pinot nero - vin rouge - IVINIO Caviste","description":"Acheter Cortaccia - Blauburgunder - Pinot nero - vin rouge. 100% Pinor noir de l'Alto Adige \u00e0 servir sur de la viande grill\u00e9e, du gibier ou des fromages.","robots":{"index":"index","follow":"follow","max-snippet":"max-snippet:-1","max-image-preview":"max-image-preview:large","max-video-preview":"max-video-preview:-1"},"canonical":"https:\/\/www.ivinio.com\/fr\/produit\/cortaccia-blauburgunder-pinot-nero-rouge\/","og_locale":"fr_FR","og_type":"article","og_title":"Achetez Cortaccia - Blauburgunder - Pinot nero - vin rouge - IVINIO Caviste","og_description":"Acheter Cortaccia - Blauburgunder - Pinot nero - vin rouge. 100% Pinor noir de l'Alto Adige \u00e0 servir sur de la viande grill\u00e9e, du gibier ou des fromages.","og_url":"https:\/\/www.ivinio.com\/fr\/produit\/cortaccia-blauburgunder-pinot-nero-rouge\/","og_site_name":"IVINIO Caviste","article_publisher":"https:\/\/www.facebook.com\/groups\/165217837022391\/?ref=bookmarks","article_modified_time":"2022-03-17T04:14:36+00:00","og_image":[{"width":500,"height":500,"url":"https:\/\/www.ivinio.com\/wp-content\/uploads\/nc\/public\/modules\/file\/pictures\/7052.Kurtatsch-Cortaccia-Blauburgunder-pinot-nero-IVINIO.jpg","type":"image\/jpeg"}],"twitter_card":"summary_large_image","schema":{"@context":"https:\/\/schema.org","@graph":[{"@type":"WebPage","@id":"https:\/\/www.ivinio.com\/fr\/produit\/cortaccia-blauburgunder-pinot-nero-rouge\/","url":"https:\/\/www.ivinio.com\/fr\/produit\/cortaccia-blauburgunder-pinot-nero-rouge\/","name":"Achetez Cortaccia - Blauburgunder - Pinot nero - vin rouge - IVINIO Caviste","isPartOf":{"@id":"https:\/\/www.ivinio.com\/fr\/#website"},"primaryImageOfPage":{"@id":"https:\/\/www.ivinio.com\/fr\/produit\/cortaccia-blauburgunder-pinot-nero-rouge\/#primaryimage"},"image":{"@id":"https:\/\/www.ivinio.com\/fr\/produit\/cortaccia-blauburgunder-pinot-nero-rouge\/#primaryimage"},"thumbnailUrl":"https:\/\/www.ivinio.com\/wp-content\/uploads\/nc\/public\/modules\/file\/pictures\/7052.Kurtatsch-Cortaccia-Blauburgunder-pinot-nero-IVINIO.jpg","datePublished":"2019-07-13T18:25:38+00:00","dateModified":"2022-03-17T04:14:36+00:00","description":"Acheter Cortaccia - Blauburgunder - Pinot nero - vin rouge. 100% Pinor noir de l'Alto Adige \u00e0 servir sur de la viande grill\u00e9e, du gibier ou des fromages.","breadcrumb":{"@id":"https:\/\/www.ivinio.com\/fr\/produit\/cortaccia-blauburgunder-pinot-nero-rouge\/#breadcrumb"},"inLanguage":"fr-FR","potentialAction":[{"@type":"ReadAction","target":["https:\/\/www.ivinio.com\/fr\/produit\/cortaccia-blauburgunder-pinot-nero-rouge\/"]}]},{"@type":"ImageObject","inLanguage":"fr-FR","@id":"https:\/\/www.ivinio.com\/fr\/produit\/cortaccia-blauburgunder-pinot-nero-rouge\/#primaryimage","url":"https:\/\/www.ivinio.com\/wp-content\/uploads\/nc\/public\/modules\/file\/pictures\/7052.Kurtatsch-Cortaccia-Blauburgunder-pinot-nero-IVINIO.jpg","contentUrl":"https:\/\/www.ivinio.com\/wp-content\/uploads\/nc\/public\/modules\/file\/pictures\/7052.Kurtatsch-Cortaccia-Blauburgunder-pinot-nero-IVINIO.jpg","width":500,"height":500,"caption":"Cortaccia - Blauburgunder - Pinot nero"},{"@type":"BreadcrumbList","@id":"https:\/\/www.ivinio.com\/fr\/produit\/cortaccia-blauburgunder-pinot-nero-rouge\/#breadcrumb","itemListElement":[{"@type":"ListItem","position":1,"name":"Home","item":"https:\/\/www.ivinio.com\/fr\/"},{"@type":"ListItem","position":2,"name":"Boutique de vin","item":"https:\/\/www.ivinio.com\/fr\/boutique-de-vin\/"},{"@type":"ListItem","position":3,"name":"Cortaccia &#8211; Blauburgunder &#8211; Pinot nero &#8211; Rouge"}]},{"@type":"WebSite","@id":"https:\/\/www.ivinio.com\/fr\/#website","url":"https:\/\/www.ivinio.com\/fr\/","name":"IVINIO Caviste","description":"Vins de France et d&#039;Italie avec livraison \u00e0 domicile","publisher":{"@id":"https:\/\/www.ivinio.com\/fr\/#organization"},"potentialAction":[{"@type":"SearchAction","target":{"@type":"EntryPoint","urlTemplate":"https:\/\/www.ivinio.com\/fr\/?s={search_term_string}"},"query-input":{"@type":"PropertyValueSpecification","valueRequired":true,"valueName":"search_term_string"}}],"inLanguage":"fr-FR"},{"@type":"Organization","@id":"https:\/\/www.ivinio.com\/fr\/#organization","name":"IVINIO","url":"https:\/\/www.ivinio.com\/fr\/","logo":{"@type":"ImageObject","inLanguage":"fr-FR","@id":"https:\/\/www.ivinio.com\/fr\/#\/schema\/logo\/image\/","url":"https:\/\/www.ivinio.com\/wp-content\/uploads\/2021\/01\/Logo-Ivinio-v2.jpg","contentUrl":"https:\/\/www.ivinio.com\/wp-content\/uploads\/2021\/01\/Logo-Ivinio-v2.jpg","width":1194,"height":1194,"caption":"IVINIO"},"image":{"@id":"https:\/\/www.ivinio.com\/fr\/#\/schema\/logo\/image\/"},"sameAs":["https:\/\/www.facebook.com\/groups\/165217837022391\/?ref=bookmarks","https:\/\/www.instagram.com\/_ivinio_\/?hl=fr"]}]}},"jetpack_sharing_enabled":true,"_links":{"self":[{"href":"https:\/\/www.ivinio.com\/fr\/wp-json\/wp\/v2\/product\/121770","targetHints":{"allow":["GET"]}}],"collection":[{"href":"https:\/\/www.ivinio.com\/fr\/wp-json\/wp\/v2\/product"}],"about":[{"href":"https:\/\/www.ivinio.com\/fr\/wp-json\/wp\/v2\/types\/product"}],"replies":[{"embeddable":true,"href":"https:\/\/www.ivinio.com\/fr\/wp-json\/wp\/v2\/comments?post=121770"}],"wp:featuredmedia":[{"embeddable":true,"href":"https:\/\/www.ivinio.com\/fr\/wp-json\/wp\/v2\/media\/121773"}],"wp:attachment":[{"href":"https:\/\/www.ivinio.com\/fr\/wp-json\/wp\/v2\/media?parent=121770"}],"wp:term":[{"taxonomy":"product_brand","embeddable":true,"href":"https:\/\/www.ivinio.com\/fr\/wp-json\/wp\/v2\/product_brand?post=121770"},{"taxonomy":"product_cat","embeddable":true,"href":"https:\/\/www.ivinio.com\/fr\/wp-json\/wp\/v2\/product_cat?post=121770"},{"taxonomy":"product_tag","embeddable":true,"href":"https:\/\/www.ivinio.com\/fr\/wp-json\/wp\/v2\/product_tag?post=121770"}],"curies":[{"name":"wp","href":"https:\/\/api.w.org\/{rel}","templated":true}]}}