{"id":121728,"date":"2019-04-05T19:49:58","date_gmt":"2019-04-05T19:49:58","guid":{"rendered":"https:\/\/henrik.www.ivinio.com\/?product=domaines-ott-chateau-romassan-bandol-rose"},"modified":"2026-04-14T17:39:00","modified_gmt":"2026-04-14T15:39:00","slug":"domaines-ott-chateau-romassan-bandol-rose","status":"publish","type":"product","link":"https:\/\/www.ivinio.com\/fr\/produit\/domaines-ott-chateau-romassan-bandol-rose\/","title":{"rendered":"Domaines Ott &#8211; Ch\u00e2teau Romassan &#8211; Bandol &#8211; Ros\u00e9"},"content":{"rendered":"<p>Domaines Ott &#8211; Ch\u00e2teau Romassan &#8211; Bandol &#8211; Ros\u00e9 est compos\u00e9 principalement de Mourv\u00e8dre pour la structure et la capacit\u00e9 de vieillissement, mais aussi de Grenache qui donne des notes vineuses, de Cinsault qui contribue \u00e0 la l\u00e9g\u00e8rt\u00e9 et finesse et de Syrah pour une rondeur fruit\u00e9e.<\/p>\n","protected":false},"excerpt":{"rendered":"<p>Ch\u00e2teau Romassan est le vin du grand amateur de ros\u00e9s. Les Domaines Ott n&#8217;ont pas besoin de pr\u00e9sentation suppl\u00e9mentaire, mais sont probablement la maison de vin la plus exclusive et la plus c\u00e9l\u00e8bre de Provence.<\/p>\n","protected":false},"featured_media":126849,"comment_status":"open","ping_status":"closed","template":"","meta":{"_monsterinsights_skip_tracking":false,"_monsterinsights_sitenote_active":false,"_monsterinsights_sitenote_note":"","_monsterinsights_sitenote_category":0,"_uf_show_specific_survey":0,"_uf_disable_surveys":false},"product_brand":[],"product_cat":[36622,36586],"product_tag":[],"class_list":{"0":"post-121728","1":"product","2":"type-product","3":"status-publish","4":"has-post-thumbnail","6":"product_cat-fr-provence","7":"product_cat-vins-francais","8":"pa_alcohol-degree-13-fr","9":"pa_classification-aop-bandol-fr","10":"pa_color-rose-fr","11":"pa_country-france-fr","12":"pa_grape-variety-cinsault-fr","13":"pa_grape-variety-grenache-fr","14":"pa_grape-variety-mourvedre-fr","15":"pa_grape-variety-syrah-fr","16":"pa_package-1x1-fr","17":"pa_package-1x6-fr","18":"pa_region-provence-fr","19":"pa_storage-potential-7-ans","20":"pa_vintage-2024-fr","21":"pa_volume-75-cl-fr","23":"first","24":"instock","25":"taxable","26":"shipping-taxable","27":"purchasable","28":"product-type-simple"},"bundled_by":[],"bundle_stock_status":"instock","bundle_stock_quantity":null,"bundle_virtual":false,"bundle_layout":"","bundle_add_to_cart_form_location":"","bundle_editable_in_cart":false,"bundle_sold_individually_context":"","bundle_item_grouping":"","bundle_min_size":"","bundle_max_size":"","bundle_price":[],"bundled_items":[],"bundle_sell_ids":[],"yoast_head":"<!-- This site is optimized with the Yoast SEO plugin v27.5 - https:\/\/yoast.com\/product\/yoast-seo-wordpress\/ -->\n<title>Acheter Domaines Ott - Ch\u00e2teau Romassan - Bandol - Ros\u00e9 - IVINIO Caviste<\/title>\n<meta name=\"description\" content=\"Domaines Ott - Ch\u00e2teau Romassan - Bandol - Ros\u00e9. Ch\u00e2teau Romassan est le vin du grand amateur de ros\u00e9s. Probablement la maison de vin la plus exclusive et la plus c\u00e9l\u00e8bre de Provence.\" \/>\n<meta name=\"robots\" content=\"index, follow, max-snippet:-1, max-image-preview:large, max-video-preview:-1\" \/>\n<link rel=\"canonical\" href=\"https:\/\/www.ivinio.com\/fr\/produit\/domaines-ott-chateau-romassan-bandol-rose\/\" \/>\n<meta property=\"og:locale\" content=\"fr_FR\" \/>\n<meta property=\"og:type\" content=\"article\" \/>\n<meta property=\"og:title\" content=\"Acheter Domaines Ott - Ch\u00e2teau Romassan - Bandol - Ros\u00e9 - IVINIO Caviste\" \/>\n<meta property=\"og:description\" content=\"Domaines Ott - Ch\u00e2teau Romassan - Bandol - Ros\u00e9. Ch\u00e2teau Romassan est le vin du grand amateur de ros\u00e9s. Probablement la maison de vin la plus exclusive et la plus c\u00e9l\u00e8bre de Provence.\" \/>\n<meta property=\"og:url\" content=\"https:\/\/www.ivinio.com\/fr\/produit\/domaines-ott-chateau-romassan-bandol-rose\/\" \/>\n<meta property=\"og:site_name\" content=\"IVINIO Caviste\" \/>\n<meta property=\"article:publisher\" content=\"https:\/\/www.facebook.com\/groups\/165217837022391\/?ref=bookmarks\" \/>\n<meta property=\"article:modified_time\" content=\"2026-04-14T15:39:00+00:00\" \/>\n<meta property=\"og:image\" content=\"https:\/\/www.ivinio.com\/wp-content\/uploads\/nc\/public\/modules\/file\/pictures\/7006.Domaines-Ott-Chateau-Romassan-Ros-IVINIO.jpg\" \/>\n\t<meta property=\"og:image:width\" content=\"500\" \/>\n\t<meta property=\"og:image:height\" content=\"500\" \/>\n\t<meta property=\"og:image:type\" content=\"image\/jpeg\" \/>\n<meta name=\"twitter:card\" content=\"summary_large_image\" \/>\n<meta name=\"twitter:label1\" content=\"Dur\u00e9e de lecture estim\u00e9e\" \/>\n\t<meta name=\"twitter:data1\" content=\"1 minute\" \/>\n<script type=\"application\/ld+json\" class=\"yoast-schema-graph\">{\"@context\":\"https:\\\/\\\/schema.org\",\"@graph\":[{\"@type\":\"WebPage\",\"@id\":\"https:\\\/\\\/www.ivinio.com\\\/fr\\\/produit\\\/domaines-ott-chateau-romassan-bandol-rose\\\/\",\"url\":\"https:\\\/\\\/www.ivinio.com\\\/fr\\\/produit\\\/domaines-ott-chateau-romassan-bandol-rose\\\/\",\"name\":\"Acheter Domaines Ott - Ch\u00e2teau Romassan - Bandol - Ros\u00e9 - IVINIO Caviste\",\"isPartOf\":{\"@id\":\"https:\\\/\\\/www.ivinio.com\\\/fr\\\/#website\"},\"primaryImageOfPage\":{\"@id\":\"https:\\\/\\\/www.ivinio.com\\\/fr\\\/produit\\\/domaines-ott-chateau-romassan-bandol-rose\\\/#primaryimage\"},\"image\":{\"@id\":\"https:\\\/\\\/www.ivinio.com\\\/fr\\\/produit\\\/domaines-ott-chateau-romassan-bandol-rose\\\/#primaryimage\"},\"thumbnailUrl\":\"https:\\\/\\\/www.ivinio.com\\\/wp-content\\\/uploads\\\/nc\\\/public\\\/modules\\\/file\\\/pictures\\\/7006.Domaines-Ott-Chateau-Romassan-Ros-IVINIO.jpg\",\"datePublished\":\"2019-04-05T19:49:58+00:00\",\"dateModified\":\"2026-04-14T15:39:00+00:00\",\"description\":\"Domaines Ott - Ch\u00e2teau Romassan - Bandol - Ros\u00e9. Ch\u00e2teau Romassan est le vin du grand amateur de ros\u00e9s. Probablement la maison de vin la plus exclusive et la plus c\u00e9l\u00e8bre de Provence.\",\"breadcrumb\":{\"@id\":\"https:\\\/\\\/www.ivinio.com\\\/fr\\\/produit\\\/domaines-ott-chateau-romassan-bandol-rose\\\/#breadcrumb\"},\"inLanguage\":\"fr-FR\",\"potentialAction\":[{\"@type\":\"ReadAction\",\"target\":[\"https:\\\/\\\/www.ivinio.com\\\/fr\\\/produit\\\/domaines-ott-chateau-romassan-bandol-rose\\\/\"]}]},{\"@type\":\"ImageObject\",\"inLanguage\":\"fr-FR\",\"@id\":\"https:\\\/\\\/www.ivinio.com\\\/fr\\\/produit\\\/domaines-ott-chateau-romassan-bandol-rose\\\/#primaryimage\",\"url\":\"https:\\\/\\\/www.ivinio.com\\\/wp-content\\\/uploads\\\/nc\\\/public\\\/modules\\\/file\\\/pictures\\\/7006.Domaines-Ott-Chateau-Romassan-Ros-IVINIO.jpg\",\"contentUrl\":\"https:\\\/\\\/www.ivinio.com\\\/wp-content\\\/uploads\\\/nc\\\/public\\\/modules\\\/file\\\/pictures\\\/7006.Domaines-Ott-Chateau-Romassan-Ros-IVINIO.jpg\",\"width\":500,\"height\":500,\"caption\":\"Domaines Ott - Ch\u00e2teau Romassan - Bandol - Ros\u00e9\"},{\"@type\":\"BreadcrumbList\",\"@id\":\"https:\\\/\\\/www.ivinio.com\\\/fr\\\/produit\\\/domaines-ott-chateau-romassan-bandol-rose\\\/#breadcrumb\",\"itemListElement\":[{\"@type\":\"ListItem\",\"position\":1,\"name\":\"Home\",\"item\":\"https:\\\/\\\/www.ivinio.com\\\/fr\\\/\"},{\"@type\":\"ListItem\",\"position\":2,\"name\":\"Boutique de vin\",\"item\":\"https:\\\/\\\/www.ivinio.com\\\/fr\\\/boutique-de-vin\\\/\"},{\"@type\":\"ListItem\",\"position\":3,\"name\":\"Domaines Ott &#8211; Ch\u00e2teau Romassan &#8211; Bandol &#8211; Ros\u00e9\"}]},{\"@type\":\"WebSite\",\"@id\":\"https:\\\/\\\/www.ivinio.com\\\/fr\\\/#website\",\"url\":\"https:\\\/\\\/www.ivinio.com\\\/fr\\\/\",\"name\":\"IVINIO Caviste\",\"description\":\"Vins de France et d&#039;Italie avec livraison \u00e0 domicile\",\"publisher\":{\"@id\":\"https:\\\/\\\/www.ivinio.com\\\/fr\\\/#organization\"},\"potentialAction\":[{\"@type\":\"SearchAction\",\"target\":{\"@type\":\"EntryPoint\",\"urlTemplate\":\"https:\\\/\\\/www.ivinio.com\\\/fr\\\/?s={search_term_string}\"},\"query-input\":{\"@type\":\"PropertyValueSpecification\",\"valueRequired\":true,\"valueName\":\"search_term_string\"}}],\"inLanguage\":\"fr-FR\"},{\"@type\":\"Organization\",\"@id\":\"https:\\\/\\\/www.ivinio.com\\\/fr\\\/#organization\",\"name\":\"IVINIO\",\"url\":\"https:\\\/\\\/www.ivinio.com\\\/fr\\\/\",\"logo\":{\"@type\":\"ImageObject\",\"inLanguage\":\"fr-FR\",\"@id\":\"https:\\\/\\\/www.ivinio.com\\\/fr\\\/#\\\/schema\\\/logo\\\/image\\\/\",\"url\":\"https:\\\/\\\/www.ivinio.com\\\/wp-content\\\/uploads\\\/2021\\\/01\\\/Logo-Ivinio-v2.jpg\",\"contentUrl\":\"https:\\\/\\\/www.ivinio.com\\\/wp-content\\\/uploads\\\/2021\\\/01\\\/Logo-Ivinio-v2.jpg\",\"width\":1194,\"height\":1194,\"caption\":\"IVINIO\"},\"image\":{\"@id\":\"https:\\\/\\\/www.ivinio.com\\\/fr\\\/#\\\/schema\\\/logo\\\/image\\\/\"},\"sameAs\":[\"https:\\\/\\\/www.facebook.com\\\/groups\\\/165217837022391\\\/?ref=bookmarks\",\"https:\\\/\\\/www.instagram.com\\\/_ivinio_\\\/?hl=fr\"]}]}<\/script>\n<!-- \/ Yoast SEO plugin. -->","yoast_head_json":{"title":"Acheter Domaines Ott - Ch\u00e2teau Romassan - Bandol - Ros\u00e9 - IVINIO Caviste","description":"Domaines Ott - Ch\u00e2teau Romassan - Bandol - Ros\u00e9. Ch\u00e2teau Romassan est le vin du grand amateur de ros\u00e9s. Probablement la maison de vin la plus exclusive et la plus c\u00e9l\u00e8bre de Provence.","robots":{"index":"index","follow":"follow","max-snippet":"max-snippet:-1","max-image-preview":"max-image-preview:large","max-video-preview":"max-video-preview:-1"},"canonical":"https:\/\/www.ivinio.com\/fr\/produit\/domaines-ott-chateau-romassan-bandol-rose\/","og_locale":"fr_FR","og_type":"article","og_title":"Acheter Domaines Ott - Ch\u00e2teau Romassan - Bandol - Ros\u00e9 - IVINIO Caviste","og_description":"Domaines Ott - Ch\u00e2teau Romassan - Bandol - Ros\u00e9. Ch\u00e2teau Romassan est le vin du grand amateur de ros\u00e9s. Probablement la maison de vin la plus exclusive et la plus c\u00e9l\u00e8bre de Provence.","og_url":"https:\/\/www.ivinio.com\/fr\/produit\/domaines-ott-chateau-romassan-bandol-rose\/","og_site_name":"IVINIO Caviste","article_publisher":"https:\/\/www.facebook.com\/groups\/165217837022391\/?ref=bookmarks","article_modified_time":"2026-04-14T15:39:00+00:00","og_image":[{"width":500,"height":500,"url":"https:\/\/www.ivinio.com\/wp-content\/uploads\/nc\/public\/modules\/file\/pictures\/7006.Domaines-Ott-Chateau-Romassan-Ros-IVINIO.jpg","type":"image\/jpeg"}],"twitter_card":"summary_large_image","twitter_misc":{"Dur\u00e9e de lecture estim\u00e9e":"1 minute"},"schema":{"@context":"https:\/\/schema.org","@graph":[{"@type":"WebPage","@id":"https:\/\/www.ivinio.com\/fr\/produit\/domaines-ott-chateau-romassan-bandol-rose\/","url":"https:\/\/www.ivinio.com\/fr\/produit\/domaines-ott-chateau-romassan-bandol-rose\/","name":"Acheter Domaines Ott - Ch\u00e2teau Romassan - Bandol - Ros\u00e9 - IVINIO Caviste","isPartOf":{"@id":"https:\/\/www.ivinio.com\/fr\/#website"},"primaryImageOfPage":{"@id":"https:\/\/www.ivinio.com\/fr\/produit\/domaines-ott-chateau-romassan-bandol-rose\/#primaryimage"},"image":{"@id":"https:\/\/www.ivinio.com\/fr\/produit\/domaines-ott-chateau-romassan-bandol-rose\/#primaryimage"},"thumbnailUrl":"https:\/\/www.ivinio.com\/wp-content\/uploads\/nc\/public\/modules\/file\/pictures\/7006.Domaines-Ott-Chateau-Romassan-Ros-IVINIO.jpg","datePublished":"2019-04-05T19:49:58+00:00","dateModified":"2026-04-14T15:39:00+00:00","description":"Domaines Ott - Ch\u00e2teau Romassan - Bandol - Ros\u00e9. Ch\u00e2teau Romassan est le vin du grand amateur de ros\u00e9s. Probablement la maison de vin la plus exclusive et la plus c\u00e9l\u00e8bre de Provence.","breadcrumb":{"@id":"https:\/\/www.ivinio.com\/fr\/produit\/domaines-ott-chateau-romassan-bandol-rose\/#breadcrumb"},"inLanguage":"fr-FR","potentialAction":[{"@type":"ReadAction","target":["https:\/\/www.ivinio.com\/fr\/produit\/domaines-ott-chateau-romassan-bandol-rose\/"]}]},{"@type":"ImageObject","inLanguage":"fr-FR","@id":"https:\/\/www.ivinio.com\/fr\/produit\/domaines-ott-chateau-romassan-bandol-rose\/#primaryimage","url":"https:\/\/www.ivinio.com\/wp-content\/uploads\/nc\/public\/modules\/file\/pictures\/7006.Domaines-Ott-Chateau-Romassan-Ros-IVINIO.jpg","contentUrl":"https:\/\/www.ivinio.com\/wp-content\/uploads\/nc\/public\/modules\/file\/pictures\/7006.Domaines-Ott-Chateau-Romassan-Ros-IVINIO.jpg","width":500,"height":500,"caption":"Domaines Ott - Ch\u00e2teau Romassan - Bandol - Ros\u00e9"},{"@type":"BreadcrumbList","@id":"https:\/\/www.ivinio.com\/fr\/produit\/domaines-ott-chateau-romassan-bandol-rose\/#breadcrumb","itemListElement":[{"@type":"ListItem","position":1,"name":"Home","item":"https:\/\/www.ivinio.com\/fr\/"},{"@type":"ListItem","position":2,"name":"Boutique de vin","item":"https:\/\/www.ivinio.com\/fr\/boutique-de-vin\/"},{"@type":"ListItem","position":3,"name":"Domaines Ott &#8211; Ch\u00e2teau Romassan &#8211; Bandol &#8211; Ros\u00e9"}]},{"@type":"WebSite","@id":"https:\/\/www.ivinio.com\/fr\/#website","url":"https:\/\/www.ivinio.com\/fr\/","name":"IVINIO Caviste","description":"Vins de France et d&#039;Italie avec livraison \u00e0 domicile","publisher":{"@id":"https:\/\/www.ivinio.com\/fr\/#organization"},"potentialAction":[{"@type":"SearchAction","target":{"@type":"EntryPoint","urlTemplate":"https:\/\/www.ivinio.com\/fr\/?s={search_term_string}"},"query-input":{"@type":"PropertyValueSpecification","valueRequired":true,"valueName":"search_term_string"}}],"inLanguage":"fr-FR"},{"@type":"Organization","@id":"https:\/\/www.ivinio.com\/fr\/#organization","name":"IVINIO","url":"https:\/\/www.ivinio.com\/fr\/","logo":{"@type":"ImageObject","inLanguage":"fr-FR","@id":"https:\/\/www.ivinio.com\/fr\/#\/schema\/logo\/image\/","url":"https:\/\/www.ivinio.com\/wp-content\/uploads\/2021\/01\/Logo-Ivinio-v2.jpg","contentUrl":"https:\/\/www.ivinio.com\/wp-content\/uploads\/2021\/01\/Logo-Ivinio-v2.jpg","width":1194,"height":1194,"caption":"IVINIO"},"image":{"@id":"https:\/\/www.ivinio.com\/fr\/#\/schema\/logo\/image\/"},"sameAs":["https:\/\/www.facebook.com\/groups\/165217837022391\/?ref=bookmarks","https:\/\/www.instagram.com\/_ivinio_\/?hl=fr"]}]}},"jetpack_sharing_enabled":true,"_links":{"self":[{"href":"https:\/\/www.ivinio.com\/fr\/wp-json\/wp\/v2\/product\/121728","targetHints":{"allow":["GET"]}}],"collection":[{"href":"https:\/\/www.ivinio.com\/fr\/wp-json\/wp\/v2\/product"}],"about":[{"href":"https:\/\/www.ivinio.com\/fr\/wp-json\/wp\/v2\/types\/product"}],"replies":[{"embeddable":true,"href":"https:\/\/www.ivinio.com\/fr\/wp-json\/wp\/v2\/comments?post=121728"}],"wp:featuredmedia":[{"embeddable":true,"href":"https:\/\/www.ivinio.com\/fr\/wp-json\/wp\/v2\/media\/126849"}],"wp:attachment":[{"href":"https:\/\/www.ivinio.com\/fr\/wp-json\/wp\/v2\/media?parent=121728"}],"wp:term":[{"taxonomy":"product_brand","embeddable":true,"href":"https:\/\/www.ivinio.com\/fr\/wp-json\/wp\/v2\/product_brand?post=121728"},{"taxonomy":"product_cat","embeddable":true,"href":"https:\/\/www.ivinio.com\/fr\/wp-json\/wp\/v2\/product_cat?post=121728"},{"taxonomy":"product_tag","embeddable":true,"href":"https:\/\/www.ivinio.com\/fr\/wp-json\/wp\/v2\/product_tag?post=121728"}],"curies":[{"name":"wp","href":"https:\/\/api.w.org\/{rel}","templated":true}]}}