{"id":121724,"date":"2014-05-21T10:20:31","date_gmt":"2014-05-21T10:20:31","guid":{"rendered":"https:\/\/henrik.www.ivinio.com\/?product=vinosia-santandrea-taurasi-rouge"},"modified":"2023-01-04T16:44:48","modified_gmt":"2023-01-04T15:44:48","slug":"vinosia-santandrea-taurasi-rouge","status":"publish","type":"product","link":"https:\/\/www.ivinio.com\/fr\/produit\/vinosia-santandrea-taurasi-rouge\/","title":{"rendered":"Vinosia &#8211; Santandrea &#8211; Taurasi &#8211; Rouge"},"content":{"rendered":"<p>Santandrea de Vinosia est compos\u00e9 de\u00a0100% d&#8217;Aglianico cultiv\u00e9s dans des sols volcaniques et dans du calcaire. Les vendanges se font\u00a0durant les dix premiers jours de novembre. Les raisins sont ensuite mac\u00e9r\u00e9s pendant 12 jours, sont ferment\u00e9s et la fermentation malolactique est effectu\u00e9e dans des f\u00fbts de ch\u00eane fran\u00e7ais. L&#8217;\u00e9levage\u00a0est \u00e9galement effectu\u00e9 pendant 12 mois dans des f\u00fbts de ch\u00eane fran\u00e7ais.<\/p>\n","protected":false},"excerpt":{"rendered":"<p>Santandrea de Vinosia est un Taurasi compos\u00e9 du c\u00e9page Aglianico. Un vin rouge \u00e9l\u00e9gant avec des notes\u00a0aromatiques de cerise et d&#8217;\u00e9pices douces (cannelle et vanille). Pour accompagner des\u00a0viandes savoureuse\u00a0comme du foie de veau.<\/p>\n","protected":false},"featured_media":132201,"comment_status":"open","ping_status":"closed","template":"","meta":{"_monsterinsights_skip_tracking":false,"_monsterinsights_sitenote_active":false,"_monsterinsights_sitenote_note":"","_monsterinsights_sitenote_category":0,"_uf_show_specific_survey":0,"_uf_disable_surveys":false},"product_brand":[],"product_cat":[36606,36591],"product_tag":[],"class_list":{"0":"post-121724","1":"product","2":"type-product","3":"status-publish","4":"has-post-thumbnail","6":"product_cat-sv-apulien-campania","7":"product_cat-italienska-viner","8":"pa_alcohol-degree-14-sv","9":"pa_classification-docg-taurasi-sv","10":"pa_color-rod-sv","11":"pa_country-italien-sv","12":"pa_grape-variety-aglianico-sv","13":"pa_region-kampanien-sv","14":"pa_storage-potential-10-ar-sv","15":"pa_vintage-2014-sv","16":"pa_volume-75-cl-sv","18":"first","19":"instock","20":"taxable","21":"shipping-taxable","22":"purchasable","23":"product-type-simple"},"bundled_by":[],"bundle_stock_status":"instock","bundle_stock_quantity":null,"bundle_virtual":false,"bundle_layout":"","bundle_add_to_cart_form_location":"","bundle_editable_in_cart":false,"bundle_sold_individually_context":"","bundle_item_grouping":"","bundle_min_size":"","bundle_max_size":"","bundle_price":[],"bundled_items":[],"bundle_sell_ids":[],"yoast_head":"<!-- This site is optimized with the Yoast SEO plugin v27.5 - https:\/\/yoast.com\/product\/yoast-seo-wordpress\/ -->\n<title>Achat Vinosia - Santandrea - Taurasi - Rouge - IVINIO Caviste<\/title>\n<meta name=\"description\" content=\"Vinosia - Santandrea - Taurasi - Rouge. Compos\u00e9 du c\u00e9page Aglianico. Un vin rouge \u00e9l\u00e9gant avec des notes aromatiques de cerise et d&#039;\u00e9pices douces (cannelle et vanille).\" \/>\n<meta name=\"robots\" content=\"index, follow, max-snippet:-1, max-image-preview:large, max-video-preview:-1\" \/>\n<link rel=\"canonical\" href=\"https:\/\/www.ivinio.com\/fr\/produit\/vinosia-santandrea-taurasi-rouge\/\" \/>\n<meta property=\"og:locale\" content=\"fr_FR\" \/>\n<meta property=\"og:type\" content=\"article\" \/>\n<meta property=\"og:title\" content=\"Achat Vinosia - Santandrea - Taurasi - Rouge - IVINIO Caviste\" \/>\n<meta property=\"og:description\" content=\"Vinosia - Santandrea - Taurasi - Rouge. Compos\u00e9 du c\u00e9page Aglianico. Un vin rouge \u00e9l\u00e9gant avec des notes aromatiques de cerise et d&#039;\u00e9pices douces (cannelle et vanille).\" \/>\n<meta property=\"og:url\" content=\"https:\/\/www.ivinio.com\/fr\/produit\/vinosia-santandrea-taurasi-rouge\/\" \/>\n<meta property=\"og:site_name\" content=\"IVINIO Caviste\" \/>\n<meta property=\"article:publisher\" content=\"https:\/\/www.facebook.com\/groups\/165217837022391\/?ref=bookmarks\" \/>\n<meta property=\"article:modified_time\" content=\"2023-01-04T15:44:48+00:00\" \/>\n<meta property=\"og:image\" content=\"https:\/\/www.ivinio.com\/wp-content\/uploads\/2014\/05\/Vinosia-Taurasi-Santandrea-IVINIO.jpg\" \/>\n\t<meta property=\"og:image:width\" content=\"500\" \/>\n\t<meta property=\"og:image:height\" content=\"500\" \/>\n\t<meta property=\"og:image:type\" content=\"image\/jpeg\" \/>\n<meta name=\"twitter:card\" content=\"summary_large_image\" \/>\n<script type=\"application\/ld+json\" class=\"yoast-schema-graph\">{\"@context\":\"https:\\\/\\\/schema.org\",\"@graph\":[{\"@type\":\"WebPage\",\"@id\":\"https:\\\/\\\/www.ivinio.com\\\/fr\\\/produit\\\/vinosia-santandrea-taurasi-rouge\\\/\",\"url\":\"https:\\\/\\\/www.ivinio.com\\\/fr\\\/produit\\\/vinosia-santandrea-taurasi-rouge\\\/\",\"name\":\"Achat Vinosia - Santandrea - Taurasi - Rouge - IVINIO Caviste\",\"isPartOf\":{\"@id\":\"https:\\\/\\\/www.ivinio.com\\\/fr\\\/#website\"},\"primaryImageOfPage\":{\"@id\":\"https:\\\/\\\/www.ivinio.com\\\/fr\\\/produit\\\/vinosia-santandrea-taurasi-rouge\\\/#primaryimage\"},\"image\":{\"@id\":\"https:\\\/\\\/www.ivinio.com\\\/fr\\\/produit\\\/vinosia-santandrea-taurasi-rouge\\\/#primaryimage\"},\"thumbnailUrl\":\"https:\\\/\\\/www.ivinio.com\\\/wp-content\\\/uploads\\\/2014\\\/05\\\/Vinosia-Taurasi-Santandrea-IVINIO.jpg\",\"datePublished\":\"2014-05-21T10:20:31+00:00\",\"dateModified\":\"2023-01-04T15:44:48+00:00\",\"description\":\"Vinosia - Santandrea - Taurasi - Rouge. Compos\u00e9 du c\u00e9page Aglianico. Un vin rouge \u00e9l\u00e9gant avec des notes aromatiques de cerise et d'\u00e9pices douces (cannelle et vanille).\",\"breadcrumb\":{\"@id\":\"https:\\\/\\\/www.ivinio.com\\\/fr\\\/produit\\\/vinosia-santandrea-taurasi-rouge\\\/#breadcrumb\"},\"inLanguage\":\"fr-FR\",\"potentialAction\":[{\"@type\":\"ReadAction\",\"target\":[\"https:\\\/\\\/www.ivinio.com\\\/fr\\\/produit\\\/vinosia-santandrea-taurasi-rouge\\\/\"]}]},{\"@type\":\"ImageObject\",\"inLanguage\":\"fr-FR\",\"@id\":\"https:\\\/\\\/www.ivinio.com\\\/fr\\\/produit\\\/vinosia-santandrea-taurasi-rouge\\\/#primaryimage\",\"url\":\"https:\\\/\\\/www.ivinio.com\\\/wp-content\\\/uploads\\\/2014\\\/05\\\/Vinosia-Taurasi-Santandrea-IVINIO.jpg\",\"contentUrl\":\"https:\\\/\\\/www.ivinio.com\\\/wp-content\\\/uploads\\\/2014\\\/05\\\/Vinosia-Taurasi-Santandrea-IVINIO.jpg\",\"width\":500,\"height\":500},{\"@type\":\"BreadcrumbList\",\"@id\":\"https:\\\/\\\/www.ivinio.com\\\/fr\\\/produit\\\/vinosia-santandrea-taurasi-rouge\\\/#breadcrumb\",\"itemListElement\":[{\"@type\":\"ListItem\",\"position\":1,\"name\":\"Home\",\"item\":\"https:\\\/\\\/www.ivinio.com\\\/fr\\\/\"},{\"@type\":\"ListItem\",\"position\":2,\"name\":\"Boutique de vin\",\"item\":\"https:\\\/\\\/www.ivinio.com\\\/fr\\\/boutique-de-vin\\\/\"},{\"@type\":\"ListItem\",\"position\":3,\"name\":\"Vinosia &#8211; Santandrea &#8211; Taurasi &#8211; Rouge\"}]},{\"@type\":\"WebSite\",\"@id\":\"https:\\\/\\\/www.ivinio.com\\\/fr\\\/#website\",\"url\":\"https:\\\/\\\/www.ivinio.com\\\/fr\\\/\",\"name\":\"IVINIO Caviste\",\"description\":\"Vins de France et d&#039;Italie avec livraison \u00e0 domicile\",\"publisher\":{\"@id\":\"https:\\\/\\\/www.ivinio.com\\\/fr\\\/#organization\"},\"potentialAction\":[{\"@type\":\"SearchAction\",\"target\":{\"@type\":\"EntryPoint\",\"urlTemplate\":\"https:\\\/\\\/www.ivinio.com\\\/fr\\\/?s={search_term_string}\"},\"query-input\":{\"@type\":\"PropertyValueSpecification\",\"valueRequired\":true,\"valueName\":\"search_term_string\"}}],\"inLanguage\":\"fr-FR\"},{\"@type\":\"Organization\",\"@id\":\"https:\\\/\\\/www.ivinio.com\\\/fr\\\/#organization\",\"name\":\"IVINIO\",\"url\":\"https:\\\/\\\/www.ivinio.com\\\/fr\\\/\",\"logo\":{\"@type\":\"ImageObject\",\"inLanguage\":\"fr-FR\",\"@id\":\"https:\\\/\\\/www.ivinio.com\\\/fr\\\/#\\\/schema\\\/logo\\\/image\\\/\",\"url\":\"https:\\\/\\\/www.ivinio.com\\\/wp-content\\\/uploads\\\/2021\\\/01\\\/Logo-Ivinio-v2.jpg\",\"contentUrl\":\"https:\\\/\\\/www.ivinio.com\\\/wp-content\\\/uploads\\\/2021\\\/01\\\/Logo-Ivinio-v2.jpg\",\"width\":1194,\"height\":1194,\"caption\":\"IVINIO\"},\"image\":{\"@id\":\"https:\\\/\\\/www.ivinio.com\\\/fr\\\/#\\\/schema\\\/logo\\\/image\\\/\"},\"sameAs\":[\"https:\\\/\\\/www.facebook.com\\\/groups\\\/165217837022391\\\/?ref=bookmarks\",\"https:\\\/\\\/www.instagram.com\\\/_ivinio_\\\/?hl=fr\"]}]}<\/script>\n<!-- \/ Yoast SEO plugin. -->","yoast_head_json":{"title":"Achat Vinosia - Santandrea - Taurasi - Rouge - IVINIO Caviste","description":"Vinosia - Santandrea - Taurasi - Rouge. Compos\u00e9 du c\u00e9page Aglianico. Un vin rouge \u00e9l\u00e9gant avec des notes aromatiques de cerise et d'\u00e9pices douces (cannelle et vanille).","robots":{"index":"index","follow":"follow","max-snippet":"max-snippet:-1","max-image-preview":"max-image-preview:large","max-video-preview":"max-video-preview:-1"},"canonical":"https:\/\/www.ivinio.com\/fr\/produit\/vinosia-santandrea-taurasi-rouge\/","og_locale":"fr_FR","og_type":"article","og_title":"Achat Vinosia - Santandrea - Taurasi - Rouge - IVINIO Caviste","og_description":"Vinosia - Santandrea - Taurasi - Rouge. Compos\u00e9 du c\u00e9page Aglianico. Un vin rouge \u00e9l\u00e9gant avec des notes aromatiques de cerise et d'\u00e9pices douces (cannelle et vanille).","og_url":"https:\/\/www.ivinio.com\/fr\/produit\/vinosia-santandrea-taurasi-rouge\/","og_site_name":"IVINIO Caviste","article_publisher":"https:\/\/www.facebook.com\/groups\/165217837022391\/?ref=bookmarks","article_modified_time":"2023-01-04T15:44:48+00:00","og_image":[{"width":500,"height":500,"url":"https:\/\/www.ivinio.com\/wp-content\/uploads\/2014\/05\/Vinosia-Taurasi-Santandrea-IVINIO.jpg","type":"image\/jpeg"}],"twitter_card":"summary_large_image","schema":{"@context":"https:\/\/schema.org","@graph":[{"@type":"WebPage","@id":"https:\/\/www.ivinio.com\/fr\/produit\/vinosia-santandrea-taurasi-rouge\/","url":"https:\/\/www.ivinio.com\/fr\/produit\/vinosia-santandrea-taurasi-rouge\/","name":"Achat Vinosia - Santandrea - Taurasi - Rouge - IVINIO Caviste","isPartOf":{"@id":"https:\/\/www.ivinio.com\/fr\/#website"},"primaryImageOfPage":{"@id":"https:\/\/www.ivinio.com\/fr\/produit\/vinosia-santandrea-taurasi-rouge\/#primaryimage"},"image":{"@id":"https:\/\/www.ivinio.com\/fr\/produit\/vinosia-santandrea-taurasi-rouge\/#primaryimage"},"thumbnailUrl":"https:\/\/www.ivinio.com\/wp-content\/uploads\/2014\/05\/Vinosia-Taurasi-Santandrea-IVINIO.jpg","datePublished":"2014-05-21T10:20:31+00:00","dateModified":"2023-01-04T15:44:48+00:00","description":"Vinosia - Santandrea - Taurasi - Rouge. Compos\u00e9 du c\u00e9page Aglianico. Un vin rouge \u00e9l\u00e9gant avec des notes aromatiques de cerise et d'\u00e9pices douces (cannelle et vanille).","breadcrumb":{"@id":"https:\/\/www.ivinio.com\/fr\/produit\/vinosia-santandrea-taurasi-rouge\/#breadcrumb"},"inLanguage":"fr-FR","potentialAction":[{"@type":"ReadAction","target":["https:\/\/www.ivinio.com\/fr\/produit\/vinosia-santandrea-taurasi-rouge\/"]}]},{"@type":"ImageObject","inLanguage":"fr-FR","@id":"https:\/\/www.ivinio.com\/fr\/produit\/vinosia-santandrea-taurasi-rouge\/#primaryimage","url":"https:\/\/www.ivinio.com\/wp-content\/uploads\/2014\/05\/Vinosia-Taurasi-Santandrea-IVINIO.jpg","contentUrl":"https:\/\/www.ivinio.com\/wp-content\/uploads\/2014\/05\/Vinosia-Taurasi-Santandrea-IVINIO.jpg","width":500,"height":500},{"@type":"BreadcrumbList","@id":"https:\/\/www.ivinio.com\/fr\/produit\/vinosia-santandrea-taurasi-rouge\/#breadcrumb","itemListElement":[{"@type":"ListItem","position":1,"name":"Home","item":"https:\/\/www.ivinio.com\/fr\/"},{"@type":"ListItem","position":2,"name":"Boutique de vin","item":"https:\/\/www.ivinio.com\/fr\/boutique-de-vin\/"},{"@type":"ListItem","position":3,"name":"Vinosia &#8211; Santandrea &#8211; Taurasi &#8211; Rouge"}]},{"@type":"WebSite","@id":"https:\/\/www.ivinio.com\/fr\/#website","url":"https:\/\/www.ivinio.com\/fr\/","name":"IVINIO Caviste","description":"Vins de France et d&#039;Italie avec livraison \u00e0 domicile","publisher":{"@id":"https:\/\/www.ivinio.com\/fr\/#organization"},"potentialAction":[{"@type":"SearchAction","target":{"@type":"EntryPoint","urlTemplate":"https:\/\/www.ivinio.com\/fr\/?s={search_term_string}"},"query-input":{"@type":"PropertyValueSpecification","valueRequired":true,"valueName":"search_term_string"}}],"inLanguage":"fr-FR"},{"@type":"Organization","@id":"https:\/\/www.ivinio.com\/fr\/#organization","name":"IVINIO","url":"https:\/\/www.ivinio.com\/fr\/","logo":{"@type":"ImageObject","inLanguage":"fr-FR","@id":"https:\/\/www.ivinio.com\/fr\/#\/schema\/logo\/image\/","url":"https:\/\/www.ivinio.com\/wp-content\/uploads\/2021\/01\/Logo-Ivinio-v2.jpg","contentUrl":"https:\/\/www.ivinio.com\/wp-content\/uploads\/2021\/01\/Logo-Ivinio-v2.jpg","width":1194,"height":1194,"caption":"IVINIO"},"image":{"@id":"https:\/\/www.ivinio.com\/fr\/#\/schema\/logo\/image\/"},"sameAs":["https:\/\/www.facebook.com\/groups\/165217837022391\/?ref=bookmarks","https:\/\/www.instagram.com\/_ivinio_\/?hl=fr"]}]}},"jetpack_sharing_enabled":true,"_links":{"self":[{"href":"https:\/\/www.ivinio.com\/fr\/wp-json\/wp\/v2\/product\/121724","targetHints":{"allow":["GET"]}}],"collection":[{"href":"https:\/\/www.ivinio.com\/fr\/wp-json\/wp\/v2\/product"}],"about":[{"href":"https:\/\/www.ivinio.com\/fr\/wp-json\/wp\/v2\/types\/product"}],"replies":[{"embeddable":true,"href":"https:\/\/www.ivinio.com\/fr\/wp-json\/wp\/v2\/comments?post=121724"}],"wp:featuredmedia":[{"embeddable":true,"href":"https:\/\/www.ivinio.com\/fr\/wp-json\/wp\/v2\/media\/132201"}],"wp:attachment":[{"href":"https:\/\/www.ivinio.com\/fr\/wp-json\/wp\/v2\/media?parent=121724"}],"wp:term":[{"taxonomy":"product_brand","embeddable":true,"href":"https:\/\/www.ivinio.com\/fr\/wp-json\/wp\/v2\/product_brand?post=121724"},{"taxonomy":"product_cat","embeddable":true,"href":"https:\/\/www.ivinio.com\/fr\/wp-json\/wp\/v2\/product_cat?post=121724"},{"taxonomy":"product_tag","embeddable":true,"href":"https:\/\/www.ivinio.com\/fr\/wp-json\/wp\/v2\/product_tag?post=121724"}],"curies":[{"name":"wp","href":"https:\/\/api.w.org\/{rel}","templated":true}]}}