{"id":121714,"date":"2014-08-30T16:54:05","date_gmt":"2014-08-30T14:54:05","guid":{"rendered":"https:\/\/henrik.www.ivinio.com\/?product=domaine-fontaine-du-clos-aura-carton-decouverte-2x3-bouteilles"},"modified":"2021-11-27T14:54:06","modified_gmt":"2021-11-27T13:54:06","slug":"domaine-fontaine-du-clos-aura-carton-decouverte-2x3-bouteilles","status":"publish","type":"product","link":"https:\/\/www.ivinio.com\/fr\/produit\/domaine-fontaine-du-clos-aura-carton-decouverte-2x3-bouteilles\/","title":{"rendered":"DOMAINE Fontaine du Clos &#8221; Aura&#8221; &#8211; CARTON D\u00c9COUVERTE &#8211; 2X3 BOUTEILLES"},"content":{"rendered":"<p><span style=\"background-color: #ffffff; color: #333333; font-family: sans-serif,arial,verdana,trebuchet ms; font-size: 13px;\">Ce carton de vin m\u00e9lang\u00e9<\/span><span style=\"background-color: #ffffff; color: #333333; font-family: sans-serif,arial,verdana,trebuchet ms; font-size: 13px;\">, vous permettrait de d\u00e9guster<\/span> les vins &#8220;Aura&#8221; en blanc et en rouge. 2 vins charmants et g\u00e9n\u00e9reux avec style et puissance, \u00e9labor\u00e9s \u00e0 partir de combinaisons de c\u00e9pages originales; Marselan et Caladoc pour le rouge et le Chardonnay, Macabeau et Viognier pour le blanc!<\/p>\n","protected":false},"excerpt":{"rendered":"<p>Ce carton de vin m\u00e9lang\u00e9, vous permettrait de d\u00e9guster les 2 couleurs de ma gamme &#8220;Aura&#8221; ! 2 beaux vins g\u00e9n\u00e9reux et aromatiques de la vall\u00e9e du Rh\u00f4ne m\u00e9ridionale!<\/p>\n","protected":false},"featured_media":129288,"comment_status":"open","ping_status":"closed","template":"","meta":{"_monsterinsights_skip_tracking":false,"_monsterinsights_sitenote_active":false,"_monsterinsights_sitenote_note":"","_monsterinsights_sitenote_category":0,"_uf_show_specific_survey":0,"_uf_disable_surveys":false},"product_brand":[],"product_cat":[36643],"product_tag":[],"class_list":{"0":"post-121714","1":"product","2":"type-product","3":"status-publish","4":"has-post-thumbnail","6":"product_cat-ronde-des-vins","7":"pa_alcohol-degree-14-fr","8":"pa_color-blanc-fr","9":"pa_color-rouge-fr","10":"pa_country-france-fr","11":"pa_grape-variety-caladoc-en-fr","12":"pa_grape-variety-chardonnay-fr","13":"pa_grape-variety-macabeu-fr","14":"pa_grape-variety-marselan-fr","15":"pa_grape-variety-souvignier-fr","16":"pa_grape-variety-viognier-fr","17":"pa_package-1x1-fr","18":"pa_package-1x6-fr","19":"pa_region-vallee-du-rhone-fr","20":"pa_storage-potential-5-ans-fr","21":"pa_vintage-2023-fr","22":"pa_volume-75-cl-fr","24":"first","25":"instock","26":"taxable","27":"shipping-taxable","28":"purchasable","29":"product-type-bundle"},"bundled_by":[],"bundle_stock_status":"instock","bundle_stock_quantity":"","bundle_virtual":false,"bundle_layout":"grid","bundle_add_to_cart_form_location":"after_summary","bundle_editable_in_cart":false,"bundle_sold_individually_context":"product","bundle_item_grouping":"noindent","bundle_min_size":"","bundle_max_size":"","bundle_price":{"price":{"min":{"incl_tax":"60.8","excl_tax":"60.75"},"max":{"incl_tax":"60.8","excl_tax":"60.75"}},"regular_price":{"min":{"incl_tax":"60.8","excl_tax":"60.75"},"max":{"incl_tax":"60.8","excl_tax":"60.75"}}},"bundled_items":[{"bundled_item_id":8632,"product_id":121710,"menu_order":0,"quantity_min":3,"quantity_max":3,"quantity_default":3,"priced_individually":false,"shipped_individually":false,"override_title":false,"title":"Fontaine du Clos &#8211; Aura &#8211; Blanc","override_description":false,"description":"Fontaine du Clos &#8211; Aura &#8211; Blanc","optional":false,"hide_thumbnail":false,"discount":"","override_variations":true,"allowed_variations":[""],"override_default_variation_attributes":true,"default_variation_attributes":[],"single_product_visibility":"visible","cart_visibility":"hidden","order_visibility":"visible","single_product_price_visibility":"visible","cart_price_visibility":"visible","order_price_visibility":"visible","stock_status":"in_stock"},{"bundled_item_id":8633,"product_id":118339,"menu_order":1,"quantity_min":3,"quantity_max":3,"quantity_default":3,"priced_individually":false,"shipped_individually":false,"override_title":false,"title":"Fontaine du Clos &#8211; Aura &#8211; Rouge","override_description":false,"description":"Fontaine du Clos &#8211; Aura &#8211; Rouge","optional":false,"hide_thumbnail":false,"discount":"","override_variations":true,"allowed_variations":[""],"override_default_variation_attributes":true,"default_variation_attributes":[],"single_product_visibility":"visible","cart_visibility":"hidden","order_visibility":"visible","single_product_price_visibility":"visible","cart_price_visibility":"visible","order_price_visibility":"visible","stock_status":"in_stock"}],"bundle_sell_ids":[],"yoast_head":"<!-- This site is optimized with the Yoast SEO plugin v27.4 - https:\/\/yoast.com\/product\/yoast-seo-wordpress\/ -->\n<title>Acheter Domaine Fontaine du Clos &quot; Aura&quot; - carton vin m\u00e9lang\u00e9<\/title>\n<meta name=\"description\" content=\"Acheter Domaine Fontaine du Clos &quot; Aura&quot; - carton vin m\u00e9lang\u00e9. 2 couleurs gamme &quot;Aura&quot;! 2 vins aromatiques de la vall\u00e9e du Rh\u00f4ne m\u00e9ridionale!\" \/>\n<meta name=\"robots\" content=\"index, follow, max-snippet:-1, max-image-preview:large, max-video-preview:-1\" \/>\n<link rel=\"canonical\" href=\"https:\/\/www.ivinio.com\/fr\/produit\/domaine-fontaine-du-clos-aura-carton-decouverte-2x3-bouteilles\/\" \/>\n<meta property=\"og:locale\" content=\"fr_FR\" \/>\n<meta property=\"og:type\" content=\"article\" \/>\n<meta property=\"og:title\" content=\"Acheter Domaine Fontaine du Clos &quot; Aura&quot; - carton vin m\u00e9lang\u00e9\" \/>\n<meta property=\"og:description\" content=\"Acheter Domaine Fontaine du Clos &quot; Aura&quot; - carton vin m\u00e9lang\u00e9. 2 couleurs gamme &quot;Aura&quot;! 2 vins aromatiques de la vall\u00e9e du Rh\u00f4ne m\u00e9ridionale!\" \/>\n<meta property=\"og:url\" content=\"https:\/\/www.ivinio.com\/fr\/produit\/domaine-fontaine-du-clos-aura-carton-decouverte-2x3-bouteilles\/\" \/>\n<meta property=\"og:site_name\" content=\"IVINIO Caviste\" \/>\n<meta property=\"article:publisher\" content=\"https:\/\/www.facebook.com\/groups\/165217837022391\/?ref=bookmarks\" \/>\n<meta property=\"article:modified_time\" content=\"2021-11-27T13:54:06+00:00\" \/>\n<meta property=\"og:image\" content=\"https:\/\/www.ivinio.com\/wp-content\/uploads\/nc\/public\/modules\/file\/pictures\/7003.Domaine-Fontaine-du-clos-mixed-case.jpg\" \/>\n\t<meta property=\"og:image:width\" content=\"500\" \/>\n\t<meta property=\"og:image:height\" content=\"500\" \/>\n\t<meta property=\"og:image:type\" content=\"image\/jpeg\" \/>\n<meta name=\"twitter:card\" content=\"summary_large_image\" \/>\n<script type=\"application\/ld+json\" class=\"yoast-schema-graph\">{\"@context\":\"https:\\\/\\\/schema.org\",\"@graph\":[{\"@type\":\"WebPage\",\"@id\":\"https:\\\/\\\/www.ivinio.com\\\/fr\\\/produit\\\/domaine-fontaine-du-clos-aura-carton-decouverte-2x3-bouteilles\\\/\",\"url\":\"https:\\\/\\\/www.ivinio.com\\\/fr\\\/produit\\\/domaine-fontaine-du-clos-aura-carton-decouverte-2x3-bouteilles\\\/\",\"name\":\"Acheter Domaine Fontaine du Clos \\\" Aura\\\" - carton vin m\u00e9lang\u00e9\",\"isPartOf\":{\"@id\":\"https:\\\/\\\/www.ivinio.com\\\/fr\\\/#website\"},\"primaryImageOfPage\":{\"@id\":\"https:\\\/\\\/www.ivinio.com\\\/fr\\\/produit\\\/domaine-fontaine-du-clos-aura-carton-decouverte-2x3-bouteilles\\\/#primaryimage\"},\"image\":{\"@id\":\"https:\\\/\\\/www.ivinio.com\\\/fr\\\/produit\\\/domaine-fontaine-du-clos-aura-carton-decouverte-2x3-bouteilles\\\/#primaryimage\"},\"thumbnailUrl\":\"https:\\\/\\\/www.ivinio.com\\\/wp-content\\\/uploads\\\/nc\\\/public\\\/modules\\\/file\\\/pictures\\\/7003.Domaine-Fontaine-du-clos-mixed-case.jpg\",\"datePublished\":\"2014-08-30T14:54:05+00:00\",\"dateModified\":\"2021-11-27T13:54:06+00:00\",\"description\":\"Acheter Domaine Fontaine du Clos \\\" Aura\\\" - carton vin m\u00e9lang\u00e9. 2 couleurs gamme \\\"Aura\\\"! 2 vins aromatiques de la vall\u00e9e du Rh\u00f4ne m\u00e9ridionale!\",\"breadcrumb\":{\"@id\":\"https:\\\/\\\/www.ivinio.com\\\/fr\\\/produit\\\/domaine-fontaine-du-clos-aura-carton-decouverte-2x3-bouteilles\\\/#breadcrumb\"},\"inLanguage\":\"fr-FR\",\"potentialAction\":[{\"@type\":\"ReadAction\",\"target\":[\"https:\\\/\\\/www.ivinio.com\\\/fr\\\/produit\\\/domaine-fontaine-du-clos-aura-carton-decouverte-2x3-bouteilles\\\/\"]}]},{\"@type\":\"ImageObject\",\"inLanguage\":\"fr-FR\",\"@id\":\"https:\\\/\\\/www.ivinio.com\\\/fr\\\/produit\\\/domaine-fontaine-du-clos-aura-carton-decouverte-2x3-bouteilles\\\/#primaryimage\",\"url\":\"https:\\\/\\\/www.ivinio.com\\\/wp-content\\\/uploads\\\/nc\\\/public\\\/modules\\\/file\\\/pictures\\\/7003.Domaine-Fontaine-du-clos-mixed-case.jpg\",\"contentUrl\":\"https:\\\/\\\/www.ivinio.com\\\/wp-content\\\/uploads\\\/nc\\\/public\\\/modules\\\/file\\\/pictures\\\/7003.Domaine-Fontaine-du-clos-mixed-case.jpg\",\"width\":500,\"height\":500,\"caption\":\"K\u00f6pa Domaine Fontaine du Clos \\\" Aura\\\"\"},{\"@type\":\"BreadcrumbList\",\"@id\":\"https:\\\/\\\/www.ivinio.com\\\/fr\\\/produit\\\/domaine-fontaine-du-clos-aura-carton-decouverte-2x3-bouteilles\\\/#breadcrumb\",\"itemListElement\":[{\"@type\":\"ListItem\",\"position\":1,\"name\":\"Home\",\"item\":\"https:\\\/\\\/www.ivinio.com\\\/fr\\\/\"},{\"@type\":\"ListItem\",\"position\":2,\"name\":\"Boutique de vin\",\"item\":\"https:\\\/\\\/www.ivinio.com\\\/fr\\\/boutique-de-vin\\\/\"},{\"@type\":\"ListItem\",\"position\":3,\"name\":\"DOMAINE Fontaine du Clos &#8221; Aura&#8221; &#8211; CARTON D\u00c9COUVERTE &#8211; 2X3 BOUTEILLES\"}]},{\"@type\":\"WebSite\",\"@id\":\"https:\\\/\\\/www.ivinio.com\\\/fr\\\/#website\",\"url\":\"https:\\\/\\\/www.ivinio.com\\\/fr\\\/\",\"name\":\"IVINIO Caviste\",\"description\":\"Vins de France et d&#039;Italie avec livraison \u00e0 domicile\",\"publisher\":{\"@id\":\"https:\\\/\\\/www.ivinio.com\\\/fr\\\/#organization\"},\"potentialAction\":[{\"@type\":\"SearchAction\",\"target\":{\"@type\":\"EntryPoint\",\"urlTemplate\":\"https:\\\/\\\/www.ivinio.com\\\/fr\\\/?s={search_term_string}\"},\"query-input\":{\"@type\":\"PropertyValueSpecification\",\"valueRequired\":true,\"valueName\":\"search_term_string\"}}],\"inLanguage\":\"fr-FR\"},{\"@type\":\"Organization\",\"@id\":\"https:\\\/\\\/www.ivinio.com\\\/fr\\\/#organization\",\"name\":\"IVINIO\",\"url\":\"https:\\\/\\\/www.ivinio.com\\\/fr\\\/\",\"logo\":{\"@type\":\"ImageObject\",\"inLanguage\":\"fr-FR\",\"@id\":\"https:\\\/\\\/www.ivinio.com\\\/fr\\\/#\\\/schema\\\/logo\\\/image\\\/\",\"url\":\"https:\\\/\\\/www.ivinio.com\\\/wp-content\\\/uploads\\\/2021\\\/01\\\/Logo-Ivinio-v2.jpg\",\"contentUrl\":\"https:\\\/\\\/www.ivinio.com\\\/wp-content\\\/uploads\\\/2021\\\/01\\\/Logo-Ivinio-v2.jpg\",\"width\":1194,\"height\":1194,\"caption\":\"IVINIO\"},\"image\":{\"@id\":\"https:\\\/\\\/www.ivinio.com\\\/fr\\\/#\\\/schema\\\/logo\\\/image\\\/\"},\"sameAs\":[\"https:\\\/\\\/www.facebook.com\\\/groups\\\/165217837022391\\\/?ref=bookmarks\",\"https:\\\/\\\/www.instagram.com\\\/_ivinio_\\\/?hl=fr\"]}]}<\/script>\n<!-- \/ Yoast SEO plugin. -->","yoast_head_json":{"title":"Acheter Domaine Fontaine du Clos \" Aura\" - carton vin m\u00e9lang\u00e9","description":"Acheter Domaine Fontaine du Clos \" Aura\" - carton vin m\u00e9lang\u00e9. 2 couleurs gamme \"Aura\"! 2 vins aromatiques de la vall\u00e9e du Rh\u00f4ne m\u00e9ridionale!","robots":{"index":"index","follow":"follow","max-snippet":"max-snippet:-1","max-image-preview":"max-image-preview:large","max-video-preview":"max-video-preview:-1"},"canonical":"https:\/\/www.ivinio.com\/fr\/produit\/domaine-fontaine-du-clos-aura-carton-decouverte-2x3-bouteilles\/","og_locale":"fr_FR","og_type":"article","og_title":"Acheter Domaine Fontaine du Clos \" Aura\" - carton vin m\u00e9lang\u00e9","og_description":"Acheter Domaine Fontaine du Clos \" Aura\" - carton vin m\u00e9lang\u00e9. 2 couleurs gamme \"Aura\"! 2 vins aromatiques de la vall\u00e9e du Rh\u00f4ne m\u00e9ridionale!","og_url":"https:\/\/www.ivinio.com\/fr\/produit\/domaine-fontaine-du-clos-aura-carton-decouverte-2x3-bouteilles\/","og_site_name":"IVINIO Caviste","article_publisher":"https:\/\/www.facebook.com\/groups\/165217837022391\/?ref=bookmarks","article_modified_time":"2021-11-27T13:54:06+00:00","og_image":[{"width":500,"height":500,"url":"https:\/\/www.ivinio.com\/wp-content\/uploads\/nc\/public\/modules\/file\/pictures\/7003.Domaine-Fontaine-du-clos-mixed-case.jpg","type":"image\/jpeg"}],"twitter_card":"summary_large_image","schema":{"@context":"https:\/\/schema.org","@graph":[{"@type":"WebPage","@id":"https:\/\/www.ivinio.com\/fr\/produit\/domaine-fontaine-du-clos-aura-carton-decouverte-2x3-bouteilles\/","url":"https:\/\/www.ivinio.com\/fr\/produit\/domaine-fontaine-du-clos-aura-carton-decouverte-2x3-bouteilles\/","name":"Acheter Domaine Fontaine du Clos \" Aura\" - carton vin m\u00e9lang\u00e9","isPartOf":{"@id":"https:\/\/www.ivinio.com\/fr\/#website"},"primaryImageOfPage":{"@id":"https:\/\/www.ivinio.com\/fr\/produit\/domaine-fontaine-du-clos-aura-carton-decouverte-2x3-bouteilles\/#primaryimage"},"image":{"@id":"https:\/\/www.ivinio.com\/fr\/produit\/domaine-fontaine-du-clos-aura-carton-decouverte-2x3-bouteilles\/#primaryimage"},"thumbnailUrl":"https:\/\/www.ivinio.com\/wp-content\/uploads\/nc\/public\/modules\/file\/pictures\/7003.Domaine-Fontaine-du-clos-mixed-case.jpg","datePublished":"2014-08-30T14:54:05+00:00","dateModified":"2021-11-27T13:54:06+00:00","description":"Acheter Domaine Fontaine du Clos \" Aura\" - carton vin m\u00e9lang\u00e9. 2 couleurs gamme \"Aura\"! 2 vins aromatiques de la vall\u00e9e du Rh\u00f4ne m\u00e9ridionale!","breadcrumb":{"@id":"https:\/\/www.ivinio.com\/fr\/produit\/domaine-fontaine-du-clos-aura-carton-decouverte-2x3-bouteilles\/#breadcrumb"},"inLanguage":"fr-FR","potentialAction":[{"@type":"ReadAction","target":["https:\/\/www.ivinio.com\/fr\/produit\/domaine-fontaine-du-clos-aura-carton-decouverte-2x3-bouteilles\/"]}]},{"@type":"ImageObject","inLanguage":"fr-FR","@id":"https:\/\/www.ivinio.com\/fr\/produit\/domaine-fontaine-du-clos-aura-carton-decouverte-2x3-bouteilles\/#primaryimage","url":"https:\/\/www.ivinio.com\/wp-content\/uploads\/nc\/public\/modules\/file\/pictures\/7003.Domaine-Fontaine-du-clos-mixed-case.jpg","contentUrl":"https:\/\/www.ivinio.com\/wp-content\/uploads\/nc\/public\/modules\/file\/pictures\/7003.Domaine-Fontaine-du-clos-mixed-case.jpg","width":500,"height":500,"caption":"K\u00f6pa Domaine Fontaine du Clos \" Aura\""},{"@type":"BreadcrumbList","@id":"https:\/\/www.ivinio.com\/fr\/produit\/domaine-fontaine-du-clos-aura-carton-decouverte-2x3-bouteilles\/#breadcrumb","itemListElement":[{"@type":"ListItem","position":1,"name":"Home","item":"https:\/\/www.ivinio.com\/fr\/"},{"@type":"ListItem","position":2,"name":"Boutique de vin","item":"https:\/\/www.ivinio.com\/fr\/boutique-de-vin\/"},{"@type":"ListItem","position":3,"name":"DOMAINE Fontaine du Clos &#8221; Aura&#8221; &#8211; CARTON D\u00c9COUVERTE &#8211; 2X3 BOUTEILLES"}]},{"@type":"WebSite","@id":"https:\/\/www.ivinio.com\/fr\/#website","url":"https:\/\/www.ivinio.com\/fr\/","name":"IVINIO Caviste","description":"Vins de France et d&#039;Italie avec livraison \u00e0 domicile","publisher":{"@id":"https:\/\/www.ivinio.com\/fr\/#organization"},"potentialAction":[{"@type":"SearchAction","target":{"@type":"EntryPoint","urlTemplate":"https:\/\/www.ivinio.com\/fr\/?s={search_term_string}"},"query-input":{"@type":"PropertyValueSpecification","valueRequired":true,"valueName":"search_term_string"}}],"inLanguage":"fr-FR"},{"@type":"Organization","@id":"https:\/\/www.ivinio.com\/fr\/#organization","name":"IVINIO","url":"https:\/\/www.ivinio.com\/fr\/","logo":{"@type":"ImageObject","inLanguage":"fr-FR","@id":"https:\/\/www.ivinio.com\/fr\/#\/schema\/logo\/image\/","url":"https:\/\/www.ivinio.com\/wp-content\/uploads\/2021\/01\/Logo-Ivinio-v2.jpg","contentUrl":"https:\/\/www.ivinio.com\/wp-content\/uploads\/2021\/01\/Logo-Ivinio-v2.jpg","width":1194,"height":1194,"caption":"IVINIO"},"image":{"@id":"https:\/\/www.ivinio.com\/fr\/#\/schema\/logo\/image\/"},"sameAs":["https:\/\/www.facebook.com\/groups\/165217837022391\/?ref=bookmarks","https:\/\/www.instagram.com\/_ivinio_\/?hl=fr"]}]}},"jetpack_sharing_enabled":true,"_links":{"self":[{"href":"https:\/\/www.ivinio.com\/fr\/wp-json\/wp\/v2\/product\/121714","targetHints":{"allow":["GET"]}}],"collection":[{"href":"https:\/\/www.ivinio.com\/fr\/wp-json\/wp\/v2\/product"}],"about":[{"href":"https:\/\/www.ivinio.com\/fr\/wp-json\/wp\/v2\/types\/product"}],"replies":[{"embeddable":true,"href":"https:\/\/www.ivinio.com\/fr\/wp-json\/wp\/v2\/comments?post=121714"}],"wp:featuredmedia":[{"embeddable":true,"href":"https:\/\/www.ivinio.com\/fr\/wp-json\/wp\/v2\/media\/129288"}],"wp:attachment":[{"href":"https:\/\/www.ivinio.com\/fr\/wp-json\/wp\/v2\/media?parent=121714"}],"wp:term":[{"taxonomy":"product_brand","embeddable":true,"href":"https:\/\/www.ivinio.com\/fr\/wp-json\/wp\/v2\/product_brand?post=121714"},{"taxonomy":"product_cat","embeddable":true,"href":"https:\/\/www.ivinio.com\/fr\/wp-json\/wp\/v2\/product_cat?post=121714"},{"taxonomy":"product_tag","embeddable":true,"href":"https:\/\/www.ivinio.com\/fr\/wp-json\/wp\/v2\/product_tag?post=121714"}],"curies":[{"name":"wp","href":"https:\/\/api.w.org\/{rel}","templated":true}]}}