{"id":121706,"date":"2014-05-21T10:20:31","date_gmt":"2014-05-21T10:20:31","guid":{"rendered":"https:\/\/henrik.www.ivinio.com\/?product=vinosia-ariella-greco-di-tufo-blanc"},"modified":"2020-12-09T04:54:24","modified_gmt":"2020-12-09T04:54:24","slug":"vinosia-ariella-greco-di-tufo-blanc","status":"publish","type":"product","link":"https:\/\/www.ivinio.com\/fr\/produit\/vinosia-ariella-greco-di-tufo-blanc\/","title":{"rendered":"Vinosia &#8211; Ariella &#8211; Greco di Tufo &#8211; Blanc"},"content":{"rendered":"<p>Ariella de Vinosia est compos&eacute;e de&nbsp;100% de Greco di Tufo, cultiv&eacute;s dans un sol tr&egrave;s riche en carbonate de calcium cr&eacute;&eacute; au cours des mill&eacute;naires par la dissolution du gr&egrave;s de la municipalit&eacute; de Montefusco. Les vendanges sont faites durant la deuxi&egrave;me partie d&#39;octobre. Les grappes enti&egrave;res sont press&eacute;s d&eacute;licatement. Clarification statique &agrave; froid du mo&ucirc;t. Fermentation r&eacute;alis&eacute;e en partie avec de la levure naturelle. La fermentation malolactique n&#39;est pas r&eacute;alis&eacute;e enti&egrave;rement.<\/p>\n","protected":false},"excerpt":{"rendered":"<p>Ariella de Vinosia est compos&eacute; du c&eacute;page&nbsp;Greco di Tufo. Un vin blanc frais avec des notes de fruits blancs et d&#39;agrumes pour accompagner un poisson grill&eacute;, des p&acirc;tes aux fruits de mer ou un risotto.<\/p>\n","protected":false},"featured_media":121709,"comment_status":"open","ping_status":"closed","template":"","meta":{"_monsterinsights_skip_tracking":false,"_monsterinsights_sitenote_active":false,"_monsterinsights_sitenote_note":"","_monsterinsights_sitenote_category":0,"_uf_show_specific_survey":0,"_uf_disable_surveys":false},"product_brand":[],"product_cat":[36604,36589],"product_tag":[],"class_list":{"0":"post-121706","1":"product","2":"type-product","3":"status-publish","4":"has-post-thumbnail","6":"product_cat-fr-les-pouilles-campania","7":"product_cat-vins-italiens","8":"pa_alcohol-degree-13-5","9":"pa_classification-doc-greco-di-tufo-fr","10":"pa_color-blanc-fr","11":"pa_country-italie-fr","12":"pa_grape-variety-greco-di-tufo-fr","13":"pa_region-campagne-fr","14":"pa_storage-potential-quelques-annees-fr","15":"pa_vintage-2017-fr","16":"pa_volume-75-cl-fr","18":"first","19":"instock","20":"taxable","21":"shipping-taxable","22":"purchasable","23":"product-type-simple"},"bundled_by":[],"bundle_stock_status":"instock","bundle_stock_quantity":6,"bundle_virtual":false,"bundle_layout":"","bundle_add_to_cart_form_location":"","bundle_editable_in_cart":false,"bundle_sold_individually_context":"","bundle_item_grouping":"","bundle_min_size":"","bundle_max_size":"","bundle_price":[],"bundled_items":[],"bundle_sell_ids":[],"yoast_head":"<!-- This site is optimized with the Yoast SEO plugin v27.5 - https:\/\/yoast.com\/product\/yoast-seo-wordpress\/ -->\n<title>Acheter Greco di Tufop\u00e5 en ligne - Acheter du vin des Pouilles \/ Pouilles en ligne - Boutique de vin www.Ivinio.com<\/title>\n<meta name=\"description\" content=\"Ariella de Vinosia est compos\u00e9 du c\u00e9page Greco di Tufo. Un vin blanc frais avec des notes de fruits blancs et d&#039;agrumes pour accompagner un poisson grill\u00e9, des p\u00e2tes aux fruits de mer ou un risotto.\" \/>\n<meta name=\"robots\" content=\"index, follow, max-snippet:-1, max-image-preview:large, max-video-preview:-1\" \/>\n<link rel=\"canonical\" href=\"https:\/\/www.ivinio.com\/fr\/produit\/vinosia-ariella-greco-di-tufo-blanc\/\" \/>\n<meta property=\"og:locale\" content=\"fr_FR\" \/>\n<meta property=\"og:type\" content=\"article\" \/>\n<meta property=\"og:title\" content=\"Acheter Greco di Tufop\u00e5 en ligne - Acheter du vin des Pouilles \/ Pouilles en ligne - Boutique de vin www.Ivinio.com\" \/>\n<meta property=\"og:description\" content=\"Ariella de Vinosia est compos\u00e9 du c\u00e9page Greco di Tufo. Un vin blanc frais avec des notes de fruits blancs et d&#039;agrumes pour accompagner un poisson grill\u00e9, des p\u00e2tes aux fruits de mer ou un risotto.\" \/>\n<meta property=\"og:url\" content=\"https:\/\/www.ivinio.com\/fr\/produit\/vinosia-ariella-greco-di-tufo-blanc\/\" \/>\n<meta property=\"og:site_name\" content=\"IVINIO Caviste\" \/>\n<meta property=\"article:publisher\" content=\"https:\/\/www.facebook.com\/groups\/165217837022391\/?ref=bookmarks\" \/>\n<meta property=\"article:modified_time\" content=\"2020-12-09T04:54:24+00:00\" \/>\n<meta property=\"og:image\" content=\"https:\/\/www.ivinio.com\/wp-content\/uploads\/nc\/public\/modules\/file\/pictures\/7000.Vinosia-Greco-di-Tufo-Ariella-IVINIO.jpg\" \/>\n\t<meta property=\"og:image:width\" content=\"500\" \/>\n\t<meta property=\"og:image:height\" content=\"500\" \/>\n\t<meta property=\"og:image:type\" content=\"image\/jpeg\" \/>\n<meta name=\"twitter:card\" content=\"summary_large_image\" \/>\n<meta name=\"twitter:label1\" content=\"Dur\u00e9e de lecture estim\u00e9e\" \/>\n\t<meta name=\"twitter:data1\" content=\"1 minute\" \/>\n<script type=\"application\/ld+json\" class=\"yoast-schema-graph\">{\"@context\":\"https:\\\/\\\/schema.org\",\"@graph\":[{\"@type\":\"WebPage\",\"@id\":\"https:\\\/\\\/www.ivinio.com\\\/fr\\\/produit\\\/vinosia-ariella-greco-di-tufo-blanc\\\/\",\"url\":\"https:\\\/\\\/www.ivinio.com\\\/fr\\\/produit\\\/vinosia-ariella-greco-di-tufo-blanc\\\/\",\"name\":\"Acheter Greco di Tufop\u00e5 en ligne - Acheter du vin des Pouilles \\\/ Pouilles en ligne - Boutique de vin www.Ivinio.com\",\"isPartOf\":{\"@id\":\"https:\\\/\\\/www.ivinio.com\\\/fr\\\/#website\"},\"primaryImageOfPage\":{\"@id\":\"https:\\\/\\\/www.ivinio.com\\\/fr\\\/produit\\\/vinosia-ariella-greco-di-tufo-blanc\\\/#primaryimage\"},\"image\":{\"@id\":\"https:\\\/\\\/www.ivinio.com\\\/fr\\\/produit\\\/vinosia-ariella-greco-di-tufo-blanc\\\/#primaryimage\"},\"thumbnailUrl\":\"https:\\\/\\\/www.ivinio.com\\\/wp-content\\\/uploads\\\/nc\\\/public\\\/modules\\\/file\\\/pictures\\\/7000.Vinosia-Greco-di-Tufo-Ariella-IVINIO.jpg\",\"datePublished\":\"2014-05-21T10:20:31+00:00\",\"dateModified\":\"2020-12-09T04:54:24+00:00\",\"description\":\"Ariella de Vinosia est compos\u00e9 du c\u00e9page Greco di Tufo. Un vin blanc frais avec des notes de fruits blancs et d'agrumes pour accompagner un poisson grill\u00e9, des p\u00e2tes aux fruits de mer ou un risotto.\",\"breadcrumb\":{\"@id\":\"https:\\\/\\\/www.ivinio.com\\\/fr\\\/produit\\\/vinosia-ariella-greco-di-tufo-blanc\\\/#breadcrumb\"},\"inLanguage\":\"fr-FR\",\"potentialAction\":[{\"@type\":\"ReadAction\",\"target\":[\"https:\\\/\\\/www.ivinio.com\\\/fr\\\/produit\\\/vinosia-ariella-greco-di-tufo-blanc\\\/\"]}]},{\"@type\":\"ImageObject\",\"inLanguage\":\"fr-FR\",\"@id\":\"https:\\\/\\\/www.ivinio.com\\\/fr\\\/produit\\\/vinosia-ariella-greco-di-tufo-blanc\\\/#primaryimage\",\"url\":\"https:\\\/\\\/www.ivinio.com\\\/wp-content\\\/uploads\\\/nc\\\/public\\\/modules\\\/file\\\/pictures\\\/7000.Vinosia-Greco-di-Tufo-Ariella-IVINIO.jpg\",\"contentUrl\":\"https:\\\/\\\/www.ivinio.com\\\/wp-content\\\/uploads\\\/nc\\\/public\\\/modules\\\/file\\\/pictures\\\/7000.Vinosia-Greco-di-Tufo-Ariella-IVINIO.jpg\",\"width\":500,\"height\":500},{\"@type\":\"BreadcrumbList\",\"@id\":\"https:\\\/\\\/www.ivinio.com\\\/fr\\\/produit\\\/vinosia-ariella-greco-di-tufo-blanc\\\/#breadcrumb\",\"itemListElement\":[{\"@type\":\"ListItem\",\"position\":1,\"name\":\"Home\",\"item\":\"https:\\\/\\\/www.ivinio.com\\\/fr\\\/\"},{\"@type\":\"ListItem\",\"position\":2,\"name\":\"Boutique de vin\",\"item\":\"https:\\\/\\\/www.ivinio.com\\\/fr\\\/boutique-de-vin\\\/\"},{\"@type\":\"ListItem\",\"position\":3,\"name\":\"Vinosia &#8211; Ariella &#8211; Greco di Tufo &#8211; Blanc\"}]},{\"@type\":\"WebSite\",\"@id\":\"https:\\\/\\\/www.ivinio.com\\\/fr\\\/#website\",\"url\":\"https:\\\/\\\/www.ivinio.com\\\/fr\\\/\",\"name\":\"IVINIO Caviste\",\"description\":\"Vins de France et d&#039;Italie avec livraison \u00e0 domicile\",\"publisher\":{\"@id\":\"https:\\\/\\\/www.ivinio.com\\\/fr\\\/#organization\"},\"potentialAction\":[{\"@type\":\"SearchAction\",\"target\":{\"@type\":\"EntryPoint\",\"urlTemplate\":\"https:\\\/\\\/www.ivinio.com\\\/fr\\\/?s={search_term_string}\"},\"query-input\":{\"@type\":\"PropertyValueSpecification\",\"valueRequired\":true,\"valueName\":\"search_term_string\"}}],\"inLanguage\":\"fr-FR\"},{\"@type\":\"Organization\",\"@id\":\"https:\\\/\\\/www.ivinio.com\\\/fr\\\/#organization\",\"name\":\"IVINIO\",\"url\":\"https:\\\/\\\/www.ivinio.com\\\/fr\\\/\",\"logo\":{\"@type\":\"ImageObject\",\"inLanguage\":\"fr-FR\",\"@id\":\"https:\\\/\\\/www.ivinio.com\\\/fr\\\/#\\\/schema\\\/logo\\\/image\\\/\",\"url\":\"https:\\\/\\\/www.ivinio.com\\\/wp-content\\\/uploads\\\/2021\\\/01\\\/Logo-Ivinio-v2.jpg\",\"contentUrl\":\"https:\\\/\\\/www.ivinio.com\\\/wp-content\\\/uploads\\\/2021\\\/01\\\/Logo-Ivinio-v2.jpg\",\"width\":1194,\"height\":1194,\"caption\":\"IVINIO\"},\"image\":{\"@id\":\"https:\\\/\\\/www.ivinio.com\\\/fr\\\/#\\\/schema\\\/logo\\\/image\\\/\"},\"sameAs\":[\"https:\\\/\\\/www.facebook.com\\\/groups\\\/165217837022391\\\/?ref=bookmarks\",\"https:\\\/\\\/www.instagram.com\\\/_ivinio_\\\/?hl=fr\"]}]}<\/script>\n<!-- \/ Yoast SEO plugin. -->","yoast_head_json":{"title":"Acheter Greco di Tufop\u00e5 en ligne - Acheter du vin des Pouilles \/ Pouilles en ligne - Boutique de vin www.Ivinio.com","description":"Ariella de Vinosia est compos\u00e9 du c\u00e9page Greco di Tufo. Un vin blanc frais avec des notes de fruits blancs et d'agrumes pour accompagner un poisson grill\u00e9, des p\u00e2tes aux fruits de mer ou un risotto.","robots":{"index":"index","follow":"follow","max-snippet":"max-snippet:-1","max-image-preview":"max-image-preview:large","max-video-preview":"max-video-preview:-1"},"canonical":"https:\/\/www.ivinio.com\/fr\/produit\/vinosia-ariella-greco-di-tufo-blanc\/","og_locale":"fr_FR","og_type":"article","og_title":"Acheter Greco di Tufop\u00e5 en ligne - Acheter du vin des Pouilles \/ Pouilles en ligne - Boutique de vin www.Ivinio.com","og_description":"Ariella de Vinosia est compos\u00e9 du c\u00e9page Greco di Tufo. Un vin blanc frais avec des notes de fruits blancs et d'agrumes pour accompagner un poisson grill\u00e9, des p\u00e2tes aux fruits de mer ou un risotto.","og_url":"https:\/\/www.ivinio.com\/fr\/produit\/vinosia-ariella-greco-di-tufo-blanc\/","og_site_name":"IVINIO Caviste","article_publisher":"https:\/\/www.facebook.com\/groups\/165217837022391\/?ref=bookmarks","article_modified_time":"2020-12-09T04:54:24+00:00","og_image":[{"width":500,"height":500,"url":"https:\/\/www.ivinio.com\/wp-content\/uploads\/nc\/public\/modules\/file\/pictures\/7000.Vinosia-Greco-di-Tufo-Ariella-IVINIO.jpg","type":"image\/jpeg"}],"twitter_card":"summary_large_image","twitter_misc":{"Dur\u00e9e de lecture estim\u00e9e":"1 minute"},"schema":{"@context":"https:\/\/schema.org","@graph":[{"@type":"WebPage","@id":"https:\/\/www.ivinio.com\/fr\/produit\/vinosia-ariella-greco-di-tufo-blanc\/","url":"https:\/\/www.ivinio.com\/fr\/produit\/vinosia-ariella-greco-di-tufo-blanc\/","name":"Acheter Greco di Tufop\u00e5 en ligne - Acheter du vin des Pouilles \/ Pouilles en ligne - Boutique de vin www.Ivinio.com","isPartOf":{"@id":"https:\/\/www.ivinio.com\/fr\/#website"},"primaryImageOfPage":{"@id":"https:\/\/www.ivinio.com\/fr\/produit\/vinosia-ariella-greco-di-tufo-blanc\/#primaryimage"},"image":{"@id":"https:\/\/www.ivinio.com\/fr\/produit\/vinosia-ariella-greco-di-tufo-blanc\/#primaryimage"},"thumbnailUrl":"https:\/\/www.ivinio.com\/wp-content\/uploads\/nc\/public\/modules\/file\/pictures\/7000.Vinosia-Greco-di-Tufo-Ariella-IVINIO.jpg","datePublished":"2014-05-21T10:20:31+00:00","dateModified":"2020-12-09T04:54:24+00:00","description":"Ariella de Vinosia est compos\u00e9 du c\u00e9page Greco di Tufo. Un vin blanc frais avec des notes de fruits blancs et d'agrumes pour accompagner un poisson grill\u00e9, des p\u00e2tes aux fruits de mer ou un risotto.","breadcrumb":{"@id":"https:\/\/www.ivinio.com\/fr\/produit\/vinosia-ariella-greco-di-tufo-blanc\/#breadcrumb"},"inLanguage":"fr-FR","potentialAction":[{"@type":"ReadAction","target":["https:\/\/www.ivinio.com\/fr\/produit\/vinosia-ariella-greco-di-tufo-blanc\/"]}]},{"@type":"ImageObject","inLanguage":"fr-FR","@id":"https:\/\/www.ivinio.com\/fr\/produit\/vinosia-ariella-greco-di-tufo-blanc\/#primaryimage","url":"https:\/\/www.ivinio.com\/wp-content\/uploads\/nc\/public\/modules\/file\/pictures\/7000.Vinosia-Greco-di-Tufo-Ariella-IVINIO.jpg","contentUrl":"https:\/\/www.ivinio.com\/wp-content\/uploads\/nc\/public\/modules\/file\/pictures\/7000.Vinosia-Greco-di-Tufo-Ariella-IVINIO.jpg","width":500,"height":500},{"@type":"BreadcrumbList","@id":"https:\/\/www.ivinio.com\/fr\/produit\/vinosia-ariella-greco-di-tufo-blanc\/#breadcrumb","itemListElement":[{"@type":"ListItem","position":1,"name":"Home","item":"https:\/\/www.ivinio.com\/fr\/"},{"@type":"ListItem","position":2,"name":"Boutique de vin","item":"https:\/\/www.ivinio.com\/fr\/boutique-de-vin\/"},{"@type":"ListItem","position":3,"name":"Vinosia &#8211; Ariella &#8211; Greco di Tufo &#8211; Blanc"}]},{"@type":"WebSite","@id":"https:\/\/www.ivinio.com\/fr\/#website","url":"https:\/\/www.ivinio.com\/fr\/","name":"IVINIO Caviste","description":"Vins de France et d&#039;Italie avec livraison \u00e0 domicile","publisher":{"@id":"https:\/\/www.ivinio.com\/fr\/#organization"},"potentialAction":[{"@type":"SearchAction","target":{"@type":"EntryPoint","urlTemplate":"https:\/\/www.ivinio.com\/fr\/?s={search_term_string}"},"query-input":{"@type":"PropertyValueSpecification","valueRequired":true,"valueName":"search_term_string"}}],"inLanguage":"fr-FR"},{"@type":"Organization","@id":"https:\/\/www.ivinio.com\/fr\/#organization","name":"IVINIO","url":"https:\/\/www.ivinio.com\/fr\/","logo":{"@type":"ImageObject","inLanguage":"fr-FR","@id":"https:\/\/www.ivinio.com\/fr\/#\/schema\/logo\/image\/","url":"https:\/\/www.ivinio.com\/wp-content\/uploads\/2021\/01\/Logo-Ivinio-v2.jpg","contentUrl":"https:\/\/www.ivinio.com\/wp-content\/uploads\/2021\/01\/Logo-Ivinio-v2.jpg","width":1194,"height":1194,"caption":"IVINIO"},"image":{"@id":"https:\/\/www.ivinio.com\/fr\/#\/schema\/logo\/image\/"},"sameAs":["https:\/\/www.facebook.com\/groups\/165217837022391\/?ref=bookmarks","https:\/\/www.instagram.com\/_ivinio_\/?hl=fr"]}]}},"jetpack_sharing_enabled":true,"_links":{"self":[{"href":"https:\/\/www.ivinio.com\/fr\/wp-json\/wp\/v2\/product\/121706","targetHints":{"allow":["GET"]}}],"collection":[{"href":"https:\/\/www.ivinio.com\/fr\/wp-json\/wp\/v2\/product"}],"about":[{"href":"https:\/\/www.ivinio.com\/fr\/wp-json\/wp\/v2\/types\/product"}],"replies":[{"embeddable":true,"href":"https:\/\/www.ivinio.com\/fr\/wp-json\/wp\/v2\/comments?post=121706"}],"wp:featuredmedia":[{"embeddable":true,"href":"https:\/\/www.ivinio.com\/fr\/wp-json\/wp\/v2\/media\/121709"}],"wp:attachment":[{"href":"https:\/\/www.ivinio.com\/fr\/wp-json\/wp\/v2\/media?parent=121706"}],"wp:term":[{"taxonomy":"product_brand","embeddable":true,"href":"https:\/\/www.ivinio.com\/fr\/wp-json\/wp\/v2\/product_brand?post=121706"},{"taxonomy":"product_cat","embeddable":true,"href":"https:\/\/www.ivinio.com\/fr\/wp-json\/wp\/v2\/product_cat?post=121706"},{"taxonomy":"product_tag","embeddable":true,"href":"https:\/\/www.ivinio.com\/fr\/wp-json\/wp\/v2\/product_tag?post=121706"}],"curies":[{"name":"wp","href":"https:\/\/api.w.org\/{rel}","templated":true}]}}