{"id":121678,"date":"2017-08-30T19:56:30","date_gmt":"2017-08-30T19:56:30","guid":{"rendered":"https:\/\/henrik.www.ivinio.com\/?product=chateau-pressac-saint-emilion-grand-cru-rouge"},"modified":"2024-01-26T18:56:31","modified_gmt":"2024-01-26T17:56:31","slug":"chateau-pressac-saint-emilion-grand-cru-rouge","status":"publish","type":"product","link":"https:\/\/www.ivinio.com\/fr\/produit\/chateau-pressac-saint-emilion-grand-cru-rouge\/","title":{"rendered":"Ch\u00e2teau Pressac\u2013 Saint Emilion Grand Cru \u2013 rouge"},"content":{"rendered":"<p>Ch\u00e2teau Pressac\u2013 Saint Emilion Grand Cru est compos\u00e9 de 77 % de Merlot, 11 % de Cabernet sauvignon, 9 % de Cabernet franc, 2 % de Carm\u00e9n\u00e8re et 1 % de Malbec. Le vignoble est exploit\u00e9e sur 36 hectares de terres. Vendanges manuelles dans des caisses en bois. Triple trie des raisins &#8211; 2 sur tables vibrantes et un trie optique. Mac\u00e9ration 2-5 jours \u00e0 basse temp\u00e9rature. Fermentation avec pigeage et remontage pendant 18 \u00e0 24 jours. Fermentation malolactique, en partie en f\u00fbts de ch\u00eane. Elevage dans des f\u00fbts de ch\u00eane dont la moiti\u00e9 est neuve pendant 18 mois.<\/p>\n","protected":false},"excerpt":{"rendered":"<p>Le Ch\u00e2teau de Pressac est un\u00a0grand cru class\u00e9 qui, compos\u00e9 surtout de\u00a0merlot, mais \u00e9galement de\u00a0Cabernet Franc, Cabernet Sauvignon, Malbec et\u00a0Carm\u00e9n\u00e8re pour une grande complexit\u00e9 !<\/p>\n","protected":false},"featured_media":121681,"comment_status":"open","ping_status":"closed","template":"","meta":{"_monsterinsights_skip_tracking":false,"_monsterinsights_sitenote_active":false,"_monsterinsights_sitenote_note":"","_monsterinsights_sitenote_category":0,"_uf_show_specific_survey":0,"_uf_disable_surveys":false},"product_brand":[],"product_cat":[36631,36586],"product_tag":[],"class_list":{"0":"post-121678","1":"product","2":"type-product","3":"status-publish","4":"has-post-thumbnail","6":"product_cat-fr-bordeaux","7":"product_cat-vins-francais","8":"pa_alcohol-degree-13-fr","9":"pa_awards-falstaff-fr","10":"pa_awards-james-suckling-fr","11":"pa_awards-le-figaro-fr","12":"pa_awards-the-wine-advocate-fr","13":"pa_awards-vinous-antonio-galloni-fr","14":"pa_awards-wine-spectator-fr","15":"pa_classification-aop-saint-emilion-grand-cru-fr","16":"pa_color-rouge-fr","17":"pa_country-france-fr","18":"pa_grape-variety-cabernet-franc-fr","19":"pa_grape-variety-cabernet-sauvignon-fr","20":"pa_grape-variety-carmenere-fr","21":"pa_grape-variety-merlot-fr","22":"pa_package-1x1-fr","23":"pa_package-1x6-fr","24":"pa_region-bordeaux-fr","25":"pa_storage-potential-au-moins-10-ans-fr","26":"pa_vintage-2019-fr","27":"pa_volume-75-cl-fr","29":"first","30":"instock","31":"taxable","32":"shipping-taxable","33":"purchasable","34":"product-type-variable"},"bundled_by":[],"bundle_stock_status":"instock","bundle_stock_quantity":null,"bundle_virtual":false,"bundle_layout":"","bundle_add_to_cart_form_location":"","bundle_editable_in_cart":false,"bundle_sold_individually_context":"","bundle_item_grouping":"","bundle_min_size":"","bundle_max_size":"","bundle_price":[],"bundled_items":[],"bundle_sell_ids":[],"yoast_head":"<!-- This site is optimized with the Yoast SEO plugin v27.5 - https:\/\/yoast.com\/product\/yoast-seo-wordpress\/ -->\n<title>Acheter Ch\u00e2teau Pressac\u2013 Saint Emilion Grand Cru - IVINIO Caviste<\/title>\n<meta name=\"description\" content=\"Acheter Ch\u00e2teau Pressac\u2013 Saint Emilion Grand Cru. Compos\u00e9 de plusieurs c\u00e9pages pour une grande complexit\u00e9 !\" \/>\n<meta name=\"robots\" content=\"index, follow, max-snippet:-1, max-image-preview:large, max-video-preview:-1\" \/>\n<link rel=\"canonical\" href=\"https:\/\/www.ivinio.com\/fr\/produit\/chateau-pressac-saint-emilion-grand-cru-rouge\/\" \/>\n<meta property=\"og:locale\" content=\"fr_FR\" \/>\n<meta property=\"og:type\" content=\"article\" \/>\n<meta property=\"og:title\" content=\"Acheter Ch\u00e2teau Pressac\u2013 Saint Emilion Grand Cru - IVINIO Caviste\" \/>\n<meta property=\"og:description\" content=\"Acheter Ch\u00e2teau Pressac\u2013 Saint Emilion Grand Cru. Compos\u00e9 de plusieurs c\u00e9pages pour une grande complexit\u00e9 !\" \/>\n<meta property=\"og:url\" content=\"https:\/\/www.ivinio.com\/fr\/produit\/chateau-pressac-saint-emilion-grand-cru-rouge\/\" \/>\n<meta property=\"og:site_name\" content=\"IVINIO Caviste\" \/>\n<meta property=\"article:publisher\" content=\"https:\/\/www.facebook.com\/groups\/165217837022391\/?ref=bookmarks\" \/>\n<meta property=\"article:modified_time\" content=\"2024-01-26T17:56:31+00:00\" \/>\n<meta property=\"og:image\" content=\"https:\/\/www.ivinio.com\/wp-content\/uploads\/nc\/public\/modules\/file\/pictures\/6994.chateau-de-pressac-ivinio.jpg\" \/>\n\t<meta property=\"og:image:width\" content=\"500\" \/>\n\t<meta property=\"og:image:height\" content=\"500\" \/>\n\t<meta property=\"og:image:type\" content=\"image\/jpeg\" \/>\n<meta name=\"twitter:card\" content=\"summary_large_image\" \/>\n<meta name=\"twitter:label1\" content=\"Dur\u00e9e de lecture estim\u00e9e\" \/>\n\t<meta name=\"twitter:data1\" content=\"1 minute\" \/>\n<script type=\"application\/ld+json\" class=\"yoast-schema-graph\">{\"@context\":\"https:\\\/\\\/schema.org\",\"@graph\":[{\"@type\":\"WebPage\",\"@id\":\"https:\\\/\\\/www.ivinio.com\\\/fr\\\/produit\\\/chateau-pressac-saint-emilion-grand-cru-rouge\\\/\",\"url\":\"https:\\\/\\\/www.ivinio.com\\\/fr\\\/produit\\\/chateau-pressac-saint-emilion-grand-cru-rouge\\\/\",\"name\":\"Acheter Ch\u00e2teau Pressac\u2013 Saint Emilion Grand Cru - IVINIO Caviste\",\"isPartOf\":{\"@id\":\"https:\\\/\\\/www.ivinio.com\\\/fr\\\/#website\"},\"primaryImageOfPage\":{\"@id\":\"https:\\\/\\\/www.ivinio.com\\\/fr\\\/produit\\\/chateau-pressac-saint-emilion-grand-cru-rouge\\\/#primaryimage\"},\"image\":{\"@id\":\"https:\\\/\\\/www.ivinio.com\\\/fr\\\/produit\\\/chateau-pressac-saint-emilion-grand-cru-rouge\\\/#primaryimage\"},\"thumbnailUrl\":\"https:\\\/\\\/www.ivinio.com\\\/wp-content\\\/uploads\\\/nc\\\/public\\\/modules\\\/file\\\/pictures\\\/6994.chateau-de-pressac-ivinio.jpg\",\"datePublished\":\"2017-08-30T19:56:30+00:00\",\"dateModified\":\"2024-01-26T17:56:31+00:00\",\"description\":\"Acheter Ch\u00e2teau Pressac\u2013 Saint Emilion Grand Cru. Compos\u00e9 de plusieurs c\u00e9pages pour une grande complexit\u00e9 !\",\"breadcrumb\":{\"@id\":\"https:\\\/\\\/www.ivinio.com\\\/fr\\\/produit\\\/chateau-pressac-saint-emilion-grand-cru-rouge\\\/#breadcrumb\"},\"inLanguage\":\"fr-FR\",\"potentialAction\":[{\"@type\":\"ReadAction\",\"target\":[\"https:\\\/\\\/www.ivinio.com\\\/fr\\\/produit\\\/chateau-pressac-saint-emilion-grand-cru-rouge\\\/\"]}]},{\"@type\":\"ImageObject\",\"inLanguage\":\"fr-FR\",\"@id\":\"https:\\\/\\\/www.ivinio.com\\\/fr\\\/produit\\\/chateau-pressac-saint-emilion-grand-cru-rouge\\\/#primaryimage\",\"url\":\"https:\\\/\\\/www.ivinio.com\\\/wp-content\\\/uploads\\\/nc\\\/public\\\/modules\\\/file\\\/pictures\\\/6994.chateau-de-pressac-ivinio.jpg\",\"contentUrl\":\"https:\\\/\\\/www.ivinio.com\\\/wp-content\\\/uploads\\\/nc\\\/public\\\/modules\\\/file\\\/pictures\\\/6994.chateau-de-pressac-ivinio.jpg\",\"width\":500,\"height\":500,\"caption\":\"Ch\u00e2teau de Pressac\u2013 Saint Emilion Grand Cru\"},{\"@type\":\"BreadcrumbList\",\"@id\":\"https:\\\/\\\/www.ivinio.com\\\/fr\\\/produit\\\/chateau-pressac-saint-emilion-grand-cru-rouge\\\/#breadcrumb\",\"itemListElement\":[{\"@type\":\"ListItem\",\"position\":1,\"name\":\"Home\",\"item\":\"https:\\\/\\\/www.ivinio.com\\\/fr\\\/\"},{\"@type\":\"ListItem\",\"position\":2,\"name\":\"Boutique de vin\",\"item\":\"https:\\\/\\\/www.ivinio.com\\\/fr\\\/boutique-de-vin\\\/\"},{\"@type\":\"ListItem\",\"position\":3,\"name\":\"Ch\u00e2teau Pressac\u2013 Saint Emilion Grand Cru \u2013 rouge\"}]},{\"@type\":\"WebSite\",\"@id\":\"https:\\\/\\\/www.ivinio.com\\\/fr\\\/#website\",\"url\":\"https:\\\/\\\/www.ivinio.com\\\/fr\\\/\",\"name\":\"IVINIO Caviste\",\"description\":\"Vins de France et d&#039;Italie avec livraison \u00e0 domicile\",\"publisher\":{\"@id\":\"https:\\\/\\\/www.ivinio.com\\\/fr\\\/#organization\"},\"potentialAction\":[{\"@type\":\"SearchAction\",\"target\":{\"@type\":\"EntryPoint\",\"urlTemplate\":\"https:\\\/\\\/www.ivinio.com\\\/fr\\\/?s={search_term_string}\"},\"query-input\":{\"@type\":\"PropertyValueSpecification\",\"valueRequired\":true,\"valueName\":\"search_term_string\"}}],\"inLanguage\":\"fr-FR\"},{\"@type\":\"Organization\",\"@id\":\"https:\\\/\\\/www.ivinio.com\\\/fr\\\/#organization\",\"name\":\"IVINIO\",\"url\":\"https:\\\/\\\/www.ivinio.com\\\/fr\\\/\",\"logo\":{\"@type\":\"ImageObject\",\"inLanguage\":\"fr-FR\",\"@id\":\"https:\\\/\\\/www.ivinio.com\\\/fr\\\/#\\\/schema\\\/logo\\\/image\\\/\",\"url\":\"https:\\\/\\\/www.ivinio.com\\\/wp-content\\\/uploads\\\/2021\\\/01\\\/Logo-Ivinio-v2.jpg\",\"contentUrl\":\"https:\\\/\\\/www.ivinio.com\\\/wp-content\\\/uploads\\\/2021\\\/01\\\/Logo-Ivinio-v2.jpg\",\"width\":1194,\"height\":1194,\"caption\":\"IVINIO\"},\"image\":{\"@id\":\"https:\\\/\\\/www.ivinio.com\\\/fr\\\/#\\\/schema\\\/logo\\\/image\\\/\"},\"sameAs\":[\"https:\\\/\\\/www.facebook.com\\\/groups\\\/165217837022391\\\/?ref=bookmarks\",\"https:\\\/\\\/www.instagram.com\\\/_ivinio_\\\/?hl=fr\"]}]}<\/script>\n<!-- \/ Yoast SEO plugin. -->","yoast_head_json":{"title":"Acheter Ch\u00e2teau Pressac\u2013 Saint Emilion Grand Cru - IVINIO Caviste","description":"Acheter Ch\u00e2teau Pressac\u2013 Saint Emilion Grand Cru. Compos\u00e9 de plusieurs c\u00e9pages pour une grande complexit\u00e9 !","robots":{"index":"index","follow":"follow","max-snippet":"max-snippet:-1","max-image-preview":"max-image-preview:large","max-video-preview":"max-video-preview:-1"},"canonical":"https:\/\/www.ivinio.com\/fr\/produit\/chateau-pressac-saint-emilion-grand-cru-rouge\/","og_locale":"fr_FR","og_type":"article","og_title":"Acheter Ch\u00e2teau Pressac\u2013 Saint Emilion Grand Cru - IVINIO Caviste","og_description":"Acheter Ch\u00e2teau Pressac\u2013 Saint Emilion Grand Cru. Compos\u00e9 de plusieurs c\u00e9pages pour une grande complexit\u00e9 !","og_url":"https:\/\/www.ivinio.com\/fr\/produit\/chateau-pressac-saint-emilion-grand-cru-rouge\/","og_site_name":"IVINIO Caviste","article_publisher":"https:\/\/www.facebook.com\/groups\/165217837022391\/?ref=bookmarks","article_modified_time":"2024-01-26T17:56:31+00:00","og_image":[{"width":500,"height":500,"url":"https:\/\/www.ivinio.com\/wp-content\/uploads\/nc\/public\/modules\/file\/pictures\/6994.chateau-de-pressac-ivinio.jpg","type":"image\/jpeg"}],"twitter_card":"summary_large_image","twitter_misc":{"Dur\u00e9e de lecture estim\u00e9e":"1 minute"},"schema":{"@context":"https:\/\/schema.org","@graph":[{"@type":"WebPage","@id":"https:\/\/www.ivinio.com\/fr\/produit\/chateau-pressac-saint-emilion-grand-cru-rouge\/","url":"https:\/\/www.ivinio.com\/fr\/produit\/chateau-pressac-saint-emilion-grand-cru-rouge\/","name":"Acheter Ch\u00e2teau Pressac\u2013 Saint Emilion Grand Cru - IVINIO Caviste","isPartOf":{"@id":"https:\/\/www.ivinio.com\/fr\/#website"},"primaryImageOfPage":{"@id":"https:\/\/www.ivinio.com\/fr\/produit\/chateau-pressac-saint-emilion-grand-cru-rouge\/#primaryimage"},"image":{"@id":"https:\/\/www.ivinio.com\/fr\/produit\/chateau-pressac-saint-emilion-grand-cru-rouge\/#primaryimage"},"thumbnailUrl":"https:\/\/www.ivinio.com\/wp-content\/uploads\/nc\/public\/modules\/file\/pictures\/6994.chateau-de-pressac-ivinio.jpg","datePublished":"2017-08-30T19:56:30+00:00","dateModified":"2024-01-26T17:56:31+00:00","description":"Acheter Ch\u00e2teau Pressac\u2013 Saint Emilion Grand Cru. Compos\u00e9 de plusieurs c\u00e9pages pour une grande complexit\u00e9 !","breadcrumb":{"@id":"https:\/\/www.ivinio.com\/fr\/produit\/chateau-pressac-saint-emilion-grand-cru-rouge\/#breadcrumb"},"inLanguage":"fr-FR","potentialAction":[{"@type":"ReadAction","target":["https:\/\/www.ivinio.com\/fr\/produit\/chateau-pressac-saint-emilion-grand-cru-rouge\/"]}]},{"@type":"ImageObject","inLanguage":"fr-FR","@id":"https:\/\/www.ivinio.com\/fr\/produit\/chateau-pressac-saint-emilion-grand-cru-rouge\/#primaryimage","url":"https:\/\/www.ivinio.com\/wp-content\/uploads\/nc\/public\/modules\/file\/pictures\/6994.chateau-de-pressac-ivinio.jpg","contentUrl":"https:\/\/www.ivinio.com\/wp-content\/uploads\/nc\/public\/modules\/file\/pictures\/6994.chateau-de-pressac-ivinio.jpg","width":500,"height":500,"caption":"Ch\u00e2teau de Pressac\u2013 Saint Emilion Grand Cru"},{"@type":"BreadcrumbList","@id":"https:\/\/www.ivinio.com\/fr\/produit\/chateau-pressac-saint-emilion-grand-cru-rouge\/#breadcrumb","itemListElement":[{"@type":"ListItem","position":1,"name":"Home","item":"https:\/\/www.ivinio.com\/fr\/"},{"@type":"ListItem","position":2,"name":"Boutique de vin","item":"https:\/\/www.ivinio.com\/fr\/boutique-de-vin\/"},{"@type":"ListItem","position":3,"name":"Ch\u00e2teau Pressac\u2013 Saint Emilion Grand Cru \u2013 rouge"}]},{"@type":"WebSite","@id":"https:\/\/www.ivinio.com\/fr\/#website","url":"https:\/\/www.ivinio.com\/fr\/","name":"IVINIO Caviste","description":"Vins de France et d&#039;Italie avec livraison \u00e0 domicile","publisher":{"@id":"https:\/\/www.ivinio.com\/fr\/#organization"},"potentialAction":[{"@type":"SearchAction","target":{"@type":"EntryPoint","urlTemplate":"https:\/\/www.ivinio.com\/fr\/?s={search_term_string}"},"query-input":{"@type":"PropertyValueSpecification","valueRequired":true,"valueName":"search_term_string"}}],"inLanguage":"fr-FR"},{"@type":"Organization","@id":"https:\/\/www.ivinio.com\/fr\/#organization","name":"IVINIO","url":"https:\/\/www.ivinio.com\/fr\/","logo":{"@type":"ImageObject","inLanguage":"fr-FR","@id":"https:\/\/www.ivinio.com\/fr\/#\/schema\/logo\/image\/","url":"https:\/\/www.ivinio.com\/wp-content\/uploads\/2021\/01\/Logo-Ivinio-v2.jpg","contentUrl":"https:\/\/www.ivinio.com\/wp-content\/uploads\/2021\/01\/Logo-Ivinio-v2.jpg","width":1194,"height":1194,"caption":"IVINIO"},"image":{"@id":"https:\/\/www.ivinio.com\/fr\/#\/schema\/logo\/image\/"},"sameAs":["https:\/\/www.facebook.com\/groups\/165217837022391\/?ref=bookmarks","https:\/\/www.instagram.com\/_ivinio_\/?hl=fr"]}]}},"jetpack_sharing_enabled":true,"_links":{"self":[{"href":"https:\/\/www.ivinio.com\/fr\/wp-json\/wp\/v2\/product\/121678","targetHints":{"allow":["GET"]}}],"collection":[{"href":"https:\/\/www.ivinio.com\/fr\/wp-json\/wp\/v2\/product"}],"about":[{"href":"https:\/\/www.ivinio.com\/fr\/wp-json\/wp\/v2\/types\/product"}],"replies":[{"embeddable":true,"href":"https:\/\/www.ivinio.com\/fr\/wp-json\/wp\/v2\/comments?post=121678"}],"wp:featuredmedia":[{"embeddable":true,"href":"https:\/\/www.ivinio.com\/fr\/wp-json\/wp\/v2\/media\/121681"}],"wp:attachment":[{"href":"https:\/\/www.ivinio.com\/fr\/wp-json\/wp\/v2\/media?parent=121678"}],"wp:term":[{"taxonomy":"product_brand","embeddable":true,"href":"https:\/\/www.ivinio.com\/fr\/wp-json\/wp\/v2\/product_brand?post=121678"},{"taxonomy":"product_cat","embeddable":true,"href":"https:\/\/www.ivinio.com\/fr\/wp-json\/wp\/v2\/product_cat?post=121678"},{"taxonomy":"product_tag","embeddable":true,"href":"https:\/\/www.ivinio.com\/fr\/wp-json\/wp\/v2\/product_tag?post=121678"}],"curies":[{"name":"wp","href":"https:\/\/api.w.org\/{rel}","templated":true}]}}