{"id":121625,"date":"2019-02-19T14:37:52","date_gmt":"2019-02-19T14:37:52","guid":{"rendered":"https:\/\/henrik.www.ivinio.com\/?product=chateau-le-sartre-pessac-leognan-rouge"},"modified":"2022-03-17T05:16:09","modified_gmt":"2022-03-17T04:16:09","slug":"chateau-le-sartre-pessac-leognan-rouge","status":"publish","type":"product","link":"https:\/\/www.ivinio.com\/fr\/produit\/chateau-le-sartre-pessac-leognan-rouge\/","title":{"rendered":"Ch\u00e2teau Le Sartre &#8211; Pessac L\u00e9ognan &#8211; Rouge"},"content":{"rendered":"<p>Le Ch&acirc;teau Le Sartre est compos&eacute; de 60 &agrave; 65% de cabernet sauvignon et de 35 &agrave; 40% de merlot. Les raisins sont vendang&eacute;s manuellement, ce qui permet de faire un premier tri dans le vignoble. La production est r&eacute;alis&eacute;e dans des cuves en acier inoxydable &agrave; temp&eacute;rature contr&ocirc;l&eacute;e et le vin est ensuite &eacute;lev&eacute; dans des f&ucirc;ts de ch&ecirc;ne (30% neufs) pendant 12 mois. Le vin est produit selon les m&ecirc;mes m&eacute;thodes que le Ch&acirc;teau Carbonnieux. Chaque ann&eacute;e, environ 60 000 bouteilles quitte le domaine.<\/p>\n","protected":false},"excerpt":{"rendered":"<p>Ch&acirc;teau Le Sartre est produit par le propri&eacute;taire du ch&acirc;teau Carbonnieux et se trouve voisin des c&eacute;l&egrave;bres&nbsp;Lagrange, Fieuzal et Chevalier. Un Pessac tr&egrave;s &eacute;l&eacute;gant avec des notes &eacute;pic&eacute;s de fruits noirs.<\/p>\n","protected":false},"featured_media":130583,"comment_status":"open","ping_status":"closed","template":"","meta":{"_monsterinsights_skip_tracking":false,"_monsterinsights_sitenote_active":false,"_monsterinsights_sitenote_note":"","_monsterinsights_sitenote_category":0,"_uf_show_specific_survey":0,"_uf_disable_surveys":false},"product_brand":[],"product_cat":[36631,36586],"product_tag":[],"class_list":{"0":"post-121625","1":"product","2":"type-product","3":"status-publish","4":"has-post-thumbnail","6":"product_cat-fr-bordeaux","7":"product_cat-vins-francais","8":"pa_awards-decanter-fr","9":"pa_awards-guide-hachette-fr","10":"pa_classification-aop-pessac-leognan-fr","11":"pa_color-rouge-fr","12":"pa_country-france-fr","13":"pa_grape-variety-cabernet-sauvignon-fr","14":"pa_grape-variety-merlot-fr","15":"pa_region-bordeaux-fr","16":"pa_storage-potential-plus-de-10-ans-fr","17":"pa_vintage-2016-fr","18":"pa_volume-75-cl-fr","20":"first","21":"outofstock","22":"taxable","23":"shipping-taxable","24":"purchasable","25":"product-type-simple"},"bundled_by":[],"bundle_stock_status":"outofstock","bundle_stock_quantity":1,"bundle_virtual":false,"bundle_layout":"","bundle_add_to_cart_form_location":"","bundle_editable_in_cart":false,"bundle_sold_individually_context":"","bundle_item_grouping":"","bundle_min_size":"","bundle_max_size":"","bundle_price":[],"bundled_items":[],"bundle_sell_ids":[],"yoast_head":"<!-- This site is optimized with the Yoast SEO plugin v27.4 - https:\/\/yoast.com\/product\/yoast-seo-wordpress\/ -->\n<title>acheter du vin de bordeaux en ligne - acheter du bordeaux en ligne - boutique de vin en ligne sur www.ivinio.com<\/title>\n<meta name=\"description\" content=\"Ch\u00e2teau Le Sartre est produit par le propri\u00e9taire du ch\u00e2teau Carbonnieux et se trouve voisin des c\u00e9l\u00e8bres Lagrange, Fieuzal et Chevalier. Un Pessac tr\u00e8s \u00e9l\u00e9gant avec des notes \u00e9pic\u00e9s de fruits noirs.\" \/>\n<meta name=\"robots\" content=\"index, follow, max-snippet:-1, max-image-preview:large, max-video-preview:-1\" \/>\n<link rel=\"canonical\" href=\"https:\/\/www.ivinio.com\/fr\/produit\/chateau-le-sartre-pessac-leognan-rouge\/\" \/>\n<meta property=\"og:locale\" content=\"fr_FR\" \/>\n<meta property=\"og:type\" content=\"article\" \/>\n<meta property=\"og:title\" content=\"acheter du vin de bordeaux en ligne - acheter du bordeaux en ligne - boutique de vin en ligne sur www.ivinio.com\" \/>\n<meta property=\"og:description\" content=\"Ch\u00e2teau Le Sartre est produit par le propri\u00e9taire du ch\u00e2teau Carbonnieux et se trouve voisin des c\u00e9l\u00e8bres Lagrange, Fieuzal et Chevalier. Un Pessac tr\u00e8s \u00e9l\u00e9gant avec des notes \u00e9pic\u00e9s de fruits noirs.\" \/>\n<meta property=\"og:url\" content=\"https:\/\/www.ivinio.com\/fr\/produit\/chateau-le-sartre-pessac-leognan-rouge\/\" \/>\n<meta property=\"og:site_name\" content=\"IVINIO Caviste\" \/>\n<meta property=\"article:publisher\" content=\"https:\/\/www.facebook.com\/groups\/165217837022391\/?ref=bookmarks\" \/>\n<meta property=\"article:modified_time\" content=\"2022-03-17T04:16:09+00:00\" \/>\n<meta property=\"og:image\" content=\"https:\/\/www.ivinio.com\/wp-content\/uploads\/nc\/public\/modules\/file\/pictures\/6957.chateau-le-sartre-ivinio.jpg\" \/>\n\t<meta property=\"og:image:width\" content=\"500\" \/>\n\t<meta property=\"og:image:height\" content=\"500\" \/>\n\t<meta property=\"og:image:type\" content=\"image\/jpeg\" \/>\n<meta name=\"twitter:card\" content=\"summary_large_image\" \/>\n<meta name=\"twitter:label1\" content=\"Dur\u00e9e de lecture estim\u00e9e\" \/>\n\t<meta name=\"twitter:data1\" content=\"1 minute\" \/>\n<script type=\"application\/ld+json\" class=\"yoast-schema-graph\">{\"@context\":\"https:\\\/\\\/schema.org\",\"@graph\":[{\"@type\":\"WebPage\",\"@id\":\"https:\\\/\\\/www.ivinio.com\\\/fr\\\/produit\\\/chateau-le-sartre-pessac-leognan-rouge\\\/\",\"url\":\"https:\\\/\\\/www.ivinio.com\\\/fr\\\/produit\\\/chateau-le-sartre-pessac-leognan-rouge\\\/\",\"name\":\"acheter du vin de bordeaux en ligne - acheter du bordeaux en ligne - boutique de vin en ligne sur www.ivinio.com\",\"isPartOf\":{\"@id\":\"https:\\\/\\\/www.ivinio.com\\\/fr\\\/#website\"},\"primaryImageOfPage\":{\"@id\":\"https:\\\/\\\/www.ivinio.com\\\/fr\\\/produit\\\/chateau-le-sartre-pessac-leognan-rouge\\\/#primaryimage\"},\"image\":{\"@id\":\"https:\\\/\\\/www.ivinio.com\\\/fr\\\/produit\\\/chateau-le-sartre-pessac-leognan-rouge\\\/#primaryimage\"},\"thumbnailUrl\":\"https:\\\/\\\/www.ivinio.com\\\/wp-content\\\/uploads\\\/nc\\\/public\\\/modules\\\/file\\\/pictures\\\/6957.chateau-le-sartre-ivinio.jpg\",\"datePublished\":\"2019-02-19T14:37:52+00:00\",\"dateModified\":\"2022-03-17T04:16:09+00:00\",\"description\":\"Ch\u00e2teau Le Sartre est produit par le propri\u00e9taire du ch\u00e2teau Carbonnieux et se trouve voisin des c\u00e9l\u00e8bres Lagrange, Fieuzal et Chevalier. Un Pessac tr\u00e8s \u00e9l\u00e9gant avec des notes \u00e9pic\u00e9s de fruits noirs.\",\"breadcrumb\":{\"@id\":\"https:\\\/\\\/www.ivinio.com\\\/fr\\\/produit\\\/chateau-le-sartre-pessac-leognan-rouge\\\/#breadcrumb\"},\"inLanguage\":\"fr-FR\",\"potentialAction\":[{\"@type\":\"ReadAction\",\"target\":[\"https:\\\/\\\/www.ivinio.com\\\/fr\\\/produit\\\/chateau-le-sartre-pessac-leognan-rouge\\\/\"]}]},{\"@type\":\"ImageObject\",\"inLanguage\":\"fr-FR\",\"@id\":\"https:\\\/\\\/www.ivinio.com\\\/fr\\\/produit\\\/chateau-le-sartre-pessac-leognan-rouge\\\/#primaryimage\",\"url\":\"https:\\\/\\\/www.ivinio.com\\\/wp-content\\\/uploads\\\/nc\\\/public\\\/modules\\\/file\\\/pictures\\\/6957.chateau-le-sartre-ivinio.jpg\",\"contentUrl\":\"https:\\\/\\\/www.ivinio.com\\\/wp-content\\\/uploads\\\/nc\\\/public\\\/modules\\\/file\\\/pictures\\\/6957.chateau-le-sartre-ivinio.jpg\",\"width\":500,\"height\":500},{\"@type\":\"BreadcrumbList\",\"@id\":\"https:\\\/\\\/www.ivinio.com\\\/fr\\\/produit\\\/chateau-le-sartre-pessac-leognan-rouge\\\/#breadcrumb\",\"itemListElement\":[{\"@type\":\"ListItem\",\"position\":1,\"name\":\"Home\",\"item\":\"https:\\\/\\\/www.ivinio.com\\\/fr\\\/\"},{\"@type\":\"ListItem\",\"position\":2,\"name\":\"Boutique de vin\",\"item\":\"https:\\\/\\\/www.ivinio.com\\\/fr\\\/boutique-de-vin\\\/\"},{\"@type\":\"ListItem\",\"position\":3,\"name\":\"Ch\u00e2teau Le Sartre &#8211; Pessac L\u00e9ognan &#8211; Rouge\"}]},{\"@type\":\"WebSite\",\"@id\":\"https:\\\/\\\/www.ivinio.com\\\/fr\\\/#website\",\"url\":\"https:\\\/\\\/www.ivinio.com\\\/fr\\\/\",\"name\":\"IVINIO Caviste\",\"description\":\"Vins de France et d&#039;Italie avec livraison \u00e0 domicile\",\"publisher\":{\"@id\":\"https:\\\/\\\/www.ivinio.com\\\/fr\\\/#organization\"},\"potentialAction\":[{\"@type\":\"SearchAction\",\"target\":{\"@type\":\"EntryPoint\",\"urlTemplate\":\"https:\\\/\\\/www.ivinio.com\\\/fr\\\/?s={search_term_string}\"},\"query-input\":{\"@type\":\"PropertyValueSpecification\",\"valueRequired\":true,\"valueName\":\"search_term_string\"}}],\"inLanguage\":\"fr-FR\"},{\"@type\":\"Organization\",\"@id\":\"https:\\\/\\\/www.ivinio.com\\\/fr\\\/#organization\",\"name\":\"IVINIO\",\"url\":\"https:\\\/\\\/www.ivinio.com\\\/fr\\\/\",\"logo\":{\"@type\":\"ImageObject\",\"inLanguage\":\"fr-FR\",\"@id\":\"https:\\\/\\\/www.ivinio.com\\\/fr\\\/#\\\/schema\\\/logo\\\/image\\\/\",\"url\":\"https:\\\/\\\/www.ivinio.com\\\/wp-content\\\/uploads\\\/2021\\\/01\\\/Logo-Ivinio-v2.jpg\",\"contentUrl\":\"https:\\\/\\\/www.ivinio.com\\\/wp-content\\\/uploads\\\/2021\\\/01\\\/Logo-Ivinio-v2.jpg\",\"width\":1194,\"height\":1194,\"caption\":\"IVINIO\"},\"image\":{\"@id\":\"https:\\\/\\\/www.ivinio.com\\\/fr\\\/#\\\/schema\\\/logo\\\/image\\\/\"},\"sameAs\":[\"https:\\\/\\\/www.facebook.com\\\/groups\\\/165217837022391\\\/?ref=bookmarks\",\"https:\\\/\\\/www.instagram.com\\\/_ivinio_\\\/?hl=fr\"]}]}<\/script>\n<!-- \/ Yoast SEO plugin. -->","yoast_head_json":{"title":"acheter du vin de bordeaux en ligne - acheter du bordeaux en ligne - boutique de vin en ligne sur www.ivinio.com","description":"Ch\u00e2teau Le Sartre est produit par le propri\u00e9taire du ch\u00e2teau Carbonnieux et se trouve voisin des c\u00e9l\u00e8bres Lagrange, Fieuzal et Chevalier. Un Pessac tr\u00e8s \u00e9l\u00e9gant avec des notes \u00e9pic\u00e9s de fruits noirs.","robots":{"index":"index","follow":"follow","max-snippet":"max-snippet:-1","max-image-preview":"max-image-preview:large","max-video-preview":"max-video-preview:-1"},"canonical":"https:\/\/www.ivinio.com\/fr\/produit\/chateau-le-sartre-pessac-leognan-rouge\/","og_locale":"fr_FR","og_type":"article","og_title":"acheter du vin de bordeaux en ligne - acheter du bordeaux en ligne - boutique de vin en ligne sur www.ivinio.com","og_description":"Ch\u00e2teau Le Sartre est produit par le propri\u00e9taire du ch\u00e2teau Carbonnieux et se trouve voisin des c\u00e9l\u00e8bres Lagrange, Fieuzal et Chevalier. Un Pessac tr\u00e8s \u00e9l\u00e9gant avec des notes \u00e9pic\u00e9s de fruits noirs.","og_url":"https:\/\/www.ivinio.com\/fr\/produit\/chateau-le-sartre-pessac-leognan-rouge\/","og_site_name":"IVINIO Caviste","article_publisher":"https:\/\/www.facebook.com\/groups\/165217837022391\/?ref=bookmarks","article_modified_time":"2022-03-17T04:16:09+00:00","og_image":[{"width":500,"height":500,"url":"https:\/\/www.ivinio.com\/wp-content\/uploads\/nc\/public\/modules\/file\/pictures\/6957.chateau-le-sartre-ivinio.jpg","type":"image\/jpeg"}],"twitter_card":"summary_large_image","twitter_misc":{"Dur\u00e9e de lecture estim\u00e9e":"1 minute"},"schema":{"@context":"https:\/\/schema.org","@graph":[{"@type":"WebPage","@id":"https:\/\/www.ivinio.com\/fr\/produit\/chateau-le-sartre-pessac-leognan-rouge\/","url":"https:\/\/www.ivinio.com\/fr\/produit\/chateau-le-sartre-pessac-leognan-rouge\/","name":"acheter du vin de bordeaux en ligne - acheter du bordeaux en ligne - boutique de vin en ligne sur www.ivinio.com","isPartOf":{"@id":"https:\/\/www.ivinio.com\/fr\/#website"},"primaryImageOfPage":{"@id":"https:\/\/www.ivinio.com\/fr\/produit\/chateau-le-sartre-pessac-leognan-rouge\/#primaryimage"},"image":{"@id":"https:\/\/www.ivinio.com\/fr\/produit\/chateau-le-sartre-pessac-leognan-rouge\/#primaryimage"},"thumbnailUrl":"https:\/\/www.ivinio.com\/wp-content\/uploads\/nc\/public\/modules\/file\/pictures\/6957.chateau-le-sartre-ivinio.jpg","datePublished":"2019-02-19T14:37:52+00:00","dateModified":"2022-03-17T04:16:09+00:00","description":"Ch\u00e2teau Le Sartre est produit par le propri\u00e9taire du ch\u00e2teau Carbonnieux et se trouve voisin des c\u00e9l\u00e8bres Lagrange, Fieuzal et Chevalier. Un Pessac tr\u00e8s \u00e9l\u00e9gant avec des notes \u00e9pic\u00e9s de fruits noirs.","breadcrumb":{"@id":"https:\/\/www.ivinio.com\/fr\/produit\/chateau-le-sartre-pessac-leognan-rouge\/#breadcrumb"},"inLanguage":"fr-FR","potentialAction":[{"@type":"ReadAction","target":["https:\/\/www.ivinio.com\/fr\/produit\/chateau-le-sartre-pessac-leognan-rouge\/"]}]},{"@type":"ImageObject","inLanguage":"fr-FR","@id":"https:\/\/www.ivinio.com\/fr\/produit\/chateau-le-sartre-pessac-leognan-rouge\/#primaryimage","url":"https:\/\/www.ivinio.com\/wp-content\/uploads\/nc\/public\/modules\/file\/pictures\/6957.chateau-le-sartre-ivinio.jpg","contentUrl":"https:\/\/www.ivinio.com\/wp-content\/uploads\/nc\/public\/modules\/file\/pictures\/6957.chateau-le-sartre-ivinio.jpg","width":500,"height":500},{"@type":"BreadcrumbList","@id":"https:\/\/www.ivinio.com\/fr\/produit\/chateau-le-sartre-pessac-leognan-rouge\/#breadcrumb","itemListElement":[{"@type":"ListItem","position":1,"name":"Home","item":"https:\/\/www.ivinio.com\/fr\/"},{"@type":"ListItem","position":2,"name":"Boutique de vin","item":"https:\/\/www.ivinio.com\/fr\/boutique-de-vin\/"},{"@type":"ListItem","position":3,"name":"Ch\u00e2teau Le Sartre &#8211; Pessac L\u00e9ognan &#8211; Rouge"}]},{"@type":"WebSite","@id":"https:\/\/www.ivinio.com\/fr\/#website","url":"https:\/\/www.ivinio.com\/fr\/","name":"IVINIO Caviste","description":"Vins de France et d&#039;Italie avec livraison \u00e0 domicile","publisher":{"@id":"https:\/\/www.ivinio.com\/fr\/#organization"},"potentialAction":[{"@type":"SearchAction","target":{"@type":"EntryPoint","urlTemplate":"https:\/\/www.ivinio.com\/fr\/?s={search_term_string}"},"query-input":{"@type":"PropertyValueSpecification","valueRequired":true,"valueName":"search_term_string"}}],"inLanguage":"fr-FR"},{"@type":"Organization","@id":"https:\/\/www.ivinio.com\/fr\/#organization","name":"IVINIO","url":"https:\/\/www.ivinio.com\/fr\/","logo":{"@type":"ImageObject","inLanguage":"fr-FR","@id":"https:\/\/www.ivinio.com\/fr\/#\/schema\/logo\/image\/","url":"https:\/\/www.ivinio.com\/wp-content\/uploads\/2021\/01\/Logo-Ivinio-v2.jpg","contentUrl":"https:\/\/www.ivinio.com\/wp-content\/uploads\/2021\/01\/Logo-Ivinio-v2.jpg","width":1194,"height":1194,"caption":"IVINIO"},"image":{"@id":"https:\/\/www.ivinio.com\/fr\/#\/schema\/logo\/image\/"},"sameAs":["https:\/\/www.facebook.com\/groups\/165217837022391\/?ref=bookmarks","https:\/\/www.instagram.com\/_ivinio_\/?hl=fr"]}]}},"jetpack_sharing_enabled":true,"_links":{"self":[{"href":"https:\/\/www.ivinio.com\/fr\/wp-json\/wp\/v2\/product\/121625","targetHints":{"allow":["GET"]}}],"collection":[{"href":"https:\/\/www.ivinio.com\/fr\/wp-json\/wp\/v2\/product"}],"about":[{"href":"https:\/\/www.ivinio.com\/fr\/wp-json\/wp\/v2\/types\/product"}],"replies":[{"embeddable":true,"href":"https:\/\/www.ivinio.com\/fr\/wp-json\/wp\/v2\/comments?post=121625"}],"wp:featuredmedia":[{"embeddable":true,"href":"https:\/\/www.ivinio.com\/fr\/wp-json\/wp\/v2\/media\/130583"}],"wp:attachment":[{"href":"https:\/\/www.ivinio.com\/fr\/wp-json\/wp\/v2\/media?parent=121625"}],"wp:term":[{"taxonomy":"product_brand","embeddable":true,"href":"https:\/\/www.ivinio.com\/fr\/wp-json\/wp\/v2\/product_brand?post=121625"},{"taxonomy":"product_cat","embeddable":true,"href":"https:\/\/www.ivinio.com\/fr\/wp-json\/wp\/v2\/product_cat?post=121625"},{"taxonomy":"product_tag","embeddable":true,"href":"https:\/\/www.ivinio.com\/fr\/wp-json\/wp\/v2\/product_tag?post=121625"}],"curies":[{"name":"wp","href":"https:\/\/api.w.org\/{rel}","templated":true}]}}