{"id":121599,"date":"2019-02-19T14:37:52","date_gmt":"2019-02-19T14:37:52","guid":{"rendered":"https:\/\/henrik.www.ivinio.com\/?product=chateau-belle-vue-haut-medoc-rouge"},"modified":"2022-04-16T12:16:22","modified_gmt":"2022-04-16T10:16:22","slug":"chateau-belle-vue-haut-medoc-rouge","status":"publish","type":"product","link":"https:\/\/www.ivinio.com\/fr\/produit\/chateau-belle-vue-haut-medoc-rouge\/","title":{"rendered":"Ch\u00e2teau Belle-vue &#8211; Haut-M\u00e9doc &#8211; Rouge"},"content":{"rendered":"<p>Le Ch\u00e2teau Belle-vue est un Cru Bourgeois Exceptionnel, compos\u00e9 de 48% de cabernet sauvignon, de 30% de merlot, de 20% de petit verdot d&#8217;1% Cabernet Franc et 1% de Carm\u00e9n\u00e8re. L&#8217;agriculture poss\u00e8de la certification Haute Valeur Environnementale, avec reconnaissance des bonnes pratiques environnementales et agricoles.. Aucun pesticide n&#8217;est utilis\u00e9. Mac\u00e9ration \u00e0 froid \u00e0 0 \u00b0 C pendant 10 jours apr\u00e8s les vendanges. Utilisation exclusive de la m\u00e9thode de d\u00e9lestage o\u00f9 le vin est vid\u00e9 de la cuve par le bas et pomp\u00e9 \u00e0 nouveau par dessus le chapeau solide restant. Le tout pour une extraction optimale des ar\u00f4mes. Fermentation malolactique de 20 jours pour arrondir les tanins. 14 mois d&#8217;\u00e9levage, dont 30% dans des f\u00fbts de ch\u00eane neufs.<\/p>\n","protected":false},"excerpt":{"rendered":"<p>Ch\u00e2teau Belle-vue est l\u2019un des meilleurs crus bourgeois avec des ar\u00f4mes \u00e9l\u00e9gants de fruits noirs, d\u2019\u00e9pices, de vanille et de caf\u00e9. Servir avec un steak de veau au c\u00e8pes.<\/p>\n","protected":false},"featured_media":130581,"comment_status":"open","ping_status":"closed","template":"","meta":{"_monsterinsights_skip_tracking":false,"_monsterinsights_sitenote_active":false,"_monsterinsights_sitenote_note":"","_monsterinsights_sitenote_category":0,"_uf_show_specific_survey":0,"_uf_disable_surveys":false},"product_brand":[],"product_cat":[36633,36588],"product_tag":[],"class_list":{"0":"post-121599","1":"product","2":"type-product","3":"status-publish","4":"has-post-thumbnail","6":"product_cat-sv-bordeaux","7":"product_cat-franska-viner","8":"pa_alcohol-degree-13-5-sv","9":"pa_awards-decanter-sv","10":"pa_awards-jancis-robinson","11":"pa_awards-la-revue-du-vin-de-france-sv","12":"pa_awards-wine-spectator","13":"pa_classification-aop-haut-medoc-sv","14":"pa_color-rod-sv","15":"pa_country-frankrike-sv","16":"pa_grape-variety-cabernet-sauvignon","17":"pa_grape-variety-merlot-sv","18":"pa_grape-variety-petit-verdot","19":"pa_region-bordeaux-sv","20":"pa_storage-potential-10-ar-sv","21":"pa_volume-75-cl-sv","23":"first","24":"instock","25":"taxable","26":"shipping-taxable","27":"purchasable","28":"product-type-simple"},"bundled_by":[],"bundle_stock_status":"instock","bundle_stock_quantity":null,"bundle_virtual":false,"bundle_layout":"","bundle_add_to_cart_form_location":"","bundle_editable_in_cart":false,"bundle_sold_individually_context":"","bundle_item_grouping":"","bundle_min_size":"","bundle_max_size":"","bundle_price":[],"bundled_items":[],"bundle_sell_ids":[],"yoast_head":"<!-- This site is optimized with the Yoast SEO plugin v27.5 - https:\/\/yoast.com\/product\/yoast-seo-wordpress\/ -->\n<title>Acheter Ch\u00e2teau Belle-vue - Haut-M\u00e9doc - Rouge - IVINIO Caviste<\/title>\n<meta name=\"description\" content=\"Acheter Ch\u00e2teau Belle-vue - Haut-M\u00e9doc - Rouge. Un des meilleurs crus bourgeois avec des ar\u00f4mes \u00e9l\u00e9gants de fruits noirs, d\u2019\u00e9pices, de vanille et de caf\u00e9.\" \/>\n<meta name=\"robots\" content=\"index, follow, max-snippet:-1, max-image-preview:large, max-video-preview:-1\" \/>\n<link rel=\"canonical\" href=\"https:\/\/www.ivinio.com\/fr\/produit\/chateau-belle-vue-haut-medoc-rouge\/\" \/>\n<meta property=\"og:locale\" content=\"fr_FR\" \/>\n<meta property=\"og:type\" content=\"article\" \/>\n<meta property=\"og:title\" content=\"Acheter Ch\u00e2teau Belle-vue - Haut-M\u00e9doc - Rouge - IVINIO Caviste\" \/>\n<meta property=\"og:description\" content=\"Acheter Ch\u00e2teau Belle-vue - Haut-M\u00e9doc - Rouge. Un des meilleurs crus bourgeois avec des ar\u00f4mes \u00e9l\u00e9gants de fruits noirs, d\u2019\u00e9pices, de vanille et de caf\u00e9.\" \/>\n<meta property=\"og:url\" content=\"https:\/\/www.ivinio.com\/fr\/produit\/chateau-belle-vue-haut-medoc-rouge\/\" \/>\n<meta property=\"og:site_name\" content=\"IVINIO Caviste\" \/>\n<meta property=\"article:publisher\" content=\"https:\/\/www.facebook.com\/groups\/165217837022391\/?ref=bookmarks\" \/>\n<meta property=\"article:modified_time\" content=\"2022-04-16T10:16:22+00:00\" \/>\n<meta property=\"og:image\" content=\"https:\/\/www.ivinio.com\/wp-content\/uploads\/nc\/public\/modules\/file\/pictures\/6946.chateau-belle-vue-ivinio.jpg\" \/>\n\t<meta property=\"og:image:width\" content=\"500\" \/>\n\t<meta property=\"og:image:height\" content=\"500\" \/>\n\t<meta property=\"og:image:type\" content=\"image\/jpeg\" \/>\n<meta name=\"twitter:card\" content=\"summary_large_image\" \/>\n<meta name=\"twitter:label1\" content=\"Dur\u00e9e de lecture estim\u00e9e\" \/>\n\t<meta name=\"twitter:data1\" content=\"1 minute\" \/>\n<script type=\"application\/ld+json\" class=\"yoast-schema-graph\">{\"@context\":\"https:\\\/\\\/schema.org\",\"@graph\":[{\"@type\":\"WebPage\",\"@id\":\"https:\\\/\\\/www.ivinio.com\\\/fr\\\/produit\\\/chateau-belle-vue-haut-medoc-rouge\\\/\",\"url\":\"https:\\\/\\\/www.ivinio.com\\\/fr\\\/produit\\\/chateau-belle-vue-haut-medoc-rouge\\\/\",\"name\":\"Acheter Ch\u00e2teau Belle-vue - Haut-M\u00e9doc - Rouge - IVINIO Caviste\",\"isPartOf\":{\"@id\":\"https:\\\/\\\/www.ivinio.com\\\/fr\\\/#website\"},\"primaryImageOfPage\":{\"@id\":\"https:\\\/\\\/www.ivinio.com\\\/fr\\\/produit\\\/chateau-belle-vue-haut-medoc-rouge\\\/#primaryimage\"},\"image\":{\"@id\":\"https:\\\/\\\/www.ivinio.com\\\/fr\\\/produit\\\/chateau-belle-vue-haut-medoc-rouge\\\/#primaryimage\"},\"thumbnailUrl\":\"https:\\\/\\\/www.ivinio.com\\\/wp-content\\\/uploads\\\/nc\\\/public\\\/modules\\\/file\\\/pictures\\\/6946.chateau-belle-vue-ivinio.jpg\",\"datePublished\":\"2019-02-19T14:37:52+00:00\",\"dateModified\":\"2022-04-16T10:16:22+00:00\",\"description\":\"Acheter Ch\u00e2teau Belle-vue - Haut-M\u00e9doc - Rouge. Un des meilleurs crus bourgeois avec des ar\u00f4mes \u00e9l\u00e9gants de fruits noirs, d\u2019\u00e9pices, de vanille et de caf\u00e9.\",\"breadcrumb\":{\"@id\":\"https:\\\/\\\/www.ivinio.com\\\/fr\\\/produit\\\/chateau-belle-vue-haut-medoc-rouge\\\/#breadcrumb\"},\"inLanguage\":\"fr-FR\",\"potentialAction\":[{\"@type\":\"ReadAction\",\"target\":[\"https:\\\/\\\/www.ivinio.com\\\/fr\\\/produit\\\/chateau-belle-vue-haut-medoc-rouge\\\/\"]}]},{\"@type\":\"ImageObject\",\"inLanguage\":\"fr-FR\",\"@id\":\"https:\\\/\\\/www.ivinio.com\\\/fr\\\/produit\\\/chateau-belle-vue-haut-medoc-rouge\\\/#primaryimage\",\"url\":\"https:\\\/\\\/www.ivinio.com\\\/wp-content\\\/uploads\\\/nc\\\/public\\\/modules\\\/file\\\/pictures\\\/6946.chateau-belle-vue-ivinio.jpg\",\"contentUrl\":\"https:\\\/\\\/www.ivinio.com\\\/wp-content\\\/uploads\\\/nc\\\/public\\\/modules\\\/file\\\/pictures\\\/6946.chateau-belle-vue-ivinio.jpg\",\"width\":500,\"height\":500,\"caption\":\"Ch\u00e2teau Belle-vue - Haut-M\u00e9doc\"},{\"@type\":\"BreadcrumbList\",\"@id\":\"https:\\\/\\\/www.ivinio.com\\\/fr\\\/produit\\\/chateau-belle-vue-haut-medoc-rouge\\\/#breadcrumb\",\"itemListElement\":[{\"@type\":\"ListItem\",\"position\":1,\"name\":\"Home\",\"item\":\"https:\\\/\\\/www.ivinio.com\\\/fr\\\/\"},{\"@type\":\"ListItem\",\"position\":2,\"name\":\"Boutique de vin\",\"item\":\"https:\\\/\\\/www.ivinio.com\\\/fr\\\/boutique-de-vin\\\/\"},{\"@type\":\"ListItem\",\"position\":3,\"name\":\"Ch\u00e2teau Belle-vue &#8211; Haut-M\u00e9doc &#8211; Rouge\"}]},{\"@type\":\"WebSite\",\"@id\":\"https:\\\/\\\/www.ivinio.com\\\/fr\\\/#website\",\"url\":\"https:\\\/\\\/www.ivinio.com\\\/fr\\\/\",\"name\":\"IVINIO Caviste\",\"description\":\"Vins de France et d&#039;Italie avec livraison \u00e0 domicile\",\"publisher\":{\"@id\":\"https:\\\/\\\/www.ivinio.com\\\/fr\\\/#organization\"},\"potentialAction\":[{\"@type\":\"SearchAction\",\"target\":{\"@type\":\"EntryPoint\",\"urlTemplate\":\"https:\\\/\\\/www.ivinio.com\\\/fr\\\/?s={search_term_string}\"},\"query-input\":{\"@type\":\"PropertyValueSpecification\",\"valueRequired\":true,\"valueName\":\"search_term_string\"}}],\"inLanguage\":\"fr-FR\"},{\"@type\":\"Organization\",\"@id\":\"https:\\\/\\\/www.ivinio.com\\\/fr\\\/#organization\",\"name\":\"IVINIO\",\"url\":\"https:\\\/\\\/www.ivinio.com\\\/fr\\\/\",\"logo\":{\"@type\":\"ImageObject\",\"inLanguage\":\"fr-FR\",\"@id\":\"https:\\\/\\\/www.ivinio.com\\\/fr\\\/#\\\/schema\\\/logo\\\/image\\\/\",\"url\":\"https:\\\/\\\/www.ivinio.com\\\/wp-content\\\/uploads\\\/2021\\\/01\\\/Logo-Ivinio-v2.jpg\",\"contentUrl\":\"https:\\\/\\\/www.ivinio.com\\\/wp-content\\\/uploads\\\/2021\\\/01\\\/Logo-Ivinio-v2.jpg\",\"width\":1194,\"height\":1194,\"caption\":\"IVINIO\"},\"image\":{\"@id\":\"https:\\\/\\\/www.ivinio.com\\\/fr\\\/#\\\/schema\\\/logo\\\/image\\\/\"},\"sameAs\":[\"https:\\\/\\\/www.facebook.com\\\/groups\\\/165217837022391\\\/?ref=bookmarks\",\"https:\\\/\\\/www.instagram.com\\\/_ivinio_\\\/?hl=fr\"]}]}<\/script>\n<!-- \/ Yoast SEO plugin. -->","yoast_head_json":{"title":"Acheter Ch\u00e2teau Belle-vue - Haut-M\u00e9doc - Rouge - IVINIO Caviste","description":"Acheter Ch\u00e2teau Belle-vue - Haut-M\u00e9doc - Rouge. Un des meilleurs crus bourgeois avec des ar\u00f4mes \u00e9l\u00e9gants de fruits noirs, d\u2019\u00e9pices, de vanille et de caf\u00e9.","robots":{"index":"index","follow":"follow","max-snippet":"max-snippet:-1","max-image-preview":"max-image-preview:large","max-video-preview":"max-video-preview:-1"},"canonical":"https:\/\/www.ivinio.com\/fr\/produit\/chateau-belle-vue-haut-medoc-rouge\/","og_locale":"fr_FR","og_type":"article","og_title":"Acheter Ch\u00e2teau Belle-vue - Haut-M\u00e9doc - Rouge - IVINIO Caviste","og_description":"Acheter Ch\u00e2teau Belle-vue - Haut-M\u00e9doc - Rouge. Un des meilleurs crus bourgeois avec des ar\u00f4mes \u00e9l\u00e9gants de fruits noirs, d\u2019\u00e9pices, de vanille et de caf\u00e9.","og_url":"https:\/\/www.ivinio.com\/fr\/produit\/chateau-belle-vue-haut-medoc-rouge\/","og_site_name":"IVINIO Caviste","article_publisher":"https:\/\/www.facebook.com\/groups\/165217837022391\/?ref=bookmarks","article_modified_time":"2022-04-16T10:16:22+00:00","og_image":[{"width":500,"height":500,"url":"https:\/\/www.ivinio.com\/wp-content\/uploads\/nc\/public\/modules\/file\/pictures\/6946.chateau-belle-vue-ivinio.jpg","type":"image\/jpeg"}],"twitter_card":"summary_large_image","twitter_misc":{"Dur\u00e9e de lecture estim\u00e9e":"1 minute"},"schema":{"@context":"https:\/\/schema.org","@graph":[{"@type":"WebPage","@id":"https:\/\/www.ivinio.com\/fr\/produit\/chateau-belle-vue-haut-medoc-rouge\/","url":"https:\/\/www.ivinio.com\/fr\/produit\/chateau-belle-vue-haut-medoc-rouge\/","name":"Acheter Ch\u00e2teau Belle-vue - Haut-M\u00e9doc - Rouge - IVINIO Caviste","isPartOf":{"@id":"https:\/\/www.ivinio.com\/fr\/#website"},"primaryImageOfPage":{"@id":"https:\/\/www.ivinio.com\/fr\/produit\/chateau-belle-vue-haut-medoc-rouge\/#primaryimage"},"image":{"@id":"https:\/\/www.ivinio.com\/fr\/produit\/chateau-belle-vue-haut-medoc-rouge\/#primaryimage"},"thumbnailUrl":"https:\/\/www.ivinio.com\/wp-content\/uploads\/nc\/public\/modules\/file\/pictures\/6946.chateau-belle-vue-ivinio.jpg","datePublished":"2019-02-19T14:37:52+00:00","dateModified":"2022-04-16T10:16:22+00:00","description":"Acheter Ch\u00e2teau Belle-vue - Haut-M\u00e9doc - Rouge. Un des meilleurs crus bourgeois avec des ar\u00f4mes \u00e9l\u00e9gants de fruits noirs, d\u2019\u00e9pices, de vanille et de caf\u00e9.","breadcrumb":{"@id":"https:\/\/www.ivinio.com\/fr\/produit\/chateau-belle-vue-haut-medoc-rouge\/#breadcrumb"},"inLanguage":"fr-FR","potentialAction":[{"@type":"ReadAction","target":["https:\/\/www.ivinio.com\/fr\/produit\/chateau-belle-vue-haut-medoc-rouge\/"]}]},{"@type":"ImageObject","inLanguage":"fr-FR","@id":"https:\/\/www.ivinio.com\/fr\/produit\/chateau-belle-vue-haut-medoc-rouge\/#primaryimage","url":"https:\/\/www.ivinio.com\/wp-content\/uploads\/nc\/public\/modules\/file\/pictures\/6946.chateau-belle-vue-ivinio.jpg","contentUrl":"https:\/\/www.ivinio.com\/wp-content\/uploads\/nc\/public\/modules\/file\/pictures\/6946.chateau-belle-vue-ivinio.jpg","width":500,"height":500,"caption":"Ch\u00e2teau Belle-vue - Haut-M\u00e9doc"},{"@type":"BreadcrumbList","@id":"https:\/\/www.ivinio.com\/fr\/produit\/chateau-belle-vue-haut-medoc-rouge\/#breadcrumb","itemListElement":[{"@type":"ListItem","position":1,"name":"Home","item":"https:\/\/www.ivinio.com\/fr\/"},{"@type":"ListItem","position":2,"name":"Boutique de vin","item":"https:\/\/www.ivinio.com\/fr\/boutique-de-vin\/"},{"@type":"ListItem","position":3,"name":"Ch\u00e2teau Belle-vue &#8211; Haut-M\u00e9doc &#8211; Rouge"}]},{"@type":"WebSite","@id":"https:\/\/www.ivinio.com\/fr\/#website","url":"https:\/\/www.ivinio.com\/fr\/","name":"IVINIO Caviste","description":"Vins de France et d&#039;Italie avec livraison \u00e0 domicile","publisher":{"@id":"https:\/\/www.ivinio.com\/fr\/#organization"},"potentialAction":[{"@type":"SearchAction","target":{"@type":"EntryPoint","urlTemplate":"https:\/\/www.ivinio.com\/fr\/?s={search_term_string}"},"query-input":{"@type":"PropertyValueSpecification","valueRequired":true,"valueName":"search_term_string"}}],"inLanguage":"fr-FR"},{"@type":"Organization","@id":"https:\/\/www.ivinio.com\/fr\/#organization","name":"IVINIO","url":"https:\/\/www.ivinio.com\/fr\/","logo":{"@type":"ImageObject","inLanguage":"fr-FR","@id":"https:\/\/www.ivinio.com\/fr\/#\/schema\/logo\/image\/","url":"https:\/\/www.ivinio.com\/wp-content\/uploads\/2021\/01\/Logo-Ivinio-v2.jpg","contentUrl":"https:\/\/www.ivinio.com\/wp-content\/uploads\/2021\/01\/Logo-Ivinio-v2.jpg","width":1194,"height":1194,"caption":"IVINIO"},"image":{"@id":"https:\/\/www.ivinio.com\/fr\/#\/schema\/logo\/image\/"},"sameAs":["https:\/\/www.facebook.com\/groups\/165217837022391\/?ref=bookmarks","https:\/\/www.instagram.com\/_ivinio_\/?hl=fr"]}]}},"jetpack_sharing_enabled":true,"_links":{"self":[{"href":"https:\/\/www.ivinio.com\/fr\/wp-json\/wp\/v2\/product\/121599","targetHints":{"allow":["GET"]}}],"collection":[{"href":"https:\/\/www.ivinio.com\/fr\/wp-json\/wp\/v2\/product"}],"about":[{"href":"https:\/\/www.ivinio.com\/fr\/wp-json\/wp\/v2\/types\/product"}],"replies":[{"embeddable":true,"href":"https:\/\/www.ivinio.com\/fr\/wp-json\/wp\/v2\/comments?post=121599"}],"wp:featuredmedia":[{"embeddable":true,"href":"https:\/\/www.ivinio.com\/fr\/wp-json\/wp\/v2\/media\/130581"}],"wp:attachment":[{"href":"https:\/\/www.ivinio.com\/fr\/wp-json\/wp\/v2\/media?parent=121599"}],"wp:term":[{"taxonomy":"product_brand","embeddable":true,"href":"https:\/\/www.ivinio.com\/fr\/wp-json\/wp\/v2\/product_brand?post=121599"},{"taxonomy":"product_cat","embeddable":true,"href":"https:\/\/www.ivinio.com\/fr\/wp-json\/wp\/v2\/product_cat?post=121599"},{"taxonomy":"product_tag","embeddable":true,"href":"https:\/\/www.ivinio.com\/fr\/wp-json\/wp\/v2\/product_tag?post=121599"}],"curies":[{"name":"wp","href":"https:\/\/api.w.org\/{rel}","templated":true}]}}