{"id":121534,"date":"2019-02-19T14:37:52","date_gmt":"2019-02-19T14:37:52","guid":{"rendered":"https:\/\/henrik.www.ivinio.com\/?product=chateau-david-beaulieu-bordeaux-superieur-rouge"},"modified":"2025-08-12T12:25:49","modified_gmt":"2025-08-12T10:25:49","slug":"chateau-david-beaulieu-bordeaux-superieur-rouge","status":"publish","type":"product","link":"https:\/\/www.ivinio.com\/fr\/produit\/chateau-david-beaulieu-bordeaux-superieur-rouge\/","title":{"rendered":"Ch\u00e2teau David Beaulieu &#8211; Bordeaux sup\u00e9rieur &#8211; Rouge"},"content":{"rendered":"<p>Le Ch\u00e2teau David Beaulieu est compos\u00e9 de 4 c\u00e9pages plant\u00e9s selon la r\u00e9partition suivante: 80% de merlot, 14% de cabernet franc, 7% de cabernet sauvignon et 1% de malbec. La r\u00e9colte est m\u00e9canique avec tri par machine. La production de vin a lieu dans des cuves en acier inoxydable \u00e0 tem\u00e9rature thermor\u00e9gul\u00e9.\u00a0Le vin est \u00e9lev\u00e9 dans des\u00a0cuves en acier pendant 12 \u00e0 18 mois. Le vin est ensuite compos\u00e9 dans des cuves de grande capacit\u00e9 pour permettre la meilleure homog\u00e9n\u00e9isation possible du vin final.Le vignoble est titulaire de la certification environnementale EMS et de la s\u00e9curit\u00e9 alimentaire HACCP.<\/p>\n","protected":false},"excerpt":{"rendered":"<p>Le Ch\u00e2teau David Beaulieu est un Bordeaux Sup\u00e9rieur avec un nez \u00e9l\u00e9gant, principalement de fruits rouges, l\u00e9g\u00e8rement \u00e9pic\u00e9. Le palais a une texture cors\u00e9e, l\u00e9g\u00e8rement charnue et des tanins fins. Servir avec\u00a0des plats d&#8217;hiver.<\/p>\n","protected":false},"featured_media":139463,"comment_status":"open","ping_status":"closed","template":"","meta":{"_monsterinsights_skip_tracking":false,"_monsterinsights_sitenote_active":false,"_monsterinsights_sitenote_note":"","_monsterinsights_sitenote_category":0,"_uf_show_specific_survey":0,"_uf_disable_surveys":false},"product_brand":[],"product_cat":[36631,36586],"product_tag":[],"class_list":{"0":"post-121534","1":"product","2":"type-product","3":"status-publish","4":"has-post-thumbnail","6":"product_cat-fr-bordeaux","7":"product_cat-vins-francais","8":"pa_classification-aop-bordeaux-superieur-fr","9":"pa_color-rouge-fr","10":"pa_country-france-fr","11":"pa_grape-variety-cabernet-franc-fr","12":"pa_grape-variety-cabernet-sauvignon-fr","13":"pa_grape-variety-merlot-fr","14":"pa_region-bordeaux-fr","15":"pa_storage-potential-7-ans","16":"pa_vintage-2022-fr","17":"pa_volume-75-cl-fr","19":"first","20":"instock","21":"featured","22":"taxable","23":"shipping-taxable","24":"purchasable","25":"product-type-simple"},"bundled_by":[],"bundle_stock_status":"instock","bundle_stock_quantity":null,"bundle_virtual":false,"bundle_layout":"","bundle_add_to_cart_form_location":"","bundle_editable_in_cart":false,"bundle_sold_individually_context":"","bundle_item_grouping":"","bundle_min_size":"","bundle_max_size":"","bundle_price":[],"bundled_items":[],"bundle_sell_ids":[],"yoast_head":"<!-- This site is optimized with the Yoast SEO plugin v27.6 - https:\/\/yoast.com\/product\/yoast-seo-wordpress\/ -->\n<title>acheter Ch\u00e2teau David Beaulieu - Bordeaux sup\u00e9rieur - Rouge - IVINIO Caviste<\/title>\n<meta name=\"description\" content=\"Ch\u00e2teau David Beaulieu - Bordeaux sup\u00e9rieur - Rouge. Bordeaux Sup\u00e9rieur avec un nez \u00e9l\u00e9gant, principalement de fruits rouges, l\u00e9g\u00e8rement \u00e9pic\u00e9.\" \/>\n<meta name=\"robots\" content=\"index, follow, max-snippet:-1, max-image-preview:large, max-video-preview:-1\" \/>\n<link rel=\"canonical\" href=\"https:\/\/www.ivinio.com\/fr\/produit\/chateau-david-beaulieu-bordeaux-superieur-rouge\/\" \/>\n<meta property=\"og:locale\" content=\"fr_FR\" \/>\n<meta property=\"og:type\" content=\"article\" \/>\n<meta property=\"og:title\" content=\"acheter Ch\u00e2teau David Beaulieu - Bordeaux sup\u00e9rieur - Rouge - IVINIO Caviste\" \/>\n<meta property=\"og:description\" content=\"Ch\u00e2teau David Beaulieu - Bordeaux sup\u00e9rieur - Rouge. Bordeaux Sup\u00e9rieur avec un nez \u00e9l\u00e9gant, principalement de fruits rouges, l\u00e9g\u00e8rement \u00e9pic\u00e9.\" \/>\n<meta property=\"og:url\" content=\"https:\/\/www.ivinio.com\/fr\/produit\/chateau-david-beaulieu-bordeaux-superieur-rouge\/\" \/>\n<meta property=\"og:site_name\" content=\"IVINIO Caviste\" \/>\n<meta property=\"article:publisher\" content=\"https:\/\/www.facebook.com\/groups\/165217837022391\/?ref=bookmarks\" \/>\n<meta property=\"article:modified_time\" content=\"2025-08-12T10:25:49+00:00\" \/>\n<meta property=\"og:image\" content=\"https:\/\/www.ivinio.com\/wp-content\/uploads\/nc\/public\/modules\/file\/pictures\/6905.ch-teau-david-beaulieu-bordeaux-sup-rieur-ivinio.jpg\" \/>\n\t<meta property=\"og:image:width\" content=\"500\" \/>\n\t<meta property=\"og:image:height\" content=\"500\" \/>\n\t<meta property=\"og:image:type\" content=\"image\/jpeg\" \/>\n<meta name=\"twitter:card\" content=\"summary_large_image\" \/>\n<meta name=\"twitter:label1\" content=\"Dur\u00e9e de lecture estim\u00e9e\" \/>\n\t<meta name=\"twitter:data1\" content=\"1 minute\" \/>\n<script type=\"application\/ld+json\" class=\"yoast-schema-graph\">{\"@context\":\"https:\\\/\\\/schema.org\",\"@graph\":[{\"@type\":\"WebPage\",\"@id\":\"https:\\\/\\\/www.ivinio.com\\\/fr\\\/produit\\\/chateau-david-beaulieu-bordeaux-superieur-rouge\\\/\",\"url\":\"https:\\\/\\\/www.ivinio.com\\\/fr\\\/produit\\\/chateau-david-beaulieu-bordeaux-superieur-rouge\\\/\",\"name\":\"acheter Ch\u00e2teau David Beaulieu - Bordeaux sup\u00e9rieur - Rouge - IVINIO Caviste\",\"isPartOf\":{\"@id\":\"https:\\\/\\\/www.ivinio.com\\\/fr\\\/#website\"},\"primaryImageOfPage\":{\"@id\":\"https:\\\/\\\/www.ivinio.com\\\/fr\\\/produit\\\/chateau-david-beaulieu-bordeaux-superieur-rouge\\\/#primaryimage\"},\"image\":{\"@id\":\"https:\\\/\\\/www.ivinio.com\\\/fr\\\/produit\\\/chateau-david-beaulieu-bordeaux-superieur-rouge\\\/#primaryimage\"},\"thumbnailUrl\":\"https:\\\/\\\/www.ivinio.com\\\/wp-content\\\/uploads\\\/nc\\\/public\\\/modules\\\/file\\\/pictures\\\/6905.ch-teau-david-beaulieu-bordeaux-sup-rieur-ivinio.jpg\",\"datePublished\":\"2019-02-19T14:37:52+00:00\",\"dateModified\":\"2025-08-12T10:25:49+00:00\",\"description\":\"Ch\u00e2teau David Beaulieu - Bordeaux sup\u00e9rieur - Rouge. Bordeaux Sup\u00e9rieur avec un nez \u00e9l\u00e9gant, principalement de fruits rouges, l\u00e9g\u00e8rement \u00e9pic\u00e9.\",\"breadcrumb\":{\"@id\":\"https:\\\/\\\/www.ivinio.com\\\/fr\\\/produit\\\/chateau-david-beaulieu-bordeaux-superieur-rouge\\\/#breadcrumb\"},\"inLanguage\":\"fr-FR\",\"potentialAction\":[{\"@type\":\"ReadAction\",\"target\":[\"https:\\\/\\\/www.ivinio.com\\\/fr\\\/produit\\\/chateau-david-beaulieu-bordeaux-superieur-rouge\\\/\"]}]},{\"@type\":\"ImageObject\",\"inLanguage\":\"fr-FR\",\"@id\":\"https:\\\/\\\/www.ivinio.com\\\/fr\\\/produit\\\/chateau-david-beaulieu-bordeaux-superieur-rouge\\\/#primaryimage\",\"url\":\"https:\\\/\\\/www.ivinio.com\\\/wp-content\\\/uploads\\\/nc\\\/public\\\/modules\\\/file\\\/pictures\\\/6905.ch-teau-david-beaulieu-bordeaux-sup-rieur-ivinio.jpg\",\"contentUrl\":\"https:\\\/\\\/www.ivinio.com\\\/wp-content\\\/uploads\\\/nc\\\/public\\\/modules\\\/file\\\/pictures\\\/6905.ch-teau-david-beaulieu-bordeaux-sup-rieur-ivinio.jpg\",\"width\":500,\"height\":500},{\"@type\":\"BreadcrumbList\",\"@id\":\"https:\\\/\\\/www.ivinio.com\\\/fr\\\/produit\\\/chateau-david-beaulieu-bordeaux-superieur-rouge\\\/#breadcrumb\",\"itemListElement\":[{\"@type\":\"ListItem\",\"position\":1,\"name\":\"Home\",\"item\":\"https:\\\/\\\/www.ivinio.com\\\/fr\\\/\"},{\"@type\":\"ListItem\",\"position\":2,\"name\":\"Boutique de vin\",\"item\":\"https:\\\/\\\/www.ivinio.com\\\/fr\\\/boutique-de-vin\\\/\"},{\"@type\":\"ListItem\",\"position\":3,\"name\":\"Ch\u00e2teau David Beaulieu &#8211; Bordeaux sup\u00e9rieur &#8211; Rouge\"}]},{\"@type\":\"WebSite\",\"@id\":\"https:\\\/\\\/www.ivinio.com\\\/fr\\\/#website\",\"url\":\"https:\\\/\\\/www.ivinio.com\\\/fr\\\/\",\"name\":\"IVINIO Caviste\",\"description\":\"Vins de France et d&#039;Italie avec livraison \u00e0 domicile\",\"publisher\":{\"@id\":\"https:\\\/\\\/www.ivinio.com\\\/fr\\\/#organization\"},\"potentialAction\":[{\"@type\":\"SearchAction\",\"target\":{\"@type\":\"EntryPoint\",\"urlTemplate\":\"https:\\\/\\\/www.ivinio.com\\\/fr\\\/?s={search_term_string}\"},\"query-input\":{\"@type\":\"PropertyValueSpecification\",\"valueRequired\":true,\"valueName\":\"search_term_string\"}}],\"inLanguage\":\"fr-FR\"},{\"@type\":\"Organization\",\"@id\":\"https:\\\/\\\/www.ivinio.com\\\/fr\\\/#organization\",\"name\":\"IVINIO\",\"url\":\"https:\\\/\\\/www.ivinio.com\\\/fr\\\/\",\"logo\":{\"@type\":\"ImageObject\",\"inLanguage\":\"fr-FR\",\"@id\":\"https:\\\/\\\/www.ivinio.com\\\/fr\\\/#\\\/schema\\\/logo\\\/image\\\/\",\"url\":\"https:\\\/\\\/www.ivinio.com\\\/wp-content\\\/uploads\\\/2021\\\/01\\\/Logo-Ivinio-v2.jpg\",\"contentUrl\":\"https:\\\/\\\/www.ivinio.com\\\/wp-content\\\/uploads\\\/2021\\\/01\\\/Logo-Ivinio-v2.jpg\",\"width\":1194,\"height\":1194,\"caption\":\"IVINIO\"},\"image\":{\"@id\":\"https:\\\/\\\/www.ivinio.com\\\/fr\\\/#\\\/schema\\\/logo\\\/image\\\/\"},\"sameAs\":[\"https:\\\/\\\/www.facebook.com\\\/groups\\\/165217837022391\\\/?ref=bookmarks\",\"https:\\\/\\\/www.instagram.com\\\/_ivinio_\\\/?hl=fr\"]}]}<\/script>\n<!-- \/ Yoast SEO plugin. -->","yoast_head_json":{"title":"acheter Ch\u00e2teau David Beaulieu - Bordeaux sup\u00e9rieur - Rouge - IVINIO Caviste","description":"Ch\u00e2teau David Beaulieu - Bordeaux sup\u00e9rieur - Rouge. Bordeaux Sup\u00e9rieur avec un nez \u00e9l\u00e9gant, principalement de fruits rouges, l\u00e9g\u00e8rement \u00e9pic\u00e9.","robots":{"index":"index","follow":"follow","max-snippet":"max-snippet:-1","max-image-preview":"max-image-preview:large","max-video-preview":"max-video-preview:-1"},"canonical":"https:\/\/www.ivinio.com\/fr\/produit\/chateau-david-beaulieu-bordeaux-superieur-rouge\/","og_locale":"fr_FR","og_type":"article","og_title":"acheter Ch\u00e2teau David Beaulieu - Bordeaux sup\u00e9rieur - Rouge - IVINIO Caviste","og_description":"Ch\u00e2teau David Beaulieu - Bordeaux sup\u00e9rieur - Rouge. Bordeaux Sup\u00e9rieur avec un nez \u00e9l\u00e9gant, principalement de fruits rouges, l\u00e9g\u00e8rement \u00e9pic\u00e9.","og_url":"https:\/\/www.ivinio.com\/fr\/produit\/chateau-david-beaulieu-bordeaux-superieur-rouge\/","og_site_name":"IVINIO Caviste","article_publisher":"https:\/\/www.facebook.com\/groups\/165217837022391\/?ref=bookmarks","article_modified_time":"2025-08-12T10:25:49+00:00","og_image":[{"width":500,"height":500,"url":"https:\/\/www.ivinio.com\/wp-content\/uploads\/nc\/public\/modules\/file\/pictures\/6905.ch-teau-david-beaulieu-bordeaux-sup-rieur-ivinio.jpg","type":"image\/jpeg"}],"twitter_card":"summary_large_image","twitter_misc":{"Dur\u00e9e de lecture estim\u00e9e":"1 minute"},"schema":{"@context":"https:\/\/schema.org","@graph":[{"@type":"WebPage","@id":"https:\/\/www.ivinio.com\/fr\/produit\/chateau-david-beaulieu-bordeaux-superieur-rouge\/","url":"https:\/\/www.ivinio.com\/fr\/produit\/chateau-david-beaulieu-bordeaux-superieur-rouge\/","name":"acheter Ch\u00e2teau David Beaulieu - Bordeaux sup\u00e9rieur - Rouge - IVINIO Caviste","isPartOf":{"@id":"https:\/\/www.ivinio.com\/fr\/#website"},"primaryImageOfPage":{"@id":"https:\/\/www.ivinio.com\/fr\/produit\/chateau-david-beaulieu-bordeaux-superieur-rouge\/#primaryimage"},"image":{"@id":"https:\/\/www.ivinio.com\/fr\/produit\/chateau-david-beaulieu-bordeaux-superieur-rouge\/#primaryimage"},"thumbnailUrl":"https:\/\/www.ivinio.com\/wp-content\/uploads\/nc\/public\/modules\/file\/pictures\/6905.ch-teau-david-beaulieu-bordeaux-sup-rieur-ivinio.jpg","datePublished":"2019-02-19T14:37:52+00:00","dateModified":"2025-08-12T10:25:49+00:00","description":"Ch\u00e2teau David Beaulieu - Bordeaux sup\u00e9rieur - Rouge. Bordeaux Sup\u00e9rieur avec un nez \u00e9l\u00e9gant, principalement de fruits rouges, l\u00e9g\u00e8rement \u00e9pic\u00e9.","breadcrumb":{"@id":"https:\/\/www.ivinio.com\/fr\/produit\/chateau-david-beaulieu-bordeaux-superieur-rouge\/#breadcrumb"},"inLanguage":"fr-FR","potentialAction":[{"@type":"ReadAction","target":["https:\/\/www.ivinio.com\/fr\/produit\/chateau-david-beaulieu-bordeaux-superieur-rouge\/"]}]},{"@type":"ImageObject","inLanguage":"fr-FR","@id":"https:\/\/www.ivinio.com\/fr\/produit\/chateau-david-beaulieu-bordeaux-superieur-rouge\/#primaryimage","url":"https:\/\/www.ivinio.com\/wp-content\/uploads\/nc\/public\/modules\/file\/pictures\/6905.ch-teau-david-beaulieu-bordeaux-sup-rieur-ivinio.jpg","contentUrl":"https:\/\/www.ivinio.com\/wp-content\/uploads\/nc\/public\/modules\/file\/pictures\/6905.ch-teau-david-beaulieu-bordeaux-sup-rieur-ivinio.jpg","width":500,"height":500},{"@type":"BreadcrumbList","@id":"https:\/\/www.ivinio.com\/fr\/produit\/chateau-david-beaulieu-bordeaux-superieur-rouge\/#breadcrumb","itemListElement":[{"@type":"ListItem","position":1,"name":"Home","item":"https:\/\/www.ivinio.com\/fr\/"},{"@type":"ListItem","position":2,"name":"Boutique de vin","item":"https:\/\/www.ivinio.com\/fr\/boutique-de-vin\/"},{"@type":"ListItem","position":3,"name":"Ch\u00e2teau David Beaulieu &#8211; Bordeaux sup\u00e9rieur &#8211; Rouge"}]},{"@type":"WebSite","@id":"https:\/\/www.ivinio.com\/fr\/#website","url":"https:\/\/www.ivinio.com\/fr\/","name":"IVINIO Caviste","description":"Vins de France et d&#039;Italie avec livraison \u00e0 domicile","publisher":{"@id":"https:\/\/www.ivinio.com\/fr\/#organization"},"potentialAction":[{"@type":"SearchAction","target":{"@type":"EntryPoint","urlTemplate":"https:\/\/www.ivinio.com\/fr\/?s={search_term_string}"},"query-input":{"@type":"PropertyValueSpecification","valueRequired":true,"valueName":"search_term_string"}}],"inLanguage":"fr-FR"},{"@type":"Organization","@id":"https:\/\/www.ivinio.com\/fr\/#organization","name":"IVINIO","url":"https:\/\/www.ivinio.com\/fr\/","logo":{"@type":"ImageObject","inLanguage":"fr-FR","@id":"https:\/\/www.ivinio.com\/fr\/#\/schema\/logo\/image\/","url":"https:\/\/www.ivinio.com\/wp-content\/uploads\/2021\/01\/Logo-Ivinio-v2.jpg","contentUrl":"https:\/\/www.ivinio.com\/wp-content\/uploads\/2021\/01\/Logo-Ivinio-v2.jpg","width":1194,"height":1194,"caption":"IVINIO"},"image":{"@id":"https:\/\/www.ivinio.com\/fr\/#\/schema\/logo\/image\/"},"sameAs":["https:\/\/www.facebook.com\/groups\/165217837022391\/?ref=bookmarks","https:\/\/www.instagram.com\/_ivinio_\/?hl=fr"]}]}},"jetpack_sharing_enabled":true,"_links":{"self":[{"href":"https:\/\/www.ivinio.com\/fr\/wp-json\/wp\/v2\/product\/121534","targetHints":{"allow":["GET"]}}],"collection":[{"href":"https:\/\/www.ivinio.com\/fr\/wp-json\/wp\/v2\/product"}],"about":[{"href":"https:\/\/www.ivinio.com\/fr\/wp-json\/wp\/v2\/types\/product"}],"replies":[{"embeddable":true,"href":"https:\/\/www.ivinio.com\/fr\/wp-json\/wp\/v2\/comments?post=121534"}],"wp:featuredmedia":[{"embeddable":true,"href":"https:\/\/www.ivinio.com\/fr\/wp-json\/wp\/v2\/media\/139463"}],"wp:attachment":[{"href":"https:\/\/www.ivinio.com\/fr\/wp-json\/wp\/v2\/media?parent=121534"}],"wp:term":[{"taxonomy":"product_brand","embeddable":true,"href":"https:\/\/www.ivinio.com\/fr\/wp-json\/wp\/v2\/product_brand?post=121534"},{"taxonomy":"product_cat","embeddable":true,"href":"https:\/\/www.ivinio.com\/fr\/wp-json\/wp\/v2\/product_cat?post=121534"},{"taxonomy":"product_tag","embeddable":true,"href":"https:\/\/www.ivinio.com\/fr\/wp-json\/wp\/v2\/product_tag?post=121534"}],"curies":[{"name":"wp","href":"https:\/\/api.w.org\/{rel}","templated":true}]}}