{"id":121510,"date":"2019-02-02T19:32:57","date_gmt":"2019-02-02T19:32:57","guid":{"rendered":"https:\/\/henrik.www.ivinio.com\/?product=charles-heidsieck-brut-reserve"},"modified":"2022-03-17T05:16:10","modified_gmt":"2022-03-17T04:16:10","slug":"charles-heidsieck-brut-reserve","status":"publish","type":"product","link":"https:\/\/www.ivinio.com\/fr\/produit\/charles-heidsieck-brut-reserve\/","title":{"rendered":"Charles Heidsieck &#8211; Brut R\u00e9serve"},"content":{"rendered":"<p>Charles Heidsieck Brut R\u00e9serve est compos\u00e9 des\u00a0trois c\u00e9pages les plus courants en Champagne;\u00a0Pinot Noir, Chardonnay et Pinot Meunier. Chaque cuv\u00e9e et chaque c\u00e9page ont \u00e9t\u00e9 vinifi\u00e9s s\u00e9par\u00e9ment.\u00a0 Le vin final est compos\u00e9 de 60 cuv\u00e9es\u00a0diff\u00e9rents. Le vin annuel correspond \u00e0 un tiers de la composition finale dans des proportions \u00e9gales entre les c\u00e9pages. Le vin de r\u00e9serve repr\u00e9sente 40% du vin dans des proportions \u00e9gales entre le pinot noir et le chardonnay. Le vin de r\u00e9serve a une moyenne d&#8217;\u00e2ge de 10 ans avec des cuv\u00e9es\u00a0\u00e2g\u00e9es de 5 \u00e0 15 ans afin de gagner en finesse et en complexit\u00e9 aromatique.<\/p>\n","protected":false},"excerpt":{"rendered":"<p>Charles Heidsieck Brut R\u00e9serve est un champagne \u00e9l\u00e9gant qui r\u00e9sume au\u00a0mieux le\u00a0style de la maison. Il est compos\u00e9 de pas moins de 60 cuv\u00e9es diff\u00e9rents\u00a0pour une complexit\u00e9 maximale!<\/p>\n","protected":false},"featured_media":130333,"comment_status":"open","ping_status":"closed","template":"","meta":{"_monsterinsights_skip_tracking":false,"_monsterinsights_sitenote_active":false,"_monsterinsights_sitenote_note":"","_monsterinsights_sitenote_category":0,"_uf_show_specific_survey":0,"_uf_disable_surveys":false},"product_brand":[],"product_cat":[36586],"product_tag":[],"class_list":{"0":"post-121510","1":"product","2":"type-product","3":"status-publish","4":"has-post-thumbnail","6":"product_cat-vins-francais","7":"pa_alcohol-degree-12-fr","8":"pa_awards-bettane-et-desseauve-fr","9":"pa_awards-decanter-fr","10":"pa_awards-gault-et-millau-vins-fr","11":"pa_awards-guide-hachette","12":"pa_awards-jancis-robinson-fr","13":"pa_awards-la-revue-du-vins-de-france-fr","14":"pa_awards-le-point-fr","15":"pa_awards-the-wine-advocate-fr","16":"pa_awards-wine-enthusiast-fr","17":"pa_awards-wine-spectator-fr","18":"pa_classification-aop-champagne-fr","19":"pa_color-mousseux-fr","20":"pa_country-france-fr","21":"pa_grape-variety-chardonnay-fr","22":"pa_grape-variety-pinot-meunier-fr","23":"pa_grape-variety-pinot-noir-fr","24":"pa_package-1x1-fr","25":"pa_package-1x6-fr","26":"pa_region-champagne-fr","27":"pa_storage-potential-3-ans-fr","28":"pa_volume-75-cl-fr","30":"first","31":"instock","32":"taxable","33":"shipping-taxable","34":"purchasable","35":"product-type-variable"},"bundled_by":[],"bundle_stock_status":"instock","bundle_stock_quantity":null,"bundle_virtual":false,"bundle_layout":"","bundle_add_to_cart_form_location":"","bundle_editable_in_cart":false,"bundle_sold_individually_context":"","bundle_item_grouping":"","bundle_min_size":"","bundle_max_size":"","bundle_price":[],"bundled_items":[],"bundle_sell_ids":[],"yoast_head":"<!-- This site is optimized with the Yoast SEO plugin v27.4 - https:\/\/yoast.com\/product\/yoast-seo-wordpress\/ -->\n<title>Acheter Champagne Charles Heidsieck - Brut R\u00e9serve - IVINIO Caviste<\/title>\n<meta name=\"description\" content=\"Acheter Champagne Charles Heidsieck - Brut R\u00e9serve. R\u00e9sume au\u00a0mieux le\u00a0style de la maison. Il est compos\u00e9 de 60 cuv\u00e9es diff\u00e9rents\u00a0pour une complexit\u00e9 maximale!\" \/>\n<meta name=\"robots\" content=\"index, follow, max-snippet:-1, max-image-preview:large, max-video-preview:-1\" \/>\n<link rel=\"canonical\" href=\"https:\/\/www.ivinio.com\/fr\/produit\/charles-heidsieck-brut-reserve\/\" \/>\n<meta property=\"og:locale\" content=\"fr_FR\" \/>\n<meta property=\"og:type\" content=\"article\" \/>\n<meta property=\"og:title\" content=\"Acheter Champagne Charles Heidsieck - Brut R\u00e9serve - IVINIO Caviste\" \/>\n<meta property=\"og:description\" content=\"Acheter Champagne Charles Heidsieck - Brut R\u00e9serve. R\u00e9sume au\u00a0mieux le\u00a0style de la maison. Il est compos\u00e9 de 60 cuv\u00e9es diff\u00e9rents\u00a0pour une complexit\u00e9 maximale!\" \/>\n<meta property=\"og:url\" content=\"https:\/\/www.ivinio.com\/fr\/produit\/charles-heidsieck-brut-reserve\/\" \/>\n<meta property=\"og:site_name\" content=\"IVINIO Caviste\" \/>\n<meta property=\"article:publisher\" content=\"https:\/\/www.facebook.com\/groups\/165217837022391\/?ref=bookmarks\" \/>\n<meta property=\"article:modified_time\" content=\"2022-03-17T04:16:10+00:00\" \/>\n<meta property=\"og:image\" content=\"https:\/\/www.ivinio.com\/wp-content\/uploads\/nc\/public\/modules\/file\/pictures\/6894.charles-heidsieck-brut-r-serve-IVINIO.jpg\" \/>\n\t<meta property=\"og:image:width\" content=\"500\" \/>\n\t<meta property=\"og:image:height\" content=\"500\" \/>\n\t<meta property=\"og:image:type\" content=\"image\/jpeg\" \/>\n<meta name=\"twitter:card\" content=\"summary_large_image\" \/>\n<meta name=\"twitter:label1\" content=\"Dur\u00e9e de lecture estim\u00e9e\" \/>\n\t<meta name=\"twitter:data1\" content=\"1 minute\" \/>\n<script type=\"application\/ld+json\" class=\"yoast-schema-graph\">{\"@context\":\"https:\\\/\\\/schema.org\",\"@graph\":[{\"@type\":\"WebPage\",\"@id\":\"https:\\\/\\\/www.ivinio.com\\\/fr\\\/produit\\\/charles-heidsieck-brut-reserve\\\/\",\"url\":\"https:\\\/\\\/www.ivinio.com\\\/fr\\\/produit\\\/charles-heidsieck-brut-reserve\\\/\",\"name\":\"Acheter Champagne Charles Heidsieck - Brut R\u00e9serve - IVINIO Caviste\",\"isPartOf\":{\"@id\":\"https:\\\/\\\/www.ivinio.com\\\/fr\\\/#website\"},\"primaryImageOfPage\":{\"@id\":\"https:\\\/\\\/www.ivinio.com\\\/fr\\\/produit\\\/charles-heidsieck-brut-reserve\\\/#primaryimage\"},\"image\":{\"@id\":\"https:\\\/\\\/www.ivinio.com\\\/fr\\\/produit\\\/charles-heidsieck-brut-reserve\\\/#primaryimage\"},\"thumbnailUrl\":\"https:\\\/\\\/www.ivinio.com\\\/wp-content\\\/uploads\\\/nc\\\/public\\\/modules\\\/file\\\/pictures\\\/6894.charles-heidsieck-brut-r-serve-IVINIO.jpg\",\"datePublished\":\"2019-02-02T19:32:57+00:00\",\"dateModified\":\"2022-03-17T04:16:10+00:00\",\"description\":\"Acheter Champagne Charles Heidsieck - Brut R\u00e9serve. R\u00e9sume au\u00a0mieux le\u00a0style de la maison. Il est compos\u00e9 de 60 cuv\u00e9es diff\u00e9rents\u00a0pour une complexit\u00e9 maximale!\",\"breadcrumb\":{\"@id\":\"https:\\\/\\\/www.ivinio.com\\\/fr\\\/produit\\\/charles-heidsieck-brut-reserve\\\/#breadcrumb\"},\"inLanguage\":\"fr-FR\",\"potentialAction\":[{\"@type\":\"ReadAction\",\"target\":[\"https:\\\/\\\/www.ivinio.com\\\/fr\\\/produit\\\/charles-heidsieck-brut-reserve\\\/\"]}]},{\"@type\":\"ImageObject\",\"inLanguage\":\"fr-FR\",\"@id\":\"https:\\\/\\\/www.ivinio.com\\\/fr\\\/produit\\\/charles-heidsieck-brut-reserve\\\/#primaryimage\",\"url\":\"https:\\\/\\\/www.ivinio.com\\\/wp-content\\\/uploads\\\/nc\\\/public\\\/modules\\\/file\\\/pictures\\\/6894.charles-heidsieck-brut-r-serve-IVINIO.jpg\",\"contentUrl\":\"https:\\\/\\\/www.ivinio.com\\\/wp-content\\\/uploads\\\/nc\\\/public\\\/modules\\\/file\\\/pictures\\\/6894.charles-heidsieck-brut-r-serve-IVINIO.jpg\",\"width\":500,\"height\":500,\"caption\":\"Champagne Charles Heidsieck - Brut R\u00e9serve\"},{\"@type\":\"BreadcrumbList\",\"@id\":\"https:\\\/\\\/www.ivinio.com\\\/fr\\\/produit\\\/charles-heidsieck-brut-reserve\\\/#breadcrumb\",\"itemListElement\":[{\"@type\":\"ListItem\",\"position\":1,\"name\":\"Home\",\"item\":\"https:\\\/\\\/www.ivinio.com\\\/fr\\\/\"},{\"@type\":\"ListItem\",\"position\":2,\"name\":\"Boutique de vin\",\"item\":\"https:\\\/\\\/www.ivinio.com\\\/fr\\\/boutique-de-vin\\\/\"},{\"@type\":\"ListItem\",\"position\":3,\"name\":\"Charles Heidsieck &#8211; Brut R\u00e9serve\"}]},{\"@type\":\"WebSite\",\"@id\":\"https:\\\/\\\/www.ivinio.com\\\/fr\\\/#website\",\"url\":\"https:\\\/\\\/www.ivinio.com\\\/fr\\\/\",\"name\":\"IVINIO Caviste\",\"description\":\"Vins de France et d&#039;Italie avec livraison \u00e0 domicile\",\"publisher\":{\"@id\":\"https:\\\/\\\/www.ivinio.com\\\/fr\\\/#organization\"},\"potentialAction\":[{\"@type\":\"SearchAction\",\"target\":{\"@type\":\"EntryPoint\",\"urlTemplate\":\"https:\\\/\\\/www.ivinio.com\\\/fr\\\/?s={search_term_string}\"},\"query-input\":{\"@type\":\"PropertyValueSpecification\",\"valueRequired\":true,\"valueName\":\"search_term_string\"}}],\"inLanguage\":\"fr-FR\"},{\"@type\":\"Organization\",\"@id\":\"https:\\\/\\\/www.ivinio.com\\\/fr\\\/#organization\",\"name\":\"IVINIO\",\"url\":\"https:\\\/\\\/www.ivinio.com\\\/fr\\\/\",\"logo\":{\"@type\":\"ImageObject\",\"inLanguage\":\"fr-FR\",\"@id\":\"https:\\\/\\\/www.ivinio.com\\\/fr\\\/#\\\/schema\\\/logo\\\/image\\\/\",\"url\":\"https:\\\/\\\/www.ivinio.com\\\/wp-content\\\/uploads\\\/2021\\\/01\\\/Logo-Ivinio-v2.jpg\",\"contentUrl\":\"https:\\\/\\\/www.ivinio.com\\\/wp-content\\\/uploads\\\/2021\\\/01\\\/Logo-Ivinio-v2.jpg\",\"width\":1194,\"height\":1194,\"caption\":\"IVINIO\"},\"image\":{\"@id\":\"https:\\\/\\\/www.ivinio.com\\\/fr\\\/#\\\/schema\\\/logo\\\/image\\\/\"},\"sameAs\":[\"https:\\\/\\\/www.facebook.com\\\/groups\\\/165217837022391\\\/?ref=bookmarks\",\"https:\\\/\\\/www.instagram.com\\\/_ivinio_\\\/?hl=fr\"]}]}<\/script>\n<!-- \/ Yoast SEO plugin. -->","yoast_head_json":{"title":"Acheter Champagne Charles Heidsieck - Brut R\u00e9serve - IVINIO Caviste","description":"Acheter Champagne Charles Heidsieck - Brut R\u00e9serve. R\u00e9sume au\u00a0mieux le\u00a0style de la maison. Il est compos\u00e9 de 60 cuv\u00e9es diff\u00e9rents\u00a0pour une complexit\u00e9 maximale!","robots":{"index":"index","follow":"follow","max-snippet":"max-snippet:-1","max-image-preview":"max-image-preview:large","max-video-preview":"max-video-preview:-1"},"canonical":"https:\/\/www.ivinio.com\/fr\/produit\/charles-heidsieck-brut-reserve\/","og_locale":"fr_FR","og_type":"article","og_title":"Acheter Champagne Charles Heidsieck - Brut R\u00e9serve - IVINIO Caviste","og_description":"Acheter Champagne Charles Heidsieck - Brut R\u00e9serve. R\u00e9sume au\u00a0mieux le\u00a0style de la maison. Il est compos\u00e9 de 60 cuv\u00e9es diff\u00e9rents\u00a0pour une complexit\u00e9 maximale!","og_url":"https:\/\/www.ivinio.com\/fr\/produit\/charles-heidsieck-brut-reserve\/","og_site_name":"IVINIO Caviste","article_publisher":"https:\/\/www.facebook.com\/groups\/165217837022391\/?ref=bookmarks","article_modified_time":"2022-03-17T04:16:10+00:00","og_image":[{"width":500,"height":500,"url":"https:\/\/www.ivinio.com\/wp-content\/uploads\/nc\/public\/modules\/file\/pictures\/6894.charles-heidsieck-brut-r-serve-IVINIO.jpg","type":"image\/jpeg"}],"twitter_card":"summary_large_image","twitter_misc":{"Dur\u00e9e de lecture estim\u00e9e":"1 minute"},"schema":{"@context":"https:\/\/schema.org","@graph":[{"@type":"WebPage","@id":"https:\/\/www.ivinio.com\/fr\/produit\/charles-heidsieck-brut-reserve\/","url":"https:\/\/www.ivinio.com\/fr\/produit\/charles-heidsieck-brut-reserve\/","name":"Acheter Champagne Charles Heidsieck - Brut R\u00e9serve - IVINIO Caviste","isPartOf":{"@id":"https:\/\/www.ivinio.com\/fr\/#website"},"primaryImageOfPage":{"@id":"https:\/\/www.ivinio.com\/fr\/produit\/charles-heidsieck-brut-reserve\/#primaryimage"},"image":{"@id":"https:\/\/www.ivinio.com\/fr\/produit\/charles-heidsieck-brut-reserve\/#primaryimage"},"thumbnailUrl":"https:\/\/www.ivinio.com\/wp-content\/uploads\/nc\/public\/modules\/file\/pictures\/6894.charles-heidsieck-brut-r-serve-IVINIO.jpg","datePublished":"2019-02-02T19:32:57+00:00","dateModified":"2022-03-17T04:16:10+00:00","description":"Acheter Champagne Charles Heidsieck - Brut R\u00e9serve. R\u00e9sume au\u00a0mieux le\u00a0style de la maison. Il est compos\u00e9 de 60 cuv\u00e9es diff\u00e9rents\u00a0pour une complexit\u00e9 maximale!","breadcrumb":{"@id":"https:\/\/www.ivinio.com\/fr\/produit\/charles-heidsieck-brut-reserve\/#breadcrumb"},"inLanguage":"fr-FR","potentialAction":[{"@type":"ReadAction","target":["https:\/\/www.ivinio.com\/fr\/produit\/charles-heidsieck-brut-reserve\/"]}]},{"@type":"ImageObject","inLanguage":"fr-FR","@id":"https:\/\/www.ivinio.com\/fr\/produit\/charles-heidsieck-brut-reserve\/#primaryimage","url":"https:\/\/www.ivinio.com\/wp-content\/uploads\/nc\/public\/modules\/file\/pictures\/6894.charles-heidsieck-brut-r-serve-IVINIO.jpg","contentUrl":"https:\/\/www.ivinio.com\/wp-content\/uploads\/nc\/public\/modules\/file\/pictures\/6894.charles-heidsieck-brut-r-serve-IVINIO.jpg","width":500,"height":500,"caption":"Champagne Charles Heidsieck - Brut R\u00e9serve"},{"@type":"BreadcrumbList","@id":"https:\/\/www.ivinio.com\/fr\/produit\/charles-heidsieck-brut-reserve\/#breadcrumb","itemListElement":[{"@type":"ListItem","position":1,"name":"Home","item":"https:\/\/www.ivinio.com\/fr\/"},{"@type":"ListItem","position":2,"name":"Boutique de vin","item":"https:\/\/www.ivinio.com\/fr\/boutique-de-vin\/"},{"@type":"ListItem","position":3,"name":"Charles Heidsieck &#8211; Brut R\u00e9serve"}]},{"@type":"WebSite","@id":"https:\/\/www.ivinio.com\/fr\/#website","url":"https:\/\/www.ivinio.com\/fr\/","name":"IVINIO Caviste","description":"Vins de France et d&#039;Italie avec livraison \u00e0 domicile","publisher":{"@id":"https:\/\/www.ivinio.com\/fr\/#organization"},"potentialAction":[{"@type":"SearchAction","target":{"@type":"EntryPoint","urlTemplate":"https:\/\/www.ivinio.com\/fr\/?s={search_term_string}"},"query-input":{"@type":"PropertyValueSpecification","valueRequired":true,"valueName":"search_term_string"}}],"inLanguage":"fr-FR"},{"@type":"Organization","@id":"https:\/\/www.ivinio.com\/fr\/#organization","name":"IVINIO","url":"https:\/\/www.ivinio.com\/fr\/","logo":{"@type":"ImageObject","inLanguage":"fr-FR","@id":"https:\/\/www.ivinio.com\/fr\/#\/schema\/logo\/image\/","url":"https:\/\/www.ivinio.com\/wp-content\/uploads\/2021\/01\/Logo-Ivinio-v2.jpg","contentUrl":"https:\/\/www.ivinio.com\/wp-content\/uploads\/2021\/01\/Logo-Ivinio-v2.jpg","width":1194,"height":1194,"caption":"IVINIO"},"image":{"@id":"https:\/\/www.ivinio.com\/fr\/#\/schema\/logo\/image\/"},"sameAs":["https:\/\/www.facebook.com\/groups\/165217837022391\/?ref=bookmarks","https:\/\/www.instagram.com\/_ivinio_\/?hl=fr"]}]}},"jetpack_sharing_enabled":true,"_links":{"self":[{"href":"https:\/\/www.ivinio.com\/fr\/wp-json\/wp\/v2\/product\/121510","targetHints":{"allow":["GET"]}}],"collection":[{"href":"https:\/\/www.ivinio.com\/fr\/wp-json\/wp\/v2\/product"}],"about":[{"href":"https:\/\/www.ivinio.com\/fr\/wp-json\/wp\/v2\/types\/product"}],"replies":[{"embeddable":true,"href":"https:\/\/www.ivinio.com\/fr\/wp-json\/wp\/v2\/comments?post=121510"}],"wp:featuredmedia":[{"embeddable":true,"href":"https:\/\/www.ivinio.com\/fr\/wp-json\/wp\/v2\/media\/130333"}],"wp:attachment":[{"href":"https:\/\/www.ivinio.com\/fr\/wp-json\/wp\/v2\/media?parent=121510"}],"wp:term":[{"taxonomy":"product_brand","embeddable":true,"href":"https:\/\/www.ivinio.com\/fr\/wp-json\/wp\/v2\/product_brand?post=121510"},{"taxonomy":"product_cat","embeddable":true,"href":"https:\/\/www.ivinio.com\/fr\/wp-json\/wp\/v2\/product_cat?post=121510"},{"taxonomy":"product_tag","embeddable":true,"href":"https:\/\/www.ivinio.com\/fr\/wp-json\/wp\/v2\/product_tag?post=121510"}],"curies":[{"name":"wp","href":"https:\/\/api.w.org\/{rel}","templated":true}]}}