{"id":121430,"date":"2017-08-03T15:37:12","date_gmt":"2017-08-03T15:37:12","guid":{"rendered":"https:\/\/henrik.www.ivinio.com\/?product=maggiovini-rappatu-frappato-rouge"},"modified":"2023-01-25T17:06:44","modified_gmt":"2023-01-25T16:06:44","slug":"maggiovini-ariddu-grillo-blanc","status":"publish","type":"product","link":"https:\/\/www.ivinio.com\/fr\/produit\/maggiovini-ariddu-grillo-blanc\/","title":{"rendered":"Maggiovini &#8211; Ariddu &#8211; Grillo &#8211; Blanc"},"content":{"rendered":"<p>&#8220;Ariddu&#8221; est le nom du c\u00e9page Grillo dans le dialecte sicilien local. C\u00e9page typiquement sicilien \u00e0 peau \u00e9paisse et transparente, couleur dor\u00e9e avec des taches de couleur rouille. Apr\u00e8s les vendanges, les raisins sont mac\u00e9r\u00e9s \u00e0 froid avec leurs peaux pendant 12 heures pour extraire le maximum d&#8217;ar\u00f4mes. Les raisins sont ensuite press\u00e9s, puis mis \u00e0 fermenter. L&#8217;\u00e9levage a lieu dans des cuves en acier pendant 3 mois avant la mise en bouteille. Le vin est ensuite gard\u00e9 encore un mois en bouteille.<\/p>\n","protected":false},"excerpt":{"rendered":"<p>Ariddu de Maggiovini est un vin blanc fruit\u00e9 et frais compos\u00e9 du c\u00e9page Grillo. Un vin blanc de caract\u00e8re \u00e0 servir frais avec des plats de poisson, de fruits de mer et de p\u00e2tes, typiquement siciliens.<\/p>\n","protected":false},"featured_media":130743,"comment_status":"open","ping_status":"closed","template":"","meta":{"_monsterinsights_skip_tracking":false,"_monsterinsights_sitenote_active":false,"_monsterinsights_sitenote_note":"","_monsterinsights_sitenote_category":0,"_uf_show_specific_survey":0,"_uf_disable_surveys":false},"product_brand":[],"product_cat":[36601,36589],"product_tag":[],"class_list":{"0":"post-121430","1":"product","2":"type-product","3":"status-publish","4":"has-post-thumbnail","6":"product_cat-fr-sicile","7":"product_cat-vins-italiens","8":"pa_alcohol-degree-40057","9":"pa_classification-igp-terre-siciliane","10":"pa_color-blanc-fr","11":"pa_country-italie-fr","12":"pa_grape-variety-grillo-fr","13":"pa_region-sicile-fr","14":"pa_storage-potential-6-ans-fr","15":"pa_vintage-2020-fr","16":"pa_volume-75-cl-fr","18":"first","19":"instock","20":"taxable","21":"shipping-taxable","22":"purchasable","23":"product-type-simple"},"bundled_by":[],"bundle_stock_status":"instock","bundle_stock_quantity":null,"bundle_virtual":false,"bundle_layout":"","bundle_add_to_cart_form_location":"","bundle_editable_in_cart":false,"bundle_sold_individually_context":"","bundle_item_grouping":"","bundle_min_size":"","bundle_max_size":"","bundle_price":[],"bundled_items":[],"bundle_sell_ids":[],"yoast_head":"<!-- This site is optimized with the Yoast SEO plugin v27.5 - https:\/\/yoast.com\/product\/yoast-seo-wordpress\/ -->\n<title>acheter des vins siciliens en ligne - acheter des vins italiens en ligne - acheter des vins en ligne www.ivinio.com<\/title>\n<meta name=\"description\" content=\"Ariddu de Maggiovini est un vin blanc fruit\u00e9 et frais compos\u00e9 du c\u00e9page Grillo. Un vin blanc de caract\u00e8re \u00e0 servir frais avec des plats de poisson, de fruits de mer et de p\u00e2tes, typiquement siciliens.\" \/>\n<meta name=\"robots\" content=\"index, follow, max-snippet:-1, max-image-preview:large, max-video-preview:-1\" \/>\n<link rel=\"canonical\" href=\"https:\/\/www.ivinio.com\/fr\/produit\/maggiovini-ariddu-grillo-blanc\/\" \/>\n<meta property=\"og:locale\" content=\"fr_FR\" \/>\n<meta property=\"og:type\" content=\"article\" \/>\n<meta property=\"og:title\" content=\"acheter des vins siciliens en ligne - acheter des vins italiens en ligne - acheter des vins en ligne www.ivinio.com\" \/>\n<meta property=\"og:description\" content=\"Ariddu de Maggiovini est un vin blanc fruit\u00e9 et frais compos\u00e9 du c\u00e9page Grillo. Un vin blanc de caract\u00e8re \u00e0 servir frais avec des plats de poisson, de fruits de mer et de p\u00e2tes, typiquement siciliens.\" \/>\n<meta property=\"og:url\" content=\"https:\/\/www.ivinio.com\/fr\/produit\/maggiovini-ariddu-grillo-blanc\/\" \/>\n<meta property=\"og:site_name\" content=\"IVINIO Caviste\" \/>\n<meta property=\"article:publisher\" content=\"https:\/\/www.facebook.com\/groups\/165217837022391\/?ref=bookmarks\" \/>\n<meta property=\"article:modified_time\" content=\"2023-01-25T16:06:44+00:00\" \/>\n<meta property=\"og:image\" content=\"https:\/\/www.ivinio.com\/wp-content\/uploads\/nc\/public\/modules\/file\/pictures\/6870.maggiovini-Ariddu-grillo-IVINIO.jpg\" \/>\n\t<meta property=\"og:image:width\" content=\"500\" \/>\n\t<meta property=\"og:image:height\" content=\"500\" \/>\n\t<meta property=\"og:image:type\" content=\"image\/jpeg\" \/>\n<meta name=\"twitter:card\" content=\"summary_large_image\" \/>\n<script type=\"application\/ld+json\" class=\"yoast-schema-graph\">{\"@context\":\"https:\\\/\\\/schema.org\",\"@graph\":[{\"@type\":\"WebPage\",\"@id\":\"https:\\\/\\\/www.ivinio.com\\\/fr\\\/produit\\\/maggiovini-ariddu-grillo-blanc\\\/\",\"url\":\"https:\\\/\\\/www.ivinio.com\\\/fr\\\/produit\\\/maggiovini-ariddu-grillo-blanc\\\/\",\"name\":\"acheter des vins siciliens en ligne - acheter des vins italiens en ligne - acheter des vins en ligne www.ivinio.com\",\"isPartOf\":{\"@id\":\"https:\\\/\\\/www.ivinio.com\\\/fr\\\/#website\"},\"primaryImageOfPage\":{\"@id\":\"https:\\\/\\\/www.ivinio.com\\\/fr\\\/produit\\\/maggiovini-ariddu-grillo-blanc\\\/#primaryimage\"},\"image\":{\"@id\":\"https:\\\/\\\/www.ivinio.com\\\/fr\\\/produit\\\/maggiovini-ariddu-grillo-blanc\\\/#primaryimage\"},\"thumbnailUrl\":\"https:\\\/\\\/www.ivinio.com\\\/wp-content\\\/uploads\\\/nc\\\/public\\\/modules\\\/file\\\/pictures\\\/6870.maggiovini-Ariddu-grillo-IVINIO.jpg\",\"datePublished\":\"2017-08-03T15:37:12+00:00\",\"dateModified\":\"2023-01-25T16:06:44+00:00\",\"description\":\"Ariddu de Maggiovini est un vin blanc fruit\u00e9 et frais compos\u00e9 du c\u00e9page Grillo. Un vin blanc de caract\u00e8re \u00e0 servir frais avec des plats de poisson, de fruits de mer et de p\u00e2tes, typiquement siciliens.\",\"breadcrumb\":{\"@id\":\"https:\\\/\\\/www.ivinio.com\\\/fr\\\/produit\\\/maggiovini-ariddu-grillo-blanc\\\/#breadcrumb\"},\"inLanguage\":\"fr-FR\",\"potentialAction\":[{\"@type\":\"ReadAction\",\"target\":[\"https:\\\/\\\/www.ivinio.com\\\/fr\\\/produit\\\/maggiovini-ariddu-grillo-blanc\\\/\"]}]},{\"@type\":\"ImageObject\",\"inLanguage\":\"fr-FR\",\"@id\":\"https:\\\/\\\/www.ivinio.com\\\/fr\\\/produit\\\/maggiovini-ariddu-grillo-blanc\\\/#primaryimage\",\"url\":\"https:\\\/\\\/www.ivinio.com\\\/wp-content\\\/uploads\\\/nc\\\/public\\\/modules\\\/file\\\/pictures\\\/6870.maggiovini-Ariddu-grillo-IVINIO.jpg\",\"contentUrl\":\"https:\\\/\\\/www.ivinio.com\\\/wp-content\\\/uploads\\\/nc\\\/public\\\/modules\\\/file\\\/pictures\\\/6870.maggiovini-Ariddu-grillo-IVINIO.jpg\",\"width\":500,\"height\":500},{\"@type\":\"BreadcrumbList\",\"@id\":\"https:\\\/\\\/www.ivinio.com\\\/fr\\\/produit\\\/maggiovini-ariddu-grillo-blanc\\\/#breadcrumb\",\"itemListElement\":[{\"@type\":\"ListItem\",\"position\":1,\"name\":\"Home\",\"item\":\"https:\\\/\\\/www.ivinio.com\\\/fr\\\/\"},{\"@type\":\"ListItem\",\"position\":2,\"name\":\"Boutique de vin\",\"item\":\"https:\\\/\\\/www.ivinio.com\\\/fr\\\/boutique-de-vin\\\/\"},{\"@type\":\"ListItem\",\"position\":3,\"name\":\"Maggiovini &#8211; Ariddu &#8211; Grillo &#8211; Blanc\"}]},{\"@type\":\"WebSite\",\"@id\":\"https:\\\/\\\/www.ivinio.com\\\/fr\\\/#website\",\"url\":\"https:\\\/\\\/www.ivinio.com\\\/fr\\\/\",\"name\":\"IVINIO Caviste\",\"description\":\"Vins de France et d&#039;Italie avec livraison \u00e0 domicile\",\"publisher\":{\"@id\":\"https:\\\/\\\/www.ivinio.com\\\/fr\\\/#organization\"},\"potentialAction\":[{\"@type\":\"SearchAction\",\"target\":{\"@type\":\"EntryPoint\",\"urlTemplate\":\"https:\\\/\\\/www.ivinio.com\\\/fr\\\/?s={search_term_string}\"},\"query-input\":{\"@type\":\"PropertyValueSpecification\",\"valueRequired\":true,\"valueName\":\"search_term_string\"}}],\"inLanguage\":\"fr-FR\"},{\"@type\":\"Organization\",\"@id\":\"https:\\\/\\\/www.ivinio.com\\\/fr\\\/#organization\",\"name\":\"IVINIO\",\"url\":\"https:\\\/\\\/www.ivinio.com\\\/fr\\\/\",\"logo\":{\"@type\":\"ImageObject\",\"inLanguage\":\"fr-FR\",\"@id\":\"https:\\\/\\\/www.ivinio.com\\\/fr\\\/#\\\/schema\\\/logo\\\/image\\\/\",\"url\":\"https:\\\/\\\/www.ivinio.com\\\/wp-content\\\/uploads\\\/2021\\\/01\\\/Logo-Ivinio-v2.jpg\",\"contentUrl\":\"https:\\\/\\\/www.ivinio.com\\\/wp-content\\\/uploads\\\/2021\\\/01\\\/Logo-Ivinio-v2.jpg\",\"width\":1194,\"height\":1194,\"caption\":\"IVINIO\"},\"image\":{\"@id\":\"https:\\\/\\\/www.ivinio.com\\\/fr\\\/#\\\/schema\\\/logo\\\/image\\\/\"},\"sameAs\":[\"https:\\\/\\\/www.facebook.com\\\/groups\\\/165217837022391\\\/?ref=bookmarks\",\"https:\\\/\\\/www.instagram.com\\\/_ivinio_\\\/?hl=fr\"]}]}<\/script>\n<!-- \/ Yoast SEO plugin. -->","yoast_head_json":{"title":"acheter des vins siciliens en ligne - acheter des vins italiens en ligne - acheter des vins en ligne www.ivinio.com","description":"Ariddu de Maggiovini est un vin blanc fruit\u00e9 et frais compos\u00e9 du c\u00e9page Grillo. Un vin blanc de caract\u00e8re \u00e0 servir frais avec des plats de poisson, de fruits de mer et de p\u00e2tes, typiquement siciliens.","robots":{"index":"index","follow":"follow","max-snippet":"max-snippet:-1","max-image-preview":"max-image-preview:large","max-video-preview":"max-video-preview:-1"},"canonical":"https:\/\/www.ivinio.com\/fr\/produit\/maggiovini-ariddu-grillo-blanc\/","og_locale":"fr_FR","og_type":"article","og_title":"acheter des vins siciliens en ligne - acheter des vins italiens en ligne - acheter des vins en ligne www.ivinio.com","og_description":"Ariddu de Maggiovini est un vin blanc fruit\u00e9 et frais compos\u00e9 du c\u00e9page Grillo. Un vin blanc de caract\u00e8re \u00e0 servir frais avec des plats de poisson, de fruits de mer et de p\u00e2tes, typiquement siciliens.","og_url":"https:\/\/www.ivinio.com\/fr\/produit\/maggiovini-ariddu-grillo-blanc\/","og_site_name":"IVINIO Caviste","article_publisher":"https:\/\/www.facebook.com\/groups\/165217837022391\/?ref=bookmarks","article_modified_time":"2023-01-25T16:06:44+00:00","og_image":[{"width":500,"height":500,"url":"https:\/\/www.ivinio.com\/wp-content\/uploads\/nc\/public\/modules\/file\/pictures\/6870.maggiovini-Ariddu-grillo-IVINIO.jpg","type":"image\/jpeg"}],"twitter_card":"summary_large_image","schema":{"@context":"https:\/\/schema.org","@graph":[{"@type":"WebPage","@id":"https:\/\/www.ivinio.com\/fr\/produit\/maggiovini-ariddu-grillo-blanc\/","url":"https:\/\/www.ivinio.com\/fr\/produit\/maggiovini-ariddu-grillo-blanc\/","name":"acheter des vins siciliens en ligne - acheter des vins italiens en ligne - acheter des vins en ligne www.ivinio.com","isPartOf":{"@id":"https:\/\/www.ivinio.com\/fr\/#website"},"primaryImageOfPage":{"@id":"https:\/\/www.ivinio.com\/fr\/produit\/maggiovini-ariddu-grillo-blanc\/#primaryimage"},"image":{"@id":"https:\/\/www.ivinio.com\/fr\/produit\/maggiovini-ariddu-grillo-blanc\/#primaryimage"},"thumbnailUrl":"https:\/\/www.ivinio.com\/wp-content\/uploads\/nc\/public\/modules\/file\/pictures\/6870.maggiovini-Ariddu-grillo-IVINIO.jpg","datePublished":"2017-08-03T15:37:12+00:00","dateModified":"2023-01-25T16:06:44+00:00","description":"Ariddu de Maggiovini est un vin blanc fruit\u00e9 et frais compos\u00e9 du c\u00e9page Grillo. Un vin blanc de caract\u00e8re \u00e0 servir frais avec des plats de poisson, de fruits de mer et de p\u00e2tes, typiquement siciliens.","breadcrumb":{"@id":"https:\/\/www.ivinio.com\/fr\/produit\/maggiovini-ariddu-grillo-blanc\/#breadcrumb"},"inLanguage":"fr-FR","potentialAction":[{"@type":"ReadAction","target":["https:\/\/www.ivinio.com\/fr\/produit\/maggiovini-ariddu-grillo-blanc\/"]}]},{"@type":"ImageObject","inLanguage":"fr-FR","@id":"https:\/\/www.ivinio.com\/fr\/produit\/maggiovini-ariddu-grillo-blanc\/#primaryimage","url":"https:\/\/www.ivinio.com\/wp-content\/uploads\/nc\/public\/modules\/file\/pictures\/6870.maggiovini-Ariddu-grillo-IVINIO.jpg","contentUrl":"https:\/\/www.ivinio.com\/wp-content\/uploads\/nc\/public\/modules\/file\/pictures\/6870.maggiovini-Ariddu-grillo-IVINIO.jpg","width":500,"height":500},{"@type":"BreadcrumbList","@id":"https:\/\/www.ivinio.com\/fr\/produit\/maggiovini-ariddu-grillo-blanc\/#breadcrumb","itemListElement":[{"@type":"ListItem","position":1,"name":"Home","item":"https:\/\/www.ivinio.com\/fr\/"},{"@type":"ListItem","position":2,"name":"Boutique de vin","item":"https:\/\/www.ivinio.com\/fr\/boutique-de-vin\/"},{"@type":"ListItem","position":3,"name":"Maggiovini &#8211; Ariddu &#8211; Grillo &#8211; Blanc"}]},{"@type":"WebSite","@id":"https:\/\/www.ivinio.com\/fr\/#website","url":"https:\/\/www.ivinio.com\/fr\/","name":"IVINIO Caviste","description":"Vins de France et d&#039;Italie avec livraison \u00e0 domicile","publisher":{"@id":"https:\/\/www.ivinio.com\/fr\/#organization"},"potentialAction":[{"@type":"SearchAction","target":{"@type":"EntryPoint","urlTemplate":"https:\/\/www.ivinio.com\/fr\/?s={search_term_string}"},"query-input":{"@type":"PropertyValueSpecification","valueRequired":true,"valueName":"search_term_string"}}],"inLanguage":"fr-FR"},{"@type":"Organization","@id":"https:\/\/www.ivinio.com\/fr\/#organization","name":"IVINIO","url":"https:\/\/www.ivinio.com\/fr\/","logo":{"@type":"ImageObject","inLanguage":"fr-FR","@id":"https:\/\/www.ivinio.com\/fr\/#\/schema\/logo\/image\/","url":"https:\/\/www.ivinio.com\/wp-content\/uploads\/2021\/01\/Logo-Ivinio-v2.jpg","contentUrl":"https:\/\/www.ivinio.com\/wp-content\/uploads\/2021\/01\/Logo-Ivinio-v2.jpg","width":1194,"height":1194,"caption":"IVINIO"},"image":{"@id":"https:\/\/www.ivinio.com\/fr\/#\/schema\/logo\/image\/"},"sameAs":["https:\/\/www.facebook.com\/groups\/165217837022391\/?ref=bookmarks","https:\/\/www.instagram.com\/_ivinio_\/?hl=fr"]}]}},"jetpack_sharing_enabled":true,"_links":{"self":[{"href":"https:\/\/www.ivinio.com\/fr\/wp-json\/wp\/v2\/product\/121430","targetHints":{"allow":["GET"]}}],"collection":[{"href":"https:\/\/www.ivinio.com\/fr\/wp-json\/wp\/v2\/product"}],"about":[{"href":"https:\/\/www.ivinio.com\/fr\/wp-json\/wp\/v2\/types\/product"}],"replies":[{"embeddable":true,"href":"https:\/\/www.ivinio.com\/fr\/wp-json\/wp\/v2\/comments?post=121430"}],"wp:featuredmedia":[{"embeddable":true,"href":"https:\/\/www.ivinio.com\/fr\/wp-json\/wp\/v2\/media\/130743"}],"wp:attachment":[{"href":"https:\/\/www.ivinio.com\/fr\/wp-json\/wp\/v2\/media?parent=121430"}],"wp:term":[{"taxonomy":"product_brand","embeddable":true,"href":"https:\/\/www.ivinio.com\/fr\/wp-json\/wp\/v2\/product_brand?post=121430"},{"taxonomy":"product_cat","embeddable":true,"href":"https:\/\/www.ivinio.com\/fr\/wp-json\/wp\/v2\/product_cat?post=121430"},{"taxonomy":"product_tag","embeddable":true,"href":"https:\/\/www.ivinio.com\/fr\/wp-json\/wp\/v2\/product_tag?post=121430"}],"curies":[{"name":"wp","href":"https:\/\/api.w.org\/{rel}","templated":true}]}}