{"id":121391,"date":"2018-11-05T17:54:53","date_gmt":"2018-11-05T17:54:53","guid":{"rendered":"https:\/\/henrik.www.ivinio.com\/?product=besserat-de-bellefon-cuvee-des-moines-extra-brut"},"modified":"2022-09-01T19:54:10","modified_gmt":"2022-09-01T17:54:10","slug":"besserat-de-bellefon-cuvee-des-moines-extra-brut","status":"publish","type":"product","link":"https:\/\/www.ivinio.com\/fr\/produit\/besserat-de-bellefon-cuvee-des-moines-extra-brut\/","title":{"rendered":"Besserat de Bellefon &#8211; Cuv\u00e9e des moines &#8211; Extra brut"},"content":{"rendered":"<p>Besserat de Bellefon &#8211; Cuv\u00e9e des moines &#8211; Extra Brut est compos\u00e9 de 25% de Chardonnay et de 75% de Pinot Noir. Les raisins sont cultiv\u00e9s dans les meilleurs terroirs champenois : Mesnil-sur-Oger, Mareuil, Bisseuil, Mailly et Rilly-la-Montagne. Le vin a son propre et unique processus de production qui a \u00e9t\u00e9 d\u00e9velopp\u00e9 d\u00e8s les ann\u00e9es 1930. La Maison Besserat de Bellefon utilise moins de liqueur de tirage, ce qui donne une mousse plus l\u00e9g\u00e8re et moins agressive. La mousse est onctueuse et persistante. Extra Brut n&#8217;a pas subi la fermentation malolactique.<\/p>\n","protected":false},"excerpt":{"rendered":"<p>Besserat de Bellefon &#8211; Cuv\u00e9e des moines &#8211; Extra brut est un champagne sec \u00e0 la min\u00e9ralit\u00e9 fra\u00eeche avec des \u00e9l\u00e9ments iod\u00e9s m\u00e9lang\u00e9s dans une combinaison fruit\u00e9e. A servir avec des hu\u00eetres et des crustac\u00e9s de toutes sortes.<\/p>\n","protected":false},"featured_media":131505,"comment_status":"open","ping_status":"closed","template":"","meta":{"_monsterinsights_skip_tracking":false,"_monsterinsights_sitenote_active":false,"_monsterinsights_sitenote_note":"","_monsterinsights_sitenote_category":0,"_uf_show_specific_survey":0,"_uf_disable_surveys":false},"product_brand":[],"product_cat":[36613,36586],"product_tag":[],"class_list":{"0":"post-121391","1":"product","2":"type-product","3":"status-publish","4":"has-post-thumbnail","6":"product_cat-fr-champagne","7":"product_cat-vins-francais","8":"pa_alcohol-degree-12-fr","9":"pa_awards-bettane-et-desseauve-fr","10":"pa_awards-gault-et-millau-vins-fr","11":"pa_awards-gilbert-et-gaillard-fr","12":"pa_awards-wine-spectator-fr","13":"pa_classification-aop-champagne-fr","14":"pa_color-mousseux-fr","15":"pa_country-france-fr","16":"pa_grape-variety-chardonnay-fr","17":"pa_grape-variety-pinot-noir-fr","18":"pa_package-1x1-fr","19":"pa_package-1x6-fr","20":"pa_region-champagne-fr","21":"pa_storage-potential-3-ans-fr","22":"pa_volume-75-cl-fr","24":"first","25":"instock","26":"taxable","27":"shipping-taxable","28":"purchasable","29":"product-type-variable"},"bundled_by":[],"bundle_stock_status":"instock","bundle_stock_quantity":null,"bundle_virtual":false,"bundle_layout":"","bundle_add_to_cart_form_location":"","bundle_editable_in_cart":false,"bundle_sold_individually_context":"","bundle_item_grouping":"","bundle_min_size":"","bundle_max_size":"","bundle_price":[],"bundled_items":[],"bundle_sell_ids":[],"yoast_head":"<!-- This site is optimized with the Yoast SEO plugin v27.5 - https:\/\/yoast.com\/product\/yoast-seo-wordpress\/ -->\n<title>Acheter Besserat de Bellefon - Cuv\u00e9e des moines - Extra brut<\/title>\n<meta name=\"description\" content=\"Acheter Besserat de Bellefon - Cuv\u00e9e des moines - Extra brut. Un champagne sec \u00e0 la min\u00e9ralit\u00e9 fra\u00eeche avec des notes iod\u00e9es dans une association fruit\u00e9e.\" \/>\n<meta name=\"robots\" content=\"index, follow, max-snippet:-1, max-image-preview:large, max-video-preview:-1\" \/>\n<link rel=\"canonical\" href=\"https:\/\/www.ivinio.com\/fr\/produit\/besserat-de-bellefon-cuvee-des-moines-extra-brut\/\" \/>\n<meta property=\"og:locale\" content=\"fr_FR\" \/>\n<meta property=\"og:type\" content=\"article\" \/>\n<meta property=\"og:title\" content=\"Acheter Besserat de Bellefon - Cuv\u00e9e des moines - Extra brut\" \/>\n<meta property=\"og:description\" content=\"Acheter Besserat de Bellefon - Cuv\u00e9e des moines - Extra brut. Un champagne sec \u00e0 la min\u00e9ralit\u00e9 fra\u00eeche avec des notes iod\u00e9es dans une association fruit\u00e9e.\" \/>\n<meta property=\"og:url\" content=\"https:\/\/www.ivinio.com\/fr\/produit\/besserat-de-bellefon-cuvee-des-moines-extra-brut\/\" \/>\n<meta property=\"og:site_name\" content=\"IVINIO Caviste\" \/>\n<meta property=\"article:publisher\" content=\"https:\/\/www.facebook.com\/groups\/165217837022391\/?ref=bookmarks\" \/>\n<meta property=\"article:modified_time\" content=\"2022-09-01T17:54:10+00:00\" \/>\n<meta property=\"og:image\" content=\"https:\/\/www.ivinio.com\/wp-content\/uploads\/2018\/11\/besserat-de-bellefon-cuvee-des-moines-extra-brut-IVINIO.jpg\" \/>\n\t<meta property=\"og:image:width\" content=\"500\" \/>\n\t<meta property=\"og:image:height\" content=\"500\" \/>\n\t<meta property=\"og:image:type\" content=\"image\/jpeg\" \/>\n<meta name=\"twitter:card\" content=\"summary_large_image\" \/>\n<meta name=\"twitter:label1\" content=\"Dur\u00e9e de lecture estim\u00e9e\" \/>\n\t<meta name=\"twitter:data1\" content=\"1 minute\" \/>\n<script type=\"application\/ld+json\" class=\"yoast-schema-graph\">{\"@context\":\"https:\\\/\\\/schema.org\",\"@graph\":[{\"@type\":\"WebPage\",\"@id\":\"https:\\\/\\\/www.ivinio.com\\\/fr\\\/produit\\\/besserat-de-bellefon-cuvee-des-moines-extra-brut\\\/\",\"url\":\"https:\\\/\\\/www.ivinio.com\\\/fr\\\/produit\\\/besserat-de-bellefon-cuvee-des-moines-extra-brut\\\/\",\"name\":\"Acheter Besserat de Bellefon - Cuv\u00e9e des moines - Extra brut\",\"isPartOf\":{\"@id\":\"https:\\\/\\\/www.ivinio.com\\\/fr\\\/#website\"},\"primaryImageOfPage\":{\"@id\":\"https:\\\/\\\/www.ivinio.com\\\/fr\\\/produit\\\/besserat-de-bellefon-cuvee-des-moines-extra-brut\\\/#primaryimage\"},\"image\":{\"@id\":\"https:\\\/\\\/www.ivinio.com\\\/fr\\\/produit\\\/besserat-de-bellefon-cuvee-des-moines-extra-brut\\\/#primaryimage\"},\"thumbnailUrl\":\"https:\\\/\\\/www.ivinio.com\\\/wp-content\\\/uploads\\\/2018\\\/11\\\/besserat-de-bellefon-cuvee-des-moines-extra-brut-IVINIO.jpg\",\"datePublished\":\"2018-11-05T17:54:53+00:00\",\"dateModified\":\"2022-09-01T17:54:10+00:00\",\"description\":\"Acheter Besserat de Bellefon - Cuv\u00e9e des moines - Extra brut. Un champagne sec \u00e0 la min\u00e9ralit\u00e9 fra\u00eeche avec des notes iod\u00e9es dans une association fruit\u00e9e.\",\"breadcrumb\":{\"@id\":\"https:\\\/\\\/www.ivinio.com\\\/fr\\\/produit\\\/besserat-de-bellefon-cuvee-des-moines-extra-brut\\\/#breadcrumb\"},\"inLanguage\":\"fr-FR\",\"potentialAction\":[{\"@type\":\"ReadAction\",\"target\":[\"https:\\\/\\\/www.ivinio.com\\\/fr\\\/produit\\\/besserat-de-bellefon-cuvee-des-moines-extra-brut\\\/\"]}]},{\"@type\":\"ImageObject\",\"inLanguage\":\"fr-FR\",\"@id\":\"https:\\\/\\\/www.ivinio.com\\\/fr\\\/produit\\\/besserat-de-bellefon-cuvee-des-moines-extra-brut\\\/#primaryimage\",\"url\":\"https:\\\/\\\/www.ivinio.com\\\/wp-content\\\/uploads\\\/2018\\\/11\\\/besserat-de-bellefon-cuvee-des-moines-extra-brut-IVINIO.jpg\",\"contentUrl\":\"https:\\\/\\\/www.ivinio.com\\\/wp-content\\\/uploads\\\/2018\\\/11\\\/besserat-de-bellefon-cuvee-des-moines-extra-brut-IVINIO.jpg\",\"width\":500,\"height\":500,\"caption\":\"Besserat de Bellefon - Cuv\u00e9e des moines - Extra brut\"},{\"@type\":\"BreadcrumbList\",\"@id\":\"https:\\\/\\\/www.ivinio.com\\\/fr\\\/produit\\\/besserat-de-bellefon-cuvee-des-moines-extra-brut\\\/#breadcrumb\",\"itemListElement\":[{\"@type\":\"ListItem\",\"position\":1,\"name\":\"Home\",\"item\":\"https:\\\/\\\/www.ivinio.com\\\/fr\\\/\"},{\"@type\":\"ListItem\",\"position\":2,\"name\":\"Boutique de vin\",\"item\":\"https:\\\/\\\/www.ivinio.com\\\/fr\\\/boutique-de-vin\\\/\"},{\"@type\":\"ListItem\",\"position\":3,\"name\":\"Besserat de Bellefon &#8211; Cuv\u00e9e des moines &#8211; Extra brut\"}]},{\"@type\":\"WebSite\",\"@id\":\"https:\\\/\\\/www.ivinio.com\\\/fr\\\/#website\",\"url\":\"https:\\\/\\\/www.ivinio.com\\\/fr\\\/\",\"name\":\"IVINIO Caviste\",\"description\":\"Vins de France et d&#039;Italie avec livraison \u00e0 domicile\",\"publisher\":{\"@id\":\"https:\\\/\\\/www.ivinio.com\\\/fr\\\/#organization\"},\"potentialAction\":[{\"@type\":\"SearchAction\",\"target\":{\"@type\":\"EntryPoint\",\"urlTemplate\":\"https:\\\/\\\/www.ivinio.com\\\/fr\\\/?s={search_term_string}\"},\"query-input\":{\"@type\":\"PropertyValueSpecification\",\"valueRequired\":true,\"valueName\":\"search_term_string\"}}],\"inLanguage\":\"fr-FR\"},{\"@type\":\"Organization\",\"@id\":\"https:\\\/\\\/www.ivinio.com\\\/fr\\\/#organization\",\"name\":\"IVINIO\",\"url\":\"https:\\\/\\\/www.ivinio.com\\\/fr\\\/\",\"logo\":{\"@type\":\"ImageObject\",\"inLanguage\":\"fr-FR\",\"@id\":\"https:\\\/\\\/www.ivinio.com\\\/fr\\\/#\\\/schema\\\/logo\\\/image\\\/\",\"url\":\"https:\\\/\\\/www.ivinio.com\\\/wp-content\\\/uploads\\\/2021\\\/01\\\/Logo-Ivinio-v2.jpg\",\"contentUrl\":\"https:\\\/\\\/www.ivinio.com\\\/wp-content\\\/uploads\\\/2021\\\/01\\\/Logo-Ivinio-v2.jpg\",\"width\":1194,\"height\":1194,\"caption\":\"IVINIO\"},\"image\":{\"@id\":\"https:\\\/\\\/www.ivinio.com\\\/fr\\\/#\\\/schema\\\/logo\\\/image\\\/\"},\"sameAs\":[\"https:\\\/\\\/www.facebook.com\\\/groups\\\/165217837022391\\\/?ref=bookmarks\",\"https:\\\/\\\/www.instagram.com\\\/_ivinio_\\\/?hl=fr\"]}]}<\/script>\n<!-- \/ Yoast SEO plugin. -->","yoast_head_json":{"title":"Acheter Besserat de Bellefon - Cuv\u00e9e des moines - Extra brut","description":"Acheter Besserat de Bellefon - Cuv\u00e9e des moines - Extra brut. Un champagne sec \u00e0 la min\u00e9ralit\u00e9 fra\u00eeche avec des notes iod\u00e9es dans une association fruit\u00e9e.","robots":{"index":"index","follow":"follow","max-snippet":"max-snippet:-1","max-image-preview":"max-image-preview:large","max-video-preview":"max-video-preview:-1"},"canonical":"https:\/\/www.ivinio.com\/fr\/produit\/besserat-de-bellefon-cuvee-des-moines-extra-brut\/","og_locale":"fr_FR","og_type":"article","og_title":"Acheter Besserat de Bellefon - Cuv\u00e9e des moines - Extra brut","og_description":"Acheter Besserat de Bellefon - Cuv\u00e9e des moines - Extra brut. Un champagne sec \u00e0 la min\u00e9ralit\u00e9 fra\u00eeche avec des notes iod\u00e9es dans une association fruit\u00e9e.","og_url":"https:\/\/www.ivinio.com\/fr\/produit\/besserat-de-bellefon-cuvee-des-moines-extra-brut\/","og_site_name":"IVINIO Caviste","article_publisher":"https:\/\/www.facebook.com\/groups\/165217837022391\/?ref=bookmarks","article_modified_time":"2022-09-01T17:54:10+00:00","og_image":[{"width":500,"height":500,"url":"https:\/\/www.ivinio.com\/wp-content\/uploads\/2018\/11\/besserat-de-bellefon-cuvee-des-moines-extra-brut-IVINIO.jpg","type":"image\/jpeg"}],"twitter_card":"summary_large_image","twitter_misc":{"Dur\u00e9e de lecture estim\u00e9e":"1 minute"},"schema":{"@context":"https:\/\/schema.org","@graph":[{"@type":"WebPage","@id":"https:\/\/www.ivinio.com\/fr\/produit\/besserat-de-bellefon-cuvee-des-moines-extra-brut\/","url":"https:\/\/www.ivinio.com\/fr\/produit\/besserat-de-bellefon-cuvee-des-moines-extra-brut\/","name":"Acheter Besserat de Bellefon - Cuv\u00e9e des moines - Extra brut","isPartOf":{"@id":"https:\/\/www.ivinio.com\/fr\/#website"},"primaryImageOfPage":{"@id":"https:\/\/www.ivinio.com\/fr\/produit\/besserat-de-bellefon-cuvee-des-moines-extra-brut\/#primaryimage"},"image":{"@id":"https:\/\/www.ivinio.com\/fr\/produit\/besserat-de-bellefon-cuvee-des-moines-extra-brut\/#primaryimage"},"thumbnailUrl":"https:\/\/www.ivinio.com\/wp-content\/uploads\/2018\/11\/besserat-de-bellefon-cuvee-des-moines-extra-brut-IVINIO.jpg","datePublished":"2018-11-05T17:54:53+00:00","dateModified":"2022-09-01T17:54:10+00:00","description":"Acheter Besserat de Bellefon - Cuv\u00e9e des moines - Extra brut. Un champagne sec \u00e0 la min\u00e9ralit\u00e9 fra\u00eeche avec des notes iod\u00e9es dans une association fruit\u00e9e.","breadcrumb":{"@id":"https:\/\/www.ivinio.com\/fr\/produit\/besserat-de-bellefon-cuvee-des-moines-extra-brut\/#breadcrumb"},"inLanguage":"fr-FR","potentialAction":[{"@type":"ReadAction","target":["https:\/\/www.ivinio.com\/fr\/produit\/besserat-de-bellefon-cuvee-des-moines-extra-brut\/"]}]},{"@type":"ImageObject","inLanguage":"fr-FR","@id":"https:\/\/www.ivinio.com\/fr\/produit\/besserat-de-bellefon-cuvee-des-moines-extra-brut\/#primaryimage","url":"https:\/\/www.ivinio.com\/wp-content\/uploads\/2018\/11\/besserat-de-bellefon-cuvee-des-moines-extra-brut-IVINIO.jpg","contentUrl":"https:\/\/www.ivinio.com\/wp-content\/uploads\/2018\/11\/besserat-de-bellefon-cuvee-des-moines-extra-brut-IVINIO.jpg","width":500,"height":500,"caption":"Besserat de Bellefon - Cuv\u00e9e des moines - Extra brut"},{"@type":"BreadcrumbList","@id":"https:\/\/www.ivinio.com\/fr\/produit\/besserat-de-bellefon-cuvee-des-moines-extra-brut\/#breadcrumb","itemListElement":[{"@type":"ListItem","position":1,"name":"Home","item":"https:\/\/www.ivinio.com\/fr\/"},{"@type":"ListItem","position":2,"name":"Boutique de vin","item":"https:\/\/www.ivinio.com\/fr\/boutique-de-vin\/"},{"@type":"ListItem","position":3,"name":"Besserat de Bellefon &#8211; Cuv\u00e9e des moines &#8211; Extra brut"}]},{"@type":"WebSite","@id":"https:\/\/www.ivinio.com\/fr\/#website","url":"https:\/\/www.ivinio.com\/fr\/","name":"IVINIO Caviste","description":"Vins de France et d&#039;Italie avec livraison \u00e0 domicile","publisher":{"@id":"https:\/\/www.ivinio.com\/fr\/#organization"},"potentialAction":[{"@type":"SearchAction","target":{"@type":"EntryPoint","urlTemplate":"https:\/\/www.ivinio.com\/fr\/?s={search_term_string}"},"query-input":{"@type":"PropertyValueSpecification","valueRequired":true,"valueName":"search_term_string"}}],"inLanguage":"fr-FR"},{"@type":"Organization","@id":"https:\/\/www.ivinio.com\/fr\/#organization","name":"IVINIO","url":"https:\/\/www.ivinio.com\/fr\/","logo":{"@type":"ImageObject","inLanguage":"fr-FR","@id":"https:\/\/www.ivinio.com\/fr\/#\/schema\/logo\/image\/","url":"https:\/\/www.ivinio.com\/wp-content\/uploads\/2021\/01\/Logo-Ivinio-v2.jpg","contentUrl":"https:\/\/www.ivinio.com\/wp-content\/uploads\/2021\/01\/Logo-Ivinio-v2.jpg","width":1194,"height":1194,"caption":"IVINIO"},"image":{"@id":"https:\/\/www.ivinio.com\/fr\/#\/schema\/logo\/image\/"},"sameAs":["https:\/\/www.facebook.com\/groups\/165217837022391\/?ref=bookmarks","https:\/\/www.instagram.com\/_ivinio_\/?hl=fr"]}]}},"jetpack_sharing_enabled":true,"_links":{"self":[{"href":"https:\/\/www.ivinio.com\/fr\/wp-json\/wp\/v2\/product\/121391","targetHints":{"allow":["GET"]}}],"collection":[{"href":"https:\/\/www.ivinio.com\/fr\/wp-json\/wp\/v2\/product"}],"about":[{"href":"https:\/\/www.ivinio.com\/fr\/wp-json\/wp\/v2\/types\/product"}],"replies":[{"embeddable":true,"href":"https:\/\/www.ivinio.com\/fr\/wp-json\/wp\/v2\/comments?post=121391"}],"wp:featuredmedia":[{"embeddable":true,"href":"https:\/\/www.ivinio.com\/fr\/wp-json\/wp\/v2\/media\/131505"}],"wp:attachment":[{"href":"https:\/\/www.ivinio.com\/fr\/wp-json\/wp\/v2\/media?parent=121391"}],"wp:term":[{"taxonomy":"product_brand","embeddable":true,"href":"https:\/\/www.ivinio.com\/fr\/wp-json\/wp\/v2\/product_brand?post=121391"},{"taxonomy":"product_cat","embeddable":true,"href":"https:\/\/www.ivinio.com\/fr\/wp-json\/wp\/v2\/product_cat?post=121391"},{"taxonomy":"product_tag","embeddable":true,"href":"https:\/\/www.ivinio.com\/fr\/wp-json\/wp\/v2\/product_tag?post=121391"}],"curies":[{"name":"wp","href":"https:\/\/api.w.org\/{rel}","templated":true}]}}