{"id":121378,"date":"2018-11-03T19:28:10","date_gmt":"2018-11-03T19:28:10","guid":{"rendered":"https:\/\/henrik.www.ivinio.com\/?product=besserat-de-bellefon-grand-cru-brut-blanc-de-blancs"},"modified":"2026-02-19T14:06:36","modified_gmt":"2026-02-19T13:06:36","slug":"besserat-de-bellefon-blanc-de-blancs","status":"publish","type":"product","link":"https:\/\/www.ivinio.com\/fr\/produit\/besserat-de-bellefon-blanc-de-blancs\/","title":{"rendered":"Besserat de Bellefon &#8211; Blanc de blancs"},"content":{"rendered":"<p>Le Besserat de Bellefon Blanc de Blancs, 100% de Chardonnay Grands Crus d&#8217;Avize, Oger Oiry, Mesnil-sur-Oger, Cramant et Chouilly. Le vin a son propre et unique processus de production qui a \u00e9t\u00e9 d\u00e9velopp\u00e9 d\u00e8s les ann\u00e9es 1930. La Maison Besserat de Bellefon utilise moins de liqueur de tirage, ce qui donne une mousse plus l\u00e9g\u00e8re et moins agressive. La mousse est onctueuse et persistante. Le Blancs de Blancs n&#8217;a pas subi la fermentation malolactique. Le vin est vieilli pendant 3 ans avant d&#8217;\u00eatre mis \u00e0 la vente.<\/p>\n","protected":false},"excerpt":{"rendered":"<p>Besserat de Bellefon \u00a0Blanc de Blancs est un Champagne Grand Cru avec des notes\u00a0aromatiques de pain fra\u00eechement sorti du four\u00a0et d&#8217;abricots secs. Un champagne pour les grandes occasions \u00e0 servir en ap\u00e9ritif ou pour un buffet.<\/p>\n","protected":false},"featured_media":131517,"comment_status":"open","ping_status":"closed","template":"","meta":{"_monsterinsights_skip_tracking":false,"_monsterinsights_sitenote_active":false,"_monsterinsights_sitenote_note":"","_monsterinsights_sitenote_category":0,"_uf_show_specific_survey":0,"_uf_disable_surveys":false},"product_brand":[],"product_cat":[36613,36586],"product_tag":[],"class_list":{"0":"post-121378","1":"product","2":"type-product","3":"status-publish","4":"has-post-thumbnail","6":"product_cat-fr-champagne","7":"product_cat-vins-francais","8":"pa_alcohol-degree-12-fr","9":"pa_classification-aop-champagne-fr","10":"pa_color-mousseux-fr","11":"pa_country-france-fr","12":"pa_grape-variety-chardonnay-fr","13":"pa_package-1x1-fr","14":"pa_package-1x6-fr","15":"pa_region-champagne-fr","16":"pa_storage-potential-plus-de-5-ans-fr","17":"pa_volume-75-cl-fr","19":"first","20":"instock","21":"taxable","22":"shipping-taxable","23":"purchasable","24":"product-type-variable"},"bundled_by":[],"bundle_stock_status":"instock","bundle_stock_quantity":null,"bundle_virtual":false,"bundle_layout":"","bundle_add_to_cart_form_location":"","bundle_editable_in_cart":false,"bundle_sold_individually_context":"","bundle_item_grouping":"","bundle_min_size":"","bundle_max_size":"","bundle_price":[],"bundled_items":[],"bundle_sell_ids":[],"yoast_head":"<!-- This site is optimized with the Yoast SEO plugin v27.5 - https:\/\/yoast.com\/product\/yoast-seo-wordpress\/ -->\n<title>Achat Besserat de Bellefon - Blanc de blancs - IVINIO Caviste<\/title>\n<meta name=\"description\" content=\"Achat Besserat de Bellefon - Blanc de blancs. Champagne Grand Cru avec des notes\u00a0aromatiques de pain fra\u00eechement sorti du four\u00a0et d&#039;abricots secs.\" \/>\n<meta name=\"robots\" content=\"index, follow, max-snippet:-1, max-image-preview:large, max-video-preview:-1\" \/>\n<link rel=\"canonical\" href=\"https:\/\/www.ivinio.com\/fr\/produit\/besserat-de-bellefon-blanc-de-blancs\/\" \/>\n<meta property=\"og:locale\" content=\"fr_FR\" \/>\n<meta property=\"og:type\" content=\"article\" \/>\n<meta property=\"og:title\" content=\"Achat Besserat de Bellefon - Blanc de blancs - IVINIO Caviste\" \/>\n<meta property=\"og:description\" content=\"Achat Besserat de Bellefon - Blanc de blancs. Champagne Grand Cru avec des notes\u00a0aromatiques de pain fra\u00eechement sorti du four\u00a0et d&#039;abricots secs.\" \/>\n<meta property=\"og:url\" content=\"https:\/\/www.ivinio.com\/fr\/produit\/besserat-de-bellefon-blanc-de-blancs\/\" \/>\n<meta property=\"og:site_name\" content=\"IVINIO Caviste\" \/>\n<meta property=\"article:publisher\" content=\"https:\/\/www.facebook.com\/groups\/165217837022391\/?ref=bookmarks\" \/>\n<meta property=\"article:modified_time\" content=\"2026-02-19T13:06:36+00:00\" \/>\n<meta property=\"og:image\" content=\"https:\/\/www.ivinio.com\/wp-content\/uploads\/2018\/11\/besserat-de-bellefon-blanc-de-blancs-IVINIO.jpg\" \/>\n\t<meta property=\"og:image:width\" content=\"500\" \/>\n\t<meta property=\"og:image:height\" content=\"500\" \/>\n\t<meta property=\"og:image:type\" content=\"image\/jpeg\" \/>\n<meta name=\"twitter:card\" content=\"summary_large_image\" \/>\n<meta name=\"twitter:label1\" content=\"Dur\u00e9e de lecture estim\u00e9e\" \/>\n\t<meta name=\"twitter:data1\" content=\"1 minute\" \/>\n<script type=\"application\/ld+json\" class=\"yoast-schema-graph\">{\"@context\":\"https:\\\/\\\/schema.org\",\"@graph\":[{\"@type\":\"WebPage\",\"@id\":\"https:\\\/\\\/www.ivinio.com\\\/fr\\\/produit\\\/besserat-de-bellefon-blanc-de-blancs\\\/\",\"url\":\"https:\\\/\\\/www.ivinio.com\\\/fr\\\/produit\\\/besserat-de-bellefon-blanc-de-blancs\\\/\",\"name\":\"Achat Besserat de Bellefon - Blanc de blancs - IVINIO Caviste\",\"isPartOf\":{\"@id\":\"https:\\\/\\\/www.ivinio.com\\\/fr\\\/#website\"},\"primaryImageOfPage\":{\"@id\":\"https:\\\/\\\/www.ivinio.com\\\/fr\\\/produit\\\/besserat-de-bellefon-blanc-de-blancs\\\/#primaryimage\"},\"image\":{\"@id\":\"https:\\\/\\\/www.ivinio.com\\\/fr\\\/produit\\\/besserat-de-bellefon-blanc-de-blancs\\\/#primaryimage\"},\"thumbnailUrl\":\"https:\\\/\\\/www.ivinio.com\\\/wp-content\\\/uploads\\\/2018\\\/11\\\/besserat-de-bellefon-blanc-de-blancs-IVINIO.jpg\",\"datePublished\":\"2018-11-03T19:28:10+00:00\",\"dateModified\":\"2026-02-19T13:06:36+00:00\",\"description\":\"Achat Besserat de Bellefon - Blanc de blancs. Champagne Grand Cru avec des notes\u00a0aromatiques de pain fra\u00eechement sorti du four\u00a0et d'abricots secs.\",\"breadcrumb\":{\"@id\":\"https:\\\/\\\/www.ivinio.com\\\/fr\\\/produit\\\/besserat-de-bellefon-blanc-de-blancs\\\/#breadcrumb\"},\"inLanguage\":\"fr-FR\",\"potentialAction\":[{\"@type\":\"ReadAction\",\"target\":[\"https:\\\/\\\/www.ivinio.com\\\/fr\\\/produit\\\/besserat-de-bellefon-blanc-de-blancs\\\/\"]}]},{\"@type\":\"ImageObject\",\"inLanguage\":\"fr-FR\",\"@id\":\"https:\\\/\\\/www.ivinio.com\\\/fr\\\/produit\\\/besserat-de-bellefon-blanc-de-blancs\\\/#primaryimage\",\"url\":\"https:\\\/\\\/www.ivinio.com\\\/wp-content\\\/uploads\\\/2018\\\/11\\\/besserat-de-bellefon-blanc-de-blancs-IVINIO.jpg\",\"contentUrl\":\"https:\\\/\\\/www.ivinio.com\\\/wp-content\\\/uploads\\\/2018\\\/11\\\/besserat-de-bellefon-blanc-de-blancs-IVINIO.jpg\",\"width\":500,\"height\":500},{\"@type\":\"BreadcrumbList\",\"@id\":\"https:\\\/\\\/www.ivinio.com\\\/fr\\\/produit\\\/besserat-de-bellefon-blanc-de-blancs\\\/#breadcrumb\",\"itemListElement\":[{\"@type\":\"ListItem\",\"position\":1,\"name\":\"Home\",\"item\":\"https:\\\/\\\/www.ivinio.com\\\/fr\\\/\"},{\"@type\":\"ListItem\",\"position\":2,\"name\":\"Boutique de vin\",\"item\":\"https:\\\/\\\/www.ivinio.com\\\/fr\\\/boutique-de-vin\\\/\"},{\"@type\":\"ListItem\",\"position\":3,\"name\":\"Besserat de Bellefon &#8211; Blanc de blancs\"}]},{\"@type\":\"WebSite\",\"@id\":\"https:\\\/\\\/www.ivinio.com\\\/fr\\\/#website\",\"url\":\"https:\\\/\\\/www.ivinio.com\\\/fr\\\/\",\"name\":\"IVINIO Caviste\",\"description\":\"Vins de France et d&#039;Italie avec livraison \u00e0 domicile\",\"publisher\":{\"@id\":\"https:\\\/\\\/www.ivinio.com\\\/fr\\\/#organization\"},\"potentialAction\":[{\"@type\":\"SearchAction\",\"target\":{\"@type\":\"EntryPoint\",\"urlTemplate\":\"https:\\\/\\\/www.ivinio.com\\\/fr\\\/?s={search_term_string}\"},\"query-input\":{\"@type\":\"PropertyValueSpecification\",\"valueRequired\":true,\"valueName\":\"search_term_string\"}}],\"inLanguage\":\"fr-FR\"},{\"@type\":\"Organization\",\"@id\":\"https:\\\/\\\/www.ivinio.com\\\/fr\\\/#organization\",\"name\":\"IVINIO\",\"url\":\"https:\\\/\\\/www.ivinio.com\\\/fr\\\/\",\"logo\":{\"@type\":\"ImageObject\",\"inLanguage\":\"fr-FR\",\"@id\":\"https:\\\/\\\/www.ivinio.com\\\/fr\\\/#\\\/schema\\\/logo\\\/image\\\/\",\"url\":\"https:\\\/\\\/www.ivinio.com\\\/wp-content\\\/uploads\\\/2021\\\/01\\\/Logo-Ivinio-v2.jpg\",\"contentUrl\":\"https:\\\/\\\/www.ivinio.com\\\/wp-content\\\/uploads\\\/2021\\\/01\\\/Logo-Ivinio-v2.jpg\",\"width\":1194,\"height\":1194,\"caption\":\"IVINIO\"},\"image\":{\"@id\":\"https:\\\/\\\/www.ivinio.com\\\/fr\\\/#\\\/schema\\\/logo\\\/image\\\/\"},\"sameAs\":[\"https:\\\/\\\/www.facebook.com\\\/groups\\\/165217837022391\\\/?ref=bookmarks\",\"https:\\\/\\\/www.instagram.com\\\/_ivinio_\\\/?hl=fr\"]}]}<\/script>\n<!-- \/ Yoast SEO plugin. -->","yoast_head_json":{"title":"Achat Besserat de Bellefon - Blanc de blancs - IVINIO Caviste","description":"Achat Besserat de Bellefon - Blanc de blancs. Champagne Grand Cru avec des notes\u00a0aromatiques de pain fra\u00eechement sorti du four\u00a0et d'abricots secs.","robots":{"index":"index","follow":"follow","max-snippet":"max-snippet:-1","max-image-preview":"max-image-preview:large","max-video-preview":"max-video-preview:-1"},"canonical":"https:\/\/www.ivinio.com\/fr\/produit\/besserat-de-bellefon-blanc-de-blancs\/","og_locale":"fr_FR","og_type":"article","og_title":"Achat Besserat de Bellefon - Blanc de blancs - IVINIO Caviste","og_description":"Achat Besserat de Bellefon - Blanc de blancs. Champagne Grand Cru avec des notes\u00a0aromatiques de pain fra\u00eechement sorti du four\u00a0et d'abricots secs.","og_url":"https:\/\/www.ivinio.com\/fr\/produit\/besserat-de-bellefon-blanc-de-blancs\/","og_site_name":"IVINIO Caviste","article_publisher":"https:\/\/www.facebook.com\/groups\/165217837022391\/?ref=bookmarks","article_modified_time":"2026-02-19T13:06:36+00:00","og_image":[{"width":500,"height":500,"url":"https:\/\/www.ivinio.com\/wp-content\/uploads\/2018\/11\/besserat-de-bellefon-blanc-de-blancs-IVINIO.jpg","type":"image\/jpeg"}],"twitter_card":"summary_large_image","twitter_misc":{"Dur\u00e9e de lecture estim\u00e9e":"1 minute"},"schema":{"@context":"https:\/\/schema.org","@graph":[{"@type":"WebPage","@id":"https:\/\/www.ivinio.com\/fr\/produit\/besserat-de-bellefon-blanc-de-blancs\/","url":"https:\/\/www.ivinio.com\/fr\/produit\/besserat-de-bellefon-blanc-de-blancs\/","name":"Achat Besserat de Bellefon - Blanc de blancs - IVINIO Caviste","isPartOf":{"@id":"https:\/\/www.ivinio.com\/fr\/#website"},"primaryImageOfPage":{"@id":"https:\/\/www.ivinio.com\/fr\/produit\/besserat-de-bellefon-blanc-de-blancs\/#primaryimage"},"image":{"@id":"https:\/\/www.ivinio.com\/fr\/produit\/besserat-de-bellefon-blanc-de-blancs\/#primaryimage"},"thumbnailUrl":"https:\/\/www.ivinio.com\/wp-content\/uploads\/2018\/11\/besserat-de-bellefon-blanc-de-blancs-IVINIO.jpg","datePublished":"2018-11-03T19:28:10+00:00","dateModified":"2026-02-19T13:06:36+00:00","description":"Achat Besserat de Bellefon - Blanc de blancs. Champagne Grand Cru avec des notes\u00a0aromatiques de pain fra\u00eechement sorti du four\u00a0et d'abricots secs.","breadcrumb":{"@id":"https:\/\/www.ivinio.com\/fr\/produit\/besserat-de-bellefon-blanc-de-blancs\/#breadcrumb"},"inLanguage":"fr-FR","potentialAction":[{"@type":"ReadAction","target":["https:\/\/www.ivinio.com\/fr\/produit\/besserat-de-bellefon-blanc-de-blancs\/"]}]},{"@type":"ImageObject","inLanguage":"fr-FR","@id":"https:\/\/www.ivinio.com\/fr\/produit\/besserat-de-bellefon-blanc-de-blancs\/#primaryimage","url":"https:\/\/www.ivinio.com\/wp-content\/uploads\/2018\/11\/besserat-de-bellefon-blanc-de-blancs-IVINIO.jpg","contentUrl":"https:\/\/www.ivinio.com\/wp-content\/uploads\/2018\/11\/besserat-de-bellefon-blanc-de-blancs-IVINIO.jpg","width":500,"height":500},{"@type":"BreadcrumbList","@id":"https:\/\/www.ivinio.com\/fr\/produit\/besserat-de-bellefon-blanc-de-blancs\/#breadcrumb","itemListElement":[{"@type":"ListItem","position":1,"name":"Home","item":"https:\/\/www.ivinio.com\/fr\/"},{"@type":"ListItem","position":2,"name":"Boutique de vin","item":"https:\/\/www.ivinio.com\/fr\/boutique-de-vin\/"},{"@type":"ListItem","position":3,"name":"Besserat de Bellefon &#8211; Blanc de blancs"}]},{"@type":"WebSite","@id":"https:\/\/www.ivinio.com\/fr\/#website","url":"https:\/\/www.ivinio.com\/fr\/","name":"IVINIO Caviste","description":"Vins de France et d&#039;Italie avec livraison \u00e0 domicile","publisher":{"@id":"https:\/\/www.ivinio.com\/fr\/#organization"},"potentialAction":[{"@type":"SearchAction","target":{"@type":"EntryPoint","urlTemplate":"https:\/\/www.ivinio.com\/fr\/?s={search_term_string}"},"query-input":{"@type":"PropertyValueSpecification","valueRequired":true,"valueName":"search_term_string"}}],"inLanguage":"fr-FR"},{"@type":"Organization","@id":"https:\/\/www.ivinio.com\/fr\/#organization","name":"IVINIO","url":"https:\/\/www.ivinio.com\/fr\/","logo":{"@type":"ImageObject","inLanguage":"fr-FR","@id":"https:\/\/www.ivinio.com\/fr\/#\/schema\/logo\/image\/","url":"https:\/\/www.ivinio.com\/wp-content\/uploads\/2021\/01\/Logo-Ivinio-v2.jpg","contentUrl":"https:\/\/www.ivinio.com\/wp-content\/uploads\/2021\/01\/Logo-Ivinio-v2.jpg","width":1194,"height":1194,"caption":"IVINIO"},"image":{"@id":"https:\/\/www.ivinio.com\/fr\/#\/schema\/logo\/image\/"},"sameAs":["https:\/\/www.facebook.com\/groups\/165217837022391\/?ref=bookmarks","https:\/\/www.instagram.com\/_ivinio_\/?hl=fr"]}]}},"jetpack_sharing_enabled":true,"_links":{"self":[{"href":"https:\/\/www.ivinio.com\/fr\/wp-json\/wp\/v2\/product\/121378","targetHints":{"allow":["GET"]}}],"collection":[{"href":"https:\/\/www.ivinio.com\/fr\/wp-json\/wp\/v2\/product"}],"about":[{"href":"https:\/\/www.ivinio.com\/fr\/wp-json\/wp\/v2\/types\/product"}],"replies":[{"embeddable":true,"href":"https:\/\/www.ivinio.com\/fr\/wp-json\/wp\/v2\/comments?post=121378"}],"wp:featuredmedia":[{"embeddable":true,"href":"https:\/\/www.ivinio.com\/fr\/wp-json\/wp\/v2\/media\/131517"}],"wp:attachment":[{"href":"https:\/\/www.ivinio.com\/fr\/wp-json\/wp\/v2\/media?parent=121378"}],"wp:term":[{"taxonomy":"product_brand","embeddable":true,"href":"https:\/\/www.ivinio.com\/fr\/wp-json\/wp\/v2\/product_brand?post=121378"},{"taxonomy":"product_cat","embeddable":true,"href":"https:\/\/www.ivinio.com\/fr\/wp-json\/wp\/v2\/product_cat?post=121378"},{"taxonomy":"product_tag","embeddable":true,"href":"https:\/\/www.ivinio.com\/fr\/wp-json\/wp\/v2\/product_tag?post=121378"}],"curies":[{"name":"wp","href":"https:\/\/api.w.org\/{rel}","templated":true}]}}