{"id":121374,"date":"2018-10-26T01:00:25","date_gmt":"2018-10-26T01:00:25","guid":{"rendered":"https:\/\/henrik.www.ivinio.com\/?product=domaine-gaujal-1744-blanc"},"modified":"2023-11-22T14:49:25","modified_gmt":"2023-11-22T13:49:25","slug":"domaine-gaujal-1744-blanc","status":"publish","type":"product","link":"https:\/\/www.ivinio.com\/fr\/produit\/domaine-gaujal-1744-blanc\/","title":{"rendered":"Domaine Gaujal &#8211; 1744 &#8211; Blanc"},"content":{"rendered":"<p>1744 du Domaine Gaujal est compos\u00e9 de 100%\u00a0Picpoul\u00a0cultiv\u00e9s autour\u00a0de l\u2019Etang de Thau, dans le Languedoc. Les raisins sont vendang\u00e9s\u00a0\u00e0 la main \u00e0 maturit\u00e9 parfaite. La vinification est faite selon la m\u00e9thode classique puis le vin est \u00e9lev\u00e9\u00a0en\u00a0f\u00fbts de ch\u00eane. Le vin est mis en bouteille en f\u00e9vrier de l&#8217;ann\u00e9e suivant la r\u00e9colte.<\/p>\n","protected":false},"excerpt":{"rendered":"<p>1744 du Domaine Gaujal\u00a0 est un vin blanc tr\u00e8s g\u00e9n\u00e9reux et diff\u00e9rent compos\u00e9 de 100% Picpoul. Aromatique, rond et cors\u00e9, il est diff\u00e9rent des Picpouls, g\u00e9n\u00e9ralement vinifi\u00e9s\u00a0secs et tendus. Servir en ap\u00e9ritif, accompagn\u00e9 d&#8217;un\u00a0gratin de poisson ou sur un poulet grill\u00e9.<\/p>\n","protected":false},"featured_media":130665,"comment_status":"open","ping_status":"closed","template":"","meta":{"_monsterinsights_skip_tracking":false,"_monsterinsights_sitenote_active":false,"_monsterinsights_sitenote_note":"","_monsterinsights_sitenote_category":0,"_uf_show_specific_survey":0,"_uf_disable_surveys":false},"product_brand":[],"product_cat":[36625,36586],"product_tag":[],"class_list":{"0":"post-121374","1":"product","2":"type-product","3":"status-publish","4":"has-post-thumbnail","6":"product_cat-fr-languedoc","7":"product_cat-vins-francais","8":"pa_alcohol-degree-14-sv","9":"pa_classification-aop-picpoul-de-pinet-fr","10":"pa_color-blanc-fr","11":"pa_country-frankrike-sv","12":"pa_grape-variety-picpoul-fr","13":"pa_region-languedoc-fr","14":"pa_storage-potential-4-ans-fr","15":"pa_vintage-41218","16":"pa_volume-75-cl-fr","18":"first","19":"instock","20":"taxable","21":"shipping-taxable","22":"purchasable","23":"product-type-simple"},"bundled_by":[],"bundle_stock_status":"instock","bundle_stock_quantity":null,"bundle_virtual":false,"bundle_layout":"","bundle_add_to_cart_form_location":"","bundle_editable_in_cart":false,"bundle_sold_individually_context":"","bundle_item_grouping":"","bundle_min_size":"","bundle_max_size":"","bundle_price":[],"bundled_items":[],"bundle_sell_ids":[],"yoast_head":"<!-- This site is optimized with the Yoast SEO plugin v27.5 - https:\/\/yoast.com\/product\/yoast-seo-wordpress\/ -->\n<title>Acheter Domaine Gaujal - 1744 - Blanc - IVINIO Caviste<\/title>\n<meta name=\"description\" content=\"Acheter Domaine Gaujal - 1744 - Blanc. Tr\u00e8s g\u00e9n\u00e9reux et diff\u00e9rent compos\u00e9 de 100% Picpoul. Aromatique, rond et cors\u00e9, il est diff\u00e9rent des Picpouls, g\u00e9n\u00e9ralement vinifi\u00e9s secs et tendus.\" \/>\n<meta name=\"robots\" content=\"index, follow, max-snippet:-1, max-image-preview:large, max-video-preview:-1\" \/>\n<link rel=\"canonical\" href=\"https:\/\/www.ivinio.com\/fr\/produit\/domaine-gaujal-1744-blanc\/\" \/>\n<meta property=\"og:locale\" content=\"fr_FR\" \/>\n<meta property=\"og:type\" content=\"article\" \/>\n<meta property=\"og:title\" content=\"Acheter Domaine Gaujal - 1744 - Blanc - IVINIO Caviste\" \/>\n<meta property=\"og:description\" content=\"Acheter Domaine Gaujal - 1744 - Blanc. Tr\u00e8s g\u00e9n\u00e9reux et diff\u00e9rent compos\u00e9 de 100% Picpoul. Aromatique, rond et cors\u00e9, il est diff\u00e9rent des Picpouls, g\u00e9n\u00e9ralement vinifi\u00e9s secs et tendus.\" \/>\n<meta property=\"og:url\" content=\"https:\/\/www.ivinio.com\/fr\/produit\/domaine-gaujal-1744-blanc\/\" \/>\n<meta property=\"og:site_name\" content=\"IVINIO Caviste\" \/>\n<meta property=\"article:publisher\" content=\"https:\/\/www.facebook.com\/groups\/165217837022391\/?ref=bookmarks\" \/>\n<meta property=\"article:modified_time\" content=\"2023-11-22T13:49:25+00:00\" \/>\n<meta property=\"og:image\" content=\"https:\/\/www.ivinio.com\/wp-content\/uploads\/nc\/public\/modules\/file\/pictures\/6851.domaine-gaujal-1744-IVINIO.jpg\" \/>\n\t<meta property=\"og:image:width\" content=\"500\" \/>\n\t<meta property=\"og:image:height\" content=\"500\" \/>\n\t<meta property=\"og:image:type\" content=\"image\/jpeg\" \/>\n<meta name=\"twitter:card\" content=\"summary_large_image\" \/>\n<meta name=\"twitter:label1\" content=\"Dur\u00e9e de lecture estim\u00e9e\" \/>\n\t<meta name=\"twitter:data1\" content=\"1 minute\" \/>\n<script type=\"application\/ld+json\" class=\"yoast-schema-graph\">{\"@context\":\"https:\\\/\\\/schema.org\",\"@graph\":[{\"@type\":\"WebPage\",\"@id\":\"https:\\\/\\\/www.ivinio.com\\\/fr\\\/produit\\\/domaine-gaujal-1744-blanc\\\/\",\"url\":\"https:\\\/\\\/www.ivinio.com\\\/fr\\\/produit\\\/domaine-gaujal-1744-blanc\\\/\",\"name\":\"Acheter Domaine Gaujal - 1744 - Blanc - IVINIO Caviste\",\"isPartOf\":{\"@id\":\"https:\\\/\\\/www.ivinio.com\\\/fr\\\/#website\"},\"primaryImageOfPage\":{\"@id\":\"https:\\\/\\\/www.ivinio.com\\\/fr\\\/produit\\\/domaine-gaujal-1744-blanc\\\/#primaryimage\"},\"image\":{\"@id\":\"https:\\\/\\\/www.ivinio.com\\\/fr\\\/produit\\\/domaine-gaujal-1744-blanc\\\/#primaryimage\"},\"thumbnailUrl\":\"https:\\\/\\\/www.ivinio.com\\\/wp-content\\\/uploads\\\/nc\\\/public\\\/modules\\\/file\\\/pictures\\\/6851.domaine-gaujal-1744-IVINIO.jpg\",\"datePublished\":\"2018-10-26T01:00:25+00:00\",\"dateModified\":\"2023-11-22T13:49:25+00:00\",\"description\":\"Acheter Domaine Gaujal - 1744 - Blanc. Tr\u00e8s g\u00e9n\u00e9reux et diff\u00e9rent compos\u00e9 de 100% Picpoul. Aromatique, rond et cors\u00e9, il est diff\u00e9rent des Picpouls, g\u00e9n\u00e9ralement vinifi\u00e9s secs et tendus.\",\"breadcrumb\":{\"@id\":\"https:\\\/\\\/www.ivinio.com\\\/fr\\\/produit\\\/domaine-gaujal-1744-blanc\\\/#breadcrumb\"},\"inLanguage\":\"fr-FR\",\"potentialAction\":[{\"@type\":\"ReadAction\",\"target\":[\"https:\\\/\\\/www.ivinio.com\\\/fr\\\/produit\\\/domaine-gaujal-1744-blanc\\\/\"]}]},{\"@type\":\"ImageObject\",\"inLanguage\":\"fr-FR\",\"@id\":\"https:\\\/\\\/www.ivinio.com\\\/fr\\\/produit\\\/domaine-gaujal-1744-blanc\\\/#primaryimage\",\"url\":\"https:\\\/\\\/www.ivinio.com\\\/wp-content\\\/uploads\\\/nc\\\/public\\\/modules\\\/file\\\/pictures\\\/6851.domaine-gaujal-1744-IVINIO.jpg\",\"contentUrl\":\"https:\\\/\\\/www.ivinio.com\\\/wp-content\\\/uploads\\\/nc\\\/public\\\/modules\\\/file\\\/pictures\\\/6851.domaine-gaujal-1744-IVINIO.jpg\",\"width\":500,\"height\":500,\"caption\":\"Domaine Gaujal - 1744\"},{\"@type\":\"BreadcrumbList\",\"@id\":\"https:\\\/\\\/www.ivinio.com\\\/fr\\\/produit\\\/domaine-gaujal-1744-blanc\\\/#breadcrumb\",\"itemListElement\":[{\"@type\":\"ListItem\",\"position\":1,\"name\":\"Home\",\"item\":\"https:\\\/\\\/www.ivinio.com\\\/fr\\\/\"},{\"@type\":\"ListItem\",\"position\":2,\"name\":\"Boutique de vin\",\"item\":\"https:\\\/\\\/www.ivinio.com\\\/fr\\\/boutique-de-vin\\\/\"},{\"@type\":\"ListItem\",\"position\":3,\"name\":\"Domaine Gaujal &#8211; 1744 &#8211; Blanc\"}]},{\"@type\":\"WebSite\",\"@id\":\"https:\\\/\\\/www.ivinio.com\\\/fr\\\/#website\",\"url\":\"https:\\\/\\\/www.ivinio.com\\\/fr\\\/\",\"name\":\"IVINIO Caviste\",\"description\":\"Vins de France et d&#039;Italie avec livraison \u00e0 domicile\",\"publisher\":{\"@id\":\"https:\\\/\\\/www.ivinio.com\\\/fr\\\/#organization\"},\"potentialAction\":[{\"@type\":\"SearchAction\",\"target\":{\"@type\":\"EntryPoint\",\"urlTemplate\":\"https:\\\/\\\/www.ivinio.com\\\/fr\\\/?s={search_term_string}\"},\"query-input\":{\"@type\":\"PropertyValueSpecification\",\"valueRequired\":true,\"valueName\":\"search_term_string\"}}],\"inLanguage\":\"fr-FR\"},{\"@type\":\"Organization\",\"@id\":\"https:\\\/\\\/www.ivinio.com\\\/fr\\\/#organization\",\"name\":\"IVINIO\",\"url\":\"https:\\\/\\\/www.ivinio.com\\\/fr\\\/\",\"logo\":{\"@type\":\"ImageObject\",\"inLanguage\":\"fr-FR\",\"@id\":\"https:\\\/\\\/www.ivinio.com\\\/fr\\\/#\\\/schema\\\/logo\\\/image\\\/\",\"url\":\"https:\\\/\\\/www.ivinio.com\\\/wp-content\\\/uploads\\\/2021\\\/01\\\/Logo-Ivinio-v2.jpg\",\"contentUrl\":\"https:\\\/\\\/www.ivinio.com\\\/wp-content\\\/uploads\\\/2021\\\/01\\\/Logo-Ivinio-v2.jpg\",\"width\":1194,\"height\":1194,\"caption\":\"IVINIO\"},\"image\":{\"@id\":\"https:\\\/\\\/www.ivinio.com\\\/fr\\\/#\\\/schema\\\/logo\\\/image\\\/\"},\"sameAs\":[\"https:\\\/\\\/www.facebook.com\\\/groups\\\/165217837022391\\\/?ref=bookmarks\",\"https:\\\/\\\/www.instagram.com\\\/_ivinio_\\\/?hl=fr\"]}]}<\/script>\n<!-- \/ Yoast SEO plugin. -->","yoast_head_json":{"title":"Acheter Domaine Gaujal - 1744 - Blanc - IVINIO Caviste","description":"Acheter Domaine Gaujal - 1744 - Blanc. Tr\u00e8s g\u00e9n\u00e9reux et diff\u00e9rent compos\u00e9 de 100% Picpoul. Aromatique, rond et cors\u00e9, il est diff\u00e9rent des Picpouls, g\u00e9n\u00e9ralement vinifi\u00e9s secs et tendus.","robots":{"index":"index","follow":"follow","max-snippet":"max-snippet:-1","max-image-preview":"max-image-preview:large","max-video-preview":"max-video-preview:-1"},"canonical":"https:\/\/www.ivinio.com\/fr\/produit\/domaine-gaujal-1744-blanc\/","og_locale":"fr_FR","og_type":"article","og_title":"Acheter Domaine Gaujal - 1744 - Blanc - IVINIO Caviste","og_description":"Acheter Domaine Gaujal - 1744 - Blanc. Tr\u00e8s g\u00e9n\u00e9reux et diff\u00e9rent compos\u00e9 de 100% Picpoul. Aromatique, rond et cors\u00e9, il est diff\u00e9rent des Picpouls, g\u00e9n\u00e9ralement vinifi\u00e9s secs et tendus.","og_url":"https:\/\/www.ivinio.com\/fr\/produit\/domaine-gaujal-1744-blanc\/","og_site_name":"IVINIO Caviste","article_publisher":"https:\/\/www.facebook.com\/groups\/165217837022391\/?ref=bookmarks","article_modified_time":"2023-11-22T13:49:25+00:00","og_image":[{"width":500,"height":500,"url":"https:\/\/www.ivinio.com\/wp-content\/uploads\/nc\/public\/modules\/file\/pictures\/6851.domaine-gaujal-1744-IVINIO.jpg","type":"image\/jpeg"}],"twitter_card":"summary_large_image","twitter_misc":{"Dur\u00e9e de lecture estim\u00e9e":"1 minute"},"schema":{"@context":"https:\/\/schema.org","@graph":[{"@type":"WebPage","@id":"https:\/\/www.ivinio.com\/fr\/produit\/domaine-gaujal-1744-blanc\/","url":"https:\/\/www.ivinio.com\/fr\/produit\/domaine-gaujal-1744-blanc\/","name":"Acheter Domaine Gaujal - 1744 - Blanc - IVINIO Caviste","isPartOf":{"@id":"https:\/\/www.ivinio.com\/fr\/#website"},"primaryImageOfPage":{"@id":"https:\/\/www.ivinio.com\/fr\/produit\/domaine-gaujal-1744-blanc\/#primaryimage"},"image":{"@id":"https:\/\/www.ivinio.com\/fr\/produit\/domaine-gaujal-1744-blanc\/#primaryimage"},"thumbnailUrl":"https:\/\/www.ivinio.com\/wp-content\/uploads\/nc\/public\/modules\/file\/pictures\/6851.domaine-gaujal-1744-IVINIO.jpg","datePublished":"2018-10-26T01:00:25+00:00","dateModified":"2023-11-22T13:49:25+00:00","description":"Acheter Domaine Gaujal - 1744 - Blanc. Tr\u00e8s g\u00e9n\u00e9reux et diff\u00e9rent compos\u00e9 de 100% Picpoul. Aromatique, rond et cors\u00e9, il est diff\u00e9rent des Picpouls, g\u00e9n\u00e9ralement vinifi\u00e9s secs et tendus.","breadcrumb":{"@id":"https:\/\/www.ivinio.com\/fr\/produit\/domaine-gaujal-1744-blanc\/#breadcrumb"},"inLanguage":"fr-FR","potentialAction":[{"@type":"ReadAction","target":["https:\/\/www.ivinio.com\/fr\/produit\/domaine-gaujal-1744-blanc\/"]}]},{"@type":"ImageObject","inLanguage":"fr-FR","@id":"https:\/\/www.ivinio.com\/fr\/produit\/domaine-gaujal-1744-blanc\/#primaryimage","url":"https:\/\/www.ivinio.com\/wp-content\/uploads\/nc\/public\/modules\/file\/pictures\/6851.domaine-gaujal-1744-IVINIO.jpg","contentUrl":"https:\/\/www.ivinio.com\/wp-content\/uploads\/nc\/public\/modules\/file\/pictures\/6851.domaine-gaujal-1744-IVINIO.jpg","width":500,"height":500,"caption":"Domaine Gaujal - 1744"},{"@type":"BreadcrumbList","@id":"https:\/\/www.ivinio.com\/fr\/produit\/domaine-gaujal-1744-blanc\/#breadcrumb","itemListElement":[{"@type":"ListItem","position":1,"name":"Home","item":"https:\/\/www.ivinio.com\/fr\/"},{"@type":"ListItem","position":2,"name":"Boutique de vin","item":"https:\/\/www.ivinio.com\/fr\/boutique-de-vin\/"},{"@type":"ListItem","position":3,"name":"Domaine Gaujal &#8211; 1744 &#8211; Blanc"}]},{"@type":"WebSite","@id":"https:\/\/www.ivinio.com\/fr\/#website","url":"https:\/\/www.ivinio.com\/fr\/","name":"IVINIO Caviste","description":"Vins de France et d&#039;Italie avec livraison \u00e0 domicile","publisher":{"@id":"https:\/\/www.ivinio.com\/fr\/#organization"},"potentialAction":[{"@type":"SearchAction","target":{"@type":"EntryPoint","urlTemplate":"https:\/\/www.ivinio.com\/fr\/?s={search_term_string}"},"query-input":{"@type":"PropertyValueSpecification","valueRequired":true,"valueName":"search_term_string"}}],"inLanguage":"fr-FR"},{"@type":"Organization","@id":"https:\/\/www.ivinio.com\/fr\/#organization","name":"IVINIO","url":"https:\/\/www.ivinio.com\/fr\/","logo":{"@type":"ImageObject","inLanguage":"fr-FR","@id":"https:\/\/www.ivinio.com\/fr\/#\/schema\/logo\/image\/","url":"https:\/\/www.ivinio.com\/wp-content\/uploads\/2021\/01\/Logo-Ivinio-v2.jpg","contentUrl":"https:\/\/www.ivinio.com\/wp-content\/uploads\/2021\/01\/Logo-Ivinio-v2.jpg","width":1194,"height":1194,"caption":"IVINIO"},"image":{"@id":"https:\/\/www.ivinio.com\/fr\/#\/schema\/logo\/image\/"},"sameAs":["https:\/\/www.facebook.com\/groups\/165217837022391\/?ref=bookmarks","https:\/\/www.instagram.com\/_ivinio_\/?hl=fr"]}]}},"jetpack_sharing_enabled":true,"_links":{"self":[{"href":"https:\/\/www.ivinio.com\/fr\/wp-json\/wp\/v2\/product\/121374","targetHints":{"allow":["GET"]}}],"collection":[{"href":"https:\/\/www.ivinio.com\/fr\/wp-json\/wp\/v2\/product"}],"about":[{"href":"https:\/\/www.ivinio.com\/fr\/wp-json\/wp\/v2\/types\/product"}],"replies":[{"embeddable":true,"href":"https:\/\/www.ivinio.com\/fr\/wp-json\/wp\/v2\/comments?post=121374"}],"wp:featuredmedia":[{"embeddable":true,"href":"https:\/\/www.ivinio.com\/fr\/wp-json\/wp\/v2\/media\/130665"}],"wp:attachment":[{"href":"https:\/\/www.ivinio.com\/fr\/wp-json\/wp\/v2\/media?parent=121374"}],"wp:term":[{"taxonomy":"product_brand","embeddable":true,"href":"https:\/\/www.ivinio.com\/fr\/wp-json\/wp\/v2\/product_brand?post=121374"},{"taxonomy":"product_cat","embeddable":true,"href":"https:\/\/www.ivinio.com\/fr\/wp-json\/wp\/v2\/product_cat?post=121374"},{"taxonomy":"product_tag","embeddable":true,"href":"https:\/\/www.ivinio.com\/fr\/wp-json\/wp\/v2\/product_tag?post=121374"}],"curies":[{"name":"wp","href":"https:\/\/api.w.org\/{rel}","templated":true}]}}