{"id":121370,"date":"2018-11-01T10:52:34","date_gmt":"2018-11-01T10:52:34","guid":{"rendered":"https:\/\/henrik.www.ivinio.com\/?product=chateau-bardins-pessac-leognan-blanc"},"modified":"2022-03-17T05:17:58","modified_gmt":"2022-03-17T04:17:58","slug":"chateau-bardins-pessac-leognan-blanc","status":"publish","type":"product","link":"https:\/\/www.ivinio.com\/fr\/produit\/chateau-bardins-pessac-leognan-blanc\/","title":{"rendered":"Ch\u00e2teau Bardins &#8211; Pessac L\u00e9ognan &#8211; Blanc"},"content":{"rendered":"<p>Pessac-L&eacute;ognan blanc de Ch&acirc;teau Bardins est compos&eacute; de&nbsp;1\/3 de sauvignon, 1\/3 de s&eacute;millon et de&nbsp;1\/3 de muscadelle. Les raisins sont cultiv&eacute;s dans une terre rocheuse typique des Graves avec un sol argileux sur seulement 35 ars de terre. Les raisins sont vendang&eacute;s &agrave; la main et &eacute;grapp&eacute;s. Les raisins sont mac&eacute;r&eacute;s avec leurs peaux pour en extraire le plus d&#39;ar&ocirc;mes possible, press&eacute;s et ensuite ferment&eacute;s en f&ucirc;ts de ch&ecirc;ne. Le vin est &eacute;lev&eacute; pendant 7 mois sur les lies avec batonnage r&eacute;gulier.<\/p>\n","protected":false},"excerpt":{"rendered":"<p>Pessac-L&eacute;ognan blanc de Ch&acirc;teau Bardins est un vin blanc &eacute;l&eacute;gant et aromatique, &eacute;lev&eacute; en f&ucirc;ts de ch&ecirc;ne. Servir &agrave; l&#39;ap&eacute;ritif, avec un loup&nbsp;grill&eacute; ou avec de la viande blanche !<\/p>\n<p>&nbsp;<\/p>\n","protected":false},"featured_media":121373,"comment_status":"open","ping_status":"closed","template":"","meta":{"_monsterinsights_skip_tracking":false,"_monsterinsights_sitenote_active":false,"_monsterinsights_sitenote_note":"","_monsterinsights_sitenote_category":0,"_uf_show_specific_survey":0,"_uf_disable_surveys":false},"product_brand":[],"product_cat":[36631,36586],"product_tag":[],"class_list":{"0":"post-121370","1":"product","2":"type-product","3":"status-publish","4":"has-post-thumbnail","6":"product_cat-fr-bordeaux","7":"product_cat-vins-francais","8":"pa_alcohol-degree-13-fr","9":"pa_classification-aop-pessac-leognan-fr","10":"pa_color-blanc-fr","11":"pa_country-france-fr","12":"pa_grape-variety-muscadelle-fr","13":"pa_grape-variety-sauvignon-fr","14":"pa_region-bordeaux-fr","15":"pa_storage-potential-plus-de-10-ans-fr","16":"pa_vintage-2018-fr","17":"pa_volume-75-cl-fr","19":"first","20":"instock","21":"taxable","22":"shipping-taxable","23":"purchasable","24":"product-type-simple"},"bundled_by":[],"bundle_stock_status":"instock","bundle_stock_quantity":null,"bundle_virtual":false,"bundle_layout":"","bundle_add_to_cart_form_location":"","bundle_editable_in_cart":false,"bundle_sold_individually_context":"","bundle_item_grouping":"","bundle_min_size":"","bundle_max_size":"","bundle_price":[],"bundled_items":[],"bundle_sell_ids":[],"yoast_head":"<!-- This site is optimized with the Yoast SEO plugin v27.4 - https:\/\/yoast.com\/product\/yoast-seo-wordpress\/ -->\n<title>acheter des vins de Bourgogne en ligne - acheter du vin en ligne - boutique de vin en ligne www.ivinio.com<\/title>\n<meta name=\"description\" content=\"Den r\u00f6da Pessac-L\u00e9ognan fr\u00e5n Ch\u00e2teau Bardins \u00e4r ett stilrent, elegant Bordeauxvin med inslag av r\u00f6da och svarta b\u00e4r, samt l\u00e4tt blommiga drag inlindade i ett l\u00e4tt ekad stil. Att servera till diverse k\u00f6ttr\u00e4tter samt vilt.\" \/>\n<meta name=\"robots\" content=\"index, follow, max-snippet:-1, max-image-preview:large, max-video-preview:-1\" \/>\n<link rel=\"canonical\" href=\"https:\/\/www.ivinio.com\/fr\/produit\/chateau-bardins-pessac-leognan-blanc\/\" \/>\n<meta property=\"og:locale\" content=\"fr_FR\" \/>\n<meta property=\"og:type\" content=\"article\" \/>\n<meta property=\"og:title\" content=\"acheter des vins de Bourgogne en ligne - acheter du vin en ligne - boutique de vin en ligne www.ivinio.com\" \/>\n<meta property=\"og:description\" content=\"Den r\u00f6da Pessac-L\u00e9ognan fr\u00e5n Ch\u00e2teau Bardins \u00e4r ett stilrent, elegant Bordeauxvin med inslag av r\u00f6da och svarta b\u00e4r, samt l\u00e4tt blommiga drag inlindade i ett l\u00e4tt ekad stil. Att servera till diverse k\u00f6ttr\u00e4tter samt vilt.\" \/>\n<meta property=\"og:url\" content=\"https:\/\/www.ivinio.com\/fr\/produit\/chateau-bardins-pessac-leognan-blanc\/\" \/>\n<meta property=\"og:site_name\" content=\"IVINIO Caviste\" \/>\n<meta property=\"article:publisher\" content=\"https:\/\/www.facebook.com\/groups\/165217837022391\/?ref=bookmarks\" \/>\n<meta property=\"article:modified_time\" content=\"2022-03-17T04:17:58+00:00\" \/>\n<meta property=\"og:image\" content=\"https:\/\/www.ivinio.com\/wp-content\/uploads\/nc\/public\/modules\/file\/pictures\/6850.Ch-teau-bardins-pessac-l-ognan-blanc-IVINIO.jpg\" \/>\n\t<meta property=\"og:image:width\" content=\"500\" \/>\n\t<meta property=\"og:image:height\" content=\"500\" \/>\n\t<meta property=\"og:image:type\" content=\"image\/jpeg\" \/>\n<meta name=\"twitter:card\" content=\"summary_large_image\" \/>\n<meta name=\"twitter:label1\" content=\"Dur\u00e9e de lecture estim\u00e9e\" \/>\n\t<meta name=\"twitter:data1\" content=\"1 minute\" \/>\n<script type=\"application\/ld+json\" class=\"yoast-schema-graph\">{\"@context\":\"https:\\\/\\\/schema.org\",\"@graph\":[{\"@type\":\"WebPage\",\"@id\":\"https:\\\/\\\/www.ivinio.com\\\/fr\\\/produit\\\/chateau-bardins-pessac-leognan-blanc\\\/\",\"url\":\"https:\\\/\\\/www.ivinio.com\\\/fr\\\/produit\\\/chateau-bardins-pessac-leognan-blanc\\\/\",\"name\":\"acheter des vins de Bourgogne en ligne - acheter du vin en ligne - boutique de vin en ligne www.ivinio.com\",\"isPartOf\":{\"@id\":\"https:\\\/\\\/www.ivinio.com\\\/fr\\\/#website\"},\"primaryImageOfPage\":{\"@id\":\"https:\\\/\\\/www.ivinio.com\\\/fr\\\/produit\\\/chateau-bardins-pessac-leognan-blanc\\\/#primaryimage\"},\"image\":{\"@id\":\"https:\\\/\\\/www.ivinio.com\\\/fr\\\/produit\\\/chateau-bardins-pessac-leognan-blanc\\\/#primaryimage\"},\"thumbnailUrl\":\"https:\\\/\\\/www.ivinio.com\\\/wp-content\\\/uploads\\\/nc\\\/public\\\/modules\\\/file\\\/pictures\\\/6850.Ch-teau-bardins-pessac-l-ognan-blanc-IVINIO.jpg\",\"datePublished\":\"2018-11-01T10:52:34+00:00\",\"dateModified\":\"2022-03-17T04:17:58+00:00\",\"description\":\"Den r\u00f6da Pessac-L\u00e9ognan fr\u00e5n Ch\u00e2teau Bardins \u00e4r ett stilrent, elegant Bordeauxvin med inslag av r\u00f6da och svarta b\u00e4r, samt l\u00e4tt blommiga drag inlindade i ett l\u00e4tt ekad stil. Att servera till diverse k\u00f6ttr\u00e4tter samt vilt.\",\"breadcrumb\":{\"@id\":\"https:\\\/\\\/www.ivinio.com\\\/fr\\\/produit\\\/chateau-bardins-pessac-leognan-blanc\\\/#breadcrumb\"},\"inLanguage\":\"fr-FR\",\"potentialAction\":[{\"@type\":\"ReadAction\",\"target\":[\"https:\\\/\\\/www.ivinio.com\\\/fr\\\/produit\\\/chateau-bardins-pessac-leognan-blanc\\\/\"]}]},{\"@type\":\"ImageObject\",\"inLanguage\":\"fr-FR\",\"@id\":\"https:\\\/\\\/www.ivinio.com\\\/fr\\\/produit\\\/chateau-bardins-pessac-leognan-blanc\\\/#primaryimage\",\"url\":\"https:\\\/\\\/www.ivinio.com\\\/wp-content\\\/uploads\\\/nc\\\/public\\\/modules\\\/file\\\/pictures\\\/6850.Ch-teau-bardins-pessac-l-ognan-blanc-IVINIO.jpg\",\"contentUrl\":\"https:\\\/\\\/www.ivinio.com\\\/wp-content\\\/uploads\\\/nc\\\/public\\\/modules\\\/file\\\/pictures\\\/6850.Ch-teau-bardins-pessac-l-ognan-blanc-IVINIO.jpg\",\"width\":500,\"height\":500,\"caption\":\"Ch\u00e2teau Bardins - Pessac L\u00e9ognan\"},{\"@type\":\"BreadcrumbList\",\"@id\":\"https:\\\/\\\/www.ivinio.com\\\/fr\\\/produit\\\/chateau-bardins-pessac-leognan-blanc\\\/#breadcrumb\",\"itemListElement\":[{\"@type\":\"ListItem\",\"position\":1,\"name\":\"Home\",\"item\":\"https:\\\/\\\/www.ivinio.com\\\/fr\\\/\"},{\"@type\":\"ListItem\",\"position\":2,\"name\":\"Boutique de vin\",\"item\":\"https:\\\/\\\/www.ivinio.com\\\/fr\\\/boutique-de-vin\\\/\"},{\"@type\":\"ListItem\",\"position\":3,\"name\":\"Ch\u00e2teau Bardins &#8211; Pessac L\u00e9ognan &#8211; Blanc\"}]},{\"@type\":\"WebSite\",\"@id\":\"https:\\\/\\\/www.ivinio.com\\\/fr\\\/#website\",\"url\":\"https:\\\/\\\/www.ivinio.com\\\/fr\\\/\",\"name\":\"IVINIO Caviste\",\"description\":\"Vins de France et d&#039;Italie avec livraison \u00e0 domicile\",\"publisher\":{\"@id\":\"https:\\\/\\\/www.ivinio.com\\\/fr\\\/#organization\"},\"potentialAction\":[{\"@type\":\"SearchAction\",\"target\":{\"@type\":\"EntryPoint\",\"urlTemplate\":\"https:\\\/\\\/www.ivinio.com\\\/fr\\\/?s={search_term_string}\"},\"query-input\":{\"@type\":\"PropertyValueSpecification\",\"valueRequired\":true,\"valueName\":\"search_term_string\"}}],\"inLanguage\":\"fr-FR\"},{\"@type\":\"Organization\",\"@id\":\"https:\\\/\\\/www.ivinio.com\\\/fr\\\/#organization\",\"name\":\"IVINIO\",\"url\":\"https:\\\/\\\/www.ivinio.com\\\/fr\\\/\",\"logo\":{\"@type\":\"ImageObject\",\"inLanguage\":\"fr-FR\",\"@id\":\"https:\\\/\\\/www.ivinio.com\\\/fr\\\/#\\\/schema\\\/logo\\\/image\\\/\",\"url\":\"https:\\\/\\\/www.ivinio.com\\\/wp-content\\\/uploads\\\/2021\\\/01\\\/Logo-Ivinio-v2.jpg\",\"contentUrl\":\"https:\\\/\\\/www.ivinio.com\\\/wp-content\\\/uploads\\\/2021\\\/01\\\/Logo-Ivinio-v2.jpg\",\"width\":1194,\"height\":1194,\"caption\":\"IVINIO\"},\"image\":{\"@id\":\"https:\\\/\\\/www.ivinio.com\\\/fr\\\/#\\\/schema\\\/logo\\\/image\\\/\"},\"sameAs\":[\"https:\\\/\\\/www.facebook.com\\\/groups\\\/165217837022391\\\/?ref=bookmarks\",\"https:\\\/\\\/www.instagram.com\\\/_ivinio_\\\/?hl=fr\"]}]}<\/script>\n<!-- \/ Yoast SEO plugin. -->","yoast_head_json":{"title":"acheter des vins de Bourgogne en ligne - acheter du vin en ligne - boutique de vin en ligne www.ivinio.com","description":"Den r\u00f6da Pessac-L\u00e9ognan fr\u00e5n Ch\u00e2teau Bardins \u00e4r ett stilrent, elegant Bordeauxvin med inslag av r\u00f6da och svarta b\u00e4r, samt l\u00e4tt blommiga drag inlindade i ett l\u00e4tt ekad stil. Att servera till diverse k\u00f6ttr\u00e4tter samt vilt.","robots":{"index":"index","follow":"follow","max-snippet":"max-snippet:-1","max-image-preview":"max-image-preview:large","max-video-preview":"max-video-preview:-1"},"canonical":"https:\/\/www.ivinio.com\/fr\/produit\/chateau-bardins-pessac-leognan-blanc\/","og_locale":"fr_FR","og_type":"article","og_title":"acheter des vins de Bourgogne en ligne - acheter du vin en ligne - boutique de vin en ligne www.ivinio.com","og_description":"Den r\u00f6da Pessac-L\u00e9ognan fr\u00e5n Ch\u00e2teau Bardins \u00e4r ett stilrent, elegant Bordeauxvin med inslag av r\u00f6da och svarta b\u00e4r, samt l\u00e4tt blommiga drag inlindade i ett l\u00e4tt ekad stil. Att servera till diverse k\u00f6ttr\u00e4tter samt vilt.","og_url":"https:\/\/www.ivinio.com\/fr\/produit\/chateau-bardins-pessac-leognan-blanc\/","og_site_name":"IVINIO Caviste","article_publisher":"https:\/\/www.facebook.com\/groups\/165217837022391\/?ref=bookmarks","article_modified_time":"2022-03-17T04:17:58+00:00","og_image":[{"width":500,"height":500,"url":"https:\/\/www.ivinio.com\/wp-content\/uploads\/nc\/public\/modules\/file\/pictures\/6850.Ch-teau-bardins-pessac-l-ognan-blanc-IVINIO.jpg","type":"image\/jpeg"}],"twitter_card":"summary_large_image","twitter_misc":{"Dur\u00e9e de lecture estim\u00e9e":"1 minute"},"schema":{"@context":"https:\/\/schema.org","@graph":[{"@type":"WebPage","@id":"https:\/\/www.ivinio.com\/fr\/produit\/chateau-bardins-pessac-leognan-blanc\/","url":"https:\/\/www.ivinio.com\/fr\/produit\/chateau-bardins-pessac-leognan-blanc\/","name":"acheter des vins de Bourgogne en ligne - acheter du vin en ligne - boutique de vin en ligne www.ivinio.com","isPartOf":{"@id":"https:\/\/www.ivinio.com\/fr\/#website"},"primaryImageOfPage":{"@id":"https:\/\/www.ivinio.com\/fr\/produit\/chateau-bardins-pessac-leognan-blanc\/#primaryimage"},"image":{"@id":"https:\/\/www.ivinio.com\/fr\/produit\/chateau-bardins-pessac-leognan-blanc\/#primaryimage"},"thumbnailUrl":"https:\/\/www.ivinio.com\/wp-content\/uploads\/nc\/public\/modules\/file\/pictures\/6850.Ch-teau-bardins-pessac-l-ognan-blanc-IVINIO.jpg","datePublished":"2018-11-01T10:52:34+00:00","dateModified":"2022-03-17T04:17:58+00:00","description":"Den r\u00f6da Pessac-L\u00e9ognan fr\u00e5n Ch\u00e2teau Bardins \u00e4r ett stilrent, elegant Bordeauxvin med inslag av r\u00f6da och svarta b\u00e4r, samt l\u00e4tt blommiga drag inlindade i ett l\u00e4tt ekad stil. Att servera till diverse k\u00f6ttr\u00e4tter samt vilt.","breadcrumb":{"@id":"https:\/\/www.ivinio.com\/fr\/produit\/chateau-bardins-pessac-leognan-blanc\/#breadcrumb"},"inLanguage":"fr-FR","potentialAction":[{"@type":"ReadAction","target":["https:\/\/www.ivinio.com\/fr\/produit\/chateau-bardins-pessac-leognan-blanc\/"]}]},{"@type":"ImageObject","inLanguage":"fr-FR","@id":"https:\/\/www.ivinio.com\/fr\/produit\/chateau-bardins-pessac-leognan-blanc\/#primaryimage","url":"https:\/\/www.ivinio.com\/wp-content\/uploads\/nc\/public\/modules\/file\/pictures\/6850.Ch-teau-bardins-pessac-l-ognan-blanc-IVINIO.jpg","contentUrl":"https:\/\/www.ivinio.com\/wp-content\/uploads\/nc\/public\/modules\/file\/pictures\/6850.Ch-teau-bardins-pessac-l-ognan-blanc-IVINIO.jpg","width":500,"height":500,"caption":"Ch\u00e2teau Bardins - Pessac L\u00e9ognan"},{"@type":"BreadcrumbList","@id":"https:\/\/www.ivinio.com\/fr\/produit\/chateau-bardins-pessac-leognan-blanc\/#breadcrumb","itemListElement":[{"@type":"ListItem","position":1,"name":"Home","item":"https:\/\/www.ivinio.com\/fr\/"},{"@type":"ListItem","position":2,"name":"Boutique de vin","item":"https:\/\/www.ivinio.com\/fr\/boutique-de-vin\/"},{"@type":"ListItem","position":3,"name":"Ch\u00e2teau Bardins &#8211; Pessac L\u00e9ognan &#8211; Blanc"}]},{"@type":"WebSite","@id":"https:\/\/www.ivinio.com\/fr\/#website","url":"https:\/\/www.ivinio.com\/fr\/","name":"IVINIO Caviste","description":"Vins de France et d&#039;Italie avec livraison \u00e0 domicile","publisher":{"@id":"https:\/\/www.ivinio.com\/fr\/#organization"},"potentialAction":[{"@type":"SearchAction","target":{"@type":"EntryPoint","urlTemplate":"https:\/\/www.ivinio.com\/fr\/?s={search_term_string}"},"query-input":{"@type":"PropertyValueSpecification","valueRequired":true,"valueName":"search_term_string"}}],"inLanguage":"fr-FR"},{"@type":"Organization","@id":"https:\/\/www.ivinio.com\/fr\/#organization","name":"IVINIO","url":"https:\/\/www.ivinio.com\/fr\/","logo":{"@type":"ImageObject","inLanguage":"fr-FR","@id":"https:\/\/www.ivinio.com\/fr\/#\/schema\/logo\/image\/","url":"https:\/\/www.ivinio.com\/wp-content\/uploads\/2021\/01\/Logo-Ivinio-v2.jpg","contentUrl":"https:\/\/www.ivinio.com\/wp-content\/uploads\/2021\/01\/Logo-Ivinio-v2.jpg","width":1194,"height":1194,"caption":"IVINIO"},"image":{"@id":"https:\/\/www.ivinio.com\/fr\/#\/schema\/logo\/image\/"},"sameAs":["https:\/\/www.facebook.com\/groups\/165217837022391\/?ref=bookmarks","https:\/\/www.instagram.com\/_ivinio_\/?hl=fr"]}]}},"jetpack_sharing_enabled":true,"_links":{"self":[{"href":"https:\/\/www.ivinio.com\/fr\/wp-json\/wp\/v2\/product\/121370","targetHints":{"allow":["GET"]}}],"collection":[{"href":"https:\/\/www.ivinio.com\/fr\/wp-json\/wp\/v2\/product"}],"about":[{"href":"https:\/\/www.ivinio.com\/fr\/wp-json\/wp\/v2\/types\/product"}],"replies":[{"embeddable":true,"href":"https:\/\/www.ivinio.com\/fr\/wp-json\/wp\/v2\/comments?post=121370"}],"wp:featuredmedia":[{"embeddable":true,"href":"https:\/\/www.ivinio.com\/fr\/wp-json\/wp\/v2\/media\/121373"}],"wp:attachment":[{"href":"https:\/\/www.ivinio.com\/fr\/wp-json\/wp\/v2\/media?parent=121370"}],"wp:term":[{"taxonomy":"product_brand","embeddable":true,"href":"https:\/\/www.ivinio.com\/fr\/wp-json\/wp\/v2\/product_brand?post=121370"},{"taxonomy":"product_cat","embeddable":true,"href":"https:\/\/www.ivinio.com\/fr\/wp-json\/wp\/v2\/product_cat?post=121370"},{"taxonomy":"product_tag","embeddable":true,"href":"https:\/\/www.ivinio.com\/fr\/wp-json\/wp\/v2\/product_tag?post=121370"}],"curies":[{"name":"wp","href":"https:\/\/api.w.org\/{rel}","templated":true}]}}