{"id":121332,"date":"2018-10-03T19:22:12","date_gmt":"2018-10-03T19:22:12","guid":{"rendered":"https:\/\/henrik.www.ivinio.com\/?product=oratoire-de-chasse-spleen-moulis-en-medoc-rouge"},"modified":"2022-10-13T19:03:48","modified_gmt":"2022-10-13T17:03:48","slug":"oratoire-de-chasse-spleen-moulis-en-medoc-rouge","status":"publish","type":"product","link":"https:\/\/www.ivinio.com\/fr\/produit\/oratoire-de-chasse-spleen-moulis-en-medoc-rouge\/","title":{"rendered":"Oratoire de Chasse-Spleen &#8211; Moulis en M\u00e9doc &#8211; Rouge"},"content":{"rendered":"<p>Oratoire de Chasse-Spleen est compos\u00e9 de Cabernet Sauvignon, Merlot et Petit Verdot. Les raisins sont ferment\u00e9s dans des cuves en acier \u00e0 temp\u00e9rature contr\u00f4l\u00e9e. Ensuite suit la fermentation malolactique. Le vin est \u00e9lev\u00e9 en f\u00fbts de ch\u00eane pendant 18 mois. Chaque c\u00e9page est \u00e9lev\u00e9 s\u00e9par\u00e9ment et change de barriques 4 fois pendant l&#8217;\u00e9levage pour \u00e9liminer \u00e0 chaque fois les lies au fond (soutirage). Le vin est assembl\u00e9 entre les diff\u00e9rentes cuv\u00e9es, clarifi\u00e9 et puis mis en bouteille.<\/p>\n","protected":false},"excerpt":{"rendered":"<p>Acheter Oratoire de Chasse-Spleen &#8211; Moulis en M\u00e9doc &#8211; Rouge. 2\u00e8me vin du Ch\u00e2teau Chasse-Spleen. Moulis-en-M\u00e9doc comme sa grande s\u0153ur.<\/p>\n","protected":false},"featured_media":121335,"comment_status":"open","ping_status":"closed","template":"","meta":{"_monsterinsights_skip_tracking":false,"_monsterinsights_sitenote_active":false,"_monsterinsights_sitenote_note":"","_monsterinsights_sitenote_category":0,"_uf_show_specific_survey":0,"_uf_disable_surveys":false},"product_brand":[],"product_cat":[36631,36586],"product_tag":[],"class_list":{"0":"post-121332","1":"product","2":"type-product","3":"status-publish","4":"has-post-thumbnail","6":"product_cat-fr-bordeaux","7":"product_cat-vins-francais","8":"pa_alcohol-degree-13-fr","9":"pa_classification-aop-moulis-fr","10":"pa_color-rouge-fr","11":"pa_country-france-fr","12":"pa_grape-variety-cabernet-sauvignon-fr","13":"pa_grape-variety-merlot-fr","14":"pa_grape-variety-petit-verdot-fr","15":"pa_region-bordeaux-fr","16":"pa_storage-potential-10-ans-fr","17":"pa_vintage-2019-fr","18":"pa_volume-75-cl-fr","20":"first","21":"instock","22":"taxable","23":"shipping-taxable","24":"purchasable","25":"product-type-simple"},"bundled_by":[],"bundle_stock_status":"instock","bundle_stock_quantity":null,"bundle_virtual":false,"bundle_layout":"","bundle_add_to_cart_form_location":"","bundle_editable_in_cart":false,"bundle_sold_individually_context":"","bundle_item_grouping":"","bundle_min_size":"","bundle_max_size":"","bundle_price":[],"bundled_items":[],"bundle_sell_ids":[],"yoast_head":"<!-- This site is optimized with the Yoast SEO plugin v27.5 - https:\/\/yoast.com\/product\/yoast-seo-wordpress\/ -->\n<title>Acheter Oratoire de Chasse-Spleen - Moulis en M\u00e9doc - Rouge<\/title>\n<meta name=\"description\" content=\"Acheter Oratoire de Chasse-Spleen - Moulis en M\u00e9doc - Rouge. 2\u00e8me vin du Ch\u00e2teau Chasse-Spleen. Moulis-en-M\u00e9doc comme sa grande s\u0153ur.\" \/>\n<meta name=\"robots\" content=\"index, follow, max-snippet:-1, max-image-preview:large, max-video-preview:-1\" \/>\n<link rel=\"canonical\" href=\"https:\/\/www.ivinio.com\/fr\/produit\/oratoire-de-chasse-spleen-moulis-en-medoc-rouge\/\" \/>\n<meta property=\"og:locale\" content=\"fr_FR\" \/>\n<meta property=\"og:type\" content=\"article\" \/>\n<meta property=\"og:title\" content=\"Acheter Oratoire de Chasse-Spleen - Moulis en M\u00e9doc - Rouge\" \/>\n<meta property=\"og:description\" content=\"Acheter Oratoire de Chasse-Spleen - Moulis en M\u00e9doc - Rouge. 2\u00e8me vin du Ch\u00e2teau Chasse-Spleen. Moulis-en-M\u00e9doc comme sa grande s\u0153ur.\" \/>\n<meta property=\"og:url\" content=\"https:\/\/www.ivinio.com\/fr\/produit\/oratoire-de-chasse-spleen-moulis-en-medoc-rouge\/\" \/>\n<meta property=\"og:site_name\" content=\"IVINIO Caviste\" \/>\n<meta property=\"article:publisher\" content=\"https:\/\/www.facebook.com\/groups\/165217837022391\/?ref=bookmarks\" \/>\n<meta property=\"article:modified_time\" content=\"2022-10-13T17:03:48+00:00\" \/>\n<meta property=\"og:image\" content=\"https:\/\/www.ivinio.com\/wp-content\/uploads\/nc\/public\/modules\/file\/pictures\/6825.Oratoire-de-Chasse-spleen-ivinio.jpg\" \/>\n\t<meta property=\"og:image:width\" content=\"500\" \/>\n\t<meta property=\"og:image:height\" content=\"500\" \/>\n\t<meta property=\"og:image:type\" content=\"image\/jpeg\" \/>\n<meta name=\"twitter:card\" content=\"summary_large_image\" \/>\n<script type=\"application\/ld+json\" class=\"yoast-schema-graph\">{\"@context\":\"https:\\\/\\\/schema.org\",\"@graph\":[{\"@type\":\"WebPage\",\"@id\":\"https:\\\/\\\/www.ivinio.com\\\/fr\\\/produit\\\/oratoire-de-chasse-spleen-moulis-en-medoc-rouge\\\/\",\"url\":\"https:\\\/\\\/www.ivinio.com\\\/fr\\\/produit\\\/oratoire-de-chasse-spleen-moulis-en-medoc-rouge\\\/\",\"name\":\"Acheter Oratoire de Chasse-Spleen - Moulis en M\u00e9doc - Rouge\",\"isPartOf\":{\"@id\":\"https:\\\/\\\/www.ivinio.com\\\/fr\\\/#website\"},\"primaryImageOfPage\":{\"@id\":\"https:\\\/\\\/www.ivinio.com\\\/fr\\\/produit\\\/oratoire-de-chasse-spleen-moulis-en-medoc-rouge\\\/#primaryimage\"},\"image\":{\"@id\":\"https:\\\/\\\/www.ivinio.com\\\/fr\\\/produit\\\/oratoire-de-chasse-spleen-moulis-en-medoc-rouge\\\/#primaryimage\"},\"thumbnailUrl\":\"https:\\\/\\\/www.ivinio.com\\\/wp-content\\\/uploads\\\/nc\\\/public\\\/modules\\\/file\\\/pictures\\\/6825.Oratoire-de-Chasse-spleen-ivinio.jpg\",\"datePublished\":\"2018-10-03T19:22:12+00:00\",\"dateModified\":\"2022-10-13T17:03:48+00:00\",\"description\":\"Acheter Oratoire de Chasse-Spleen - Moulis en M\u00e9doc - Rouge. 2\u00e8me vin du Ch\u00e2teau Chasse-Spleen. Moulis-en-M\u00e9doc comme sa grande s\u0153ur.\",\"breadcrumb\":{\"@id\":\"https:\\\/\\\/www.ivinio.com\\\/fr\\\/produit\\\/oratoire-de-chasse-spleen-moulis-en-medoc-rouge\\\/#breadcrumb\"},\"inLanguage\":\"fr-FR\",\"potentialAction\":[{\"@type\":\"ReadAction\",\"target\":[\"https:\\\/\\\/www.ivinio.com\\\/fr\\\/produit\\\/oratoire-de-chasse-spleen-moulis-en-medoc-rouge\\\/\"]}]},{\"@type\":\"ImageObject\",\"inLanguage\":\"fr-FR\",\"@id\":\"https:\\\/\\\/www.ivinio.com\\\/fr\\\/produit\\\/oratoire-de-chasse-spleen-moulis-en-medoc-rouge\\\/#primaryimage\",\"url\":\"https:\\\/\\\/www.ivinio.com\\\/wp-content\\\/uploads\\\/nc\\\/public\\\/modules\\\/file\\\/pictures\\\/6825.Oratoire-de-Chasse-spleen-ivinio.jpg\",\"contentUrl\":\"https:\\\/\\\/www.ivinio.com\\\/wp-content\\\/uploads\\\/nc\\\/public\\\/modules\\\/file\\\/pictures\\\/6825.Oratoire-de-Chasse-spleen-ivinio.jpg\",\"width\":500,\"height\":500},{\"@type\":\"BreadcrumbList\",\"@id\":\"https:\\\/\\\/www.ivinio.com\\\/fr\\\/produit\\\/oratoire-de-chasse-spleen-moulis-en-medoc-rouge\\\/#breadcrumb\",\"itemListElement\":[{\"@type\":\"ListItem\",\"position\":1,\"name\":\"Home\",\"item\":\"https:\\\/\\\/www.ivinio.com\\\/fr\\\/\"},{\"@type\":\"ListItem\",\"position\":2,\"name\":\"Boutique de vin\",\"item\":\"https:\\\/\\\/www.ivinio.com\\\/fr\\\/boutique-de-vin\\\/\"},{\"@type\":\"ListItem\",\"position\":3,\"name\":\"Oratoire de Chasse-Spleen &#8211; Moulis en M\u00e9doc &#8211; Rouge\"}]},{\"@type\":\"WebSite\",\"@id\":\"https:\\\/\\\/www.ivinio.com\\\/fr\\\/#website\",\"url\":\"https:\\\/\\\/www.ivinio.com\\\/fr\\\/\",\"name\":\"IVINIO Caviste\",\"description\":\"Vins de France et d&#039;Italie avec livraison \u00e0 domicile\",\"publisher\":{\"@id\":\"https:\\\/\\\/www.ivinio.com\\\/fr\\\/#organization\"},\"potentialAction\":[{\"@type\":\"SearchAction\",\"target\":{\"@type\":\"EntryPoint\",\"urlTemplate\":\"https:\\\/\\\/www.ivinio.com\\\/fr\\\/?s={search_term_string}\"},\"query-input\":{\"@type\":\"PropertyValueSpecification\",\"valueRequired\":true,\"valueName\":\"search_term_string\"}}],\"inLanguage\":\"fr-FR\"},{\"@type\":\"Organization\",\"@id\":\"https:\\\/\\\/www.ivinio.com\\\/fr\\\/#organization\",\"name\":\"IVINIO\",\"url\":\"https:\\\/\\\/www.ivinio.com\\\/fr\\\/\",\"logo\":{\"@type\":\"ImageObject\",\"inLanguage\":\"fr-FR\",\"@id\":\"https:\\\/\\\/www.ivinio.com\\\/fr\\\/#\\\/schema\\\/logo\\\/image\\\/\",\"url\":\"https:\\\/\\\/www.ivinio.com\\\/wp-content\\\/uploads\\\/2021\\\/01\\\/Logo-Ivinio-v2.jpg\",\"contentUrl\":\"https:\\\/\\\/www.ivinio.com\\\/wp-content\\\/uploads\\\/2021\\\/01\\\/Logo-Ivinio-v2.jpg\",\"width\":1194,\"height\":1194,\"caption\":\"IVINIO\"},\"image\":{\"@id\":\"https:\\\/\\\/www.ivinio.com\\\/fr\\\/#\\\/schema\\\/logo\\\/image\\\/\"},\"sameAs\":[\"https:\\\/\\\/www.facebook.com\\\/groups\\\/165217837022391\\\/?ref=bookmarks\",\"https:\\\/\\\/www.instagram.com\\\/_ivinio_\\\/?hl=fr\"]}]}<\/script>\n<!-- \/ Yoast SEO plugin. -->","yoast_head_json":{"title":"Acheter Oratoire de Chasse-Spleen - Moulis en M\u00e9doc - Rouge","description":"Acheter Oratoire de Chasse-Spleen - Moulis en M\u00e9doc - Rouge. 2\u00e8me vin du Ch\u00e2teau Chasse-Spleen. Moulis-en-M\u00e9doc comme sa grande s\u0153ur.","robots":{"index":"index","follow":"follow","max-snippet":"max-snippet:-1","max-image-preview":"max-image-preview:large","max-video-preview":"max-video-preview:-1"},"canonical":"https:\/\/www.ivinio.com\/fr\/produit\/oratoire-de-chasse-spleen-moulis-en-medoc-rouge\/","og_locale":"fr_FR","og_type":"article","og_title":"Acheter Oratoire de Chasse-Spleen - Moulis en M\u00e9doc - Rouge","og_description":"Acheter Oratoire de Chasse-Spleen - Moulis en M\u00e9doc - Rouge. 2\u00e8me vin du Ch\u00e2teau Chasse-Spleen. Moulis-en-M\u00e9doc comme sa grande s\u0153ur.","og_url":"https:\/\/www.ivinio.com\/fr\/produit\/oratoire-de-chasse-spleen-moulis-en-medoc-rouge\/","og_site_name":"IVINIO Caviste","article_publisher":"https:\/\/www.facebook.com\/groups\/165217837022391\/?ref=bookmarks","article_modified_time":"2022-10-13T17:03:48+00:00","og_image":[{"width":500,"height":500,"url":"https:\/\/www.ivinio.com\/wp-content\/uploads\/nc\/public\/modules\/file\/pictures\/6825.Oratoire-de-Chasse-spleen-ivinio.jpg","type":"image\/jpeg"}],"twitter_card":"summary_large_image","schema":{"@context":"https:\/\/schema.org","@graph":[{"@type":"WebPage","@id":"https:\/\/www.ivinio.com\/fr\/produit\/oratoire-de-chasse-spleen-moulis-en-medoc-rouge\/","url":"https:\/\/www.ivinio.com\/fr\/produit\/oratoire-de-chasse-spleen-moulis-en-medoc-rouge\/","name":"Acheter Oratoire de Chasse-Spleen - Moulis en M\u00e9doc - Rouge","isPartOf":{"@id":"https:\/\/www.ivinio.com\/fr\/#website"},"primaryImageOfPage":{"@id":"https:\/\/www.ivinio.com\/fr\/produit\/oratoire-de-chasse-spleen-moulis-en-medoc-rouge\/#primaryimage"},"image":{"@id":"https:\/\/www.ivinio.com\/fr\/produit\/oratoire-de-chasse-spleen-moulis-en-medoc-rouge\/#primaryimage"},"thumbnailUrl":"https:\/\/www.ivinio.com\/wp-content\/uploads\/nc\/public\/modules\/file\/pictures\/6825.Oratoire-de-Chasse-spleen-ivinio.jpg","datePublished":"2018-10-03T19:22:12+00:00","dateModified":"2022-10-13T17:03:48+00:00","description":"Acheter Oratoire de Chasse-Spleen - Moulis en M\u00e9doc - Rouge. 2\u00e8me vin du Ch\u00e2teau Chasse-Spleen. Moulis-en-M\u00e9doc comme sa grande s\u0153ur.","breadcrumb":{"@id":"https:\/\/www.ivinio.com\/fr\/produit\/oratoire-de-chasse-spleen-moulis-en-medoc-rouge\/#breadcrumb"},"inLanguage":"fr-FR","potentialAction":[{"@type":"ReadAction","target":["https:\/\/www.ivinio.com\/fr\/produit\/oratoire-de-chasse-spleen-moulis-en-medoc-rouge\/"]}]},{"@type":"ImageObject","inLanguage":"fr-FR","@id":"https:\/\/www.ivinio.com\/fr\/produit\/oratoire-de-chasse-spleen-moulis-en-medoc-rouge\/#primaryimage","url":"https:\/\/www.ivinio.com\/wp-content\/uploads\/nc\/public\/modules\/file\/pictures\/6825.Oratoire-de-Chasse-spleen-ivinio.jpg","contentUrl":"https:\/\/www.ivinio.com\/wp-content\/uploads\/nc\/public\/modules\/file\/pictures\/6825.Oratoire-de-Chasse-spleen-ivinio.jpg","width":500,"height":500},{"@type":"BreadcrumbList","@id":"https:\/\/www.ivinio.com\/fr\/produit\/oratoire-de-chasse-spleen-moulis-en-medoc-rouge\/#breadcrumb","itemListElement":[{"@type":"ListItem","position":1,"name":"Home","item":"https:\/\/www.ivinio.com\/fr\/"},{"@type":"ListItem","position":2,"name":"Boutique de vin","item":"https:\/\/www.ivinio.com\/fr\/boutique-de-vin\/"},{"@type":"ListItem","position":3,"name":"Oratoire de Chasse-Spleen &#8211; Moulis en M\u00e9doc &#8211; Rouge"}]},{"@type":"WebSite","@id":"https:\/\/www.ivinio.com\/fr\/#website","url":"https:\/\/www.ivinio.com\/fr\/","name":"IVINIO Caviste","description":"Vins de France et d&#039;Italie avec livraison \u00e0 domicile","publisher":{"@id":"https:\/\/www.ivinio.com\/fr\/#organization"},"potentialAction":[{"@type":"SearchAction","target":{"@type":"EntryPoint","urlTemplate":"https:\/\/www.ivinio.com\/fr\/?s={search_term_string}"},"query-input":{"@type":"PropertyValueSpecification","valueRequired":true,"valueName":"search_term_string"}}],"inLanguage":"fr-FR"},{"@type":"Organization","@id":"https:\/\/www.ivinio.com\/fr\/#organization","name":"IVINIO","url":"https:\/\/www.ivinio.com\/fr\/","logo":{"@type":"ImageObject","inLanguage":"fr-FR","@id":"https:\/\/www.ivinio.com\/fr\/#\/schema\/logo\/image\/","url":"https:\/\/www.ivinio.com\/wp-content\/uploads\/2021\/01\/Logo-Ivinio-v2.jpg","contentUrl":"https:\/\/www.ivinio.com\/wp-content\/uploads\/2021\/01\/Logo-Ivinio-v2.jpg","width":1194,"height":1194,"caption":"IVINIO"},"image":{"@id":"https:\/\/www.ivinio.com\/fr\/#\/schema\/logo\/image\/"},"sameAs":["https:\/\/www.facebook.com\/groups\/165217837022391\/?ref=bookmarks","https:\/\/www.instagram.com\/_ivinio_\/?hl=fr"]}]}},"jetpack_sharing_enabled":true,"_links":{"self":[{"href":"https:\/\/www.ivinio.com\/fr\/wp-json\/wp\/v2\/product\/121332","targetHints":{"allow":["GET"]}}],"collection":[{"href":"https:\/\/www.ivinio.com\/fr\/wp-json\/wp\/v2\/product"}],"about":[{"href":"https:\/\/www.ivinio.com\/fr\/wp-json\/wp\/v2\/types\/product"}],"replies":[{"embeddable":true,"href":"https:\/\/www.ivinio.com\/fr\/wp-json\/wp\/v2\/comments?post=121332"}],"wp:featuredmedia":[{"embeddable":true,"href":"https:\/\/www.ivinio.com\/fr\/wp-json\/wp\/v2\/media\/121335"}],"wp:attachment":[{"href":"https:\/\/www.ivinio.com\/fr\/wp-json\/wp\/v2\/media?parent=121332"}],"wp:term":[{"taxonomy":"product_brand","embeddable":true,"href":"https:\/\/www.ivinio.com\/fr\/wp-json\/wp\/v2\/product_brand?post=121332"},{"taxonomy":"product_cat","embeddable":true,"href":"https:\/\/www.ivinio.com\/fr\/wp-json\/wp\/v2\/product_cat?post=121332"},{"taxonomy":"product_tag","embeddable":true,"href":"https:\/\/www.ivinio.com\/fr\/wp-json\/wp\/v2\/product_tag?post=121332"}],"curies":[{"name":"wp","href":"https:\/\/api.w.org\/{rel}","templated":true}]}}