{"id":121328,"date":"2018-10-02T13:59:20","date_gmt":"2018-10-02T13:59:20","guid":{"rendered":"https:\/\/henrik.www.ivinio.com\/?product=chateau-de-respide-reserve-graves-rouge"},"modified":"2025-10-13T18:28:28","modified_gmt":"2025-10-13T16:28:28","slug":"chateau-de-respide-reserve-graves-rouge","status":"publish","type":"product","link":"https:\/\/www.ivinio.com\/fr\/produit\/chateau-de-respide-reserve-graves-rouge\/","title":{"rendered":"Ch\u00e2teau de respide &#8211; R\u00e9serve &#8211; Graves &#8211; Rouge"},"content":{"rendered":"<p>Le Ch\u00e2teau de respide R\u00e9serve est compos\u00e9 de 67% de merlot et de 33% de cabernet sauvignon cultiv\u00e9s dans une terre argilo-calcaire couvrant 30 hectares de vignes. Les raisins sont cueillis m\u00e9caniquement et tri\u00e9s avant d&#8217;entrer au\u00a0caveau. Vinification traditionnelle suivie d&#8217;un \u00e9levage en f\u00fbts de ch\u00eane pendant 6 mois (dont 1\/3 de f\u00fbts neufs).<\/p>\n","protected":false},"excerpt":{"rendered":"<p>Le Ch\u00e2teau de respide R\u00e9serve est un Graves\u00a0rouge avec des ar\u00f4mes de fruits rouges, des notes balsamiques,\u00a0l\u00e9g\u00e8rement \u00e9pic\u00e9. Un Bordeaux \u00e9lev\u00e9 dans des f\u00fbts de ch\u00eane pour accompagner du\u00a0gibier, de la viande rouge et le plateau de\u00a0fromages.<\/p>\n","protected":false},"featured_media":129968,"comment_status":"open","ping_status":"closed","template":"","meta":{"_monsterinsights_skip_tracking":false,"_monsterinsights_sitenote_active":false,"_monsterinsights_sitenote_note":"","_monsterinsights_sitenote_category":0,"_uf_show_specific_survey":0,"_uf_disable_surveys":false},"product_brand":[],"product_cat":[36633,36588],"product_tag":[],"class_list":{"0":"post-121328","1":"product","2":"type-product","3":"status-publish","4":"has-post-thumbnail","6":"product_cat-sv-bordeaux","7":"product_cat-franska-viner","8":"pa_alcohol-degree-13-sv","9":"pa_classification-aop-graves-sv","10":"pa_color-rod-sv","11":"pa_country-frankrike-sv","12":"pa_grape-variety-cabernet-sauvignon-fr","13":"pa_grape-variety-merlot-fr","14":"pa_region-bordeaux-sv","15":"pa_storage-potential-7-ar","16":"pa_vintage-39899","17":"pa_volume-75-cl-sv","19":"first","20":"instock","21":"taxable","22":"shipping-taxable","23":"purchasable","24":"product-type-simple"},"bundled_by":["131624"],"bundle_stock_status":"instock","bundle_stock_quantity":null,"bundle_virtual":false,"bundle_layout":"","bundle_add_to_cart_form_location":"","bundle_editable_in_cart":false,"bundle_sold_individually_context":"","bundle_item_grouping":"","bundle_min_size":"","bundle_max_size":"","bundle_price":[],"bundled_items":[],"bundle_sell_ids":[],"yoast_head":"<!-- This site is optimized with the Yoast SEO plugin v27.5 - https:\/\/yoast.com\/product\/yoast-seo-wordpress\/ -->\n<title>Acheter Ch\u00e2teau de respide - R\u00e9serve - Graves - vin rouge - IVINIO Caviste<\/title>\n<meta name=\"description\" content=\"Acheter Ch\u00e2teau de respide - R\u00e9serve - Graves - vin rouge. Ar\u00f4mes de fruits rouges, des notes balsamiques, l\u00e9g\u00e8rement \u00e9pic\u00e9. Un Bordeaux \u00e9lev\u00e9 dans des f\u00fbts de ch\u00eane.\" \/>\n<meta name=\"robots\" content=\"index, follow, max-snippet:-1, max-image-preview:large, max-video-preview:-1\" \/>\n<link rel=\"canonical\" href=\"https:\/\/www.ivinio.com\/fr\/produit\/chateau-de-respide-reserve-graves-rouge\/\" \/>\n<meta property=\"og:locale\" content=\"fr_FR\" \/>\n<meta property=\"og:type\" content=\"article\" \/>\n<meta property=\"og:title\" content=\"Acheter Ch\u00e2teau de respide - R\u00e9serve - Graves - vin rouge - IVINIO Caviste\" \/>\n<meta property=\"og:description\" content=\"Acheter Ch\u00e2teau de respide - R\u00e9serve - Graves - vin rouge. Ar\u00f4mes de fruits rouges, des notes balsamiques, l\u00e9g\u00e8rement \u00e9pic\u00e9. Un Bordeaux \u00e9lev\u00e9 dans des f\u00fbts de ch\u00eane.\" \/>\n<meta property=\"og:url\" content=\"https:\/\/www.ivinio.com\/fr\/produit\/chateau-de-respide-reserve-graves-rouge\/\" \/>\n<meta property=\"og:site_name\" content=\"IVINIO Caviste\" \/>\n<meta property=\"article:publisher\" content=\"https:\/\/www.facebook.com\/groups\/165217837022391\/?ref=bookmarks\" \/>\n<meta property=\"article:modified_time\" content=\"2025-10-13T16:28:28+00:00\" \/>\n<meta property=\"og:image\" content=\"https:\/\/www.ivinio.com\/wp-content\/uploads\/nc\/public\/modules\/file\/pictures\/6824.Chateau-de-respide-r-serve-graves-ivinio.jpg\" \/>\n\t<meta property=\"og:image:width\" content=\"500\" \/>\n\t<meta property=\"og:image:height\" content=\"500\" \/>\n\t<meta property=\"og:image:type\" content=\"image\/jpeg\" \/>\n<meta name=\"twitter:card\" content=\"summary_large_image\" \/>\n<meta name=\"twitter:label1\" content=\"Dur\u00e9e de lecture estim\u00e9e\" \/>\n\t<meta name=\"twitter:data1\" content=\"1 minute\" \/>\n<script type=\"application\/ld+json\" class=\"yoast-schema-graph\">{\"@context\":\"https:\\\/\\\/schema.org\",\"@graph\":[{\"@type\":\"WebPage\",\"@id\":\"https:\\\/\\\/www.ivinio.com\\\/fr\\\/produit\\\/chateau-de-respide-reserve-graves-rouge\\\/\",\"url\":\"https:\\\/\\\/www.ivinio.com\\\/fr\\\/produit\\\/chateau-de-respide-reserve-graves-rouge\\\/\",\"name\":\"Acheter Ch\u00e2teau de respide - R\u00e9serve - Graves - vin rouge - IVINIO Caviste\",\"isPartOf\":{\"@id\":\"https:\\\/\\\/www.ivinio.com\\\/fr\\\/#website\"},\"primaryImageOfPage\":{\"@id\":\"https:\\\/\\\/www.ivinio.com\\\/fr\\\/produit\\\/chateau-de-respide-reserve-graves-rouge\\\/#primaryimage\"},\"image\":{\"@id\":\"https:\\\/\\\/www.ivinio.com\\\/fr\\\/produit\\\/chateau-de-respide-reserve-graves-rouge\\\/#primaryimage\"},\"thumbnailUrl\":\"https:\\\/\\\/www.ivinio.com\\\/wp-content\\\/uploads\\\/nc\\\/public\\\/modules\\\/file\\\/pictures\\\/6824.Chateau-de-respide-r-serve-graves-ivinio.jpg\",\"datePublished\":\"2018-10-02T13:59:20+00:00\",\"dateModified\":\"2025-10-13T16:28:28+00:00\",\"description\":\"Acheter Ch\u00e2teau de respide - R\u00e9serve - Graves - vin rouge. Ar\u00f4mes de fruits rouges, des notes balsamiques, l\u00e9g\u00e8rement \u00e9pic\u00e9. Un Bordeaux \u00e9lev\u00e9 dans des f\u00fbts de ch\u00eane.\",\"breadcrumb\":{\"@id\":\"https:\\\/\\\/www.ivinio.com\\\/fr\\\/produit\\\/chateau-de-respide-reserve-graves-rouge\\\/#breadcrumb\"},\"inLanguage\":\"fr-FR\",\"potentialAction\":[{\"@type\":\"ReadAction\",\"target\":[\"https:\\\/\\\/www.ivinio.com\\\/fr\\\/produit\\\/chateau-de-respide-reserve-graves-rouge\\\/\"]}]},{\"@type\":\"ImageObject\",\"inLanguage\":\"fr-FR\",\"@id\":\"https:\\\/\\\/www.ivinio.com\\\/fr\\\/produit\\\/chateau-de-respide-reserve-graves-rouge\\\/#primaryimage\",\"url\":\"https:\\\/\\\/www.ivinio.com\\\/wp-content\\\/uploads\\\/nc\\\/public\\\/modules\\\/file\\\/pictures\\\/6824.Chateau-de-respide-r-serve-graves-ivinio.jpg\",\"contentUrl\":\"https:\\\/\\\/www.ivinio.com\\\/wp-content\\\/uploads\\\/nc\\\/public\\\/modules\\\/file\\\/pictures\\\/6824.Chateau-de-respide-r-serve-graves-ivinio.jpg\",\"width\":500,\"height\":500,\"caption\":\"Ch\u00e2teau de respide - R\u00e9serve - Graves\"},{\"@type\":\"BreadcrumbList\",\"@id\":\"https:\\\/\\\/www.ivinio.com\\\/fr\\\/produit\\\/chateau-de-respide-reserve-graves-rouge\\\/#breadcrumb\",\"itemListElement\":[{\"@type\":\"ListItem\",\"position\":1,\"name\":\"Home\",\"item\":\"https:\\\/\\\/www.ivinio.com\\\/fr\\\/\"},{\"@type\":\"ListItem\",\"position\":2,\"name\":\"Boutique de vin\",\"item\":\"https:\\\/\\\/www.ivinio.com\\\/fr\\\/boutique-de-vin\\\/\"},{\"@type\":\"ListItem\",\"position\":3,\"name\":\"Ch\u00e2teau de respide &#8211; R\u00e9serve &#8211; Graves &#8211; Rouge\"}]},{\"@type\":\"WebSite\",\"@id\":\"https:\\\/\\\/www.ivinio.com\\\/fr\\\/#website\",\"url\":\"https:\\\/\\\/www.ivinio.com\\\/fr\\\/\",\"name\":\"IVINIO Caviste\",\"description\":\"Vins de France et d&#039;Italie avec livraison \u00e0 domicile\",\"publisher\":{\"@id\":\"https:\\\/\\\/www.ivinio.com\\\/fr\\\/#organization\"},\"potentialAction\":[{\"@type\":\"SearchAction\",\"target\":{\"@type\":\"EntryPoint\",\"urlTemplate\":\"https:\\\/\\\/www.ivinio.com\\\/fr\\\/?s={search_term_string}\"},\"query-input\":{\"@type\":\"PropertyValueSpecification\",\"valueRequired\":true,\"valueName\":\"search_term_string\"}}],\"inLanguage\":\"fr-FR\"},{\"@type\":\"Organization\",\"@id\":\"https:\\\/\\\/www.ivinio.com\\\/fr\\\/#organization\",\"name\":\"IVINIO\",\"url\":\"https:\\\/\\\/www.ivinio.com\\\/fr\\\/\",\"logo\":{\"@type\":\"ImageObject\",\"inLanguage\":\"fr-FR\",\"@id\":\"https:\\\/\\\/www.ivinio.com\\\/fr\\\/#\\\/schema\\\/logo\\\/image\\\/\",\"url\":\"https:\\\/\\\/www.ivinio.com\\\/wp-content\\\/uploads\\\/2021\\\/01\\\/Logo-Ivinio-v2.jpg\",\"contentUrl\":\"https:\\\/\\\/www.ivinio.com\\\/wp-content\\\/uploads\\\/2021\\\/01\\\/Logo-Ivinio-v2.jpg\",\"width\":1194,\"height\":1194,\"caption\":\"IVINIO\"},\"image\":{\"@id\":\"https:\\\/\\\/www.ivinio.com\\\/fr\\\/#\\\/schema\\\/logo\\\/image\\\/\"},\"sameAs\":[\"https:\\\/\\\/www.facebook.com\\\/groups\\\/165217837022391\\\/?ref=bookmarks\",\"https:\\\/\\\/www.instagram.com\\\/_ivinio_\\\/?hl=fr\"]}]}<\/script>\n<!-- \/ Yoast SEO plugin. -->","yoast_head_json":{"title":"Acheter Ch\u00e2teau de respide - R\u00e9serve - Graves - vin rouge - IVINIO Caviste","description":"Acheter Ch\u00e2teau de respide - R\u00e9serve - Graves - vin rouge. Ar\u00f4mes de fruits rouges, des notes balsamiques, l\u00e9g\u00e8rement \u00e9pic\u00e9. Un Bordeaux \u00e9lev\u00e9 dans des f\u00fbts de ch\u00eane.","robots":{"index":"index","follow":"follow","max-snippet":"max-snippet:-1","max-image-preview":"max-image-preview:large","max-video-preview":"max-video-preview:-1"},"canonical":"https:\/\/www.ivinio.com\/fr\/produit\/chateau-de-respide-reserve-graves-rouge\/","og_locale":"fr_FR","og_type":"article","og_title":"Acheter Ch\u00e2teau de respide - R\u00e9serve - Graves - vin rouge - IVINIO Caviste","og_description":"Acheter Ch\u00e2teau de respide - R\u00e9serve - Graves - vin rouge. Ar\u00f4mes de fruits rouges, des notes balsamiques, l\u00e9g\u00e8rement \u00e9pic\u00e9. Un Bordeaux \u00e9lev\u00e9 dans des f\u00fbts de ch\u00eane.","og_url":"https:\/\/www.ivinio.com\/fr\/produit\/chateau-de-respide-reserve-graves-rouge\/","og_site_name":"IVINIO Caviste","article_publisher":"https:\/\/www.facebook.com\/groups\/165217837022391\/?ref=bookmarks","article_modified_time":"2025-10-13T16:28:28+00:00","og_image":[{"width":500,"height":500,"url":"https:\/\/www.ivinio.com\/wp-content\/uploads\/nc\/public\/modules\/file\/pictures\/6824.Chateau-de-respide-r-serve-graves-ivinio.jpg","type":"image\/jpeg"}],"twitter_card":"summary_large_image","twitter_misc":{"Dur\u00e9e de lecture estim\u00e9e":"1 minute"},"schema":{"@context":"https:\/\/schema.org","@graph":[{"@type":"WebPage","@id":"https:\/\/www.ivinio.com\/fr\/produit\/chateau-de-respide-reserve-graves-rouge\/","url":"https:\/\/www.ivinio.com\/fr\/produit\/chateau-de-respide-reserve-graves-rouge\/","name":"Acheter Ch\u00e2teau de respide - R\u00e9serve - Graves - vin rouge - IVINIO Caviste","isPartOf":{"@id":"https:\/\/www.ivinio.com\/fr\/#website"},"primaryImageOfPage":{"@id":"https:\/\/www.ivinio.com\/fr\/produit\/chateau-de-respide-reserve-graves-rouge\/#primaryimage"},"image":{"@id":"https:\/\/www.ivinio.com\/fr\/produit\/chateau-de-respide-reserve-graves-rouge\/#primaryimage"},"thumbnailUrl":"https:\/\/www.ivinio.com\/wp-content\/uploads\/nc\/public\/modules\/file\/pictures\/6824.Chateau-de-respide-r-serve-graves-ivinio.jpg","datePublished":"2018-10-02T13:59:20+00:00","dateModified":"2025-10-13T16:28:28+00:00","description":"Acheter Ch\u00e2teau de respide - R\u00e9serve - Graves - vin rouge. Ar\u00f4mes de fruits rouges, des notes balsamiques, l\u00e9g\u00e8rement \u00e9pic\u00e9. Un Bordeaux \u00e9lev\u00e9 dans des f\u00fbts de ch\u00eane.","breadcrumb":{"@id":"https:\/\/www.ivinio.com\/fr\/produit\/chateau-de-respide-reserve-graves-rouge\/#breadcrumb"},"inLanguage":"fr-FR","potentialAction":[{"@type":"ReadAction","target":["https:\/\/www.ivinio.com\/fr\/produit\/chateau-de-respide-reserve-graves-rouge\/"]}]},{"@type":"ImageObject","inLanguage":"fr-FR","@id":"https:\/\/www.ivinio.com\/fr\/produit\/chateau-de-respide-reserve-graves-rouge\/#primaryimage","url":"https:\/\/www.ivinio.com\/wp-content\/uploads\/nc\/public\/modules\/file\/pictures\/6824.Chateau-de-respide-r-serve-graves-ivinio.jpg","contentUrl":"https:\/\/www.ivinio.com\/wp-content\/uploads\/nc\/public\/modules\/file\/pictures\/6824.Chateau-de-respide-r-serve-graves-ivinio.jpg","width":500,"height":500,"caption":"Ch\u00e2teau de respide - R\u00e9serve - Graves"},{"@type":"BreadcrumbList","@id":"https:\/\/www.ivinio.com\/fr\/produit\/chateau-de-respide-reserve-graves-rouge\/#breadcrumb","itemListElement":[{"@type":"ListItem","position":1,"name":"Home","item":"https:\/\/www.ivinio.com\/fr\/"},{"@type":"ListItem","position":2,"name":"Boutique de vin","item":"https:\/\/www.ivinio.com\/fr\/boutique-de-vin\/"},{"@type":"ListItem","position":3,"name":"Ch\u00e2teau de respide &#8211; R\u00e9serve &#8211; Graves &#8211; Rouge"}]},{"@type":"WebSite","@id":"https:\/\/www.ivinio.com\/fr\/#website","url":"https:\/\/www.ivinio.com\/fr\/","name":"IVINIO Caviste","description":"Vins de France et d&#039;Italie avec livraison \u00e0 domicile","publisher":{"@id":"https:\/\/www.ivinio.com\/fr\/#organization"},"potentialAction":[{"@type":"SearchAction","target":{"@type":"EntryPoint","urlTemplate":"https:\/\/www.ivinio.com\/fr\/?s={search_term_string}"},"query-input":{"@type":"PropertyValueSpecification","valueRequired":true,"valueName":"search_term_string"}}],"inLanguage":"fr-FR"},{"@type":"Organization","@id":"https:\/\/www.ivinio.com\/fr\/#organization","name":"IVINIO","url":"https:\/\/www.ivinio.com\/fr\/","logo":{"@type":"ImageObject","inLanguage":"fr-FR","@id":"https:\/\/www.ivinio.com\/fr\/#\/schema\/logo\/image\/","url":"https:\/\/www.ivinio.com\/wp-content\/uploads\/2021\/01\/Logo-Ivinio-v2.jpg","contentUrl":"https:\/\/www.ivinio.com\/wp-content\/uploads\/2021\/01\/Logo-Ivinio-v2.jpg","width":1194,"height":1194,"caption":"IVINIO"},"image":{"@id":"https:\/\/www.ivinio.com\/fr\/#\/schema\/logo\/image\/"},"sameAs":["https:\/\/www.facebook.com\/groups\/165217837022391\/?ref=bookmarks","https:\/\/www.instagram.com\/_ivinio_\/?hl=fr"]}]}},"jetpack_sharing_enabled":true,"_links":{"self":[{"href":"https:\/\/www.ivinio.com\/fr\/wp-json\/wp\/v2\/product\/121328","targetHints":{"allow":["GET"]}}],"collection":[{"href":"https:\/\/www.ivinio.com\/fr\/wp-json\/wp\/v2\/product"}],"about":[{"href":"https:\/\/www.ivinio.com\/fr\/wp-json\/wp\/v2\/types\/product"}],"replies":[{"embeddable":true,"href":"https:\/\/www.ivinio.com\/fr\/wp-json\/wp\/v2\/comments?post=121328"}],"wp:featuredmedia":[{"embeddable":true,"href":"https:\/\/www.ivinio.com\/fr\/wp-json\/wp\/v2\/media\/129968"}],"wp:attachment":[{"href":"https:\/\/www.ivinio.com\/fr\/wp-json\/wp\/v2\/media?parent=121328"}],"wp:term":[{"taxonomy":"product_brand","embeddable":true,"href":"https:\/\/www.ivinio.com\/fr\/wp-json\/wp\/v2\/product_brand?post=121328"},{"taxonomy":"product_cat","embeddable":true,"href":"https:\/\/www.ivinio.com\/fr\/wp-json\/wp\/v2\/product_cat?post=121328"},{"taxonomy":"product_tag","embeddable":true,"href":"https:\/\/www.ivinio.com\/fr\/wp-json\/wp\/v2\/product_tag?post=121328"}],"curies":[{"name":"wp","href":"https:\/\/api.w.org\/{rel}","templated":true}]}}