{"id":121319,"date":"2015-11-23T20:14:44","date_gmt":"2015-11-23T20:14:44","guid":{"rendered":"https:\/\/henrik.www.ivinio.com\/?product=domaine-rene-bouvier-marsannay-finage-rouge"},"modified":"2024-03-19T17:16:41","modified_gmt":"2024-03-19T16:16:41","slug":"domaine-rene-bouvier-marsannay-finage-rouge","status":"publish","type":"product","link":"https:\/\/www.ivinio.com\/fr\/produit\/domaine-rene-bouvier-marsannay-finage-rouge\/","title":{"rendered":"Domaine Ren\u00e9 Bouvier &#8211; Marsannay &#8211; Le Finage &#8211; Rouge"},"content":{"rendered":"<p>Domaine Ren\u00e9 Bouvier &#8211; Marsannay &#8211; Le Finage &#8211; Rouge est un vin bio, compos\u00e9 de 100% de Pinot noir, cultiv\u00e9 sur 7 terroirs diff\u00e9rents au sein de l&#8217;appellation Marsannay, au nord de la C\u00f4te-de-Nuits. Les vendanges se font manuellement et les raisins sont tri\u00e9s. La vinification se d\u00e9roule selon la m\u00e9thode classique pendant 20 jours en moyenne. Certaines cuv\u00e9es sont \u00e9lev\u00e9es en f\u00fbts de ch\u00eane avant l&#8217;assemblage final du vin.<\/p>\n","protected":false},"excerpt":{"rendered":"<p>Le Marsannay &#8220;Le Finage&#8221; de Ren\u00e9 Bouvier pr\u00e9sente des ar\u00f4mes fruit\u00e9s de framboise et un palais fruit\u00e9 complexe, l\u00e9g\u00e8rement \u00e9pic\u00e9.<\/p>\n","protected":false},"featured_media":139516,"comment_status":"open","ping_status":"closed","template":"","meta":{"_monsterinsights_skip_tracking":false,"_monsterinsights_sitenote_active":false,"_monsterinsights_sitenote_note":"","_monsterinsights_sitenote_category":0,"_uf_show_specific_survey":0,"_uf_disable_surveys":false},"product_brand":[],"product_cat":[36610,36586],"product_tag":[],"class_list":{"0":"post-121319","1":"product","2":"type-product","3":"status-publish","4":"has-post-thumbnail","6":"product_cat-fr-bourgogne","7":"product_cat-vins-francais","8":"pa_classification-aop-marsannay-fr","9":"pa_color-rouge-fr","10":"pa_country-france-fr","11":"pa_grape-variety-pinot-noir-fr","12":"pa_package-1x1-fr","13":"pa_package-1x6-fr","14":"pa_region-bourgogne-fr","15":"pa_storage-potential-plus-de-10-ans-fr","16":"pa_vintage-2022-fr","17":"pa_volume-75-cl-fr","19":"first","20":"instock","21":"taxable","22":"shipping-taxable","23":"purchasable","24":"product-type-variable"},"bundled_by":["120013","135090"],"bundle_stock_status":"instock","bundle_stock_quantity":null,"bundle_virtual":false,"bundle_layout":"","bundle_add_to_cart_form_location":"","bundle_editable_in_cart":false,"bundle_sold_individually_context":"","bundle_item_grouping":"","bundle_min_size":"","bundle_max_size":"","bundle_price":[],"bundled_items":[],"bundle_sell_ids":[],"yoast_head":"<!-- This site is optimized with the Yoast SEO plugin v27.5 - https:\/\/yoast.com\/product\/yoast-seo-wordpress\/ -->\n<title>Achat Domaine Ren\u00e9 Bouvier - Marsannay &quot;Finage&quot; - Rouge - IVINIO Caviste<\/title>\n<meta name=\"description\" content=\"Achat Domaine Ren\u00e9 Bouvier - Marsannay &quot;Finage&quot; - Rouge. Le pinot noir bourguignon g\u00e9n\u00e9reux \u00e0 son meilleur. Un nez de framboise et un palais fruit\u00e9 complexe, l\u00e9g\u00e8rement \u00e9pic\u00e9.\" \/>\n<meta name=\"robots\" content=\"index, follow, max-snippet:-1, max-image-preview:large, max-video-preview:-1\" \/>\n<link rel=\"canonical\" href=\"https:\/\/www.ivinio.com\/fr\/produit\/domaine-rene-bouvier-marsannay-finage-rouge\/\" \/>\n<meta property=\"og:locale\" content=\"fr_FR\" \/>\n<meta property=\"og:type\" content=\"article\" \/>\n<meta property=\"og:title\" content=\"Achat Domaine Ren\u00e9 Bouvier - Marsannay &quot;Finage&quot; - Rouge - IVINIO Caviste\" \/>\n<meta property=\"og:description\" content=\"Achat Domaine Ren\u00e9 Bouvier - Marsannay &quot;Finage&quot; - Rouge. Le pinot noir bourguignon g\u00e9n\u00e9reux \u00e0 son meilleur. Un nez de framboise et un palais fruit\u00e9 complexe, l\u00e9g\u00e8rement \u00e9pic\u00e9.\" \/>\n<meta property=\"og:url\" content=\"https:\/\/www.ivinio.com\/fr\/produit\/domaine-rene-bouvier-marsannay-finage-rouge\/\" \/>\n<meta property=\"og:site_name\" content=\"IVINIO Caviste\" \/>\n<meta property=\"article:publisher\" content=\"https:\/\/www.facebook.com\/groups\/165217837022391\/?ref=bookmarks\" \/>\n<meta property=\"article:modified_time\" content=\"2024-03-19T16:16:41+00:00\" \/>\n<meta property=\"og:image\" content=\"https:\/\/www.ivinio.com\/wp-content\/uploads\/nc\/public\/modules\/file\/pictures\/6819.Domaine-ren-bouvier-Marsannay-finage-ivinio.jpg\" \/>\n\t<meta property=\"og:image:width\" content=\"500\" \/>\n\t<meta property=\"og:image:height\" content=\"500\" \/>\n\t<meta property=\"og:image:type\" content=\"image\/jpeg\" \/>\n<meta name=\"twitter:card\" content=\"summary_large_image\" \/>\n<meta name=\"twitter:label1\" content=\"Dur\u00e9e de lecture estim\u00e9e\" \/>\n\t<meta name=\"twitter:data1\" content=\"1 minute\" \/>\n<script type=\"application\/ld+json\" class=\"yoast-schema-graph\">{\"@context\":\"https:\\\/\\\/schema.org\",\"@graph\":[{\"@type\":\"WebPage\",\"@id\":\"https:\\\/\\\/www.ivinio.com\\\/fr\\\/produit\\\/domaine-rene-bouvier-marsannay-finage-rouge\\\/\",\"url\":\"https:\\\/\\\/www.ivinio.com\\\/fr\\\/produit\\\/domaine-rene-bouvier-marsannay-finage-rouge\\\/\",\"name\":\"Achat Domaine Ren\u00e9 Bouvier - Marsannay \\\"Finage\\\" - Rouge - IVINIO Caviste\",\"isPartOf\":{\"@id\":\"https:\\\/\\\/www.ivinio.com\\\/fr\\\/#website\"},\"primaryImageOfPage\":{\"@id\":\"https:\\\/\\\/www.ivinio.com\\\/fr\\\/produit\\\/domaine-rene-bouvier-marsannay-finage-rouge\\\/#primaryimage\"},\"image\":{\"@id\":\"https:\\\/\\\/www.ivinio.com\\\/fr\\\/produit\\\/domaine-rene-bouvier-marsannay-finage-rouge\\\/#primaryimage\"},\"thumbnailUrl\":\"https:\\\/\\\/www.ivinio.com\\\/wp-content\\\/uploads\\\/nc\\\/public\\\/modules\\\/file\\\/pictures\\\/6819.Domaine-ren-bouvier-Marsannay-finage-ivinio.jpg\",\"datePublished\":\"2015-11-23T20:14:44+00:00\",\"dateModified\":\"2024-03-19T16:16:41+00:00\",\"description\":\"Achat Domaine Ren\u00e9 Bouvier - Marsannay \\\"Finage\\\" - Rouge. Le pinot noir bourguignon g\u00e9n\u00e9reux \u00e0 son meilleur. Un nez de framboise et un palais fruit\u00e9 complexe, l\u00e9g\u00e8rement \u00e9pic\u00e9.\",\"breadcrumb\":{\"@id\":\"https:\\\/\\\/www.ivinio.com\\\/fr\\\/produit\\\/domaine-rene-bouvier-marsannay-finage-rouge\\\/#breadcrumb\"},\"inLanguage\":\"fr-FR\",\"potentialAction\":[{\"@type\":\"ReadAction\",\"target\":[\"https:\\\/\\\/www.ivinio.com\\\/fr\\\/produit\\\/domaine-rene-bouvier-marsannay-finage-rouge\\\/\"]}]},{\"@type\":\"ImageObject\",\"inLanguage\":\"fr-FR\",\"@id\":\"https:\\\/\\\/www.ivinio.com\\\/fr\\\/produit\\\/domaine-rene-bouvier-marsannay-finage-rouge\\\/#primaryimage\",\"url\":\"https:\\\/\\\/www.ivinio.com\\\/wp-content\\\/uploads\\\/nc\\\/public\\\/modules\\\/file\\\/pictures\\\/6819.Domaine-ren-bouvier-Marsannay-finage-ivinio.jpg\",\"contentUrl\":\"https:\\\/\\\/www.ivinio.com\\\/wp-content\\\/uploads\\\/nc\\\/public\\\/modules\\\/file\\\/pictures\\\/6819.Domaine-ren-bouvier-Marsannay-finage-ivinio.jpg\",\"width\":500,\"height\":500},{\"@type\":\"BreadcrumbList\",\"@id\":\"https:\\\/\\\/www.ivinio.com\\\/fr\\\/produit\\\/domaine-rene-bouvier-marsannay-finage-rouge\\\/#breadcrumb\",\"itemListElement\":[{\"@type\":\"ListItem\",\"position\":1,\"name\":\"Home\",\"item\":\"https:\\\/\\\/www.ivinio.com\\\/fr\\\/\"},{\"@type\":\"ListItem\",\"position\":2,\"name\":\"Boutique de vin\",\"item\":\"https:\\\/\\\/www.ivinio.com\\\/fr\\\/boutique-de-vin\\\/\"},{\"@type\":\"ListItem\",\"position\":3,\"name\":\"Domaine Ren\u00e9 Bouvier &#8211; Marsannay &#8211; Le Finage &#8211; Rouge\"}]},{\"@type\":\"WebSite\",\"@id\":\"https:\\\/\\\/www.ivinio.com\\\/fr\\\/#website\",\"url\":\"https:\\\/\\\/www.ivinio.com\\\/fr\\\/\",\"name\":\"IVINIO Caviste\",\"description\":\"Vins de France et d&#039;Italie avec livraison \u00e0 domicile\",\"publisher\":{\"@id\":\"https:\\\/\\\/www.ivinio.com\\\/fr\\\/#organization\"},\"potentialAction\":[{\"@type\":\"SearchAction\",\"target\":{\"@type\":\"EntryPoint\",\"urlTemplate\":\"https:\\\/\\\/www.ivinio.com\\\/fr\\\/?s={search_term_string}\"},\"query-input\":{\"@type\":\"PropertyValueSpecification\",\"valueRequired\":true,\"valueName\":\"search_term_string\"}}],\"inLanguage\":\"fr-FR\"},{\"@type\":\"Organization\",\"@id\":\"https:\\\/\\\/www.ivinio.com\\\/fr\\\/#organization\",\"name\":\"IVINIO\",\"url\":\"https:\\\/\\\/www.ivinio.com\\\/fr\\\/\",\"logo\":{\"@type\":\"ImageObject\",\"inLanguage\":\"fr-FR\",\"@id\":\"https:\\\/\\\/www.ivinio.com\\\/fr\\\/#\\\/schema\\\/logo\\\/image\\\/\",\"url\":\"https:\\\/\\\/www.ivinio.com\\\/wp-content\\\/uploads\\\/2021\\\/01\\\/Logo-Ivinio-v2.jpg\",\"contentUrl\":\"https:\\\/\\\/www.ivinio.com\\\/wp-content\\\/uploads\\\/2021\\\/01\\\/Logo-Ivinio-v2.jpg\",\"width\":1194,\"height\":1194,\"caption\":\"IVINIO\"},\"image\":{\"@id\":\"https:\\\/\\\/www.ivinio.com\\\/fr\\\/#\\\/schema\\\/logo\\\/image\\\/\"},\"sameAs\":[\"https:\\\/\\\/www.facebook.com\\\/groups\\\/165217837022391\\\/?ref=bookmarks\",\"https:\\\/\\\/www.instagram.com\\\/_ivinio_\\\/?hl=fr\"]}]}<\/script>\n<!-- \/ Yoast SEO plugin. -->","yoast_head_json":{"title":"Achat Domaine Ren\u00e9 Bouvier - Marsannay \"Finage\" - Rouge - IVINIO Caviste","description":"Achat Domaine Ren\u00e9 Bouvier - Marsannay \"Finage\" - Rouge. Le pinot noir bourguignon g\u00e9n\u00e9reux \u00e0 son meilleur. Un nez de framboise et un palais fruit\u00e9 complexe, l\u00e9g\u00e8rement \u00e9pic\u00e9.","robots":{"index":"index","follow":"follow","max-snippet":"max-snippet:-1","max-image-preview":"max-image-preview:large","max-video-preview":"max-video-preview:-1"},"canonical":"https:\/\/www.ivinio.com\/fr\/produit\/domaine-rene-bouvier-marsannay-finage-rouge\/","og_locale":"fr_FR","og_type":"article","og_title":"Achat Domaine Ren\u00e9 Bouvier - Marsannay \"Finage\" - Rouge - IVINIO Caviste","og_description":"Achat Domaine Ren\u00e9 Bouvier - Marsannay \"Finage\" - Rouge. Le pinot noir bourguignon g\u00e9n\u00e9reux \u00e0 son meilleur. Un nez de framboise et un palais fruit\u00e9 complexe, l\u00e9g\u00e8rement \u00e9pic\u00e9.","og_url":"https:\/\/www.ivinio.com\/fr\/produit\/domaine-rene-bouvier-marsannay-finage-rouge\/","og_site_name":"IVINIO Caviste","article_publisher":"https:\/\/www.facebook.com\/groups\/165217837022391\/?ref=bookmarks","article_modified_time":"2024-03-19T16:16:41+00:00","og_image":[{"width":500,"height":500,"url":"https:\/\/www.ivinio.com\/wp-content\/uploads\/nc\/public\/modules\/file\/pictures\/6819.Domaine-ren-bouvier-Marsannay-finage-ivinio.jpg","type":"image\/jpeg"}],"twitter_card":"summary_large_image","twitter_misc":{"Dur\u00e9e de lecture estim\u00e9e":"1 minute"},"schema":{"@context":"https:\/\/schema.org","@graph":[{"@type":"WebPage","@id":"https:\/\/www.ivinio.com\/fr\/produit\/domaine-rene-bouvier-marsannay-finage-rouge\/","url":"https:\/\/www.ivinio.com\/fr\/produit\/domaine-rene-bouvier-marsannay-finage-rouge\/","name":"Achat Domaine Ren\u00e9 Bouvier - Marsannay \"Finage\" - Rouge - IVINIO Caviste","isPartOf":{"@id":"https:\/\/www.ivinio.com\/fr\/#website"},"primaryImageOfPage":{"@id":"https:\/\/www.ivinio.com\/fr\/produit\/domaine-rene-bouvier-marsannay-finage-rouge\/#primaryimage"},"image":{"@id":"https:\/\/www.ivinio.com\/fr\/produit\/domaine-rene-bouvier-marsannay-finage-rouge\/#primaryimage"},"thumbnailUrl":"https:\/\/www.ivinio.com\/wp-content\/uploads\/nc\/public\/modules\/file\/pictures\/6819.Domaine-ren-bouvier-Marsannay-finage-ivinio.jpg","datePublished":"2015-11-23T20:14:44+00:00","dateModified":"2024-03-19T16:16:41+00:00","description":"Achat Domaine Ren\u00e9 Bouvier - Marsannay \"Finage\" - Rouge. Le pinot noir bourguignon g\u00e9n\u00e9reux \u00e0 son meilleur. Un nez de framboise et un palais fruit\u00e9 complexe, l\u00e9g\u00e8rement \u00e9pic\u00e9.","breadcrumb":{"@id":"https:\/\/www.ivinio.com\/fr\/produit\/domaine-rene-bouvier-marsannay-finage-rouge\/#breadcrumb"},"inLanguage":"fr-FR","potentialAction":[{"@type":"ReadAction","target":["https:\/\/www.ivinio.com\/fr\/produit\/domaine-rene-bouvier-marsannay-finage-rouge\/"]}]},{"@type":"ImageObject","inLanguage":"fr-FR","@id":"https:\/\/www.ivinio.com\/fr\/produit\/domaine-rene-bouvier-marsannay-finage-rouge\/#primaryimage","url":"https:\/\/www.ivinio.com\/wp-content\/uploads\/nc\/public\/modules\/file\/pictures\/6819.Domaine-ren-bouvier-Marsannay-finage-ivinio.jpg","contentUrl":"https:\/\/www.ivinio.com\/wp-content\/uploads\/nc\/public\/modules\/file\/pictures\/6819.Domaine-ren-bouvier-Marsannay-finage-ivinio.jpg","width":500,"height":500},{"@type":"BreadcrumbList","@id":"https:\/\/www.ivinio.com\/fr\/produit\/domaine-rene-bouvier-marsannay-finage-rouge\/#breadcrumb","itemListElement":[{"@type":"ListItem","position":1,"name":"Home","item":"https:\/\/www.ivinio.com\/fr\/"},{"@type":"ListItem","position":2,"name":"Boutique de vin","item":"https:\/\/www.ivinio.com\/fr\/boutique-de-vin\/"},{"@type":"ListItem","position":3,"name":"Domaine Ren\u00e9 Bouvier &#8211; Marsannay &#8211; Le Finage &#8211; Rouge"}]},{"@type":"WebSite","@id":"https:\/\/www.ivinio.com\/fr\/#website","url":"https:\/\/www.ivinio.com\/fr\/","name":"IVINIO Caviste","description":"Vins de France et d&#039;Italie avec livraison \u00e0 domicile","publisher":{"@id":"https:\/\/www.ivinio.com\/fr\/#organization"},"potentialAction":[{"@type":"SearchAction","target":{"@type":"EntryPoint","urlTemplate":"https:\/\/www.ivinio.com\/fr\/?s={search_term_string}"},"query-input":{"@type":"PropertyValueSpecification","valueRequired":true,"valueName":"search_term_string"}}],"inLanguage":"fr-FR"},{"@type":"Organization","@id":"https:\/\/www.ivinio.com\/fr\/#organization","name":"IVINIO","url":"https:\/\/www.ivinio.com\/fr\/","logo":{"@type":"ImageObject","inLanguage":"fr-FR","@id":"https:\/\/www.ivinio.com\/fr\/#\/schema\/logo\/image\/","url":"https:\/\/www.ivinio.com\/wp-content\/uploads\/2021\/01\/Logo-Ivinio-v2.jpg","contentUrl":"https:\/\/www.ivinio.com\/wp-content\/uploads\/2021\/01\/Logo-Ivinio-v2.jpg","width":1194,"height":1194,"caption":"IVINIO"},"image":{"@id":"https:\/\/www.ivinio.com\/fr\/#\/schema\/logo\/image\/"},"sameAs":["https:\/\/www.facebook.com\/groups\/165217837022391\/?ref=bookmarks","https:\/\/www.instagram.com\/_ivinio_\/?hl=fr"]}]}},"jetpack_sharing_enabled":true,"_links":{"self":[{"href":"https:\/\/www.ivinio.com\/fr\/wp-json\/wp\/v2\/product\/121319","targetHints":{"allow":["GET"]}}],"collection":[{"href":"https:\/\/www.ivinio.com\/fr\/wp-json\/wp\/v2\/product"}],"about":[{"href":"https:\/\/www.ivinio.com\/fr\/wp-json\/wp\/v2\/types\/product"}],"replies":[{"embeddable":true,"href":"https:\/\/www.ivinio.com\/fr\/wp-json\/wp\/v2\/comments?post=121319"}],"wp:featuredmedia":[{"embeddable":true,"href":"https:\/\/www.ivinio.com\/fr\/wp-json\/wp\/v2\/media\/139516"}],"wp:attachment":[{"href":"https:\/\/www.ivinio.com\/fr\/wp-json\/wp\/v2\/media?parent=121319"}],"wp:term":[{"taxonomy":"product_brand","embeddable":true,"href":"https:\/\/www.ivinio.com\/fr\/wp-json\/wp\/v2\/product_brand?post=121319"},{"taxonomy":"product_cat","embeddable":true,"href":"https:\/\/www.ivinio.com\/fr\/wp-json\/wp\/v2\/product_cat?post=121319"},{"taxonomy":"product_tag","embeddable":true,"href":"https:\/\/www.ivinio.com\/fr\/wp-json\/wp\/v2\/product_tag?post=121319"}],"curies":[{"name":"wp","href":"https:\/\/api.w.org\/{rel}","templated":true}]}}