{"id":121275,"date":"2018-09-21T12:04:03","date_gmt":"2018-09-21T12:04:03","guid":{"rendered":"https:\/\/henrik.www.ivinio.com\/?product=waris-hubert-albescent-grand-cru-champagne"},"modified":"2023-04-20T12:00:12","modified_gmt":"2023-04-20T10:00:12","slug":"waris-hubert-albescent-grand-cru-champagne","status":"publish","type":"product","link":"https:\/\/www.ivinio.com\/fr\/produit\/waris-hubert-albescent-grand-cru-champagne\/","title":{"rendered":"Waris Hubert &#8211; Albescent Grand Cru &#8211; Champagne"},"content":{"rendered":"<p>Le Champagne Waris Hubert &#8211; Albescent Grand Cru est compos\u00e9 de 100% Chardonnay. L&#8217;expression du terroir a son r\u00f4le dans la vinification. Les raisins de chaque parcelle sont s\u00e9par\u00e9s et vinifi\u00e9s s\u00e9par\u00e9ment. Le vin est produit dans des cuves en acier de 25 \u00e0 44 HL et des f\u00fbts de ch\u00eane de 225 \u00e0 600 litres, afin de r\u00e9partir la fermentation en fonction de l&#8217;endroit o\u00f9 les raisins ont \u00e9t\u00e9 cultiv\u00e9s. 42 cuv\u00e9es diff\u00e9rentes sont produites et utilis\u00e9es pour \u00e9laborer le vin fini.<\/p>\n","protected":false},"excerpt":{"rendered":"<p>Albescent est le champagne de r\u00e9f\u00e9rence de Waris Hubert &#8211; un Blanc de blancs Grand Cru aux notes min\u00e9rales de sirop. A servir en ap\u00e9ritif ou pour un buffet !<\/p>\n","protected":false},"featured_media":130635,"comment_status":"open","ping_status":"closed","template":"","meta":{"_monsterinsights_skip_tracking":false,"_monsterinsights_sitenote_active":false,"_monsterinsights_sitenote_note":"","_monsterinsights_sitenote_category":0,"_uf_show_specific_survey":0,"_uf_disable_surveys":false},"product_brand":[],"product_cat":[36613,36586],"product_tag":[],"class_list":{"0":"post-121275","1":"product","2":"type-product","3":"status-publish","4":"has-post-thumbnail","6":"product_cat-fr-champagne","7":"product_cat-vins-francais","8":"pa_alcohol-degree-12-fr","9":"pa_classification-aop-champagne-fr","10":"pa_color-mousseux-fr","11":"pa_country-france-fr","12":"pa_grape-variety-chardonnay-fr","13":"pa_package-1x1-fr","14":"pa_package-1x6-fr","15":"pa_region-champagne-fr","16":"pa_storage-potential-3-ans-fr","17":"pa_volume-75-cl-fr","19":"first","20":"instock","21":"taxable","22":"shipping-taxable","23":"purchasable","24":"product-type-variable"},"bundled_by":[],"bundle_stock_status":"instock","bundle_stock_quantity":null,"bundle_virtual":false,"bundle_layout":"","bundle_add_to_cart_form_location":"","bundle_editable_in_cart":false,"bundle_sold_individually_context":"","bundle_item_grouping":"","bundle_min_size":"","bundle_max_size":"","bundle_price":[],"bundled_items":[],"bundle_sell_ids":[],"yoast_head":"<!-- This site is optimized with the Yoast SEO plugin v27.5 - https:\/\/yoast.com\/product\/yoast-seo-wordpress\/ -->\n<title>Acheter Champagne Waris Hubert - Albescent Grand Cru- IVINIO Caviste<\/title>\n<meta name=\"description\" content=\"Acheter Champagne Waris Hubert - Albescent Grand Cru - un Blanc de blancs aux notes min\u00e9rales de sirop. A servir en ap\u00e9ritif ou pour un buffet !\" \/>\n<meta name=\"robots\" content=\"index, follow, max-snippet:-1, max-image-preview:large, max-video-preview:-1\" \/>\n<link rel=\"canonical\" href=\"https:\/\/www.ivinio.com\/fr\/produit\/waris-hubert-albescent-grand-cru-champagne\/\" \/>\n<meta property=\"og:locale\" content=\"fr_FR\" \/>\n<meta property=\"og:type\" content=\"article\" \/>\n<meta property=\"og:title\" content=\"Acheter Champagne Waris Hubert - Albescent Grand Cru- IVINIO Caviste\" \/>\n<meta property=\"og:description\" content=\"Acheter Champagne Waris Hubert - Albescent Grand Cru - un Blanc de blancs aux notes min\u00e9rales de sirop. A servir en ap\u00e9ritif ou pour un buffet !\" \/>\n<meta property=\"og:url\" content=\"https:\/\/www.ivinio.com\/fr\/produit\/waris-hubert-albescent-grand-cru-champagne\/\" \/>\n<meta property=\"og:site_name\" content=\"IVINIO Caviste\" \/>\n<meta property=\"article:publisher\" content=\"https:\/\/www.facebook.com\/groups\/165217837022391\/?ref=bookmarks\" \/>\n<meta property=\"article:modified_time\" content=\"2023-04-20T10:00:12+00:00\" \/>\n<meta property=\"og:image\" content=\"https:\/\/www.ivinio.com\/wp-content\/uploads\/nc\/public\/modules\/file\/pictures\/6807.Champagne-Waris-Hubert-albescent-ivinio.jpg\" \/>\n\t<meta property=\"og:image:width\" content=\"500\" \/>\n\t<meta property=\"og:image:height\" content=\"500\" \/>\n\t<meta property=\"og:image:type\" content=\"image\/jpeg\" \/>\n<meta name=\"twitter:card\" content=\"summary_large_image\" \/>\n<script type=\"application\/ld+json\" class=\"yoast-schema-graph\">{\"@context\":\"https:\\\/\\\/schema.org\",\"@graph\":[{\"@type\":\"WebPage\",\"@id\":\"https:\\\/\\\/www.ivinio.com\\\/fr\\\/produit\\\/waris-hubert-albescent-grand-cru-champagne\\\/\",\"url\":\"https:\\\/\\\/www.ivinio.com\\\/fr\\\/produit\\\/waris-hubert-albescent-grand-cru-champagne\\\/\",\"name\":\"Acheter Champagne Waris Hubert - Albescent Grand Cru- IVINIO Caviste\",\"isPartOf\":{\"@id\":\"https:\\\/\\\/www.ivinio.com\\\/fr\\\/#website\"},\"primaryImageOfPage\":{\"@id\":\"https:\\\/\\\/www.ivinio.com\\\/fr\\\/produit\\\/waris-hubert-albescent-grand-cru-champagne\\\/#primaryimage\"},\"image\":{\"@id\":\"https:\\\/\\\/www.ivinio.com\\\/fr\\\/produit\\\/waris-hubert-albescent-grand-cru-champagne\\\/#primaryimage\"},\"thumbnailUrl\":\"https:\\\/\\\/www.ivinio.com\\\/wp-content\\\/uploads\\\/nc\\\/public\\\/modules\\\/file\\\/pictures\\\/6807.Champagne-Waris-Hubert-albescent-ivinio.jpg\",\"datePublished\":\"2018-09-21T12:04:03+00:00\",\"dateModified\":\"2023-04-20T10:00:12+00:00\",\"description\":\"Acheter Champagne Waris Hubert - Albescent Grand Cru - un Blanc de blancs aux notes min\u00e9rales de sirop. A servir en ap\u00e9ritif ou pour un buffet !\",\"breadcrumb\":{\"@id\":\"https:\\\/\\\/www.ivinio.com\\\/fr\\\/produit\\\/waris-hubert-albescent-grand-cru-champagne\\\/#breadcrumb\"},\"inLanguage\":\"fr-FR\",\"potentialAction\":[{\"@type\":\"ReadAction\",\"target\":[\"https:\\\/\\\/www.ivinio.com\\\/fr\\\/produit\\\/waris-hubert-albescent-grand-cru-champagne\\\/\"]}]},{\"@type\":\"ImageObject\",\"inLanguage\":\"fr-FR\",\"@id\":\"https:\\\/\\\/www.ivinio.com\\\/fr\\\/produit\\\/waris-hubert-albescent-grand-cru-champagne\\\/#primaryimage\",\"url\":\"https:\\\/\\\/www.ivinio.com\\\/wp-content\\\/uploads\\\/nc\\\/public\\\/modules\\\/file\\\/pictures\\\/6807.Champagne-Waris-Hubert-albescent-ivinio.jpg\",\"contentUrl\":\"https:\\\/\\\/www.ivinio.com\\\/wp-content\\\/uploads\\\/nc\\\/public\\\/modules\\\/file\\\/pictures\\\/6807.Champagne-Waris-Hubert-albescent-ivinio.jpg\",\"width\":500,\"height\":500,\"caption\":\"Champagne Waris Hubert - Albescent Grand Cru\"},{\"@type\":\"BreadcrumbList\",\"@id\":\"https:\\\/\\\/www.ivinio.com\\\/fr\\\/produit\\\/waris-hubert-albescent-grand-cru-champagne\\\/#breadcrumb\",\"itemListElement\":[{\"@type\":\"ListItem\",\"position\":1,\"name\":\"Home\",\"item\":\"https:\\\/\\\/www.ivinio.com\\\/fr\\\/\"},{\"@type\":\"ListItem\",\"position\":2,\"name\":\"Boutique de vin\",\"item\":\"https:\\\/\\\/www.ivinio.com\\\/fr\\\/boutique-de-vin\\\/\"},{\"@type\":\"ListItem\",\"position\":3,\"name\":\"Waris Hubert &#8211; Albescent Grand Cru &#8211; Champagne\"}]},{\"@type\":\"WebSite\",\"@id\":\"https:\\\/\\\/www.ivinio.com\\\/fr\\\/#website\",\"url\":\"https:\\\/\\\/www.ivinio.com\\\/fr\\\/\",\"name\":\"IVINIO Caviste\",\"description\":\"Vins de France et d&#039;Italie avec livraison \u00e0 domicile\",\"publisher\":{\"@id\":\"https:\\\/\\\/www.ivinio.com\\\/fr\\\/#organization\"},\"potentialAction\":[{\"@type\":\"SearchAction\",\"target\":{\"@type\":\"EntryPoint\",\"urlTemplate\":\"https:\\\/\\\/www.ivinio.com\\\/fr\\\/?s={search_term_string}\"},\"query-input\":{\"@type\":\"PropertyValueSpecification\",\"valueRequired\":true,\"valueName\":\"search_term_string\"}}],\"inLanguage\":\"fr-FR\"},{\"@type\":\"Organization\",\"@id\":\"https:\\\/\\\/www.ivinio.com\\\/fr\\\/#organization\",\"name\":\"IVINIO\",\"url\":\"https:\\\/\\\/www.ivinio.com\\\/fr\\\/\",\"logo\":{\"@type\":\"ImageObject\",\"inLanguage\":\"fr-FR\",\"@id\":\"https:\\\/\\\/www.ivinio.com\\\/fr\\\/#\\\/schema\\\/logo\\\/image\\\/\",\"url\":\"https:\\\/\\\/www.ivinio.com\\\/wp-content\\\/uploads\\\/2021\\\/01\\\/Logo-Ivinio-v2.jpg\",\"contentUrl\":\"https:\\\/\\\/www.ivinio.com\\\/wp-content\\\/uploads\\\/2021\\\/01\\\/Logo-Ivinio-v2.jpg\",\"width\":1194,\"height\":1194,\"caption\":\"IVINIO\"},\"image\":{\"@id\":\"https:\\\/\\\/www.ivinio.com\\\/fr\\\/#\\\/schema\\\/logo\\\/image\\\/\"},\"sameAs\":[\"https:\\\/\\\/www.facebook.com\\\/groups\\\/165217837022391\\\/?ref=bookmarks\",\"https:\\\/\\\/www.instagram.com\\\/_ivinio_\\\/?hl=fr\"]}]}<\/script>\n<!-- \/ Yoast SEO plugin. -->","yoast_head_json":{"title":"Acheter Champagne Waris Hubert - Albescent Grand Cru- IVINIO Caviste","description":"Acheter Champagne Waris Hubert - Albescent Grand Cru - un Blanc de blancs aux notes min\u00e9rales de sirop. A servir en ap\u00e9ritif ou pour un buffet !","robots":{"index":"index","follow":"follow","max-snippet":"max-snippet:-1","max-image-preview":"max-image-preview:large","max-video-preview":"max-video-preview:-1"},"canonical":"https:\/\/www.ivinio.com\/fr\/produit\/waris-hubert-albescent-grand-cru-champagne\/","og_locale":"fr_FR","og_type":"article","og_title":"Acheter Champagne Waris Hubert - Albescent Grand Cru- IVINIO Caviste","og_description":"Acheter Champagne Waris Hubert - Albescent Grand Cru - un Blanc de blancs aux notes min\u00e9rales de sirop. A servir en ap\u00e9ritif ou pour un buffet !","og_url":"https:\/\/www.ivinio.com\/fr\/produit\/waris-hubert-albescent-grand-cru-champagne\/","og_site_name":"IVINIO Caviste","article_publisher":"https:\/\/www.facebook.com\/groups\/165217837022391\/?ref=bookmarks","article_modified_time":"2023-04-20T10:00:12+00:00","og_image":[{"width":500,"height":500,"url":"https:\/\/www.ivinio.com\/wp-content\/uploads\/nc\/public\/modules\/file\/pictures\/6807.Champagne-Waris-Hubert-albescent-ivinio.jpg","type":"image\/jpeg"}],"twitter_card":"summary_large_image","schema":{"@context":"https:\/\/schema.org","@graph":[{"@type":"WebPage","@id":"https:\/\/www.ivinio.com\/fr\/produit\/waris-hubert-albescent-grand-cru-champagne\/","url":"https:\/\/www.ivinio.com\/fr\/produit\/waris-hubert-albescent-grand-cru-champagne\/","name":"Acheter Champagne Waris Hubert - Albescent Grand Cru- IVINIO Caviste","isPartOf":{"@id":"https:\/\/www.ivinio.com\/fr\/#website"},"primaryImageOfPage":{"@id":"https:\/\/www.ivinio.com\/fr\/produit\/waris-hubert-albescent-grand-cru-champagne\/#primaryimage"},"image":{"@id":"https:\/\/www.ivinio.com\/fr\/produit\/waris-hubert-albescent-grand-cru-champagne\/#primaryimage"},"thumbnailUrl":"https:\/\/www.ivinio.com\/wp-content\/uploads\/nc\/public\/modules\/file\/pictures\/6807.Champagne-Waris-Hubert-albescent-ivinio.jpg","datePublished":"2018-09-21T12:04:03+00:00","dateModified":"2023-04-20T10:00:12+00:00","description":"Acheter Champagne Waris Hubert - Albescent Grand Cru - un Blanc de blancs aux notes min\u00e9rales de sirop. A servir en ap\u00e9ritif ou pour un buffet !","breadcrumb":{"@id":"https:\/\/www.ivinio.com\/fr\/produit\/waris-hubert-albescent-grand-cru-champagne\/#breadcrumb"},"inLanguage":"fr-FR","potentialAction":[{"@type":"ReadAction","target":["https:\/\/www.ivinio.com\/fr\/produit\/waris-hubert-albescent-grand-cru-champagne\/"]}]},{"@type":"ImageObject","inLanguage":"fr-FR","@id":"https:\/\/www.ivinio.com\/fr\/produit\/waris-hubert-albescent-grand-cru-champagne\/#primaryimage","url":"https:\/\/www.ivinio.com\/wp-content\/uploads\/nc\/public\/modules\/file\/pictures\/6807.Champagne-Waris-Hubert-albescent-ivinio.jpg","contentUrl":"https:\/\/www.ivinio.com\/wp-content\/uploads\/nc\/public\/modules\/file\/pictures\/6807.Champagne-Waris-Hubert-albescent-ivinio.jpg","width":500,"height":500,"caption":"Champagne Waris Hubert - Albescent Grand Cru"},{"@type":"BreadcrumbList","@id":"https:\/\/www.ivinio.com\/fr\/produit\/waris-hubert-albescent-grand-cru-champagne\/#breadcrumb","itemListElement":[{"@type":"ListItem","position":1,"name":"Home","item":"https:\/\/www.ivinio.com\/fr\/"},{"@type":"ListItem","position":2,"name":"Boutique de vin","item":"https:\/\/www.ivinio.com\/fr\/boutique-de-vin\/"},{"@type":"ListItem","position":3,"name":"Waris Hubert &#8211; Albescent Grand Cru &#8211; Champagne"}]},{"@type":"WebSite","@id":"https:\/\/www.ivinio.com\/fr\/#website","url":"https:\/\/www.ivinio.com\/fr\/","name":"IVINIO Caviste","description":"Vins de France et d&#039;Italie avec livraison \u00e0 domicile","publisher":{"@id":"https:\/\/www.ivinio.com\/fr\/#organization"},"potentialAction":[{"@type":"SearchAction","target":{"@type":"EntryPoint","urlTemplate":"https:\/\/www.ivinio.com\/fr\/?s={search_term_string}"},"query-input":{"@type":"PropertyValueSpecification","valueRequired":true,"valueName":"search_term_string"}}],"inLanguage":"fr-FR"},{"@type":"Organization","@id":"https:\/\/www.ivinio.com\/fr\/#organization","name":"IVINIO","url":"https:\/\/www.ivinio.com\/fr\/","logo":{"@type":"ImageObject","inLanguage":"fr-FR","@id":"https:\/\/www.ivinio.com\/fr\/#\/schema\/logo\/image\/","url":"https:\/\/www.ivinio.com\/wp-content\/uploads\/2021\/01\/Logo-Ivinio-v2.jpg","contentUrl":"https:\/\/www.ivinio.com\/wp-content\/uploads\/2021\/01\/Logo-Ivinio-v2.jpg","width":1194,"height":1194,"caption":"IVINIO"},"image":{"@id":"https:\/\/www.ivinio.com\/fr\/#\/schema\/logo\/image\/"},"sameAs":["https:\/\/www.facebook.com\/groups\/165217837022391\/?ref=bookmarks","https:\/\/www.instagram.com\/_ivinio_\/?hl=fr"]}]}},"jetpack_sharing_enabled":true,"_links":{"self":[{"href":"https:\/\/www.ivinio.com\/fr\/wp-json\/wp\/v2\/product\/121275","targetHints":{"allow":["GET"]}}],"collection":[{"href":"https:\/\/www.ivinio.com\/fr\/wp-json\/wp\/v2\/product"}],"about":[{"href":"https:\/\/www.ivinio.com\/fr\/wp-json\/wp\/v2\/types\/product"}],"replies":[{"embeddable":true,"href":"https:\/\/www.ivinio.com\/fr\/wp-json\/wp\/v2\/comments?post=121275"}],"wp:featuredmedia":[{"embeddable":true,"href":"https:\/\/www.ivinio.com\/fr\/wp-json\/wp\/v2\/media\/130635"}],"wp:attachment":[{"href":"https:\/\/www.ivinio.com\/fr\/wp-json\/wp\/v2\/media?parent=121275"}],"wp:term":[{"taxonomy":"product_brand","embeddable":true,"href":"https:\/\/www.ivinio.com\/fr\/wp-json\/wp\/v2\/product_brand?post=121275"},{"taxonomy":"product_cat","embeddable":true,"href":"https:\/\/www.ivinio.com\/fr\/wp-json\/wp\/v2\/product_cat?post=121275"},{"taxonomy":"product_tag","embeddable":true,"href":"https:\/\/www.ivinio.com\/fr\/wp-json\/wp\/v2\/product_tag?post=121275"}],"curies":[{"name":"wp","href":"https:\/\/api.w.org\/{rel}","templated":true}]}}