{"id":121266,"date":"2018-09-13T13:24:51","date_gmt":"2018-09-13T13:24:51","guid":{"rendered":"https:\/\/henrik.www.ivinio.com\/?product=domaine-germain-hautes-cotes-de-beaune-rouge"},"modified":"2023-02-07T19:28:40","modified_gmt":"2023-02-07T18:28:40","slug":"domaine-germain-hautes-cotes-de-beaune-rouge","status":"publish","type":"product","link":"https:\/\/www.ivinio.com\/fr\/produit\/domaine-germain-hautes-cotes-de-beaune-rouge\/","title":{"rendered":"Domaine Germain &#8211; Hautes-C\u00f4tes-de-Beaune  &#8211; Rouge"},"content":{"rendered":"<p>Domaine Germain &#8211; Hautes-C\u00f4tes-de-Beaune &#8211; Rouge est compos\u00e9 de 100% Pinot noir. Les raisins sont vendang\u00e9s \u00e0 la main et la vinification se fait selon la m\u00e9thode classique. Le vin est \u00e9lev\u00e9 pendant 10 mois dans des f\u00fbts de ch\u00eane avant d&#8217;\u00eatre mis en bouteille. L&#8217;extraction est de 50HL \/ Ha et 6000 bouteilles sont produites \/ an.<\/p>\n","protected":false},"excerpt":{"rendered":"<p>Hautes-C\u00f4tes-de-Beaune du Domaine Germain p\u00e8re &amp; fils est un vin rouge fruit\u00e9 au notes de cerise et de framboise. Un bourgogne classique\u00a0pour accompagner des plats non \u00e9pic\u00e9s et \u00e9quilibr\u00e9s tels qu&#8217;un\u00a0filet mignon\u00a0ou un gigot d&#8217;agneau avec un gratin de pommes de terre!<\/p>\n<p>&nbsp;<\/p>\n","protected":false},"featured_media":121269,"comment_status":"open","ping_status":"closed","template":"","meta":{"_monsterinsights_skip_tracking":false,"_monsterinsights_sitenote_active":false,"_monsterinsights_sitenote_note":"","_monsterinsights_sitenote_category":0,"_uf_show_specific_survey":0,"_uf_disable_surveys":false},"product_brand":[],"product_cat":[36610,36586],"product_tag":[],"class_list":{"0":"post-121266","1":"product","2":"type-product","3":"status-publish","4":"has-post-thumbnail","6":"product_cat-fr-bourgogne","7":"product_cat-vins-francais","8":"pa_alcohol-degree-13-fr","9":"pa_classification-aop-hautes-cotes-de-beaune-fr","10":"pa_color-rouge-fr","11":"pa_country-france-fr","12":"pa_grape-variety-pinot-noir-fr","13":"pa_region-bourgogne-fr","14":"pa_storage-potential-6-ans-fr","15":"pa_vintage-2020-fr","16":"pa_volume-75-cl-fr","18":"first","19":"outofstock","20":"taxable","21":"shipping-taxable","22":"purchasable","23":"product-type-simple"},"bundled_by":[],"bundle_stock_status":"outofstock","bundle_stock_quantity":null,"bundle_virtual":false,"bundle_layout":"","bundle_add_to_cart_form_location":"","bundle_editable_in_cart":false,"bundle_sold_individually_context":"","bundle_item_grouping":"","bundle_min_size":"","bundle_max_size":"","bundle_price":[],"bundled_items":[],"bundle_sell_ids":[],"yoast_head":"<!-- This site is optimized with the Yoast SEO plugin v27.5 - https:\/\/yoast.com\/product\/yoast-seo-wordpress\/ -->\n<title>Domaine Germain - Hautes-C\u00f4tes-de-Beaune - Rouge - IVINIO Caviste<\/title>\n<meta name=\"description\" content=\"Domaine Germain - Hautes-C\u00f4tes-de-Beaune - Rouge, fruit\u00e9 au notes de cerise et de framboise. Un bourgogne classique pour accompagner un filet mignon ou un gigot d&#039;agneau.\" \/>\n<meta name=\"robots\" content=\"index, follow, max-snippet:-1, max-image-preview:large, max-video-preview:-1\" \/>\n<link rel=\"canonical\" href=\"https:\/\/www.ivinio.com\/fr\/produit\/domaine-germain-hautes-cotes-de-beaune-rouge\/\" \/>\n<meta property=\"og:locale\" content=\"fr_FR\" \/>\n<meta property=\"og:type\" content=\"article\" \/>\n<meta property=\"og:title\" content=\"Domaine Germain - Hautes-C\u00f4tes-de-Beaune - Rouge - IVINIO Caviste\" \/>\n<meta property=\"og:description\" content=\"Domaine Germain - Hautes-C\u00f4tes-de-Beaune - Rouge, fruit\u00e9 au notes de cerise et de framboise. Un bourgogne classique pour accompagner un filet mignon ou un gigot d&#039;agneau.\" \/>\n<meta property=\"og:url\" content=\"https:\/\/www.ivinio.com\/fr\/produit\/domaine-germain-hautes-cotes-de-beaune-rouge\/\" \/>\n<meta property=\"og:site_name\" content=\"IVINIO Caviste\" \/>\n<meta property=\"article:publisher\" content=\"https:\/\/www.facebook.com\/groups\/165217837022391\/?ref=bookmarks\" \/>\n<meta property=\"article:modified_time\" content=\"2023-02-07T18:28:40+00:00\" \/>\n<meta property=\"og:image\" content=\"https:\/\/www.ivinio.com\/wp-content\/uploads\/nc\/public\/modules\/file\/pictures\/6804.domaine-germain-p-re-fils-hautes-c-tes-de-beaune-ivinio.jpg\" \/>\n\t<meta property=\"og:image:width\" content=\"500\" \/>\n\t<meta property=\"og:image:height\" content=\"500\" \/>\n\t<meta property=\"og:image:type\" content=\"image\/jpeg\" \/>\n<meta name=\"twitter:card\" content=\"summary_large_image\" \/>\n<script type=\"application\/ld+json\" class=\"yoast-schema-graph\">{\"@context\":\"https:\\\/\\\/schema.org\",\"@graph\":[{\"@type\":\"WebPage\",\"@id\":\"https:\\\/\\\/www.ivinio.com\\\/fr\\\/produit\\\/domaine-germain-hautes-cotes-de-beaune-rouge\\\/\",\"url\":\"https:\\\/\\\/www.ivinio.com\\\/fr\\\/produit\\\/domaine-germain-hautes-cotes-de-beaune-rouge\\\/\",\"name\":\"Domaine Germain - Hautes-C\u00f4tes-de-Beaune - Rouge - IVINIO Caviste\",\"isPartOf\":{\"@id\":\"https:\\\/\\\/www.ivinio.com\\\/fr\\\/#website\"},\"primaryImageOfPage\":{\"@id\":\"https:\\\/\\\/www.ivinio.com\\\/fr\\\/produit\\\/domaine-germain-hautes-cotes-de-beaune-rouge\\\/#primaryimage\"},\"image\":{\"@id\":\"https:\\\/\\\/www.ivinio.com\\\/fr\\\/produit\\\/domaine-germain-hautes-cotes-de-beaune-rouge\\\/#primaryimage\"},\"thumbnailUrl\":\"https:\\\/\\\/www.ivinio.com\\\/wp-content\\\/uploads\\\/nc\\\/public\\\/modules\\\/file\\\/pictures\\\/6804.domaine-germain-p-re-fils-hautes-c-tes-de-beaune-ivinio.jpg\",\"datePublished\":\"2018-09-13T13:24:51+00:00\",\"dateModified\":\"2023-02-07T18:28:40+00:00\",\"description\":\"Domaine Germain - Hautes-C\u00f4tes-de-Beaune - Rouge, fruit\u00e9 au notes de cerise et de framboise. Un bourgogne classique pour accompagner un filet mignon ou un gigot d'agneau.\",\"breadcrumb\":{\"@id\":\"https:\\\/\\\/www.ivinio.com\\\/fr\\\/produit\\\/domaine-germain-hautes-cotes-de-beaune-rouge\\\/#breadcrumb\"},\"inLanguage\":\"fr-FR\",\"potentialAction\":[{\"@type\":\"ReadAction\",\"target\":[\"https:\\\/\\\/www.ivinio.com\\\/fr\\\/produit\\\/domaine-germain-hautes-cotes-de-beaune-rouge\\\/\"]}]},{\"@type\":\"ImageObject\",\"inLanguage\":\"fr-FR\",\"@id\":\"https:\\\/\\\/www.ivinio.com\\\/fr\\\/produit\\\/domaine-germain-hautes-cotes-de-beaune-rouge\\\/#primaryimage\",\"url\":\"https:\\\/\\\/www.ivinio.com\\\/wp-content\\\/uploads\\\/nc\\\/public\\\/modules\\\/file\\\/pictures\\\/6804.domaine-germain-p-re-fils-hautes-c-tes-de-beaune-ivinio.jpg\",\"contentUrl\":\"https:\\\/\\\/www.ivinio.com\\\/wp-content\\\/uploads\\\/nc\\\/public\\\/modules\\\/file\\\/pictures\\\/6804.domaine-germain-p-re-fils-hautes-c-tes-de-beaune-ivinio.jpg\",\"width\":500,\"height\":500,\"caption\":\"Domaine Germain p\u00e8re & fils - Hautes-C\u00f4tes-de-Beaune\"},{\"@type\":\"BreadcrumbList\",\"@id\":\"https:\\\/\\\/www.ivinio.com\\\/fr\\\/produit\\\/domaine-germain-hautes-cotes-de-beaune-rouge\\\/#breadcrumb\",\"itemListElement\":[{\"@type\":\"ListItem\",\"position\":1,\"name\":\"Home\",\"item\":\"https:\\\/\\\/www.ivinio.com\\\/fr\\\/\"},{\"@type\":\"ListItem\",\"position\":2,\"name\":\"Boutique de vin\",\"item\":\"https:\\\/\\\/www.ivinio.com\\\/fr\\\/boutique-de-vin\\\/\"},{\"@type\":\"ListItem\",\"position\":3,\"name\":\"Domaine Germain &#8211; Hautes-C\u00f4tes-de-Beaune &#8211; Rouge\"}]},{\"@type\":\"WebSite\",\"@id\":\"https:\\\/\\\/www.ivinio.com\\\/fr\\\/#website\",\"url\":\"https:\\\/\\\/www.ivinio.com\\\/fr\\\/\",\"name\":\"IVINIO Caviste\",\"description\":\"Vins de France et d&#039;Italie avec livraison \u00e0 domicile\",\"publisher\":{\"@id\":\"https:\\\/\\\/www.ivinio.com\\\/fr\\\/#organization\"},\"potentialAction\":[{\"@type\":\"SearchAction\",\"target\":{\"@type\":\"EntryPoint\",\"urlTemplate\":\"https:\\\/\\\/www.ivinio.com\\\/fr\\\/?s={search_term_string}\"},\"query-input\":{\"@type\":\"PropertyValueSpecification\",\"valueRequired\":true,\"valueName\":\"search_term_string\"}}],\"inLanguage\":\"fr-FR\"},{\"@type\":\"Organization\",\"@id\":\"https:\\\/\\\/www.ivinio.com\\\/fr\\\/#organization\",\"name\":\"IVINIO\",\"url\":\"https:\\\/\\\/www.ivinio.com\\\/fr\\\/\",\"logo\":{\"@type\":\"ImageObject\",\"inLanguage\":\"fr-FR\",\"@id\":\"https:\\\/\\\/www.ivinio.com\\\/fr\\\/#\\\/schema\\\/logo\\\/image\\\/\",\"url\":\"https:\\\/\\\/www.ivinio.com\\\/wp-content\\\/uploads\\\/2021\\\/01\\\/Logo-Ivinio-v2.jpg\",\"contentUrl\":\"https:\\\/\\\/www.ivinio.com\\\/wp-content\\\/uploads\\\/2021\\\/01\\\/Logo-Ivinio-v2.jpg\",\"width\":1194,\"height\":1194,\"caption\":\"IVINIO\"},\"image\":{\"@id\":\"https:\\\/\\\/www.ivinio.com\\\/fr\\\/#\\\/schema\\\/logo\\\/image\\\/\"},\"sameAs\":[\"https:\\\/\\\/www.facebook.com\\\/groups\\\/165217837022391\\\/?ref=bookmarks\",\"https:\\\/\\\/www.instagram.com\\\/_ivinio_\\\/?hl=fr\"]}]}<\/script>\n<!-- \/ Yoast SEO plugin. -->","yoast_head_json":{"title":"Domaine Germain - Hautes-C\u00f4tes-de-Beaune - Rouge - IVINIO Caviste","description":"Domaine Germain - Hautes-C\u00f4tes-de-Beaune - Rouge, fruit\u00e9 au notes de cerise et de framboise. Un bourgogne classique pour accompagner un filet mignon ou un gigot d'agneau.","robots":{"index":"index","follow":"follow","max-snippet":"max-snippet:-1","max-image-preview":"max-image-preview:large","max-video-preview":"max-video-preview:-1"},"canonical":"https:\/\/www.ivinio.com\/fr\/produit\/domaine-germain-hautes-cotes-de-beaune-rouge\/","og_locale":"fr_FR","og_type":"article","og_title":"Domaine Germain - Hautes-C\u00f4tes-de-Beaune - Rouge - IVINIO Caviste","og_description":"Domaine Germain - Hautes-C\u00f4tes-de-Beaune - Rouge, fruit\u00e9 au notes de cerise et de framboise. Un bourgogne classique pour accompagner un filet mignon ou un gigot d'agneau.","og_url":"https:\/\/www.ivinio.com\/fr\/produit\/domaine-germain-hautes-cotes-de-beaune-rouge\/","og_site_name":"IVINIO Caviste","article_publisher":"https:\/\/www.facebook.com\/groups\/165217837022391\/?ref=bookmarks","article_modified_time":"2023-02-07T18:28:40+00:00","og_image":[{"width":500,"height":500,"url":"https:\/\/www.ivinio.com\/wp-content\/uploads\/nc\/public\/modules\/file\/pictures\/6804.domaine-germain-p-re-fils-hautes-c-tes-de-beaune-ivinio.jpg","type":"image\/jpeg"}],"twitter_card":"summary_large_image","schema":{"@context":"https:\/\/schema.org","@graph":[{"@type":"WebPage","@id":"https:\/\/www.ivinio.com\/fr\/produit\/domaine-germain-hautes-cotes-de-beaune-rouge\/","url":"https:\/\/www.ivinio.com\/fr\/produit\/domaine-germain-hautes-cotes-de-beaune-rouge\/","name":"Domaine Germain - Hautes-C\u00f4tes-de-Beaune - Rouge - IVINIO Caviste","isPartOf":{"@id":"https:\/\/www.ivinio.com\/fr\/#website"},"primaryImageOfPage":{"@id":"https:\/\/www.ivinio.com\/fr\/produit\/domaine-germain-hautes-cotes-de-beaune-rouge\/#primaryimage"},"image":{"@id":"https:\/\/www.ivinio.com\/fr\/produit\/domaine-germain-hautes-cotes-de-beaune-rouge\/#primaryimage"},"thumbnailUrl":"https:\/\/www.ivinio.com\/wp-content\/uploads\/nc\/public\/modules\/file\/pictures\/6804.domaine-germain-p-re-fils-hautes-c-tes-de-beaune-ivinio.jpg","datePublished":"2018-09-13T13:24:51+00:00","dateModified":"2023-02-07T18:28:40+00:00","description":"Domaine Germain - Hautes-C\u00f4tes-de-Beaune - Rouge, fruit\u00e9 au notes de cerise et de framboise. Un bourgogne classique pour accompagner un filet mignon ou un gigot d'agneau.","breadcrumb":{"@id":"https:\/\/www.ivinio.com\/fr\/produit\/domaine-germain-hautes-cotes-de-beaune-rouge\/#breadcrumb"},"inLanguage":"fr-FR","potentialAction":[{"@type":"ReadAction","target":["https:\/\/www.ivinio.com\/fr\/produit\/domaine-germain-hautes-cotes-de-beaune-rouge\/"]}]},{"@type":"ImageObject","inLanguage":"fr-FR","@id":"https:\/\/www.ivinio.com\/fr\/produit\/domaine-germain-hautes-cotes-de-beaune-rouge\/#primaryimage","url":"https:\/\/www.ivinio.com\/wp-content\/uploads\/nc\/public\/modules\/file\/pictures\/6804.domaine-germain-p-re-fils-hautes-c-tes-de-beaune-ivinio.jpg","contentUrl":"https:\/\/www.ivinio.com\/wp-content\/uploads\/nc\/public\/modules\/file\/pictures\/6804.domaine-germain-p-re-fils-hautes-c-tes-de-beaune-ivinio.jpg","width":500,"height":500,"caption":"Domaine Germain p\u00e8re & fils - Hautes-C\u00f4tes-de-Beaune"},{"@type":"BreadcrumbList","@id":"https:\/\/www.ivinio.com\/fr\/produit\/domaine-germain-hautes-cotes-de-beaune-rouge\/#breadcrumb","itemListElement":[{"@type":"ListItem","position":1,"name":"Home","item":"https:\/\/www.ivinio.com\/fr\/"},{"@type":"ListItem","position":2,"name":"Boutique de vin","item":"https:\/\/www.ivinio.com\/fr\/boutique-de-vin\/"},{"@type":"ListItem","position":3,"name":"Domaine Germain &#8211; Hautes-C\u00f4tes-de-Beaune &#8211; Rouge"}]},{"@type":"WebSite","@id":"https:\/\/www.ivinio.com\/fr\/#website","url":"https:\/\/www.ivinio.com\/fr\/","name":"IVINIO Caviste","description":"Vins de France et d&#039;Italie avec livraison \u00e0 domicile","publisher":{"@id":"https:\/\/www.ivinio.com\/fr\/#organization"},"potentialAction":[{"@type":"SearchAction","target":{"@type":"EntryPoint","urlTemplate":"https:\/\/www.ivinio.com\/fr\/?s={search_term_string}"},"query-input":{"@type":"PropertyValueSpecification","valueRequired":true,"valueName":"search_term_string"}}],"inLanguage":"fr-FR"},{"@type":"Organization","@id":"https:\/\/www.ivinio.com\/fr\/#organization","name":"IVINIO","url":"https:\/\/www.ivinio.com\/fr\/","logo":{"@type":"ImageObject","inLanguage":"fr-FR","@id":"https:\/\/www.ivinio.com\/fr\/#\/schema\/logo\/image\/","url":"https:\/\/www.ivinio.com\/wp-content\/uploads\/2021\/01\/Logo-Ivinio-v2.jpg","contentUrl":"https:\/\/www.ivinio.com\/wp-content\/uploads\/2021\/01\/Logo-Ivinio-v2.jpg","width":1194,"height":1194,"caption":"IVINIO"},"image":{"@id":"https:\/\/www.ivinio.com\/fr\/#\/schema\/logo\/image\/"},"sameAs":["https:\/\/www.facebook.com\/groups\/165217837022391\/?ref=bookmarks","https:\/\/www.instagram.com\/_ivinio_\/?hl=fr"]}]}},"jetpack_sharing_enabled":true,"_links":{"self":[{"href":"https:\/\/www.ivinio.com\/fr\/wp-json\/wp\/v2\/product\/121266","targetHints":{"allow":["GET"]}}],"collection":[{"href":"https:\/\/www.ivinio.com\/fr\/wp-json\/wp\/v2\/product"}],"about":[{"href":"https:\/\/www.ivinio.com\/fr\/wp-json\/wp\/v2\/types\/product"}],"replies":[{"embeddable":true,"href":"https:\/\/www.ivinio.com\/fr\/wp-json\/wp\/v2\/comments?post=121266"}],"wp:featuredmedia":[{"embeddable":true,"href":"https:\/\/www.ivinio.com\/fr\/wp-json\/wp\/v2\/media\/121269"}],"wp:attachment":[{"href":"https:\/\/www.ivinio.com\/fr\/wp-json\/wp\/v2\/media?parent=121266"}],"wp:term":[{"taxonomy":"product_brand","embeddable":true,"href":"https:\/\/www.ivinio.com\/fr\/wp-json\/wp\/v2\/product_brand?post=121266"},{"taxonomy":"product_cat","embeddable":true,"href":"https:\/\/www.ivinio.com\/fr\/wp-json\/wp\/v2\/product_cat?post=121266"},{"taxonomy":"product_tag","embeddable":true,"href":"https:\/\/www.ivinio.com\/fr\/wp-json\/wp\/v2\/product_tag?post=121266"}],"curies":[{"name":"wp","href":"https:\/\/api.w.org\/{rel}","templated":true}]}}