{"id":121246,"date":"2018-09-13T13:24:51","date_gmt":"2018-09-13T13:24:51","guid":{"rendered":"https:\/\/henrik.www.ivinio.com\/?product=domaine-germain-pere-fils-saint-romain-blanc"},"modified":"2023-02-07T19:42:34","modified_gmt":"2023-02-07T18:42:34","slug":"domaine-germain-pere-fils-saint-romain-blanc","status":"publish","type":"product","link":"https:\/\/www.ivinio.com\/fr\/produit\/domaine-germain-pere-fils-saint-romain-blanc\/","title":{"rendered":"Domaine Germain p\u00e8re &#038; fils &#8211; Saint Romain &#8211; Blanc"},"content":{"rendered":"<p>Le Saint-Romain blanc du Domaine Germain p\u00e8re &amp; fils est compos\u00e9 \u00e0 100% de Chardonnay. Les raisins sont vendang\u00e9s \u00e0 la main et le vin est produit selon la m\u00e9thode classique. Le vin finalis\u00e9\u00a0est \u00e9lev\u00e9 sur ses lies pendant 8 \u00e0 9 mois dans des f\u00fbts de ch\u00eane (dont 1\/3 des barriques neuves). Batonnage r\u00e9guli\u00e8rement pendant 4 mois. L&#8217;extraction est de 45 hl \/ ha et 18 000 bouteilles sont produites par an.<\/p>\n","protected":false},"excerpt":{"rendered":"<p>Saint-Romain du Domaine Germain p\u00e8re &amp; fils est un vin blanc avec des notes aromatiques de fleurs blanches et une belle min\u00e9ralit\u00e9. Servir dans sa jeunesse avec des fruits de mer ou apr\u00e8s quelques ann\u00e9es avec un poulet aux c\u00e8pes !<\/p>\n","protected":false},"featured_media":130616,"comment_status":"open","ping_status":"closed","template":"","meta":{"_monsterinsights_skip_tracking":false,"_monsterinsights_sitenote_active":false,"_monsterinsights_sitenote_note":"","_monsterinsights_sitenote_category":0,"_uf_show_specific_survey":0,"_uf_disable_surveys":false},"product_brand":[],"product_cat":[39811],"product_tag":[],"class_list":{"0":"post-121246","1":"product","2":"type-product","3":"status-publish","4":"has-post-thumbnail","6":"product_cat-uncategorized-fr","7":"pa_alcohol-degree-13-fr","8":"pa_awards-guide-hachette-fr","9":"pa_classification-aop-saint-romain-fr","10":"pa_color-blanc-fr","11":"pa_country-france-fr","12":"pa_grape-variety-chardonnay-fr","13":"pa_region-bourgogne-fr","14":"pa_storage-potential-5-ans-fr","15":"pa_volume-75-cl-fr","17":"first","18":"outofstock","19":"taxable","20":"shipping-taxable","21":"purchasable","22":"product-type-simple"},"bundled_by":["121308"],"bundle_stock_status":"outofstock","bundle_stock_quantity":null,"bundle_virtual":false,"bundle_layout":"","bundle_add_to_cart_form_location":"","bundle_editable_in_cart":false,"bundle_sold_individually_context":"","bundle_item_grouping":"","bundle_min_size":"","bundle_max_size":"","bundle_price":[],"bundled_items":[],"bundle_sell_ids":[],"yoast_head":"<!-- This site is optimized with the Yoast SEO plugin v27.5 - https:\/\/yoast.com\/product\/yoast-seo-wordpress\/ -->\n<title>Domaine Germain p\u00e8re &amp; fils - Saint Romain - Blanc - IVINIO Caviste<\/title>\n<meta name=\"description\" content=\"Domaine Germain p\u00e8re &amp; fils - Saint Romain - Blanc. Notes aromatiques de fleurs blanches et une belle min\u00e9ralit\u00e9. Servir dans sa jeunesse avec des fruits de mer ou apr\u00e8s quelques ann\u00e9es avec un poulet aux c\u00e8pes !\" \/>\n<meta name=\"robots\" content=\"index, follow, max-snippet:-1, max-image-preview:large, max-video-preview:-1\" \/>\n<link rel=\"canonical\" href=\"https:\/\/www.ivinio.com\/fr\/produit\/domaine-germain-pere-fils-saint-romain-blanc\/\" \/>\n<meta property=\"og:locale\" content=\"fr_FR\" \/>\n<meta property=\"og:type\" content=\"article\" \/>\n<meta property=\"og:title\" content=\"Domaine Germain p\u00e8re &amp; fils - Saint Romain - Blanc - IVINIO Caviste\" \/>\n<meta property=\"og:description\" content=\"Domaine Germain p\u00e8re &amp; fils - Saint Romain - Blanc. Notes aromatiques de fleurs blanches et une belle min\u00e9ralit\u00e9. Servir dans sa jeunesse avec des fruits de mer ou apr\u00e8s quelques ann\u00e9es avec un poulet aux c\u00e8pes !\" \/>\n<meta property=\"og:url\" content=\"https:\/\/www.ivinio.com\/fr\/produit\/domaine-germain-pere-fils-saint-romain-blanc\/\" \/>\n<meta property=\"og:site_name\" content=\"IVINIO Caviste\" \/>\n<meta property=\"article:publisher\" content=\"https:\/\/www.facebook.com\/groups\/165217837022391\/?ref=bookmarks\" \/>\n<meta property=\"article:modified_time\" content=\"2023-02-07T18:42:34+00:00\" \/>\n<meta property=\"og:image\" content=\"https:\/\/www.ivinio.com\/wp-content\/uploads\/nc\/public\/modules\/file\/pictures\/6792.Domaine-germain-saint-romain-blanc-ivinio.jpg\" \/>\n\t<meta property=\"og:image:width\" content=\"500\" \/>\n\t<meta property=\"og:image:height\" content=\"500\" \/>\n\t<meta property=\"og:image:type\" content=\"image\/jpeg\" \/>\n<meta name=\"twitter:card\" content=\"summary_large_image\" \/>\n<script type=\"application\/ld+json\" class=\"yoast-schema-graph\">{\"@context\":\"https:\\\/\\\/schema.org\",\"@graph\":[{\"@type\":\"WebPage\",\"@id\":\"https:\\\/\\\/www.ivinio.com\\\/fr\\\/produit\\\/domaine-germain-pere-fils-saint-romain-blanc\\\/\",\"url\":\"https:\\\/\\\/www.ivinio.com\\\/fr\\\/produit\\\/domaine-germain-pere-fils-saint-romain-blanc\\\/\",\"name\":\"Domaine Germain p\u00e8re & fils - Saint Romain - Blanc - IVINIO Caviste\",\"isPartOf\":{\"@id\":\"https:\\\/\\\/www.ivinio.com\\\/fr\\\/#website\"},\"primaryImageOfPage\":{\"@id\":\"https:\\\/\\\/www.ivinio.com\\\/fr\\\/produit\\\/domaine-germain-pere-fils-saint-romain-blanc\\\/#primaryimage\"},\"image\":{\"@id\":\"https:\\\/\\\/www.ivinio.com\\\/fr\\\/produit\\\/domaine-germain-pere-fils-saint-romain-blanc\\\/#primaryimage\"},\"thumbnailUrl\":\"https:\\\/\\\/www.ivinio.com\\\/wp-content\\\/uploads\\\/nc\\\/public\\\/modules\\\/file\\\/pictures\\\/6792.Domaine-germain-saint-romain-blanc-ivinio.jpg\",\"datePublished\":\"2018-09-13T13:24:51+00:00\",\"dateModified\":\"2023-02-07T18:42:34+00:00\",\"description\":\"Domaine Germain p\u00e8re & fils - Saint Romain - Blanc. Notes aromatiques de fleurs blanches et une belle min\u00e9ralit\u00e9. Servir dans sa jeunesse avec des fruits de mer ou apr\u00e8s quelques ann\u00e9es avec un poulet aux c\u00e8pes !\",\"breadcrumb\":{\"@id\":\"https:\\\/\\\/www.ivinio.com\\\/fr\\\/produit\\\/domaine-germain-pere-fils-saint-romain-blanc\\\/#breadcrumb\"},\"inLanguage\":\"fr-FR\",\"potentialAction\":[{\"@type\":\"ReadAction\",\"target\":[\"https:\\\/\\\/www.ivinio.com\\\/fr\\\/produit\\\/domaine-germain-pere-fils-saint-romain-blanc\\\/\"]}]},{\"@type\":\"ImageObject\",\"inLanguage\":\"fr-FR\",\"@id\":\"https:\\\/\\\/www.ivinio.com\\\/fr\\\/produit\\\/domaine-germain-pere-fils-saint-romain-blanc\\\/#primaryimage\",\"url\":\"https:\\\/\\\/www.ivinio.com\\\/wp-content\\\/uploads\\\/nc\\\/public\\\/modules\\\/file\\\/pictures\\\/6792.Domaine-germain-saint-romain-blanc-ivinio.jpg\",\"contentUrl\":\"https:\\\/\\\/www.ivinio.com\\\/wp-content\\\/uploads\\\/nc\\\/public\\\/modules\\\/file\\\/pictures\\\/6792.Domaine-germain-saint-romain-blanc-ivinio.jpg\",\"width\":500,\"height\":500},{\"@type\":\"BreadcrumbList\",\"@id\":\"https:\\\/\\\/www.ivinio.com\\\/fr\\\/produit\\\/domaine-germain-pere-fils-saint-romain-blanc\\\/#breadcrumb\",\"itemListElement\":[{\"@type\":\"ListItem\",\"position\":1,\"name\":\"Home\",\"item\":\"https:\\\/\\\/www.ivinio.com\\\/fr\\\/\"},{\"@type\":\"ListItem\",\"position\":2,\"name\":\"Boutique de vin\",\"item\":\"https:\\\/\\\/www.ivinio.com\\\/fr\\\/boutique-de-vin\\\/\"},{\"@type\":\"ListItem\",\"position\":3,\"name\":\"Domaine Germain p\u00e8re &#038; fils &#8211; Saint Romain &#8211; Blanc\"}]},{\"@type\":\"WebSite\",\"@id\":\"https:\\\/\\\/www.ivinio.com\\\/fr\\\/#website\",\"url\":\"https:\\\/\\\/www.ivinio.com\\\/fr\\\/\",\"name\":\"IVINIO Caviste\",\"description\":\"Vins de France et d&#039;Italie avec livraison \u00e0 domicile\",\"publisher\":{\"@id\":\"https:\\\/\\\/www.ivinio.com\\\/fr\\\/#organization\"},\"potentialAction\":[{\"@type\":\"SearchAction\",\"target\":{\"@type\":\"EntryPoint\",\"urlTemplate\":\"https:\\\/\\\/www.ivinio.com\\\/fr\\\/?s={search_term_string}\"},\"query-input\":{\"@type\":\"PropertyValueSpecification\",\"valueRequired\":true,\"valueName\":\"search_term_string\"}}],\"inLanguage\":\"fr-FR\"},{\"@type\":\"Organization\",\"@id\":\"https:\\\/\\\/www.ivinio.com\\\/fr\\\/#organization\",\"name\":\"IVINIO\",\"url\":\"https:\\\/\\\/www.ivinio.com\\\/fr\\\/\",\"logo\":{\"@type\":\"ImageObject\",\"inLanguage\":\"fr-FR\",\"@id\":\"https:\\\/\\\/www.ivinio.com\\\/fr\\\/#\\\/schema\\\/logo\\\/image\\\/\",\"url\":\"https:\\\/\\\/www.ivinio.com\\\/wp-content\\\/uploads\\\/2021\\\/01\\\/Logo-Ivinio-v2.jpg\",\"contentUrl\":\"https:\\\/\\\/www.ivinio.com\\\/wp-content\\\/uploads\\\/2021\\\/01\\\/Logo-Ivinio-v2.jpg\",\"width\":1194,\"height\":1194,\"caption\":\"IVINIO\"},\"image\":{\"@id\":\"https:\\\/\\\/www.ivinio.com\\\/fr\\\/#\\\/schema\\\/logo\\\/image\\\/\"},\"sameAs\":[\"https:\\\/\\\/www.facebook.com\\\/groups\\\/165217837022391\\\/?ref=bookmarks\",\"https:\\\/\\\/www.instagram.com\\\/_ivinio_\\\/?hl=fr\"]}]}<\/script>\n<!-- \/ Yoast SEO plugin. -->","yoast_head_json":{"title":"Domaine Germain p\u00e8re & fils - Saint Romain - Blanc - IVINIO Caviste","description":"Domaine Germain p\u00e8re & fils - Saint Romain - Blanc. Notes aromatiques de fleurs blanches et une belle min\u00e9ralit\u00e9. Servir dans sa jeunesse avec des fruits de mer ou apr\u00e8s quelques ann\u00e9es avec un poulet aux c\u00e8pes !","robots":{"index":"index","follow":"follow","max-snippet":"max-snippet:-1","max-image-preview":"max-image-preview:large","max-video-preview":"max-video-preview:-1"},"canonical":"https:\/\/www.ivinio.com\/fr\/produit\/domaine-germain-pere-fils-saint-romain-blanc\/","og_locale":"fr_FR","og_type":"article","og_title":"Domaine Germain p\u00e8re & fils - Saint Romain - Blanc - IVINIO Caviste","og_description":"Domaine Germain p\u00e8re & fils - Saint Romain - Blanc. Notes aromatiques de fleurs blanches et une belle min\u00e9ralit\u00e9. Servir dans sa jeunesse avec des fruits de mer ou apr\u00e8s quelques ann\u00e9es avec un poulet aux c\u00e8pes !","og_url":"https:\/\/www.ivinio.com\/fr\/produit\/domaine-germain-pere-fils-saint-romain-blanc\/","og_site_name":"IVINIO Caviste","article_publisher":"https:\/\/www.facebook.com\/groups\/165217837022391\/?ref=bookmarks","article_modified_time":"2023-02-07T18:42:34+00:00","og_image":[{"width":500,"height":500,"url":"https:\/\/www.ivinio.com\/wp-content\/uploads\/nc\/public\/modules\/file\/pictures\/6792.Domaine-germain-saint-romain-blanc-ivinio.jpg","type":"image\/jpeg"}],"twitter_card":"summary_large_image","schema":{"@context":"https:\/\/schema.org","@graph":[{"@type":"WebPage","@id":"https:\/\/www.ivinio.com\/fr\/produit\/domaine-germain-pere-fils-saint-romain-blanc\/","url":"https:\/\/www.ivinio.com\/fr\/produit\/domaine-germain-pere-fils-saint-romain-blanc\/","name":"Domaine Germain p\u00e8re & fils - Saint Romain - Blanc - IVINIO Caviste","isPartOf":{"@id":"https:\/\/www.ivinio.com\/fr\/#website"},"primaryImageOfPage":{"@id":"https:\/\/www.ivinio.com\/fr\/produit\/domaine-germain-pere-fils-saint-romain-blanc\/#primaryimage"},"image":{"@id":"https:\/\/www.ivinio.com\/fr\/produit\/domaine-germain-pere-fils-saint-romain-blanc\/#primaryimage"},"thumbnailUrl":"https:\/\/www.ivinio.com\/wp-content\/uploads\/nc\/public\/modules\/file\/pictures\/6792.Domaine-germain-saint-romain-blanc-ivinio.jpg","datePublished":"2018-09-13T13:24:51+00:00","dateModified":"2023-02-07T18:42:34+00:00","description":"Domaine Germain p\u00e8re & fils - Saint Romain - Blanc. Notes aromatiques de fleurs blanches et une belle min\u00e9ralit\u00e9. Servir dans sa jeunesse avec des fruits de mer ou apr\u00e8s quelques ann\u00e9es avec un poulet aux c\u00e8pes !","breadcrumb":{"@id":"https:\/\/www.ivinio.com\/fr\/produit\/domaine-germain-pere-fils-saint-romain-blanc\/#breadcrumb"},"inLanguage":"fr-FR","potentialAction":[{"@type":"ReadAction","target":["https:\/\/www.ivinio.com\/fr\/produit\/domaine-germain-pere-fils-saint-romain-blanc\/"]}]},{"@type":"ImageObject","inLanguage":"fr-FR","@id":"https:\/\/www.ivinio.com\/fr\/produit\/domaine-germain-pere-fils-saint-romain-blanc\/#primaryimage","url":"https:\/\/www.ivinio.com\/wp-content\/uploads\/nc\/public\/modules\/file\/pictures\/6792.Domaine-germain-saint-romain-blanc-ivinio.jpg","contentUrl":"https:\/\/www.ivinio.com\/wp-content\/uploads\/nc\/public\/modules\/file\/pictures\/6792.Domaine-germain-saint-romain-blanc-ivinio.jpg","width":500,"height":500},{"@type":"BreadcrumbList","@id":"https:\/\/www.ivinio.com\/fr\/produit\/domaine-germain-pere-fils-saint-romain-blanc\/#breadcrumb","itemListElement":[{"@type":"ListItem","position":1,"name":"Home","item":"https:\/\/www.ivinio.com\/fr\/"},{"@type":"ListItem","position":2,"name":"Boutique de vin","item":"https:\/\/www.ivinio.com\/fr\/boutique-de-vin\/"},{"@type":"ListItem","position":3,"name":"Domaine Germain p\u00e8re &#038; fils &#8211; Saint Romain &#8211; Blanc"}]},{"@type":"WebSite","@id":"https:\/\/www.ivinio.com\/fr\/#website","url":"https:\/\/www.ivinio.com\/fr\/","name":"IVINIO Caviste","description":"Vins de France et d&#039;Italie avec livraison \u00e0 domicile","publisher":{"@id":"https:\/\/www.ivinio.com\/fr\/#organization"},"potentialAction":[{"@type":"SearchAction","target":{"@type":"EntryPoint","urlTemplate":"https:\/\/www.ivinio.com\/fr\/?s={search_term_string}"},"query-input":{"@type":"PropertyValueSpecification","valueRequired":true,"valueName":"search_term_string"}}],"inLanguage":"fr-FR"},{"@type":"Organization","@id":"https:\/\/www.ivinio.com\/fr\/#organization","name":"IVINIO","url":"https:\/\/www.ivinio.com\/fr\/","logo":{"@type":"ImageObject","inLanguage":"fr-FR","@id":"https:\/\/www.ivinio.com\/fr\/#\/schema\/logo\/image\/","url":"https:\/\/www.ivinio.com\/wp-content\/uploads\/2021\/01\/Logo-Ivinio-v2.jpg","contentUrl":"https:\/\/www.ivinio.com\/wp-content\/uploads\/2021\/01\/Logo-Ivinio-v2.jpg","width":1194,"height":1194,"caption":"IVINIO"},"image":{"@id":"https:\/\/www.ivinio.com\/fr\/#\/schema\/logo\/image\/"},"sameAs":["https:\/\/www.facebook.com\/groups\/165217837022391\/?ref=bookmarks","https:\/\/www.instagram.com\/_ivinio_\/?hl=fr"]}]}},"jetpack_sharing_enabled":true,"_links":{"self":[{"href":"https:\/\/www.ivinio.com\/fr\/wp-json\/wp\/v2\/product\/121246","targetHints":{"allow":["GET"]}}],"collection":[{"href":"https:\/\/www.ivinio.com\/fr\/wp-json\/wp\/v2\/product"}],"about":[{"href":"https:\/\/www.ivinio.com\/fr\/wp-json\/wp\/v2\/types\/product"}],"replies":[{"embeddable":true,"href":"https:\/\/www.ivinio.com\/fr\/wp-json\/wp\/v2\/comments?post=121246"}],"wp:featuredmedia":[{"embeddable":true,"href":"https:\/\/www.ivinio.com\/fr\/wp-json\/wp\/v2\/media\/130616"}],"wp:attachment":[{"href":"https:\/\/www.ivinio.com\/fr\/wp-json\/wp\/v2\/media?parent=121246"}],"wp:term":[{"taxonomy":"product_brand","embeddable":true,"href":"https:\/\/www.ivinio.com\/fr\/wp-json\/wp\/v2\/product_brand?post=121246"},{"taxonomy":"product_cat","embeddable":true,"href":"https:\/\/www.ivinio.com\/fr\/wp-json\/wp\/v2\/product_cat?post=121246"},{"taxonomy":"product_tag","embeddable":true,"href":"https:\/\/www.ivinio.com\/fr\/wp-json\/wp\/v2\/product_tag?post=121246"}],"curies":[{"name":"wp","href":"https:\/\/api.w.org\/{rel}","templated":true}]}}