{"id":121242,"date":"2018-09-12T12:36:05","date_gmt":"2018-09-12T12:36:05","guid":{"rendered":"https:\/\/henrik.www.ivinio.com\/?product=camille-cayran-les-voconces-cairanne-rouge"},"modified":"2026-04-24T19:12:19","modified_gmt":"2026-04-24T17:12:19","slug":"camille-cayran-les-voconces-cairanne-rouge","status":"publish","type":"product","link":"https:\/\/www.ivinio.com\/fr\/produit\/camille-cayran-les-voconces-cairanne-rouge\/","title":{"rendered":"Camille Cayran &#8211; Les Voconces &#8211; Cairanne &#8211; Rouge"},"content":{"rendered":"<p>Les Voconces de Camille Cayran est un\u00a0Cairanne rouge compos\u00e9e de 79% de grenache vieilles vignes, 1% de mourv\u00e8dre, 5% de carignan et 15% de syrah. La rendement est de 40 hl \/ ha. Les raisins sont r\u00e9colt\u00e9s manuellement et m\u00e9lang\u00e9s\u00a0pour obtenir\u00a0de la\u00a0complexit\u00e9 d\u00e8s le d\u00e9but. Les raisins selectionn\u00e9s\u00a0ont \u00e9t\u00e9 cultiv\u00e9s dans de la garrigue, ce qui rend les vins structur\u00e9s avec des ar\u00f4mes de fruits rouges m\u00fbrs qui d\u00e9veloppent des notes\u00a0de tapenade et d&#8217;\u00e9pices noires (poivre, girofle &#8230;). La production de vin est selon la m\u00e9thode traditionnelle avec peu de remontage quotidien. La fermentation dure\u00a0environ 3 semaines pour permettre\u00a0un affinement des tanins et donner un vin \u00e0 la fois riche et voluptueux. Le vin est \u00e9lev\u00e9 dans des cuves en b\u00e9ton pendant 18 mois avant la mise en bouteille.<\/p>\n","protected":false},"excerpt":{"rendered":"<p>Les Voconces de Camille Cayran est un vin complexe et puissant avec des notes de cerise m\u00fbrs compot\u00e9s.<\/p>\n","protected":false},"featured_media":131566,"comment_status":"open","ping_status":"closed","template":"","meta":{"_monsterinsights_skip_tracking":false,"_monsterinsights_sitenote_active":false,"_monsterinsights_sitenote_note":"","_monsterinsights_sitenote_category":0,"_uf_show_specific_survey":0,"_uf_disable_surveys":false},"product_brand":[],"product_cat":[36619,36586],"product_tag":[],"class_list":{"0":"post-121242","1":"product","2":"type-product","3":"status-publish","4":"has-post-thumbnail","6":"product_cat-fr-cotes-du-rhone","7":"product_cat-vins-francais","8":"pa_alcohol-degree-145-fr","9":"pa_awards-concours-general-agricole-de-paris-fr","10":"pa_classification-aop-cairanne-fr","11":"pa_color-rouge-fr","12":"pa_country-france-fr","13":"pa_grape-variety-carignan-fr","14":"pa_grape-variety-grenache-fr","15":"pa_grape-variety-mourvedre-fr","16":"pa_grape-variety-syrah-fr","17":"pa_region-vallee-du-rhone-fr","18":"pa_storage-potential-plus-de-7-ans-fr","19":"pa_vintage-2023-fr","20":"pa_volume-75-cl-fr","22":"first","23":"instock","24":"taxable","25":"shipping-taxable","26":"purchasable","27":"product-type-simple"},"bundled_by":[],"bundle_stock_status":"instock","bundle_stock_quantity":null,"bundle_virtual":false,"bundle_layout":"","bundle_add_to_cart_form_location":"","bundle_editable_in_cart":false,"bundle_sold_individually_context":"","bundle_item_grouping":"","bundle_min_size":"","bundle_max_size":"","bundle_price":[],"bundled_items":[],"bundle_sell_ids":[],"yoast_head":"<!-- This site is optimized with the Yoast SEO plugin v27.5 - https:\/\/yoast.com\/product\/yoast-seo-wordpress\/ -->\n<title>Acheter Camille Cayran - Les Voconces - Cairanne - Rouge - IVINIO Caviste<\/title>\n<meta name=\"description\" content=\"Acheter Camille Cayran - Les Voconces - Cairanne - Rouge. Complexe et puissant avec des notes de cerise m\u00fbrs compott\u00e9s.\" \/>\n<meta name=\"robots\" content=\"index, follow, max-snippet:-1, max-image-preview:large, max-video-preview:-1\" \/>\n<link rel=\"canonical\" href=\"https:\/\/www.ivinio.com\/fr\/produit\/camille-cayran-les-voconces-cairanne-rouge\/\" \/>\n<meta property=\"og:locale\" content=\"fr_FR\" \/>\n<meta property=\"og:type\" content=\"article\" \/>\n<meta property=\"og:title\" content=\"Acheter Camille Cayran - Les Voconces - Cairanne - Rouge - IVINIO Caviste\" \/>\n<meta property=\"og:description\" content=\"Acheter Camille Cayran - Les Voconces - Cairanne - Rouge. Complexe et puissant avec des notes de cerise m\u00fbrs compott\u00e9s.\" \/>\n<meta property=\"og:url\" content=\"https:\/\/www.ivinio.com\/fr\/produit\/camille-cayran-les-voconces-cairanne-rouge\/\" \/>\n<meta property=\"og:site_name\" content=\"IVINIO Caviste\" \/>\n<meta property=\"article:publisher\" content=\"https:\/\/www.facebook.com\/groups\/165217837022391\/?ref=bookmarks\" \/>\n<meta property=\"article:modified_time\" content=\"2026-04-24T17:12:19+00:00\" \/>\n<meta property=\"og:image\" content=\"https:\/\/www.ivinio.com\/wp-content\/uploads\/nc\/public\/modules\/file\/pictures\/6791.Camille-Cayran-Les-voconces-cairanne-ivinio.jpg\" \/>\n\t<meta property=\"og:image:width\" content=\"500\" \/>\n\t<meta property=\"og:image:height\" content=\"500\" \/>\n\t<meta property=\"og:image:type\" content=\"image\/jpeg\" \/>\n<meta name=\"twitter:card\" content=\"summary_large_image\" \/>\n<meta name=\"twitter:label1\" content=\"Dur\u00e9e de lecture estim\u00e9e\" \/>\n\t<meta name=\"twitter:data1\" content=\"1 minute\" \/>\n<script type=\"application\/ld+json\" class=\"yoast-schema-graph\">{\"@context\":\"https:\\\/\\\/schema.org\",\"@graph\":[{\"@type\":\"WebPage\",\"@id\":\"https:\\\/\\\/www.ivinio.com\\\/fr\\\/produit\\\/camille-cayran-les-voconces-cairanne-rouge\\\/\",\"url\":\"https:\\\/\\\/www.ivinio.com\\\/fr\\\/produit\\\/camille-cayran-les-voconces-cairanne-rouge\\\/\",\"name\":\"Acheter Camille Cayran - Les Voconces - Cairanne - Rouge - IVINIO Caviste\",\"isPartOf\":{\"@id\":\"https:\\\/\\\/www.ivinio.com\\\/fr\\\/#website\"},\"primaryImageOfPage\":{\"@id\":\"https:\\\/\\\/www.ivinio.com\\\/fr\\\/produit\\\/camille-cayran-les-voconces-cairanne-rouge\\\/#primaryimage\"},\"image\":{\"@id\":\"https:\\\/\\\/www.ivinio.com\\\/fr\\\/produit\\\/camille-cayran-les-voconces-cairanne-rouge\\\/#primaryimage\"},\"thumbnailUrl\":\"https:\\\/\\\/www.ivinio.com\\\/wp-content\\\/uploads\\\/nc\\\/public\\\/modules\\\/file\\\/pictures\\\/6791.Camille-Cayran-Les-voconces-cairanne-ivinio.jpg\",\"datePublished\":\"2018-09-12T12:36:05+00:00\",\"dateModified\":\"2026-04-24T17:12:19+00:00\",\"description\":\"Acheter Camille Cayran - Les Voconces - Cairanne - Rouge. Complexe et puissant avec des notes de cerise m\u00fbrs compott\u00e9s.\",\"breadcrumb\":{\"@id\":\"https:\\\/\\\/www.ivinio.com\\\/fr\\\/produit\\\/camille-cayran-les-voconces-cairanne-rouge\\\/#breadcrumb\"},\"inLanguage\":\"fr-FR\",\"potentialAction\":[{\"@type\":\"ReadAction\",\"target\":[\"https:\\\/\\\/www.ivinio.com\\\/fr\\\/produit\\\/camille-cayran-les-voconces-cairanne-rouge\\\/\"]}]},{\"@type\":\"ImageObject\",\"inLanguage\":\"fr-FR\",\"@id\":\"https:\\\/\\\/www.ivinio.com\\\/fr\\\/produit\\\/camille-cayran-les-voconces-cairanne-rouge\\\/#primaryimage\",\"url\":\"https:\\\/\\\/www.ivinio.com\\\/wp-content\\\/uploads\\\/nc\\\/public\\\/modules\\\/file\\\/pictures\\\/6791.Camille-Cayran-Les-voconces-cairanne-ivinio.jpg\",\"contentUrl\":\"https:\\\/\\\/www.ivinio.com\\\/wp-content\\\/uploads\\\/nc\\\/public\\\/modules\\\/file\\\/pictures\\\/6791.Camille-Cayran-Les-voconces-cairanne-ivinio.jpg\",\"width\":500,\"height\":500,\"caption\":\"Camille Cayran - Les Voconces - Cairanne\"},{\"@type\":\"BreadcrumbList\",\"@id\":\"https:\\\/\\\/www.ivinio.com\\\/fr\\\/produit\\\/camille-cayran-les-voconces-cairanne-rouge\\\/#breadcrumb\",\"itemListElement\":[{\"@type\":\"ListItem\",\"position\":1,\"name\":\"Home\",\"item\":\"https:\\\/\\\/www.ivinio.com\\\/fr\\\/\"},{\"@type\":\"ListItem\",\"position\":2,\"name\":\"Boutique de vin\",\"item\":\"https:\\\/\\\/www.ivinio.com\\\/fr\\\/boutique-de-vin\\\/\"},{\"@type\":\"ListItem\",\"position\":3,\"name\":\"Camille Cayran &#8211; Les Voconces &#8211; Cairanne &#8211; Rouge\"}]},{\"@type\":\"WebSite\",\"@id\":\"https:\\\/\\\/www.ivinio.com\\\/fr\\\/#website\",\"url\":\"https:\\\/\\\/www.ivinio.com\\\/fr\\\/\",\"name\":\"IVINIO Caviste\",\"description\":\"Vins de France et d&#039;Italie avec livraison \u00e0 domicile\",\"publisher\":{\"@id\":\"https:\\\/\\\/www.ivinio.com\\\/fr\\\/#organization\"},\"potentialAction\":[{\"@type\":\"SearchAction\",\"target\":{\"@type\":\"EntryPoint\",\"urlTemplate\":\"https:\\\/\\\/www.ivinio.com\\\/fr\\\/?s={search_term_string}\"},\"query-input\":{\"@type\":\"PropertyValueSpecification\",\"valueRequired\":true,\"valueName\":\"search_term_string\"}}],\"inLanguage\":\"fr-FR\"},{\"@type\":\"Organization\",\"@id\":\"https:\\\/\\\/www.ivinio.com\\\/fr\\\/#organization\",\"name\":\"IVINIO\",\"url\":\"https:\\\/\\\/www.ivinio.com\\\/fr\\\/\",\"logo\":{\"@type\":\"ImageObject\",\"inLanguage\":\"fr-FR\",\"@id\":\"https:\\\/\\\/www.ivinio.com\\\/fr\\\/#\\\/schema\\\/logo\\\/image\\\/\",\"url\":\"https:\\\/\\\/www.ivinio.com\\\/wp-content\\\/uploads\\\/2021\\\/01\\\/Logo-Ivinio-v2.jpg\",\"contentUrl\":\"https:\\\/\\\/www.ivinio.com\\\/wp-content\\\/uploads\\\/2021\\\/01\\\/Logo-Ivinio-v2.jpg\",\"width\":1194,\"height\":1194,\"caption\":\"IVINIO\"},\"image\":{\"@id\":\"https:\\\/\\\/www.ivinio.com\\\/fr\\\/#\\\/schema\\\/logo\\\/image\\\/\"},\"sameAs\":[\"https:\\\/\\\/www.facebook.com\\\/groups\\\/165217837022391\\\/?ref=bookmarks\",\"https:\\\/\\\/www.instagram.com\\\/_ivinio_\\\/?hl=fr\"]}]}<\/script>\n<!-- \/ Yoast SEO plugin. -->","yoast_head_json":{"title":"Acheter Camille Cayran - Les Voconces - Cairanne - Rouge - IVINIO Caviste","description":"Acheter Camille Cayran - Les Voconces - Cairanne - Rouge. Complexe et puissant avec des notes de cerise m\u00fbrs compott\u00e9s.","robots":{"index":"index","follow":"follow","max-snippet":"max-snippet:-1","max-image-preview":"max-image-preview:large","max-video-preview":"max-video-preview:-1"},"canonical":"https:\/\/www.ivinio.com\/fr\/produit\/camille-cayran-les-voconces-cairanne-rouge\/","og_locale":"fr_FR","og_type":"article","og_title":"Acheter Camille Cayran - Les Voconces - Cairanne - Rouge - IVINIO Caviste","og_description":"Acheter Camille Cayran - Les Voconces - Cairanne - Rouge. Complexe et puissant avec des notes de cerise m\u00fbrs compott\u00e9s.","og_url":"https:\/\/www.ivinio.com\/fr\/produit\/camille-cayran-les-voconces-cairanne-rouge\/","og_site_name":"IVINIO Caviste","article_publisher":"https:\/\/www.facebook.com\/groups\/165217837022391\/?ref=bookmarks","article_modified_time":"2026-04-24T17:12:19+00:00","og_image":[{"width":500,"height":500,"url":"https:\/\/www.ivinio.com\/wp-content\/uploads\/nc\/public\/modules\/file\/pictures\/6791.Camille-Cayran-Les-voconces-cairanne-ivinio.jpg","type":"image\/jpeg"}],"twitter_card":"summary_large_image","twitter_misc":{"Dur\u00e9e de lecture estim\u00e9e":"1 minute"},"schema":{"@context":"https:\/\/schema.org","@graph":[{"@type":"WebPage","@id":"https:\/\/www.ivinio.com\/fr\/produit\/camille-cayran-les-voconces-cairanne-rouge\/","url":"https:\/\/www.ivinio.com\/fr\/produit\/camille-cayran-les-voconces-cairanne-rouge\/","name":"Acheter Camille Cayran - Les Voconces - Cairanne - Rouge - IVINIO Caviste","isPartOf":{"@id":"https:\/\/www.ivinio.com\/fr\/#website"},"primaryImageOfPage":{"@id":"https:\/\/www.ivinio.com\/fr\/produit\/camille-cayran-les-voconces-cairanne-rouge\/#primaryimage"},"image":{"@id":"https:\/\/www.ivinio.com\/fr\/produit\/camille-cayran-les-voconces-cairanne-rouge\/#primaryimage"},"thumbnailUrl":"https:\/\/www.ivinio.com\/wp-content\/uploads\/nc\/public\/modules\/file\/pictures\/6791.Camille-Cayran-Les-voconces-cairanne-ivinio.jpg","datePublished":"2018-09-12T12:36:05+00:00","dateModified":"2026-04-24T17:12:19+00:00","description":"Acheter Camille Cayran - Les Voconces - Cairanne - Rouge. Complexe et puissant avec des notes de cerise m\u00fbrs compott\u00e9s.","breadcrumb":{"@id":"https:\/\/www.ivinio.com\/fr\/produit\/camille-cayran-les-voconces-cairanne-rouge\/#breadcrumb"},"inLanguage":"fr-FR","potentialAction":[{"@type":"ReadAction","target":["https:\/\/www.ivinio.com\/fr\/produit\/camille-cayran-les-voconces-cairanne-rouge\/"]}]},{"@type":"ImageObject","inLanguage":"fr-FR","@id":"https:\/\/www.ivinio.com\/fr\/produit\/camille-cayran-les-voconces-cairanne-rouge\/#primaryimage","url":"https:\/\/www.ivinio.com\/wp-content\/uploads\/nc\/public\/modules\/file\/pictures\/6791.Camille-Cayran-Les-voconces-cairanne-ivinio.jpg","contentUrl":"https:\/\/www.ivinio.com\/wp-content\/uploads\/nc\/public\/modules\/file\/pictures\/6791.Camille-Cayran-Les-voconces-cairanne-ivinio.jpg","width":500,"height":500,"caption":"Camille Cayran - Les Voconces - Cairanne"},{"@type":"BreadcrumbList","@id":"https:\/\/www.ivinio.com\/fr\/produit\/camille-cayran-les-voconces-cairanne-rouge\/#breadcrumb","itemListElement":[{"@type":"ListItem","position":1,"name":"Home","item":"https:\/\/www.ivinio.com\/fr\/"},{"@type":"ListItem","position":2,"name":"Boutique de vin","item":"https:\/\/www.ivinio.com\/fr\/boutique-de-vin\/"},{"@type":"ListItem","position":3,"name":"Camille Cayran &#8211; Les Voconces &#8211; Cairanne &#8211; Rouge"}]},{"@type":"WebSite","@id":"https:\/\/www.ivinio.com\/fr\/#website","url":"https:\/\/www.ivinio.com\/fr\/","name":"IVINIO Caviste","description":"Vins de France et d&#039;Italie avec livraison \u00e0 domicile","publisher":{"@id":"https:\/\/www.ivinio.com\/fr\/#organization"},"potentialAction":[{"@type":"SearchAction","target":{"@type":"EntryPoint","urlTemplate":"https:\/\/www.ivinio.com\/fr\/?s={search_term_string}"},"query-input":{"@type":"PropertyValueSpecification","valueRequired":true,"valueName":"search_term_string"}}],"inLanguage":"fr-FR"},{"@type":"Organization","@id":"https:\/\/www.ivinio.com\/fr\/#organization","name":"IVINIO","url":"https:\/\/www.ivinio.com\/fr\/","logo":{"@type":"ImageObject","inLanguage":"fr-FR","@id":"https:\/\/www.ivinio.com\/fr\/#\/schema\/logo\/image\/","url":"https:\/\/www.ivinio.com\/wp-content\/uploads\/2021\/01\/Logo-Ivinio-v2.jpg","contentUrl":"https:\/\/www.ivinio.com\/wp-content\/uploads\/2021\/01\/Logo-Ivinio-v2.jpg","width":1194,"height":1194,"caption":"IVINIO"},"image":{"@id":"https:\/\/www.ivinio.com\/fr\/#\/schema\/logo\/image\/"},"sameAs":["https:\/\/www.facebook.com\/groups\/165217837022391\/?ref=bookmarks","https:\/\/www.instagram.com\/_ivinio_\/?hl=fr"]}]}},"jetpack_sharing_enabled":true,"_links":{"self":[{"href":"https:\/\/www.ivinio.com\/fr\/wp-json\/wp\/v2\/product\/121242","targetHints":{"allow":["GET"]}}],"collection":[{"href":"https:\/\/www.ivinio.com\/fr\/wp-json\/wp\/v2\/product"}],"about":[{"href":"https:\/\/www.ivinio.com\/fr\/wp-json\/wp\/v2\/types\/product"}],"replies":[{"embeddable":true,"href":"https:\/\/www.ivinio.com\/fr\/wp-json\/wp\/v2\/comments?post=121242"}],"wp:featuredmedia":[{"embeddable":true,"href":"https:\/\/www.ivinio.com\/fr\/wp-json\/wp\/v2\/media\/131566"}],"wp:attachment":[{"href":"https:\/\/www.ivinio.com\/fr\/wp-json\/wp\/v2\/media?parent=121242"}],"wp:term":[{"taxonomy":"product_brand","embeddable":true,"href":"https:\/\/www.ivinio.com\/fr\/wp-json\/wp\/v2\/product_brand?post=121242"},{"taxonomy":"product_cat","embeddable":true,"href":"https:\/\/www.ivinio.com\/fr\/wp-json\/wp\/v2\/product_cat?post=121242"},{"taxonomy":"product_tag","embeddable":true,"href":"https:\/\/www.ivinio.com\/fr\/wp-json\/wp\/v2\/product_tag?post=121242"}],"curies":[{"name":"wp","href":"https:\/\/api.w.org\/{rel}","templated":true}]}}