{"id":121238,"date":"2018-09-05T19:45:46","date_gmt":"2018-09-05T19:45:46","guid":{"rendered":"https:\/\/henrik.www.ivinio.com\/?product=grandes-serres-gigondas-la-combe-des-marchands-rouge"},"modified":"2023-01-03T14:05:53","modified_gmt":"2023-01-03T13:05:53","slug":"grandes-serres-gigondas-la-combe-des-marchands-rouge","status":"publish","type":"product","link":"https:\/\/www.ivinio.com\/fr\/produit\/grandes-serres-gigondas-la-combe-des-marchands-rouge\/","title":{"rendered":"Grandes serres &#8211; Gigondas &#8211; La Combe des Marchands &#8211; rouge"},"content":{"rendered":"<p>Grandes serres &#8211; Gigondas &#8211; La Combe des Marchands &#8211; rouge est un Gigondas compos\u00e9 de Grenache, Syrah, Mourv\u00e8dre et Cinsault. &#8220;Combe&#8221; signifie carrefour en occitan et fait r\u00e9f\u00e9rence aux marchands qui autrefois se rencontraient \u00e0 Gigondas, au pied des Dentelles de Monmirail. Les raisins sont \u00e9grapp\u00e9s apr\u00e8s les vendanges sont laiss\u00e9s fermenter avec de la levure indig\u00e8nes dans des cuves en b\u00e9ton \u00e0 temp\u00e9rature thermo-control\u00e9e . Longue mac\u00e9ration avec remontage r\u00e9guli\u00e8rement. Le vin finalis\u00e9 est \u00e9lev\u00e9 pendant 18 mois, dont 20% en f\u00fbts de ch\u00eane.<\/p>\n","protected":false},"excerpt":{"rendered":"<p>La Combe des Marchands de la maison des Grandes Serres est un Gigondas avec des notes aromatiques de cerise, de baies noires et d&#8217;\u00e9pices. Un vin du sud de la vall\u00e9e du\u00a0Rh\u00f4ne pour accompagner des magrets de canard marin\u00e9s au miel!<\/p>\n","protected":false},"featured_media":130656,"comment_status":"open","ping_status":"closed","template":"","meta":{"_monsterinsights_skip_tracking":false,"_monsterinsights_sitenote_active":false,"_monsterinsights_sitenote_note":"","_monsterinsights_sitenote_category":0,"_uf_show_specific_survey":0,"_uf_disable_surveys":false},"product_brand":[],"product_cat":[36619,36586],"product_tag":[],"class_list":{"0":"post-121238","1":"product","2":"type-product","3":"status-publish","4":"has-post-thumbnail","6":"product_cat-fr-cotes-du-rhone","7":"product_cat-vins-francais","8":"pa_alcohol-degree-14-fr","9":"pa_classification-aop-gigondas-fr","10":"pa_color-rouge-fr","11":"pa_country-france-fr","12":"pa_grape-variety-cinsault-fr","13":"pa_grape-variety-grenache-fr","14":"pa_grape-variety-mourvedre-fr","15":"pa_grape-variety-syrah-fr","16":"pa_region-vallee-du-rhone-fr","17":"pa_storage-potential-10-ans-fr","18":"pa_vintage-2019-fr","19":"pa_volume-75-cl-fr","21":"first","22":"instock","23":"taxable","24":"shipping-taxable","25":"purchasable","26":"product-type-simple"},"bundled_by":[],"bundle_stock_status":"instock","bundle_stock_quantity":null,"bundle_virtual":false,"bundle_layout":"","bundle_add_to_cart_form_location":"","bundle_editable_in_cart":false,"bundle_sold_individually_context":"","bundle_item_grouping":"","bundle_min_size":"","bundle_max_size":"","bundle_price":[],"bundled_items":[],"bundle_sell_ids":[],"yoast_head":"<!-- This site is optimized with the Yoast SEO plugin v27.4 - https:\/\/yoast.com\/product\/yoast-seo-wordpress\/ -->\n<title>Grandes serres - Gigondas - La Combe des Marchands - rouge - IVINIO Caviste<\/title>\n<meta name=\"description\" content=\"Grandes serres - Gigondas - La Combe des Marchands - rouge. Notes aromatiques de cerise, de baies noires et d&#039;\u00e9pices. Un vin du sud de la vall\u00e9e du Rh\u00f4ne pour accompagner des magrets de canard marin\u00e9s au miel!\" \/>\n<meta name=\"robots\" content=\"index, follow, max-snippet:-1, max-image-preview:large, max-video-preview:-1\" \/>\n<link rel=\"canonical\" href=\"https:\/\/www.ivinio.com\/fr\/produit\/grandes-serres-gigondas-la-combe-des-marchands-rouge\/\" \/>\n<meta property=\"og:locale\" content=\"fr_FR\" \/>\n<meta property=\"og:type\" content=\"article\" \/>\n<meta property=\"og:title\" content=\"Grandes serres - Gigondas - La Combe des Marchands - rouge - IVINIO Caviste\" \/>\n<meta property=\"og:description\" content=\"Grandes serres - Gigondas - La Combe des Marchands - rouge. Notes aromatiques de cerise, de baies noires et d&#039;\u00e9pices. Un vin du sud de la vall\u00e9e du Rh\u00f4ne pour accompagner des magrets de canard marin\u00e9s au miel!\" \/>\n<meta property=\"og:url\" content=\"https:\/\/www.ivinio.com\/fr\/produit\/grandes-serres-gigondas-la-combe-des-marchands-rouge\/\" \/>\n<meta property=\"og:site_name\" content=\"IVINIO Caviste\" \/>\n<meta property=\"article:publisher\" content=\"https:\/\/www.facebook.com\/groups\/165217837022391\/?ref=bookmarks\" \/>\n<meta property=\"article:modified_time\" content=\"2023-01-03T13:05:53+00:00\" \/>\n<meta property=\"og:image\" content=\"https:\/\/www.ivinio.com\/wp-content\/uploads\/nc\/public\/modules\/file\/pictures\/6776.Grandes-Serres-La-Combe-des-Marchands-Ivinio.jpg\" \/>\n\t<meta property=\"og:image:width\" content=\"500\" \/>\n\t<meta property=\"og:image:height\" content=\"500\" \/>\n\t<meta property=\"og:image:type\" content=\"image\/jpeg\" \/>\n<meta name=\"twitter:card\" content=\"summary_large_image\" \/>\n<script type=\"application\/ld+json\" class=\"yoast-schema-graph\">{\"@context\":\"https:\\\/\\\/schema.org\",\"@graph\":[{\"@type\":\"WebPage\",\"@id\":\"https:\\\/\\\/www.ivinio.com\\\/fr\\\/produit\\\/grandes-serres-gigondas-la-combe-des-marchands-rouge\\\/\",\"url\":\"https:\\\/\\\/www.ivinio.com\\\/fr\\\/produit\\\/grandes-serres-gigondas-la-combe-des-marchands-rouge\\\/\",\"name\":\"Grandes serres - Gigondas - La Combe des Marchands - rouge - IVINIO Caviste\",\"isPartOf\":{\"@id\":\"https:\\\/\\\/www.ivinio.com\\\/fr\\\/#website\"},\"primaryImageOfPage\":{\"@id\":\"https:\\\/\\\/www.ivinio.com\\\/fr\\\/produit\\\/grandes-serres-gigondas-la-combe-des-marchands-rouge\\\/#primaryimage\"},\"image\":{\"@id\":\"https:\\\/\\\/www.ivinio.com\\\/fr\\\/produit\\\/grandes-serres-gigondas-la-combe-des-marchands-rouge\\\/#primaryimage\"},\"thumbnailUrl\":\"https:\\\/\\\/www.ivinio.com\\\/wp-content\\\/uploads\\\/nc\\\/public\\\/modules\\\/file\\\/pictures\\\/6776.Grandes-Serres-La-Combe-des-Marchands-Ivinio.jpg\",\"datePublished\":\"2018-09-05T19:45:46+00:00\",\"dateModified\":\"2023-01-03T13:05:53+00:00\",\"description\":\"Grandes serres - Gigondas - La Combe des Marchands - rouge. Notes aromatiques de cerise, de baies noires et d'\u00e9pices. Un vin du sud de la vall\u00e9e du Rh\u00f4ne pour accompagner des magrets de canard marin\u00e9s au miel!\",\"breadcrumb\":{\"@id\":\"https:\\\/\\\/www.ivinio.com\\\/fr\\\/produit\\\/grandes-serres-gigondas-la-combe-des-marchands-rouge\\\/#breadcrumb\"},\"inLanguage\":\"fr-FR\",\"potentialAction\":[{\"@type\":\"ReadAction\",\"target\":[\"https:\\\/\\\/www.ivinio.com\\\/fr\\\/produit\\\/grandes-serres-gigondas-la-combe-des-marchands-rouge\\\/\"]}]},{\"@type\":\"ImageObject\",\"inLanguage\":\"fr-FR\",\"@id\":\"https:\\\/\\\/www.ivinio.com\\\/fr\\\/produit\\\/grandes-serres-gigondas-la-combe-des-marchands-rouge\\\/#primaryimage\",\"url\":\"https:\\\/\\\/www.ivinio.com\\\/wp-content\\\/uploads\\\/nc\\\/public\\\/modules\\\/file\\\/pictures\\\/6776.Grandes-Serres-La-Combe-des-Marchands-Ivinio.jpg\",\"contentUrl\":\"https:\\\/\\\/www.ivinio.com\\\/wp-content\\\/uploads\\\/nc\\\/public\\\/modules\\\/file\\\/pictures\\\/6776.Grandes-Serres-La-Combe-des-Marchands-Ivinio.jpg\",\"width\":500,\"height\":500,\"caption\":\"Grandes serres - Gigondas - La Combe des Marchands\"},{\"@type\":\"BreadcrumbList\",\"@id\":\"https:\\\/\\\/www.ivinio.com\\\/fr\\\/produit\\\/grandes-serres-gigondas-la-combe-des-marchands-rouge\\\/#breadcrumb\",\"itemListElement\":[{\"@type\":\"ListItem\",\"position\":1,\"name\":\"Home\",\"item\":\"https:\\\/\\\/www.ivinio.com\\\/fr\\\/\"},{\"@type\":\"ListItem\",\"position\":2,\"name\":\"Boutique de vin\",\"item\":\"https:\\\/\\\/www.ivinio.com\\\/fr\\\/boutique-de-vin\\\/\"},{\"@type\":\"ListItem\",\"position\":3,\"name\":\"Grandes serres &#8211; Gigondas &#8211; La Combe des Marchands &#8211; rouge\"}]},{\"@type\":\"WebSite\",\"@id\":\"https:\\\/\\\/www.ivinio.com\\\/fr\\\/#website\",\"url\":\"https:\\\/\\\/www.ivinio.com\\\/fr\\\/\",\"name\":\"IVINIO Caviste\",\"description\":\"Vins de France et d&#039;Italie avec livraison \u00e0 domicile\",\"publisher\":{\"@id\":\"https:\\\/\\\/www.ivinio.com\\\/fr\\\/#organization\"},\"potentialAction\":[{\"@type\":\"SearchAction\",\"target\":{\"@type\":\"EntryPoint\",\"urlTemplate\":\"https:\\\/\\\/www.ivinio.com\\\/fr\\\/?s={search_term_string}\"},\"query-input\":{\"@type\":\"PropertyValueSpecification\",\"valueRequired\":true,\"valueName\":\"search_term_string\"}}],\"inLanguage\":\"fr-FR\"},{\"@type\":\"Organization\",\"@id\":\"https:\\\/\\\/www.ivinio.com\\\/fr\\\/#organization\",\"name\":\"IVINIO\",\"url\":\"https:\\\/\\\/www.ivinio.com\\\/fr\\\/\",\"logo\":{\"@type\":\"ImageObject\",\"inLanguage\":\"fr-FR\",\"@id\":\"https:\\\/\\\/www.ivinio.com\\\/fr\\\/#\\\/schema\\\/logo\\\/image\\\/\",\"url\":\"https:\\\/\\\/www.ivinio.com\\\/wp-content\\\/uploads\\\/2021\\\/01\\\/Logo-Ivinio-v2.jpg\",\"contentUrl\":\"https:\\\/\\\/www.ivinio.com\\\/wp-content\\\/uploads\\\/2021\\\/01\\\/Logo-Ivinio-v2.jpg\",\"width\":1194,\"height\":1194,\"caption\":\"IVINIO\"},\"image\":{\"@id\":\"https:\\\/\\\/www.ivinio.com\\\/fr\\\/#\\\/schema\\\/logo\\\/image\\\/\"},\"sameAs\":[\"https:\\\/\\\/www.facebook.com\\\/groups\\\/165217837022391\\\/?ref=bookmarks\",\"https:\\\/\\\/www.instagram.com\\\/_ivinio_\\\/?hl=fr\"]}]}<\/script>\n<!-- \/ Yoast SEO plugin. -->","yoast_head_json":{"title":"Grandes serres - Gigondas - La Combe des Marchands - rouge - IVINIO Caviste","description":"Grandes serres - Gigondas - La Combe des Marchands - rouge. Notes aromatiques de cerise, de baies noires et d'\u00e9pices. Un vin du sud de la vall\u00e9e du Rh\u00f4ne pour accompagner des magrets de canard marin\u00e9s au miel!","robots":{"index":"index","follow":"follow","max-snippet":"max-snippet:-1","max-image-preview":"max-image-preview:large","max-video-preview":"max-video-preview:-1"},"canonical":"https:\/\/www.ivinio.com\/fr\/produit\/grandes-serres-gigondas-la-combe-des-marchands-rouge\/","og_locale":"fr_FR","og_type":"article","og_title":"Grandes serres - Gigondas - La Combe des Marchands - rouge - IVINIO Caviste","og_description":"Grandes serres - Gigondas - La Combe des Marchands - rouge. Notes aromatiques de cerise, de baies noires et d'\u00e9pices. Un vin du sud de la vall\u00e9e du Rh\u00f4ne pour accompagner des magrets de canard marin\u00e9s au miel!","og_url":"https:\/\/www.ivinio.com\/fr\/produit\/grandes-serres-gigondas-la-combe-des-marchands-rouge\/","og_site_name":"IVINIO Caviste","article_publisher":"https:\/\/www.facebook.com\/groups\/165217837022391\/?ref=bookmarks","article_modified_time":"2023-01-03T13:05:53+00:00","og_image":[{"width":500,"height":500,"url":"https:\/\/www.ivinio.com\/wp-content\/uploads\/nc\/public\/modules\/file\/pictures\/6776.Grandes-Serres-La-Combe-des-Marchands-Ivinio.jpg","type":"image\/jpeg"}],"twitter_card":"summary_large_image","schema":{"@context":"https:\/\/schema.org","@graph":[{"@type":"WebPage","@id":"https:\/\/www.ivinio.com\/fr\/produit\/grandes-serres-gigondas-la-combe-des-marchands-rouge\/","url":"https:\/\/www.ivinio.com\/fr\/produit\/grandes-serres-gigondas-la-combe-des-marchands-rouge\/","name":"Grandes serres - Gigondas - La Combe des Marchands - rouge - IVINIO Caviste","isPartOf":{"@id":"https:\/\/www.ivinio.com\/fr\/#website"},"primaryImageOfPage":{"@id":"https:\/\/www.ivinio.com\/fr\/produit\/grandes-serres-gigondas-la-combe-des-marchands-rouge\/#primaryimage"},"image":{"@id":"https:\/\/www.ivinio.com\/fr\/produit\/grandes-serres-gigondas-la-combe-des-marchands-rouge\/#primaryimage"},"thumbnailUrl":"https:\/\/www.ivinio.com\/wp-content\/uploads\/nc\/public\/modules\/file\/pictures\/6776.Grandes-Serres-La-Combe-des-Marchands-Ivinio.jpg","datePublished":"2018-09-05T19:45:46+00:00","dateModified":"2023-01-03T13:05:53+00:00","description":"Grandes serres - Gigondas - La Combe des Marchands - rouge. Notes aromatiques de cerise, de baies noires et d'\u00e9pices. Un vin du sud de la vall\u00e9e du Rh\u00f4ne pour accompagner des magrets de canard marin\u00e9s au miel!","breadcrumb":{"@id":"https:\/\/www.ivinio.com\/fr\/produit\/grandes-serres-gigondas-la-combe-des-marchands-rouge\/#breadcrumb"},"inLanguage":"fr-FR","potentialAction":[{"@type":"ReadAction","target":["https:\/\/www.ivinio.com\/fr\/produit\/grandes-serres-gigondas-la-combe-des-marchands-rouge\/"]}]},{"@type":"ImageObject","inLanguage":"fr-FR","@id":"https:\/\/www.ivinio.com\/fr\/produit\/grandes-serres-gigondas-la-combe-des-marchands-rouge\/#primaryimage","url":"https:\/\/www.ivinio.com\/wp-content\/uploads\/nc\/public\/modules\/file\/pictures\/6776.Grandes-Serres-La-Combe-des-Marchands-Ivinio.jpg","contentUrl":"https:\/\/www.ivinio.com\/wp-content\/uploads\/nc\/public\/modules\/file\/pictures\/6776.Grandes-Serres-La-Combe-des-Marchands-Ivinio.jpg","width":500,"height":500,"caption":"Grandes serres - Gigondas - La Combe des Marchands"},{"@type":"BreadcrumbList","@id":"https:\/\/www.ivinio.com\/fr\/produit\/grandes-serres-gigondas-la-combe-des-marchands-rouge\/#breadcrumb","itemListElement":[{"@type":"ListItem","position":1,"name":"Home","item":"https:\/\/www.ivinio.com\/fr\/"},{"@type":"ListItem","position":2,"name":"Boutique de vin","item":"https:\/\/www.ivinio.com\/fr\/boutique-de-vin\/"},{"@type":"ListItem","position":3,"name":"Grandes serres &#8211; Gigondas &#8211; La Combe des Marchands &#8211; rouge"}]},{"@type":"WebSite","@id":"https:\/\/www.ivinio.com\/fr\/#website","url":"https:\/\/www.ivinio.com\/fr\/","name":"IVINIO Caviste","description":"Vins de France et d&#039;Italie avec livraison \u00e0 domicile","publisher":{"@id":"https:\/\/www.ivinio.com\/fr\/#organization"},"potentialAction":[{"@type":"SearchAction","target":{"@type":"EntryPoint","urlTemplate":"https:\/\/www.ivinio.com\/fr\/?s={search_term_string}"},"query-input":{"@type":"PropertyValueSpecification","valueRequired":true,"valueName":"search_term_string"}}],"inLanguage":"fr-FR"},{"@type":"Organization","@id":"https:\/\/www.ivinio.com\/fr\/#organization","name":"IVINIO","url":"https:\/\/www.ivinio.com\/fr\/","logo":{"@type":"ImageObject","inLanguage":"fr-FR","@id":"https:\/\/www.ivinio.com\/fr\/#\/schema\/logo\/image\/","url":"https:\/\/www.ivinio.com\/wp-content\/uploads\/2021\/01\/Logo-Ivinio-v2.jpg","contentUrl":"https:\/\/www.ivinio.com\/wp-content\/uploads\/2021\/01\/Logo-Ivinio-v2.jpg","width":1194,"height":1194,"caption":"IVINIO"},"image":{"@id":"https:\/\/www.ivinio.com\/fr\/#\/schema\/logo\/image\/"},"sameAs":["https:\/\/www.facebook.com\/groups\/165217837022391\/?ref=bookmarks","https:\/\/www.instagram.com\/_ivinio_\/?hl=fr"]}]}},"jetpack_sharing_enabled":true,"_links":{"self":[{"href":"https:\/\/www.ivinio.com\/fr\/wp-json\/wp\/v2\/product\/121238","targetHints":{"allow":["GET"]}}],"collection":[{"href":"https:\/\/www.ivinio.com\/fr\/wp-json\/wp\/v2\/product"}],"about":[{"href":"https:\/\/www.ivinio.com\/fr\/wp-json\/wp\/v2\/types\/product"}],"replies":[{"embeddable":true,"href":"https:\/\/www.ivinio.com\/fr\/wp-json\/wp\/v2\/comments?post=121238"}],"wp:featuredmedia":[{"embeddable":true,"href":"https:\/\/www.ivinio.com\/fr\/wp-json\/wp\/v2\/media\/130656"}],"wp:attachment":[{"href":"https:\/\/www.ivinio.com\/fr\/wp-json\/wp\/v2\/media?parent=121238"}],"wp:term":[{"taxonomy":"product_brand","embeddable":true,"href":"https:\/\/www.ivinio.com\/fr\/wp-json\/wp\/v2\/product_brand?post=121238"},{"taxonomy":"product_cat","embeddable":true,"href":"https:\/\/www.ivinio.com\/fr\/wp-json\/wp\/v2\/product_cat?post=121238"},{"taxonomy":"product_tag","embeddable":true,"href":"https:\/\/www.ivinio.com\/fr\/wp-json\/wp\/v2\/product_tag?post=121238"}],"curies":[{"name":"wp","href":"https:\/\/api.w.org\/{rel}","templated":true}]}}