{"id":121229,"date":"2018-09-05T19:45:46","date_gmt":"2018-09-05T19:45:46","guid":{"rendered":"https:\/\/henrik.www.ivinio.com\/?product=grandes-serres-beaumes-de-venise-rocca-luna"},"modified":"2023-01-31T18:57:48","modified_gmt":"2023-01-31T17:57:48","slug":"grandes-serres-beaumes-de-venise-rocca-luna","status":"publish","type":"product","link":"https:\/\/www.ivinio.com\/fr\/produit\/grandes-serres-beaumes-de-venise-rocca-luna\/","title":{"rendered":"Grandes serres &#8211; Beaumes de Venise &#8211; Rocca Luna"},"content":{"rendered":"<p>Grandes serres &#8211; Beaumes de Venise &#8211; Rocca Luna est un Beaumes de Venise rouge compos\u00e9 de Grenache, Syrah et Mourv\u00e8dre. Les raisins sont \u00e9grapp\u00e9s apr\u00e8s les vendanges et sont laiss\u00e9s fermenter dans des cuves en acier \u00e0 temp\u00e9rature thermo-r\u00e9gul\u00e9e. D\u00e9lestage 1 \u00e0 3 fois au d\u00e9but de la fermentation. Longue mac\u00e9ration avec remontage r\u00e9guli\u00e8rement. Le vin finalis\u00e9 est \u00e9lev\u00e9 pendant 18 mois &#8211; dont 30% en f\u00fbts de ch\u00eane.<\/p>\n","protected":false},"excerpt":{"rendered":"<p>Rocca Luna est un\u00a0Beaumes de Venise cors\u00e9\u00a0du vignoble Grandes Serres. Le Grenache, la Syrah et le Mourv\u00e8dre, en partie \u00e9lev\u00e9 en\u00a0f\u00fbts de ch\u00eane, constituent la base de ce vin puissant de la vall\u00e9e du Rh\u00f4ne. Servir avec une longe de porc aux pruneaux!<\/p>\n","protected":false},"featured_media":130654,"comment_status":"open","ping_status":"closed","template":"","meta":{"_monsterinsights_skip_tracking":false,"_monsterinsights_sitenote_active":false,"_monsterinsights_sitenote_note":"","_monsterinsights_sitenote_category":0,"_uf_show_specific_survey":0,"_uf_disable_surveys":false},"product_brand":[],"product_cat":[36619,36586],"product_tag":[],"class_list":{"0":"post-121229","1":"product","2":"type-product","3":"status-publish","4":"has-post-thumbnail","6":"product_cat-fr-cotes-du-rhone","7":"product_cat-vins-francais","8":"pa_alcohol-degree-14-fr","9":"pa_classification-aop-beaumes-de-venise-fr","10":"pa_color-rouge-fr","11":"pa_country-france-fr","12":"pa_grape-variety-grenache-fr","13":"pa_grape-variety-mourvedre-fr","14":"pa_grape-variety-syrah-fr","15":"pa_region-vallee-du-rhone-fr","16":"pa_storage-potential-8-ans","17":"pa_vintage-2021-fr","18":"pa_volume-75-cl-fr","20":"first","21":"instock","22":"taxable","23":"shipping-taxable","24":"purchasable","25":"product-type-simple"},"bundled_by":[],"bundle_stock_status":"instock","bundle_stock_quantity":null,"bundle_virtual":false,"bundle_layout":"","bundle_add_to_cart_form_location":"","bundle_editable_in_cart":false,"bundle_sold_individually_context":"","bundle_item_grouping":"","bundle_min_size":"","bundle_max_size":"","bundle_price":[],"bundled_items":[],"bundle_sell_ids":[],"yoast_head":"<!-- This site is optimized with the Yoast SEO plugin v27.5 - https:\/\/yoast.com\/product\/yoast-seo-wordpress\/ -->\n<title>Grandes serres - Beaumes de Venise - Rocca Luna - IVINIO Caviste<\/title>\n<meta name=\"description\" content=\"Grandes serres - Beaumes de Venise - Rocca Luna. Un Beaumes de Venise cors\u00e9 du vignoble Grandes Serres. Le Grenache, la Syrah et le Mourv\u00e8dre, en partie \u00e9lev\u00e9 en f\u00fbts de ch\u00eane, constituent la base de ce vin puissant de la vall\u00e9e du Rh\u00f4ne.\" \/>\n<meta name=\"robots\" content=\"index, follow, max-snippet:-1, max-image-preview:large, max-video-preview:-1\" \/>\n<link rel=\"canonical\" href=\"https:\/\/www.ivinio.com\/fr\/produit\/grandes-serres-beaumes-de-venise-rocca-luna\/\" \/>\n<meta property=\"og:locale\" content=\"fr_FR\" \/>\n<meta property=\"og:type\" content=\"article\" \/>\n<meta property=\"og:title\" content=\"Grandes serres - Beaumes de Venise - Rocca Luna - IVINIO Caviste\" \/>\n<meta property=\"og:description\" content=\"Grandes serres - Beaumes de Venise - Rocca Luna. Un Beaumes de Venise cors\u00e9 du vignoble Grandes Serres. Le Grenache, la Syrah et le Mourv\u00e8dre, en partie \u00e9lev\u00e9 en f\u00fbts de ch\u00eane, constituent la base de ce vin puissant de la vall\u00e9e du Rh\u00f4ne.\" \/>\n<meta property=\"og:url\" content=\"https:\/\/www.ivinio.com\/fr\/produit\/grandes-serres-beaumes-de-venise-rocca-luna\/\" \/>\n<meta property=\"og:site_name\" content=\"IVINIO Caviste\" \/>\n<meta property=\"article:publisher\" content=\"https:\/\/www.facebook.com\/groups\/165217837022391\/?ref=bookmarks\" \/>\n<meta property=\"article:modified_time\" content=\"2023-01-31T17:57:48+00:00\" \/>\n<meta property=\"og:image\" content=\"https:\/\/www.ivinio.com\/wp-content\/uploads\/nc\/public\/modules\/file\/pictures\/6773.grandes-serres-rocca-luna-beaumes-de-venise-ivinio.jpg\" \/>\n\t<meta property=\"og:image:width\" content=\"500\" \/>\n\t<meta property=\"og:image:height\" content=\"500\" \/>\n\t<meta property=\"og:image:type\" content=\"image\/jpeg\" \/>\n<meta name=\"twitter:card\" content=\"summary_large_image\" \/>\n<script type=\"application\/ld+json\" class=\"yoast-schema-graph\">{\"@context\":\"https:\\\/\\\/schema.org\",\"@graph\":[{\"@type\":\"WebPage\",\"@id\":\"https:\\\/\\\/www.ivinio.com\\\/fr\\\/produit\\\/grandes-serres-beaumes-de-venise-rocca-luna\\\/\",\"url\":\"https:\\\/\\\/www.ivinio.com\\\/fr\\\/produit\\\/grandes-serres-beaumes-de-venise-rocca-luna\\\/\",\"name\":\"Grandes serres - Beaumes de Venise - Rocca Luna - IVINIO Caviste\",\"isPartOf\":{\"@id\":\"https:\\\/\\\/www.ivinio.com\\\/fr\\\/#website\"},\"primaryImageOfPage\":{\"@id\":\"https:\\\/\\\/www.ivinio.com\\\/fr\\\/produit\\\/grandes-serres-beaumes-de-venise-rocca-luna\\\/#primaryimage\"},\"image\":{\"@id\":\"https:\\\/\\\/www.ivinio.com\\\/fr\\\/produit\\\/grandes-serres-beaumes-de-venise-rocca-luna\\\/#primaryimage\"},\"thumbnailUrl\":\"https:\\\/\\\/www.ivinio.com\\\/wp-content\\\/uploads\\\/nc\\\/public\\\/modules\\\/file\\\/pictures\\\/6773.grandes-serres-rocca-luna-beaumes-de-venise-ivinio.jpg\",\"datePublished\":\"2018-09-05T19:45:46+00:00\",\"dateModified\":\"2023-01-31T17:57:48+00:00\",\"description\":\"Grandes serres - Beaumes de Venise - Rocca Luna. Un Beaumes de Venise cors\u00e9 du vignoble Grandes Serres. Le Grenache, la Syrah et le Mourv\u00e8dre, en partie \u00e9lev\u00e9 en f\u00fbts de ch\u00eane, constituent la base de ce vin puissant de la vall\u00e9e du Rh\u00f4ne.\",\"breadcrumb\":{\"@id\":\"https:\\\/\\\/www.ivinio.com\\\/fr\\\/produit\\\/grandes-serres-beaumes-de-venise-rocca-luna\\\/#breadcrumb\"},\"inLanguage\":\"fr-FR\",\"potentialAction\":[{\"@type\":\"ReadAction\",\"target\":[\"https:\\\/\\\/www.ivinio.com\\\/fr\\\/produit\\\/grandes-serres-beaumes-de-venise-rocca-luna\\\/\"]}]},{\"@type\":\"ImageObject\",\"inLanguage\":\"fr-FR\",\"@id\":\"https:\\\/\\\/www.ivinio.com\\\/fr\\\/produit\\\/grandes-serres-beaumes-de-venise-rocca-luna\\\/#primaryimage\",\"url\":\"https:\\\/\\\/www.ivinio.com\\\/wp-content\\\/uploads\\\/nc\\\/public\\\/modules\\\/file\\\/pictures\\\/6773.grandes-serres-rocca-luna-beaumes-de-venise-ivinio.jpg\",\"contentUrl\":\"https:\\\/\\\/www.ivinio.com\\\/wp-content\\\/uploads\\\/nc\\\/public\\\/modules\\\/file\\\/pictures\\\/6773.grandes-serres-rocca-luna-beaumes-de-venise-ivinio.jpg\",\"width\":500,\"height\":500,\"caption\":\"Grandes serres - Beaumes de Venise - Rocca Luna\"},{\"@type\":\"BreadcrumbList\",\"@id\":\"https:\\\/\\\/www.ivinio.com\\\/fr\\\/produit\\\/grandes-serres-beaumes-de-venise-rocca-luna\\\/#breadcrumb\",\"itemListElement\":[{\"@type\":\"ListItem\",\"position\":1,\"name\":\"Home\",\"item\":\"https:\\\/\\\/www.ivinio.com\\\/fr\\\/\"},{\"@type\":\"ListItem\",\"position\":2,\"name\":\"Boutique de vin\",\"item\":\"https:\\\/\\\/www.ivinio.com\\\/fr\\\/boutique-de-vin\\\/\"},{\"@type\":\"ListItem\",\"position\":3,\"name\":\"Grandes serres &#8211; Beaumes de Venise &#8211; Rocca Luna\"}]},{\"@type\":\"WebSite\",\"@id\":\"https:\\\/\\\/www.ivinio.com\\\/fr\\\/#website\",\"url\":\"https:\\\/\\\/www.ivinio.com\\\/fr\\\/\",\"name\":\"IVINIO Caviste\",\"description\":\"Vins de France et d&#039;Italie avec livraison \u00e0 domicile\",\"publisher\":{\"@id\":\"https:\\\/\\\/www.ivinio.com\\\/fr\\\/#organization\"},\"potentialAction\":[{\"@type\":\"SearchAction\",\"target\":{\"@type\":\"EntryPoint\",\"urlTemplate\":\"https:\\\/\\\/www.ivinio.com\\\/fr\\\/?s={search_term_string}\"},\"query-input\":{\"@type\":\"PropertyValueSpecification\",\"valueRequired\":true,\"valueName\":\"search_term_string\"}}],\"inLanguage\":\"fr-FR\"},{\"@type\":\"Organization\",\"@id\":\"https:\\\/\\\/www.ivinio.com\\\/fr\\\/#organization\",\"name\":\"IVINIO\",\"url\":\"https:\\\/\\\/www.ivinio.com\\\/fr\\\/\",\"logo\":{\"@type\":\"ImageObject\",\"inLanguage\":\"fr-FR\",\"@id\":\"https:\\\/\\\/www.ivinio.com\\\/fr\\\/#\\\/schema\\\/logo\\\/image\\\/\",\"url\":\"https:\\\/\\\/www.ivinio.com\\\/wp-content\\\/uploads\\\/2021\\\/01\\\/Logo-Ivinio-v2.jpg\",\"contentUrl\":\"https:\\\/\\\/www.ivinio.com\\\/wp-content\\\/uploads\\\/2021\\\/01\\\/Logo-Ivinio-v2.jpg\",\"width\":1194,\"height\":1194,\"caption\":\"IVINIO\"},\"image\":{\"@id\":\"https:\\\/\\\/www.ivinio.com\\\/fr\\\/#\\\/schema\\\/logo\\\/image\\\/\"},\"sameAs\":[\"https:\\\/\\\/www.facebook.com\\\/groups\\\/165217837022391\\\/?ref=bookmarks\",\"https:\\\/\\\/www.instagram.com\\\/_ivinio_\\\/?hl=fr\"]}]}<\/script>\n<!-- \/ Yoast SEO plugin. -->","yoast_head_json":{"title":"Grandes serres - Beaumes de Venise - Rocca Luna - IVINIO Caviste","description":"Grandes serres - Beaumes de Venise - Rocca Luna. Un Beaumes de Venise cors\u00e9 du vignoble Grandes Serres. Le Grenache, la Syrah et le Mourv\u00e8dre, en partie \u00e9lev\u00e9 en f\u00fbts de ch\u00eane, constituent la base de ce vin puissant de la vall\u00e9e du Rh\u00f4ne.","robots":{"index":"index","follow":"follow","max-snippet":"max-snippet:-1","max-image-preview":"max-image-preview:large","max-video-preview":"max-video-preview:-1"},"canonical":"https:\/\/www.ivinio.com\/fr\/produit\/grandes-serres-beaumes-de-venise-rocca-luna\/","og_locale":"fr_FR","og_type":"article","og_title":"Grandes serres - Beaumes de Venise - Rocca Luna - IVINIO Caviste","og_description":"Grandes serres - Beaumes de Venise - Rocca Luna. Un Beaumes de Venise cors\u00e9 du vignoble Grandes Serres. Le Grenache, la Syrah et le Mourv\u00e8dre, en partie \u00e9lev\u00e9 en f\u00fbts de ch\u00eane, constituent la base de ce vin puissant de la vall\u00e9e du Rh\u00f4ne.","og_url":"https:\/\/www.ivinio.com\/fr\/produit\/grandes-serres-beaumes-de-venise-rocca-luna\/","og_site_name":"IVINIO Caviste","article_publisher":"https:\/\/www.facebook.com\/groups\/165217837022391\/?ref=bookmarks","article_modified_time":"2023-01-31T17:57:48+00:00","og_image":[{"width":500,"height":500,"url":"https:\/\/www.ivinio.com\/wp-content\/uploads\/nc\/public\/modules\/file\/pictures\/6773.grandes-serres-rocca-luna-beaumes-de-venise-ivinio.jpg","type":"image\/jpeg"}],"twitter_card":"summary_large_image","schema":{"@context":"https:\/\/schema.org","@graph":[{"@type":"WebPage","@id":"https:\/\/www.ivinio.com\/fr\/produit\/grandes-serres-beaumes-de-venise-rocca-luna\/","url":"https:\/\/www.ivinio.com\/fr\/produit\/grandes-serres-beaumes-de-venise-rocca-luna\/","name":"Grandes serres - Beaumes de Venise - Rocca Luna - IVINIO Caviste","isPartOf":{"@id":"https:\/\/www.ivinio.com\/fr\/#website"},"primaryImageOfPage":{"@id":"https:\/\/www.ivinio.com\/fr\/produit\/grandes-serres-beaumes-de-venise-rocca-luna\/#primaryimage"},"image":{"@id":"https:\/\/www.ivinio.com\/fr\/produit\/grandes-serres-beaumes-de-venise-rocca-luna\/#primaryimage"},"thumbnailUrl":"https:\/\/www.ivinio.com\/wp-content\/uploads\/nc\/public\/modules\/file\/pictures\/6773.grandes-serres-rocca-luna-beaumes-de-venise-ivinio.jpg","datePublished":"2018-09-05T19:45:46+00:00","dateModified":"2023-01-31T17:57:48+00:00","description":"Grandes serres - Beaumes de Venise - Rocca Luna. Un Beaumes de Venise cors\u00e9 du vignoble Grandes Serres. Le Grenache, la Syrah et le Mourv\u00e8dre, en partie \u00e9lev\u00e9 en f\u00fbts de ch\u00eane, constituent la base de ce vin puissant de la vall\u00e9e du Rh\u00f4ne.","breadcrumb":{"@id":"https:\/\/www.ivinio.com\/fr\/produit\/grandes-serres-beaumes-de-venise-rocca-luna\/#breadcrumb"},"inLanguage":"fr-FR","potentialAction":[{"@type":"ReadAction","target":["https:\/\/www.ivinio.com\/fr\/produit\/grandes-serres-beaumes-de-venise-rocca-luna\/"]}]},{"@type":"ImageObject","inLanguage":"fr-FR","@id":"https:\/\/www.ivinio.com\/fr\/produit\/grandes-serres-beaumes-de-venise-rocca-luna\/#primaryimage","url":"https:\/\/www.ivinio.com\/wp-content\/uploads\/nc\/public\/modules\/file\/pictures\/6773.grandes-serres-rocca-luna-beaumes-de-venise-ivinio.jpg","contentUrl":"https:\/\/www.ivinio.com\/wp-content\/uploads\/nc\/public\/modules\/file\/pictures\/6773.grandes-serres-rocca-luna-beaumes-de-venise-ivinio.jpg","width":500,"height":500,"caption":"Grandes serres - Beaumes de Venise - Rocca Luna"},{"@type":"BreadcrumbList","@id":"https:\/\/www.ivinio.com\/fr\/produit\/grandes-serres-beaumes-de-venise-rocca-luna\/#breadcrumb","itemListElement":[{"@type":"ListItem","position":1,"name":"Home","item":"https:\/\/www.ivinio.com\/fr\/"},{"@type":"ListItem","position":2,"name":"Boutique de vin","item":"https:\/\/www.ivinio.com\/fr\/boutique-de-vin\/"},{"@type":"ListItem","position":3,"name":"Grandes serres &#8211; Beaumes de Venise &#8211; Rocca Luna"}]},{"@type":"WebSite","@id":"https:\/\/www.ivinio.com\/fr\/#website","url":"https:\/\/www.ivinio.com\/fr\/","name":"IVINIO Caviste","description":"Vins de France et d&#039;Italie avec livraison \u00e0 domicile","publisher":{"@id":"https:\/\/www.ivinio.com\/fr\/#organization"},"potentialAction":[{"@type":"SearchAction","target":{"@type":"EntryPoint","urlTemplate":"https:\/\/www.ivinio.com\/fr\/?s={search_term_string}"},"query-input":{"@type":"PropertyValueSpecification","valueRequired":true,"valueName":"search_term_string"}}],"inLanguage":"fr-FR"},{"@type":"Organization","@id":"https:\/\/www.ivinio.com\/fr\/#organization","name":"IVINIO","url":"https:\/\/www.ivinio.com\/fr\/","logo":{"@type":"ImageObject","inLanguage":"fr-FR","@id":"https:\/\/www.ivinio.com\/fr\/#\/schema\/logo\/image\/","url":"https:\/\/www.ivinio.com\/wp-content\/uploads\/2021\/01\/Logo-Ivinio-v2.jpg","contentUrl":"https:\/\/www.ivinio.com\/wp-content\/uploads\/2021\/01\/Logo-Ivinio-v2.jpg","width":1194,"height":1194,"caption":"IVINIO"},"image":{"@id":"https:\/\/www.ivinio.com\/fr\/#\/schema\/logo\/image\/"},"sameAs":["https:\/\/www.facebook.com\/groups\/165217837022391\/?ref=bookmarks","https:\/\/www.instagram.com\/_ivinio_\/?hl=fr"]}]}},"jetpack_sharing_enabled":true,"_links":{"self":[{"href":"https:\/\/www.ivinio.com\/fr\/wp-json\/wp\/v2\/product\/121229","targetHints":{"allow":["GET"]}}],"collection":[{"href":"https:\/\/www.ivinio.com\/fr\/wp-json\/wp\/v2\/product"}],"about":[{"href":"https:\/\/www.ivinio.com\/fr\/wp-json\/wp\/v2\/types\/product"}],"replies":[{"embeddable":true,"href":"https:\/\/www.ivinio.com\/fr\/wp-json\/wp\/v2\/comments?post=121229"}],"wp:featuredmedia":[{"embeddable":true,"href":"https:\/\/www.ivinio.com\/fr\/wp-json\/wp\/v2\/media\/130654"}],"wp:attachment":[{"href":"https:\/\/www.ivinio.com\/fr\/wp-json\/wp\/v2\/media?parent=121229"}],"wp:term":[{"taxonomy":"product_brand","embeddable":true,"href":"https:\/\/www.ivinio.com\/fr\/wp-json\/wp\/v2\/product_brand?post=121229"},{"taxonomy":"product_cat","embeddable":true,"href":"https:\/\/www.ivinio.com\/fr\/wp-json\/wp\/v2\/product_cat?post=121229"},{"taxonomy":"product_tag","embeddable":true,"href":"https:\/\/www.ivinio.com\/fr\/wp-json\/wp\/v2\/product_tag?post=121229"}],"curies":[{"name":"wp","href":"https:\/\/api.w.org\/{rel}","templated":true}]}}