{"id":121211,"date":"2016-07-12T14:21:01","date_gmt":"2016-07-12T14:21:01","guid":{"rendered":"https:\/\/henrik.www.ivinio.com\/?product=camille-cayran-cotes-du-rhone-sans-sulfites-ajoutes-rouge"},"modified":"2025-01-15T17:58:26","modified_gmt":"2025-01-15T16:58:26","slug":"camille-cayran-cotes-du-rhone-sans-sulfites-ajoutes-rouge","status":"publish","type":"product","link":"https:\/\/www.ivinio.com\/fr\/produit\/camille-cayran-cotes-du-rhone-sans-sulfites-ajoutes-rouge\/","title":{"rendered":"Camille Cayran &#8211; C\u00f4tes-du-Rh\u00f4ne &#8211; &#8220;Sans sulfites ajout\u00e9s&#8221; &#8211; Rouge"},"content":{"rendered":"<p>C\u00f4tes-du-Rh\u00f4ne &#8220;Sans sulfites ajout\u00e9s&#8221; par Camille Cayran est compos\u00e9 de Grenache et Carignan. Le Grenache pour le fruit et c\u00f4t\u00e9\u00a0sapide\u00a0et le Carignan pour sses notes de fruits m\u00fbres. Le vin est produit selon la m\u00e9thode traditionnelle, mais sans addition de sulfites. Le vin doit donc \u00eatre gard\u00e9 au\u00a0frais et ne convient pas \u00e0 de longue garde !<\/p>\n","protected":false},"excerpt":{"rendered":"<p>C\u00f4tes-du-Rh\u00f4ne &#8220;Sans sulfites ajout\u00e9s&#8221; de Camille Cayran est un vin rouge nature\u00a0sans addition de sulfites. Un C\u00f4tes-du-Rh\u00f4ne typique au caract\u00e8re rond et fruit\u00e9, avec des touches l\u00e9g\u00e8rement sucr\u00e9es. Servir \u00e0 toutes les occasions, en particulier avec les viandes grill\u00e9es!<\/p>\n","protected":false},"featured_media":121214,"comment_status":"open","ping_status":"closed","template":"","meta":{"_monsterinsights_skip_tracking":false,"_monsterinsights_sitenote_active":false,"_monsterinsights_sitenote_note":"","_monsterinsights_sitenote_category":0,"_uf_show_specific_survey":0,"_uf_disable_surveys":false},"product_brand":[],"product_cat":[36619,36586],"product_tag":[],"class_list":{"0":"post-121211","1":"product","2":"type-product","3":"status-publish","4":"has-post-thumbnail","6":"product_cat-fr-cotes-du-rhone","7":"product_cat-vins-francais","8":"pa_alcohol-degree-145-fr","9":"pa_classification-aop-cotes-du-rhone-fr","10":"pa_color-rouge-fr","11":"pa_country-france-fr","12":"pa_grape-variety-carignan-fr","13":"pa_grape-variety-grenache-fr","14":"pa_region-vallee-du-rhone-fr","15":"pa_storage-potential-4-ans-fr","16":"pa_vintage-2023-fr","17":"pa_volume-75-cl-fr","19":"first","20":"instock","21":"taxable","22":"shipping-taxable","23":"purchasable","24":"product-type-simple"},"bundled_by":["121219"],"bundle_stock_status":"instock","bundle_stock_quantity":null,"bundle_virtual":false,"bundle_layout":"","bundle_add_to_cart_form_location":"","bundle_editable_in_cart":false,"bundle_sold_individually_context":"","bundle_item_grouping":"","bundle_min_size":"","bundle_max_size":"","bundle_price":[],"bundled_items":[],"bundle_sell_ids":[],"yoast_head":"<!-- This site is optimized with the Yoast SEO plugin v27.3 - https:\/\/yoast.com\/product\/yoast-seo-wordpress\/ -->\n<title>Camille Cayran - C\u00f4tes-du-Rh\u00f4ne - &quot;Sans sulfites ajout\u00e9s&quot; - Rouge<\/title>\n<meta name=\"description\" content=\"Camille Cayran - C\u00f4tes-du-Rh\u00f4ne - &quot;Sans sulfites ajout\u00e9s&quot; - Rouge nature sans addition de sulfites. Un C\u00f4tes-du-Rh\u00f4ne typique au caract\u00e8re rond et fruit\u00e9.\" \/>\n<meta name=\"robots\" content=\"index, follow, max-snippet:-1, max-image-preview:large, max-video-preview:-1\" \/>\n<link rel=\"canonical\" href=\"https:\/\/www.ivinio.com\/fr\/produit\/camille-cayran-cotes-du-rhone-sans-sulfites-ajoutes-rouge\/\" \/>\n<meta property=\"og:locale\" content=\"fr_FR\" \/>\n<meta property=\"og:type\" content=\"article\" \/>\n<meta property=\"og:title\" content=\"Camille Cayran - C\u00f4tes-du-Rh\u00f4ne - &quot;Sans sulfites ajout\u00e9s&quot; - Rouge\" \/>\n<meta property=\"og:description\" content=\"Camille Cayran - C\u00f4tes-du-Rh\u00f4ne - &quot;Sans sulfites ajout\u00e9s&quot; - Rouge nature sans addition de sulfites. Un C\u00f4tes-du-Rh\u00f4ne typique au caract\u00e8re rond et fruit\u00e9.\" \/>\n<meta property=\"og:url\" content=\"https:\/\/www.ivinio.com\/fr\/produit\/camille-cayran-cotes-du-rhone-sans-sulfites-ajoutes-rouge\/\" \/>\n<meta property=\"og:site_name\" content=\"IVINIO Caviste\" \/>\n<meta property=\"article:publisher\" content=\"https:\/\/www.facebook.com\/groups\/165217837022391\/?ref=bookmarks\" \/>\n<meta property=\"article:modified_time\" content=\"2025-01-15T16:58:26+00:00\" \/>\n<meta property=\"og:image\" content=\"https:\/\/www.ivinio.com\/wp-content\/uploads\/nc\/public\/modules\/file\/pictures\/6767.Camille-Cayran-C-tes-du-Rh-ne-sans-sulfites-ajout-s.jpg\" \/>\n\t<meta property=\"og:image:width\" content=\"500\" \/>\n\t<meta property=\"og:image:height\" content=\"500\" \/>\n\t<meta property=\"og:image:type\" content=\"image\/jpeg\" \/>\n<meta name=\"twitter:card\" content=\"summary_large_image\" \/>\n<meta name=\"twitter:label1\" content=\"Dur\u00e9e de lecture estim\u00e9e\" \/>\n\t<meta name=\"twitter:data1\" content=\"1 minute\" \/>\n<script type=\"application\/ld+json\" class=\"yoast-schema-graph\">{\"@context\":\"https:\\\/\\\/schema.org\",\"@graph\":[{\"@type\":\"WebPage\",\"@id\":\"https:\\\/\\\/www.ivinio.com\\\/fr\\\/produit\\\/camille-cayran-cotes-du-rhone-sans-sulfites-ajoutes-rouge\\\/\",\"url\":\"https:\\\/\\\/www.ivinio.com\\\/fr\\\/produit\\\/camille-cayran-cotes-du-rhone-sans-sulfites-ajoutes-rouge\\\/\",\"name\":\"Camille Cayran - C\u00f4tes-du-Rh\u00f4ne - \\\"Sans sulfites ajout\u00e9s\\\" - Rouge\",\"isPartOf\":{\"@id\":\"https:\\\/\\\/www.ivinio.com\\\/fr\\\/#website\"},\"primaryImageOfPage\":{\"@id\":\"https:\\\/\\\/www.ivinio.com\\\/fr\\\/produit\\\/camille-cayran-cotes-du-rhone-sans-sulfites-ajoutes-rouge\\\/#primaryimage\"},\"image\":{\"@id\":\"https:\\\/\\\/www.ivinio.com\\\/fr\\\/produit\\\/camille-cayran-cotes-du-rhone-sans-sulfites-ajoutes-rouge\\\/#primaryimage\"},\"thumbnailUrl\":\"https:\\\/\\\/www.ivinio.com\\\/wp-content\\\/uploads\\\/nc\\\/public\\\/modules\\\/file\\\/pictures\\\/6767.Camille-Cayran-C-tes-du-Rh-ne-sans-sulfites-ajout-s.jpg\",\"datePublished\":\"2016-07-12T14:21:01+00:00\",\"dateModified\":\"2025-01-15T16:58:26+00:00\",\"description\":\"Camille Cayran - C\u00f4tes-du-Rh\u00f4ne - \\\"Sans sulfites ajout\u00e9s\\\" - Rouge nature sans addition de sulfites. Un C\u00f4tes-du-Rh\u00f4ne typique au caract\u00e8re rond et fruit\u00e9.\",\"breadcrumb\":{\"@id\":\"https:\\\/\\\/www.ivinio.com\\\/fr\\\/produit\\\/camille-cayran-cotes-du-rhone-sans-sulfites-ajoutes-rouge\\\/#breadcrumb\"},\"inLanguage\":\"fr-FR\",\"potentialAction\":[{\"@type\":\"ReadAction\",\"target\":[\"https:\\\/\\\/www.ivinio.com\\\/fr\\\/produit\\\/camille-cayran-cotes-du-rhone-sans-sulfites-ajoutes-rouge\\\/\"]}]},{\"@type\":\"ImageObject\",\"inLanguage\":\"fr-FR\",\"@id\":\"https:\\\/\\\/www.ivinio.com\\\/fr\\\/produit\\\/camille-cayran-cotes-du-rhone-sans-sulfites-ajoutes-rouge\\\/#primaryimage\",\"url\":\"https:\\\/\\\/www.ivinio.com\\\/wp-content\\\/uploads\\\/nc\\\/public\\\/modules\\\/file\\\/pictures\\\/6767.Camille-Cayran-C-tes-du-Rh-ne-sans-sulfites-ajout-s.jpg\",\"contentUrl\":\"https:\\\/\\\/www.ivinio.com\\\/wp-content\\\/uploads\\\/nc\\\/public\\\/modules\\\/file\\\/pictures\\\/6767.Camille-Cayran-C-tes-du-Rh-ne-sans-sulfites-ajout-s.jpg\",\"width\":500,\"height\":500,\"caption\":\"Camille Cayran - C\u00f4tes-du-Rh\u00f4ne - \\\"Sans sulfites ajout\u00e9s\\\"\"},{\"@type\":\"BreadcrumbList\",\"@id\":\"https:\\\/\\\/www.ivinio.com\\\/fr\\\/produit\\\/camille-cayran-cotes-du-rhone-sans-sulfites-ajoutes-rouge\\\/#breadcrumb\",\"itemListElement\":[{\"@type\":\"ListItem\",\"position\":1,\"name\":\"Home\",\"item\":\"https:\\\/\\\/www.ivinio.com\\\/fr\\\/\"},{\"@type\":\"ListItem\",\"position\":2,\"name\":\"Boutique de vin\",\"item\":\"https:\\\/\\\/www.ivinio.com\\\/fr\\\/boutique-de-vin\\\/\"},{\"@type\":\"ListItem\",\"position\":3,\"name\":\"Camille Cayran &#8211; C\u00f4tes-du-Rh\u00f4ne &#8211; &#8220;Sans sulfites ajout\u00e9s&#8221; &#8211; Rouge\"}]},{\"@type\":\"WebSite\",\"@id\":\"https:\\\/\\\/www.ivinio.com\\\/fr\\\/#website\",\"url\":\"https:\\\/\\\/www.ivinio.com\\\/fr\\\/\",\"name\":\"IVINIO Caviste\",\"description\":\"Vins de France et d&#039;Italie avec livraison \u00e0 domicile\",\"publisher\":{\"@id\":\"https:\\\/\\\/www.ivinio.com\\\/fr\\\/#organization\"},\"potentialAction\":[{\"@type\":\"SearchAction\",\"target\":{\"@type\":\"EntryPoint\",\"urlTemplate\":\"https:\\\/\\\/www.ivinio.com\\\/fr\\\/?s={search_term_string}\"},\"query-input\":{\"@type\":\"PropertyValueSpecification\",\"valueRequired\":true,\"valueName\":\"search_term_string\"}}],\"inLanguage\":\"fr-FR\"},{\"@type\":\"Organization\",\"@id\":\"https:\\\/\\\/www.ivinio.com\\\/fr\\\/#organization\",\"name\":\"IVINIO\",\"url\":\"https:\\\/\\\/www.ivinio.com\\\/fr\\\/\",\"logo\":{\"@type\":\"ImageObject\",\"inLanguage\":\"fr-FR\",\"@id\":\"https:\\\/\\\/www.ivinio.com\\\/fr\\\/#\\\/schema\\\/logo\\\/image\\\/\",\"url\":\"https:\\\/\\\/www.ivinio.com\\\/wp-content\\\/uploads\\\/2021\\\/01\\\/Logo-Ivinio-v2.jpg\",\"contentUrl\":\"https:\\\/\\\/www.ivinio.com\\\/wp-content\\\/uploads\\\/2021\\\/01\\\/Logo-Ivinio-v2.jpg\",\"width\":1194,\"height\":1194,\"caption\":\"IVINIO\"},\"image\":{\"@id\":\"https:\\\/\\\/www.ivinio.com\\\/fr\\\/#\\\/schema\\\/logo\\\/image\\\/\"},\"sameAs\":[\"https:\\\/\\\/www.facebook.com\\\/groups\\\/165217837022391\\\/?ref=bookmarks\",\"https:\\\/\\\/www.instagram.com\\\/_ivinio_\\\/?hl=fr\"]}]}<\/script>\n<!-- \/ Yoast SEO plugin. -->","yoast_head_json":{"title":"Camille Cayran - C\u00f4tes-du-Rh\u00f4ne - \"Sans sulfites ajout\u00e9s\" - Rouge","description":"Camille Cayran - C\u00f4tes-du-Rh\u00f4ne - \"Sans sulfites ajout\u00e9s\" - Rouge nature sans addition de sulfites. Un C\u00f4tes-du-Rh\u00f4ne typique au caract\u00e8re rond et fruit\u00e9.","robots":{"index":"index","follow":"follow","max-snippet":"max-snippet:-1","max-image-preview":"max-image-preview:large","max-video-preview":"max-video-preview:-1"},"canonical":"https:\/\/www.ivinio.com\/fr\/produit\/camille-cayran-cotes-du-rhone-sans-sulfites-ajoutes-rouge\/","og_locale":"fr_FR","og_type":"article","og_title":"Camille Cayran - C\u00f4tes-du-Rh\u00f4ne - \"Sans sulfites ajout\u00e9s\" - Rouge","og_description":"Camille Cayran - C\u00f4tes-du-Rh\u00f4ne - \"Sans sulfites ajout\u00e9s\" - Rouge nature sans addition de sulfites. Un C\u00f4tes-du-Rh\u00f4ne typique au caract\u00e8re rond et fruit\u00e9.","og_url":"https:\/\/www.ivinio.com\/fr\/produit\/camille-cayran-cotes-du-rhone-sans-sulfites-ajoutes-rouge\/","og_site_name":"IVINIO Caviste","article_publisher":"https:\/\/www.facebook.com\/groups\/165217837022391\/?ref=bookmarks","article_modified_time":"2025-01-15T16:58:26+00:00","og_image":[{"width":500,"height":500,"url":"https:\/\/www.ivinio.com\/wp-content\/uploads\/nc\/public\/modules\/file\/pictures\/6767.Camille-Cayran-C-tes-du-Rh-ne-sans-sulfites-ajout-s.jpg","type":"image\/jpeg"}],"twitter_card":"summary_large_image","twitter_misc":{"Dur\u00e9e de lecture estim\u00e9e":"1 minute"},"schema":{"@context":"https:\/\/schema.org","@graph":[{"@type":"WebPage","@id":"https:\/\/www.ivinio.com\/fr\/produit\/camille-cayran-cotes-du-rhone-sans-sulfites-ajoutes-rouge\/","url":"https:\/\/www.ivinio.com\/fr\/produit\/camille-cayran-cotes-du-rhone-sans-sulfites-ajoutes-rouge\/","name":"Camille Cayran - C\u00f4tes-du-Rh\u00f4ne - \"Sans sulfites ajout\u00e9s\" - Rouge","isPartOf":{"@id":"https:\/\/www.ivinio.com\/fr\/#website"},"primaryImageOfPage":{"@id":"https:\/\/www.ivinio.com\/fr\/produit\/camille-cayran-cotes-du-rhone-sans-sulfites-ajoutes-rouge\/#primaryimage"},"image":{"@id":"https:\/\/www.ivinio.com\/fr\/produit\/camille-cayran-cotes-du-rhone-sans-sulfites-ajoutes-rouge\/#primaryimage"},"thumbnailUrl":"https:\/\/www.ivinio.com\/wp-content\/uploads\/nc\/public\/modules\/file\/pictures\/6767.Camille-Cayran-C-tes-du-Rh-ne-sans-sulfites-ajout-s.jpg","datePublished":"2016-07-12T14:21:01+00:00","dateModified":"2025-01-15T16:58:26+00:00","description":"Camille Cayran - C\u00f4tes-du-Rh\u00f4ne - \"Sans sulfites ajout\u00e9s\" - Rouge nature sans addition de sulfites. Un C\u00f4tes-du-Rh\u00f4ne typique au caract\u00e8re rond et fruit\u00e9.","breadcrumb":{"@id":"https:\/\/www.ivinio.com\/fr\/produit\/camille-cayran-cotes-du-rhone-sans-sulfites-ajoutes-rouge\/#breadcrumb"},"inLanguage":"fr-FR","potentialAction":[{"@type":"ReadAction","target":["https:\/\/www.ivinio.com\/fr\/produit\/camille-cayran-cotes-du-rhone-sans-sulfites-ajoutes-rouge\/"]}]},{"@type":"ImageObject","inLanguage":"fr-FR","@id":"https:\/\/www.ivinio.com\/fr\/produit\/camille-cayran-cotes-du-rhone-sans-sulfites-ajoutes-rouge\/#primaryimage","url":"https:\/\/www.ivinio.com\/wp-content\/uploads\/nc\/public\/modules\/file\/pictures\/6767.Camille-Cayran-C-tes-du-Rh-ne-sans-sulfites-ajout-s.jpg","contentUrl":"https:\/\/www.ivinio.com\/wp-content\/uploads\/nc\/public\/modules\/file\/pictures\/6767.Camille-Cayran-C-tes-du-Rh-ne-sans-sulfites-ajout-s.jpg","width":500,"height":500,"caption":"Camille Cayran - C\u00f4tes-du-Rh\u00f4ne - \"Sans sulfites ajout\u00e9s\""},{"@type":"BreadcrumbList","@id":"https:\/\/www.ivinio.com\/fr\/produit\/camille-cayran-cotes-du-rhone-sans-sulfites-ajoutes-rouge\/#breadcrumb","itemListElement":[{"@type":"ListItem","position":1,"name":"Home","item":"https:\/\/www.ivinio.com\/fr\/"},{"@type":"ListItem","position":2,"name":"Boutique de vin","item":"https:\/\/www.ivinio.com\/fr\/boutique-de-vin\/"},{"@type":"ListItem","position":3,"name":"Camille Cayran &#8211; C\u00f4tes-du-Rh\u00f4ne &#8211; &#8220;Sans sulfites ajout\u00e9s&#8221; &#8211; Rouge"}]},{"@type":"WebSite","@id":"https:\/\/www.ivinio.com\/fr\/#website","url":"https:\/\/www.ivinio.com\/fr\/","name":"IVINIO Caviste","description":"Vins de France et d&#039;Italie avec livraison \u00e0 domicile","publisher":{"@id":"https:\/\/www.ivinio.com\/fr\/#organization"},"potentialAction":[{"@type":"SearchAction","target":{"@type":"EntryPoint","urlTemplate":"https:\/\/www.ivinio.com\/fr\/?s={search_term_string}"},"query-input":{"@type":"PropertyValueSpecification","valueRequired":true,"valueName":"search_term_string"}}],"inLanguage":"fr-FR"},{"@type":"Organization","@id":"https:\/\/www.ivinio.com\/fr\/#organization","name":"IVINIO","url":"https:\/\/www.ivinio.com\/fr\/","logo":{"@type":"ImageObject","inLanguage":"fr-FR","@id":"https:\/\/www.ivinio.com\/fr\/#\/schema\/logo\/image\/","url":"https:\/\/www.ivinio.com\/wp-content\/uploads\/2021\/01\/Logo-Ivinio-v2.jpg","contentUrl":"https:\/\/www.ivinio.com\/wp-content\/uploads\/2021\/01\/Logo-Ivinio-v2.jpg","width":1194,"height":1194,"caption":"IVINIO"},"image":{"@id":"https:\/\/www.ivinio.com\/fr\/#\/schema\/logo\/image\/"},"sameAs":["https:\/\/www.facebook.com\/groups\/165217837022391\/?ref=bookmarks","https:\/\/www.instagram.com\/_ivinio_\/?hl=fr"]}]}},"jetpack_sharing_enabled":true,"_links":{"self":[{"href":"https:\/\/www.ivinio.com\/fr\/wp-json\/wp\/v2\/product\/121211","targetHints":{"allow":["GET"]}}],"collection":[{"href":"https:\/\/www.ivinio.com\/fr\/wp-json\/wp\/v2\/product"}],"about":[{"href":"https:\/\/www.ivinio.com\/fr\/wp-json\/wp\/v2\/types\/product"}],"replies":[{"embeddable":true,"href":"https:\/\/www.ivinio.com\/fr\/wp-json\/wp\/v2\/comments?post=121211"}],"wp:featuredmedia":[{"embeddable":true,"href":"https:\/\/www.ivinio.com\/fr\/wp-json\/wp\/v2\/media\/121214"}],"wp:attachment":[{"href":"https:\/\/www.ivinio.com\/fr\/wp-json\/wp\/v2\/media?parent=121211"}],"wp:term":[{"taxonomy":"product_brand","embeddable":true,"href":"https:\/\/www.ivinio.com\/fr\/wp-json\/wp\/v2\/product_brand?post=121211"},{"taxonomy":"product_cat","embeddable":true,"href":"https:\/\/www.ivinio.com\/fr\/wp-json\/wp\/v2\/product_cat?post=121211"},{"taxonomy":"product_tag","embeddable":true,"href":"https:\/\/www.ivinio.com\/fr\/wp-json\/wp\/v2\/product_tag?post=121211"}],"curies":[{"name":"wp","href":"https:\/\/api.w.org\/{rel}","templated":true}]}}